{"id":120513,"date":"2020-07-07T11:58:36","date_gmt":"2020-07-07T09:58:36","guid":{"rendered":"https:\/\/dutchhealthstore.com\/product\/magnolia-leaf-essential-oil\/"},"modified":"2024-11-25T23:21:38","modified_gmt":"2024-11-25T22:21:38","slug":"magnolia-leaf-essential-oil","status":"publish","type":"product","link":"https:\/\/dutchhealthstore.com\/de\/product\/magnolia-leaf-essential-oil\/","title":{"rendered":"Magnolia Leaf Essential Oil"},"content":{"rendered":"<p><strong><img decoding=\"async\" class=\"size-full wp-image-69549 alignright\" src=\"https:\/\/dutchhealthstore.com\/wp-content\/uploads\/2019\/08\/NEW-Living-Libations-Logo.jpg\" alt=\"NEW - Living Libations - Logo\" width=\"175\" height=\"82\">Botanischer Name:<\/strong> Michelia alba<br \/>\n<strong>Botanische Familie:<\/strong> Magnoliaceae<br \/>\n<strong>Extraktionsverfahren:<\/strong> Dampfdestilliert<br \/>\n<strong>Teil der Pflanze Destilliert:<\/strong> Bl\u00e4tter<br \/>\n<strong>Herkunftsland:<\/strong> Indien<br \/>\n<strong>Anbaumethode:<\/strong> Wildwachsend<br \/>\n<strong>Zusammensetzung:<\/strong> 100% Michelia alba<br \/>\n<strong>Konsistenz:<\/strong> D\u00fcnn<\/p>\n<h3>Beschreibung des Duftes<\/h3>\n<p>S\u00fc\u00dfe Feigen und Bergamotte mit einem Hauch von gr\u00fcnem Holz und Myrte.<\/p>\n<h3>Gut mischbar mit<\/h3>\n<p>Magnolienbl\u00fcten, Bergamotte, Blutorange, Douglasie, Zitrone, Zitronenmyrte, Ylang, Rose, Vetiver, Zitronenverbene, Grapefruit, Gro\u00dfe Tanne, Ysop, Geranie und Weihrauch.<\/p>\n<a href=\"https:\/\/dutchhealthstore.com\/wp-content\/uploads\/2020\/07\/ANALYSIS-Magnolia-Leaf-Essential-Oil-Living-Libations-3.pdf\" class=\"button primary is-primary is-small\"  >\n\t\t<span>ANALYSE DER \u00c4THERISCHEN \u00d6LE &gt;<\/span>\n\t<\/a>\n\n<h3>Verwendet<\/h3>\n<p>Ausgezeichneter Weichmacher f\u00fcr trockene, raue Haut. Super feuchtigkeitsspendend. Verliebtes Aroma f\u00fcr B\u00e4der, Diffusionen und Aufg\u00fcsse in Massage\u00f6len. Akzentuiert Parfums und K\u00f6lnischwasser mit \u00fcppigen gr\u00fcnen Noten.<\/p>\n<p>Majest\u00e4tisches Magnolia Leaf Essential Oil macht sich das uralte Wunder des Champa-Baums zunutze. Diese liebliche Blatt-Essenz wird dampfdestilliert, um die nat\u00fcrlichen Nuancen dieses verehrten Laubes einzufangen. Im Gegensatz zum s\u00fc\u00dfen, freesienartigen Duft der Magnolienbl\u00fcte verstr\u00f6mt das Magnolienblatt ein gr\u00fcneres, holzigeres und komplexeres Aroma.<\/p>\n<p>Das Blatt des Magnolienbaums kann besonders gut zur St\u00e4rkung strapazierter Haut beitragen und wird in Sch\u00f6nheitsprodukten oft als Behandlung f\u00fcr die Augenpartie verwendet.<\/p>\n<p>Atmen Sie die Molek\u00fcle der Magnolie ein, die ein Gef\u00fchl des Friedens und des Wohlbefindens vermitteln, w\u00e4hrend die inspirierenden amour\u00f6sen Qualit\u00e4ten dieses Blattes das Selbstvertrauen st\u00e4rken. Dieses \u00d6l regt nicht nur die Liebe zu anderen an, sondern f\u00f6rdert auch die Selbstliebe und hilft denjenigen, die es verwenden, die reiche Tiefe ihrer inneren Welt zu sehen und zu erfahren.<\/p>\n<p>Genie\u00dfen Sie das Heilige im Allt\u00e4glichen mit Magnolia Leaf Essential Oil, einem treuen Anh\u00e4nger der Selbstliebe, des Selbstausdrucks und des inspirierten Wohlbefindens.<\/p>\n<p><strong>Gr\u00f6\u00dfe: 5 ml und 15 ml<\/strong><\/p>\n<h3>Bio-Zutaten<\/h3>\n<p>100% \u00e4therisches \u00d6l aus Magnolienbl\u00e4ttern (Michelia alba).<\/p>\n<p style=\"text-align: center;\"><em>&#8222;Er erz\u00e4hlte von der Magnolie, die sich hoch wie eine Wolke ausbreitet, hoch \u00fcber dem Kopf! Von der Zypresse und ihrer Spitze; von Blumen, die mit einem scharlachroten Schimmer hundert Meilen bedecken und die H\u00fcgel in Brand zu setzen scheinen.&#8220;<\/em><br \/>\n~ William Wordsworth<\/p>\n<p style=\"text-align: center;\"><em>&#8222;Champaca ist ein immergr\u00fcner Baum, der in Asien beheimatet ist. Der Baum wird bis zu 65 Fu\u00df hoch, hat lange, gl\u00e4nzend gr\u00fcne Bl\u00e4tter und kleine, duftende wei\u00dfe, gelbe oder rote Bl\u00fcten, aus denen sich gelb-gr\u00fcne Fr\u00fcchte entwickeln.&#8220;<\/em><br \/>\n~ Carol Schiller and David Schiller, <strong>The Aromatherapy Encyclopedia<\/strong><\/p>\n<p><img fetchpriority=\"high\" decoding=\"async\" class=\"size-medium wp-image-68103 aligncenter\" src=\"https:\/\/dutchhealthstore.com\/wp-content\/uploads\/2018\/02\/Living-Libations-Organic-Logo-800x89.png\" alt=\"Living Libations - Organic Logo\" width=\"800\" height=\"89\" srcset=\"https:\/\/dutchhealthstore.com\/wp-content\/uploads\/2018\/02\/Living-Libations-Organic-Logo-800x89.png 800w, https:\/\/dutchhealthstore.com\/wp-content\/uploads\/2018\/02\/Living-Libations-Organic-Logo-510x57.png 510w, https:\/\/dutchhealthstore.com\/wp-content\/uploads\/2018\/02\/Living-Libations-Organic-Logo-768x85.png 768w, https:\/\/dutchhealthstore.com\/wp-content\/uploads\/2018\/02\/Living-Libations-Organic-Logo.png 1400w\" sizes=\"(max-width: 800px) 100vw, 800px\" \/><\/p>\n","protected":false},"excerpt":{"rendered":"<p><strong>Magnolia Leaf Essential Oil<\/strong> enth\u00e4lt die reinen Pflanzenkr\u00e4fte einer Baumart, die vor etwa 95 Millionen Jahren entstanden ist.<br \/>\nDiese uralte Sch\u00f6nheit fasziniert seit Jahrtausenden mit ihren gl\u00e4nzenden, kr\u00e4ftigen Bl\u00e4ttern, ihren bet\u00f6renden Bl\u00fcten und ihrem bet\u00f6renden Duft.<br \/>\nDer Magnolienbaum, der auch als Champa-Baum oder Michelia champaca bekannt ist, wird in Indien wegen seines aromatischen Ambrosias und seiner pharmazeutischen F\u00e4higkeiten verehrt.<\/p>\n","protected":false},"featured_media":111858,"comment_status":"open","ping_status":"closed","template":"","meta":[],"product_brand":[],"product_cat":[6737,1508,1546,1493,1210,6736],"product_tag":[1547],"class_list":{"0":"post-120513","1":"product","2":"type-product","3":"status-publish","4":"has-post-thumbnail","6":"product_cat-essential-oils-de-2","7":"product_cat-aetherische-oele-living-libations","8":"product_cat-essential-oils-living-libations-de","9":"product_cat-living-libations-deutschland","10":"product_cat-marken","11":"product_cat-wellness-de","12":"product_tag-essential-oil-de","13":"pa_brand-livinglibations-de","14":"pa_essential-oils-product-type-essential-oils-de","15":"pa_size-15-ml-de-2","16":"pa_size-5-ml-de","18":"first","19":"instock","20":"taxable","21":"shipping-taxable","22":"purchasable","23":"product-type-variable"},"bundled_by":[],"bundle_stock_status":"instock","bundle_stock_quantity":null,"bundle_virtual":false,"bundle_layout":"","bundle_add_to_cart_form_location":"","bundle_editable_in_cart":false,"bundle_sold_individually_context":"","bundle_item_grouping":"","bundle_min_size":"","bundle_max_size":"","bundle_price":[],"bundled_items":[],"bundle_sell_ids":[],"atum_controlled":true,"out_stock_date":null,"out_stock_threshold":null,"inheritable":true,"stock_on_hold":0,"sold_today":0,"sales_last_days":0,"out_stock_days":0,"lost_sales":0,"update_date":"2026-04-30T00:15:17","atum_locations":[],"atum_stock_status":"instock","restock_status":false,"low_stock_amount":"","sales_update_date":"2026-04-30T00:15:17","calc_backorders":null,"group_of_quantity":0,"min_quantity":0,"max_quantity":"","exclude_order_quantity_value_rules":"no","exclude_category_quantity_rules":"no","combine_variations":"no","yoast_head":"<!-- This site is optimized with the Yoast SEO Premium plugin v26.5 (Yoast SEO v26.5) - https:\/\/yoast.com\/wordpress\/plugins\/seo\/ -->\n<title>Magnolia Leaf Essential Oil | Living Libations<\/title>\n<meta name=\"description\" content=\"Magnolia Leaf Essential Oil enth\u00e4lt die reinen Pflanzenkr\u00e4fte einer Baumart, die vor etwa 95 Millionen Jahren entstanden ist.\" \/>\n<meta name=\"robots\" content=\"index, follow, max-snippet:-1, max-image-preview:large, max-video-preview:-1\" \/>\n<link rel=\"canonical\" href=\"https:\/\/dutchhealthstore.com\/de\/product\/magnolia-leaf-essential-oil\/\" \/>\n<meta property=\"og:locale\" content=\"de_DE\" \/>\n<meta property=\"og:type\" content=\"article\" \/>\n<meta property=\"og:title\" content=\"Magnolia Leaf Essential Oil - Dutch Health Store\" \/>\n<meta property=\"og:description\" content=\"Magnolia Leaf Essential Oil enth\u00e4lt die reinen Pflanzenkr\u00e4fte einer Baumart, die vor etwa 95 Millionen Jahren entstanden ist.\" \/>\n<meta property=\"og:url\" content=\"https:\/\/dutchhealthstore.com\/de\/product\/magnolia-leaf-essential-oil\/\" \/>\n<meta property=\"og:site_name\" content=\"Dutch Health Store\" \/>\n<meta property=\"article:publisher\" content=\"https:\/\/www.instagram.com\/dutchhealthstore\/\" \/>\n<meta property=\"article:modified_time\" content=\"2024-11-25T22:21:38+00:00\" \/>\n<meta property=\"og:image\" content=\"https:\/\/dutchhealthstore.com\/wp-content\/uploads\/2020\/07\/Living-Libations-Magnolia-Leaf-Essential-Oil-e1594122533800.jpg\" \/>\n\t<meta property=\"og:image:width\" content=\"500\" \/>\n\t<meta property=\"og:image:height\" content=\"500\" \/>\n\t<meta property=\"og:image:type\" content=\"image\/jpeg\" \/>\n<meta name=\"twitter:card\" content=\"summary_large_image\" \/>\n<meta name=\"twitter:label1\" content=\"Verf\u00fcgbarkeit\" \/>\n\t<meta name=\"twitter:data1\" content=\"Auf Lager\" \/>\n<script type=\"application\/ld+json\" class=\"yoast-schema-graph\">{\"@context\":\"https:\/\/schema.org\",\"@graph\":[{\"@type\":\"WebPage\",\"@id\":\"https:\/\/dutchhealthstore.com\/de\/product\/magnolia-leaf-essential-oil\/\",\"url\":\"https:\/\/dutchhealthstore.com\/de\/product\/magnolia-leaf-essential-oil\/\",\"name\":\"Magnolia Leaf Essential Oil | Living Libations\",\"isPartOf\":{\"@id\":\"https:\/\/dutchhealthstore.com\/de\/#website\"},\"primaryImageOfPage\":{\"@id\":\"https:\/\/dutchhealthstore.com\/de\/product\/magnolia-leaf-essential-oil\/#primaryimage\"},\"image\":{\"@id\":\"https:\/\/dutchhealthstore.com\/de\/product\/magnolia-leaf-essential-oil\/#primaryimage\"},\"thumbnailUrl\":\"https:\/\/dutchhealthstore.com\/wp-content\/uploads\/2020\/07\/Living-Libations-Magnolia-Leaf-Essential-Oil-e1594122533800.jpg\",\"datePublished\":\"2020-07-07T09:58:36+00:00\",\"dateModified\":\"2024-11-25T22:21:38+00:00\",\"description\":\"Magnolia Leaf Essential Oil enth\u00e4lt die reinen Pflanzenkr\u00e4fte einer Baumart, die vor etwa 95 Millionen Jahren entstanden ist.\",\"breadcrumb\":{\"@id\":\"https:\/\/dutchhealthstore.com\/de\/product\/magnolia-leaf-essential-oil\/#breadcrumb\"},\"inLanguage\":\"de\",\"potentialAction\":[{\"@type\":\"ReadAction\",\"target\":[\"https:\/\/dutchhealthstore.com\/de\/product\/magnolia-leaf-essential-oil\/\"]}]},{\"@type\":\"ImageObject\",\"inLanguage\":\"de\",\"@id\":\"https:\/\/dutchhealthstore.com\/de\/product\/magnolia-leaf-essential-oil\/#primaryimage\",\"url\":\"https:\/\/dutchhealthstore.com\/wp-content\/uploads\/2020\/07\/Living-Libations-Magnolia-Leaf-Essential-Oil-e1594122533800.jpg\",\"contentUrl\":\"https:\/\/dutchhealthstore.com\/wp-content\/uploads\/2020\/07\/Living-Libations-Magnolia-Leaf-Essential-Oil-e1594122533800.jpg\",\"width\":500,\"height\":500,\"caption\":\"Living Libations Magnolia Leaf Essential Oil\"},{\"@type\":\"BreadcrumbList\",\"@id\":\"https:\/\/dutchhealthstore.com\/de\/product\/magnolia-leaf-essential-oil\/#breadcrumb\",\"itemListElement\":[{\"@type\":\"ListItem\",\"position\":1,\"name\":\"Home\",\"item\":\"https:\/\/dutchhealthstore.com\/de\/\"},{\"@type\":\"ListItem\",\"position\":2,\"name\":\"Shop\",\"item\":\"https:\/\/dutchhealthstore.com\/de\/shop-2\/\"},{\"@type\":\"ListItem\",\"position\":3,\"name\":\"Magnolia Leaf Essential Oil\"}]},{\"@type\":\"WebSite\",\"@id\":\"https:\/\/dutchhealthstore.com\/de\/#website\",\"url\":\"https:\/\/dutchhealthstore.com\/de\/\",\"name\":\"Dutch Health Store\",\"description\":\"Enhance Your Beauty with Organic &amp; Natural Skincare\",\"publisher\":{\"@id\":\"https:\/\/dutchhealthstore.com\/de\/#organization\"},\"potentialAction\":[{\"@type\":\"SearchAction\",\"target\":{\"@type\":\"EntryPoint\",\"urlTemplate\":\"https:\/\/dutchhealthstore.com\/de\/?s={search_term_string}\"},\"query-input\":{\"@type\":\"PropertyValueSpecification\",\"valueRequired\":true,\"valueName\":\"search_term_string\"}}],\"inLanguage\":\"de\"},{\"@type\":\"Organization\",\"@id\":\"https:\/\/dutchhealthstore.com\/de\/#organization\",\"name\":\"Dutch Health Store\",\"url\":\"https:\/\/dutchhealthstore.com\/de\/\",\"logo\":{\"@type\":\"ImageObject\",\"inLanguage\":\"de\",\"@id\":\"https:\/\/dutchhealthstore.com\/de\/#\/schema\/logo\/image\/\",\"url\":\"https:\/\/dutchhealthstore.com\/wp-content\/uploads\/2020\/08\/logo-dutchhealthstore-jpg-e1599484957574.jpg\",\"contentUrl\":\"https:\/\/dutchhealthstore.com\/wp-content\/uploads\/2020\/08\/logo-dutchhealthstore-jpg-e1599484957574.jpg\",\"width\":400,\"height\":62,\"caption\":\"Dutch Health Store\"},\"image\":{\"@id\":\"https:\/\/dutchhealthstore.com\/de\/#\/schema\/logo\/image\/\"},\"sameAs\":[\"https:\/\/www.instagram.com\/dutchhealthstore\/\",\"https:\/\/www.facebook.com\/dutchhealthstore\"]}]}<\/script>\n<meta property=\"product:brand\" content=\"Living Libations\" \/>\n<meta property=\"og:availability\" content=\"instock\" \/>\n<meta property=\"product:availability\" content=\"instock\" \/>\n<meta property=\"product:condition\" content=\"new\" \/>\n<!-- \/ Yoast SEO Premium plugin. -->","yoast_head_json":{"title":"Magnolia Leaf Essential Oil | Living Libations","description":"Magnolia Leaf Essential Oil enth\u00e4lt die reinen Pflanzenkr\u00e4fte einer Baumart, die vor etwa 95 Millionen Jahren entstanden ist.","robots":{"index":"index","follow":"follow","max-snippet":"max-snippet:-1","max-image-preview":"max-image-preview:large","max-video-preview":"max-video-preview:-1"},"canonical":"https:\/\/dutchhealthstore.com\/de\/product\/magnolia-leaf-essential-oil\/","og_locale":"de_DE","og_type":"article","og_title":"Magnolia Leaf Essential Oil - Dutch Health Store","og_description":"Magnolia Leaf Essential Oil enth\u00e4lt die reinen Pflanzenkr\u00e4fte einer Baumart, die vor etwa 95 Millionen Jahren entstanden ist.","og_url":"https:\/\/dutchhealthstore.com\/de\/product\/magnolia-leaf-essential-oil\/","og_site_name":"Dutch Health Store","article_publisher":"https:\/\/www.instagram.com\/dutchhealthstore\/","article_modified_time":"2024-11-25T22:21:38+00:00","og_image":[{"width":500,"height":500,"url":"https:\/\/dutchhealthstore.com\/wp-content\/uploads\/2020\/07\/Living-Libations-Magnolia-Leaf-Essential-Oil-e1594122533800.jpg","type":"image\/jpeg"}],"twitter_card":"summary_large_image","twitter_misc":{"Verf\u00fcgbarkeit":"Auf Lager"},"schema":{"@context":"https:\/\/schema.org","@graph":[{"@type":"WebPage","@id":"https:\/\/dutchhealthstore.com\/de\/product\/magnolia-leaf-essential-oil\/","url":"https:\/\/dutchhealthstore.com\/de\/product\/magnolia-leaf-essential-oil\/","name":"Magnolia Leaf Essential Oil | Living Libations","isPartOf":{"@id":"https:\/\/dutchhealthstore.com\/de\/#website"},"primaryImageOfPage":{"@id":"https:\/\/dutchhealthstore.com\/de\/product\/magnolia-leaf-essential-oil\/#primaryimage"},"image":{"@id":"https:\/\/dutchhealthstore.com\/de\/product\/magnolia-leaf-essential-oil\/#primaryimage"},"thumbnailUrl":"https:\/\/dutchhealthstore.com\/wp-content\/uploads\/2020\/07\/Living-Libations-Magnolia-Leaf-Essential-Oil-e1594122533800.jpg","datePublished":"2020-07-07T09:58:36+00:00","dateModified":"2024-11-25T22:21:38+00:00","description":"Magnolia Leaf Essential Oil enth\u00e4lt die reinen Pflanzenkr\u00e4fte einer Baumart, die vor etwa 95 Millionen Jahren entstanden ist.","breadcrumb":{"@id":"https:\/\/dutchhealthstore.com\/de\/product\/magnolia-leaf-essential-oil\/#breadcrumb"},"inLanguage":"de","potentialAction":[{"@type":"ReadAction","target":["https:\/\/dutchhealthstore.com\/de\/product\/magnolia-leaf-essential-oil\/"]}]},{"@type":"ImageObject","inLanguage":"de","@id":"https:\/\/dutchhealthstore.com\/de\/product\/magnolia-leaf-essential-oil\/#primaryimage","url":"https:\/\/dutchhealthstore.com\/wp-content\/uploads\/2020\/07\/Living-Libations-Magnolia-Leaf-Essential-Oil-e1594122533800.jpg","contentUrl":"https:\/\/dutchhealthstore.com\/wp-content\/uploads\/2020\/07\/Living-Libations-Magnolia-Leaf-Essential-Oil-e1594122533800.jpg","width":500,"height":500,"caption":"Living Libations Magnolia Leaf Essential Oil"},{"@type":"BreadcrumbList","@id":"https:\/\/dutchhealthstore.com\/de\/product\/magnolia-leaf-essential-oil\/#breadcrumb","itemListElement":[{"@type":"ListItem","position":1,"name":"Home","item":"https:\/\/dutchhealthstore.com\/de\/"},{"@type":"ListItem","position":2,"name":"Shop","item":"https:\/\/dutchhealthstore.com\/de\/shop-2\/"},{"@type":"ListItem","position":3,"name":"Magnolia Leaf Essential Oil"}]},{"@type":"WebSite","@id":"https:\/\/dutchhealthstore.com\/de\/#website","url":"https:\/\/dutchhealthstore.com\/de\/","name":"Dutch Health Store","description":"Enhance Your Beauty with Organic &amp; Natural Skincare","publisher":{"@id":"https:\/\/dutchhealthstore.com\/de\/#organization"},"potentialAction":[{"@type":"SearchAction","target":{"@type":"EntryPoint","urlTemplate":"https:\/\/dutchhealthstore.com\/de\/?s={search_term_string}"},"query-input":{"@type":"PropertyValueSpecification","valueRequired":true,"valueName":"search_term_string"}}],"inLanguage":"de"},{"@type":"Organization","@id":"https:\/\/dutchhealthstore.com\/de\/#organization","name":"Dutch Health Store","url":"https:\/\/dutchhealthstore.com\/de\/","logo":{"@type":"ImageObject","inLanguage":"de","@id":"https:\/\/dutchhealthstore.com\/de\/#\/schema\/logo\/image\/","url":"https:\/\/dutchhealthstore.com\/wp-content\/uploads\/2020\/08\/logo-dutchhealthstore-jpg-e1599484957574.jpg","contentUrl":"https:\/\/dutchhealthstore.com\/wp-content\/uploads\/2020\/08\/logo-dutchhealthstore-jpg-e1599484957574.jpg","width":400,"height":62,"caption":"Dutch Health Store"},"image":{"@id":"https:\/\/dutchhealthstore.com\/de\/#\/schema\/logo\/image\/"},"sameAs":["https:\/\/www.instagram.com\/dutchhealthstore\/","https:\/\/www.facebook.com\/dutchhealthstore"]}]},"product_brand":"Living Libations","og_availability":"instock","product_availability":"instock","product_condition":"new"},"_links":{"self":[{"href":"https:\/\/dutchhealthstore.com\/de\/wp-json\/wp\/v2\/product\/120513","targetHints":{"allow":["GET"]}}],"collection":[{"href":"https:\/\/dutchhealthstore.com\/de\/wp-json\/wp\/v2\/product"}],"about":[{"href":"https:\/\/dutchhealthstore.com\/de\/wp-json\/wp\/v2\/types\/product"}],"replies":[{"embeddable":true,"href":"https:\/\/dutchhealthstore.com\/de\/wp-json\/wp\/v2\/comments?post=120513"}],"wp:featuredmedia":[{"embeddable":true,"href":"https:\/\/dutchhealthstore.com\/de\/wp-json\/wp\/v2\/media\/111858"}],"wp:attachment":[{"href":"https:\/\/dutchhealthstore.com\/de\/wp-json\/wp\/v2\/media?parent=120513"}],"wp:term":[{"taxonomy":"product_brand","embeddable":true,"href":"https:\/\/dutchhealthstore.com\/de\/wp-json\/wp\/v2\/product_brand?post=120513"},{"taxonomy":"product_cat","embeddable":true,"href":"https:\/\/dutchhealthstore.com\/de\/wp-json\/wp\/v2\/product_cat?post=120513"},{"taxonomy":"product_tag","embeddable":true,"href":"https:\/\/dutchhealthstore.com\/de\/wp-json\/wp\/v2\/product_tag?post=120513"}],"curies":[{"name":"wp","href":"https:\/\/api.w.org\/{rel}","templated":true}]}}