{"id":120423,"date":"2018-02-10T19:50:11","date_gmt":"2018-02-10T18:50:11","guid":{"rendered":"https:\/\/dutchhealthstore.com\/product\/magnolia-flower-essential-oil\/"},"modified":"2025-12-23T09:23:29","modified_gmt":"2025-12-23T08:23:29","slug":"magnolia-flower-essential-oil","status":"publish","type":"product","link":"https:\/\/dutchhealthstore.com\/de\/product\/magnolia-flower-essential-oil\/","title":{"rendered":"Magnolia Flower Essential Oil"},"content":{"rendered":"<p><img decoding=\"async\" class=\"alignright size-full wp-image-37041\" src=\"https:\/\/dutchhealthstore.com\/wp-content\/uploads\/2018\/04\/Living_Libations-1.png\" alt=\"Organic &amp; Natural Beautyproducts - Living Libations\" width=\"175\" height=\"82\"><\/p>\n<p><strong>Botanischer Name: <\/strong><em>Michelia alba<\/em><br \/>\n<strong>Botanische Familie: <\/strong><em>Magnoliaceae<\/em><br \/>\n<strong>Extraktionsverfahren: <\/strong>Dampfdestilliert<br \/>\n<strong>Teil der Pflanze Destilliert:<\/strong> Bl\u00fcten<br \/>\n<strong>Herkunftsland:<\/strong> Indien<br \/>\n<strong>Anbaumethode:<\/strong> Wildwachsend<br \/>\n<strong>Zusammensetzung:<\/strong> 100% <em>Michelia alba<\/em><br \/>\n<strong>Konsistenz:<\/strong> D\u00fcnn<\/p>\n<a href=\"https:\/\/dutchhealthstore.com\/wp-content\/uploads\/2018\/02\/ANALYSIS-Magnolia-Flower-Essential-Oil-Living-Libations.pdf\" class=\"button primary is-primary is-small\"  >\n\t\t<span>ANALYSE &gt;<\/span>\n\t<\/a>\n\n<h3>Beschreibung des Duftes<\/h3>\n<p>Frischer, gr\u00fcner, blumiger Duft mit einem Hauch von Freesie und Fr\u00fcchten. Gut mischbar mit: Jasmin, Zitrone, Ylang, Koriander, Tuberose, Grapefruit, Rose, Ylang und Bergamotte.<\/p>\n<h3>Verwendet<\/h3>\n<p>Mischungen aus Magnolien\u00f6l werden zur Befeuchtung trockener Haut und zum Aufweichen von Muskeln bei Massagen verwendet. Wunderbar als Parf\u00fcm, um Gemeinschaft und Kommunikation anzuregen. St\u00e4rkung des Selbstbewusstseins und Verbesserung des Wohlbefindens. Es ist eine badende Sch\u00f6nheit und Liebesbl\u00fcte in einem Diffusor. Salben Sie Haare und Handgelenke und genie\u00dfen Sie das Parf\u00fcm in voller Bl\u00fcte.<\/p>\n<p>Unser wunderbares Magnolia Flower Essential Oil ist ein luxuri\u00f6ser Ausdruck nat\u00fcrlicher Sch\u00f6nheit, der die verj\u00fcngenden Energien der Natur mit den romantischen Gen\u00fcssen des menschlichen Herzens verbindet. Magnolia Flower Essence ist ein vollmundiges Wunderaroma der Natur. Magnolienbl\u00fcten werden in der Nacht geerntet, wenn ihr Duft am st\u00e4rksten ist. In Indien werden die Bl\u00fctenbl\u00e4tter dieser zarten Knospe als Liebesparf\u00fcm, als Bestandteil heiliger Rituale und als Haarschmuck f\u00fcr Frauen verwendet.<\/p>\n<p>Schwelgen Sie in Magnolia Flower Essential Oil, um ein Bl\u00fctenparf\u00fcm oder ein Haar\u00f6l herzustellen, das Herz zu entz\u00fcnden, den K\u00f6rper zu inspirieren und mit den Sinnen in Kontakt zu kommen.<\/p>\n<p><strong>Gr\u00f6\u00dfe: 5 ml und 15 ml<\/strong><\/p>\n<h3>Organic Ingredients<\/h3>\n<p>100% \u00e4therisches \u00d6l der Magnolienbl\u00fcte (Michelia alba).<\/p>\n<p style=\"text-align: center;\"><em>&#8222;Der schwere Duft von Magnolien mischte sich mit der zarten S\u00fc\u00dfe von Wildrosen.&#8220;<\/em><br \/>\n~ Zora Neale Hurston<\/p>\n<p style=\"text-align: center;\"><em>&#8222;Auch Champaca-\u00d6l genannt. Ein s\u00fc\u00df duftendes \u00e4therisches \u00d6l, das aus den Bl\u00fcten von Arten des Champaca-Baums destilliert wird, die in Nepal, Malaysia, Indonesien und auf den Philippinen wachsen. In Thailand wird es als K\u00f6rper\u00f6l und zum Beduften der Haare verwendet. In Indien werden die Bl\u00fcten von Frauen als Haarschmuck verwendet.&#8220;<\/em><br \/>\n~ N. Groom, <strong>editor, New Perfume Handbook<\/strong><\/p>\n<p style=\"text-align: center;\"><em>&#8222;Angenommen, ich w\u00fcrde eine Champagnerblume werden, nur so zum Spa\u00df, und auf einem Zweig hoch oben in diesem Baum wachsen, und mich im Wind vor Lachen sch\u00fctteln und auf den frisch erbl\u00fchten Bl\u00e4ttern tanzen, w\u00fcrdest du mich erkennen, Mutter?&#8220;<\/em><br \/>\n~ Rabindranath Tagore, <strong>The Champa Flower<\/strong><\/p>\n<p><img fetchpriority=\"high\" decoding=\"async\" class=\"aligncenter size-full wp-image-31577\" src=\"https:\/\/dutchhealthstore.com\/wp-content\/uploads\/2018\/03\/organic_big.png\" alt=\"Organic and Natural - Living Libations\" width=\"623\" height=\"103\" srcset=\"https:\/\/dutchhealthstore.com\/wp-content\/uploads\/2018\/03\/organic_big.png 623w, https:\/\/dutchhealthstore.com\/wp-content\/uploads\/2018\/03\/organic_big-510x84.png 510w, https:\/\/dutchhealthstore.com\/wp-content\/uploads\/2018\/03\/organic_big-600x99.png 600w, https:\/\/dutchhealthstore.com\/wp-content\/uploads\/2018\/03\/organic_big-350x58.png 350w\" sizes=\"(max-width: 623px) 100vw, 623px\" \/><\/p>\n","protected":false},"excerpt":{"rendered":"<p>Living Libations <strong>Magnolia Flower Oil<\/strong> nutzt die heilige, aromatische Kraft des indischen Magnolienbaums und seiner wundersch\u00f6nen wei\u00dfen Bl\u00fctenknospen.<br \/>\nDie seit Jahrtausenden von den Indern verehrten Magnolienbl\u00fcten, die auch als Wei\u00dfer Champa bekannt sind, haben beruhigende und entspannende Eigenschaften, die durch ein zartes blumiges Aroma erg\u00e4nzt werden.<br \/>\nUnser Magnolia Flower Oil ist ein berauschendes Aphrodisiakum, das gleichzeitig Feuchtigkeit spendet und Infektionen bek\u00e4mpft.<\/p>\n","protected":false},"featured_media":113635,"comment_status":"open","ping_status":"closed","template":"","meta":[],"product_brand":[],"product_cat":[6737,1508,1546,1493,1210,511,6736],"product_tag":[1547],"class_list":{"0":"post-120423","1":"product","2":"type-product","3":"status-publish","4":"has-post-thumbnail","6":"product_cat-essential-oils-de-2","7":"product_cat-aetherische-oele-living-libations","8":"product_cat-essential-oils-living-libations-de","9":"product_cat-living-libations-deutschland","10":"product_cat-marken","11":"product_cat-produkte","12":"product_cat-wellness-de","13":"product_tag-essential-oil-de","14":"pa_brand-livinglibations-de","15":"pa_essential-oils-product-type-essential-oils-de","16":"pa_size-15-ml-de-2","17":"pa_size-5-ml-de","19":"first","20":"instock","21":"taxable","22":"shipping-taxable","23":"purchasable","24":"product-type-variable"},"bundled_by":[],"bundle_stock_status":"instock","bundle_stock_quantity":null,"bundle_virtual":false,"bundle_layout":"","bundle_add_to_cart_form_location":"","bundle_editable_in_cart":false,"bundle_sold_individually_context":"","bundle_item_grouping":"","bundle_min_size":"","bundle_max_size":"","bundle_price":[],"bundled_items":[],"bundle_sell_ids":[],"atum_controlled":true,"out_stock_date":null,"out_stock_threshold":null,"inheritable":true,"stock_on_hold":0,"sold_today":0,"sales_last_days":0,"out_stock_days":0,"lost_sales":0,"update_date":"2026-04-17T00:06:57","atum_locations":[],"atum_stock_status":"instock","restock_status":false,"low_stock_amount":"","sales_update_date":"2026-04-17T00:06:57","calc_backorders":null,"group_of_quantity":0,"min_quantity":0,"max_quantity":"","exclude_order_quantity_value_rules":"no","exclude_category_quantity_rules":"no","combine_variations":"no","yoast_head":"<!-- This site is optimized with the Yoast SEO Premium plugin v26.5 (Yoast SEO v26.5) - https:\/\/yoast.com\/wordpress\/plugins\/seo\/ -->\n<title>Magnolia Flower Essential Oil | Living Libations<\/title>\n<meta name=\"description\" content=\"Living Libations Magnolia Flower Oil nutzt die heilige, aromatische Kraft des indischen Magnolienbaums und seiner wundersch\u00f6nen wei\u00dfen Bl\u00fctenknospen.\" \/>\n<meta name=\"robots\" content=\"index, follow, max-snippet:-1, max-image-preview:large, max-video-preview:-1\" \/>\n<link rel=\"canonical\" href=\"https:\/\/dutchhealthstore.com\/de\/product\/magnolia-flower-essential-oil\/\" \/>\n<meta property=\"og:locale\" content=\"de_DE\" \/>\n<meta property=\"og:type\" content=\"article\" \/>\n<meta property=\"og:title\" content=\"Magnolia Flower Essential Oil - Dutch Health Store\" \/>\n<meta property=\"og:description\" content=\"Living Libations Magnolia Flower Oil nutzt die heilige, aromatische Kraft des indischen Magnolienbaums und seiner wundersch\u00f6nen wei\u00dfen Bl\u00fctenknospen.\" \/>\n<meta property=\"og:url\" content=\"https:\/\/dutchhealthstore.com\/de\/product\/magnolia-flower-essential-oil\/\" \/>\n<meta property=\"og:site_name\" content=\"Dutch Health Store\" \/>\n<meta property=\"article:publisher\" content=\"https:\/\/www.instagram.com\/dutchhealthstore\/\" \/>\n<meta property=\"article:modified_time\" content=\"2025-12-23T08:23:29+00:00\" \/>\n<meta property=\"og:image\" content=\"https:\/\/dutchhealthstore.com\/wp-content\/uploads\/2018\/02\/Living-Libations-Magnolia-Flower-Essential-Oil-e1594726169342.jpg\" \/>\n\t<meta property=\"og:image:width\" content=\"500\" \/>\n\t<meta property=\"og:image:height\" content=\"500\" \/>\n\t<meta property=\"og:image:type\" content=\"image\/jpeg\" \/>\n<meta name=\"twitter:card\" content=\"summary_large_image\" \/>\n<meta name=\"twitter:label1\" content=\"Verf\u00fcgbarkeit\" \/>\n\t<meta name=\"twitter:data1\" content=\"Auf Lager\" \/>\n<script type=\"application\/ld+json\" class=\"yoast-schema-graph\">{\"@context\":\"https:\/\/schema.org\",\"@graph\":[{\"@type\":\"WebPage\",\"@id\":\"https:\/\/dutchhealthstore.com\/de\/product\/magnolia-flower-essential-oil\/\",\"url\":\"https:\/\/dutchhealthstore.com\/de\/product\/magnolia-flower-essential-oil\/\",\"name\":\"Magnolia Flower Essential Oil | Living Libations\",\"isPartOf\":{\"@id\":\"https:\/\/dutchhealthstore.com\/de\/#website\"},\"primaryImageOfPage\":{\"@id\":\"https:\/\/dutchhealthstore.com\/de\/product\/magnolia-flower-essential-oil\/#primaryimage\"},\"image\":{\"@id\":\"https:\/\/dutchhealthstore.com\/de\/product\/magnolia-flower-essential-oil\/#primaryimage\"},\"thumbnailUrl\":\"https:\/\/dutchhealthstore.com\/wp-content\/uploads\/2018\/02\/Living-Libations-Magnolia-Flower-Essential-Oil-e1594726169342.jpg\",\"datePublished\":\"2018-02-10T18:50:11+00:00\",\"dateModified\":\"2025-12-23T08:23:29+00:00\",\"description\":\"Living Libations Magnolia Flower Oil nutzt die heilige, aromatische Kraft des indischen Magnolienbaums und seiner wundersch\u00f6nen wei\u00dfen Bl\u00fctenknospen.\",\"breadcrumb\":{\"@id\":\"https:\/\/dutchhealthstore.com\/de\/product\/magnolia-flower-essential-oil\/#breadcrumb\"},\"inLanguage\":\"de\",\"potentialAction\":[{\"@type\":\"ReadAction\",\"target\":[\"https:\/\/dutchhealthstore.com\/de\/product\/magnolia-flower-essential-oil\/\"]}]},{\"@type\":\"ImageObject\",\"inLanguage\":\"de\",\"@id\":\"https:\/\/dutchhealthstore.com\/de\/product\/magnolia-flower-essential-oil\/#primaryimage\",\"url\":\"https:\/\/dutchhealthstore.com\/wp-content\/uploads\/2018\/02\/Living-Libations-Magnolia-Flower-Essential-Oil-e1594726169342.jpg\",\"contentUrl\":\"https:\/\/dutchhealthstore.com\/wp-content\/uploads\/2018\/02\/Living-Libations-Magnolia-Flower-Essential-Oil-e1594726169342.jpg\",\"width\":500,\"height\":500,\"caption\":\"Living Libations Magnolia Flower Essential Oil\"},{\"@type\":\"BreadcrumbList\",\"@id\":\"https:\/\/dutchhealthstore.com\/de\/product\/magnolia-flower-essential-oil\/#breadcrumb\",\"itemListElement\":[{\"@type\":\"ListItem\",\"position\":1,\"name\":\"Home\",\"item\":\"https:\/\/dutchhealthstore.com\/de\/\"},{\"@type\":\"ListItem\",\"position\":2,\"name\":\"Shop\",\"item\":\"https:\/\/dutchhealthstore.com\/de\/shop-2\/\"},{\"@type\":\"ListItem\",\"position\":3,\"name\":\"Magnolia Flower Essential Oil\"}]},{\"@type\":\"WebSite\",\"@id\":\"https:\/\/dutchhealthstore.com\/de\/#website\",\"url\":\"https:\/\/dutchhealthstore.com\/de\/\",\"name\":\"Dutch Health Store\",\"description\":\"Enhance Your Beauty with Organic &amp; Natural Skincare\",\"publisher\":{\"@id\":\"https:\/\/dutchhealthstore.com\/de\/#organization\"},\"potentialAction\":[{\"@type\":\"SearchAction\",\"target\":{\"@type\":\"EntryPoint\",\"urlTemplate\":\"https:\/\/dutchhealthstore.com\/de\/?s={search_term_string}\"},\"query-input\":{\"@type\":\"PropertyValueSpecification\",\"valueRequired\":true,\"valueName\":\"search_term_string\"}}],\"inLanguage\":\"de\"},{\"@type\":\"Organization\",\"@id\":\"https:\/\/dutchhealthstore.com\/de\/#organization\",\"name\":\"Dutch Health Store\",\"url\":\"https:\/\/dutchhealthstore.com\/de\/\",\"logo\":{\"@type\":\"ImageObject\",\"inLanguage\":\"de\",\"@id\":\"https:\/\/dutchhealthstore.com\/de\/#\/schema\/logo\/image\/\",\"url\":\"https:\/\/dutchhealthstore.com\/wp-content\/uploads\/2020\/08\/logo-dutchhealthstore-jpg-e1599484957574.jpg\",\"contentUrl\":\"https:\/\/dutchhealthstore.com\/wp-content\/uploads\/2020\/08\/logo-dutchhealthstore-jpg-e1599484957574.jpg\",\"width\":400,\"height\":62,\"caption\":\"Dutch Health Store\"},\"image\":{\"@id\":\"https:\/\/dutchhealthstore.com\/de\/#\/schema\/logo\/image\/\"},\"sameAs\":[\"https:\/\/www.instagram.com\/dutchhealthstore\/\",\"https:\/\/www.facebook.com\/dutchhealthstore\"]}]}<\/script>\n<meta property=\"product:brand\" content=\"Living Libations\" \/>\n<meta property=\"og:availability\" content=\"instock\" \/>\n<meta property=\"product:availability\" content=\"instock\" \/>\n<meta property=\"product:condition\" content=\"new\" \/>\n<!-- \/ Yoast SEO Premium plugin. -->","yoast_head_json":{"title":"Magnolia Flower Essential Oil | Living Libations","description":"Living Libations Magnolia Flower Oil nutzt die heilige, aromatische Kraft des indischen Magnolienbaums und seiner wundersch\u00f6nen wei\u00dfen Bl\u00fctenknospen.","robots":{"index":"index","follow":"follow","max-snippet":"max-snippet:-1","max-image-preview":"max-image-preview:large","max-video-preview":"max-video-preview:-1"},"canonical":"https:\/\/dutchhealthstore.com\/de\/product\/magnolia-flower-essential-oil\/","og_locale":"de_DE","og_type":"article","og_title":"Magnolia Flower Essential Oil - Dutch Health Store","og_description":"Living Libations Magnolia Flower Oil nutzt die heilige, aromatische Kraft des indischen Magnolienbaums und seiner wundersch\u00f6nen wei\u00dfen Bl\u00fctenknospen.","og_url":"https:\/\/dutchhealthstore.com\/de\/product\/magnolia-flower-essential-oil\/","og_site_name":"Dutch Health Store","article_publisher":"https:\/\/www.instagram.com\/dutchhealthstore\/","article_modified_time":"2025-12-23T08:23:29+00:00","og_image":[{"width":500,"height":500,"url":"https:\/\/dutchhealthstore.com\/wp-content\/uploads\/2018\/02\/Living-Libations-Magnolia-Flower-Essential-Oil-e1594726169342.jpg","type":"image\/jpeg"}],"twitter_card":"summary_large_image","twitter_misc":{"Verf\u00fcgbarkeit":"Auf Lager"},"schema":{"@context":"https:\/\/schema.org","@graph":[{"@type":"WebPage","@id":"https:\/\/dutchhealthstore.com\/de\/product\/magnolia-flower-essential-oil\/","url":"https:\/\/dutchhealthstore.com\/de\/product\/magnolia-flower-essential-oil\/","name":"Magnolia Flower Essential Oil | Living Libations","isPartOf":{"@id":"https:\/\/dutchhealthstore.com\/de\/#website"},"primaryImageOfPage":{"@id":"https:\/\/dutchhealthstore.com\/de\/product\/magnolia-flower-essential-oil\/#primaryimage"},"image":{"@id":"https:\/\/dutchhealthstore.com\/de\/product\/magnolia-flower-essential-oil\/#primaryimage"},"thumbnailUrl":"https:\/\/dutchhealthstore.com\/wp-content\/uploads\/2018\/02\/Living-Libations-Magnolia-Flower-Essential-Oil-e1594726169342.jpg","datePublished":"2018-02-10T18:50:11+00:00","dateModified":"2025-12-23T08:23:29+00:00","description":"Living Libations Magnolia Flower Oil nutzt die heilige, aromatische Kraft des indischen Magnolienbaums und seiner wundersch\u00f6nen wei\u00dfen Bl\u00fctenknospen.","breadcrumb":{"@id":"https:\/\/dutchhealthstore.com\/de\/product\/magnolia-flower-essential-oil\/#breadcrumb"},"inLanguage":"de","potentialAction":[{"@type":"ReadAction","target":["https:\/\/dutchhealthstore.com\/de\/product\/magnolia-flower-essential-oil\/"]}]},{"@type":"ImageObject","inLanguage":"de","@id":"https:\/\/dutchhealthstore.com\/de\/product\/magnolia-flower-essential-oil\/#primaryimage","url":"https:\/\/dutchhealthstore.com\/wp-content\/uploads\/2018\/02\/Living-Libations-Magnolia-Flower-Essential-Oil-e1594726169342.jpg","contentUrl":"https:\/\/dutchhealthstore.com\/wp-content\/uploads\/2018\/02\/Living-Libations-Magnolia-Flower-Essential-Oil-e1594726169342.jpg","width":500,"height":500,"caption":"Living Libations Magnolia Flower Essential Oil"},{"@type":"BreadcrumbList","@id":"https:\/\/dutchhealthstore.com\/de\/product\/magnolia-flower-essential-oil\/#breadcrumb","itemListElement":[{"@type":"ListItem","position":1,"name":"Home","item":"https:\/\/dutchhealthstore.com\/de\/"},{"@type":"ListItem","position":2,"name":"Shop","item":"https:\/\/dutchhealthstore.com\/de\/shop-2\/"},{"@type":"ListItem","position":3,"name":"Magnolia Flower Essential Oil"}]},{"@type":"WebSite","@id":"https:\/\/dutchhealthstore.com\/de\/#website","url":"https:\/\/dutchhealthstore.com\/de\/","name":"Dutch Health Store","description":"Enhance Your Beauty with Organic &amp; Natural Skincare","publisher":{"@id":"https:\/\/dutchhealthstore.com\/de\/#organization"},"potentialAction":[{"@type":"SearchAction","target":{"@type":"EntryPoint","urlTemplate":"https:\/\/dutchhealthstore.com\/de\/?s={search_term_string}"},"query-input":{"@type":"PropertyValueSpecification","valueRequired":true,"valueName":"search_term_string"}}],"inLanguage":"de"},{"@type":"Organization","@id":"https:\/\/dutchhealthstore.com\/de\/#organization","name":"Dutch Health Store","url":"https:\/\/dutchhealthstore.com\/de\/","logo":{"@type":"ImageObject","inLanguage":"de","@id":"https:\/\/dutchhealthstore.com\/de\/#\/schema\/logo\/image\/","url":"https:\/\/dutchhealthstore.com\/wp-content\/uploads\/2020\/08\/logo-dutchhealthstore-jpg-e1599484957574.jpg","contentUrl":"https:\/\/dutchhealthstore.com\/wp-content\/uploads\/2020\/08\/logo-dutchhealthstore-jpg-e1599484957574.jpg","width":400,"height":62,"caption":"Dutch Health Store"},"image":{"@id":"https:\/\/dutchhealthstore.com\/de\/#\/schema\/logo\/image\/"},"sameAs":["https:\/\/www.instagram.com\/dutchhealthstore\/","https:\/\/www.facebook.com\/dutchhealthstore"]}]},"product_brand":"Living Libations","og_availability":"instock","product_availability":"instock","product_condition":"new"},"_links":{"self":[{"href":"https:\/\/dutchhealthstore.com\/de\/wp-json\/wp\/v2\/product\/120423","targetHints":{"allow":["GET"]}}],"collection":[{"href":"https:\/\/dutchhealthstore.com\/de\/wp-json\/wp\/v2\/product"}],"about":[{"href":"https:\/\/dutchhealthstore.com\/de\/wp-json\/wp\/v2\/types\/product"}],"replies":[{"embeddable":true,"href":"https:\/\/dutchhealthstore.com\/de\/wp-json\/wp\/v2\/comments?post=120423"}],"wp:featuredmedia":[{"embeddable":true,"href":"https:\/\/dutchhealthstore.com\/de\/wp-json\/wp\/v2\/media\/113635"}],"wp:attachment":[{"href":"https:\/\/dutchhealthstore.com\/de\/wp-json\/wp\/v2\/media?parent=120423"}],"wp:term":[{"taxonomy":"product_brand","embeddable":true,"href":"https:\/\/dutchhealthstore.com\/de\/wp-json\/wp\/v2\/product_brand?post=120423"},{"taxonomy":"product_cat","embeddable":true,"href":"https:\/\/dutchhealthstore.com\/de\/wp-json\/wp\/v2\/product_cat?post=120423"},{"taxonomy":"product_tag","embeddable":true,"href":"https:\/\/dutchhealthstore.com\/de\/wp-json\/wp\/v2\/product_tag?post=120423"}],"curies":[{"name":"wp","href":"https:\/\/api.w.org\/{rel}","templated":true}]}}