{"id":120376,"date":"2018-07-31T20:23:56","date_gmt":"2018-07-31T18:23:56","guid":{"rendered":"https:\/\/dutchhealthstore.com\/product\/linden-blossoms-essential-oil\/"},"modified":"2024-03-08T14:45:39","modified_gmt":"2024-03-08T14:45:39","slug":"linden-blossoms-essential-oil","status":"publish","type":"product","link":"https:\/\/dutchhealthstore.com\/de\/product\/linden-blossoms-essential-oil\/","title":{"rendered":"Linden Blossoms Essential Oil"},"content":{"rendered":"<p style=\"font-weight: 400;\"><b><strong><img decoding=\"async\" class=\"size-full wp-image-37041 alignright\" src=\"https:\/\/dutchhealthstore.com\/wp-content\/uploads\/2018\/04\/Living_Libations-1.png\" alt=\"Organic &amp; Natural Beautyproducts - Living Libations\" width=\"175\" height=\"82\"><\/strong><\/b><\/p>\n<p><strong>Botanischer Name: <\/strong><em>Tilia cordata<\/em><br \/>\n<strong>Botanische Familie: <\/strong><em>Malvaceae<\/em><br \/>\n<strong>Extraktionsverfahren:<\/strong> CO2-Auswahl<br \/>\n<strong>Teil der Pflanze Destilliert:<\/strong> Bl\u00fcten<br \/>\n<strong>Herkunftsland:<\/strong> Bulgarien<br \/>\n<strong>Anbaumethode: <\/strong>Bio<br \/>\n<strong>Zusammensetzung:<\/strong> 50% <em>Tilia cordata<\/em> und 50% biologisch-biodynamischer Alkohol<br \/>\n<strong>Konsistenz: <\/strong>D\u00fcnnfl\u00fcssig, gie\u00dfbar<\/p>\n<h3>Beschreibung des Duftes<\/h3>\n<p>Das Gr\u00fcn der Fr\u00fchlingsluft, \u00fcbergossen mit festlich-blumigen Honignoten.<\/p>\n<h3>In Living Libations<\/h3>\n<p>Fawn Lily Perfume<\/p>\n<h3>Gut mischbar mit<\/h3>\n<p>Jasmin, Rose, Neroli, Ylang, Geranie, Vanille, Lavendel, Melisse, Zitronenverbene, Kap-Kamille, Kardamom, Weihrauch, Zitrone, Bergamotte, Grapefruit, Limette und Kamille.<\/p>\n<h3>Verwendet<\/h3>\n<p>Perfekt f\u00fcr blumige Parf\u00fcmerien und blumig duftende B\u00e4der. Inhaltsstoffe: Monoterpene, Ester, Sesquiterpene<\/p>\n<p><strong>Gr\u00f6\u00dfe: 5 ml<\/strong><\/p>\n<h3>Bio-Zutaten<\/h3>\n<p>50% <em>Tilia cordata<\/em> und 50% biologisch-biodynamischer Alkohol<\/p>\n<p style=\"text-align: center;\"><em>&#8222;Der Duft von Lindenbl\u00fcten hing schwer in der Luft. Dortchen machte eine scharfe, ruckartige Bewegung, als ob sie weggehen wollte. Aber sie z\u00f6gerte, dann drehte sie sich um und ging den langen, gewundenen Weg hinunter, vorbei an dem Gewirr von Brombeerrosen und in den geheimen Hain von Lindenb\u00e4umen. Sie pfl\u00fcckte eine Bl\u00fcte, hielt sie an ihre Nase und atmete tief ein. Dann setzte sie sich ins Gras, hielt die Bl\u00fcte in der Hand, lehnte den Kopf an den Baum und schloss die Augen. Alles, was sie h\u00f6rte, war das leise Rauschen des Windes in den Bl\u00e4ttern und das Summen der unz\u00e4hligen Bienen, die den Nektar aus den cremewei\u00dfen Bl\u00fcten sammelten.&#8220;<\/em><br \/>\n~ Kate Forsyth, <strong>The Wild Girl<\/strong><\/p>\n<p style=\"font-weight: 400; text-align: center;\"><img fetchpriority=\"high\" decoding=\"async\" class=\"size-full wp-image-31577 alignnone\" src=\"https:\/\/dutchhealthstore.com\/wp-content\/uploads\/2018\/03\/organic_big.png\" alt=\"Organic and Natural - Living Libations\" width=\"623\" height=\"103\" srcset=\"https:\/\/dutchhealthstore.com\/wp-content\/uploads\/2018\/03\/organic_big.png 623w, https:\/\/dutchhealthstore.com\/wp-content\/uploads\/2018\/03\/organic_big-510x84.png 510w, https:\/\/dutchhealthstore.com\/wp-content\/uploads\/2018\/03\/organic_big-600x99.png 600w, https:\/\/dutchhealthstore.com\/wp-content\/uploads\/2018\/03\/organic_big-350x58.png 350w\" sizes=\"(max-width: 623px) 100vw, 623px\" \/><\/p>\n","protected":false},"excerpt":{"rendered":"<p>Living Libations liebliches <strong>Linden Blossoms Essential Oil <\/strong>verspr\u00fcht den s\u00fc\u00df-blumigen, leicht gr\u00fcnen Duft von Heu, der an einen idyllischen Junitag erinnert. Die Bl\u00fcten dieses Baumes schenken den Bienen reichlich Nektar, was sie sehr erfreut. Linden f\u00f6rdert das Einf\u00fchlungsverm\u00f6gen, vertieft das Verst\u00e4ndnis zwischen Liebenden und befreit den egoistischen Verstand, so dass eine gr\u00f6\u00dfere Klarheit entsteht. Dieser festliche Wohlf\u00fchlduft nimmt Sie mit auf eine Reise durch die Landschaft, w\u00e4hrend skurrile gr\u00fcn-blumige Noten durch die Luft wehen.<\/p>\n","protected":false},"featured_media":117276,"comment_status":"open","ping_status":"closed","template":"","meta":[],"product_brand":[],"product_cat":[1508,1546,6737,1493,6736],"product_tag":[1547],"class_list":{"0":"post-120376","1":"product","2":"type-product","3":"status-publish","4":"has-post-thumbnail","6":"product_cat-aetherische-oele-living-libations","7":"product_cat-essential-oils-living-libations-de","8":"product_cat-essential-oils-de-2","9":"product_cat-living-libations-deutschland","10":"product_cat-wellness-de","11":"product_tag-essential-oil-de","12":"pa_brand-livinglibations-de","13":"pa_essential-oils-product-type-essential-oils-de","14":"pa_size-5-ml-de","16":"first","17":"instock","18":"taxable","19":"shipping-taxable","20":"purchasable","21":"product-type-simple"},"bundled_by":[],"bundle_stock_status":"instock","bundle_stock_quantity":2,"bundle_virtual":false,"bundle_layout":"","bundle_add_to_cart_form_location":"","bundle_editable_in_cart":false,"bundle_sold_individually_context":"","bundle_item_grouping":"","bundle_min_size":"","bundle_max_size":"","bundle_price":[],"bundled_items":[],"bundle_sell_ids":[],"atum_controlled":true,"out_stock_date":null,"out_stock_threshold":null,"inheritable":false,"stock_on_hold":0,"sold_today":0,"sales_last_days":0,"out_stock_days":0,"lost_sales":0,"update_date":"2026-04-13T00:03:49","atum_locations":[],"atum_stock_status":"instock","restock_status":false,"low_stock_amount":"","sales_update_date":"2026-04-13T00:03:49","calc_backorders":null,"group_of_quantity":0,"min_quantity":0,"max_quantity":"","exclude_order_quantity_value_rules":"no","exclude_category_quantity_rules":"no","combine_variations":"no","yoast_head":"<!-- This site is optimized with the Yoast SEO Premium plugin v26.5 (Yoast SEO v26.5) - https:\/\/yoast.com\/wordpress\/plugins\/seo\/ -->\n<title>Linden Blossoms Essential Oil - Living Libations<\/title>\n<meta name=\"description\" content=\"Living Libations liebliche Linden Blossoms Essential Oil verstr\u00f6mt den s\u00fc\u00dfen, blumigen, leicht gr\u00fcnen Duft von Heu, der an einen idyllischen Junitag erinnert.\" \/>\n<meta name=\"robots\" content=\"index, follow, max-snippet:-1, max-image-preview:large, max-video-preview:-1\" \/>\n<link rel=\"canonical\" href=\"https:\/\/dutchhealthstore.com\/de\/product\/linden-blossoms-essential-oil\/\" \/>\n<meta property=\"og:locale\" content=\"de_DE\" \/>\n<meta property=\"og:type\" content=\"article\" \/>\n<meta property=\"og:title\" content=\"Linden Blossoms Essential Oil - Dutch Health Store\" \/>\n<meta property=\"og:description\" content=\"Living Libations liebliche Linden Blossoms Essential Oil verstr\u00f6mt den s\u00fc\u00dfen, blumigen, leicht gr\u00fcnen Duft von Heu, der an einen idyllischen Junitag erinnert.\" \/>\n<meta property=\"og:url\" content=\"https:\/\/dutchhealthstore.com\/de\/product\/linden-blossoms-essential-oil\/\" \/>\n<meta property=\"og:site_name\" content=\"Dutch Health Store\" \/>\n<meta property=\"article:publisher\" content=\"https:\/\/www.instagram.com\/dutchhealthstore\/\" \/>\n<meta property=\"article:modified_time\" content=\"2024-03-08T14:45:39+00:00\" \/>\n<meta property=\"og:image\" content=\"https:\/\/dutchhealthstore.com\/wp-content\/uploads\/2018\/07\/Living-Libations-Linden-Blossoms-Essential-Oil-e1596200506455.jpg\" \/>\n\t<meta property=\"og:image:width\" content=\"500\" \/>\n\t<meta property=\"og:image:height\" content=\"500\" \/>\n\t<meta property=\"og:image:type\" content=\"image\/jpeg\" \/>\n<meta name=\"twitter:card\" content=\"summary_large_image\" \/>\n<meta name=\"twitter:label1\" content=\"Preis\" \/>\n\t<meta name=\"twitter:data1\" content=\"&euro;30,00\" \/>\n\t<meta name=\"twitter:label2\" content=\"Verf\u00fcgbarkeit\" \/>\n\t<meta name=\"twitter:data2\" content=\"Auf Lager\" \/>\n<script type=\"application\/ld+json\" class=\"yoast-schema-graph\">{\"@context\":\"https:\/\/schema.org\",\"@graph\":[{\"@type\":\"WebPage\",\"@id\":\"https:\/\/dutchhealthstore.com\/de\/product\/linden-blossoms-essential-oil\/\",\"url\":\"https:\/\/dutchhealthstore.com\/de\/product\/linden-blossoms-essential-oil\/\",\"name\":\"Linden Blossoms Essential Oil - Living Libations\",\"isPartOf\":{\"@id\":\"https:\/\/dutchhealthstore.com\/de\/#website\"},\"primaryImageOfPage\":{\"@id\":\"https:\/\/dutchhealthstore.com\/de\/product\/linden-blossoms-essential-oil\/#primaryimage\"},\"image\":{\"@id\":\"https:\/\/dutchhealthstore.com\/de\/product\/linden-blossoms-essential-oil\/#primaryimage\"},\"thumbnailUrl\":\"https:\/\/dutchhealthstore.com\/wp-content\/uploads\/2018\/07\/Living-Libations-Linden-Blossoms-Essential-Oil-e1596200506455.jpg\",\"datePublished\":\"2018-07-31T18:23:56+00:00\",\"dateModified\":\"2024-03-08T14:45:39+00:00\",\"description\":\"Living Libations liebliche Linden Blossoms Essential Oil verstr\u00f6mt den s\u00fc\u00dfen, blumigen, leicht gr\u00fcnen Duft von Heu, der an einen idyllischen Junitag erinnert.\",\"breadcrumb\":{\"@id\":\"https:\/\/dutchhealthstore.com\/de\/product\/linden-blossoms-essential-oil\/#breadcrumb\"},\"inLanguage\":\"de\",\"potentialAction\":[{\"@type\":\"ReadAction\",\"target\":[\"https:\/\/dutchhealthstore.com\/de\/product\/linden-blossoms-essential-oil\/\"]}]},{\"@type\":\"ImageObject\",\"inLanguage\":\"de\",\"@id\":\"https:\/\/dutchhealthstore.com\/de\/product\/linden-blossoms-essential-oil\/#primaryimage\",\"url\":\"https:\/\/dutchhealthstore.com\/wp-content\/uploads\/2018\/07\/Living-Libations-Linden-Blossoms-Essential-Oil-e1596200506455.jpg\",\"contentUrl\":\"https:\/\/dutchhealthstore.com\/wp-content\/uploads\/2018\/07\/Living-Libations-Linden-Blossoms-Essential-Oil-e1596200506455.jpg\",\"width\":500,\"height\":500,\"caption\":\"Living Libations Linden Blossoms Essential Oil\"},{\"@type\":\"BreadcrumbList\",\"@id\":\"https:\/\/dutchhealthstore.com\/de\/product\/linden-blossoms-essential-oil\/#breadcrumb\",\"itemListElement\":[{\"@type\":\"ListItem\",\"position\":1,\"name\":\"Home\",\"item\":\"https:\/\/dutchhealthstore.com\/de\/\"},{\"@type\":\"ListItem\",\"position\":2,\"name\":\"Shop\",\"item\":\"https:\/\/dutchhealthstore.com\/de\/shop-2\/\"},{\"@type\":\"ListItem\",\"position\":3,\"name\":\"Linden Blossoms Essential Oil\"}]},{\"@type\":\"WebSite\",\"@id\":\"https:\/\/dutchhealthstore.com\/de\/#website\",\"url\":\"https:\/\/dutchhealthstore.com\/de\/\",\"name\":\"Dutch Health Store\",\"description\":\"Enhance Your Beauty with Organic &amp; Natural Skincare\",\"publisher\":{\"@id\":\"https:\/\/dutchhealthstore.com\/de\/#organization\"},\"potentialAction\":[{\"@type\":\"SearchAction\",\"target\":{\"@type\":\"EntryPoint\",\"urlTemplate\":\"https:\/\/dutchhealthstore.com\/de\/?s={search_term_string}\"},\"query-input\":{\"@type\":\"PropertyValueSpecification\",\"valueRequired\":true,\"valueName\":\"search_term_string\"}}],\"inLanguage\":\"de\"},{\"@type\":\"Organization\",\"@id\":\"https:\/\/dutchhealthstore.com\/de\/#organization\",\"name\":\"Dutch Health Store\",\"url\":\"https:\/\/dutchhealthstore.com\/de\/\",\"logo\":{\"@type\":\"ImageObject\",\"inLanguage\":\"de\",\"@id\":\"https:\/\/dutchhealthstore.com\/de\/#\/schema\/logo\/image\/\",\"url\":\"https:\/\/dutchhealthstore.com\/wp-content\/uploads\/2020\/08\/logo-dutchhealthstore-jpg-e1599484957574.jpg\",\"contentUrl\":\"https:\/\/dutchhealthstore.com\/wp-content\/uploads\/2020\/08\/logo-dutchhealthstore-jpg-e1599484957574.jpg\",\"width\":400,\"height\":62,\"caption\":\"Dutch Health Store\"},\"image\":{\"@id\":\"https:\/\/dutchhealthstore.com\/de\/#\/schema\/logo\/image\/\"},\"sameAs\":[\"https:\/\/www.instagram.com\/dutchhealthstore\/\",\"https:\/\/www.facebook.com\/dutchhealthstore\"]}]}<\/script>\n<meta property=\"product:brand\" content=\"Living Libations\" \/>\n<meta property=\"product:price:amount\" content=\"30.00\" \/>\n<meta property=\"product:price:currency\" content=\"EUR\" \/>\n<meta property=\"og:availability\" content=\"instock\" \/>\n<meta property=\"product:availability\" content=\"instock\" \/>\n<meta property=\"product:condition\" content=\"new\" \/>\n<!-- \/ Yoast SEO Premium plugin. -->","yoast_head_json":{"title":"Linden Blossoms Essential Oil - Living Libations","description":"Living Libations liebliche Linden Blossoms Essential Oil verstr\u00f6mt den s\u00fc\u00dfen, blumigen, leicht gr\u00fcnen Duft von Heu, der an einen idyllischen Junitag erinnert.","robots":{"index":"index","follow":"follow","max-snippet":"max-snippet:-1","max-image-preview":"max-image-preview:large","max-video-preview":"max-video-preview:-1"},"canonical":"https:\/\/dutchhealthstore.com\/de\/product\/linden-blossoms-essential-oil\/","og_locale":"de_DE","og_type":"article","og_title":"Linden Blossoms Essential Oil - Dutch Health Store","og_description":"Living Libations liebliche Linden Blossoms Essential Oil verstr\u00f6mt den s\u00fc\u00dfen, blumigen, leicht gr\u00fcnen Duft von Heu, der an einen idyllischen Junitag erinnert.","og_url":"https:\/\/dutchhealthstore.com\/de\/product\/linden-blossoms-essential-oil\/","og_site_name":"Dutch Health Store","article_publisher":"https:\/\/www.instagram.com\/dutchhealthstore\/","article_modified_time":"2024-03-08T14:45:39+00:00","og_image":[{"width":500,"height":500,"url":"https:\/\/dutchhealthstore.com\/wp-content\/uploads\/2018\/07\/Living-Libations-Linden-Blossoms-Essential-Oil-e1596200506455.jpg","type":"image\/jpeg"}],"twitter_card":"summary_large_image","twitter_misc":{"Preis":"&euro;30,00","Verf\u00fcgbarkeit":"Auf Lager"},"schema":{"@context":"https:\/\/schema.org","@graph":[{"@type":"WebPage","@id":"https:\/\/dutchhealthstore.com\/de\/product\/linden-blossoms-essential-oil\/","url":"https:\/\/dutchhealthstore.com\/de\/product\/linden-blossoms-essential-oil\/","name":"Linden Blossoms Essential Oil - Living Libations","isPartOf":{"@id":"https:\/\/dutchhealthstore.com\/de\/#website"},"primaryImageOfPage":{"@id":"https:\/\/dutchhealthstore.com\/de\/product\/linden-blossoms-essential-oil\/#primaryimage"},"image":{"@id":"https:\/\/dutchhealthstore.com\/de\/product\/linden-blossoms-essential-oil\/#primaryimage"},"thumbnailUrl":"https:\/\/dutchhealthstore.com\/wp-content\/uploads\/2018\/07\/Living-Libations-Linden-Blossoms-Essential-Oil-e1596200506455.jpg","datePublished":"2018-07-31T18:23:56+00:00","dateModified":"2024-03-08T14:45:39+00:00","description":"Living Libations liebliche Linden Blossoms Essential Oil verstr\u00f6mt den s\u00fc\u00dfen, blumigen, leicht gr\u00fcnen Duft von Heu, der an einen idyllischen Junitag erinnert.","breadcrumb":{"@id":"https:\/\/dutchhealthstore.com\/de\/product\/linden-blossoms-essential-oil\/#breadcrumb"},"inLanguage":"de","potentialAction":[{"@type":"ReadAction","target":["https:\/\/dutchhealthstore.com\/de\/product\/linden-blossoms-essential-oil\/"]}]},{"@type":"ImageObject","inLanguage":"de","@id":"https:\/\/dutchhealthstore.com\/de\/product\/linden-blossoms-essential-oil\/#primaryimage","url":"https:\/\/dutchhealthstore.com\/wp-content\/uploads\/2018\/07\/Living-Libations-Linden-Blossoms-Essential-Oil-e1596200506455.jpg","contentUrl":"https:\/\/dutchhealthstore.com\/wp-content\/uploads\/2018\/07\/Living-Libations-Linden-Blossoms-Essential-Oil-e1596200506455.jpg","width":500,"height":500,"caption":"Living Libations Linden Blossoms Essential Oil"},{"@type":"BreadcrumbList","@id":"https:\/\/dutchhealthstore.com\/de\/product\/linden-blossoms-essential-oil\/#breadcrumb","itemListElement":[{"@type":"ListItem","position":1,"name":"Home","item":"https:\/\/dutchhealthstore.com\/de\/"},{"@type":"ListItem","position":2,"name":"Shop","item":"https:\/\/dutchhealthstore.com\/de\/shop-2\/"},{"@type":"ListItem","position":3,"name":"Linden Blossoms Essential Oil"}]},{"@type":"WebSite","@id":"https:\/\/dutchhealthstore.com\/de\/#website","url":"https:\/\/dutchhealthstore.com\/de\/","name":"Dutch Health Store","description":"Enhance Your Beauty with Organic &amp; Natural Skincare","publisher":{"@id":"https:\/\/dutchhealthstore.com\/de\/#organization"},"potentialAction":[{"@type":"SearchAction","target":{"@type":"EntryPoint","urlTemplate":"https:\/\/dutchhealthstore.com\/de\/?s={search_term_string}"},"query-input":{"@type":"PropertyValueSpecification","valueRequired":true,"valueName":"search_term_string"}}],"inLanguage":"de"},{"@type":"Organization","@id":"https:\/\/dutchhealthstore.com\/de\/#organization","name":"Dutch Health Store","url":"https:\/\/dutchhealthstore.com\/de\/","logo":{"@type":"ImageObject","inLanguage":"de","@id":"https:\/\/dutchhealthstore.com\/de\/#\/schema\/logo\/image\/","url":"https:\/\/dutchhealthstore.com\/wp-content\/uploads\/2020\/08\/logo-dutchhealthstore-jpg-e1599484957574.jpg","contentUrl":"https:\/\/dutchhealthstore.com\/wp-content\/uploads\/2020\/08\/logo-dutchhealthstore-jpg-e1599484957574.jpg","width":400,"height":62,"caption":"Dutch Health Store"},"image":{"@id":"https:\/\/dutchhealthstore.com\/de\/#\/schema\/logo\/image\/"},"sameAs":["https:\/\/www.instagram.com\/dutchhealthstore\/","https:\/\/www.facebook.com\/dutchhealthstore"]}]},"product_brand":"Living Libations","product_price_amount":"30.00","product_price_currency":"EUR","og_availability":"instock","product_availability":"instock","product_condition":"new"},"_links":{"self":[{"href":"https:\/\/dutchhealthstore.com\/de\/wp-json\/wp\/v2\/product\/120376","targetHints":{"allow":["GET"]}}],"collection":[{"href":"https:\/\/dutchhealthstore.com\/de\/wp-json\/wp\/v2\/product"}],"about":[{"href":"https:\/\/dutchhealthstore.com\/de\/wp-json\/wp\/v2\/types\/product"}],"replies":[{"embeddable":true,"href":"https:\/\/dutchhealthstore.com\/de\/wp-json\/wp\/v2\/comments?post=120376"}],"wp:featuredmedia":[{"embeddable":true,"href":"https:\/\/dutchhealthstore.com\/de\/wp-json\/wp\/v2\/media\/117276"}],"wp:attachment":[{"href":"https:\/\/dutchhealthstore.com\/de\/wp-json\/wp\/v2\/media?parent=120376"}],"wp:term":[{"taxonomy":"product_brand","embeddable":true,"href":"https:\/\/dutchhealthstore.com\/de\/wp-json\/wp\/v2\/product_brand?post=120376"},{"taxonomy":"product_cat","embeddable":true,"href":"https:\/\/dutchhealthstore.com\/de\/wp-json\/wp\/v2\/product_cat?post=120376"},{"taxonomy":"product_tag","embeddable":true,"href":"https:\/\/dutchhealthstore.com\/de\/wp-json\/wp\/v2\/product_tag?post=120376"}],"curies":[{"name":"wp","href":"https:\/\/api.w.org\/{rel}","templated":true}]}}