{"id":120317,"date":"2020-07-14T10:35:26","date_gmt":"2020-07-14T08:35:26","guid":{"rendered":"https:\/\/dutchhealthstore.com\/product\/lime-essential-oil\/"},"modified":"2026-03-28T20:23:04","modified_gmt":"2026-03-28T19:23:04","slug":"lime-essential-oil","status":"publish","type":"product","link":"https:\/\/dutchhealthstore.com\/de\/product\/lime-essential-oil\/","title":{"rendered":"Lime Essential Oil"},"content":{"rendered":"<p><strong><img decoding=\"async\" class=\"size-full wp-image-69549 alignright\" src=\"https:\/\/dutchhealthstore.com\/wp-content\/uploads\/2019\/08\/NEW-Living-Libations-Logo.jpg\" alt=\"NEW - Living Libations - Logo\" width=\"175\" height=\"82\">Botanischer Name:<\/strong> Citrus aurantifolia<br \/>\n<strong>Botanische Familie:<\/strong> Rutaceae<br \/>\n<strong>Extraktionsverfahren:<\/strong> Kalt gepresst<br \/>\n<strong>Teil der Pflanze Destilliert:<\/strong> Schale<br \/>\n<strong>Herkunftsland:<\/strong> Italien<br \/>\n<strong>Anbaumethode<\/strong>: Bio<br \/>\n<strong>Zusammensetzung:<\/strong> 100% Citrus aurantifolia<br \/>\n<strong>Konsistenz:<\/strong> D\u00fcnn<\/p>\n<h3>Beschreibung des Duftes<\/h3>\n<p>Leichte und erfrischende zitrusartige, puckerartige S\u00fc\u00dfe mit einer schwachen Spur von Immergr\u00fcn.<\/p>\n<h3>In Living Libations<\/h3>\n<p>Shine On Hair Conditioner und Green Papaya + Lime Mask<\/p>\n<h3>Gut mischbar mit<\/h3>\n<p>Lavendel, Patchouli, Neroli, Vanille, Bergamotte, Vetiver, Rosmarin, Lorbeer und Zedernholz.<\/p>\n<a href=\"https:\/\/dutchhealthstore.com\/wp-content\/uploads\/2020\/07\/ANALYSIS-Lime-Essential-Oil-Living-Libations.pdf\" class=\"button primary is-primary is-small\"  >\n\t\t<span>ANALYSE DER \u00c4THERISCHEN \u00d6LE &gt;<\/span>\n\t<\/a>\n\n<h3>Verwendet<\/h3>\n<p>Zu kulinarischen Kreationen hinzuf\u00fcgen. Leicht und spritzig in Reinigungsl\u00f6sungen. Diffundieren Sie ihn, um Ihrem Raum Schwung und Sauberkeit zu verleihen.<\/p>\n<p>Unser k\u00f6stliches Lime Essential Oil ist ein wahr gewordener s\u00fc\u00df-saurer Traum. Dieses erfrischende \u00d6l wird aus italienischen Bio-Limettenschalen kalt gepresst und bietet aufregende Zitrusnoten in einem fr\u00f6hlichen Duft, der den K\u00f6rper belebt und den Geist reinigt. Unser Limetten\u00f6l ist s\u00fc\u00df und s\u00e4uerlich, mit genau der richtigen Menge an Attit\u00fcde. Es ist das Ergebnis jahrhundertelanger medizinischer Anwendungen von den alten Persern bis hin zu den Seefahrern der Kolonialzeit.<\/p>\n<p>Die Wurzeln (und die Schalen!) der Limette reichen bis ins alte Babylonien zur\u00fcck, in den heutigen S\u00fcdirak. Von dort aus trugen Seefahrer die Samen der Linde in die ganze Welt und verbreiteten die magische Frucht von S\u00fcdostasien bis nach Amerika.<\/p>\n<p>Der herbe Geschmack unseres Lime Essential Oil l\u00e4sst Muskeln schmelzen, h\u00e4lt das Zahnfleisch in Topform und beruhigt den Magen. Der s\u00fc\u00dfe, frische Duft unseres \u00d6ls hebt nicht nur die Stimmung und befl\u00fcgelt den Geist, er regt auch den Appetit an, wenn man nur einen Hauch von seinem wohlriechenden Geruch wahrnimmt. Wenn Sie eine Flasche unseres Lime Essential Oil in Ihre Aromatherapie-Kollektion aufnehmen, haben Sie eine m\u00e4chtige Wirkung!<\/p>\n<p><strong>Gr\u00f6\u00dfe: 15 ml und 30 ml<\/strong><\/p>\n<h3>Bio-Zutaten<\/h3>\n<p>100% \u00e4therisches Limetten\u00f6l (Citrus aurantifolia).<\/p>\n<p style=\"text-align: center;\"><em>&#8222;Und ich weine, denn die Linde bl\u00fcht, und eine kleine Blume ist auf meinen Busen gefallen.&#8220;<\/em><br \/>\n~ Amy Lowell, Patterns, <strong>1917<\/strong><\/p>\n<p style=\"text-align: center;\"><em>&#8222;Die Limette ist in S\u00fcdasien ein traditionelles Heilmittel und wird in der ayurvedischen Medizin \u00e4hnlich wie die Zitrone verwendet. Als man feststellte, dass Limetten mit ihrem Vitamin-C-Gehalt die Besatzung auf langen Seereisen von Skorbut heilen konnten, wurden sie in den Kolonialgebieten, einschlie\u00dflich Ost- und Westindien, angepflanzt.&#8220;<\/em><br \/>\n~ Vicki Pitman, <strong>Aromatherapy: A Practical Approach<\/strong><\/p>\n<p>&nbsp;<\/p>\n<p><img fetchpriority=\"high\" decoding=\"async\" class=\"size-medium wp-image-68103 aligncenter\" src=\"https:\/\/dutchhealthstore.com\/wp-content\/uploads\/2018\/02\/Living-Libations-Organic-Logo-800x89.png\" alt=\"Living Libations - Organic Logo\" width=\"800\" height=\"89\" srcset=\"https:\/\/dutchhealthstore.com\/wp-content\/uploads\/2018\/02\/Living-Libations-Organic-Logo-800x89.png 800w, https:\/\/dutchhealthstore.com\/wp-content\/uploads\/2018\/02\/Living-Libations-Organic-Logo-510x57.png 510w, https:\/\/dutchhealthstore.com\/wp-content\/uploads\/2018\/02\/Living-Libations-Organic-Logo-768x85.png 768w, https:\/\/dutchhealthstore.com\/wp-content\/uploads\/2018\/02\/Living-Libations-Organic-Logo.png 1400w\" sizes=\"(max-width: 800px) 100vw, 800px\" \/><\/p>\n","protected":false},"excerpt":{"rendered":"<p>Von Ihrem Bauch bis zu Ihren Zehen, von Ihrem Zahnfleisch bis zu Ihrer Nase, unser<strong> Lime Essential Oil<\/strong> ist ein \u00d6l, \u00fcber das Sie froh sein werden, dass Sie es gew\u00e4hlt haben! Limetten\u00f6l ist ein starkes botanisches Biotikum und eine w\u00fcrzige kulinarische Zutat.<br \/>\nEr kann sogar als Aperitif genossen werden, um den Appetit anzuregen &#8211; bon appetit!<\/p>\n","protected":false},"featured_media":29439,"comment_status":"open","ping_status":"closed","template":"","meta":[],"product_brand":[],"product_cat":[6737,1508,1546,1493,1210,6736],"product_tag":[1547],"class_list":{"0":"post-120317","1":"product","2":"type-product","3":"status-publish","4":"has-post-thumbnail","6":"product_cat-essential-oils-de-2","7":"product_cat-aetherische-oele-living-libations","8":"product_cat-essential-oils-living-libations-de","9":"product_cat-living-libations-deutschland","10":"product_cat-marken","11":"product_cat-wellness-de","12":"product_tag-essential-oil-de","13":"pa_brand-livinglibations-de","14":"pa_essential-oils-product-type-essential-oils-de","15":"pa_size-15-ml-de-2","16":"pa_size-30-ml-de","18":"first","19":"instock","20":"taxable","21":"shipping-taxable","22":"purchasable","23":"product-type-variable"},"bundled_by":[],"bundle_stock_status":"instock","bundle_stock_quantity":null,"bundle_virtual":false,"bundle_layout":"","bundle_add_to_cart_form_location":"","bundle_editable_in_cart":false,"bundle_sold_individually_context":"","bundle_item_grouping":"","bundle_min_size":"","bundle_max_size":"","bundle_price":[],"bundled_items":[],"bundle_sell_ids":[],"atum_controlled":true,"out_stock_date":null,"out_stock_threshold":null,"inheritable":true,"stock_on_hold":0,"sold_today":0,"sales_last_days":0,"out_stock_days":0,"lost_sales":0,"update_date":"2026-05-01T00:14:31","atum_locations":[],"atum_stock_status":"instock","restock_status":false,"low_stock_amount":"","sales_update_date":"2026-05-01T00:14:31","calc_backorders":null,"group_of_quantity":0,"min_quantity":0,"max_quantity":"","exclude_order_quantity_value_rules":"no","exclude_category_quantity_rules":"no","combine_variations":"no","yoast_head":"<!-- This site is optimized with the Yoast SEO Premium plugin v26.5 (Yoast SEO v26.5) - https:\/\/yoast.com\/wordpress\/plugins\/seo\/ -->\n<title>Lime Essential Oil | Living Libations<\/title>\n<meta name=\"description\" content=\"Limetten\u00f6l ist ein starkes botanisches Biotikum und eine w\u00fcrzige kulinarische Zutat. Er kann sogar als Aperitif genossen werden, um den Appetit anzuregen - bon appetit!\" \/>\n<meta name=\"robots\" content=\"index, follow, max-snippet:-1, max-image-preview:large, max-video-preview:-1\" \/>\n<link rel=\"canonical\" href=\"https:\/\/dutchhealthstore.com\/de\/product\/lime-essential-oil\/\" \/>\n<meta property=\"og:locale\" content=\"de_DE\" \/>\n<meta property=\"og:type\" content=\"article\" \/>\n<meta property=\"og:title\" content=\"Lime Essential Oil - Dutch Health Store\" \/>\n<meta property=\"og:description\" content=\"Limetten\u00f6l ist ein starkes botanisches Biotikum und eine w\u00fcrzige kulinarische Zutat. Er kann sogar als Aperitif genossen werden, um den Appetit anzuregen - bon appetit!\" \/>\n<meta property=\"og:url\" content=\"https:\/\/dutchhealthstore.com\/de\/product\/lime-essential-oil\/\" \/>\n<meta property=\"og:site_name\" content=\"Dutch Health Store\" \/>\n<meta property=\"article:publisher\" content=\"https:\/\/www.instagram.com\/dutchhealthstore\/\" \/>\n<meta property=\"article:modified_time\" content=\"2026-03-28T19:23:04+00:00\" \/>\n<meta property=\"og:image\" content=\"https:\/\/dutchhealthstore.com\/wp-content\/uploads\/2018\/02\/Lime_Essential_Oil_Living_Libations-1.jpg\" \/>\n\t<meta property=\"og:image:width\" content=\"500\" \/>\n\t<meta property=\"og:image:height\" content=\"503\" \/>\n\t<meta property=\"og:image:type\" content=\"image\/jpeg\" \/>\n<meta name=\"twitter:card\" content=\"summary_large_image\" \/>\n<meta name=\"twitter:label1\" content=\"Verf\u00fcgbarkeit\" \/>\n\t<meta name=\"twitter:data1\" content=\"Auf Lager\" \/>\n<script type=\"application\/ld+json\" class=\"yoast-schema-graph\">{\"@context\":\"https:\/\/schema.org\",\"@graph\":[{\"@type\":\"WebPage\",\"@id\":\"https:\/\/dutchhealthstore.com\/de\/product\/lime-essential-oil\/\",\"url\":\"https:\/\/dutchhealthstore.com\/de\/product\/lime-essential-oil\/\",\"name\":\"Lime Essential Oil | Living Libations\",\"isPartOf\":{\"@id\":\"https:\/\/dutchhealthstore.com\/de\/#website\"},\"primaryImageOfPage\":{\"@id\":\"https:\/\/dutchhealthstore.com\/de\/product\/lime-essential-oil\/#primaryimage\"},\"image\":{\"@id\":\"https:\/\/dutchhealthstore.com\/de\/product\/lime-essential-oil\/#primaryimage\"},\"thumbnailUrl\":\"https:\/\/dutchhealthstore.com\/wp-content\/uploads\/2018\/02\/Lime_Essential_Oil_Living_Libations-1.jpg\",\"datePublished\":\"2020-07-14T08:35:26+00:00\",\"dateModified\":\"2026-03-28T19:23:04+00:00\",\"description\":\"Limetten\u00f6l ist ein starkes botanisches Biotikum und eine w\u00fcrzige kulinarische Zutat. Er kann sogar als Aperitif genossen werden, um den Appetit anzuregen - bon appetit!\",\"breadcrumb\":{\"@id\":\"https:\/\/dutchhealthstore.com\/de\/product\/lime-essential-oil\/#breadcrumb\"},\"inLanguage\":\"de\",\"potentialAction\":[{\"@type\":\"ReadAction\",\"target\":[\"https:\/\/dutchhealthstore.com\/de\/product\/lime-essential-oil\/\"]}]},{\"@type\":\"ImageObject\",\"inLanguage\":\"de\",\"@id\":\"https:\/\/dutchhealthstore.com\/de\/product\/lime-essential-oil\/#primaryimage\",\"url\":\"https:\/\/dutchhealthstore.com\/wp-content\/uploads\/2018\/02\/Lime_Essential_Oil_Living_Libations-1.jpg\",\"contentUrl\":\"https:\/\/dutchhealthstore.com\/wp-content\/uploads\/2018\/02\/Lime_Essential_Oil_Living_Libations-1.jpg\",\"width\":500,\"height\":503,\"caption\":\"Lime Essential Oil - Living Libations\"},{\"@type\":\"BreadcrumbList\",\"@id\":\"https:\/\/dutchhealthstore.com\/de\/product\/lime-essential-oil\/#breadcrumb\",\"itemListElement\":[{\"@type\":\"ListItem\",\"position\":1,\"name\":\"Home\",\"item\":\"https:\/\/dutchhealthstore.com\/de\/\"},{\"@type\":\"ListItem\",\"position\":2,\"name\":\"Shop\",\"item\":\"https:\/\/dutchhealthstore.com\/de\/shop-2\/\"},{\"@type\":\"ListItem\",\"position\":3,\"name\":\"Lime Essential Oil\"}]},{\"@type\":\"WebSite\",\"@id\":\"https:\/\/dutchhealthstore.com\/de\/#website\",\"url\":\"https:\/\/dutchhealthstore.com\/de\/\",\"name\":\"Dutch Health Store\",\"description\":\"Enhance Your Beauty with Organic &amp; Natural Skincare\",\"publisher\":{\"@id\":\"https:\/\/dutchhealthstore.com\/de\/#organization\"},\"potentialAction\":[{\"@type\":\"SearchAction\",\"target\":{\"@type\":\"EntryPoint\",\"urlTemplate\":\"https:\/\/dutchhealthstore.com\/de\/?s={search_term_string}\"},\"query-input\":{\"@type\":\"PropertyValueSpecification\",\"valueRequired\":true,\"valueName\":\"search_term_string\"}}],\"inLanguage\":\"de\"},{\"@type\":\"Organization\",\"@id\":\"https:\/\/dutchhealthstore.com\/de\/#organization\",\"name\":\"Dutch Health Store\",\"url\":\"https:\/\/dutchhealthstore.com\/de\/\",\"logo\":{\"@type\":\"ImageObject\",\"inLanguage\":\"de\",\"@id\":\"https:\/\/dutchhealthstore.com\/de\/#\/schema\/logo\/image\/\",\"url\":\"https:\/\/dutchhealthstore.com\/wp-content\/uploads\/2020\/08\/logo-dutchhealthstore-jpg-e1599484957574.jpg\",\"contentUrl\":\"https:\/\/dutchhealthstore.com\/wp-content\/uploads\/2020\/08\/logo-dutchhealthstore-jpg-e1599484957574.jpg\",\"width\":400,\"height\":62,\"caption\":\"Dutch Health Store\"},\"image\":{\"@id\":\"https:\/\/dutchhealthstore.com\/de\/#\/schema\/logo\/image\/\"},\"sameAs\":[\"https:\/\/www.instagram.com\/dutchhealthstore\/\",\"https:\/\/www.facebook.com\/dutchhealthstore\"]}]}<\/script>\n<meta property=\"product:brand\" content=\"Living Libations\" \/>\n<meta property=\"og:availability\" content=\"instock\" \/>\n<meta property=\"product:availability\" content=\"instock\" \/>\n<meta property=\"product:condition\" content=\"new\" \/>\n<!-- \/ Yoast SEO Premium plugin. -->","yoast_head_json":{"title":"Lime Essential Oil | Living Libations","description":"Limetten\u00f6l ist ein starkes botanisches Biotikum und eine w\u00fcrzige kulinarische Zutat. Er kann sogar als Aperitif genossen werden, um den Appetit anzuregen - bon appetit!","robots":{"index":"index","follow":"follow","max-snippet":"max-snippet:-1","max-image-preview":"max-image-preview:large","max-video-preview":"max-video-preview:-1"},"canonical":"https:\/\/dutchhealthstore.com\/de\/product\/lime-essential-oil\/","og_locale":"de_DE","og_type":"article","og_title":"Lime Essential Oil - Dutch Health Store","og_description":"Limetten\u00f6l ist ein starkes botanisches Biotikum und eine w\u00fcrzige kulinarische Zutat. Er kann sogar als Aperitif genossen werden, um den Appetit anzuregen - bon appetit!","og_url":"https:\/\/dutchhealthstore.com\/de\/product\/lime-essential-oil\/","og_site_name":"Dutch Health Store","article_publisher":"https:\/\/www.instagram.com\/dutchhealthstore\/","article_modified_time":"2026-03-28T19:23:04+00:00","og_image":[{"width":500,"height":503,"url":"https:\/\/dutchhealthstore.com\/wp-content\/uploads\/2018\/02\/Lime_Essential_Oil_Living_Libations-1.jpg","type":"image\/jpeg"}],"twitter_card":"summary_large_image","twitter_misc":{"Verf\u00fcgbarkeit":"Auf Lager"},"schema":{"@context":"https:\/\/schema.org","@graph":[{"@type":"WebPage","@id":"https:\/\/dutchhealthstore.com\/de\/product\/lime-essential-oil\/","url":"https:\/\/dutchhealthstore.com\/de\/product\/lime-essential-oil\/","name":"Lime Essential Oil | Living Libations","isPartOf":{"@id":"https:\/\/dutchhealthstore.com\/de\/#website"},"primaryImageOfPage":{"@id":"https:\/\/dutchhealthstore.com\/de\/product\/lime-essential-oil\/#primaryimage"},"image":{"@id":"https:\/\/dutchhealthstore.com\/de\/product\/lime-essential-oil\/#primaryimage"},"thumbnailUrl":"https:\/\/dutchhealthstore.com\/wp-content\/uploads\/2018\/02\/Lime_Essential_Oil_Living_Libations-1.jpg","datePublished":"2020-07-14T08:35:26+00:00","dateModified":"2026-03-28T19:23:04+00:00","description":"Limetten\u00f6l ist ein starkes botanisches Biotikum und eine w\u00fcrzige kulinarische Zutat. Er kann sogar als Aperitif genossen werden, um den Appetit anzuregen - bon appetit!","breadcrumb":{"@id":"https:\/\/dutchhealthstore.com\/de\/product\/lime-essential-oil\/#breadcrumb"},"inLanguage":"de","potentialAction":[{"@type":"ReadAction","target":["https:\/\/dutchhealthstore.com\/de\/product\/lime-essential-oil\/"]}]},{"@type":"ImageObject","inLanguage":"de","@id":"https:\/\/dutchhealthstore.com\/de\/product\/lime-essential-oil\/#primaryimage","url":"https:\/\/dutchhealthstore.com\/wp-content\/uploads\/2018\/02\/Lime_Essential_Oil_Living_Libations-1.jpg","contentUrl":"https:\/\/dutchhealthstore.com\/wp-content\/uploads\/2018\/02\/Lime_Essential_Oil_Living_Libations-1.jpg","width":500,"height":503,"caption":"Lime Essential Oil - Living Libations"},{"@type":"BreadcrumbList","@id":"https:\/\/dutchhealthstore.com\/de\/product\/lime-essential-oil\/#breadcrumb","itemListElement":[{"@type":"ListItem","position":1,"name":"Home","item":"https:\/\/dutchhealthstore.com\/de\/"},{"@type":"ListItem","position":2,"name":"Shop","item":"https:\/\/dutchhealthstore.com\/de\/shop-2\/"},{"@type":"ListItem","position":3,"name":"Lime Essential Oil"}]},{"@type":"WebSite","@id":"https:\/\/dutchhealthstore.com\/de\/#website","url":"https:\/\/dutchhealthstore.com\/de\/","name":"Dutch Health Store","description":"Enhance Your Beauty with Organic &amp; Natural Skincare","publisher":{"@id":"https:\/\/dutchhealthstore.com\/de\/#organization"},"potentialAction":[{"@type":"SearchAction","target":{"@type":"EntryPoint","urlTemplate":"https:\/\/dutchhealthstore.com\/de\/?s={search_term_string}"},"query-input":{"@type":"PropertyValueSpecification","valueRequired":true,"valueName":"search_term_string"}}],"inLanguage":"de"},{"@type":"Organization","@id":"https:\/\/dutchhealthstore.com\/de\/#organization","name":"Dutch Health Store","url":"https:\/\/dutchhealthstore.com\/de\/","logo":{"@type":"ImageObject","inLanguage":"de","@id":"https:\/\/dutchhealthstore.com\/de\/#\/schema\/logo\/image\/","url":"https:\/\/dutchhealthstore.com\/wp-content\/uploads\/2020\/08\/logo-dutchhealthstore-jpg-e1599484957574.jpg","contentUrl":"https:\/\/dutchhealthstore.com\/wp-content\/uploads\/2020\/08\/logo-dutchhealthstore-jpg-e1599484957574.jpg","width":400,"height":62,"caption":"Dutch Health Store"},"image":{"@id":"https:\/\/dutchhealthstore.com\/de\/#\/schema\/logo\/image\/"},"sameAs":["https:\/\/www.instagram.com\/dutchhealthstore\/","https:\/\/www.facebook.com\/dutchhealthstore"]}]},"product_brand":"Living Libations","og_availability":"instock","product_availability":"instock","product_condition":"new"},"_links":{"self":[{"href":"https:\/\/dutchhealthstore.com\/de\/wp-json\/wp\/v2\/product\/120317","targetHints":{"allow":["GET"]}}],"collection":[{"href":"https:\/\/dutchhealthstore.com\/de\/wp-json\/wp\/v2\/product"}],"about":[{"href":"https:\/\/dutchhealthstore.com\/de\/wp-json\/wp\/v2\/types\/product"}],"replies":[{"embeddable":true,"href":"https:\/\/dutchhealthstore.com\/de\/wp-json\/wp\/v2\/comments?post=120317"}],"wp:featuredmedia":[{"embeddable":true,"href":"https:\/\/dutchhealthstore.com\/de\/wp-json\/wp\/v2\/media\/29439"}],"wp:attachment":[{"href":"https:\/\/dutchhealthstore.com\/de\/wp-json\/wp\/v2\/media?parent=120317"}],"wp:term":[{"taxonomy":"product_brand","embeddable":true,"href":"https:\/\/dutchhealthstore.com\/de\/wp-json\/wp\/v2\/product_brand?post=120317"},{"taxonomy":"product_cat","embeddable":true,"href":"https:\/\/dutchhealthstore.com\/de\/wp-json\/wp\/v2\/product_cat?post=120317"},{"taxonomy":"product_tag","embeddable":true,"href":"https:\/\/dutchhealthstore.com\/de\/wp-json\/wp\/v2\/product_tag?post=120317"}],"curies":[{"name":"wp","href":"https:\/\/api.w.org\/{rel}","templated":true}]}}