{"id":120246,"date":"2020-06-23T09:17:47","date_gmt":"2020-06-23T07:17:47","guid":{"rendered":"https:\/\/dutchhealthstore.com\/product\/lemon-tea-tree-essential-oil\/"},"modified":"2025-12-11T09:43:12","modified_gmt":"2025-12-11T08:43:12","slug":"lemon-tea-tree-essential-oil","status":"publish","type":"product","link":"https:\/\/dutchhealthstore.com\/de\/product\/lemon-tea-tree-essential-oil\/","title":{"rendered":"Lemon Tea Tree Essential Oil"},"content":{"rendered":"<p><img decoding=\"async\" class=\"size-full wp-image-69549 alignright\" src=\"https:\/\/dutchhealthstore.com\/wp-content\/uploads\/2019\/08\/NEW-Living-Libations-Logo.jpg\" alt=\"NEW - Living Libations - Logo\" width=\"175\" height=\"82\"><\/p>\n<p><strong>Botanischer Name:<\/strong> Leptospermum petersonii<br \/>\n<strong>Botanische Familie:<\/strong> Myrtaceae<br \/>\n<strong>Extraktionsverfahren:<\/strong> Dampfdestilliert<br \/>\n<strong>Teil der Pflanze Destilliert:<\/strong> Bl\u00e4tter und Bl\u00fcten<br \/>\n<strong>Herkunftsland:<\/strong> Neus\u00fcdwales<br \/>\n<strong>Anbaumethode:<\/strong> Wildwachsend<br \/>\n<strong>Zusammensetzung:<\/strong> 100% Leptospermum petersonii<br \/>\n<strong>Konsistenz:<\/strong> D\u00fcnne Viskosit\u00e4t<\/p>\n<h3>Beschreibung des Duftes<\/h3>\n<p>Spritzige, scharfe, spritzige Zitrone mit zarten Rosennoten.<\/p>\n<h3>Gut mischbar mit<\/h3>\n<p>Bergamotte, Lavendel, Limette, Zitrone, Palmarosa, S\u00fc\u00dfer Thymian, Sandelholz, Eukalyptus, Teebaum, Muskatellersalbei, Kiefer, Tanne, Fichte, Majoran und Ylang.<\/p>\n<h3>Verwendet<\/h3>\n<p>Herrlich zu diffundieren und in unserer Salzpfeife zu verwenden, um die Atmung zu beleben. Reinigen Sie die Luft und die R\u00e4ume, indem Sie dieses \u00d6l dem Wischwasser, der Sp\u00fclseife, den Badreinigern und den Arbeitsplattensprays hinzuf\u00fcgen. Genie\u00dfen Sie es in B\u00e4dern, Deodorants und Massagemischungen.<\/p>\n<h3>Kontraindikationen<\/h3>\n<p>Der hohe Citral-Gehalt des \u00d6ls kann bei manchen Menschen zu einer Sensibilisierung der Haut f\u00fchren. Vor der Anwendung auf der Haut verd\u00fcnnen und nicht auf verletzter Haut anwenden.<\/p>\n<h3>Inhaltsstoffe<\/h3>\n<p>Citronellal, Geranial und Neral zusammen mit Eugenol, Pinen und Kohlenwasserstoffen.<\/p>\n<a href=\"https:\/\/dutchhealthstore.com\/wp-content\/uploads\/2020\/06\/ANALYSIS-Lemon-Tea-Tree-Essential-Oil-Living-Libations-3.pdf\" class=\"button primary is-primary is-small\"  >\n\t\t<span>ANALYSE DER \u00c4THERISCHEN \u00d6LE &gt;<\/span>\n\t<\/a>\n\n<p>Unser lebhaftes Lemon Tea Tree oil geh\u00f6rt zur Gattung der Myrtaceae und ist enger mit Manuka verwandt als mit Teebaum, der zur Gattung der Melaleuca geh\u00f6rt. Diese spritzige Essenz enth\u00e4lt zahlreiche pflanzliche Komponenten, die ein breites Wirkungsspektrum f\u00fcr die allgemeine K\u00f6rper- und Hautpflege bieten, sowie insektenabwehrende Eigenschaften, umh\u00fcllt von einer aromatischen Decke aus s\u00fc\u00dfen Zitrusfr\u00fcchten. Dieses blitzsaubere Zitronen-Evergreen belebt die Atmung und ist gleichzeitig ein belebendes Elixier.<\/p>\n<p>Mit seinem s\u00fc\u00dfen Duft ist Lemon Tea Tree oil eine aromatische Fundgrube, die mit ihrem erfrischend spritzigen Aroma als nat\u00fcrliche Reinigungsl\u00f6sung f\u00fcr den Haushalt gl\u00e4nzt.<\/p>\n<p>Kl\u00e4ren Sie Ihr Zuhause, kl\u00e4ren Sie die Energie, kl\u00e4ren Sie den Verstand, kl\u00e4ren Sie den Atem und kl\u00e4ren Sie den Geist!<\/p>\n<p><strong>Gr\u00f6\u00dfe: 5 ml<\/strong><\/p>\n<h3>Bio-Zutaten<\/h3>\n<p>\u00c4therisches \u00d6l aus 100% Zitronenteebaum (Leptospermum petersonii).<\/p>\n<p><img fetchpriority=\"high\" decoding=\"async\" class=\"size-medium wp-i age-68103 aligncenter\" src=\"https:\/\/dutchhealthstore.com\/wp-content\/uploads\/2018\/02\/Living-Libations-Organic-Logo-800x89.png\" alt=\"Living Libations - Organic Logo\" width=\"800\" height=\"89\"><\/p>\n","protected":false},"excerpt":{"rendered":"<p>Lebendiges <strong>Lemon Tea Tree Essential Oil<\/strong> wird aus dem australischen Lemon-Scented Tea Tree gewonnen, einem aromatischen Strauch, der im Fr\u00fchjahr und Sommer duftende rosa und wei\u00dfe Bl\u00fcten treibt.<br \/>\nLemon Tea Tree oil hat ein kr\u00e4ftiges, zitroniges Aroma mit einem Hauch von Rosennuancen. Diese Essenz kann als belebendes Reinigungsmittel, zum Erfrischen und Reinigen der Luft, zur Insektenpflege und als vitalisierendes, spritziges \u00d6l verwendet werden, um K\u00f6rper und Geist zu beleben.<\/p>\n","protected":false},"featured_media":108579,"comment_status":"open","ping_status":"closed","template":"","meta":[],"product_brand":[],"product_cat":[1508,1546,6737,1493,1210,6736],"product_tag":[1547],"class_list":{"0":"post-120246","1":"product","2":"type-product","3":"status-publish","4":"has-post-thumbnail","6":"product_cat-aetherische-oele-living-libations","7":"product_cat-essential-oils-living-libations-de","8":"product_cat-essential-oils-de-2","9":"product_cat-living-libations-deutschland","10":"product_cat-marken","11":"product_cat-wellness-de","12":"product_tag-essential-oil-de","13":"pa_brand-livinglibations-de","14":"pa_essential-oils-product-type-essential-oils-de","15":"pa_size-5-ml-de","17":"first","18":"instock","19":"taxable","20":"shipping-taxable","21":"purchasable","22":"product-type-simple"},"bundled_by":[],"bundle_stock_status":"instock","bundle_stock_quantity":1,"bundle_virtual":false,"bundle_layout":"","bundle_add_to_cart_form_location":"","bundle_editable_in_cart":false,"bundle_sold_individually_context":"","bundle_item_grouping":"","bundle_min_size":"","bundle_max_size":"","bundle_price":[],"bundled_items":[],"bundle_sell_ids":[],"atum_controlled":true,"out_stock_date":null,"out_stock_threshold":null,"inheritable":false,"stock_on_hold":0,"sold_today":0,"sales_last_days":0,"out_stock_days":0,"lost_sales":0,"update_date":"2026-04-16T00:05:10","atum_locations":[],"atum_stock_status":"instock","restock_status":false,"low_stock_amount":"","sales_update_date":"2026-04-16T00:05:10","calc_backorders":null,"group_of_quantity":0,"min_quantity":0,"max_quantity":"","exclude_order_quantity_value_rules":"no","exclude_category_quantity_rules":"no","combine_variations":"no","yoast_head":"<!-- This site is optimized with the Yoast SEO Premium plugin v26.5 (Yoast SEO v26.5) - https:\/\/yoast.com\/wordpress\/plugins\/seo\/ -->\n<title>Lemon Tea Tree Essential Oil | Living Libations<\/title>\n<meta name=\"description\" content=\"Diese Essenz kann als belebender Reiniger verwendet werden, um die Luft zu erfrischen und zu reinigen, und als vitalisierendes, spritziges \u00d6l, um K\u00f6rper und Geist in Schwung zu bringen.\" \/>\n<meta name=\"robots\" content=\"index, follow, max-snippet:-1, max-image-preview:large, max-video-preview:-1\" \/>\n<link rel=\"canonical\" href=\"https:\/\/dutchhealthstore.com\/de\/product\/lemon-tea-tree-essential-oil\/\" \/>\n<meta property=\"og:locale\" content=\"de_DE\" \/>\n<meta property=\"og:type\" content=\"article\" \/>\n<meta property=\"og:title\" content=\"Lemon Tea Tree Essential Oil - Dutch Health Store\" \/>\n<meta property=\"og:description\" content=\"Diese Essenz kann als belebender Reiniger verwendet werden, um die Luft zu erfrischen und zu reinigen, und als vitalisierendes, spritziges \u00d6l, um K\u00f6rper und Geist in Schwung zu bringen.\" \/>\n<meta property=\"og:url\" content=\"https:\/\/dutchhealthstore.com\/de\/product\/lemon-tea-tree-essential-oil\/\" \/>\n<meta property=\"og:site_name\" content=\"Dutch Health Store\" \/>\n<meta property=\"article:publisher\" content=\"https:\/\/www.instagram.com\/dutchhealthstore\/\" \/>\n<meta property=\"article:modified_time\" content=\"2025-12-11T08:43:12+00:00\" \/>\n<meta property=\"og:image\" content=\"https:\/\/dutchhealthstore.com\/wp-content\/uploads\/2020\/06\/living-libations-Lemon-Tree-Essential-Oil-e1592902530394.jpg\" \/>\n\t<meta property=\"og:image:width\" content=\"500\" \/>\n\t<meta property=\"og:image:height\" content=\"500\" \/>\n\t<meta property=\"og:image:type\" content=\"image\/jpeg\" \/>\n<meta name=\"twitter:card\" content=\"summary_large_image\" \/>\n<meta name=\"twitter:label1\" content=\"Preis\" \/>\n\t<meta name=\"twitter:data1\" content=\"&euro;17,00\" \/>\n\t<meta name=\"twitter:label2\" content=\"Verf\u00fcgbarkeit\" \/>\n\t<meta name=\"twitter:data2\" content=\"Auf Lager\" \/>\n<script type=\"application\/ld+json\" class=\"yoast-schema-graph\">{\"@context\":\"https:\/\/schema.org\",\"@graph\":[{\"@type\":\"WebPage\",\"@id\":\"https:\/\/dutchhealthstore.com\/de\/product\/lemon-tea-tree-essential-oil\/\",\"url\":\"https:\/\/dutchhealthstore.com\/de\/product\/lemon-tea-tree-essential-oil\/\",\"name\":\"Lemon Tea Tree Essential Oil | Living Libations\",\"isPartOf\":{\"@id\":\"https:\/\/dutchhealthstore.com\/de\/#website\"},\"primaryImageOfPage\":{\"@id\":\"https:\/\/dutchhealthstore.com\/de\/product\/lemon-tea-tree-essential-oil\/#primaryimage\"},\"image\":{\"@id\":\"https:\/\/dutchhealthstore.com\/de\/product\/lemon-tea-tree-essential-oil\/#primaryimage\"},\"thumbnailUrl\":\"https:\/\/dutchhealthstore.com\/wp-content\/uploads\/2020\/06\/living-libations-Lemon-Tree-Essential-Oil-e1592902530394.jpg\",\"datePublished\":\"2020-06-23T07:17:47+00:00\",\"dateModified\":\"2025-12-11T08:43:12+00:00\",\"description\":\"Diese Essenz kann als belebender Reiniger verwendet werden, um die Luft zu erfrischen und zu reinigen, und als vitalisierendes, spritziges \u00d6l, um K\u00f6rper und Geist in Schwung zu bringen.\",\"breadcrumb\":{\"@id\":\"https:\/\/dutchhealthstore.com\/de\/product\/lemon-tea-tree-essential-oil\/#breadcrumb\"},\"inLanguage\":\"de\",\"potentialAction\":[{\"@type\":\"ReadAction\",\"target\":[\"https:\/\/dutchhealthstore.com\/de\/product\/lemon-tea-tree-essential-oil\/\"]}]},{\"@type\":\"ImageObject\",\"inLanguage\":\"de\",\"@id\":\"https:\/\/dutchhealthstore.com\/de\/product\/lemon-tea-tree-essential-oil\/#primaryimage\",\"url\":\"https:\/\/dutchhealthstore.com\/wp-content\/uploads\/2020\/06\/living-libations-Lemon-Tree-Essential-Oil-e1592902530394.jpg\",\"contentUrl\":\"https:\/\/dutchhealthstore.com\/wp-content\/uploads\/2020\/06\/living-libations-Lemon-Tree-Essential-Oil-e1592902530394.jpg\",\"width\":500,\"height\":500,\"caption\":\"living libations Lemon Tree Essential Oil\"},{\"@type\":\"BreadcrumbList\",\"@id\":\"https:\/\/dutchhealthstore.com\/de\/product\/lemon-tea-tree-essential-oil\/#breadcrumb\",\"itemListElement\":[{\"@type\":\"ListItem\",\"position\":1,\"name\":\"Home\",\"item\":\"https:\/\/dutchhealthstore.com\/de\/\"},{\"@type\":\"ListItem\",\"position\":2,\"name\":\"Shop\",\"item\":\"https:\/\/dutchhealthstore.com\/de\/shop-2\/\"},{\"@type\":\"ListItem\",\"position\":3,\"name\":\"Lemon Tea Tree Essential Oil\"}]},{\"@type\":\"WebSite\",\"@id\":\"https:\/\/dutchhealthstore.com\/de\/#website\",\"url\":\"https:\/\/dutchhealthstore.com\/de\/\",\"name\":\"Dutch Health Store\",\"description\":\"Enhance Your Beauty with Organic &amp; Natural Skincare\",\"publisher\":{\"@id\":\"https:\/\/dutchhealthstore.com\/de\/#organization\"},\"potentialAction\":[{\"@type\":\"SearchAction\",\"target\":{\"@type\":\"EntryPoint\",\"urlTemplate\":\"https:\/\/dutchhealthstore.com\/de\/?s={search_term_string}\"},\"query-input\":{\"@type\":\"PropertyValueSpecification\",\"valueRequired\":true,\"valueName\":\"search_term_string\"}}],\"inLanguage\":\"de\"},{\"@type\":\"Organization\",\"@id\":\"https:\/\/dutchhealthstore.com\/de\/#organization\",\"name\":\"Dutch Health Store\",\"url\":\"https:\/\/dutchhealthstore.com\/de\/\",\"logo\":{\"@type\":\"ImageObject\",\"inLanguage\":\"de\",\"@id\":\"https:\/\/dutchhealthstore.com\/de\/#\/schema\/logo\/image\/\",\"url\":\"https:\/\/dutchhealthstore.com\/wp-content\/uploads\/2020\/08\/logo-dutchhealthstore-jpg-e1599484957574.jpg\",\"contentUrl\":\"https:\/\/dutchhealthstore.com\/wp-content\/uploads\/2020\/08\/logo-dutchhealthstore-jpg-e1599484957574.jpg\",\"width\":400,\"height\":62,\"caption\":\"Dutch Health Store\"},\"image\":{\"@id\":\"https:\/\/dutchhealthstore.com\/de\/#\/schema\/logo\/image\/\"},\"sameAs\":[\"https:\/\/www.instagram.com\/dutchhealthstore\/\",\"https:\/\/www.facebook.com\/dutchhealthstore\"]}]}<\/script>\n<meta property=\"product:brand\" content=\"Living Libations\" \/>\n<meta property=\"product:price:amount\" content=\"17.00\" \/>\n<meta property=\"product:price:currency\" content=\"EUR\" \/>\n<meta property=\"og:availability\" content=\"instock\" \/>\n<meta property=\"product:availability\" content=\"instock\" \/>\n<meta property=\"product:condition\" content=\"new\" \/>\n<!-- \/ Yoast SEO Premium plugin. -->","yoast_head_json":{"title":"Lemon Tea Tree Essential Oil | Living Libations","description":"Diese Essenz kann als belebender Reiniger verwendet werden, um die Luft zu erfrischen und zu reinigen, und als vitalisierendes, spritziges \u00d6l, um K\u00f6rper und Geist in Schwung zu bringen.","robots":{"index":"index","follow":"follow","max-snippet":"max-snippet:-1","max-image-preview":"max-image-preview:large","max-video-preview":"max-video-preview:-1"},"canonical":"https:\/\/dutchhealthstore.com\/de\/product\/lemon-tea-tree-essential-oil\/","og_locale":"de_DE","og_type":"article","og_title":"Lemon Tea Tree Essential Oil - Dutch Health Store","og_description":"Diese Essenz kann als belebender Reiniger verwendet werden, um die Luft zu erfrischen und zu reinigen, und als vitalisierendes, spritziges \u00d6l, um K\u00f6rper und Geist in Schwung zu bringen.","og_url":"https:\/\/dutchhealthstore.com\/de\/product\/lemon-tea-tree-essential-oil\/","og_site_name":"Dutch Health Store","article_publisher":"https:\/\/www.instagram.com\/dutchhealthstore\/","article_modified_time":"2025-12-11T08:43:12+00:00","og_image":[{"width":500,"height":500,"url":"https:\/\/dutchhealthstore.com\/wp-content\/uploads\/2020\/06\/living-libations-Lemon-Tree-Essential-Oil-e1592902530394.jpg","type":"image\/jpeg"}],"twitter_card":"summary_large_image","twitter_misc":{"Preis":"&euro;17,00","Verf\u00fcgbarkeit":"Auf Lager"},"schema":{"@context":"https:\/\/schema.org","@graph":[{"@type":"WebPage","@id":"https:\/\/dutchhealthstore.com\/de\/product\/lemon-tea-tree-essential-oil\/","url":"https:\/\/dutchhealthstore.com\/de\/product\/lemon-tea-tree-essential-oil\/","name":"Lemon Tea Tree Essential Oil | Living Libations","isPartOf":{"@id":"https:\/\/dutchhealthstore.com\/de\/#website"},"primaryImageOfPage":{"@id":"https:\/\/dutchhealthstore.com\/de\/product\/lemon-tea-tree-essential-oil\/#primaryimage"},"image":{"@id":"https:\/\/dutchhealthstore.com\/de\/product\/lemon-tea-tree-essential-oil\/#primaryimage"},"thumbnailUrl":"https:\/\/dutchhealthstore.com\/wp-content\/uploads\/2020\/06\/living-libations-Lemon-Tree-Essential-Oil-e1592902530394.jpg","datePublished":"2020-06-23T07:17:47+00:00","dateModified":"2025-12-11T08:43:12+00:00","description":"Diese Essenz kann als belebender Reiniger verwendet werden, um die Luft zu erfrischen und zu reinigen, und als vitalisierendes, spritziges \u00d6l, um K\u00f6rper und Geist in Schwung zu bringen.","breadcrumb":{"@id":"https:\/\/dutchhealthstore.com\/de\/product\/lemon-tea-tree-essential-oil\/#breadcrumb"},"inLanguage":"de","potentialAction":[{"@type":"ReadAction","target":["https:\/\/dutchhealthstore.com\/de\/product\/lemon-tea-tree-essential-oil\/"]}]},{"@type":"ImageObject","inLanguage":"de","@id":"https:\/\/dutchhealthstore.com\/de\/product\/lemon-tea-tree-essential-oil\/#primaryimage","url":"https:\/\/dutchhealthstore.com\/wp-content\/uploads\/2020\/06\/living-libations-Lemon-Tree-Essential-Oil-e1592902530394.jpg","contentUrl":"https:\/\/dutchhealthstore.com\/wp-content\/uploads\/2020\/06\/living-libations-Lemon-Tree-Essential-Oil-e1592902530394.jpg","width":500,"height":500,"caption":"living libations Lemon Tree Essential Oil"},{"@type":"BreadcrumbList","@id":"https:\/\/dutchhealthstore.com\/de\/product\/lemon-tea-tree-essential-oil\/#breadcrumb","itemListElement":[{"@type":"ListItem","position":1,"name":"Home","item":"https:\/\/dutchhealthstore.com\/de\/"},{"@type":"ListItem","position":2,"name":"Shop","item":"https:\/\/dutchhealthstore.com\/de\/shop-2\/"},{"@type":"ListItem","position":3,"name":"Lemon Tea Tree Essential Oil"}]},{"@type":"WebSite","@id":"https:\/\/dutchhealthstore.com\/de\/#website","url":"https:\/\/dutchhealthstore.com\/de\/","name":"Dutch Health Store","description":"Enhance Your Beauty with Organic &amp; Natural Skincare","publisher":{"@id":"https:\/\/dutchhealthstore.com\/de\/#organization"},"potentialAction":[{"@type":"SearchAction","target":{"@type":"EntryPoint","urlTemplate":"https:\/\/dutchhealthstore.com\/de\/?s={search_term_string}"},"query-input":{"@type":"PropertyValueSpecification","valueRequired":true,"valueName":"search_term_string"}}],"inLanguage":"de"},{"@type":"Organization","@id":"https:\/\/dutchhealthstore.com\/de\/#organization","name":"Dutch Health Store","url":"https:\/\/dutchhealthstore.com\/de\/","logo":{"@type":"ImageObject","inLanguage":"de","@id":"https:\/\/dutchhealthstore.com\/de\/#\/schema\/logo\/image\/","url":"https:\/\/dutchhealthstore.com\/wp-content\/uploads\/2020\/08\/logo-dutchhealthstore-jpg-e1599484957574.jpg","contentUrl":"https:\/\/dutchhealthstore.com\/wp-content\/uploads\/2020\/08\/logo-dutchhealthstore-jpg-e1599484957574.jpg","width":400,"height":62,"caption":"Dutch Health Store"},"image":{"@id":"https:\/\/dutchhealthstore.com\/de\/#\/schema\/logo\/image\/"},"sameAs":["https:\/\/www.instagram.com\/dutchhealthstore\/","https:\/\/www.facebook.com\/dutchhealthstore"]}]},"product_brand":"Living Libations","product_price_amount":"17.00","product_price_currency":"EUR","og_availability":"instock","product_availability":"instock","product_condition":"new"},"_links":{"self":[{"href":"https:\/\/dutchhealthstore.com\/de\/wp-json\/wp\/v2\/product\/120246","targetHints":{"allow":["GET"]}}],"collection":[{"href":"https:\/\/dutchhealthstore.com\/de\/wp-json\/wp\/v2\/product"}],"about":[{"href":"https:\/\/dutchhealthstore.com\/de\/wp-json\/wp\/v2\/types\/product"}],"replies":[{"embeddable":true,"href":"https:\/\/dutchhealthstore.com\/de\/wp-json\/wp\/v2\/comments?post=120246"}],"wp:featuredmedia":[{"embeddable":true,"href":"https:\/\/dutchhealthstore.com\/de\/wp-json\/wp\/v2\/media\/108579"}],"wp:attachment":[{"href":"https:\/\/dutchhealthstore.com\/de\/wp-json\/wp\/v2\/media?parent=120246"}],"wp:term":[{"taxonomy":"product_brand","embeddable":true,"href":"https:\/\/dutchhealthstore.com\/de\/wp-json\/wp\/v2\/product_brand?post=120246"},{"taxonomy":"product_cat","embeddable":true,"href":"https:\/\/dutchhealthstore.com\/de\/wp-json\/wp\/v2\/product_cat?post=120246"},{"taxonomy":"product_tag","embeddable":true,"href":"https:\/\/dutchhealthstore.com\/de\/wp-json\/wp\/v2\/product_tag?post=120246"}],"curies":[{"name":"wp","href":"https:\/\/api.w.org\/{rel}","templated":true}]}}