{"id":120227,"date":"2020-07-08T15:50:07","date_gmt":"2020-07-08T13:50:07","guid":{"rendered":"https:\/\/dutchhealthstore.com\/product\/lemongrass-essential-oil-2\/"},"modified":"2025-11-23T13:05:18","modified_gmt":"2025-11-23T12:05:18","slug":"lemongrass-essential-oil-2","status":"publish","type":"product","link":"https:\/\/dutchhealthstore.com\/de\/product\/lemongrass-essential-oil-2\/","title":{"rendered":"Lemongrass Essential Oil"},"content":{"rendered":"<p><strong><img decoding=\"async\" class=\"size-full wp-image-69549 alignright\" src=\"https:\/\/dutchhealthstore.com\/wp-content\/uploads\/2019\/08\/NEW-Living-Libations-Logo.jpg\" alt=\"NEW - Living Libations - Logo\" width=\"175\" height=\"82\">Botanischer Name:<\/strong> Cymbopogon citratus<br \/>\n<strong>Botanische Familie:<\/strong> Poaceae<br \/>\n<strong>Extraktionsverfahren:<\/strong> Wasserdampf-Destillation<br \/>\n<strong>Teil der Pflanze Destilliert:<\/strong> Teilweise getrocknetes Gras zur Erh\u00f6hung des Citral-Gehalts<br \/>\n<strong>Herkunftsland:<\/strong> Tansania<br \/>\n<strong>Anbaumethode:<\/strong> Wildwachsend<br \/>\n<strong>Zusammensetzung:<\/strong> 100% Cymbopogon citratus<br \/>\n<strong>Konsistenz:<\/strong> D\u00fcnn<\/p>\n<h3>Beschreibung des Duftes<\/h3>\n<p>Scharfes, gr\u00fcnes, grasiges Honig-Kr\u00e4uter-Aroma mit lebhaften, z\u00e4hen Zitronennoten in der Kopfnote.<\/p>\n<h3>Gut mischbar mit<\/h3>\n<p>Palmarosa, Thymian, Vetiver, Patchouli, Lavendel, Eukalyptus, Weihrauch, Sandelholz, Petitgrain, Neroli, Zitrone, Limette, Bergamotte, Palo Santo, Majoran, Wei\u00dftanne, Inula, Geranium, Ylang, Kardamom und Muskatellersalbei.<\/p>\n<a href=\"https:\/\/dutchhealthstore.com\/wp-content\/uploads\/2020\/07\/ANALYSIS-Lemongrass-Essential-Oil-Living-Libations-3.pdf\" class=\"button primary is-primary is-small\"  >\n\t\t<span>ANALYSE DER \u00c4THERISCHEN \u00d6LE &gt;<\/span>\n\t<\/a>\n\n<h3>Verwendet<\/h3>\n<p>Zur Verwendung in Hautpflegemischungen verd\u00fcnnen. Zerst\u00e4uben Sie den Duft, um sein erfrischendes Aroma zu verbreiten. Ein frischer und spritziger Haushaltsreiniger mit antibakterieller Wirkung und hellem Aroma. K\u00f6stlich in kulinarischen Kreationen. Genau das Richtige auf Reisen, um das Auto frisch und den Fahrer aufmerksam zu halten. Wird in den Tropen traditionell zur Abwehr von Insekten verwendet.<\/p>\n<p><strong>Gr\u00f6\u00dfe: 5 ml, 15 ml und 30 ml<\/strong><\/p>\n<h3>Inhaltsstoffe<\/h3>\n<p>Er ist reich an monoterpenoiden Aldehyden und wird f\u00fcr seine \u00fcppigen Mengen an jovialem Citral, sanftem Geraniol und k\u00f6rperbetontem D-Limonen bewundert.<\/p>\n<p>Die Verwendung der duftenden St\u00e4ngel des Zitronengrases in der K\u00fcche und in Kr\u00e4uterzubereitungen ist uralt, ebenso wie die Verwendung von Zitronengras\u00f6l zur Konservierung alter Texte. Die Palmblattmanuskripte, eine Reihe alter indischer Texte aus dem 5. Jahrhundert vor Christus, haben dank der nat\u00fcrlichen konservierenden Eigenschaften des Lemongrass Essential Oil Tausende von Jahren \u00fcberlebt.<\/p>\n<p>Unser Lemongrass Essential Oil ist ein belebendes Tonikum und ein vielseitiger Schatz. Zitronengras gl\u00e4ttet und beruhigt Muskeln und Haut. Es ist ein hervorragendes Straffungs\u00f6l zur Pflege des Hautbindegewebes, f\u00fcr muskelschmelzende Massagen, zur Unterst\u00fctzung von Fu\u00dfpilz und zur Stimulierung tr\u00e4ger Haut.<\/p>\n<p>Dieses intensiv aromatische \u00d6l st\u00e4rkt die Sinne und sorgt f\u00fcr ein Gef\u00fchl der Ruhe und Belebung. Studenten, Denker, Schriftsteller und Kreative werden diesen gelehrten Duft in Kombination mit Rosmarin genie\u00dfen, der die Konzentration f\u00f6rdert.<\/p>\n<p>Die Reinigung mit Zitronengras l\u00e4sst ein Haus mit einer tiefen Desinfektion gl\u00e4nzen. Tropfen in Wischwasser, Reinigungssprays, Badewannenreiniger und Geschirrsp\u00fclseifen geben.<\/p>\n<p>Genie\u00dfen Sie das lebendige Lemongrass Essential Oil, denn es \u00f6ffnet die T\u00fcren der Wahrnehmung zu Optimismus, kl\u00e4rt den Geist von Nebel zu Fokus und belebt die Emotionen von Stagnation zu Aufschwung.<\/p>\n<h3>Organic Ingredients<\/h3>\n<p>100% \u00e4therisches \u00d6l von Zitronengras (Cymbopogon).<\/p>\n<p style=\"text-align: center;\"><em>&#8222;Ich glaube, dass ein Grasblatt nicht weniger ist als das Werk der Sterne&#8220;.<\/em><br \/>\n~Walt Whitman<\/p>\n<p style=\"text-align: center;\"><em>&#8222;Gr\u00fcn und zitronig sind die Duftkategorien, zu denen Zitronengras geh\u00f6rt. In geringen Mengen inhaliert, k\u00f6nnen gr\u00fcne \u00d6le die Erneuerung und Transformation der Psyche bewirken. So wie es die Ausscheidungswege von k\u00f6rperlichen Giften anregt, kann Zitronengras dabei helfen, allt\u00e4gliche belastende Gef\u00fchle und pathogene Emotionen aufzul\u00f6sen, insbesondere wenn diese von Pessimismus und mentaler Depression untermauert werden.&#8220;<\/em><br \/>\n~Peter Holmes, <strong>Aromatica<\/strong><\/p>\n<p style=\"text-align: center;\"><em>&#8222;Der Geist des Zitronengrases erhellt das Gewesene mit der Aussage &#8218;Vergeben, dann vergessen&#8216;.&#8220;<\/em><br \/>\n~Valerie Ann Worwood, <strong>Aromatherapy for the Soul<\/strong><\/p>\n<p><img fetchpriority=\"high\" decoding=\"async\" class=\"size-medium wp-image-68103 aligncenter\" src=\"https:\/\/dutchhealthstore.com\/wp-content\/uploads\/2018\/02\/Living-Libations-Organic-Logo-800x89.png\" alt=\"Living Libations - Organic Logo\" width=\"800\" height=\"89\" srcset=\"https:\/\/dutchhealthstore.com\/wp-content\/uploads\/2018\/02\/Living-Libations-Organic-Logo-800x89.png 800w, https:\/\/dutchhealthstore.com\/wp-content\/uploads\/2018\/02\/Living-Libations-Organic-Logo-510x57.png 510w, https:\/\/dutchhealthstore.com\/wp-content\/uploads\/2018\/02\/Living-Libations-Organic-Logo-768x85.png 768w, https:\/\/dutchhealthstore.com\/wp-content\/uploads\/2018\/02\/Living-Libations-Organic-Logo.png 1400w\" sizes=\"(max-width: 800px) 100vw, 800px\" \/><\/p>\n","protected":false},"excerpt":{"rendered":"<p>Beleben Sie Ihr Leben mit <strong>Lemongrass Essential Oil<\/strong>.<br \/>\nDiese beruhigende und k\u00fchlende Tropengras-G\u00fcte ist auch spritzig in ihrer F\u00e4higkeit, Geist, Emotionen und Seele zu beleben.<br \/>\nWenn man sich morgens m\u00fcde oder benebelt f\u00fchlt, ist diese physisch und psychisch belebende Essenz die perfekte Art, den Tag durch Inhalieren, Duschen oder Baden mit lebendigem Zitronengras zu beginnen.<\/p>\n","protected":false},"featured_media":111828,"comment_status":"open","ping_status":"closed","template":"","meta":[],"product_brand":[],"product_cat":[6737,1508,1546,1493,1210,6736],"product_tag":[1547],"class_list":{"0":"post-120227","1":"product","2":"type-product","3":"status-publish","4":"has-post-thumbnail","6":"product_cat-essential-oils-de-2","7":"product_cat-aetherische-oele-living-libations","8":"product_cat-essential-oils-living-libations-de","9":"product_cat-living-libations-deutschland","10":"product_cat-marken","11":"product_cat-wellness-de","12":"product_tag-essential-oil-de","13":"pa_brand-livinglibations-de","14":"pa_essential-oils-product-type-essential-oils-de","15":"pa_size-15-ml-de-2","16":"pa_size-30-ml-de","17":"pa_size-5-ml-de","19":"first","20":"instock","21":"taxable","22":"shipping-taxable","23":"purchasable","24":"product-type-variable"},"bundled_by":[],"bundle_stock_status":"instock","bundle_stock_quantity":null,"bundle_virtual":false,"bundle_layout":"","bundle_add_to_cart_form_location":"","bundle_editable_in_cart":false,"bundle_sold_individually_context":"","bundle_item_grouping":"","bundle_min_size":"","bundle_max_size":"","bundle_price":[],"bundled_items":[],"bundle_sell_ids":[],"atum_controlled":true,"out_stock_date":null,"out_stock_threshold":null,"inheritable":true,"stock_on_hold":0,"sold_today":0,"sales_last_days":0,"out_stock_days":0,"lost_sales":0,"update_date":"2026-04-30T00:15:31","atum_locations":[],"atum_stock_status":"instock","restock_status":false,"low_stock_amount":"","sales_update_date":"2026-04-30T00:15:30","calc_backorders":null,"group_of_quantity":0,"min_quantity":0,"max_quantity":"","exclude_order_quantity_value_rules":"no","exclude_category_quantity_rules":"no","combine_variations":"no","yoast_head":"<!-- This site is optimized with the Yoast SEO Premium plugin v26.5 (Yoast SEO v26.5) - https:\/\/yoast.com\/wordpress\/plugins\/seo\/ -->\n<title>Lemongrass Essential Oil | Living Libations<\/title>\n<meta name=\"description\" content=\"Diese beruhigende und k\u00fchlende Tropengras-G\u00fcte ist auch spritzig in ihrer F\u00e4higkeit, Geist, Emotionen und Seele zu beleben.\" \/>\n<meta name=\"robots\" content=\"index, follow, max-snippet:-1, max-image-preview:large, max-video-preview:-1\" \/>\n<link rel=\"canonical\" href=\"https:\/\/dutchhealthstore.com\/de\/product\/lemongrass-essential-oil-2\/\" \/>\n<meta property=\"og:locale\" content=\"de_DE\" \/>\n<meta property=\"og:type\" content=\"article\" \/>\n<meta property=\"og:title\" content=\"Lemongrass Essential Oil - Dutch Health Store\" \/>\n<meta property=\"og:description\" content=\"Diese beruhigende und k\u00fchlende Tropengras-G\u00fcte ist auch spritzig in ihrer F\u00e4higkeit, Geist, Emotionen und Seele zu beleben.\" \/>\n<meta property=\"og:url\" content=\"https:\/\/dutchhealthstore.com\/de\/product\/lemongrass-essential-oil-2\/\" \/>\n<meta property=\"og:site_name\" content=\"Dutch Health Store\" \/>\n<meta property=\"article:publisher\" content=\"https:\/\/www.instagram.com\/dutchhealthstore\/\" \/>\n<meta property=\"article:modified_time\" content=\"2025-11-23T12:05:18+00:00\" \/>\n<meta property=\"og:image\" content=\"https:\/\/dutchhealthstore.com\/wp-content\/uploads\/2020\/07\/Living-Libations-Lemongrass-Essential-Oil-e1594117344884.png\" \/>\n\t<meta property=\"og:image:width\" content=\"500\" \/>\n\t<meta property=\"og:image:height\" content=\"500\" \/>\n\t<meta property=\"og:image:type\" content=\"image\/jpeg\" \/>\n<meta name=\"twitter:card\" content=\"summary_large_image\" \/>\n<meta name=\"twitter:label1\" content=\"Verf\u00fcgbarkeit\" \/>\n\t<meta name=\"twitter:data1\" content=\"Auf Lager\" \/>\n<script type=\"application\/ld+json\" class=\"yoast-schema-graph\">{\"@context\":\"https:\/\/schema.org\",\"@graph\":[{\"@type\":\"WebPage\",\"@id\":\"https:\/\/dutchhealthstore.com\/de\/product\/lemongrass-essential-oil-2\/\",\"url\":\"https:\/\/dutchhealthstore.com\/de\/product\/lemongrass-essential-oil-2\/\",\"name\":\"Lemongrass Essential Oil | Living Libations\",\"isPartOf\":{\"@id\":\"https:\/\/dutchhealthstore.com\/de\/#website\"},\"primaryImageOfPage\":{\"@id\":\"https:\/\/dutchhealthstore.com\/de\/product\/lemongrass-essential-oil-2\/#primaryimage\"},\"image\":{\"@id\":\"https:\/\/dutchhealthstore.com\/de\/product\/lemongrass-essential-oil-2\/#primaryimage\"},\"thumbnailUrl\":\"https:\/\/dutchhealthstore.com\/wp-content\/uploads\/2020\/07\/Living-Libations-Lemongrass-Essential-Oil-e1594117344884.png\",\"datePublished\":\"2020-07-08T13:50:07+00:00\",\"dateModified\":\"2025-11-23T12:05:18+00:00\",\"description\":\"Diese beruhigende und k\u00fchlende Tropengras-G\u00fcte ist auch spritzig in ihrer F\u00e4higkeit, Geist, Emotionen und Seele zu beleben.\",\"breadcrumb\":{\"@id\":\"https:\/\/dutchhealthstore.com\/de\/product\/lemongrass-essential-oil-2\/#breadcrumb\"},\"inLanguage\":\"de\",\"potentialAction\":[{\"@type\":\"ReadAction\",\"target\":[\"https:\/\/dutchhealthstore.com\/de\/product\/lemongrass-essential-oil-2\/\"]}]},{\"@type\":\"ImageObject\",\"inLanguage\":\"de\",\"@id\":\"https:\/\/dutchhealthstore.com\/de\/product\/lemongrass-essential-oil-2\/#primaryimage\",\"url\":\"https:\/\/dutchhealthstore.com\/wp-content\/uploads\/2020\/07\/Living-Libations-Lemongrass-Essential-Oil-e1594117344884.png\",\"contentUrl\":\"https:\/\/dutchhealthstore.com\/wp-content\/uploads\/2020\/07\/Living-Libations-Lemongrass-Essential-Oil-e1594117344884.png\",\"width\":500,\"height\":500,\"caption\":\"Living Libations Lemongrass Essential Oil\"},{\"@type\":\"BreadcrumbList\",\"@id\":\"https:\/\/dutchhealthstore.com\/de\/product\/lemongrass-essential-oil-2\/#breadcrumb\",\"itemListElement\":[{\"@type\":\"ListItem\",\"position\":1,\"name\":\"Home\",\"item\":\"https:\/\/dutchhealthstore.com\/de\/\"},{\"@type\":\"ListItem\",\"position\":2,\"name\":\"Shop\",\"item\":\"https:\/\/dutchhealthstore.com\/de\/shop-2\/\"},{\"@type\":\"ListItem\",\"position\":3,\"name\":\"Lemongrass Essential Oil\"}]},{\"@type\":\"WebSite\",\"@id\":\"https:\/\/dutchhealthstore.com\/de\/#website\",\"url\":\"https:\/\/dutchhealthstore.com\/de\/\",\"name\":\"Dutch Health Store\",\"description\":\"Enhance Your Beauty with Organic &amp; Natural Skincare\",\"publisher\":{\"@id\":\"https:\/\/dutchhealthstore.com\/de\/#organization\"},\"potentialAction\":[{\"@type\":\"SearchAction\",\"target\":{\"@type\":\"EntryPoint\",\"urlTemplate\":\"https:\/\/dutchhealthstore.com\/de\/?s={search_term_string}\"},\"query-input\":{\"@type\":\"PropertyValueSpecification\",\"valueRequired\":true,\"valueName\":\"search_term_string\"}}],\"inLanguage\":\"de\"},{\"@type\":\"Organization\",\"@id\":\"https:\/\/dutchhealthstore.com\/de\/#organization\",\"name\":\"Dutch Health Store\",\"url\":\"https:\/\/dutchhealthstore.com\/de\/\",\"logo\":{\"@type\":\"ImageObject\",\"inLanguage\":\"de\",\"@id\":\"https:\/\/dutchhealthstore.com\/de\/#\/schema\/logo\/image\/\",\"url\":\"https:\/\/dutchhealthstore.com\/wp-content\/uploads\/2020\/08\/logo-dutchhealthstore-jpg-e1599484957574.jpg\",\"contentUrl\":\"https:\/\/dutchhealthstore.com\/wp-content\/uploads\/2020\/08\/logo-dutchhealthstore-jpg-e1599484957574.jpg\",\"width\":400,\"height\":62,\"caption\":\"Dutch Health Store\"},\"image\":{\"@id\":\"https:\/\/dutchhealthstore.com\/de\/#\/schema\/logo\/image\/\"},\"sameAs\":[\"https:\/\/www.instagram.com\/dutchhealthstore\/\",\"https:\/\/www.facebook.com\/dutchhealthstore\"]}]}<\/script>\n<meta property=\"product:brand\" content=\"Living Libations\" \/>\n<meta property=\"og:availability\" content=\"instock\" \/>\n<meta property=\"product:availability\" content=\"instock\" \/>\n<meta property=\"product:condition\" content=\"new\" \/>\n<!-- \/ Yoast SEO Premium plugin. -->","yoast_head_json":{"title":"Lemongrass Essential Oil | Living Libations","description":"Diese beruhigende und k\u00fchlende Tropengras-G\u00fcte ist auch spritzig in ihrer F\u00e4higkeit, Geist, Emotionen und Seele zu beleben.","robots":{"index":"index","follow":"follow","max-snippet":"max-snippet:-1","max-image-preview":"max-image-preview:large","max-video-preview":"max-video-preview:-1"},"canonical":"https:\/\/dutchhealthstore.com\/de\/product\/lemongrass-essential-oil-2\/","og_locale":"de_DE","og_type":"article","og_title":"Lemongrass Essential Oil - Dutch Health Store","og_description":"Diese beruhigende und k\u00fchlende Tropengras-G\u00fcte ist auch spritzig in ihrer F\u00e4higkeit, Geist, Emotionen und Seele zu beleben.","og_url":"https:\/\/dutchhealthstore.com\/de\/product\/lemongrass-essential-oil-2\/","og_site_name":"Dutch Health Store","article_publisher":"https:\/\/www.instagram.com\/dutchhealthstore\/","article_modified_time":"2025-11-23T12:05:18+00:00","og_image":[{"width":500,"height":500,"url":"https:\/\/dutchhealthstore.com\/wp-content\/uploads\/2020\/07\/Living-Libations-Lemongrass-Essential-Oil-e1594117344884.png","type":"image\/jpeg"}],"twitter_card":"summary_large_image","twitter_misc":{"Verf\u00fcgbarkeit":"Auf Lager"},"schema":{"@context":"https:\/\/schema.org","@graph":[{"@type":"WebPage","@id":"https:\/\/dutchhealthstore.com\/de\/product\/lemongrass-essential-oil-2\/","url":"https:\/\/dutchhealthstore.com\/de\/product\/lemongrass-essential-oil-2\/","name":"Lemongrass Essential Oil | Living Libations","isPartOf":{"@id":"https:\/\/dutchhealthstore.com\/de\/#website"},"primaryImageOfPage":{"@id":"https:\/\/dutchhealthstore.com\/de\/product\/lemongrass-essential-oil-2\/#primaryimage"},"image":{"@id":"https:\/\/dutchhealthstore.com\/de\/product\/lemongrass-essential-oil-2\/#primaryimage"},"thumbnailUrl":"https:\/\/dutchhealthstore.com\/wp-content\/uploads\/2020\/07\/Living-Libations-Lemongrass-Essential-Oil-e1594117344884.png","datePublished":"2020-07-08T13:50:07+00:00","dateModified":"2025-11-23T12:05:18+00:00","description":"Diese beruhigende und k\u00fchlende Tropengras-G\u00fcte ist auch spritzig in ihrer F\u00e4higkeit, Geist, Emotionen und Seele zu beleben.","breadcrumb":{"@id":"https:\/\/dutchhealthstore.com\/de\/product\/lemongrass-essential-oil-2\/#breadcrumb"},"inLanguage":"de","potentialAction":[{"@type":"ReadAction","target":["https:\/\/dutchhealthstore.com\/de\/product\/lemongrass-essential-oil-2\/"]}]},{"@type":"ImageObject","inLanguage":"de","@id":"https:\/\/dutchhealthstore.com\/de\/product\/lemongrass-essential-oil-2\/#primaryimage","url":"https:\/\/dutchhealthstore.com\/wp-content\/uploads\/2020\/07\/Living-Libations-Lemongrass-Essential-Oil-e1594117344884.png","contentUrl":"https:\/\/dutchhealthstore.com\/wp-content\/uploads\/2020\/07\/Living-Libations-Lemongrass-Essential-Oil-e1594117344884.png","width":500,"height":500,"caption":"Living Libations Lemongrass Essential Oil"},{"@type":"BreadcrumbList","@id":"https:\/\/dutchhealthstore.com\/de\/product\/lemongrass-essential-oil-2\/#breadcrumb","itemListElement":[{"@type":"ListItem","position":1,"name":"Home","item":"https:\/\/dutchhealthstore.com\/de\/"},{"@type":"ListItem","position":2,"name":"Shop","item":"https:\/\/dutchhealthstore.com\/de\/shop-2\/"},{"@type":"ListItem","position":3,"name":"Lemongrass Essential Oil"}]},{"@type":"WebSite","@id":"https:\/\/dutchhealthstore.com\/de\/#website","url":"https:\/\/dutchhealthstore.com\/de\/","name":"Dutch Health Store","description":"Enhance Your Beauty with Organic &amp; Natural Skincare","publisher":{"@id":"https:\/\/dutchhealthstore.com\/de\/#organization"},"potentialAction":[{"@type":"SearchAction","target":{"@type":"EntryPoint","urlTemplate":"https:\/\/dutchhealthstore.com\/de\/?s={search_term_string}"},"query-input":{"@type":"PropertyValueSpecification","valueRequired":true,"valueName":"search_term_string"}}],"inLanguage":"de"},{"@type":"Organization","@id":"https:\/\/dutchhealthstore.com\/de\/#organization","name":"Dutch Health Store","url":"https:\/\/dutchhealthstore.com\/de\/","logo":{"@type":"ImageObject","inLanguage":"de","@id":"https:\/\/dutchhealthstore.com\/de\/#\/schema\/logo\/image\/","url":"https:\/\/dutchhealthstore.com\/wp-content\/uploads\/2020\/08\/logo-dutchhealthstore-jpg-e1599484957574.jpg","contentUrl":"https:\/\/dutchhealthstore.com\/wp-content\/uploads\/2020\/08\/logo-dutchhealthstore-jpg-e1599484957574.jpg","width":400,"height":62,"caption":"Dutch Health Store"},"image":{"@id":"https:\/\/dutchhealthstore.com\/de\/#\/schema\/logo\/image\/"},"sameAs":["https:\/\/www.instagram.com\/dutchhealthstore\/","https:\/\/www.facebook.com\/dutchhealthstore"]}]},"product_brand":"Living Libations","og_availability":"instock","product_availability":"instock","product_condition":"new"},"_links":{"self":[{"href":"https:\/\/dutchhealthstore.com\/de\/wp-json\/wp\/v2\/product\/120227","targetHints":{"allow":["GET"]}}],"collection":[{"href":"https:\/\/dutchhealthstore.com\/de\/wp-json\/wp\/v2\/product"}],"about":[{"href":"https:\/\/dutchhealthstore.com\/de\/wp-json\/wp\/v2\/types\/product"}],"replies":[{"embeddable":true,"href":"https:\/\/dutchhealthstore.com\/de\/wp-json\/wp\/v2\/comments?post=120227"}],"wp:featuredmedia":[{"embeddable":true,"href":"https:\/\/dutchhealthstore.com\/de\/wp-json\/wp\/v2\/media\/111828"}],"wp:attachment":[{"href":"https:\/\/dutchhealthstore.com\/de\/wp-json\/wp\/v2\/media?parent=120227"}],"wp:term":[{"taxonomy":"product_brand","embeddable":true,"href":"https:\/\/dutchhealthstore.com\/de\/wp-json\/wp\/v2\/product_brand?post=120227"},{"taxonomy":"product_cat","embeddable":true,"href":"https:\/\/dutchhealthstore.com\/de\/wp-json\/wp\/v2\/product_cat?post=120227"},{"taxonomy":"product_tag","embeddable":true,"href":"https:\/\/dutchhealthstore.com\/de\/wp-json\/wp\/v2\/product_tag?post=120227"}],"curies":[{"name":"wp","href":"https:\/\/api.w.org\/{rel}","templated":true}]}}