{"id":119598,"date":"2020-07-09T11:41:33","date_gmt":"2020-07-09T09:41:33","guid":{"rendered":"https:\/\/dutchhealthstore.com\/product\/lemon-essential-oil\/"},"modified":"2026-02-03T08:42:54","modified_gmt":"2026-02-03T07:42:54","slug":"lemon-essential-oil","status":"publish","type":"product","link":"https:\/\/dutchhealthstore.com\/de\/product\/lemon-essential-oil\/","title":{"rendered":"Lemon Essential Oil"},"content":{"rendered":"<p><strong><img decoding=\"async\" class=\"size-full wp-image-69549 alignright\" src=\"https:\/\/dutchhealthstore.com\/wp-content\/uploads\/2019\/08\/NEW-Living-Libations-Logo.jpg\" alt=\"NEW - Living Libations - Logo\" width=\"175\" height=\"82\">Botanischer Name:<\/strong> Citrus limonum<br \/>\n<strong>Botanische Familie:<\/strong> Rutaceae<br \/>\n<strong>Extraktionsverfahren:<\/strong> Kalt gepresst<br \/>\n<strong>Teil der Pflanze Destilliert:<\/strong> Schale<br \/>\n<strong>Herkunftsland:<\/strong> Italien<br \/>\n<strong>Anbaumethode:<\/strong> Bio<br \/>\n<strong>Zusammensetzung:<\/strong> 100% Citrus limonum<br \/>\n<strong>Konsistenz:<\/strong> D\u00fcnn<\/p>\n<h3>Beschreibung des Duftes<\/h3>\n<p>Scharfe Zitrusfr\u00fcchte mit hellen Zitronennoten.<\/p>\n<h3>In Living Libations<\/h3>\n<p>Lavish Abundance Parf\u00fcm, Jai Baby Joy, Zest the Best, CelluLight Formula, Revive Alive Blend, Chocolate Mocha Lover Lips, Best Skin Ever Chocolate und Seven Chakra Synergies Set.<\/p>\n<h3>Gut mischbar mit<\/h3>\n<p>Bergamotte, Neroli, Jasmin, Rose, Lavendel, Limette, Douglasie, Vanille und Inula.<\/p>\n<a href=\"https:\/\/dutchhealthstore.com\/wp-content\/uploads\/2020\/07\/ANALYSIS-Lemon-Essential-Oil-Living-Libations.pdf\" class=\"button primary is-primary is-small\"  >\n\t\t<span>ANALYSE DER \u00c4THERISCHEN \u00d6LE &gt;<\/span>\n\t<\/a>\n\n<h3>Verwendet<\/h3>\n<p>Konservierungsmittel f\u00fcr Lebensmittel und Hautserum. Hautverj\u00fcngungsmittel. Diffundieren oder schnuppern f\u00fcr einen schnellen Stimmungsaufschwung. Wundersch\u00f6n in den B\u00e4dern. Diffundieren, um die Konzentration f\u00fcr kreative Aufgaben und Studien zu f\u00f6rdern. Perfekt f\u00fcr den Hausputz. K\u00f6stlich in allen Arten von Gerichten und Desserts.<\/p>\n<p><strong>Gr\u00f6\u00dfe: 5 ml und 15 ml<\/strong><\/p>\n<h3>Kontraindikation<\/h3>\n<p>Lichtempfindlich. Nicht auf Haut verwenden, die direktem Sonnenlicht ausgesetzt ist. Zum Gebrauch verd\u00fcnnen.<\/p>\n<p>Gepresst aus den Schalen \u00fcppiger Zitronen, die am Mittelmeer reif geworden sind, duftet unser Lemon Essential Oil, als h\u00e4tte jemand einen belebenden Morgen unter der toskanischen Sonne abgef\u00fcllt. Diese Bio-Zitronen, die vor Jahrhunderten von arabischen H\u00e4ndlern aus China nach Italien gebracht wurden, werden kalt gepresst, um nur die reinste Essenz der Frucht zu gewinnen.<\/p>\n<p>Der antike r\u00f6mische Dichter Virgil bemerkte, dass die Zitronenfrucht das schwarze Gift \u00fcberall aus dem K\u00f6rper vertreibt&#8220;. Die Bestandteile Citral und Limonen tragen zur frischen Sch\u00e4rfe des \u00d6ls bei, das die Sinne belebt, die Haut erfrischt und die Seele sonnt.<\/p>\n<p>Unser Lemon Essential Oil wird sowohl f\u00fcr seine aromatherapeutischen als auch f\u00fcr seine hautstraffenden Eigenschaften gesch\u00e4tzt. Verwenden Sie Lemon Essential Oil, um sich bei der Arbeit zu konzentrieren, Ihre Hausarbeit zu erledigen, sich zum Sport zu motivieren, Negativit\u00e4t abzubauen, die Achtsamkeit zu erh\u00f6hen und Ihre innere und \u00e4u\u00dfere Umgebung zu reinigen. Schieben Sie es in ein Hautserum, um tr\u00e4ge Haut zu stimulieren und den Teint zu gl\u00e4tten.<\/p>\n<p>Lemon Essential Oil ist unversch\u00e4mt aufmunternd. Erleben Sie, wie sich Ihre Stimmung hebt, wenn Sie die Essenz der Klarheit und ihrer Schwesterelemente einatmen: Freude, Frieden, Hoffnung und Lachen.<\/p>\n<h3>Organic Ingredients<\/h3>\n<p>100% \u00e4therisches Zitronen\u00f6l (Citrus limonum).<\/p>\n<p style=\"text-align: center;\"><em>&#8222;Wenn die Sonne untergeht, um sich auszuruhen, atmet man am Rande einer Bucht den Duft der Zitronenb\u00e4ume ein; und dann, in der Nacht, auf der Terrasse, allein, mit ineinander verschr\u00e4nkten Fingern, betrachtet man die Sterne und schmiedet Pl\u00e4ne f\u00fcr die Zukunft.&#8220;<\/em><br \/>\n~ Gustave Flaubert, <strong>Madame Bovary<\/strong><\/p>\n<p style=\"text-align: center;\"><em>&#8222;Zitrone kl\u00e4rt alles durch Erheben und Fokussieren.&#8220;<\/em><br \/>\n~ Valerie Ann Worwood, <strong>Aromatherapy for the Soul<\/strong><\/p>\n<p style=\"text-align: center;\"><em>&#8222;Zitronen\u00f6l ist ein \u00e4therisches \u00d6l mit hohen Schwingungen, vergleichbar mit einer hocht\u00f6nigen Pfeife. Sandelholz dagegen &#8222;summt wie eine Hummel&#8220;. \u00c4therische \u00d6le mit hohen Schwingungen heben die Stimmung, vor allem, wenn man sich geistig m\u00fcde f\u00fchlt.<\/em><br \/>\n~ Suzanne Fischer-Rizzi, <strong>Complete Aromatherapy Handbook<\/strong><\/p>\n<p><img fetchpriority=\"high\" decoding=\"async\" class=\"size-medium wp-image-68103 aligncenter\" src=\"https:\/\/dutchhealthstore.com\/wp-content\/uploads\/2018\/02\/Living-Libations-Organic-Logo-800x89.png\" alt=\"Living Libations - Organic Logo\" width=\"800\" height=\"89\" srcset=\"https:\/\/dutchhealthstore.com\/wp-content\/uploads\/2018\/02\/Living-Libations-Organic-Logo-800x89.png 800w, https:\/\/dutchhealthstore.com\/wp-content\/uploads\/2018\/02\/Living-Libations-Organic-Logo-510x57.png 510w, https:\/\/dutchhealthstore.com\/wp-content\/uploads\/2018\/02\/Living-Libations-Organic-Logo-768x85.png 768w, https:\/\/dutchhealthstore.com\/wp-content\/uploads\/2018\/02\/Living-Libations-Organic-Logo.png 1400w\" sizes=\"(max-width: 800px) 100vw, 800px\" \/><\/p>\n","protected":false},"excerpt":{"rendered":"<p>Kaltgepresstes <strong>Lemon Essential Oil<\/strong> ist ein belebendes Elixier von belebendem Reiz.<br \/>\nExtrahiert aus den Schalen tausender Zitronen, enth\u00e4lt jede Flasche der lebendigen Zitronenessenzen die W\u00fcrze der Molek\u00fcle, die die Stimmung heben, die Sinne kitzeln, die Haut beleben und ein sonniges Gem\u00fct hervorrufen.<\/p>\n","protected":false},"featured_media":112450,"comment_status":"open","ping_status":"closed","template":"","meta":[],"product_brand":[],"product_cat":[6737,1508,1546,1493,1210,6736],"product_tag":[1547],"class_list":{"0":"post-119598","1":"product","2":"type-product","3":"status-publish","4":"has-post-thumbnail","6":"product_cat-essential-oils-de-2","7":"product_cat-aetherische-oele-living-libations","8":"product_cat-essential-oils-living-libations-de","9":"product_cat-living-libations-deutschland","10":"product_cat-marken","11":"product_cat-wellness-de","12":"product_tag-essential-oil-de","13":"pa_brand-livinglibations-de","14":"pa_essential-oils-product-type-essential-oils-de","15":"pa_size-5-ml-de","16":"pa_size-15-ml-de-2","18":"first","19":"instock","20":"taxable","21":"shipping-taxable","22":"purchasable","23":"product-type-variable"},"bundled_by":[],"bundle_stock_status":"instock","bundle_stock_quantity":null,"bundle_virtual":false,"bundle_layout":"","bundle_add_to_cart_form_location":"","bundle_editable_in_cart":false,"bundle_sold_individually_context":"","bundle_item_grouping":"","bundle_min_size":"","bundle_max_size":"","bundle_price":[],"bundled_items":[],"bundle_sell_ids":[],"atum_controlled":true,"out_stock_date":null,"out_stock_threshold":null,"inheritable":true,"stock_on_hold":0,"sold_today":0,"sales_last_days":0,"out_stock_days":0,"lost_sales":0,"update_date":"2026-04-06T01:47:35","atum_locations":[],"atum_stock_status":"instock","restock_status":false,"low_stock_amount":"","sales_update_date":"2026-04-06T01:47:35","calc_backorders":null,"group_of_quantity":0,"min_quantity":0,"max_quantity":"","exclude_order_quantity_value_rules":"no","exclude_category_quantity_rules":"no","combine_variations":"no","yoast_head":"<!-- This site is optimized with the Yoast SEO Premium plugin v26.5 (Yoast SEO v26.5) - https:\/\/yoast.com\/wordpress\/plugins\/seo\/ -->\n<title>Lemon Essential Oil | Living Libations<\/title>\n<meta name=\"description\" content=\"Jedes Fl\u00e4schchen mit lebendigen Zitronenessenzen enth\u00e4lt die Kraft der Molek\u00fcle, um die Stimmung zu heben, die Haut zu beleben und ein sonniges Gem\u00fct zu inspirieren.\" \/>\n<meta name=\"robots\" content=\"index, follow, max-snippet:-1, max-image-preview:large, max-video-preview:-1\" \/>\n<link rel=\"canonical\" href=\"https:\/\/dutchhealthstore.com\/de\/product\/lemon-essential-oil\/\" \/>\n<meta property=\"og:locale\" content=\"de_DE\" \/>\n<meta property=\"og:type\" content=\"article\" \/>\n<meta property=\"og:title\" content=\"Lemon Essential Oil - Dutch Health Store\" \/>\n<meta property=\"og:description\" content=\"Jedes Fl\u00e4schchen mit lebendigen Zitronenessenzen enth\u00e4lt die Kraft der Molek\u00fcle, um die Stimmung zu heben, die Haut zu beleben und ein sonniges Gem\u00fct zu inspirieren.\" \/>\n<meta property=\"og:url\" content=\"https:\/\/dutchhealthstore.com\/de\/product\/lemon-essential-oil\/\" \/>\n<meta property=\"og:site_name\" content=\"Dutch Health Store\" \/>\n<meta property=\"article:publisher\" content=\"https:\/\/www.instagram.com\/dutchhealthstore\/\" \/>\n<meta property=\"article:modified_time\" content=\"2026-02-03T07:42:54+00:00\" \/>\n<meta property=\"og:image\" content=\"https:\/\/dutchhealthstore.com\/wp-content\/uploads\/2020\/07\/Living-Libations-Lemon-Essential-Oil-e1594294190402.jpg\" \/>\n\t<meta property=\"og:image:width\" content=\"500\" \/>\n\t<meta property=\"og:image:height\" content=\"500\" \/>\n\t<meta property=\"og:image:type\" content=\"image\/jpeg\" \/>\n<meta name=\"twitter:card\" content=\"summary_large_image\" \/>\n<meta name=\"twitter:label1\" content=\"Verf\u00fcgbarkeit\" \/>\n\t<meta name=\"twitter:data1\" content=\"Auf Lager\" \/>\n<script type=\"application\/ld+json\" class=\"yoast-schema-graph\">{\"@context\":\"https:\/\/schema.org\",\"@graph\":[{\"@type\":\"WebPage\",\"@id\":\"https:\/\/dutchhealthstore.com\/de\/product\/lemon-essential-oil\/\",\"url\":\"https:\/\/dutchhealthstore.com\/de\/product\/lemon-essential-oil\/\",\"name\":\"Lemon Essential Oil | Living Libations\",\"isPartOf\":{\"@id\":\"https:\/\/dutchhealthstore.com\/de\/#website\"},\"primaryImageOfPage\":{\"@id\":\"https:\/\/dutchhealthstore.com\/de\/product\/lemon-essential-oil\/#primaryimage\"},\"image\":{\"@id\":\"https:\/\/dutchhealthstore.com\/de\/product\/lemon-essential-oil\/#primaryimage\"},\"thumbnailUrl\":\"https:\/\/dutchhealthstore.com\/wp-content\/uploads\/2020\/07\/Living-Libations-Lemon-Essential-Oil-e1594294190402.jpg\",\"datePublished\":\"2020-07-09T09:41:33+00:00\",\"dateModified\":\"2026-02-03T07:42:54+00:00\",\"description\":\"Jedes Fl\u00e4schchen mit lebendigen Zitronenessenzen enth\u00e4lt die Kraft der Molek\u00fcle, um die Stimmung zu heben, die Haut zu beleben und ein sonniges Gem\u00fct zu inspirieren.\",\"breadcrumb\":{\"@id\":\"https:\/\/dutchhealthstore.com\/de\/product\/lemon-essential-oil\/#breadcrumb\"},\"inLanguage\":\"de\",\"potentialAction\":[{\"@type\":\"ReadAction\",\"target\":[\"https:\/\/dutchhealthstore.com\/de\/product\/lemon-essential-oil\/\"]}]},{\"@type\":\"ImageObject\",\"inLanguage\":\"de\",\"@id\":\"https:\/\/dutchhealthstore.com\/de\/product\/lemon-essential-oil\/#primaryimage\",\"url\":\"https:\/\/dutchhealthstore.com\/wp-content\/uploads\/2020\/07\/Living-Libations-Lemon-Essential-Oil-e1594294190402.jpg\",\"contentUrl\":\"https:\/\/dutchhealthstore.com\/wp-content\/uploads\/2020\/07\/Living-Libations-Lemon-Essential-Oil-e1594294190402.jpg\",\"width\":500,\"height\":500,\"caption\":\"Living Libations Lemon Essential Oil\"},{\"@type\":\"BreadcrumbList\",\"@id\":\"https:\/\/dutchhealthstore.com\/de\/product\/lemon-essential-oil\/#breadcrumb\",\"itemListElement\":[{\"@type\":\"ListItem\",\"position\":1,\"name\":\"Home\",\"item\":\"https:\/\/dutchhealthstore.com\/de\/\"},{\"@type\":\"ListItem\",\"position\":2,\"name\":\"Shop\",\"item\":\"https:\/\/dutchhealthstore.com\/de\/shop-2\/\"},{\"@type\":\"ListItem\",\"position\":3,\"name\":\"Lemon Essential Oil\"}]},{\"@type\":\"WebSite\",\"@id\":\"https:\/\/dutchhealthstore.com\/de\/#website\",\"url\":\"https:\/\/dutchhealthstore.com\/de\/\",\"name\":\"Dutch Health Store\",\"description\":\"Enhance Your Beauty with Organic &amp; Natural Skincare\",\"publisher\":{\"@id\":\"https:\/\/dutchhealthstore.com\/de\/#organization\"},\"potentialAction\":[{\"@type\":\"SearchAction\",\"target\":{\"@type\":\"EntryPoint\",\"urlTemplate\":\"https:\/\/dutchhealthstore.com\/de\/?s={search_term_string}\"},\"query-input\":{\"@type\":\"PropertyValueSpecification\",\"valueRequired\":true,\"valueName\":\"search_term_string\"}}],\"inLanguage\":\"de\"},{\"@type\":\"Organization\",\"@id\":\"https:\/\/dutchhealthstore.com\/de\/#organization\",\"name\":\"Dutch Health Store\",\"url\":\"https:\/\/dutchhealthstore.com\/de\/\",\"logo\":{\"@type\":\"ImageObject\",\"inLanguage\":\"de\",\"@id\":\"https:\/\/dutchhealthstore.com\/de\/#\/schema\/logo\/image\/\",\"url\":\"https:\/\/dutchhealthstore.com\/wp-content\/uploads\/2020\/08\/logo-dutchhealthstore-jpg-e1599484957574.jpg\",\"contentUrl\":\"https:\/\/dutchhealthstore.com\/wp-content\/uploads\/2020\/08\/logo-dutchhealthstore-jpg-e1599484957574.jpg\",\"width\":400,\"height\":62,\"caption\":\"Dutch Health Store\"},\"image\":{\"@id\":\"https:\/\/dutchhealthstore.com\/de\/#\/schema\/logo\/image\/\"},\"sameAs\":[\"https:\/\/www.instagram.com\/dutchhealthstore\/\",\"https:\/\/www.facebook.com\/dutchhealthstore\"]}]}<\/script>\n<meta property=\"product:brand\" content=\"Living Libations\" \/>\n<meta property=\"og:availability\" content=\"instock\" \/>\n<meta property=\"product:availability\" content=\"instock\" \/>\n<meta property=\"product:condition\" content=\"new\" \/>\n<!-- \/ Yoast SEO Premium plugin. -->","yoast_head_json":{"title":"Lemon Essential Oil | Living Libations","description":"Jedes Fl\u00e4schchen mit lebendigen Zitronenessenzen enth\u00e4lt die Kraft der Molek\u00fcle, um die Stimmung zu heben, die Haut zu beleben und ein sonniges Gem\u00fct zu inspirieren.","robots":{"index":"index","follow":"follow","max-snippet":"max-snippet:-1","max-image-preview":"max-image-preview:large","max-video-preview":"max-video-preview:-1"},"canonical":"https:\/\/dutchhealthstore.com\/de\/product\/lemon-essential-oil\/","og_locale":"de_DE","og_type":"article","og_title":"Lemon Essential Oil - Dutch Health Store","og_description":"Jedes Fl\u00e4schchen mit lebendigen Zitronenessenzen enth\u00e4lt die Kraft der Molek\u00fcle, um die Stimmung zu heben, die Haut zu beleben und ein sonniges Gem\u00fct zu inspirieren.","og_url":"https:\/\/dutchhealthstore.com\/de\/product\/lemon-essential-oil\/","og_site_name":"Dutch Health Store","article_publisher":"https:\/\/www.instagram.com\/dutchhealthstore\/","article_modified_time":"2026-02-03T07:42:54+00:00","og_image":[{"width":500,"height":500,"url":"https:\/\/dutchhealthstore.com\/wp-content\/uploads\/2020\/07\/Living-Libations-Lemon-Essential-Oil-e1594294190402.jpg","type":"image\/jpeg"}],"twitter_card":"summary_large_image","twitter_misc":{"Verf\u00fcgbarkeit":"Auf Lager"},"schema":{"@context":"https:\/\/schema.org","@graph":[{"@type":"WebPage","@id":"https:\/\/dutchhealthstore.com\/de\/product\/lemon-essential-oil\/","url":"https:\/\/dutchhealthstore.com\/de\/product\/lemon-essential-oil\/","name":"Lemon Essential Oil | Living Libations","isPartOf":{"@id":"https:\/\/dutchhealthstore.com\/de\/#website"},"primaryImageOfPage":{"@id":"https:\/\/dutchhealthstore.com\/de\/product\/lemon-essential-oil\/#primaryimage"},"image":{"@id":"https:\/\/dutchhealthstore.com\/de\/product\/lemon-essential-oil\/#primaryimage"},"thumbnailUrl":"https:\/\/dutchhealthstore.com\/wp-content\/uploads\/2020\/07\/Living-Libations-Lemon-Essential-Oil-e1594294190402.jpg","datePublished":"2020-07-09T09:41:33+00:00","dateModified":"2026-02-03T07:42:54+00:00","description":"Jedes Fl\u00e4schchen mit lebendigen Zitronenessenzen enth\u00e4lt die Kraft der Molek\u00fcle, um die Stimmung zu heben, die Haut zu beleben und ein sonniges Gem\u00fct zu inspirieren.","breadcrumb":{"@id":"https:\/\/dutchhealthstore.com\/de\/product\/lemon-essential-oil\/#breadcrumb"},"inLanguage":"de","potentialAction":[{"@type":"ReadAction","target":["https:\/\/dutchhealthstore.com\/de\/product\/lemon-essential-oil\/"]}]},{"@type":"ImageObject","inLanguage":"de","@id":"https:\/\/dutchhealthstore.com\/de\/product\/lemon-essential-oil\/#primaryimage","url":"https:\/\/dutchhealthstore.com\/wp-content\/uploads\/2020\/07\/Living-Libations-Lemon-Essential-Oil-e1594294190402.jpg","contentUrl":"https:\/\/dutchhealthstore.com\/wp-content\/uploads\/2020\/07\/Living-Libations-Lemon-Essential-Oil-e1594294190402.jpg","width":500,"height":500,"caption":"Living Libations Lemon Essential Oil"},{"@type":"BreadcrumbList","@id":"https:\/\/dutchhealthstore.com\/de\/product\/lemon-essential-oil\/#breadcrumb","itemListElement":[{"@type":"ListItem","position":1,"name":"Home","item":"https:\/\/dutchhealthstore.com\/de\/"},{"@type":"ListItem","position":2,"name":"Shop","item":"https:\/\/dutchhealthstore.com\/de\/shop-2\/"},{"@type":"ListItem","position":3,"name":"Lemon Essential Oil"}]},{"@type":"WebSite","@id":"https:\/\/dutchhealthstore.com\/de\/#website","url":"https:\/\/dutchhealthstore.com\/de\/","name":"Dutch Health Store","description":"Enhance Your Beauty with Organic &amp; Natural Skincare","publisher":{"@id":"https:\/\/dutchhealthstore.com\/de\/#organization"},"potentialAction":[{"@type":"SearchAction","target":{"@type":"EntryPoint","urlTemplate":"https:\/\/dutchhealthstore.com\/de\/?s={search_term_string}"},"query-input":{"@type":"PropertyValueSpecification","valueRequired":true,"valueName":"search_term_string"}}],"inLanguage":"de"},{"@type":"Organization","@id":"https:\/\/dutchhealthstore.com\/de\/#organization","name":"Dutch Health Store","url":"https:\/\/dutchhealthstore.com\/de\/","logo":{"@type":"ImageObject","inLanguage":"de","@id":"https:\/\/dutchhealthstore.com\/de\/#\/schema\/logo\/image\/","url":"https:\/\/dutchhealthstore.com\/wp-content\/uploads\/2020\/08\/logo-dutchhealthstore-jpg-e1599484957574.jpg","contentUrl":"https:\/\/dutchhealthstore.com\/wp-content\/uploads\/2020\/08\/logo-dutchhealthstore-jpg-e1599484957574.jpg","width":400,"height":62,"caption":"Dutch Health Store"},"image":{"@id":"https:\/\/dutchhealthstore.com\/de\/#\/schema\/logo\/image\/"},"sameAs":["https:\/\/www.instagram.com\/dutchhealthstore\/","https:\/\/www.facebook.com\/dutchhealthstore"]}]},"product_brand":"Living Libations","og_availability":"instock","product_availability":"instock","product_condition":"new"},"_links":{"self":[{"href":"https:\/\/dutchhealthstore.com\/de\/wp-json\/wp\/v2\/product\/119598","targetHints":{"allow":["GET"]}}],"collection":[{"href":"https:\/\/dutchhealthstore.com\/de\/wp-json\/wp\/v2\/product"}],"about":[{"href":"https:\/\/dutchhealthstore.com\/de\/wp-json\/wp\/v2\/types\/product"}],"replies":[{"embeddable":true,"href":"https:\/\/dutchhealthstore.com\/de\/wp-json\/wp\/v2\/comments?post=119598"}],"wp:featuredmedia":[{"embeddable":true,"href":"https:\/\/dutchhealthstore.com\/de\/wp-json\/wp\/v2\/media\/112450"}],"wp:attachment":[{"href":"https:\/\/dutchhealthstore.com\/de\/wp-json\/wp\/v2\/media?parent=119598"}],"wp:term":[{"taxonomy":"product_brand","embeddable":true,"href":"https:\/\/dutchhealthstore.com\/de\/wp-json\/wp\/v2\/product_brand?post=119598"},{"taxonomy":"product_cat","embeddable":true,"href":"https:\/\/dutchhealthstore.com\/de\/wp-json\/wp\/v2\/product_cat?post=119598"},{"taxonomy":"product_tag","embeddable":true,"href":"https:\/\/dutchhealthstore.com\/de\/wp-json\/wp\/v2\/product_tag?post=119598"}],"curies":[{"name":"wp","href":"https:\/\/api.w.org\/{rel}","templated":true}]}}