{"id":119550,"date":"2020-06-25T12:44:16","date_gmt":"2020-06-25T10:44:16","guid":{"rendered":"https:\/\/dutchhealthstore.com\/product\/lavender-absolute\/"},"modified":"2025-06-07T14:18:51","modified_gmt":"2025-06-07T12:18:51","slug":"lavender-absolute","status":"publish","type":"product","link":"https:\/\/dutchhealthstore.com\/de\/product\/lavender-absolute\/","title":{"rendered":"Lavender Absolute"},"content":{"rendered":"<p><img decoding=\"async\" class=\"size-full wp-image-69549 alignright\" src=\"https:\/\/dutchhealthstore.com\/wp-content\/uploads\/2019\/08\/NEW-Living-Libations-Logo.jpg\" alt=\"NEW - Living Libations - Logo\" width=\"175\" height=\"82\"><strong>Botanischer Name:<\/strong> Lavandula augustifolia<br \/>\n<strong>Botanische Familie:<\/strong> Lamiaceae<br \/>\n<strong>Extraktionsverfahren:<\/strong> Absolute<br \/>\n<strong>Teil der Pflanze Destilliert:<\/strong> Bl\u00fchende St\u00e4ngel<br \/>\n<strong>Herkunftsland:<\/strong> Bulgarien<br \/>\n<strong>Anbaumethode:<\/strong> Bio<br \/>\n<strong>Zusammensetzung:<\/strong> 100% Lavandula augustifolia<br \/>\n<strong>Konsistenz:<\/strong> Mittlere Viskosit\u00e4t<\/p>\n<h3>Beschreibung des Duftes<\/h3>\n<p>Krautig und warm, mit einem Hauch von getrocknetem Heu und warmen Noten von saftigen Fr\u00fcchten. Im Vergleich zum \u00e4therischen \u00d6l ist das Absolue k\u00f6stlich dicht und \u00fcberraschend s\u00fc\u00df.<\/p>\n<h3>Gut mischbar mit<\/h3>\n<p>Lavendel, Ylang, Jasmin, Grapefruit, Zitrone, Vanille, Limette, Combava, Zitrone, Weihrauch, Geranie, Kardamom, Bergamotte, Rose, Honigmyrte und Strohblume.<\/p>\n<h3>Verwendet<\/h3>\n<p>Perfekt f\u00fcr Bl\u00fctenparfums, Waldparfums, Foug\u00e8re und Chypre-Akkorde. Einlullende Schlaflied-Mischungen in B\u00e4dern und Diffusoren f\u00fcr Ruhe und Entspannung.<\/p>\n<a href=\"https:\/\/dutchhealthstore.com\/wp-content\/uploads\/2020\/06\/ANALYSIS-Lavender-Absolute-Living-Libations.pdf\" class=\"button primary is-primary is-small\"  >\n\t\t<span>ANALYSE DER \u00c4THERISCHEN \u00d6LE &gt;<\/span>\n\t<\/a>\n\n<p>Lavender Absolute wird Ihre Meinung \u00fcber Lavendel \u00e4ndern. Reichhaltig und s\u00fc\u00df mit reinen Ausbr\u00fcchen von honigartigem Heu ist dieses berauschende Aroma eine begehrte Herznote f\u00fcr Naturparf\u00fcmeure und Aromatherapeuten. Verd\u00fcnnt, gemischt oder zerst\u00e4ubt kann Lavendel Absolute zur eleganten Harmonisierung von Emotionen eingesetzt werden.<\/p>\n<p>Lavendel ist vielleicht am bekanntesten f\u00fcr seinen liebevollen, einlullenden Duft, der die Nerven beruhigt und den Geist in Ohnmacht fallen l\u00e4sst. Emotional gesehen ist Lavendel un\u00fcbertroffen, wenn es darum geht, angespannte Gedanken zu vertreiben und einen ruhigen Schlaf zu erm\u00f6glichen. Lavendel bringt den Geist in seinen nat\u00fcrlichen Zustand der geerdeten Ruhe und des entspannten Staunens zur\u00fcck.<\/p>\n<p><strong>Gr\u00f6\u00dfe: 5 ml und 15 ml<\/strong><\/p>\n<h3>Bio-Zutaten<\/h3>\n<p>100% Lavendel (Lavandula augustifolia) absolut.<\/p>\n<p style=\"text-align: center;\"><em>&#8222;Lavender absolute und Beton wird durch direkte Extraktion des Krauts mit L\u00f6sungsmitteln (Beton) und anschlie\u00dfender Extraktion hergestellt&#8230; Der Beton kann in Seifen, Foug\u00e8res, Chypres, Amber, Tabac-Parf\u00fcms, etc. verwendet werden. Er mischt sich gut mit Bergamotte-Zitrus\u00f6len, Moschus, Eugenol usw.&#8220;<\/em><br \/>\n~ Maria Lis-Balchin, <strong>Lavender: The Genus Lavandula<\/strong><\/p>\n<p style=\"text-align: center;\"><em>&#8222;Lavender absolute: Der Geruch ist der Pflanze sehr \u00e4hnlich, jedoch intensiver, s\u00fc\u00df und krautig, mit gr\u00fcn-blumigen und heuartigen Nuancen (von L. angustifolia).&#8220;<\/em><br \/>\n~ Jennifer Peace Rhind, <strong>Listening to Scent<\/strong><\/p>\n<p><img fetchpriority=\"high\" decoding=\"async\" class=\"size-medium wp-image-68103 aligncenter\" src=\"https:\/\/dutchhealthstore.com\/wp-content\/uploads\/2018\/02\/Living-Libations-Organic-Logo-800x89.png\" alt=\"Living Libations - Organic Logo\" width=\"800\" height=\"89\" srcset=\"https:\/\/dutchhealthstore.com\/wp-content\/uploads\/2018\/02\/Living-Libations-Organic-Logo-800x89.png 800w, https:\/\/dutchhealthstore.com\/wp-content\/uploads\/2018\/02\/Living-Libations-Organic-Logo-510x57.png 510w, https:\/\/dutchhealthstore.com\/wp-content\/uploads\/2018\/02\/Living-Libations-Organic-Logo-768x85.png 768w, https:\/\/dutchhealthstore.com\/wp-content\/uploads\/2018\/02\/Living-Libations-Organic-Logo.png 1400w\" sizes=\"(max-width: 800px) 100vw, 800px\" \/><\/p>\n","protected":false},"excerpt":{"rendered":"<p>Liebliches <strong>Lavender Absolute<\/strong> ist ein absolutes Muss f\u00fcr die Palette eines jeden Naturparf\u00fcmeurs. Dieser s\u00fc\u00dfe und wohlwollende Extrakt wird als Herznote in Parf\u00fcms, Mischungen und Badekreationen verwendet.<\/p>\n<p>Das Absolue ist eine dunkelgr\u00fcne, leicht z\u00e4hfl\u00fcssige Fl\u00fcssigkeit, die ein z\u00e4hes, krautig-honigartiges Bouquet mit einem sanften, heuartigen, w\u00fcrzigen Unterton verstr\u00f6mt und die gleiche liebevoll-einlullende Wirkung wie das \u00e4therische Lavendel\u00f6l hat, jedoch in einer geheimnisvolleren und vielschichtigeren Form.<\/p>\n","protected":false},"featured_media":109109,"comment_status":"open","ping_status":"closed","template":"","meta":[],"product_brand":[],"product_cat":[1551,6737,1508,1493,1210,6736],"product_tag":[1547],"class_list":{"0":"post-119550","1":"product","2":"type-product","3":"status-publish","4":"has-post-thumbnail","6":"product_cat-absolute-essenz-living-libations","7":"product_cat-essential-oils-de-2","8":"product_cat-aetherische-oele-living-libations","9":"product_cat-living-libations-deutschland","10":"product_cat-marken","11":"product_cat-wellness-de","12":"product_tag-essential-oil-de","13":"pa_brand-livinglibations-de","14":"pa_essential-oils-product-type-absolute-essences-de","15":"pa_essential-oils-product-type-essential-oils-de","16":"pa_size-15-ml-de-2","17":"pa_size-5-ml-de","19":"first","20":"instock","21":"taxable","22":"shipping-taxable","23":"purchasable","24":"product-type-variable"},"bundled_by":[],"bundle_stock_status":"instock","bundle_stock_quantity":null,"bundle_virtual":false,"bundle_layout":"","bundle_add_to_cart_form_location":"","bundle_editable_in_cart":false,"bundle_sold_individually_context":"","bundle_item_grouping":"","bundle_min_size":"","bundle_max_size":"","bundle_price":[],"bundled_items":[],"bundle_sell_ids":[],"atum_controlled":true,"out_stock_date":null,"out_stock_threshold":null,"inheritable":true,"stock_on_hold":0,"sold_today":0,"sales_last_days":0,"out_stock_days":0,"lost_sales":0,"update_date":"2026-04-17T00:06:59","atum_locations":[],"atum_stock_status":"instock","restock_status":false,"low_stock_amount":"","sales_update_date":"2026-04-17T00:06:59","calc_backorders":null,"group_of_quantity":0,"min_quantity":0,"max_quantity":"","exclude_order_quantity_value_rules":"no","exclude_category_quantity_rules":"no","combine_variations":"no","yoast_head":"<!-- This site is optimized with the Yoast SEO Premium plugin v26.5 (Yoast SEO v26.5) - https:\/\/yoast.com\/wordpress\/plugins\/seo\/ -->\n<title>Lavender Absolute | Living Libations<\/title>\n<meta name=\"description\" content=\"Dieser s\u00fc\u00dfe und wohlwollende Extrakt wird als Herznote in Parf\u00fcms, Mischungen und Badekreationen verwendet.\" \/>\n<meta name=\"robots\" content=\"index, follow, max-snippet:-1, max-image-preview:large, max-video-preview:-1\" \/>\n<link rel=\"canonical\" href=\"https:\/\/dutchhealthstore.com\/de\/product\/lavender-absolute\/\" \/>\n<meta property=\"og:locale\" content=\"de_DE\" \/>\n<meta property=\"og:type\" content=\"article\" \/>\n<meta property=\"og:title\" content=\"Lavender Absolute - Dutch Health Store\" \/>\n<meta property=\"og:description\" content=\"Dieser s\u00fc\u00dfe und wohlwollende Extrakt wird als Herznote in Parf\u00fcms, Mischungen und Badekreationen verwendet.\" \/>\n<meta property=\"og:url\" content=\"https:\/\/dutchhealthstore.com\/de\/product\/lavender-absolute\/\" \/>\n<meta property=\"og:site_name\" content=\"Dutch Health Store\" \/>\n<meta property=\"article:publisher\" content=\"https:\/\/www.instagram.com\/dutchhealthstore\/\" \/>\n<meta property=\"article:modified_time\" content=\"2025-06-07T12:18:51+00:00\" \/>\n<meta property=\"og:image\" content=\"https:\/\/dutchhealthstore.com\/wp-content\/uploads\/2020\/06\/Living-Libations-Lavender-Absolute-e1593088514252.png\" \/>\n\t<meta property=\"og:image:width\" content=\"500\" \/>\n\t<meta property=\"og:image:height\" content=\"500\" \/>\n\t<meta property=\"og:image:type\" content=\"image\/jpeg\" \/>\n<meta name=\"twitter:card\" content=\"summary_large_image\" \/>\n<meta name=\"twitter:label1\" content=\"Verf\u00fcgbarkeit\" \/>\n\t<meta name=\"twitter:data1\" content=\"Auf Lager\" \/>\n<script type=\"application\/ld+json\" class=\"yoast-schema-graph\">{\"@context\":\"https:\/\/schema.org\",\"@graph\":[{\"@type\":\"WebPage\",\"@id\":\"https:\/\/dutchhealthstore.com\/de\/product\/lavender-absolute\/\",\"url\":\"https:\/\/dutchhealthstore.com\/de\/product\/lavender-absolute\/\",\"name\":\"Lavender Absolute | Living Libations\",\"isPartOf\":{\"@id\":\"https:\/\/dutchhealthstore.com\/de\/#website\"},\"primaryImageOfPage\":{\"@id\":\"https:\/\/dutchhealthstore.com\/de\/product\/lavender-absolute\/#primaryimage\"},\"image\":{\"@id\":\"https:\/\/dutchhealthstore.com\/de\/product\/lavender-absolute\/#primaryimage\"},\"thumbnailUrl\":\"https:\/\/dutchhealthstore.com\/wp-content\/uploads\/2020\/06\/Living-Libations-Lavender-Absolute-e1593088514252.png\",\"datePublished\":\"2020-06-25T10:44:16+00:00\",\"dateModified\":\"2025-06-07T12:18:51+00:00\",\"description\":\"Dieser s\u00fc\u00dfe und wohlwollende Extrakt wird als Herznote in Parf\u00fcms, Mischungen und Badekreationen verwendet.\",\"breadcrumb\":{\"@id\":\"https:\/\/dutchhealthstore.com\/de\/product\/lavender-absolute\/#breadcrumb\"},\"inLanguage\":\"de\",\"potentialAction\":[{\"@type\":\"ReadAction\",\"target\":[\"https:\/\/dutchhealthstore.com\/de\/product\/lavender-absolute\/\"]}]},{\"@type\":\"ImageObject\",\"inLanguage\":\"de\",\"@id\":\"https:\/\/dutchhealthstore.com\/de\/product\/lavender-absolute\/#primaryimage\",\"url\":\"https:\/\/dutchhealthstore.com\/wp-content\/uploads\/2020\/06\/Living-Libations-Lavender-Absolute-e1593088514252.png\",\"contentUrl\":\"https:\/\/dutchhealthstore.com\/wp-content\/uploads\/2020\/06\/Living-Libations-Lavender-Absolute-e1593088514252.png\",\"width\":500,\"height\":500,\"caption\":\"Living Libations Lavender Absolute\"},{\"@type\":\"BreadcrumbList\",\"@id\":\"https:\/\/dutchhealthstore.com\/de\/product\/lavender-absolute\/#breadcrumb\",\"itemListElement\":[{\"@type\":\"ListItem\",\"position\":1,\"name\":\"Home\",\"item\":\"https:\/\/dutchhealthstore.com\/de\/\"},{\"@type\":\"ListItem\",\"position\":2,\"name\":\"Shop\",\"item\":\"https:\/\/dutchhealthstore.com\/de\/shop-2\/\"},{\"@type\":\"ListItem\",\"position\":3,\"name\":\"Lavender Absolute\"}]},{\"@type\":\"WebSite\",\"@id\":\"https:\/\/dutchhealthstore.com\/de\/#website\",\"url\":\"https:\/\/dutchhealthstore.com\/de\/\",\"name\":\"Dutch Health Store\",\"description\":\"Enhance Your Beauty with Organic &amp; Natural Skincare\",\"publisher\":{\"@id\":\"https:\/\/dutchhealthstore.com\/de\/#organization\"},\"potentialAction\":[{\"@type\":\"SearchAction\",\"target\":{\"@type\":\"EntryPoint\",\"urlTemplate\":\"https:\/\/dutchhealthstore.com\/de\/?s={search_term_string}\"},\"query-input\":{\"@type\":\"PropertyValueSpecification\",\"valueRequired\":true,\"valueName\":\"search_term_string\"}}],\"inLanguage\":\"de\"},{\"@type\":\"Organization\",\"@id\":\"https:\/\/dutchhealthstore.com\/de\/#organization\",\"name\":\"Dutch Health Store\",\"url\":\"https:\/\/dutchhealthstore.com\/de\/\",\"logo\":{\"@type\":\"ImageObject\",\"inLanguage\":\"de\",\"@id\":\"https:\/\/dutchhealthstore.com\/de\/#\/schema\/logo\/image\/\",\"url\":\"https:\/\/dutchhealthstore.com\/wp-content\/uploads\/2020\/08\/logo-dutchhealthstore-jpg-e1599484957574.jpg\",\"contentUrl\":\"https:\/\/dutchhealthstore.com\/wp-content\/uploads\/2020\/08\/logo-dutchhealthstore-jpg-e1599484957574.jpg\",\"width\":400,\"height\":62,\"caption\":\"Dutch Health Store\"},\"image\":{\"@id\":\"https:\/\/dutchhealthstore.com\/de\/#\/schema\/logo\/image\/\"},\"sameAs\":[\"https:\/\/www.instagram.com\/dutchhealthstore\/\",\"https:\/\/www.facebook.com\/dutchhealthstore\"]}]}<\/script>\n<meta property=\"product:brand\" content=\"Living Libations\" \/>\n<meta property=\"og:availability\" content=\"instock\" \/>\n<meta property=\"product:availability\" content=\"instock\" \/>\n<meta property=\"product:condition\" content=\"new\" \/>\n<!-- \/ Yoast SEO Premium plugin. -->","yoast_head_json":{"title":"Lavender Absolute | Living Libations","description":"Dieser s\u00fc\u00dfe und wohlwollende Extrakt wird als Herznote in Parf\u00fcms, Mischungen und Badekreationen verwendet.","robots":{"index":"index","follow":"follow","max-snippet":"max-snippet:-1","max-image-preview":"max-image-preview:large","max-video-preview":"max-video-preview:-1"},"canonical":"https:\/\/dutchhealthstore.com\/de\/product\/lavender-absolute\/","og_locale":"de_DE","og_type":"article","og_title":"Lavender Absolute - Dutch Health Store","og_description":"Dieser s\u00fc\u00dfe und wohlwollende Extrakt wird als Herznote in Parf\u00fcms, Mischungen und Badekreationen verwendet.","og_url":"https:\/\/dutchhealthstore.com\/de\/product\/lavender-absolute\/","og_site_name":"Dutch Health Store","article_publisher":"https:\/\/www.instagram.com\/dutchhealthstore\/","article_modified_time":"2025-06-07T12:18:51+00:00","og_image":[{"width":500,"height":500,"url":"https:\/\/dutchhealthstore.com\/wp-content\/uploads\/2020\/06\/Living-Libations-Lavender-Absolute-e1593088514252.png","type":"image\/jpeg"}],"twitter_card":"summary_large_image","twitter_misc":{"Verf\u00fcgbarkeit":"Auf Lager"},"schema":{"@context":"https:\/\/schema.org","@graph":[{"@type":"WebPage","@id":"https:\/\/dutchhealthstore.com\/de\/product\/lavender-absolute\/","url":"https:\/\/dutchhealthstore.com\/de\/product\/lavender-absolute\/","name":"Lavender Absolute | Living Libations","isPartOf":{"@id":"https:\/\/dutchhealthstore.com\/de\/#website"},"primaryImageOfPage":{"@id":"https:\/\/dutchhealthstore.com\/de\/product\/lavender-absolute\/#primaryimage"},"image":{"@id":"https:\/\/dutchhealthstore.com\/de\/product\/lavender-absolute\/#primaryimage"},"thumbnailUrl":"https:\/\/dutchhealthstore.com\/wp-content\/uploads\/2020\/06\/Living-Libations-Lavender-Absolute-e1593088514252.png","datePublished":"2020-06-25T10:44:16+00:00","dateModified":"2025-06-07T12:18:51+00:00","description":"Dieser s\u00fc\u00dfe und wohlwollende Extrakt wird als Herznote in Parf\u00fcms, Mischungen und Badekreationen verwendet.","breadcrumb":{"@id":"https:\/\/dutchhealthstore.com\/de\/product\/lavender-absolute\/#breadcrumb"},"inLanguage":"de","potentialAction":[{"@type":"ReadAction","target":["https:\/\/dutchhealthstore.com\/de\/product\/lavender-absolute\/"]}]},{"@type":"ImageObject","inLanguage":"de","@id":"https:\/\/dutchhealthstore.com\/de\/product\/lavender-absolute\/#primaryimage","url":"https:\/\/dutchhealthstore.com\/wp-content\/uploads\/2020\/06\/Living-Libations-Lavender-Absolute-e1593088514252.png","contentUrl":"https:\/\/dutchhealthstore.com\/wp-content\/uploads\/2020\/06\/Living-Libations-Lavender-Absolute-e1593088514252.png","width":500,"height":500,"caption":"Living Libations Lavender Absolute"},{"@type":"BreadcrumbList","@id":"https:\/\/dutchhealthstore.com\/de\/product\/lavender-absolute\/#breadcrumb","itemListElement":[{"@type":"ListItem","position":1,"name":"Home","item":"https:\/\/dutchhealthstore.com\/de\/"},{"@type":"ListItem","position":2,"name":"Shop","item":"https:\/\/dutchhealthstore.com\/de\/shop-2\/"},{"@type":"ListItem","position":3,"name":"Lavender Absolute"}]},{"@type":"WebSite","@id":"https:\/\/dutchhealthstore.com\/de\/#website","url":"https:\/\/dutchhealthstore.com\/de\/","name":"Dutch Health Store","description":"Enhance Your Beauty with Organic &amp; Natural Skincare","publisher":{"@id":"https:\/\/dutchhealthstore.com\/de\/#organization"},"potentialAction":[{"@type":"SearchAction","target":{"@type":"EntryPoint","urlTemplate":"https:\/\/dutchhealthstore.com\/de\/?s={search_term_string}"},"query-input":{"@type":"PropertyValueSpecification","valueRequired":true,"valueName":"search_term_string"}}],"inLanguage":"de"},{"@type":"Organization","@id":"https:\/\/dutchhealthstore.com\/de\/#organization","name":"Dutch Health Store","url":"https:\/\/dutchhealthstore.com\/de\/","logo":{"@type":"ImageObject","inLanguage":"de","@id":"https:\/\/dutchhealthstore.com\/de\/#\/schema\/logo\/image\/","url":"https:\/\/dutchhealthstore.com\/wp-content\/uploads\/2020\/08\/logo-dutchhealthstore-jpg-e1599484957574.jpg","contentUrl":"https:\/\/dutchhealthstore.com\/wp-content\/uploads\/2020\/08\/logo-dutchhealthstore-jpg-e1599484957574.jpg","width":400,"height":62,"caption":"Dutch Health Store"},"image":{"@id":"https:\/\/dutchhealthstore.com\/de\/#\/schema\/logo\/image\/"},"sameAs":["https:\/\/www.instagram.com\/dutchhealthstore\/","https:\/\/www.facebook.com\/dutchhealthstore"]}]},"product_brand":"Living Libations","og_availability":"instock","product_availability":"instock","product_condition":"new"},"_links":{"self":[{"href":"https:\/\/dutchhealthstore.com\/de\/wp-json\/wp\/v2\/product\/119550","targetHints":{"allow":["GET"]}}],"collection":[{"href":"https:\/\/dutchhealthstore.com\/de\/wp-json\/wp\/v2\/product"}],"about":[{"href":"https:\/\/dutchhealthstore.com\/de\/wp-json\/wp\/v2\/types\/product"}],"replies":[{"embeddable":true,"href":"https:\/\/dutchhealthstore.com\/de\/wp-json\/wp\/v2\/comments?post=119550"}],"wp:featuredmedia":[{"embeddable":true,"href":"https:\/\/dutchhealthstore.com\/de\/wp-json\/wp\/v2\/media\/109109"}],"wp:attachment":[{"href":"https:\/\/dutchhealthstore.com\/de\/wp-json\/wp\/v2\/media?parent=119550"}],"wp:term":[{"taxonomy":"product_brand","embeddable":true,"href":"https:\/\/dutchhealthstore.com\/de\/wp-json\/wp\/v2\/product_brand?post=119550"},{"taxonomy":"product_cat","embeddable":true,"href":"https:\/\/dutchhealthstore.com\/de\/wp-json\/wp\/v2\/product_cat?post=119550"},{"taxonomy":"product_tag","embeddable":true,"href":"https:\/\/dutchhealthstore.com\/de\/wp-json\/wp\/v2\/product_tag?post=119550"}],"curies":[{"name":"wp","href":"https:\/\/api.w.org\/{rel}","templated":true}]}}