{"id":119511,"date":"2019-04-04T17:38:40","date_gmt":"2019-04-04T15:38:40","guid":{"rendered":"https:\/\/dutchhealthstore.com\/product\/labdanum-absolute\/"},"modified":"2025-10-18T09:24:24","modified_gmt":"2025-10-18T07:24:24","slug":"labdanum-absolute","status":"publish","type":"product","link":"https:\/\/dutchhealthstore.com\/de\/product\/labdanum-absolute\/","title":{"rendered":"Labdanum Absolute"},"content":{"rendered":"<p><strong><img decoding=\"async\" class=\"size-full wp-image-37041 alignright\" src=\"https:\/\/dutchhealthstore.com\/wp-content\/uploads\/2018\/04\/Living_Libations-1.png\" alt=\"Organic &amp; Natural Beautyproducts - Living Libations\" width=\"175\" height=\"82\">Rechhaltiges Labdanum Absolute<\/strong> ist ein warmes, reichhaltiges, amberartiges Absolue, das in Parf\u00fcms und Raumd\u00fcften verwendet wird.<br \/>\nDieses Elixier wird aus dem Oleoresin der Zistrosenpflanze gewonnen und ist eine reichhaltigere, holzige und warme Version der dampfdestillierten Version dieser Pflanze, Rockrose Essential Oil, mit einer Vielzahl von Vorteilen, die nur das absolute \u00d6l bietet.<\/p>\n<p><strong>Botanischer Name:<\/strong> Cistus ladaniferus<br \/>\n<strong>Botanische Familie:<\/strong> Cistaceae<br \/>\n<strong>Extraktionsverfahren:<\/strong> Absolute<br \/>\n<strong>Teil der Pflanze Destilliert:<\/strong> Oleoresin<br \/>\n<strong>Herkunftsland:<\/strong> Spanien<br \/>\n<strong>Anbaumethode:<\/strong> Wildsammlung<br \/>\n<strong>Zusammensetzung:<\/strong> 100% Zistrose (Cistus ladanifer)<br \/>\n<strong>Konsistenz:<\/strong> Dickfl\u00fcssige Viskosit\u00e4t<\/p>\n<a href=\"https:\/\/dutchhealthstore.com\/wp-content\/uploads\/2019\/04\/ANALYSIS-Labdanum-Absolute-Organic-Living-Libations-3.pdf\" class=\"button primary is-primary is-small\"  >\n\t\t<span>ANALYSE &gt;<\/span>\n\t<\/a>\n\n<h3>Beschreibung des Duftes<\/h3>\n<p>Intensiver, z\u00e4her Duft mit warmen, bernsteinfarbenen Noten von Blumen, Balsam und Gew\u00fcrzen.<\/p>\n<h3>In Living Libations<\/h3>\n<p>Moccasin Flower Perfume, Moccasin Flower Shimmer Lips<\/p>\n<h3>Gut mischbar mit<\/h3>\n<p>Jasmin, Rose, Tuberose, Bergamotte, Muskatnuss, Zedernholz, Vetiver, Patchouli, Blutorange, Sandelholz, Ylang, Palo Santo, Spikenard, Muskatellersalbei, Waldbernstein und Vanille.<\/p>\n<h3>Verwenden Sie<\/h3>\n<p>Seltener, begehrter Inhaltsstoff in der Parf\u00fcmerie, der Amber-Akzente verstr\u00f6mt.<\/p>\n<p>Labdanum ist der Duft der parf\u00fcmierten Prophezeiungen; dieses warme, bernsteinfarbene Elixier ist die absolute Version des Rock Rose Essential Oil. Labdanum wird aus dem \u00fcppigen Oleoresin der Zistrosenpflanze destilliert und wird seit biblischen Zeiten als allgemeines St\u00e4rkungsmittel verwendet. Die alten \u00c4gypter verbrannten es als duftenden Weihrauch.<\/p>\n<p>Labdanum, auch bekannt als Rose von Scharon (Hohelied Salomos 2,1), gilt seit jeher als kostbares Parf\u00fcm, das eine F\u00fclle von aromatischen, spirituellen und emotionalen Vorteilen enth\u00e4lt. Urspr\u00fcnglich wurde er gesammelt, indem man die B\u00e4rte und das Fell von Ziegen und Schafen b\u00fcrstete, die den ganzen Tag in den duftenden Cistus ladanifer-Str\u00e4uchern geweidet hatten. Heute wird Labdanum in der Parf\u00fcmerie verwendet, um die beiden umstrittenen Duftstoffe von Hirschen (Moschus) und Walen (Ambra) nachzuahmen.<\/p>\n<p>Neben seinem \u00fcppigen balsamischen Duft bietet Labdanum Absolute auch eine Reihe von emotionalen Vorteilen. Labdanum Absolute wirkt erdend und erhebend und wird oft zur Salbung der Chakren w\u00e4hrend der Meditation und zur Anregung eines entspannten Zustands energiegeladener Ruhe verwendet.<\/p>\n<p><strong>Gr\u00f6\u00dfe: 5 ml und 30 ml<\/strong><\/p>\n<h3>Bio-Zutaten<\/h3>\n<p>100% Labdanum (Cistus ladaniferus) absolut.<\/p>\n<p style=\"text-align: center;\"><em>&#8222;Es waren alles intensive \u00e4therische \u00d6le, Schicht um Schicht Labdanum, Patchouli, Vanille, Vetiver, Ambrette, Weihrauch, Myrrhe, Amber, bulgarische Rose absolut, Oud-Holz &#8211; die Liste war endlos und wundersch\u00f6n, wie ein duftendes Gebet. Die Frau hatte gesagt, dass einige der Ingredienzien ihren Duft hundert Jahre lang behalten w\u00fcrden, dass sie nie vergehen w\u00fcrden. Wie ich, hatte er gesagt, wie wir.&#8220;<\/em><br \/>\n~ Joolz Denby, <strong>Wild Thing<\/strong><\/p>\n<p style=\"text-align: center;\"><em>&#8222;Labdanum wird als Fixiermittel in vielen Parf\u00fcms vom Typ Eisenkraut und Veilchen verwendet, aber am h\u00e4ufigsten wird es bei der Herstellung von Bernstein eingesetzt, der ein starkes Fixiermittel ist.<\/em><br \/>\n~ Jill Jesse, <strong>Perfume Album<\/strong><\/p>\n<p style=\"text-align: center;\"><em>Die Zistrose hilft bei der Meditation und Zentrierung sowie dabei, spirituelle Erfahrungen zu visualisieren und sie ins Bewusstsein zu bringen.<\/em><br \/>\n~ Suzanne Fischer-Rizzi, <strong>Complete Aromatherapy Handbook<\/strong><\/p>\n<p style=\"text-align: center;\"><em>&#8222;Labdanum hat einen typisch balsamischen Geruch, eher blumig, krautig, bernsteinartig und sehr hartn\u00e4ckig.&#8220;<\/em><br \/>\n~ H. Panda, <strong>The Complete Technology Book on Herbal Perfumes &amp; Cosmetics<\/strong><\/p>\n<p><img fetchpriority=\"high\" decoding=\"async\" class=\"size-full wp-image-31577 aligncenter\" src=\"https:\/\/dutchhealthstore.com\/wp-content\/uploads\/2018\/03\/organic_big.png\" alt=\"Organic and Natural - Living Libations\" width=\"623\" height=\"103\" srcset=\"https:\/\/dutchhealthstore.com\/wp-content\/uploads\/2018\/03\/organic_big.png 623w, https:\/\/dutchhealthstore.com\/wp-content\/uploads\/2018\/03\/organic_big-510x84.png 510w, https:\/\/dutchhealthstore.com\/wp-content\/uploads\/2018\/03\/organic_big-600x99.png 600w, https:\/\/dutchhealthstore.com\/wp-content\/uploads\/2018\/03\/organic_big-350x58.png 350w\" sizes=\"(max-width: 623px) 100vw, 623px\" \/><\/p>\n","protected":false},"excerpt":{"rendered":"<p>Rechhaltiges <strong>Labdanum Absolute<\/strong> ist ein warmes, reichhaltiges, amberartiges Absolue, das in Parf\u00fcms und Raumd\u00fcften verwendet wird.<br \/>\nDieses Elixier wird aus dem Oleoresin der Zistrosenpflanze gewonnen und ist eine reichhaltigere, holzige und warme Version der dampfdestillierten Version dieser Pflanze, Rockrose Essential Oil, mit einer Vielzahl von Vorteilen, die nur das absolute \u00d6l bietet.<\/p>\n","protected":false},"featured_media":113595,"comment_status":"open","ping_status":"closed","template":"","meta":[],"product_brand":[],"product_cat":[1551,6737,1508,1493,1210,511,6736],"product_tag":[1547],"class_list":{"0":"post-119511","1":"product","2":"type-product","3":"status-publish","4":"has-post-thumbnail","6":"product_cat-absolute-essenz-living-libations","7":"product_cat-essential-oils-de-2","8":"product_cat-aetherische-oele-living-libations","9":"product_cat-living-libations-deutschland","10":"product_cat-marken","11":"product_cat-produkte","12":"product_cat-wellness-de","13":"product_tag-essential-oil-de","14":"pa_brand-livinglibations-de","15":"pa_essential-oils-product-type-absolute-essences-de","16":"pa_essential-oils-product-type-essential-oils-de","17":"pa_size-30-ml-de","18":"pa_size-5-ml-de","20":"first","21":"instock","22":"taxable","23":"shipping-taxable","24":"purchasable","25":"product-type-variable"},"bundled_by":[],"bundle_stock_status":"instock","bundle_stock_quantity":null,"bundle_virtual":false,"bundle_layout":"","bundle_add_to_cart_form_location":"","bundle_editable_in_cart":false,"bundle_sold_individually_context":"","bundle_item_grouping":"","bundle_min_size":"","bundle_max_size":"","bundle_price":[],"bundled_items":[],"bundle_sell_ids":[],"atum_controlled":true,"out_stock_date":null,"out_stock_threshold":null,"inheritable":true,"stock_on_hold":0,"sold_today":0,"sales_last_days":0,"out_stock_days":0,"lost_sales":0,"update_date":"2026-05-01T00:14:29","atum_locations":[],"atum_stock_status":"instock","restock_status":false,"low_stock_amount":"","sales_update_date":"2026-05-01T00:14:29","calc_backorders":null,"group_of_quantity":0,"min_quantity":0,"max_quantity":"","exclude_order_quantity_value_rules":"no","exclude_category_quantity_rules":"no","combine_variations":"no","yoast_head":"<!-- This site is optimized with the Yoast SEO Premium plugin v26.5 (Yoast SEO v26.5) - https:\/\/yoast.com\/wordpress\/plugins\/seo\/ -->\n<title>Labdanum Absolute | Living Libations<\/title>\n<meta name=\"description\" content=\"Reichhaltiges Labdanum Absolute ist ein warmes, reichhaltiges, amberartiges Absolue, das in Parf\u00fcms und Raumd\u00fcften verwendet wird.\" \/>\n<meta name=\"robots\" content=\"index, follow, max-snippet:-1, max-image-preview:large, max-video-preview:-1\" \/>\n<link rel=\"canonical\" href=\"https:\/\/dutchhealthstore.com\/de\/product\/labdanum-absolute\/\" \/>\n<meta property=\"og:locale\" content=\"de_DE\" \/>\n<meta property=\"og:type\" content=\"article\" \/>\n<meta property=\"og:title\" content=\"Labdanum Absolute - Dutch Health Store\" \/>\n<meta property=\"og:description\" content=\"Reichhaltiges Labdanum Absolute ist ein warmes, reichhaltiges, amberartiges Absolue, das in Parf\u00fcms und Raumd\u00fcften verwendet wird.\" \/>\n<meta property=\"og:url\" content=\"https:\/\/dutchhealthstore.com\/de\/product\/labdanum-absolute\/\" \/>\n<meta property=\"og:site_name\" content=\"Dutch Health Store\" \/>\n<meta property=\"article:publisher\" content=\"https:\/\/www.instagram.com\/dutchhealthstore\/\" \/>\n<meta property=\"article:modified_time\" content=\"2025-10-18T07:24:24+00:00\" \/>\n<meta property=\"og:image\" content=\"https:\/\/dutchhealthstore.com\/wp-content\/uploads\/2019\/04\/Living-Libations-Labdanum-Absolute-e1594719974929.jpg\" \/>\n\t<meta property=\"og:image:width\" content=\"500\" \/>\n\t<meta property=\"og:image:height\" content=\"500\" \/>\n\t<meta property=\"og:image:type\" content=\"image\/jpeg\" \/>\n<meta name=\"twitter:card\" content=\"summary_large_image\" \/>\n<meta name=\"twitter:label1\" content=\"Verf\u00fcgbarkeit\" \/>\n\t<meta name=\"twitter:data1\" content=\"Auf Lager\" \/>\n<script type=\"application\/ld+json\" class=\"yoast-schema-graph\">{\"@context\":\"https:\/\/schema.org\",\"@graph\":[{\"@type\":\"WebPage\",\"@id\":\"https:\/\/dutchhealthstore.com\/de\/product\/labdanum-absolute\/\",\"url\":\"https:\/\/dutchhealthstore.com\/de\/product\/labdanum-absolute\/\",\"name\":\"Labdanum Absolute | Living Libations\",\"isPartOf\":{\"@id\":\"https:\/\/dutchhealthstore.com\/de\/#website\"},\"primaryImageOfPage\":{\"@id\":\"https:\/\/dutchhealthstore.com\/de\/product\/labdanum-absolute\/#primaryimage\"},\"image\":{\"@id\":\"https:\/\/dutchhealthstore.com\/de\/product\/labdanum-absolute\/#primaryimage\"},\"thumbnailUrl\":\"https:\/\/dutchhealthstore.com\/wp-content\/uploads\/2019\/04\/Living-Libations-Labdanum-Absolute-e1594719974929.jpg\",\"datePublished\":\"2019-04-04T15:38:40+00:00\",\"dateModified\":\"2025-10-18T07:24:24+00:00\",\"description\":\"Reichhaltiges Labdanum Absolute ist ein warmes, reichhaltiges, amberartiges Absolue, das in Parf\u00fcms und Raumd\u00fcften verwendet wird.\",\"breadcrumb\":{\"@id\":\"https:\/\/dutchhealthstore.com\/de\/product\/labdanum-absolute\/#breadcrumb\"},\"inLanguage\":\"de\",\"potentialAction\":[{\"@type\":\"ReadAction\",\"target\":[\"https:\/\/dutchhealthstore.com\/de\/product\/labdanum-absolute\/\"]}]},{\"@type\":\"ImageObject\",\"inLanguage\":\"de\",\"@id\":\"https:\/\/dutchhealthstore.com\/de\/product\/labdanum-absolute\/#primaryimage\",\"url\":\"https:\/\/dutchhealthstore.com\/wp-content\/uploads\/2019\/04\/Living-Libations-Labdanum-Absolute-e1594719974929.jpg\",\"contentUrl\":\"https:\/\/dutchhealthstore.com\/wp-content\/uploads\/2019\/04\/Living-Libations-Labdanum-Absolute-e1594719974929.jpg\",\"width\":500,\"height\":500,\"caption\":\"Living Libations Labdanum Absolute\"},{\"@type\":\"BreadcrumbList\",\"@id\":\"https:\/\/dutchhealthstore.com\/de\/product\/labdanum-absolute\/#breadcrumb\",\"itemListElement\":[{\"@type\":\"ListItem\",\"position\":1,\"name\":\"Home\",\"item\":\"https:\/\/dutchhealthstore.com\/de\/\"},{\"@type\":\"ListItem\",\"position\":2,\"name\":\"Shop\",\"item\":\"https:\/\/dutchhealthstore.com\/de\/shop-2\/\"},{\"@type\":\"ListItem\",\"position\":3,\"name\":\"Labdanum Absolute\"}]},{\"@type\":\"WebSite\",\"@id\":\"https:\/\/dutchhealthstore.com\/de\/#website\",\"url\":\"https:\/\/dutchhealthstore.com\/de\/\",\"name\":\"Dutch Health Store\",\"description\":\"Enhance Your Beauty with Organic &amp; Natural Skincare\",\"publisher\":{\"@id\":\"https:\/\/dutchhealthstore.com\/de\/#organization\"},\"potentialAction\":[{\"@type\":\"SearchAction\",\"target\":{\"@type\":\"EntryPoint\",\"urlTemplate\":\"https:\/\/dutchhealthstore.com\/de\/?s={search_term_string}\"},\"query-input\":{\"@type\":\"PropertyValueSpecification\",\"valueRequired\":true,\"valueName\":\"search_term_string\"}}],\"inLanguage\":\"de\"},{\"@type\":\"Organization\",\"@id\":\"https:\/\/dutchhealthstore.com\/de\/#organization\",\"name\":\"Dutch Health Store\",\"url\":\"https:\/\/dutchhealthstore.com\/de\/\",\"logo\":{\"@type\":\"ImageObject\",\"inLanguage\":\"de\",\"@id\":\"https:\/\/dutchhealthstore.com\/de\/#\/schema\/logo\/image\/\",\"url\":\"https:\/\/dutchhealthstore.com\/wp-content\/uploads\/2020\/08\/logo-dutchhealthstore-jpg-e1599484957574.jpg\",\"contentUrl\":\"https:\/\/dutchhealthstore.com\/wp-content\/uploads\/2020\/08\/logo-dutchhealthstore-jpg-e1599484957574.jpg\",\"width\":400,\"height\":62,\"caption\":\"Dutch Health Store\"},\"image\":{\"@id\":\"https:\/\/dutchhealthstore.com\/de\/#\/schema\/logo\/image\/\"},\"sameAs\":[\"https:\/\/www.instagram.com\/dutchhealthstore\/\",\"https:\/\/www.facebook.com\/dutchhealthstore\"]}]}<\/script>\n<meta property=\"product:brand\" content=\"Living Libations\" \/>\n<meta property=\"og:availability\" content=\"instock\" \/>\n<meta property=\"product:availability\" content=\"instock\" \/>\n<meta property=\"product:condition\" content=\"new\" \/>\n<!-- \/ Yoast SEO Premium plugin. -->","yoast_head_json":{"title":"Labdanum Absolute | Living Libations","description":"Reichhaltiges Labdanum Absolute ist ein warmes, reichhaltiges, amberartiges Absolue, das in Parf\u00fcms und Raumd\u00fcften verwendet wird.","robots":{"index":"index","follow":"follow","max-snippet":"max-snippet:-1","max-image-preview":"max-image-preview:large","max-video-preview":"max-video-preview:-1"},"canonical":"https:\/\/dutchhealthstore.com\/de\/product\/labdanum-absolute\/","og_locale":"de_DE","og_type":"article","og_title":"Labdanum Absolute - Dutch Health Store","og_description":"Reichhaltiges Labdanum Absolute ist ein warmes, reichhaltiges, amberartiges Absolue, das in Parf\u00fcms und Raumd\u00fcften verwendet wird.","og_url":"https:\/\/dutchhealthstore.com\/de\/product\/labdanum-absolute\/","og_site_name":"Dutch Health Store","article_publisher":"https:\/\/www.instagram.com\/dutchhealthstore\/","article_modified_time":"2025-10-18T07:24:24+00:00","og_image":[{"width":500,"height":500,"url":"https:\/\/dutchhealthstore.com\/wp-content\/uploads\/2019\/04\/Living-Libations-Labdanum-Absolute-e1594719974929.jpg","type":"image\/jpeg"}],"twitter_card":"summary_large_image","twitter_misc":{"Verf\u00fcgbarkeit":"Auf Lager"},"schema":{"@context":"https:\/\/schema.org","@graph":[{"@type":"WebPage","@id":"https:\/\/dutchhealthstore.com\/de\/product\/labdanum-absolute\/","url":"https:\/\/dutchhealthstore.com\/de\/product\/labdanum-absolute\/","name":"Labdanum Absolute | Living Libations","isPartOf":{"@id":"https:\/\/dutchhealthstore.com\/de\/#website"},"primaryImageOfPage":{"@id":"https:\/\/dutchhealthstore.com\/de\/product\/labdanum-absolute\/#primaryimage"},"image":{"@id":"https:\/\/dutchhealthstore.com\/de\/product\/labdanum-absolute\/#primaryimage"},"thumbnailUrl":"https:\/\/dutchhealthstore.com\/wp-content\/uploads\/2019\/04\/Living-Libations-Labdanum-Absolute-e1594719974929.jpg","datePublished":"2019-04-04T15:38:40+00:00","dateModified":"2025-10-18T07:24:24+00:00","description":"Reichhaltiges Labdanum Absolute ist ein warmes, reichhaltiges, amberartiges Absolue, das in Parf\u00fcms und Raumd\u00fcften verwendet wird.","breadcrumb":{"@id":"https:\/\/dutchhealthstore.com\/de\/product\/labdanum-absolute\/#breadcrumb"},"inLanguage":"de","potentialAction":[{"@type":"ReadAction","target":["https:\/\/dutchhealthstore.com\/de\/product\/labdanum-absolute\/"]}]},{"@type":"ImageObject","inLanguage":"de","@id":"https:\/\/dutchhealthstore.com\/de\/product\/labdanum-absolute\/#primaryimage","url":"https:\/\/dutchhealthstore.com\/wp-content\/uploads\/2019\/04\/Living-Libations-Labdanum-Absolute-e1594719974929.jpg","contentUrl":"https:\/\/dutchhealthstore.com\/wp-content\/uploads\/2019\/04\/Living-Libations-Labdanum-Absolute-e1594719974929.jpg","width":500,"height":500,"caption":"Living Libations Labdanum Absolute"},{"@type":"BreadcrumbList","@id":"https:\/\/dutchhealthstore.com\/de\/product\/labdanum-absolute\/#breadcrumb","itemListElement":[{"@type":"ListItem","position":1,"name":"Home","item":"https:\/\/dutchhealthstore.com\/de\/"},{"@type":"ListItem","position":2,"name":"Shop","item":"https:\/\/dutchhealthstore.com\/de\/shop-2\/"},{"@type":"ListItem","position":3,"name":"Labdanum Absolute"}]},{"@type":"WebSite","@id":"https:\/\/dutchhealthstore.com\/de\/#website","url":"https:\/\/dutchhealthstore.com\/de\/","name":"Dutch Health Store","description":"Enhance Your Beauty with Organic &amp; Natural Skincare","publisher":{"@id":"https:\/\/dutchhealthstore.com\/de\/#organization"},"potentialAction":[{"@type":"SearchAction","target":{"@type":"EntryPoint","urlTemplate":"https:\/\/dutchhealthstore.com\/de\/?s={search_term_string}"},"query-input":{"@type":"PropertyValueSpecification","valueRequired":true,"valueName":"search_term_string"}}],"inLanguage":"de"},{"@type":"Organization","@id":"https:\/\/dutchhealthstore.com\/de\/#organization","name":"Dutch Health Store","url":"https:\/\/dutchhealthstore.com\/de\/","logo":{"@type":"ImageObject","inLanguage":"de","@id":"https:\/\/dutchhealthstore.com\/de\/#\/schema\/logo\/image\/","url":"https:\/\/dutchhealthstore.com\/wp-content\/uploads\/2020\/08\/logo-dutchhealthstore-jpg-e1599484957574.jpg","contentUrl":"https:\/\/dutchhealthstore.com\/wp-content\/uploads\/2020\/08\/logo-dutchhealthstore-jpg-e1599484957574.jpg","width":400,"height":62,"caption":"Dutch Health Store"},"image":{"@id":"https:\/\/dutchhealthstore.com\/de\/#\/schema\/logo\/image\/"},"sameAs":["https:\/\/www.instagram.com\/dutchhealthstore\/","https:\/\/www.facebook.com\/dutchhealthstore"]}]},"product_brand":"Living Libations","og_availability":"instock","product_availability":"instock","product_condition":"new"},"_links":{"self":[{"href":"https:\/\/dutchhealthstore.com\/de\/wp-json\/wp\/v2\/product\/119511","targetHints":{"allow":["GET"]}}],"collection":[{"href":"https:\/\/dutchhealthstore.com\/de\/wp-json\/wp\/v2\/product"}],"about":[{"href":"https:\/\/dutchhealthstore.com\/de\/wp-json\/wp\/v2\/types\/product"}],"replies":[{"embeddable":true,"href":"https:\/\/dutchhealthstore.com\/de\/wp-json\/wp\/v2\/comments?post=119511"}],"wp:featuredmedia":[{"embeddable":true,"href":"https:\/\/dutchhealthstore.com\/de\/wp-json\/wp\/v2\/media\/113595"}],"wp:attachment":[{"href":"https:\/\/dutchhealthstore.com\/de\/wp-json\/wp\/v2\/media?parent=119511"}],"wp:term":[{"taxonomy":"product_brand","embeddable":true,"href":"https:\/\/dutchhealthstore.com\/de\/wp-json\/wp\/v2\/product_brand?post=119511"},{"taxonomy":"product_cat","embeddable":true,"href":"https:\/\/dutchhealthstore.com\/de\/wp-json\/wp\/v2\/product_cat?post=119511"},{"taxonomy":"product_tag","embeddable":true,"href":"https:\/\/dutchhealthstore.com\/de\/wp-json\/wp\/v2\/product_tag?post=119511"}],"curies":[{"name":"wp","href":"https:\/\/api.w.org\/{rel}","templated":true}]}}