{"id":119402,"date":"2020-06-23T13:23:12","date_gmt":"2020-06-23T11:23:12","guid":{"rendered":"https:\/\/dutchhealthstore.com\/product\/juniper-berry-essential-oil\/"},"modified":"2026-02-06T15:25:53","modified_gmt":"2026-02-06T14:25:53","slug":"juniper-berry-essential-oil","status":"publish","type":"product","link":"https:\/\/dutchhealthstore.com\/de\/product\/juniper-berry-essential-oil\/","title":{"rendered":"Juniper Berry Essential Oil"},"content":{"rendered":"<p><img decoding=\"async\" class=\"size-full wp-image-69549 alignright\" src=\"https:\/\/dutchhealthstore.com\/wp-content\/uploads\/2019\/08\/NEW-Living-Libations-Logo.jpg\" alt=\"NEW - Living Libations - Logo\" width=\"175\" height=\"82\"><strong>Botanischer Name:<\/strong> Juniperus communis<br \/>\n<strong>Botanische Familie:<\/strong> Cupressaceae<br \/>\n<strong>Extraktionsverfahren:<\/strong> Dampfdestilliert<br \/>\n<strong>Destillierter Teil der Pflanze:<\/strong> Beeren und Nadeln<br \/>\n<strong>Herkunftsland:<\/strong> Bulgeria<br \/>\n<strong>Anbaumethode:<\/strong> Bio<br \/>\n<strong>Zusammensetzung:<\/strong> 100% Wacholder (Juniperus communis)<br \/>\n<strong>Konsistenz:<\/strong> D\u00fcnne Viskosit\u00e4t<\/p>\n<h3>Beschreibung des Duftes<\/h3>\n<p>Wirbelnde balsamische Noten zwischen Essenzen frischer, gr\u00fcner Beeren und aktivierendem, holzigem Duft.<\/p>\n<h3>In Living Libations<\/h3>\n<p>CelluLight Formula<\/p>\n<h3>Gut mischbar mit<\/h3>\n<p>Grapefruit, Weihrauch, Zypresse, Thymian, Lavendel, Majoran, Zitrone, Ylang, Geranie, Kardamom, Koriander, Tanne, Fichte, Kiefer, Eukalyptus, Lorbeer, Honigmyrte, schwarzer Pfeffer und Inula.<\/p>\n<h3>Verwendet<\/h3>\n<p>In Massagemischungen einarbeiten. Zusatz zu Hautseren. Wunderbar in der Badewanne &#8211; ein oder zwei Tropfen gen\u00fcgen. Diffundieren Sie, um R\u00e4ume zu kl\u00e4ren und zu erheben; inhalieren Sie in unserer Salzpfeife f\u00fcr Klarheit und leichtes Atmen. Hervorragend geeignet f\u00fcr Saunas. Kulinarisches \u00d6l. Wird in K\u00f6rper\u00f6le gemischt, um tr\u00e4ge Haut zu beleben und die Textur zu verbessern.<\/p>\n<a href=\"https:\/\/dutchhealthstore.com\/wp-content\/uploads\/2020\/06\/ANALYSIS-Juniper-Berry-Essential-Oil-Living-Libations-3.pdf\" class=\"button primary is-primary is-small\"  >\n\t\t<span>ANALYSE DER \u00c4THERISCHEN \u00d6LE &gt;<\/span>\n\t<\/a>\n\n<p>Juniper Berry Essential Oil ist ein erfrischendes, belebendes und reinigendes \u00d6l, das die Luft, die Haut und den Geist reinigt. Wacholderbeeren sind nicht nur eine klassische Zutat in der K\u00fcche und bei der Herstellung von Gin, sondern das \u00d6l dieser gesegneten Beere ist auch ein Klassiker in der Aromatherapie. Ob Sie nun meditieren, Ihre Haut verj\u00fcngen oder die Luft reinigen wollen, Juniper Berry Essential Oil wird Ihnen dabei helfen!<\/p>\n<p><strong>Gr\u00f6\u00dfe: 5 ml und 15 ml<\/strong><\/p>\n<h3>Bio-Zutaten<\/h3>\n<p>100% \u00e4therisches \u00d6l der Wacholderbeere (Juniperus communis).<\/p>\n<p style=\"text-align: center;\"><em>&#8222;In dem Ma\u00dfe, wie wir eine physiologische Abgabe des \u00d6ls erreichen, ist Wacholderbeere im Wesentlichen ein w\u00e4rmendes, trocknendes Stimulans&#8230; In der chinesischen Kr\u00e4uterkunde wird Wacholder als prim\u00e4res \u00d6l zur L\u00f6sung vieler Arten von feuchten Zust\u00e4nden in den mittleren und unteren Erw\u00e4rmungszonen angesehen&#8230; Gleichzeitig hat die scharfe Energie des Wacholders auch eine sanfte Aufw\u00e4rtsbewegung, die den Geist erfrischt und kl\u00e4rt. Stagnierende, negative, verwirrte Gedanken und geistiger Nebel sind ebenso sein Terrain wie die Symptome einer zerstreuten Energie&#8230; Alles in allem ist Wacholder f\u00fcr den kalten, verstopften, stagnierenden Typus von Mensch&#8230;&#8220;<\/em><br \/>\n~ Peter Holmes, <strong>Aromatica<\/strong><\/p>\n<p style=\"text-align: center;\"><em>&#8222;Wenn man den Wacholderduft einatmet, findet eine reinigende und l\u00e4uternde Wirkung statt, und es kommt zu subtilen Ver\u00e4nderungen &#8211; k\u00f6rperlich, geistig und seelisch -, da der unbelastete Geist zu Herz und Verstand sprechen kann.&#8220;<\/em><br \/>\n~ Valerie Ann Worwood, <strong>aromatherapy for the Soul<\/strong><\/p>\n<p><img fetchpriority=\"high\" decoding=\"async\" class=\"size-medium wp-image-68103 aligncenter\" src=\"https:\/\/dutchhealthstore.com\/wp-content\/uploads\/2018\/02\/Living-Libations-Organic-Logo-800x89.png\" alt=\"Living Libations - Organic Logo\" width=\"800\" height=\"89\" srcset=\"https:\/\/dutchhealthstore.com\/wp-content\/uploads\/2018\/02\/Living-Libations-Organic-Logo-800x89.png 800w, https:\/\/dutchhealthstore.com\/wp-content\/uploads\/2018\/02\/Living-Libations-Organic-Logo-510x57.png 510w, https:\/\/dutchhealthstore.com\/wp-content\/uploads\/2018\/02\/Living-Libations-Organic-Logo-768x85.png 768w, https:\/\/dutchhealthstore.com\/wp-content\/uploads\/2018\/02\/Living-Libations-Organic-Logo.png 1400w\" sizes=\"(max-width: 800px) 100vw, 800px\" \/><\/p>\n","protected":false},"excerpt":{"rendered":"<p>Living Libations <strong>Juniper Berry Essential Oil<\/strong> ist eine fr\u00f6hliche Erg\u00e4nzung f\u00fcr jede Aromatherapie-Apotheke. Dieses aus Wacholderbeeren dampfdestillierte \u00d6l wird seit jeher wegen seiner entgiftenden und reinigenden Eigenschaften verwendet.<br \/>\nJuniper Berry Essential Oil kann verwendet werden, um neblige Gedanken, stinkende Luft, tr\u00e4ge aussehende Haut und tr\u00e4ge Geister zu erfrischen.<\/p>\n","protected":false},"featured_media":61945,"comment_status":"open","ping_status":"closed","template":"","meta":[],"product_brand":[],"product_cat":[6737,1508,1546,1493,1210,6736],"product_tag":[1547],"class_list":{"0":"post-119402","1":"product","2":"type-product","3":"status-publish","4":"has-post-thumbnail","6":"product_cat-essential-oils-de-2","7":"product_cat-aetherische-oele-living-libations","8":"product_cat-essential-oils-living-libations-de","9":"product_cat-living-libations-deutschland","10":"product_cat-marken","11":"product_cat-wellness-de","12":"product_tag-essential-oil-de","13":"pa_brand-livinglibations-de","14":"pa_essential-oils-product-type-essential-oils-de","15":"pa_size-5-ml-de","16":"pa_size-15-ml-de-2","18":"first","19":"instock","20":"taxable","21":"shipping-taxable","22":"purchasable","23":"product-type-variable"},"bundled_by":[],"bundle_stock_status":"instock","bundle_stock_quantity":null,"bundle_virtual":false,"bundle_layout":"","bundle_add_to_cart_form_location":"","bundle_editable_in_cart":false,"bundle_sold_individually_context":"","bundle_item_grouping":"","bundle_min_size":"","bundle_max_size":"","bundle_price":[],"bundled_items":[],"bundle_sell_ids":[],"atum_controlled":true,"out_stock_date":null,"out_stock_threshold":null,"inheritable":true,"stock_on_hold":0,"sold_today":0,"sales_last_days":0,"out_stock_days":0,"lost_sales":0,"update_date":"2026-04-07T01:47:07","atum_locations":[],"atum_stock_status":"instock","restock_status":false,"low_stock_amount":"","sales_update_date":"2026-04-07T01:47:07","calc_backorders":null,"group_of_quantity":0,"min_quantity":0,"max_quantity":"","exclude_order_quantity_value_rules":"no","exclude_category_quantity_rules":"no","combine_variations":"no","yoast_head":"<!-- This site is optimized with the Yoast SEO Premium plugin v26.5 (Yoast SEO v26.5) - https:\/\/yoast.com\/wordpress\/plugins\/seo\/ -->\n<title>Juniper Berry Essential Oil | Living Libations<\/title>\n<meta name=\"description\" content=\"Juniper Berry Essential Oil kann verwendet werden, um neblige Gedanken, stinkende Luft, tr\u00e4ge aussehende Haut und tr\u00e4ge Geister zu erfrischen.\" \/>\n<meta name=\"robots\" content=\"index, follow, max-snippet:-1, max-image-preview:large, max-video-preview:-1\" \/>\n<link rel=\"canonical\" href=\"https:\/\/dutchhealthstore.com\/de\/product\/juniper-berry-essential-oil\/\" \/>\n<meta property=\"og:locale\" content=\"de_DE\" \/>\n<meta property=\"og:type\" content=\"article\" \/>\n<meta property=\"og:title\" content=\"Juniper Berry Essential Oil - Dutch Health Store\" \/>\n<meta property=\"og:description\" content=\"Juniper Berry Essential Oil kann verwendet werden, um neblige Gedanken, stinkende Luft, tr\u00e4ge aussehende Haut und tr\u00e4ge Geister zu erfrischen.\" \/>\n<meta property=\"og:url\" content=\"https:\/\/dutchhealthstore.com\/de\/product\/juniper-berry-essential-oil\/\" \/>\n<meta property=\"og:site_name\" content=\"Dutch Health Store\" \/>\n<meta property=\"article:publisher\" content=\"https:\/\/www.instagram.com\/dutchhealthstore\/\" \/>\n<meta property=\"article:modified_time\" content=\"2026-02-06T14:25:53+00:00\" \/>\n<meta property=\"og:image\" content=\"https:\/\/dutchhealthstore.com\/wp-content\/uploads\/2018\/02\/Juniperberry-Essential-Oil-Living-Libations-e1593076955960.jpg\" \/>\n\t<meta property=\"og:image:width\" content=\"500\" \/>\n\t<meta property=\"og:image:height\" content=\"500\" \/>\n\t<meta property=\"og:image:type\" content=\"image\/jpeg\" \/>\n<meta name=\"twitter:card\" content=\"summary_large_image\" \/>\n<meta name=\"twitter:label1\" content=\"Verf\u00fcgbarkeit\" \/>\n\t<meta name=\"twitter:data1\" content=\"Auf Lager\" \/>\n<script type=\"application\/ld+json\" class=\"yoast-schema-graph\">{\"@context\":\"https:\/\/schema.org\",\"@graph\":[{\"@type\":\"WebPage\",\"@id\":\"https:\/\/dutchhealthstore.com\/de\/product\/juniper-berry-essential-oil\/\",\"url\":\"https:\/\/dutchhealthstore.com\/de\/product\/juniper-berry-essential-oil\/\",\"name\":\"Juniper Berry Essential Oil | Living Libations\",\"isPartOf\":{\"@id\":\"https:\/\/dutchhealthstore.com\/de\/#website\"},\"primaryImageOfPage\":{\"@id\":\"https:\/\/dutchhealthstore.com\/de\/product\/juniper-berry-essential-oil\/#primaryimage\"},\"image\":{\"@id\":\"https:\/\/dutchhealthstore.com\/de\/product\/juniper-berry-essential-oil\/#primaryimage\"},\"thumbnailUrl\":\"https:\/\/dutchhealthstore.com\/wp-content\/uploads\/2018\/02\/Juniperberry-Essential-Oil-Living-Libations-e1593076955960.jpg\",\"datePublished\":\"2020-06-23T11:23:12+00:00\",\"dateModified\":\"2026-02-06T14:25:53+00:00\",\"description\":\"Juniper Berry Essential Oil kann verwendet werden, um neblige Gedanken, stinkende Luft, tr\u00e4ge aussehende Haut und tr\u00e4ge Geister zu erfrischen.\",\"breadcrumb\":{\"@id\":\"https:\/\/dutchhealthstore.com\/de\/product\/juniper-berry-essential-oil\/#breadcrumb\"},\"inLanguage\":\"de\",\"potentialAction\":[{\"@type\":\"ReadAction\",\"target\":[\"https:\/\/dutchhealthstore.com\/de\/product\/juniper-berry-essential-oil\/\"]}]},{\"@type\":\"ImageObject\",\"inLanguage\":\"de\",\"@id\":\"https:\/\/dutchhealthstore.com\/de\/product\/juniper-berry-essential-oil\/#primaryimage\",\"url\":\"https:\/\/dutchhealthstore.com\/wp-content\/uploads\/2018\/02\/Juniperberry-Essential-Oil-Living-Libations-e1593076955960.jpg\",\"contentUrl\":\"https:\/\/dutchhealthstore.com\/wp-content\/uploads\/2018\/02\/Juniperberry-Essential-Oil-Living-Libations-e1593076955960.jpg\",\"width\":500,\"height\":500,\"caption\":\"Juniperberry Essential Oil - Living Libations\"},{\"@type\":\"BreadcrumbList\",\"@id\":\"https:\/\/dutchhealthstore.com\/de\/product\/juniper-berry-essential-oil\/#breadcrumb\",\"itemListElement\":[{\"@type\":\"ListItem\",\"position\":1,\"name\":\"Home\",\"item\":\"https:\/\/dutchhealthstore.com\/de\/\"},{\"@type\":\"ListItem\",\"position\":2,\"name\":\"Shop\",\"item\":\"https:\/\/dutchhealthstore.com\/de\/shop-2\/\"},{\"@type\":\"ListItem\",\"position\":3,\"name\":\"Juniper Berry Essential Oil\"}]},{\"@type\":\"WebSite\",\"@id\":\"https:\/\/dutchhealthstore.com\/de\/#website\",\"url\":\"https:\/\/dutchhealthstore.com\/de\/\",\"name\":\"Dutch Health Store\",\"description\":\"Enhance Your Beauty with Organic &amp; Natural Skincare\",\"publisher\":{\"@id\":\"https:\/\/dutchhealthstore.com\/de\/#organization\"},\"potentialAction\":[{\"@type\":\"SearchAction\",\"target\":{\"@type\":\"EntryPoint\",\"urlTemplate\":\"https:\/\/dutchhealthstore.com\/de\/?s={search_term_string}\"},\"query-input\":{\"@type\":\"PropertyValueSpecification\",\"valueRequired\":true,\"valueName\":\"search_term_string\"}}],\"inLanguage\":\"de\"},{\"@type\":\"Organization\",\"@id\":\"https:\/\/dutchhealthstore.com\/de\/#organization\",\"name\":\"Dutch Health Store\",\"url\":\"https:\/\/dutchhealthstore.com\/de\/\",\"logo\":{\"@type\":\"ImageObject\",\"inLanguage\":\"de\",\"@id\":\"https:\/\/dutchhealthstore.com\/de\/#\/schema\/logo\/image\/\",\"url\":\"https:\/\/dutchhealthstore.com\/wp-content\/uploads\/2020\/08\/logo-dutchhealthstore-jpg-e1599484957574.jpg\",\"contentUrl\":\"https:\/\/dutchhealthstore.com\/wp-content\/uploads\/2020\/08\/logo-dutchhealthstore-jpg-e1599484957574.jpg\",\"width\":400,\"height\":62,\"caption\":\"Dutch Health Store\"},\"image\":{\"@id\":\"https:\/\/dutchhealthstore.com\/de\/#\/schema\/logo\/image\/\"},\"sameAs\":[\"https:\/\/www.instagram.com\/dutchhealthstore\/\",\"https:\/\/www.facebook.com\/dutchhealthstore\"]}]}<\/script>\n<meta property=\"product:brand\" content=\"Living Libations\" \/>\n<meta property=\"og:availability\" content=\"instock\" \/>\n<meta property=\"product:availability\" content=\"instock\" \/>\n<meta property=\"product:condition\" content=\"new\" \/>\n<!-- \/ Yoast SEO Premium plugin. -->","yoast_head_json":{"title":"Juniper Berry Essential Oil | Living Libations","description":"Juniper Berry Essential Oil kann verwendet werden, um neblige Gedanken, stinkende Luft, tr\u00e4ge aussehende Haut und tr\u00e4ge Geister zu erfrischen.","robots":{"index":"index","follow":"follow","max-snippet":"max-snippet:-1","max-image-preview":"max-image-preview:large","max-video-preview":"max-video-preview:-1"},"canonical":"https:\/\/dutchhealthstore.com\/de\/product\/juniper-berry-essential-oil\/","og_locale":"de_DE","og_type":"article","og_title":"Juniper Berry Essential Oil - Dutch Health Store","og_description":"Juniper Berry Essential Oil kann verwendet werden, um neblige Gedanken, stinkende Luft, tr\u00e4ge aussehende Haut und tr\u00e4ge Geister zu erfrischen.","og_url":"https:\/\/dutchhealthstore.com\/de\/product\/juniper-berry-essential-oil\/","og_site_name":"Dutch Health Store","article_publisher":"https:\/\/www.instagram.com\/dutchhealthstore\/","article_modified_time":"2026-02-06T14:25:53+00:00","og_image":[{"width":500,"height":500,"url":"https:\/\/dutchhealthstore.com\/wp-content\/uploads\/2018\/02\/Juniperberry-Essential-Oil-Living-Libations-e1593076955960.jpg","type":"image\/jpeg"}],"twitter_card":"summary_large_image","twitter_misc":{"Verf\u00fcgbarkeit":"Auf Lager"},"schema":{"@context":"https:\/\/schema.org","@graph":[{"@type":"WebPage","@id":"https:\/\/dutchhealthstore.com\/de\/product\/juniper-berry-essential-oil\/","url":"https:\/\/dutchhealthstore.com\/de\/product\/juniper-berry-essential-oil\/","name":"Juniper Berry Essential Oil | Living Libations","isPartOf":{"@id":"https:\/\/dutchhealthstore.com\/de\/#website"},"primaryImageOfPage":{"@id":"https:\/\/dutchhealthstore.com\/de\/product\/juniper-berry-essential-oil\/#primaryimage"},"image":{"@id":"https:\/\/dutchhealthstore.com\/de\/product\/juniper-berry-essential-oil\/#primaryimage"},"thumbnailUrl":"https:\/\/dutchhealthstore.com\/wp-content\/uploads\/2018\/02\/Juniperberry-Essential-Oil-Living-Libations-e1593076955960.jpg","datePublished":"2020-06-23T11:23:12+00:00","dateModified":"2026-02-06T14:25:53+00:00","description":"Juniper Berry Essential Oil kann verwendet werden, um neblige Gedanken, stinkende Luft, tr\u00e4ge aussehende Haut und tr\u00e4ge Geister zu erfrischen.","breadcrumb":{"@id":"https:\/\/dutchhealthstore.com\/de\/product\/juniper-berry-essential-oil\/#breadcrumb"},"inLanguage":"de","potentialAction":[{"@type":"ReadAction","target":["https:\/\/dutchhealthstore.com\/de\/product\/juniper-berry-essential-oil\/"]}]},{"@type":"ImageObject","inLanguage":"de","@id":"https:\/\/dutchhealthstore.com\/de\/product\/juniper-berry-essential-oil\/#primaryimage","url":"https:\/\/dutchhealthstore.com\/wp-content\/uploads\/2018\/02\/Juniperberry-Essential-Oil-Living-Libations-e1593076955960.jpg","contentUrl":"https:\/\/dutchhealthstore.com\/wp-content\/uploads\/2018\/02\/Juniperberry-Essential-Oil-Living-Libations-e1593076955960.jpg","width":500,"height":500,"caption":"Juniperberry Essential Oil - Living Libations"},{"@type":"BreadcrumbList","@id":"https:\/\/dutchhealthstore.com\/de\/product\/juniper-berry-essential-oil\/#breadcrumb","itemListElement":[{"@type":"ListItem","position":1,"name":"Home","item":"https:\/\/dutchhealthstore.com\/de\/"},{"@type":"ListItem","position":2,"name":"Shop","item":"https:\/\/dutchhealthstore.com\/de\/shop-2\/"},{"@type":"ListItem","position":3,"name":"Juniper Berry Essential Oil"}]},{"@type":"WebSite","@id":"https:\/\/dutchhealthstore.com\/de\/#website","url":"https:\/\/dutchhealthstore.com\/de\/","name":"Dutch Health Store","description":"Enhance Your Beauty with Organic &amp; Natural Skincare","publisher":{"@id":"https:\/\/dutchhealthstore.com\/de\/#organization"},"potentialAction":[{"@type":"SearchAction","target":{"@type":"EntryPoint","urlTemplate":"https:\/\/dutchhealthstore.com\/de\/?s={search_term_string}"},"query-input":{"@type":"PropertyValueSpecification","valueRequired":true,"valueName":"search_term_string"}}],"inLanguage":"de"},{"@type":"Organization","@id":"https:\/\/dutchhealthstore.com\/de\/#organization","name":"Dutch Health Store","url":"https:\/\/dutchhealthstore.com\/de\/","logo":{"@type":"ImageObject","inLanguage":"de","@id":"https:\/\/dutchhealthstore.com\/de\/#\/schema\/logo\/image\/","url":"https:\/\/dutchhealthstore.com\/wp-content\/uploads\/2020\/08\/logo-dutchhealthstore-jpg-e1599484957574.jpg","contentUrl":"https:\/\/dutchhealthstore.com\/wp-content\/uploads\/2020\/08\/logo-dutchhealthstore-jpg-e1599484957574.jpg","width":400,"height":62,"caption":"Dutch Health Store"},"image":{"@id":"https:\/\/dutchhealthstore.com\/de\/#\/schema\/logo\/image\/"},"sameAs":["https:\/\/www.instagram.com\/dutchhealthstore\/","https:\/\/www.facebook.com\/dutchhealthstore"]}]},"product_brand":"Living Libations","og_availability":"instock","product_availability":"instock","product_condition":"new"},"_links":{"self":[{"href":"https:\/\/dutchhealthstore.com\/de\/wp-json\/wp\/v2\/product\/119402","targetHints":{"allow":["GET"]}}],"collection":[{"href":"https:\/\/dutchhealthstore.com\/de\/wp-json\/wp\/v2\/product"}],"about":[{"href":"https:\/\/dutchhealthstore.com\/de\/wp-json\/wp\/v2\/types\/product"}],"replies":[{"embeddable":true,"href":"https:\/\/dutchhealthstore.com\/de\/wp-json\/wp\/v2\/comments?post=119402"}],"wp:featuredmedia":[{"embeddable":true,"href":"https:\/\/dutchhealthstore.com\/de\/wp-json\/wp\/v2\/media\/61945"}],"wp:attachment":[{"href":"https:\/\/dutchhealthstore.com\/de\/wp-json\/wp\/v2\/media?parent=119402"}],"wp:term":[{"taxonomy":"product_brand","embeddable":true,"href":"https:\/\/dutchhealthstore.com\/de\/wp-json\/wp\/v2\/product_brand?post=119402"},{"taxonomy":"product_cat","embeddable":true,"href":"https:\/\/dutchhealthstore.com\/de\/wp-json\/wp\/v2\/product_cat?post=119402"},{"taxonomy":"product_tag","embeddable":true,"href":"https:\/\/dutchhealthstore.com\/de\/wp-json\/wp\/v2\/product_tag?post=119402"}],"curies":[{"name":"wp","href":"https:\/\/api.w.org\/{rel}","templated":true}]}}