{"id":119393,"date":"2020-06-23T08:37:40","date_gmt":"2020-06-23T08:37:40","guid":{"rendered":"https:\/\/dutchhealthstore.com\/product\/jonquil-absolute-limited-edition\/"},"modified":"2023-02-23T09:04:05","modified_gmt":"2023-02-23T09:04:05","slug":"jonquil-absolute-limited-edition","status":"publish","type":"product","link":"https:\/\/dutchhealthstore.com\/de\/product\/jonquil-absolute-limited-edition\/","title":{"rendered":"Jonquil Absolute Limited Edition"},"content":{"rendered":"<p><img decoding=\"async\" class=\"size-full wp-image-69549 alignright\" src=\"https:\/\/dutchhealthstore.com\/wp-content\/uploads\/2019\/08\/NEW-Living-Libations-Logo.jpg\" alt=\"NEW - Living Libations - Logo\" width=\"175\" height=\"82\"><strong>Botanischer Name:<\/strong> Narcissus jonquilla<br \/>\n<strong>Botanische Familie:<\/strong> Amaryllidaceae<br \/>\n<strong>Extraktionsverfahren:<\/strong> Absolute<br \/>\n<strong>Teil der Pflanze Destilliert:<\/strong> Bl\u00fcte<br \/>\n<strong>Herkunftsland:<\/strong> Frankreich<br \/>\n<strong>Anbaumethode:<\/strong> Wilde Ernte<br \/>\n<strong>Zusammensetzung:<\/strong> 100% Narcissus jonquilla<br \/>\n<strong>Konsistenz:<\/strong> Mittlere Viskosit\u00e4t<\/p>\n<h3>Beschreibung des Duftes<\/h3>\n<p>S\u00fc\u00dfe blumige Noten, die von Honig triefen, frische gr\u00fcne Erde und ein Hauch von reichhaltigem Tabak.<\/p>\n<h3>Gut mischbar mit<\/h3>\n<p>Jasmin, Vetiver, Spikenard, Ylang, Vanille, Zitrone, Nelke und Grapefruit.<\/p>\n<h3>Verwendet<\/h3>\n<p>Parf\u00fcmerie. Als ergiebige Basisnote f\u00fcr andere D\u00fcfte. Verliebtes Aroma. Entspannungsserum, Serum gegen Stress und f\u00fcr mehr Schlaf. Sein bezaubernder Duft soll auch die Nerven beruhigen, Verspannungen in Geist und K\u00f6rper l\u00f6sen, in den Schlaf singen und verspannte Muskeln zum Schmelzen bringen.<\/p>\n<a href=\"https:\/\/dutchhealthstore.com\/wp-content\/uploads\/2020\/04\/ANALYSIS-Jonguil-Absolute-Living-Libations-3.pdf\" class=\"button primary is-primary is-small\"  >\n\t\t<span>ANALYSE DER \u00c4THERISCHEN \u00d6LE &gt;<\/span>\n\t<\/a>\n\n<h3>Der Unterschied zwischen Jonquil absolute und Carnation absolute<\/h3>\n<p>Im Allgemeinen haben sie ein \u00e4hnliches Duft- und Pigmentprofil. Sie sind wie Duftschwestern. Sie harmonieren auch gut mit Vanille, Jasmin, Ylang, Narzisse, Nelke, Champagner, Benzoe, Neroli und Zitrusfr\u00fcchten.<\/p>\n<p>Jonquil Absolute ist eine olivbraune, schwere, honigartige, tiefs\u00fc\u00dfe, blumige Fl\u00fcssigkeit mit einem starken gr\u00fcnen Unterton, einem Hauch von Zimtgew\u00fcrz und einem z\u00e4hen Abgang. Erinnert an Hyazinthe.<\/p>\n<p>Nelke wird auch oft als Absolue beschrieben, das eine z\u00e4hfl\u00fcssige, olivgr\u00fcne bis olivbraune Fl\u00fcssigkeit mit honigartigen Kr\u00e4uternoten ist; ein s\u00fc\u00dfer, z\u00e4her Duft mit einem Hauch von balsamischer Nelke.<\/p>\n<p>Der Charakter des Aromas einer jeden Essenz wird durch die biochemischen Bestandteile des pflanzlichen \u00d6ls bestimmt. Nelken und Osterglocken riechen \u00e4hnlich, weil sie ihre Duftsignatur aus vielen gleichen Bestandteilen beziehen. Sie haben wichtige Komponenten gemeinsam. Einige von ihnen sind Benzylbenzoate (einschlie\u00dflich Methyl, Acetat und Salicylat), Linalool, Aldehyde und Linolate. Beide haben auch eine subtile W\u00fcrze gemeinsam, doch der Akzent der Nelke liegt in einer leichten Zimt-Indol-Komponente, w\u00e4hrend die Nelke in Richtung Eugenol (Gew\u00fcrznelke) tendiert, jedoch immer noch mit einem Hauch von Phenylethanol, das auch in diesem Absolue zu einem hyazinthenartigen Aroma beitr\u00e4gt.<\/p>\n<p>Jonquil Absolute ist eine unserer seltensten Blumenperlen. Die aus den Bl\u00fcten und Knospen der Narzisse (Narcissus jonquil) in der franz\u00f6sischen Provence gewonnene Jonquil ist in den letzten Jahren immer schwerer zu bekommen. Die Zahl der authentischen Absoluten, die aus dieser Region stammen, ist \u00e4u\u00dferst gering. Diese wertvollen Bl\u00fctenbl\u00e4tter wurden in der Parf\u00fcmerie verwendet, um die Parf\u00fcms der Pariser Parf\u00fcmh\u00e4user des 18. Jahrhunderts zu perfektionieren. Sein einladendes, duftendes Aroma erinnert an einen Fr\u00fchlingsspaziergang, der den Geist mit warmer Erde und unschuldiger Eleganz erf\u00fcllt.<\/p>\n<p>Das Absolue selbst bietet einen reichen, blumigen Duft, der nicht \u00fcberm\u00e4\u00dfig s\u00fc\u00df oder feminin ist. Noten von schwerem Honig und gartengr\u00fcnen Tr\u00e4umen machen Jonquil zu einer wahrhaft himmlischen Erg\u00e4nzung f\u00fcr jedes Bad, Parf\u00fcm oder duftende Produkt.<\/p>\n<p><strong>Gr\u00f6\u00dfe: 5 ml (1:4 Jojoba)<\/strong><\/p>\n<h3>Bio-Zutaten<\/h3>\n<p>100% Jonquille (Narcissus jonquilla) absolut limitierte Auflage.<\/p>\n<p style=\"text-align: center;\"><em>&#8222;Eine Frau lacht nur ein paar Mal in ihrem Leben so. Eine Frau lacht nur dann so, wenn etwas sie tief im Innersten ihres Wesens ber\u00fchrt hat und das Gl\u00fcck so nat\u00fcrlich aus ihr herausquillt wie der Atem und die ersten Osterglocken und Bergb\u00e4che.&#8220;<\/em><br \/>\n~ Robert Penn Warren, <strong>All the King&#8217;s Men<\/strong><\/p>\n<p style=\"text-align: center;\"><em>&#8222;Hier roch Grenouille auch zum ersten Mal Parf\u00fcm im wahrsten Sinne des Wortes: ein einfaches Lavendel- oder Rosenwasser, mit dem die Brunnen der G\u00e4rten bei festlichen Anl\u00e4ssen gef\u00fcllt wurden, aber auch die komplexeren, kostspieligeren D\u00fcfte aus Moschus-Tinktur, gemischt mit Neroli- und Tuberosen\u00f6l, Jonquille, Jasmin oder Zimt, die hinter den Kutschen wie reiche B\u00e4nder in der Abendbrise schwebten.&#8220;<\/em><br \/>\n~ Patrick S\u00fcskind, <strong>Perfume<\/strong><\/p>\n<p>&nbsp;<\/p>\n<p><img fetchpriority=\"high\" decoding=\"async\" class=\"size-medium wp-image-68103 aligncenter\" src=\"https:\/\/dutchhealthstore.com\/wp-content\/uploads\/2018\/02\/Living-Libations-Organic-Logo-800x89.png\" alt=\"Living Libations - Organic Logo\" width=\"800\" height=\"89\" srcset=\"https:\/\/dutchhealthstore.com\/wp-content\/uploads\/2018\/02\/Living-Libations-Organic-Logo-800x89.png 800w, https:\/\/dutchhealthstore.com\/wp-content\/uploads\/2018\/02\/Living-Libations-Organic-Logo-510x57.png 510w, https:\/\/dutchhealthstore.com\/wp-content\/uploads\/2018\/02\/Living-Libations-Organic-Logo-768x85.png 768w, https:\/\/dutchhealthstore.com\/wp-content\/uploads\/2018\/02\/Living-Libations-Organic-Logo.png 1400w\" sizes=\"(max-width: 800px) 100vw, 800px\" \/><\/p>\n","protected":false},"excerpt":{"rendered":"<p>Freudiger <strong>Jonquil Absolute<\/strong> ist die verehrte Cousine der Hyazinthe, verwandt mit der Tuberose, und selten unter unseren Absolues. F\u00fcr ein einziges Kilo Jonquil Absolute werden \u00fcber 2.500 Kilo franz\u00f6sische Jonquil-Bl\u00fcten ben\u00f6tigt, die in den H\u00fcgeln und T\u00e4lern der Provence wild geerntet werden. Das Ergebnis ist eine s\u00fc\u00dfe, honigartige Blume mit Noten von frischer Erde und Tabak.<\/p>\n","protected":false},"featured_media":108566,"comment_status":"open","ping_status":"closed","template":"","meta":[],"product_brand":[],"product_cat":[1551,6737,1508,1493,1210,6736],"product_tag":[21667,21316],"class_list":{"0":"post-119393","1":"product","2":"type-product","3":"status-publish","4":"has-post-thumbnail","6":"product_cat-absolute-essenz-living-libations","7":"product_cat-essential-oils-de-2","8":"product_cat-aetherische-oele-living-libations","9":"product_cat-living-libations-deutschland","10":"product_cat-marken","11":"product_cat-wellness-de","12":"product_tag-aroma-de","13":"product_tag-flowers-de","14":"pa_brand-livinglibations-de","15":"pa_essential-oils-product-type-absolute-essences-de","16":"pa_essential-oils-product-type-essential-oils-de","17":"pa_size-5-ml-1-4-jojoba-de","19":"first","20":"instock","21":"taxable","22":"shipping-taxable","23":"purchasable","24":"product-type-simple"},"bundled_by":[],"bundle_stock_status":"instock","bundle_stock_quantity":1,"bundle_virtual":false,"bundle_layout":"","bundle_add_to_cart_form_location":"","bundle_editable_in_cart":false,"bundle_sold_individually_context":"","bundle_item_grouping":"","bundle_min_size":"","bundle_max_size":"","bundle_price":[],"bundled_items":[],"bundle_sell_ids":[],"atum_controlled":true,"out_stock_date":null,"out_stock_threshold":null,"inheritable":false,"stock_on_hold":1,"sold_today":0,"sales_last_days":0,"out_stock_days":0,"lost_sales":0,"update_date":"2026-04-09T11:40:11","atum_locations":[],"atum_stock_status":"instock","restock_status":false,"low_stock_amount":"","sales_update_date":"2026-04-09T11:40:11","calc_backorders":null,"group_of_quantity":0,"min_quantity":0,"max_quantity":"","exclude_order_quantity_value_rules":"no","exclude_category_quantity_rules":"no","combine_variations":"no","yoast_head":"<!-- This site is optimized with the Yoast SEO Premium plugin v26.5 (Yoast SEO v26.5) - https:\/\/yoast.com\/wordpress\/plugins\/seo\/ -->\n<title>Jonquil Absolute Limited Edition | Living Libations<\/title>\n<meta name=\"description\" content=\"F\u00fcr ein einziges Kilo Jonquil Absolute werden \u00fcber 2.500 Kilo franz\u00f6sische Jonquil-Bl\u00fcten ben\u00f6tigt, die in den H\u00fcgeln und T\u00e4lern der Provence wild geerntet werden.\" \/>\n<meta name=\"robots\" content=\"index, follow, max-snippet:-1, max-image-preview:large, max-video-preview:-1\" \/>\n<link rel=\"canonical\" href=\"https:\/\/dutchhealthstore.com\/de\/product\/jonquil-absolute-limited-edition\/\" \/>\n<meta property=\"og:locale\" content=\"de_DE\" \/>\n<meta property=\"og:type\" content=\"article\" \/>\n<meta property=\"og:title\" content=\"Jonquil Absolute Limited Edition - Dutch Health Store\" \/>\n<meta property=\"og:description\" content=\"F\u00fcr ein einziges Kilo Jonquil Absolute werden \u00fcber 2.500 Kilo franz\u00f6sische Jonquil-Bl\u00fcten ben\u00f6tigt, die in den H\u00fcgeln und T\u00e4lern der Provence wild geerntet werden.\" \/>\n<meta property=\"og:url\" content=\"https:\/\/dutchhealthstore.com\/de\/product\/jonquil-absolute-limited-edition\/\" \/>\n<meta property=\"og:site_name\" content=\"Dutch Health Store\" \/>\n<meta property=\"article:publisher\" content=\"https:\/\/www.instagram.com\/dutchhealthstore\/\" \/>\n<meta property=\"article:modified_time\" content=\"2023-02-23T09:04:05+00:00\" \/>\n<meta property=\"og:image\" content=\"https:\/\/dutchhealthstore.com\/wp-content\/uploads\/2020\/06\/Living-Libations-jonquil-absolute-limited-edition-e1592900731723.jpg\" \/>\n\t<meta property=\"og:image:width\" content=\"500\" \/>\n\t<meta property=\"og:image:height\" content=\"500\" \/>\n\t<meta property=\"og:image:type\" content=\"image\/jpeg\" \/>\n<meta name=\"twitter:card\" content=\"summary_large_image\" \/>\n<meta name=\"twitter:label1\" content=\"Preis\" \/>\n\t<meta name=\"twitter:data1\" content=\"&euro;68,00\" \/>\n\t<meta name=\"twitter:label2\" content=\"Verf\u00fcgbarkeit\" \/>\n\t<meta name=\"twitter:data2\" content=\"Auf Lager\" \/>\n<script type=\"application\/ld+json\" class=\"yoast-schema-graph\">{\"@context\":\"https:\/\/schema.org\",\"@graph\":[{\"@type\":\"WebPage\",\"@id\":\"https:\/\/dutchhealthstore.com\/de\/product\/jonquil-absolute-limited-edition\/\",\"url\":\"https:\/\/dutchhealthstore.com\/de\/product\/jonquil-absolute-limited-edition\/\",\"name\":\"Jonquil Absolute Limited Edition | Living Libations\",\"isPartOf\":{\"@id\":\"https:\/\/dutchhealthstore.com\/de\/#website\"},\"primaryImageOfPage\":{\"@id\":\"https:\/\/dutchhealthstore.com\/de\/product\/jonquil-absolute-limited-edition\/#primaryimage\"},\"image\":{\"@id\":\"https:\/\/dutchhealthstore.com\/de\/product\/jonquil-absolute-limited-edition\/#primaryimage\"},\"thumbnailUrl\":\"https:\/\/dutchhealthstore.com\/wp-content\/uploads\/2020\/06\/Living-Libations-jonquil-absolute-limited-edition-e1592900731723.jpg\",\"datePublished\":\"2020-06-23T08:37:40+00:00\",\"dateModified\":\"2023-02-23T09:04:05+00:00\",\"description\":\"F\u00fcr ein einziges Kilo Jonquil Absolute werden \u00fcber 2.500 Kilo franz\u00f6sische Jonquil-Bl\u00fcten ben\u00f6tigt, die in den H\u00fcgeln und T\u00e4lern der Provence wild geerntet werden.\",\"breadcrumb\":{\"@id\":\"https:\/\/dutchhealthstore.com\/de\/product\/jonquil-absolute-limited-edition\/#breadcrumb\"},\"inLanguage\":\"de\",\"potentialAction\":[{\"@type\":\"ReadAction\",\"target\":[\"https:\/\/dutchhealthstore.com\/de\/product\/jonquil-absolute-limited-edition\/\"]}]},{\"@type\":\"ImageObject\",\"inLanguage\":\"de\",\"@id\":\"https:\/\/dutchhealthstore.com\/de\/product\/jonquil-absolute-limited-edition\/#primaryimage\",\"url\":\"https:\/\/dutchhealthstore.com\/wp-content\/uploads\/2020\/06\/Living-Libations-jonquil-absolute-limited-edition-e1592900731723.jpg\",\"contentUrl\":\"https:\/\/dutchhealthstore.com\/wp-content\/uploads\/2020\/06\/Living-Libations-jonquil-absolute-limited-edition-e1592900731723.jpg\",\"width\":500,\"height\":500,\"caption\":\"Living Libations jonquil absolute limited edition\"},{\"@type\":\"BreadcrumbList\",\"@id\":\"https:\/\/dutchhealthstore.com\/de\/product\/jonquil-absolute-limited-edition\/#breadcrumb\",\"itemListElement\":[{\"@type\":\"ListItem\",\"position\":1,\"name\":\"Home\",\"item\":\"https:\/\/dutchhealthstore.com\/de\/\"},{\"@type\":\"ListItem\",\"position\":2,\"name\":\"Shop\",\"item\":\"https:\/\/dutchhealthstore.com\/de\/shop-2\/\"},{\"@type\":\"ListItem\",\"position\":3,\"name\":\"Jonquil Absolute Limited Edition\"}]},{\"@type\":\"WebSite\",\"@id\":\"https:\/\/dutchhealthstore.com\/de\/#website\",\"url\":\"https:\/\/dutchhealthstore.com\/de\/\",\"name\":\"Dutch Health Store\",\"description\":\"Enhance Your Beauty with Organic &amp; Natural Skincare\",\"publisher\":{\"@id\":\"https:\/\/dutchhealthstore.com\/de\/#organization\"},\"potentialAction\":[{\"@type\":\"SearchAction\",\"target\":{\"@type\":\"EntryPoint\",\"urlTemplate\":\"https:\/\/dutchhealthstore.com\/de\/?s={search_term_string}\"},\"query-input\":{\"@type\":\"PropertyValueSpecification\",\"valueRequired\":true,\"valueName\":\"search_term_string\"}}],\"inLanguage\":\"de\"},{\"@type\":\"Organization\",\"@id\":\"https:\/\/dutchhealthstore.com\/de\/#organization\",\"name\":\"Dutch Health Store\",\"url\":\"https:\/\/dutchhealthstore.com\/de\/\",\"logo\":{\"@type\":\"ImageObject\",\"inLanguage\":\"de\",\"@id\":\"https:\/\/dutchhealthstore.com\/de\/#\/schema\/logo\/image\/\",\"url\":\"https:\/\/dutchhealthstore.com\/wp-content\/uploads\/2020\/08\/logo-dutchhealthstore-jpg-e1599484957574.jpg\",\"contentUrl\":\"https:\/\/dutchhealthstore.com\/wp-content\/uploads\/2020\/08\/logo-dutchhealthstore-jpg-e1599484957574.jpg\",\"width\":400,\"height\":62,\"caption\":\"Dutch Health Store\"},\"image\":{\"@id\":\"https:\/\/dutchhealthstore.com\/de\/#\/schema\/logo\/image\/\"},\"sameAs\":[\"https:\/\/www.instagram.com\/dutchhealthstore\/\",\"https:\/\/www.facebook.com\/dutchhealthstore\"]}]}<\/script>\n<meta property=\"product:brand\" content=\"Living Libations\" \/>\n<meta property=\"product:price:amount\" content=\"68.00\" \/>\n<meta property=\"product:price:currency\" content=\"EUR\" \/>\n<meta property=\"og:availability\" content=\"instock\" \/>\n<meta property=\"product:availability\" content=\"instock\" \/>\n<meta property=\"product:condition\" content=\"new\" \/>\n<!-- \/ Yoast SEO Premium plugin. -->","yoast_head_json":{"title":"Jonquil Absolute Limited Edition | Living Libations","description":"F\u00fcr ein einziges Kilo Jonquil Absolute werden \u00fcber 2.500 Kilo franz\u00f6sische Jonquil-Bl\u00fcten ben\u00f6tigt, die in den H\u00fcgeln und T\u00e4lern der Provence wild geerntet werden.","robots":{"index":"index","follow":"follow","max-snippet":"max-snippet:-1","max-image-preview":"max-image-preview:large","max-video-preview":"max-video-preview:-1"},"canonical":"https:\/\/dutchhealthstore.com\/de\/product\/jonquil-absolute-limited-edition\/","og_locale":"de_DE","og_type":"article","og_title":"Jonquil Absolute Limited Edition - Dutch Health Store","og_description":"F\u00fcr ein einziges Kilo Jonquil Absolute werden \u00fcber 2.500 Kilo franz\u00f6sische Jonquil-Bl\u00fcten ben\u00f6tigt, die in den H\u00fcgeln und T\u00e4lern der Provence wild geerntet werden.","og_url":"https:\/\/dutchhealthstore.com\/de\/product\/jonquil-absolute-limited-edition\/","og_site_name":"Dutch Health Store","article_publisher":"https:\/\/www.instagram.com\/dutchhealthstore\/","article_modified_time":"2023-02-23T09:04:05+00:00","og_image":[{"width":500,"height":500,"url":"https:\/\/dutchhealthstore.com\/wp-content\/uploads\/2020\/06\/Living-Libations-jonquil-absolute-limited-edition-e1592900731723.jpg","type":"image\/jpeg"}],"twitter_card":"summary_large_image","twitter_misc":{"Preis":"&euro;68,00","Verf\u00fcgbarkeit":"Auf Lager"},"schema":{"@context":"https:\/\/schema.org","@graph":[{"@type":"WebPage","@id":"https:\/\/dutchhealthstore.com\/de\/product\/jonquil-absolute-limited-edition\/","url":"https:\/\/dutchhealthstore.com\/de\/product\/jonquil-absolute-limited-edition\/","name":"Jonquil Absolute Limited Edition | Living Libations","isPartOf":{"@id":"https:\/\/dutchhealthstore.com\/de\/#website"},"primaryImageOfPage":{"@id":"https:\/\/dutchhealthstore.com\/de\/product\/jonquil-absolute-limited-edition\/#primaryimage"},"image":{"@id":"https:\/\/dutchhealthstore.com\/de\/product\/jonquil-absolute-limited-edition\/#primaryimage"},"thumbnailUrl":"https:\/\/dutchhealthstore.com\/wp-content\/uploads\/2020\/06\/Living-Libations-jonquil-absolute-limited-edition-e1592900731723.jpg","datePublished":"2020-06-23T08:37:40+00:00","dateModified":"2023-02-23T09:04:05+00:00","description":"F\u00fcr ein einziges Kilo Jonquil Absolute werden \u00fcber 2.500 Kilo franz\u00f6sische Jonquil-Bl\u00fcten ben\u00f6tigt, die in den H\u00fcgeln und T\u00e4lern der Provence wild geerntet werden.","breadcrumb":{"@id":"https:\/\/dutchhealthstore.com\/de\/product\/jonquil-absolute-limited-edition\/#breadcrumb"},"inLanguage":"de","potentialAction":[{"@type":"ReadAction","target":["https:\/\/dutchhealthstore.com\/de\/product\/jonquil-absolute-limited-edition\/"]}]},{"@type":"ImageObject","inLanguage":"de","@id":"https:\/\/dutchhealthstore.com\/de\/product\/jonquil-absolute-limited-edition\/#primaryimage","url":"https:\/\/dutchhealthstore.com\/wp-content\/uploads\/2020\/06\/Living-Libations-jonquil-absolute-limited-edition-e1592900731723.jpg","contentUrl":"https:\/\/dutchhealthstore.com\/wp-content\/uploads\/2020\/06\/Living-Libations-jonquil-absolute-limited-edition-e1592900731723.jpg","width":500,"height":500,"caption":"Living Libations jonquil absolute limited edition"},{"@type":"BreadcrumbList","@id":"https:\/\/dutchhealthstore.com\/de\/product\/jonquil-absolute-limited-edition\/#breadcrumb","itemListElement":[{"@type":"ListItem","position":1,"name":"Home","item":"https:\/\/dutchhealthstore.com\/de\/"},{"@type":"ListItem","position":2,"name":"Shop","item":"https:\/\/dutchhealthstore.com\/de\/shop-2\/"},{"@type":"ListItem","position":3,"name":"Jonquil Absolute Limited Edition"}]},{"@type":"WebSite","@id":"https:\/\/dutchhealthstore.com\/de\/#website","url":"https:\/\/dutchhealthstore.com\/de\/","name":"Dutch Health Store","description":"Enhance Your Beauty with Organic &amp; Natural Skincare","publisher":{"@id":"https:\/\/dutchhealthstore.com\/de\/#organization"},"potentialAction":[{"@type":"SearchAction","target":{"@type":"EntryPoint","urlTemplate":"https:\/\/dutchhealthstore.com\/de\/?s={search_term_string}"},"query-input":{"@type":"PropertyValueSpecification","valueRequired":true,"valueName":"search_term_string"}}],"inLanguage":"de"},{"@type":"Organization","@id":"https:\/\/dutchhealthstore.com\/de\/#organization","name":"Dutch Health Store","url":"https:\/\/dutchhealthstore.com\/de\/","logo":{"@type":"ImageObject","inLanguage":"de","@id":"https:\/\/dutchhealthstore.com\/de\/#\/schema\/logo\/image\/","url":"https:\/\/dutchhealthstore.com\/wp-content\/uploads\/2020\/08\/logo-dutchhealthstore-jpg-e1599484957574.jpg","contentUrl":"https:\/\/dutchhealthstore.com\/wp-content\/uploads\/2020\/08\/logo-dutchhealthstore-jpg-e1599484957574.jpg","width":400,"height":62,"caption":"Dutch Health Store"},"image":{"@id":"https:\/\/dutchhealthstore.com\/de\/#\/schema\/logo\/image\/"},"sameAs":["https:\/\/www.instagram.com\/dutchhealthstore\/","https:\/\/www.facebook.com\/dutchhealthstore"]}]},"product_brand":"Living Libations","product_price_amount":"68.00","product_price_currency":"EUR","og_availability":"instock","product_availability":"instock","product_condition":"new"},"_links":{"self":[{"href":"https:\/\/dutchhealthstore.com\/de\/wp-json\/wp\/v2\/product\/119393","targetHints":{"allow":["GET"]}}],"collection":[{"href":"https:\/\/dutchhealthstore.com\/de\/wp-json\/wp\/v2\/product"}],"about":[{"href":"https:\/\/dutchhealthstore.com\/de\/wp-json\/wp\/v2\/types\/product"}],"replies":[{"embeddable":true,"href":"https:\/\/dutchhealthstore.com\/de\/wp-json\/wp\/v2\/comments?post=119393"}],"wp:featuredmedia":[{"embeddable":true,"href":"https:\/\/dutchhealthstore.com\/de\/wp-json\/wp\/v2\/media\/108566"}],"wp:attachment":[{"href":"https:\/\/dutchhealthstore.com\/de\/wp-json\/wp\/v2\/media?parent=119393"}],"wp:term":[{"taxonomy":"product_brand","embeddable":true,"href":"https:\/\/dutchhealthstore.com\/de\/wp-json\/wp\/v2\/product_brand?post=119393"},{"taxonomy":"product_cat","embeddable":true,"href":"https:\/\/dutchhealthstore.com\/de\/wp-json\/wp\/v2\/product_cat?post=119393"},{"taxonomy":"product_tag","embeddable":true,"href":"https:\/\/dutchhealthstore.com\/de\/wp-json\/wp\/v2\/product_tag?post=119393"}],"curies":[{"name":"wp","href":"https:\/\/api.w.org\/{rel}","templated":true}]}}