{"id":119340,"date":"2018-05-28T12:32:13","date_gmt":"2018-05-28T10:32:13","guid":{"rendered":"https:\/\/dutchhealthstore.com\/product\/jasmine-sambac-absolute\/"},"modified":"2026-02-24T15:37:38","modified_gmt":"2026-02-24T14:37:38","slug":"jasmine-sambac-absolute","status":"publish","type":"product","link":"https:\/\/dutchhealthstore.com\/de\/product\/jasmine-sambac-absolute\/","title":{"rendered":"Jasmine Sambac Absolute"},"content":{"rendered":"<p><img decoding=\"async\" class=\"size-full wp-image-69549 alignright\" src=\"https:\/\/dutchhealthstore.com\/wp-content\/uploads\/2019\/08\/NEW-Living-Libations-Logo.jpg\" alt=\"NEW - Living Libations - Logo\" width=\"175\" height=\"82\"><strong>Botanischer Name:<\/strong> Jasminum sambac<br \/>\n<strong>Botanische Familie:<\/strong> Oleaceae<br \/>\n<strong>Extraktionsverfahren:<\/strong> Absolute<br \/>\n<strong>Teil der Pflanze Destilliert:<\/strong> Bl\u00fcten<br \/>\n<strong>Herkunftsland:<\/strong> Indien<br \/>\n<strong>Anbaumethode:<\/strong> Wildwachsend<br \/>\n<strong>Zusammensetzung:<\/strong> 100% Jasminum sambac<br \/>\n<strong>Konsistenz:<\/strong> Mittlere Viskosit\u00e4t<\/p>\n<h3>Beschreibung des Duftes<\/h3>\n<p>Ein erstes Erwachen von duftendem Indol umarmt honigartige Blumen und Teebl\u00e4tter. Reichhaltig und subtil s\u00fc\u00df mit einer kr\u00e4ftigen, bl\u00fchenden Energie.<\/p>\n<h3>In Living Libations<\/h3>\n<p>Night Flight to Venus, Lavish Abundance, Languid Love Butter und Gardenia Perfume.<\/p>\n<h3>Gut mischbar mit<\/h3>\n<p>Jasmine Grandiflorum, Vanille, Ylang, Sandelholz, Bergamotte, Zitrone, Osmanthus, Gardenia, Spikenard, Vetiver, Nelke, Neroli, Champa, Kamille, Blutorange, Grapefruit, Limette, Fragonia und Honigmyrte.<\/p>\n<a href=\"https:\/\/dutchhealthstore.com\/wp-content\/uploads\/2018\/05\/ANALYSIS-Jasmine-sambac-Absolute-Living-Libations.pdf\" class=\"button primary is-primary is-small\"  >\n\t\t<span>ANALYSE DER \u00c4THERISCHEN \u00d6LE &gt;<\/span>\n\t<\/a>\n\n<h3>Verwendet<\/h3>\n<p>Aromatherapie. Parf\u00fcmerie. Weckt Begehrlichkeiten. Sch\u00f6n in den B\u00e4dern.<\/p>\n<p>Kann etwas Zartes und Komplexes auch stark und undurchdringlich sein? K\u00f6nnen das M\u00e4nnliche und das Weibliche in Harmonie nebeneinander tanzen? Wird die Dunkelheit der Nacht den schimmernden Strahlen der Morgend\u00e4mmerung weichen? Der reichhaltige, geheimnisvolle Duft von Jasmine Sambac Absolute beantwortet diese Fragen mit: Ja, ja, tausendmal ja!<\/p>\n<p>Die sinnliche Kraft des Jasmine Sambac erbl\u00fcht in der Nacht und trinkt den taufrischen Nektar der Sterne. Diese reichhaltige, komplexe Blume ist ein amour\u00f6ses Aroma, das zur Herstellung von s\u00fc\u00dfen, gr\u00fcnen, honigartigen Parf\u00fcms und Nachtbl\u00fctenmischungen verwendet wird. Das Absolue wird in Indien wild geerntet, wo Tausende von Bl\u00fcten \u00fcber Nacht sorgf\u00e4ltig gesammelt werden. Jede einzelne Bl\u00fcte muss mit \u00e4u\u00dferster Sorgfalt behandelt werden; eine gequetschte oder besch\u00e4digte Bl\u00fcte kann nicht f\u00fcr die Destillation verwendet werden, da man glaubt, dass eine besch\u00e4digte Bl\u00fcte ein unreines Aroma erzeugt. Tausende von Jasmin-Sambac-Bl\u00fcten sind n\u00f6tig, um einen einzigen Millimeter \u00d6l zu gewinnen.<\/p>\n<p>Jasmine Sambac Absolute ist ein \u00d6l des Geistes. Es ist ein bekannter Wohlf\u00fchlsaft f\u00fcr die Seele, der Gef\u00fchle von euphorischer Liebe und Freude hervorruft. Er hat eine besondere Affinit\u00e4t zu spiritueller Gemeinschaft und romantischer Liebe und kann verwendet werden, um eine tiefere Verbindung mit Ihrem Partner zu f\u00f6rdern.<\/p>\n<p><strong>Gr\u00f6\u00dfe: 5 ml<\/strong><\/p>\n<h3>Bio-Zutaten<\/h3>\n<p>Jasmin sambac (Jasminum sambac) absolut.<\/p>\n<p style=\"text-align: center;\"><em>&#8222;Auf den Philippinen wird J. sambac traditionell Sampaguita genannt, was &#8222;Ich verspreche dir&#8220; bedeutet. Ihre Bl\u00fcte ist ein Symbol f\u00fcr Treue, Reinheit und ewige Liebe. Sie ist die Nationalblume des Landes und gilt als Symbol f\u00fcr Ehre und W\u00fcrde. Jasmin-Sambac-Bl\u00fcten sind eine reiche Quelle f\u00fcr \u00e4therisches \u00d6l.<\/em><br \/>\n~ Victor R. Preedy, <strong>Essential Oils in Food Preservation, Flavor and Safety<\/strong><\/p>\n<p style=\"text-align: center;\"><em>&#8222;Von sch\u00fcchternen Jasminknospen, die den ganzen Tag ihr Odeur f\u00fcr sich behalten,<\/em><br \/>\n<em>Doch wenn das Sonnenlicht erlischt, wird ihr k\u00f6stliches Geheimnis gel\u00fcftet.&#8220;<\/em><br \/>\n~ Altes Hindu-Gedicht<\/p>\n<p style=\"text-align: center;\"><em>&#8222;Jasmin verleiht der Kreation des Parf\u00fcmeurs Geschmeidigkeit und Leben&#8230; Der Duft des Jasmins ist ein Geheimnis, das sich dem Geschick des Chemikers entzieht, der es synthetisch reproduzieren w\u00fcrde. Vor einigen Jahren sprach Joris Karl Huysmans in seinem esoterischen Buch &#8222;Against All Grain&#8220; \u00fcber Blumen und ihre D\u00fcfte und hielt den unnachahmlichen Jasmin in gr\u00f6\u00dfter Verehrung, weil er behauptete, er k\u00f6nne nicht nachgeahmt werden.&#8220;<\/em><br \/>\n~ Jill Jesse, <strong>Perfume Album<\/strong><\/p>\n<p style=\"text-align: center;\"><em>&#8222;Jasmin-Absolue hat \u00fcber 100 Bestandteile, aber es dominieren [nat\u00fcrliche, botanische] aromatische Ester wie Benzylacetat, Methyljasmonat und Methylanthranilat sowie Benzylbenzoat. Monoterpenoide Alkohole wie Linalool sind ebenso vorhanden wie aromatische Alkohole wie Benzylalkohol und das Sesquiterpenol Farnesol&#8230; Das Aroma variiert je nach Quelle, ist aber typischerweise blumig, fruchtig, schwer und animalisch mit einem wachsartigen, w\u00fcrzigen Ausklang&#8220;.<\/em><br \/>\n~ Jennifer Peace Rhind, <strong>Essential Oils<\/strong><\/p>\n<p><img fetchpriority=\"high\" decoding=\"async\" class=\"size-full wp-image-31577 aligncenter\" src=\"https:\/\/dutchhealthstore.com\/wp-content\/uploads\/2018\/03\/organic_big.png\" alt=\"Organic and Natural - Living Libations\" width=\"623\" height=\"103\" srcset=\"https:\/\/dutchhealthstore.com\/wp-content\/uploads\/2018\/03\/organic_big.png 623w, https:\/\/dutchhealthstore.com\/wp-content\/uploads\/2018\/03\/organic_big-510x84.png 510w, https:\/\/dutchhealthstore.com\/wp-content\/uploads\/2018\/03\/organic_big-600x99.png 600w, https:\/\/dutchhealthstore.com\/wp-content\/uploads\/2018\/03\/organic_big-350x58.png 350w\" sizes=\"(max-width: 623px) 100vw, 623px\" \/><\/p>\n","protected":false},"excerpt":{"rendered":"<p>Living Libations <strong>Jasmine Sambac Absolute<\/strong> wird in Indien aus den duftenden Tiefen der nachtbl\u00fchenden Jasmin-Sambac-Bl\u00fcten gewonnen.<br \/>\nIm Gegensatz zum <i>Jasmin grandiflorum<\/i>, der seine Bl\u00fctenbl\u00e4tter der Morgend\u00e4mmerung \u00f6ffnet, verbindet sich Jasmin Sambac mit dem Geheimnis des Mondes und der Sterne und f\u00e4ngt die duftende Essenz der samtenen Nacht ein.<\/p>\n","protected":false},"featured_media":113553,"comment_status":"open","ping_status":"closed","template":"","meta":[],"product_brand":[],"product_cat":[1551,6737,1508,1493,1210,511,6736],"product_tag":[1547],"class_list":{"0":"post-119340","1":"product","2":"type-product","3":"status-publish","4":"has-post-thumbnail","6":"product_cat-absolute-essenz-living-libations","7":"product_cat-essential-oils-de-2","8":"product_cat-aetherische-oele-living-libations","9":"product_cat-living-libations-deutschland","10":"product_cat-marken","11":"product_cat-produkte","12":"product_cat-wellness-de","13":"product_tag-essential-oil-de","14":"pa_brand-livinglibations-de","15":"pa_essential-oils-product-type-absolute-essences-de","16":"pa_essential-oils-product-type-essential-oils-de","17":"pa_size-5-ml-de","19":"first","20":"instock","21":"taxable","22":"shipping-taxable","23":"purchasable","24":"product-type-simple"},"bundled_by":[],"bundle_stock_status":"instock","bundle_stock_quantity":1,"bundle_virtual":false,"bundle_layout":"","bundle_add_to_cart_form_location":"","bundle_editable_in_cart":false,"bundle_sold_individually_context":"","bundle_item_grouping":"","bundle_min_size":"","bundle_max_size":"","bundle_price":[],"bundled_items":[],"bundle_sell_ids":[],"atum_controlled":true,"out_stock_date":null,"out_stock_threshold":null,"inheritable":false,"stock_on_hold":0,"sold_today":0,"sales_last_days":0,"out_stock_days":0,"lost_sales":0,"update_date":"2026-04-16T09:35:41","atum_locations":[],"atum_stock_status":"instock","restock_status":false,"low_stock_amount":"","sales_update_date":"2026-04-16T09:35:41","calc_backorders":null,"group_of_quantity":0,"min_quantity":0,"max_quantity":"","exclude_order_quantity_value_rules":"no","exclude_category_quantity_rules":"no","combine_variations":"no","yoast_head":"<!-- This site is optimized with the Yoast SEO Premium plugin v26.5 (Yoast SEO v26.5) - https:\/\/yoast.com\/wordpress\/plugins\/seo\/ -->\n<title>Jasmine Sambac Absolute | Living Libations<\/title>\n<meta name=\"description\" content=\"Living Libations Jasmine Sambac Absolute wird in Indien aus den duftenden Tiefen der nachtbl\u00fchenden Jasmin-Sambac-Bl\u00fcten gewonnen.\" \/>\n<meta name=\"robots\" content=\"index, follow, max-snippet:-1, max-image-preview:large, max-video-preview:-1\" \/>\n<link rel=\"canonical\" href=\"https:\/\/dutchhealthstore.com\/de\/product\/jasmine-sambac-absolute\/\" \/>\n<meta property=\"og:locale\" content=\"de_DE\" \/>\n<meta property=\"og:type\" content=\"article\" \/>\n<meta property=\"og:title\" content=\"Jasmine Sambac Absolute - Dutch Health Store\" \/>\n<meta property=\"og:description\" content=\"Living Libations Jasmine Sambac Absolute wird in Indien aus den duftenden Tiefen der nachtbl\u00fchenden Jasmin-Sambac-Bl\u00fcten gewonnen.\" \/>\n<meta property=\"og:url\" content=\"https:\/\/dutchhealthstore.com\/de\/product\/jasmine-sambac-absolute\/\" \/>\n<meta property=\"og:site_name\" content=\"Dutch Health Store\" \/>\n<meta property=\"article:publisher\" content=\"https:\/\/www.instagram.com\/dutchhealthstore\/\" \/>\n<meta property=\"article:modified_time\" content=\"2026-02-24T14:37:38+00:00\" \/>\n<meta property=\"og:image\" content=\"https:\/\/dutchhealthstore.com\/wp-content\/uploads\/2018\/05\/Living-Libations-Jasmine-Sambac-Absolute-1-e1594718087974.jpg\" \/>\n\t<meta property=\"og:image:width\" content=\"500\" \/>\n\t<meta property=\"og:image:height\" content=\"500\" \/>\n\t<meta property=\"og:image:type\" content=\"image\/jpeg\" \/>\n<meta name=\"twitter:card\" content=\"summary_large_image\" \/>\n<meta name=\"twitter:label1\" content=\"Preis\" \/>\n\t<meta name=\"twitter:data1\" content=\"&euro;110,00\" \/>\n\t<meta name=\"twitter:label2\" content=\"Verf\u00fcgbarkeit\" \/>\n\t<meta name=\"twitter:data2\" content=\"Auf Lager\" \/>\n<script type=\"application\/ld+json\" class=\"yoast-schema-graph\">{\"@context\":\"https:\/\/schema.org\",\"@graph\":[{\"@type\":\"WebPage\",\"@id\":\"https:\/\/dutchhealthstore.com\/de\/product\/jasmine-sambac-absolute\/\",\"url\":\"https:\/\/dutchhealthstore.com\/de\/product\/jasmine-sambac-absolute\/\",\"name\":\"Jasmine Sambac Absolute | Living Libations\",\"isPartOf\":{\"@id\":\"https:\/\/dutchhealthstore.com\/de\/#website\"},\"primaryImageOfPage\":{\"@id\":\"https:\/\/dutchhealthstore.com\/de\/product\/jasmine-sambac-absolute\/#primaryimage\"},\"image\":{\"@id\":\"https:\/\/dutchhealthstore.com\/de\/product\/jasmine-sambac-absolute\/#primaryimage\"},\"thumbnailUrl\":\"https:\/\/dutchhealthstore.com\/wp-content\/uploads\/2018\/05\/Living-Libations-Jasmine-Sambac-Absolute-1-e1594718087974.jpg\",\"datePublished\":\"2018-05-28T10:32:13+00:00\",\"dateModified\":\"2026-02-24T14:37:38+00:00\",\"description\":\"Living Libations Jasmine Sambac Absolute wird in Indien aus den duftenden Tiefen der nachtbl\u00fchenden Jasmin-Sambac-Bl\u00fcten gewonnen.\",\"breadcrumb\":{\"@id\":\"https:\/\/dutchhealthstore.com\/de\/product\/jasmine-sambac-absolute\/#breadcrumb\"},\"inLanguage\":\"de\",\"potentialAction\":[{\"@type\":\"ReadAction\",\"target\":[\"https:\/\/dutchhealthstore.com\/de\/product\/jasmine-sambac-absolute\/\"]}]},{\"@type\":\"ImageObject\",\"inLanguage\":\"de\",\"@id\":\"https:\/\/dutchhealthstore.com\/de\/product\/jasmine-sambac-absolute\/#primaryimage\",\"url\":\"https:\/\/dutchhealthstore.com\/wp-content\/uploads\/2018\/05\/Living-Libations-Jasmine-Sambac-Absolute-1-e1594718087974.jpg\",\"contentUrl\":\"https:\/\/dutchhealthstore.com\/wp-content\/uploads\/2018\/05\/Living-Libations-Jasmine-Sambac-Absolute-1-e1594718087974.jpg\",\"width\":500,\"height\":500},{\"@type\":\"BreadcrumbList\",\"@id\":\"https:\/\/dutchhealthstore.com\/de\/product\/jasmine-sambac-absolute\/#breadcrumb\",\"itemListElement\":[{\"@type\":\"ListItem\",\"position\":1,\"name\":\"Home\",\"item\":\"https:\/\/dutchhealthstore.com\/de\/\"},{\"@type\":\"ListItem\",\"position\":2,\"name\":\"Shop\",\"item\":\"https:\/\/dutchhealthstore.com\/de\/shop-2\/\"},{\"@type\":\"ListItem\",\"position\":3,\"name\":\"Jasmine Sambac Absolute\"}]},{\"@type\":\"WebSite\",\"@id\":\"https:\/\/dutchhealthstore.com\/de\/#website\",\"url\":\"https:\/\/dutchhealthstore.com\/de\/\",\"name\":\"Dutch Health Store\",\"description\":\"Enhance Your Beauty with Organic &amp; Natural Skincare\",\"publisher\":{\"@id\":\"https:\/\/dutchhealthstore.com\/de\/#organization\"},\"potentialAction\":[{\"@type\":\"SearchAction\",\"target\":{\"@type\":\"EntryPoint\",\"urlTemplate\":\"https:\/\/dutchhealthstore.com\/de\/?s={search_term_string}\"},\"query-input\":{\"@type\":\"PropertyValueSpecification\",\"valueRequired\":true,\"valueName\":\"search_term_string\"}}],\"inLanguage\":\"de\"},{\"@type\":\"Organization\",\"@id\":\"https:\/\/dutchhealthstore.com\/de\/#organization\",\"name\":\"Dutch Health Store\",\"url\":\"https:\/\/dutchhealthstore.com\/de\/\",\"logo\":{\"@type\":\"ImageObject\",\"inLanguage\":\"de\",\"@id\":\"https:\/\/dutchhealthstore.com\/de\/#\/schema\/logo\/image\/\",\"url\":\"https:\/\/dutchhealthstore.com\/wp-content\/uploads\/2020\/08\/logo-dutchhealthstore-jpg-e1599484957574.jpg\",\"contentUrl\":\"https:\/\/dutchhealthstore.com\/wp-content\/uploads\/2020\/08\/logo-dutchhealthstore-jpg-e1599484957574.jpg\",\"width\":400,\"height\":62,\"caption\":\"Dutch Health Store\"},\"image\":{\"@id\":\"https:\/\/dutchhealthstore.com\/de\/#\/schema\/logo\/image\/\"},\"sameAs\":[\"https:\/\/www.instagram.com\/dutchhealthstore\/\",\"https:\/\/www.facebook.com\/dutchhealthstore\"]}]}<\/script>\n<meta property=\"product:brand\" content=\"Living Libations\" \/>\n<meta property=\"product:price:amount\" content=\"110.00\" \/>\n<meta property=\"product:price:currency\" content=\"EUR\" \/>\n<meta property=\"og:availability\" content=\"instock\" \/>\n<meta property=\"product:availability\" content=\"instock\" \/>\n<meta property=\"product:condition\" content=\"new\" \/>\n<!-- \/ Yoast SEO Premium plugin. -->","yoast_head_json":{"title":"Jasmine Sambac Absolute | Living Libations","description":"Living Libations Jasmine Sambac Absolute wird in Indien aus den duftenden Tiefen der nachtbl\u00fchenden Jasmin-Sambac-Bl\u00fcten gewonnen.","robots":{"index":"index","follow":"follow","max-snippet":"max-snippet:-1","max-image-preview":"max-image-preview:large","max-video-preview":"max-video-preview:-1"},"canonical":"https:\/\/dutchhealthstore.com\/de\/product\/jasmine-sambac-absolute\/","og_locale":"de_DE","og_type":"article","og_title":"Jasmine Sambac Absolute - Dutch Health Store","og_description":"Living Libations Jasmine Sambac Absolute wird in Indien aus den duftenden Tiefen der nachtbl\u00fchenden Jasmin-Sambac-Bl\u00fcten gewonnen.","og_url":"https:\/\/dutchhealthstore.com\/de\/product\/jasmine-sambac-absolute\/","og_site_name":"Dutch Health Store","article_publisher":"https:\/\/www.instagram.com\/dutchhealthstore\/","article_modified_time":"2026-02-24T14:37:38+00:00","og_image":[{"width":500,"height":500,"url":"https:\/\/dutchhealthstore.com\/wp-content\/uploads\/2018\/05\/Living-Libations-Jasmine-Sambac-Absolute-1-e1594718087974.jpg","type":"image\/jpeg"}],"twitter_card":"summary_large_image","twitter_misc":{"Preis":"&euro;110,00","Verf\u00fcgbarkeit":"Auf Lager"},"schema":{"@context":"https:\/\/schema.org","@graph":[{"@type":"WebPage","@id":"https:\/\/dutchhealthstore.com\/de\/product\/jasmine-sambac-absolute\/","url":"https:\/\/dutchhealthstore.com\/de\/product\/jasmine-sambac-absolute\/","name":"Jasmine Sambac Absolute | Living Libations","isPartOf":{"@id":"https:\/\/dutchhealthstore.com\/de\/#website"},"primaryImageOfPage":{"@id":"https:\/\/dutchhealthstore.com\/de\/product\/jasmine-sambac-absolute\/#primaryimage"},"image":{"@id":"https:\/\/dutchhealthstore.com\/de\/product\/jasmine-sambac-absolute\/#primaryimage"},"thumbnailUrl":"https:\/\/dutchhealthstore.com\/wp-content\/uploads\/2018\/05\/Living-Libations-Jasmine-Sambac-Absolute-1-e1594718087974.jpg","datePublished":"2018-05-28T10:32:13+00:00","dateModified":"2026-02-24T14:37:38+00:00","description":"Living Libations Jasmine Sambac Absolute wird in Indien aus den duftenden Tiefen der nachtbl\u00fchenden Jasmin-Sambac-Bl\u00fcten gewonnen.","breadcrumb":{"@id":"https:\/\/dutchhealthstore.com\/de\/product\/jasmine-sambac-absolute\/#breadcrumb"},"inLanguage":"de","potentialAction":[{"@type":"ReadAction","target":["https:\/\/dutchhealthstore.com\/de\/product\/jasmine-sambac-absolute\/"]}]},{"@type":"ImageObject","inLanguage":"de","@id":"https:\/\/dutchhealthstore.com\/de\/product\/jasmine-sambac-absolute\/#primaryimage","url":"https:\/\/dutchhealthstore.com\/wp-content\/uploads\/2018\/05\/Living-Libations-Jasmine-Sambac-Absolute-1-e1594718087974.jpg","contentUrl":"https:\/\/dutchhealthstore.com\/wp-content\/uploads\/2018\/05\/Living-Libations-Jasmine-Sambac-Absolute-1-e1594718087974.jpg","width":500,"height":500},{"@type":"BreadcrumbList","@id":"https:\/\/dutchhealthstore.com\/de\/product\/jasmine-sambac-absolute\/#breadcrumb","itemListElement":[{"@type":"ListItem","position":1,"name":"Home","item":"https:\/\/dutchhealthstore.com\/de\/"},{"@type":"ListItem","position":2,"name":"Shop","item":"https:\/\/dutchhealthstore.com\/de\/shop-2\/"},{"@type":"ListItem","position":3,"name":"Jasmine Sambac Absolute"}]},{"@type":"WebSite","@id":"https:\/\/dutchhealthstore.com\/de\/#website","url":"https:\/\/dutchhealthstore.com\/de\/","name":"Dutch Health Store","description":"Enhance Your Beauty with Organic &amp; Natural Skincare","publisher":{"@id":"https:\/\/dutchhealthstore.com\/de\/#organization"},"potentialAction":[{"@type":"SearchAction","target":{"@type":"EntryPoint","urlTemplate":"https:\/\/dutchhealthstore.com\/de\/?s={search_term_string}"},"query-input":{"@type":"PropertyValueSpecification","valueRequired":true,"valueName":"search_term_string"}}],"inLanguage":"de"},{"@type":"Organization","@id":"https:\/\/dutchhealthstore.com\/de\/#organization","name":"Dutch Health Store","url":"https:\/\/dutchhealthstore.com\/de\/","logo":{"@type":"ImageObject","inLanguage":"de","@id":"https:\/\/dutchhealthstore.com\/de\/#\/schema\/logo\/image\/","url":"https:\/\/dutchhealthstore.com\/wp-content\/uploads\/2020\/08\/logo-dutchhealthstore-jpg-e1599484957574.jpg","contentUrl":"https:\/\/dutchhealthstore.com\/wp-content\/uploads\/2020\/08\/logo-dutchhealthstore-jpg-e1599484957574.jpg","width":400,"height":62,"caption":"Dutch Health Store"},"image":{"@id":"https:\/\/dutchhealthstore.com\/de\/#\/schema\/logo\/image\/"},"sameAs":["https:\/\/www.instagram.com\/dutchhealthstore\/","https:\/\/www.facebook.com\/dutchhealthstore"]}]},"product_brand":"Living Libations","product_price_amount":"110.00","product_price_currency":"EUR","og_availability":"instock","product_availability":"instock","product_condition":"new"},"_links":{"self":[{"href":"https:\/\/dutchhealthstore.com\/de\/wp-json\/wp\/v2\/product\/119340","targetHints":{"allow":["GET"]}}],"collection":[{"href":"https:\/\/dutchhealthstore.com\/de\/wp-json\/wp\/v2\/product"}],"about":[{"href":"https:\/\/dutchhealthstore.com\/de\/wp-json\/wp\/v2\/types\/product"}],"replies":[{"embeddable":true,"href":"https:\/\/dutchhealthstore.com\/de\/wp-json\/wp\/v2\/comments?post=119340"}],"wp:featuredmedia":[{"embeddable":true,"href":"https:\/\/dutchhealthstore.com\/de\/wp-json\/wp\/v2\/media\/113553"}],"wp:attachment":[{"href":"https:\/\/dutchhealthstore.com\/de\/wp-json\/wp\/v2\/media?parent=119340"}],"wp:term":[{"taxonomy":"product_brand","embeddable":true,"href":"https:\/\/dutchhealthstore.com\/de\/wp-json\/wp\/v2\/product_brand?post=119340"},{"taxonomy":"product_cat","embeddable":true,"href":"https:\/\/dutchhealthstore.com\/de\/wp-json\/wp\/v2\/product_cat?post=119340"},{"taxonomy":"product_tag","embeddable":true,"href":"https:\/\/dutchhealthstore.com\/de\/wp-json\/wp\/v2\/product_tag?post=119340"}],"curies":[{"name":"wp","href":"https:\/\/api.w.org\/{rel}","templated":true}]}}