{"id":119298,"date":"2020-06-23T13:55:57","date_gmt":"2020-06-23T11:55:57","guid":{"rendered":"https:\/\/dutchhealthstore.com\/product\/inula-essential-oil\/"},"modified":"2024-08-07T15:11:41","modified_gmt":"2024-08-07T13:11:41","slug":"inula-essential-oil","status":"publish","type":"product","link":"https:\/\/dutchhealthstore.com\/de\/product\/inula-essential-oil\/","title":{"rendered":"Inula Essential Oil"},"content":{"rendered":"<p><img decoding=\"async\" class=\"size-full wp-image-69549 alignright\" src=\"https:\/\/dutchhealthstore.com\/wp-content\/uploads\/2019\/08\/NEW-Living-Libations-Logo.jpg\" alt=\"NEW - Living Libations - Logo\" width=\"175\" height=\"82\"><strong>Botanischer Name:<\/strong> Inula graveolens  <strong>Botanische Familie:<\/strong> Asteraceae  <strong>Extraktionsmethode:<\/strong> Dampfdestilliert  <strong>Teil der Pflanze Destilliert:<\/strong> Blumen  <strong>Herkunftsland:<\/strong>  Korsika  <strong>Kultivierungsmethode:<\/strong>  Bio  <strong>Zusammensetzung:<\/strong>  100% Inula graveolens  <strong>Konsistenz:<\/strong>  D\u00fcnne Viskosit\u00e4t  <\/p>\n<h3>Beschreibung des Duftes<\/h3>\n<p>  Reichhaltig elektrisch-krautig-blumig mit aufregenden Cineol-Noten.  <\/p>\n<h3>In Living Libations<\/h3>\n<p>  Revive Alive Mischung  <\/p>\n<h3>Gut mischbar mit<\/h3>\n<p>  Weihrauch, Rosmarin, Rose Otto, Ysop, Zitronenmyrte, Immortelle, Eukalyptus, S\u00fc\u00dfer Thymian, Schafgarbe, Ravensara, Fenchel, Wei\u00dftanne, Majoran und Grapefruit.  <\/p>\n<h3>Verwendet<\/h3>\n<p>  Entlastet den Geist. Tonikum f\u00fcr die Haut. Diffundieren oder in die Brust massieren, um eine tiefe Atmung anzuregen. Unverzichtbar f\u00fcr Salzinhalatoren und Diffusoren, insbesondere f\u00fcr das Winter-Wohlbefinden. Perfekt f\u00fcr B\u00e4der. Erfrischt den Atem.  <\/p>\n<h3>Inhaltsstoffe<\/h3>\n<p>  Besteht aus Estern (Bornylacetat 50%) und Sesquiterpenlactonen.<\/p>\n<a href=\"https:\/\/dutchhealthstore.com\/wp-content\/uploads\/2020\/06\/ANALYSIS-Inula-Essential-Oil-Living-Libations-3.pdf\" class=\"button primary is-primary is-small\"  >\n\t\t<span>ANALYSE DER \u00c4THERISCHEN \u00d6LE &gt;<\/span>\n\t<\/a>\n\n<p>Unser einladendes Inula Essential Oil ist ein wundersch\u00f6nes Juwel von einer Essenz, die unentbehrlich ist in ihrer F\u00e4higkeit, Klarheit zu schaffen, zu beruhigen und die Atemwege zu bel\u00fcften. Inula bringt die Muskeln zum Schmelzen, erweitert das Herz und regt zu tiefer Atmung an. Schon beim ersten Einatmen entfaltet er seine ungemein intensive Essenz. Es ist elegant zum Inhalieren in einem Diffusor, als Brustbalsam und in unserer Salzpfeife.  <strong>Gr\u00f6\u00dfe: 5 ml, 15 ml und 30 ml<\/strong><\/p>\n<h3>Organic Ingredients<\/h3>\n<p>  100% \u00e4therisches \u00d6l der Inula (Inula graveolens).  <\/p>\n<p style=\"text-align: center;\"><em>&#8222;Eine mehrj\u00e4hrige Pflanze mit einem drei bis vier Fu\u00df hohen St\u00e4ngel, gro\u00dfen s\u00e4gezahnf\u00f6rmigen Bl\u00e4ttern, die sich zu einem Stiel verj\u00fcngen, und gro\u00dfen gelben Bl\u00fctenk\u00f6pfen. Die Bl\u00fcten haben einen aromatischen, kampfer\u00e4hnlichen Geschmack, der auf das Vorhandensein einer kristallinen Substanz namens Helenin zur\u00fcckzuf\u00fchren ist, die in ihrer chemischen Beschaffenheit mit Kreosot verwandt ist. Sie enth\u00e4lt auch eine Menge an st\u00e4rkehaltigem Material, das Inulin genannt wird und sich von gew\u00f6hnlicher St\u00e4rke dadurch unterscheidet, dass es durch Jod gelb gef\u00e4rbt wird.&#8220;<\/em> ~ Dioskurides, <strong>1. Jahrhundert n. Chr.<\/strong><\/p>\n<p style=\"text-align: center;\"><em>&#8222;Inula graveolens ist im Allgemeinen nur auf dem franz\u00f6sischen Aromatherapiemarkt zu finden, und selbst dann zu einem sehr hohen Preis und nur in Jahren mit einer sehr guten Ernte&#8230; Es ist so wirksam, dass eine vierk\u00f6pfige Familie bei richtiger Anwendung sicherlich nicht mehr als 5 Milliliter im Jahr ben\u00f6tigt&#8230; Am besten verwenden Sie es nachts in einem Diffusor&#8230; Ansonsten kann man sicherlich einen Tropfen auf das Kopfkissen geben.&#8220;<\/em> ~ Kurt Schnaubelt, <strong>Fortgeschrittene Aromatherapie<\/strong><\/p>\n<p><img fetchpriority=\"high\" decoding=\"async\" class=\"size-medium wp-image-68103 aligncenter\" src=\"https:\/\/dutchhealthstore.com\/wp-content\/uploads\/2018\/02\/Living-Libations-Organic-Logo-800x89.png\" alt=\"Living Libations - Organic Logo\" width=\"800\" height=\"89\" srcset=\"https:\/\/dutchhealthstore.com\/wp-content\/uploads\/2018\/02\/Living-Libations-Organic-Logo-800x89.png 800w, https:\/\/dutchhealthstore.com\/wp-content\/uploads\/2018\/02\/Living-Libations-Organic-Logo-510x57.png 510w, https:\/\/dutchhealthstore.com\/wp-content\/uploads\/2018\/02\/Living-Libations-Organic-Logo-768x85.png 768w, https:\/\/dutchhealthstore.com\/wp-content\/uploads\/2018\/02\/Living-Libations-Organic-Logo.png 1400w\" sizes=\"(max-width: 800px) 100vw, 800px\" \/><\/p>\n","protected":false},"excerpt":{"rendered":"<p>Das belebende <strong>Inula Essential Oil<\/strong> ist selten und wird in der Aromatherapie verehrt. Inula ist eine einzigartige Essenz, die nur in Jahren mit einer reichlichen Ernte erh\u00e4ltlich ist. Die einladenden gelben Bl\u00fcten der Inula machen diese Pflanze zu einer sch\u00f6nen Erg\u00e4nzung der korsischen Landschaft. Die aus der botanischen Familie der Asteraceae stammende Inula ist ein unsch\u00e4tzbares Hilfsmittel f\u00fcr den Apotheker in der Aromatherapie.<\/p>\n","protected":false},"featured_media":108672,"comment_status":"open","ping_status":"closed","template":"","meta":[],"product_brand":[],"product_cat":[1546,6737,1508,1493,1210,6736],"product_tag":[21667,21674],"class_list":{"0":"post-119298","1":"product","2":"type-product","3":"status-publish","4":"has-post-thumbnail","6":"product_cat-essential-oils-living-libations-de","7":"product_cat-essential-oils-de-2","8":"product_cat-aetherische-oele-living-libations","9":"product_cat-living-libations-deutschland","10":"product_cat-marken","11":"product_cat-wellness-de","12":"product_tag-aroma-de","13":"product_tag-reinigend","14":"pa_brand-livinglibations-de","15":"pa_essential-oils-product-type-essential-oils-de","16":"pa_size-15-ml-de-2","17":"pa_size-30-ml-de","18":"pa_size-5-ml-de","20":"first","21":"instock","22":"taxable","23":"shipping-taxable","24":"purchasable","25":"product-type-variable"},"bundled_by":[],"bundle_stock_status":"instock","bundle_stock_quantity":null,"bundle_virtual":false,"bundle_layout":"","bundle_add_to_cart_form_location":"","bundle_editable_in_cart":false,"bundle_sold_individually_context":"","bundle_item_grouping":"","bundle_min_size":"","bundle_max_size":"","bundle_price":[],"bundled_items":[],"bundle_sell_ids":[],"atum_controlled":true,"out_stock_date":null,"out_stock_threshold":null,"inheritable":true,"stock_on_hold":0,"sold_today":0,"sales_last_days":0,"out_stock_days":0,"lost_sales":0,"update_date":"2026-04-17T00:06:18","atum_locations":[],"atum_stock_status":"instock","restock_status":false,"low_stock_amount":"","sales_update_date":"2026-04-17T00:06:18","calc_backorders":null,"group_of_quantity":0,"min_quantity":0,"max_quantity":"","exclude_order_quantity_value_rules":"no","exclude_category_quantity_rules":"no","combine_variations":"no","yoast_head":"<!-- This site is optimized with the Yoast SEO Premium plugin v26.5 (Yoast SEO v26.5) - https:\/\/yoast.com\/wordpress\/plugins\/seo\/ -->\n<title>Inula Essential Oil | Living Libations<\/title>\n<meta name=\"description\" content=\"Das belebende Inula Essential Oil ist selten und wird in der Aromatherapie verehrt. Inula ist eine einzigartige Essenz, die nur in Jahren mit einer reichlichen Ernte erh\u00e4ltlich ist.\" \/>\n<meta name=\"robots\" content=\"index, follow, max-snippet:-1, max-image-preview:large, max-video-preview:-1\" \/>\n<link rel=\"canonical\" href=\"https:\/\/dutchhealthstore.com\/de\/product\/inula-essential-oil\/\" \/>\n<meta property=\"og:locale\" content=\"de_DE\" \/>\n<meta property=\"og:type\" content=\"article\" \/>\n<meta property=\"og:title\" content=\"Inula Essential Oil - Dutch Health Store\" \/>\n<meta property=\"og:description\" content=\"Das belebende Inula Essential Oil ist selten und wird in der Aromatherapie verehrt. Inula ist eine einzigartige Essenz, die nur in Jahren mit einer reichlichen Ernte erh\u00e4ltlich ist.\" \/>\n<meta property=\"og:url\" content=\"https:\/\/dutchhealthstore.com\/de\/product\/inula-essential-oil\/\" \/>\n<meta property=\"og:site_name\" content=\"Dutch Health Store\" \/>\n<meta property=\"article:publisher\" content=\"https:\/\/www.instagram.com\/dutchhealthstore\/\" \/>\n<meta property=\"article:modified_time\" content=\"2024-08-07T13:11:41+00:00\" \/>\n<meta property=\"og:image\" content=\"https:\/\/dutchhealthstore.com\/wp-content\/uploads\/2020\/06\/Living-libations-Inula-Essential-Oil-e1592919894419.jpg\" \/>\n\t<meta property=\"og:image:width\" content=\"500\" \/>\n\t<meta property=\"og:image:height\" content=\"500\" \/>\n\t<meta property=\"og:image:type\" content=\"image\/jpeg\" \/>\n<meta name=\"twitter:card\" content=\"summary_large_image\" \/>\n<meta name=\"twitter:label1\" content=\"Verf\u00fcgbarkeit\" \/>\n\t<meta name=\"twitter:data1\" content=\"Auf Lager\" \/>\n<script type=\"application\/ld+json\" class=\"yoast-schema-graph\">{\"@context\":\"https:\/\/schema.org\",\"@graph\":[{\"@type\":\"WebPage\",\"@id\":\"https:\/\/dutchhealthstore.com\/de\/product\/inula-essential-oil\/\",\"url\":\"https:\/\/dutchhealthstore.com\/de\/product\/inula-essential-oil\/\",\"name\":\"Inula Essential Oil | Living Libations\",\"isPartOf\":{\"@id\":\"https:\/\/dutchhealthstore.com\/de\/#website\"},\"primaryImageOfPage\":{\"@id\":\"https:\/\/dutchhealthstore.com\/de\/product\/inula-essential-oil\/#primaryimage\"},\"image\":{\"@id\":\"https:\/\/dutchhealthstore.com\/de\/product\/inula-essential-oil\/#primaryimage\"},\"thumbnailUrl\":\"https:\/\/dutchhealthstore.com\/wp-content\/uploads\/2020\/06\/Living-libations-Inula-Essential-Oil-e1592919894419.jpg\",\"datePublished\":\"2020-06-23T11:55:57+00:00\",\"dateModified\":\"2024-08-07T13:11:41+00:00\",\"description\":\"Das belebende Inula Essential Oil ist selten und wird in der Aromatherapie verehrt. Inula ist eine einzigartige Essenz, die nur in Jahren mit einer reichlichen Ernte erh\u00e4ltlich ist.\",\"breadcrumb\":{\"@id\":\"https:\/\/dutchhealthstore.com\/de\/product\/inula-essential-oil\/#breadcrumb\"},\"inLanguage\":\"de\",\"potentialAction\":[{\"@type\":\"ReadAction\",\"target\":[\"https:\/\/dutchhealthstore.com\/de\/product\/inula-essential-oil\/\"]}]},{\"@type\":\"ImageObject\",\"inLanguage\":\"de\",\"@id\":\"https:\/\/dutchhealthstore.com\/de\/product\/inula-essential-oil\/#primaryimage\",\"url\":\"https:\/\/dutchhealthstore.com\/wp-content\/uploads\/2020\/06\/Living-libations-Inula-Essential-Oil-e1592919894419.jpg\",\"contentUrl\":\"https:\/\/dutchhealthstore.com\/wp-content\/uploads\/2020\/06\/Living-libations-Inula-Essential-Oil-e1592919894419.jpg\",\"width\":500,\"height\":500},{\"@type\":\"BreadcrumbList\",\"@id\":\"https:\/\/dutchhealthstore.com\/de\/product\/inula-essential-oil\/#breadcrumb\",\"itemListElement\":[{\"@type\":\"ListItem\",\"position\":1,\"name\":\"Home\",\"item\":\"https:\/\/dutchhealthstore.com\/de\/\"},{\"@type\":\"ListItem\",\"position\":2,\"name\":\"Shop\",\"item\":\"https:\/\/dutchhealthstore.com\/de\/shop-2\/\"},{\"@type\":\"ListItem\",\"position\":3,\"name\":\"Inula Essential Oil\"}]},{\"@type\":\"WebSite\",\"@id\":\"https:\/\/dutchhealthstore.com\/de\/#website\",\"url\":\"https:\/\/dutchhealthstore.com\/de\/\",\"name\":\"Dutch Health Store\",\"description\":\"Enhance Your Beauty with Organic &amp; Natural Skincare\",\"publisher\":{\"@id\":\"https:\/\/dutchhealthstore.com\/de\/#organization\"},\"potentialAction\":[{\"@type\":\"SearchAction\",\"target\":{\"@type\":\"EntryPoint\",\"urlTemplate\":\"https:\/\/dutchhealthstore.com\/de\/?s={search_term_string}\"},\"query-input\":{\"@type\":\"PropertyValueSpecification\",\"valueRequired\":true,\"valueName\":\"search_term_string\"}}],\"inLanguage\":\"de\"},{\"@type\":\"Organization\",\"@id\":\"https:\/\/dutchhealthstore.com\/de\/#organization\",\"name\":\"Dutch Health Store\",\"url\":\"https:\/\/dutchhealthstore.com\/de\/\",\"logo\":{\"@type\":\"ImageObject\",\"inLanguage\":\"de\",\"@id\":\"https:\/\/dutchhealthstore.com\/de\/#\/schema\/logo\/image\/\",\"url\":\"https:\/\/dutchhealthstore.com\/wp-content\/uploads\/2020\/08\/logo-dutchhealthstore-jpg-e1599484957574.jpg\",\"contentUrl\":\"https:\/\/dutchhealthstore.com\/wp-content\/uploads\/2020\/08\/logo-dutchhealthstore-jpg-e1599484957574.jpg\",\"width\":400,\"height\":62,\"caption\":\"Dutch Health Store\"},\"image\":{\"@id\":\"https:\/\/dutchhealthstore.com\/de\/#\/schema\/logo\/image\/\"},\"sameAs\":[\"https:\/\/www.instagram.com\/dutchhealthstore\/\",\"https:\/\/www.facebook.com\/dutchhealthstore\"]}]}<\/script>\n<meta property=\"product:brand\" content=\"Living Libations\" \/>\n<meta property=\"og:availability\" content=\"instock\" \/>\n<meta property=\"product:availability\" content=\"instock\" \/>\n<meta property=\"product:condition\" content=\"new\" \/>\n<!-- \/ Yoast SEO Premium plugin. -->","yoast_head_json":{"title":"Inula Essential Oil | Living Libations","description":"Das belebende Inula Essential Oil ist selten und wird in der Aromatherapie verehrt. Inula ist eine einzigartige Essenz, die nur in Jahren mit einer reichlichen Ernte erh\u00e4ltlich ist.","robots":{"index":"index","follow":"follow","max-snippet":"max-snippet:-1","max-image-preview":"max-image-preview:large","max-video-preview":"max-video-preview:-1"},"canonical":"https:\/\/dutchhealthstore.com\/de\/product\/inula-essential-oil\/","og_locale":"de_DE","og_type":"article","og_title":"Inula Essential Oil - Dutch Health Store","og_description":"Das belebende Inula Essential Oil ist selten und wird in der Aromatherapie verehrt. Inula ist eine einzigartige Essenz, die nur in Jahren mit einer reichlichen Ernte erh\u00e4ltlich ist.","og_url":"https:\/\/dutchhealthstore.com\/de\/product\/inula-essential-oil\/","og_site_name":"Dutch Health Store","article_publisher":"https:\/\/www.instagram.com\/dutchhealthstore\/","article_modified_time":"2024-08-07T13:11:41+00:00","og_image":[{"width":500,"height":500,"url":"https:\/\/dutchhealthstore.com\/wp-content\/uploads\/2020\/06\/Living-libations-Inula-Essential-Oil-e1592919894419.jpg","type":"image\/jpeg"}],"twitter_card":"summary_large_image","twitter_misc":{"Verf\u00fcgbarkeit":"Auf Lager"},"schema":{"@context":"https:\/\/schema.org","@graph":[{"@type":"WebPage","@id":"https:\/\/dutchhealthstore.com\/de\/product\/inula-essential-oil\/","url":"https:\/\/dutchhealthstore.com\/de\/product\/inula-essential-oil\/","name":"Inula Essential Oil | Living Libations","isPartOf":{"@id":"https:\/\/dutchhealthstore.com\/de\/#website"},"primaryImageOfPage":{"@id":"https:\/\/dutchhealthstore.com\/de\/product\/inula-essential-oil\/#primaryimage"},"image":{"@id":"https:\/\/dutchhealthstore.com\/de\/product\/inula-essential-oil\/#primaryimage"},"thumbnailUrl":"https:\/\/dutchhealthstore.com\/wp-content\/uploads\/2020\/06\/Living-libations-Inula-Essential-Oil-e1592919894419.jpg","datePublished":"2020-06-23T11:55:57+00:00","dateModified":"2024-08-07T13:11:41+00:00","description":"Das belebende Inula Essential Oil ist selten und wird in der Aromatherapie verehrt. Inula ist eine einzigartige Essenz, die nur in Jahren mit einer reichlichen Ernte erh\u00e4ltlich ist.","breadcrumb":{"@id":"https:\/\/dutchhealthstore.com\/de\/product\/inula-essential-oil\/#breadcrumb"},"inLanguage":"de","potentialAction":[{"@type":"ReadAction","target":["https:\/\/dutchhealthstore.com\/de\/product\/inula-essential-oil\/"]}]},{"@type":"ImageObject","inLanguage":"de","@id":"https:\/\/dutchhealthstore.com\/de\/product\/inula-essential-oil\/#primaryimage","url":"https:\/\/dutchhealthstore.com\/wp-content\/uploads\/2020\/06\/Living-libations-Inula-Essential-Oil-e1592919894419.jpg","contentUrl":"https:\/\/dutchhealthstore.com\/wp-content\/uploads\/2020\/06\/Living-libations-Inula-Essential-Oil-e1592919894419.jpg","width":500,"height":500},{"@type":"BreadcrumbList","@id":"https:\/\/dutchhealthstore.com\/de\/product\/inula-essential-oil\/#breadcrumb","itemListElement":[{"@type":"ListItem","position":1,"name":"Home","item":"https:\/\/dutchhealthstore.com\/de\/"},{"@type":"ListItem","position":2,"name":"Shop","item":"https:\/\/dutchhealthstore.com\/de\/shop-2\/"},{"@type":"ListItem","position":3,"name":"Inula Essential Oil"}]},{"@type":"WebSite","@id":"https:\/\/dutchhealthstore.com\/de\/#website","url":"https:\/\/dutchhealthstore.com\/de\/","name":"Dutch Health Store","description":"Enhance Your Beauty with Organic &amp; Natural Skincare","publisher":{"@id":"https:\/\/dutchhealthstore.com\/de\/#organization"},"potentialAction":[{"@type":"SearchAction","target":{"@type":"EntryPoint","urlTemplate":"https:\/\/dutchhealthstore.com\/de\/?s={search_term_string}"},"query-input":{"@type":"PropertyValueSpecification","valueRequired":true,"valueName":"search_term_string"}}],"inLanguage":"de"},{"@type":"Organization","@id":"https:\/\/dutchhealthstore.com\/de\/#organization","name":"Dutch Health Store","url":"https:\/\/dutchhealthstore.com\/de\/","logo":{"@type":"ImageObject","inLanguage":"de","@id":"https:\/\/dutchhealthstore.com\/de\/#\/schema\/logo\/image\/","url":"https:\/\/dutchhealthstore.com\/wp-content\/uploads\/2020\/08\/logo-dutchhealthstore-jpg-e1599484957574.jpg","contentUrl":"https:\/\/dutchhealthstore.com\/wp-content\/uploads\/2020\/08\/logo-dutchhealthstore-jpg-e1599484957574.jpg","width":400,"height":62,"caption":"Dutch Health Store"},"image":{"@id":"https:\/\/dutchhealthstore.com\/de\/#\/schema\/logo\/image\/"},"sameAs":["https:\/\/www.instagram.com\/dutchhealthstore\/","https:\/\/www.facebook.com\/dutchhealthstore"]}]},"product_brand":"Living Libations","og_availability":"instock","product_availability":"instock","product_condition":"new"},"_links":{"self":[{"href":"https:\/\/dutchhealthstore.com\/de\/wp-json\/wp\/v2\/product\/119298","targetHints":{"allow":["GET"]}}],"collection":[{"href":"https:\/\/dutchhealthstore.com\/de\/wp-json\/wp\/v2\/product"}],"about":[{"href":"https:\/\/dutchhealthstore.com\/de\/wp-json\/wp\/v2\/types\/product"}],"replies":[{"embeddable":true,"href":"https:\/\/dutchhealthstore.com\/de\/wp-json\/wp\/v2\/comments?post=119298"}],"wp:featuredmedia":[{"embeddable":true,"href":"https:\/\/dutchhealthstore.com\/de\/wp-json\/wp\/v2\/media\/108672"}],"wp:attachment":[{"href":"https:\/\/dutchhealthstore.com\/de\/wp-json\/wp\/v2\/media?parent=119298"}],"wp:term":[{"taxonomy":"product_brand","embeddable":true,"href":"https:\/\/dutchhealthstore.com\/de\/wp-json\/wp\/v2\/product_brand?post=119298"},{"taxonomy":"product_cat","embeddable":true,"href":"https:\/\/dutchhealthstore.com\/de\/wp-json\/wp\/v2\/product_cat?post=119298"},{"taxonomy":"product_tag","embeddable":true,"href":"https:\/\/dutchhealthstore.com\/de\/wp-json\/wp\/v2\/product_tag?post=119298"}],"curies":[{"name":"wp","href":"https:\/\/api.w.org\/{rel}","templated":true}]}}