{"id":119261,"date":"2020-07-09T10:15:42","date_gmt":"2020-07-09T08:15:42","guid":{"rendered":"https:\/\/dutchhealthstore.com\/product\/immortelle-essential-oil\/"},"modified":"2026-04-30T15:32:00","modified_gmt":"2026-04-30T13:32:00","slug":"immortelle-essential-oil","status":"publish","type":"product","link":"https:\/\/dutchhealthstore.com\/de\/product\/immortelle-essential-oil\/","title":{"rendered":"Immortelle Essential Oil"},"content":{"rendered":"<p><strong><img decoding=\"async\" class=\"size-full wp-image-69549 alignright\" src=\"https:\/\/dutchhealthstore.com\/wp-content\/uploads\/2019\/08\/NEW-Living-Libations-Logo.jpg\" alt=\"NEW - Living Libations - Logo\" width=\"175\" height=\"82\">Botanischer Name:<\/strong> Helichrysum italicum<br \/>\n<strong>Botanische Familie:<\/strong> Asteraceae<br \/>\n<strong>Extraktionsverfahren:<\/strong> Dampfdestilliert<br \/>\n<strong>Teil der Pflanze Destilliert:<\/strong> Bl\u00fcten<br \/>\n<strong>Herkunftsland:<\/strong> Korsika<br \/>\n<strong>Zusammensetzung:<\/strong> 100% Helichrysum italicum<br \/>\n<strong>Konsistenz:<\/strong> D\u00fcnne Viskosit\u00e4t<br \/>\n<strong>Anbaumethode:<\/strong> Bio\/Wildanbau<\/p>\n<h3>Beschreibung des Duftes<\/h3>\n<p>Honignoten von warmen Gew\u00fcrzen, krautigen Currys und saftigen, erdigen Fr\u00fcchten.<\/p>\n<h3>In Living Libations<\/h3>\n<p>DewDab, Zippity Dew Dab, Rose Glow Serum, Rose Glow Cr\u00e8me, Chocolate Karat Serum und Night Nectar.<\/p>\n<h3>Gut mischbar mit<\/h3>\n<p>Rose Otto, S\u00fc\u00dfer Thymian, Geranie, Myrrhe, Zistrose, Gr\u00f6nlandmoos, Grapefruit, Weihrauch, Zypresse, Lavendel, Ylang, Bergamotte und Sanddorn.<\/p>\n<a href=\"https:\/\/dutchhealthstore.com\/wp-content\/uploads\/2020\/07\/ANALYSIS-Immortelle-Essential-Oil-Living-Libations.pdf\" class=\"button primary is-primary is-small\"  >\n\t\t<span>ANALYSE DER \u00c4THERISCHEN \u00d6LE &gt;<\/span>\n\t<\/a>\n\n<h3>Verwendet<\/h3>\n<p>Lindert R\u00f6tungen und Hitze und ist sanft genug, um auch bei Kindern angewendet zu werden. Verbessert das Erscheinungsbild von Narben, feinen Linien und F\u00e4ltchen<\/p>\n<p>Dieses \u00d6l, das auch als Ewige Blume, Italienische Strohblume und Sonnengold\u00f6l bekannt ist, wird aus den kostbaren Bl\u00fctenbl\u00e4ttern der Helichrysum italicum Blume dampfdestilliert. Er wird auf der Insel Korsika wild geerntet, wo die Bl\u00fcten unter der herrlichen gelben Sonne gedeihen k\u00f6nnen. In den felsigen Klippen Korsikas wachsen die Blumen in einer H\u00f6he von 4.000 Fu\u00df. Die Chemie dieses hoch gelegenen Bodens macht das \u00d6l n\u00fctzlicher als jede andere Strohblumensorte und Destillation.<\/p>\n<p>Immortelle Essential Oil ist eines der leistungsst\u00e4rksten \u00d6le in der Aromatischen Versammlung, insbesondere f\u00fcr die Hautpflege. Aber es ist nicht nur die Seltenheit, die das echteImmortelle Essential Oil so begehrt macht! Dieser Edelstein hat starke regenerierende Eigenschaften, die das Erscheinungsbild von Hautunreinheiten dramatisch verbessern. Wir haben auch atemberaubende emotionale Vorteile erfahren, indem wir dieses nach Honig duftende Elixier einfach eingeatmet haben, das bekannterma\u00dfen hilft, emotionalen Schmerz zu verarbeiten und transzendentes Verst\u00e4ndnis endlich m\u00f6glich zu machen.<\/p>\n<p>Ob Sie Ihre Haut regenerieren oder Ihren Geist verj\u00fcngen m\u00f6chten, mit dem Immortelle Essential Oil f\u00fchlen Sie sich wie eine unsterbliche goldene Blume, die von der Sonne gesegnet wurde. Legen Sie die tiefen, verborgenen Schichten Ihrer lebendigen Haut frei und entfalten Sie Ihr eigenes, immerw\u00e4hrendes Strahlen!<\/p>\n<p><strong>Gr\u00f6\u00dfe: 2,5 ml und 5 ml<\/strong><\/p>\n<h3>Bio-Zutaten<\/h3>\n<p>100% \u00e4therisches \u00d6l der Strohblume (Helichrysum italicum).<\/p>\n<p style=\"text-align: center;\"><em>&#8222;Manchmal wird die Immortelle wegen ihrer kugelf\u00f6rmigen goldgelben Bl\u00fcte auch Sonnengold genannt. Die Pflanze wird bis zu 20 cm hoch. Sie hat zarte, lanzenf\u00f6rmige Bl\u00e4tter, die bei einigen Arten mit wei\u00dfen Haaren bedeckt sind. Der Duft eines zerkleinerten Blattes \u00fcberrascht mit einem intensiven Curryduft. Wenn sie getrocknet wird, beh\u00e4lt die Pflanze ihre Form und die Bl\u00fcte ihre gelbe Farbe. Die Strohblume scheint tats\u00e4chlich unsterblich zu sein &#8211; ein gro\u00dfer Anspruch f\u00fcr eine so winzige Blume &#8211; und ist ideal f\u00fcr Trockenblumenarrangements.<\/em><br \/>\n~ Susanne Fischer-Rizzi, <strong>The Complete Aromatherapy Handbook<\/strong><\/p>\n<p style=\"text-align: center;\"><em>&#8222;Helichrysum hat hervorragende hautverj\u00fcngende Eigenschaften&#8230;&#8220;<\/em><br \/>\n~ Kurt Schnaubelt, <strong>Advanced Aromatherapy<\/strong><\/p>\n<p style=\"text-align: center;\"><em>&#8222;Als Duft der g\u00f6ttlichen Welt \u00f6ffnet Helichrysum die Herzen f\u00fcr die unsichtbaren Energien, die unser Leben hier auf der Erde beeinflussen.&#8220;<\/em><br \/>\n~ Valerie Ann Worwood<\/p>\n<p style=\"text-align: center;\"><em>&#8222;Die Immortelle unterst\u00fctzt die tiefe Atmung, und ihr Duft hat eine entspannende, erhebende Wirkung auf den Geist. Der Duft der Immortelle soll auch die Traumaktivit\u00e4t und das Bewusstsein steigern und die Intuition anregen. Das macht sie n\u00fctzlich f\u00fcr Meditation, aktive Vorstellungskraft und die kreative Kunst.&#8220;<\/em><br \/>\n~ Julia Lawless, <strong>Aromatherapy and the Mind<\/strong><\/p>\n<p><img fetchpriority=\"high\" decoding=\"async\" class=\"size-medium wp-image-68103 aligncenter\" src=\"https:\/\/dutchhealthstore.com\/wp-content\/uploads\/2018\/02\/Living-Libations-Organic-Logo-800x89.png\" alt=\"Living Libations - Organic Logo\" width=\"800\" height=\"89\" srcset=\"https:\/\/dutchhealthstore.com\/wp-content\/uploads\/2018\/02\/Living-Libations-Organic-Logo-800x89.png 800w, https:\/\/dutchhealthstore.com\/wp-content\/uploads\/2018\/02\/Living-Libations-Organic-Logo-510x57.png 510w, https:\/\/dutchhealthstore.com\/wp-content\/uploads\/2018\/02\/Living-Libations-Organic-Logo-768x85.png 768w, https:\/\/dutchhealthstore.com\/wp-content\/uploads\/2018\/02\/Living-Libations-Organic-Logo.png 1400w\" sizes=\"(max-width: 800px) 100vw, 800px\" \/><\/p>\n","protected":false},"excerpt":{"rendered":"<p>Ewiges <strong>Immortelle Essential Oil<\/strong> ist ein \u00e4therisches, exquisites und veredeltes Blumen\u00f6l.<br \/>\nDiese bezaubernde Essenz wird in den hochgelegenen Felsklippen der korsischen Landschaft wild geerntet.<br \/>\nNadine arbeitet seit 1994 mit unserem brillanten Destillateur zusammen, und wir reservieren unseren Vorrat ein Jahr im Voraus, da unsere Destillateure nur wenige Liter dieses au\u00dfergew\u00f6hnlichen \u00d6ls pro Saison herstellen k\u00f6nnen.<\/p>\n","protected":false},"featured_media":112418,"comment_status":"open","ping_status":"closed","template":"","meta":[],"product_brand":[],"product_cat":[1508,1546,6737,1493,1210,6736],"product_tag":[1547],"class_list":{"0":"post-119261","1":"product","2":"type-product","3":"status-publish","4":"has-post-thumbnail","6":"product_cat-aetherische-oele-living-libations","7":"product_cat-essential-oils-living-libations-de","8":"product_cat-essential-oils-de-2","9":"product_cat-living-libations-deutschland","10":"product_cat-marken","11":"product_cat-wellness-de","12":"product_tag-essential-oil-de","13":"pa_brand-livinglibations-de","14":"pa_essential-oils-product-type-essential-oils-de","15":"pa_size-2-5-ml-de","16":"pa_size-5-ml-de","18":"first","19":"outofstock","20":"taxable","21":"shipping-taxable","22":"purchasable","23":"product-type-variable"},"bundled_by":[],"bundle_stock_status":"outofstock","bundle_stock_quantity":null,"bundle_virtual":false,"bundle_layout":"","bundle_add_to_cart_form_location":"","bundle_editable_in_cart":false,"bundle_sold_individually_context":"","bundle_item_grouping":"","bundle_min_size":"","bundle_max_size":"","bundle_price":[],"bundled_items":[],"bundle_sell_ids":[],"atum_controlled":true,"out_stock_date":null,"out_stock_threshold":null,"inheritable":true,"stock_on_hold":2,"sold_today":1,"sales_last_days":1,"out_stock_days":0,"lost_sales":0,"update_date":"2026-04-30T13:31:57","atum_locations":[],"atum_stock_status":"instock","restock_status":false,"low_stock_amount":"","sales_update_date":"2026-04-30T00:14:47","calc_backorders":null,"group_of_quantity":0,"min_quantity":0,"max_quantity":"","exclude_order_quantity_value_rules":"no","exclude_category_quantity_rules":"no","combine_variations":"no","yoast_head":"<!-- This site is optimized with the Yoast SEO Premium plugin v26.5 (Yoast SEO v26.5) - https:\/\/yoast.com\/wordpress\/plugins\/seo\/ -->\n<title>Immortelle Essential Oil | Living Libations<\/title>\n<meta name=\"description\" content=\"Ewiges Immortelle Essential Oil ist ein \u00e4therisches, exquisites und veredeltes Blumen\u00f6l.\" \/>\n<meta name=\"robots\" content=\"index, follow, max-snippet:-1, max-image-preview:large, max-video-preview:-1\" \/>\n<link rel=\"canonical\" href=\"https:\/\/dutchhealthstore.com\/de\/product\/immortelle-essential-oil\/\" \/>\n<meta property=\"og:locale\" content=\"de_DE\" \/>\n<meta property=\"og:type\" content=\"article\" \/>\n<meta property=\"og:title\" content=\"Immortelle Essential Oil - Dutch Health Store\" \/>\n<meta property=\"og:description\" content=\"Ewiges Immortelle Essential Oil ist ein \u00e4therisches, exquisites und veredeltes Blumen\u00f6l.\" \/>\n<meta property=\"og:url\" content=\"https:\/\/dutchhealthstore.com\/de\/product\/immortelle-essential-oil\/\" \/>\n<meta property=\"og:site_name\" content=\"Dutch Health Store\" \/>\n<meta property=\"article:publisher\" content=\"https:\/\/www.instagram.com\/dutchhealthstore\/\" \/>\n<meta property=\"article:modified_time\" content=\"2026-04-30T13:32:00+00:00\" \/>\n<meta property=\"og:image\" content=\"https:\/\/dutchhealthstore.com\/wp-content\/uploads\/2020\/07\/Living-Libations-Immortelle-Essential-Oil-e1594289277769.jpg\" \/>\n\t<meta property=\"og:image:width\" content=\"500\" \/>\n\t<meta property=\"og:image:height\" content=\"500\" \/>\n\t<meta property=\"og:image:type\" content=\"image\/jpeg\" \/>\n<meta name=\"twitter:card\" content=\"summary_large_image\" \/>\n<meta name=\"twitter:label1\" content=\"Verf\u00fcgbarkeit\" \/>\n\t<meta name=\"twitter:data1\" content=\"ausverkauft\" \/>\n<script type=\"application\/ld+json\" class=\"yoast-schema-graph\">{\"@context\":\"https:\/\/schema.org\",\"@graph\":[{\"@type\":\"WebPage\",\"@id\":\"https:\/\/dutchhealthstore.com\/de\/product\/immortelle-essential-oil\/\",\"url\":\"https:\/\/dutchhealthstore.com\/de\/product\/immortelle-essential-oil\/\",\"name\":\"Immortelle Essential Oil | Living Libations\",\"isPartOf\":{\"@id\":\"https:\/\/dutchhealthstore.com\/de\/#website\"},\"primaryImageOfPage\":{\"@id\":\"https:\/\/dutchhealthstore.com\/de\/product\/immortelle-essential-oil\/#primaryimage\"},\"image\":{\"@id\":\"https:\/\/dutchhealthstore.com\/de\/product\/immortelle-essential-oil\/#primaryimage\"},\"thumbnailUrl\":\"https:\/\/dutchhealthstore.com\/wp-content\/uploads\/2020\/07\/Living-Libations-Immortelle-Essential-Oil-e1594289277769.jpg\",\"datePublished\":\"2020-07-09T08:15:42+00:00\",\"dateModified\":\"2026-04-30T13:32:00+00:00\",\"description\":\"Ewiges Immortelle Essential Oil ist ein \u00e4therisches, exquisites und veredeltes Blumen\u00f6l.\",\"breadcrumb\":{\"@id\":\"https:\/\/dutchhealthstore.com\/de\/product\/immortelle-essential-oil\/#breadcrumb\"},\"inLanguage\":\"de\",\"potentialAction\":[{\"@type\":\"ReadAction\",\"target\":[\"https:\/\/dutchhealthstore.com\/de\/product\/immortelle-essential-oil\/\"]}]},{\"@type\":\"ImageObject\",\"inLanguage\":\"de\",\"@id\":\"https:\/\/dutchhealthstore.com\/de\/product\/immortelle-essential-oil\/#primaryimage\",\"url\":\"https:\/\/dutchhealthstore.com\/wp-content\/uploads\/2020\/07\/Living-Libations-Immortelle-Essential-Oil-e1594289277769.jpg\",\"contentUrl\":\"https:\/\/dutchhealthstore.com\/wp-content\/uploads\/2020\/07\/Living-Libations-Immortelle-Essential-Oil-e1594289277769.jpg\",\"width\":500,\"height\":500,\"caption\":\"Living Libations Immortelle Essential Oil\"},{\"@type\":\"BreadcrumbList\",\"@id\":\"https:\/\/dutchhealthstore.com\/de\/product\/immortelle-essential-oil\/#breadcrumb\",\"itemListElement\":[{\"@type\":\"ListItem\",\"position\":1,\"name\":\"Home\",\"item\":\"https:\/\/dutchhealthstore.com\/de\/\"},{\"@type\":\"ListItem\",\"position\":2,\"name\":\"Shop\",\"item\":\"https:\/\/dutchhealthstore.com\/de\/shop-2\/\"},{\"@type\":\"ListItem\",\"position\":3,\"name\":\"Immortelle Essential Oil\"}]},{\"@type\":\"WebSite\",\"@id\":\"https:\/\/dutchhealthstore.com\/de\/#website\",\"url\":\"https:\/\/dutchhealthstore.com\/de\/\",\"name\":\"Dutch Health Store\",\"description\":\"Enhance Your Beauty with Organic &amp; Natural Skincare\",\"publisher\":{\"@id\":\"https:\/\/dutchhealthstore.com\/de\/#organization\"},\"potentialAction\":[{\"@type\":\"SearchAction\",\"target\":{\"@type\":\"EntryPoint\",\"urlTemplate\":\"https:\/\/dutchhealthstore.com\/de\/?s={search_term_string}\"},\"query-input\":{\"@type\":\"PropertyValueSpecification\",\"valueRequired\":true,\"valueName\":\"search_term_string\"}}],\"inLanguage\":\"de\"},{\"@type\":\"Organization\",\"@id\":\"https:\/\/dutchhealthstore.com\/de\/#organization\",\"name\":\"Dutch Health Store\",\"url\":\"https:\/\/dutchhealthstore.com\/de\/\",\"logo\":{\"@type\":\"ImageObject\",\"inLanguage\":\"de\",\"@id\":\"https:\/\/dutchhealthstore.com\/de\/#\/schema\/logo\/image\/\",\"url\":\"https:\/\/dutchhealthstore.com\/wp-content\/uploads\/2020\/08\/logo-dutchhealthstore-jpg-e1599484957574.jpg\",\"contentUrl\":\"https:\/\/dutchhealthstore.com\/wp-content\/uploads\/2020\/08\/logo-dutchhealthstore-jpg-e1599484957574.jpg\",\"width\":400,\"height\":62,\"caption\":\"Dutch Health Store\"},\"image\":{\"@id\":\"https:\/\/dutchhealthstore.com\/de\/#\/schema\/logo\/image\/\"},\"sameAs\":[\"https:\/\/www.instagram.com\/dutchhealthstore\/\",\"https:\/\/www.facebook.com\/dutchhealthstore\"]}]}<\/script>\n<meta property=\"product:brand\" content=\"Living Libations\" \/>\n<meta property=\"og:availability\" content=\"out of stock\" \/>\n<meta property=\"product:availability\" content=\"out of stock\" \/>\n<meta property=\"product:condition\" content=\"new\" \/>\n<!-- \/ Yoast SEO Premium plugin. -->","yoast_head_json":{"title":"Immortelle Essential Oil | Living Libations","description":"Ewiges Immortelle Essential Oil ist ein \u00e4therisches, exquisites und veredeltes Blumen\u00f6l.","robots":{"index":"index","follow":"follow","max-snippet":"max-snippet:-1","max-image-preview":"max-image-preview:large","max-video-preview":"max-video-preview:-1"},"canonical":"https:\/\/dutchhealthstore.com\/de\/product\/immortelle-essential-oil\/","og_locale":"de_DE","og_type":"article","og_title":"Immortelle Essential Oil - Dutch Health Store","og_description":"Ewiges Immortelle Essential Oil ist ein \u00e4therisches, exquisites und veredeltes Blumen\u00f6l.","og_url":"https:\/\/dutchhealthstore.com\/de\/product\/immortelle-essential-oil\/","og_site_name":"Dutch Health Store","article_publisher":"https:\/\/www.instagram.com\/dutchhealthstore\/","article_modified_time":"2026-04-30T13:32:00+00:00","og_image":[{"width":500,"height":500,"url":"https:\/\/dutchhealthstore.com\/wp-content\/uploads\/2020\/07\/Living-Libations-Immortelle-Essential-Oil-e1594289277769.jpg","type":"image\/jpeg"}],"twitter_card":"summary_large_image","twitter_misc":{"Verf\u00fcgbarkeit":"ausverkauft"},"schema":{"@context":"https:\/\/schema.org","@graph":[{"@type":"WebPage","@id":"https:\/\/dutchhealthstore.com\/de\/product\/immortelle-essential-oil\/","url":"https:\/\/dutchhealthstore.com\/de\/product\/immortelle-essential-oil\/","name":"Immortelle Essential Oil | Living Libations","isPartOf":{"@id":"https:\/\/dutchhealthstore.com\/de\/#website"},"primaryImageOfPage":{"@id":"https:\/\/dutchhealthstore.com\/de\/product\/immortelle-essential-oil\/#primaryimage"},"image":{"@id":"https:\/\/dutchhealthstore.com\/de\/product\/immortelle-essential-oil\/#primaryimage"},"thumbnailUrl":"https:\/\/dutchhealthstore.com\/wp-content\/uploads\/2020\/07\/Living-Libations-Immortelle-Essential-Oil-e1594289277769.jpg","datePublished":"2020-07-09T08:15:42+00:00","dateModified":"2026-04-30T13:32:00+00:00","description":"Ewiges Immortelle Essential Oil ist ein \u00e4therisches, exquisites und veredeltes Blumen\u00f6l.","breadcrumb":{"@id":"https:\/\/dutchhealthstore.com\/de\/product\/immortelle-essential-oil\/#breadcrumb"},"inLanguage":"de","potentialAction":[{"@type":"ReadAction","target":["https:\/\/dutchhealthstore.com\/de\/product\/immortelle-essential-oil\/"]}]},{"@type":"ImageObject","inLanguage":"de","@id":"https:\/\/dutchhealthstore.com\/de\/product\/immortelle-essential-oil\/#primaryimage","url":"https:\/\/dutchhealthstore.com\/wp-content\/uploads\/2020\/07\/Living-Libations-Immortelle-Essential-Oil-e1594289277769.jpg","contentUrl":"https:\/\/dutchhealthstore.com\/wp-content\/uploads\/2020\/07\/Living-Libations-Immortelle-Essential-Oil-e1594289277769.jpg","width":500,"height":500,"caption":"Living Libations Immortelle Essential Oil"},{"@type":"BreadcrumbList","@id":"https:\/\/dutchhealthstore.com\/de\/product\/immortelle-essential-oil\/#breadcrumb","itemListElement":[{"@type":"ListItem","position":1,"name":"Home","item":"https:\/\/dutchhealthstore.com\/de\/"},{"@type":"ListItem","position":2,"name":"Shop","item":"https:\/\/dutchhealthstore.com\/de\/shop-2\/"},{"@type":"ListItem","position":3,"name":"Immortelle Essential Oil"}]},{"@type":"WebSite","@id":"https:\/\/dutchhealthstore.com\/de\/#website","url":"https:\/\/dutchhealthstore.com\/de\/","name":"Dutch Health Store","description":"Enhance Your Beauty with Organic &amp; Natural Skincare","publisher":{"@id":"https:\/\/dutchhealthstore.com\/de\/#organization"},"potentialAction":[{"@type":"SearchAction","target":{"@type":"EntryPoint","urlTemplate":"https:\/\/dutchhealthstore.com\/de\/?s={search_term_string}"},"query-input":{"@type":"PropertyValueSpecification","valueRequired":true,"valueName":"search_term_string"}}],"inLanguage":"de"},{"@type":"Organization","@id":"https:\/\/dutchhealthstore.com\/de\/#organization","name":"Dutch Health Store","url":"https:\/\/dutchhealthstore.com\/de\/","logo":{"@type":"ImageObject","inLanguage":"de","@id":"https:\/\/dutchhealthstore.com\/de\/#\/schema\/logo\/image\/","url":"https:\/\/dutchhealthstore.com\/wp-content\/uploads\/2020\/08\/logo-dutchhealthstore-jpg-e1599484957574.jpg","contentUrl":"https:\/\/dutchhealthstore.com\/wp-content\/uploads\/2020\/08\/logo-dutchhealthstore-jpg-e1599484957574.jpg","width":400,"height":62,"caption":"Dutch Health Store"},"image":{"@id":"https:\/\/dutchhealthstore.com\/de\/#\/schema\/logo\/image\/"},"sameAs":["https:\/\/www.instagram.com\/dutchhealthstore\/","https:\/\/www.facebook.com\/dutchhealthstore"]}]},"product_brand":"Living Libations","og_availability":"out of stock","product_availability":"out of stock","product_condition":"new"},"_links":{"self":[{"href":"https:\/\/dutchhealthstore.com\/de\/wp-json\/wp\/v2\/product\/119261","targetHints":{"allow":["GET"]}}],"collection":[{"href":"https:\/\/dutchhealthstore.com\/de\/wp-json\/wp\/v2\/product"}],"about":[{"href":"https:\/\/dutchhealthstore.com\/de\/wp-json\/wp\/v2\/types\/product"}],"replies":[{"embeddable":true,"href":"https:\/\/dutchhealthstore.com\/de\/wp-json\/wp\/v2\/comments?post=119261"}],"wp:featuredmedia":[{"embeddable":true,"href":"https:\/\/dutchhealthstore.com\/de\/wp-json\/wp\/v2\/media\/112418"}],"wp:attachment":[{"href":"https:\/\/dutchhealthstore.com\/de\/wp-json\/wp\/v2\/media?parent=119261"}],"wp:term":[{"taxonomy":"product_brand","embeddable":true,"href":"https:\/\/dutchhealthstore.com\/de\/wp-json\/wp\/v2\/product_brand?post=119261"},{"taxonomy":"product_cat","embeddable":true,"href":"https:\/\/dutchhealthstore.com\/de\/wp-json\/wp\/v2\/product_cat?post=119261"},{"taxonomy":"product_tag","embeddable":true,"href":"https:\/\/dutchhealthstore.com\/de\/wp-json\/wp\/v2\/product_tag?post=119261"}],"curies":[{"name":"wp","href":"https:\/\/api.w.org\/{rel}","templated":true}]}}