{"id":119208,"date":"2018-07-31T20:42:23","date_gmt":"2018-07-31T18:42:23","guid":{"rendered":"https:\/\/dutchhealthstore.com\/product\/hops-blossoms-essential-oil\/"},"modified":"2024-02-06T15:01:12","modified_gmt":"2024-02-06T15:01:12","slug":"hops-blossoms-essential-oil","status":"publish","type":"product","link":"https:\/\/dutchhealthstore.com\/de\/product\/hops-blossoms-essential-oil\/","title":{"rendered":"Hops Blossoms Essential Oil"},"content":{"rendered":"<p style=\"font-weight: 400;\"><b><strong><img decoding=\"async\" class=\"size-full wp-image-37041 alignright\" src=\"https:\/\/dutchhealthstore.com\/wp-content\/uploads\/2018\/04\/Living_Libations-1.png\" alt=\"Organic &amp; Natural Beautyproducts - Living Libations\" width=\"175\" height=\"82\"><\/strong><\/b><\/p>\n<p><strong>Botanischer Name:<\/strong> Humulus lupulus<br \/>\n<strong>Botanische Familie:<\/strong> Cannabaceae<br \/>\n<strong>Extraktionsverfahren<\/strong>: Dampfdestilliert<br \/>\n<strong>Teil der Pflanze Destilliert:<\/strong> Zapfen<br \/>\n<strong>Herkunftsland:<\/strong> Kanada<br \/>\n<strong>Anbaumethode:<\/strong> Bio<br \/>\n<strong>Konsistenz:<\/strong> D\u00fcnnfl\u00fcssig bis mittelviskos<\/p>\n<h3>Beschreibung des Duftes<\/h3>\n<p>Trockenes, ausgepr\u00e4gtes gr\u00fcn-harziges Aroma mit fruchtig-blumigen Ankl\u00e4ngen an Zitrusfr\u00fcchte.<\/p>\n<h3>Gut mischbar mit<\/h3>\n<p>Immortelle, Kardamom, Ysop, Balsamtanne, Muskatnuss, Rose Otto, Neroli, Ylang, Vanille, Lavendel, Melisse, Weihrauch, Fichte, Zitrone, Spikenard, Bergamotte, Vetiver, s\u00fc\u00dfer Thymian, Muskatellersalbei, Mandarine, Grapefruit, Limette und Kamille.<\/p>\n<h3>Verwendet<\/h3>\n<p>Erhabenheit in der Hautpflege. Zum Gebrauch verd\u00fcnnen. Muskelschmelzende Massagen. Unverwechselbar in der Chypre-Parf\u00fcmerie. Abends diffundieren, um den Tag ausklingen zu lassen.<\/p>\n<h3>Inhaltsstoffe<\/h3>\n<p>Monoterpene: Myrcen 70%, Sesquiterpene: Farnesen, b-Caryphyllen und a-Humulen 15%.<\/p>\n<p><strong>Gr\u00f6\u00dfe: 5 ml und 15 ml<\/strong><\/p>\n<h3>Bio-Zutaten<\/h3>\n<p>100% \u00e4therisches \u00d6l aus Hopfenbl\u00fcten (Humulus lupulus).<\/p>\n<p style=\"text-align: center;\"><em>&#8222;Denn sie sammeln die saftigen Beeren des Hopfens und mahlen und sieben und stampfen und brauen sie, und sie mischen damit saure S\u00e4fte und bringen den Most zum heiligen Feuer und h\u00f6ren weder Tag noch Nacht von ihrer Arbeit auf, diese schlauen Br\u00fcder, die Herren des Bottichs.&#8220;<\/em><br \/>\n~ James Joyce, <strong>Ulysses<\/strong><\/p>\n<p><img fetchpriority=\"high\" decoding=\"async\" class=\"aligncenter size-full wp-image-31577\" src=\"https:\/\/dutchhealthstore.com\/wp-content\/uploads\/2018\/03\/organic_big.png\" alt=\"Organic and Natural - Living Libations\" width=\"623\" height=\"103\" srcset=\"https:\/\/dutchhealthstore.com\/wp-content\/uploads\/2018\/03\/organic_big.png 623w, https:\/\/dutchhealthstore.com\/wp-content\/uploads\/2018\/03\/organic_big-510x84.png 510w, https:\/\/dutchhealthstore.com\/wp-content\/uploads\/2018\/03\/organic_big-600x99.png 600w, https:\/\/dutchhealthstore.com\/wp-content\/uploads\/2018\/03\/organic_big-350x58.png 350w\" sizes=\"(max-width: 623px) 100vw, 623px\" \/><\/p>\n","protected":false},"excerpt":{"rendered":"<p>Das unverwechselbare Aroma des <strong>Hops Blossom<\/strong> essential oil wird aus den pollen- und saftgetr\u00e4nkten Strobiles destilliert, die an dieser sich windenden, kletternden Bl\u00fctenpflanze baumeln. Die Essenz verstr\u00f6mt ein gr\u00fcn-harziges Aroma, das wie ein Schlaflied wirkt, Muskeln schmelzen l\u00e4sst, Verspannungen b\u00e4ndigt und die Sinne mit seinem \u00fcppigen Duft umschmeichelt.<\/p>\n","protected":false},"featured_media":41004,"comment_status":"open","ping_status":"closed","template":"","meta":[],"product_brand":[],"product_cat":[1508,1546,6737,1493,6736],"product_tag":[1547],"class_list":{"0":"post-119208","1":"product","2":"type-product","3":"status-publish","4":"has-post-thumbnail","6":"product_cat-aetherische-oele-living-libations","7":"product_cat-essential-oils-living-libations-de","8":"product_cat-essential-oils-de-2","9":"product_cat-living-libations-deutschland","10":"product_cat-wellness-de","11":"product_tag-essential-oil-de","12":"pa_brand-livinglibations-de","13":"pa_essential-oils-product-type-essential-oils-de","14":"pa_size-5-ml-de","15":"pa_size-15-ml-de-2","17":"first","18":"instock","19":"taxable","20":"shipping-taxable","21":"purchasable","22":"product-type-variable"},"bundled_by":[],"bundle_stock_status":"instock","bundle_stock_quantity":null,"bundle_virtual":false,"bundle_layout":"","bundle_add_to_cart_form_location":"","bundle_editable_in_cart":false,"bundle_sold_individually_context":"","bundle_item_grouping":"","bundle_min_size":"","bundle_max_size":"","bundle_price":[],"bundled_items":[],"bundle_sell_ids":[],"atum_controlled":true,"out_stock_date":null,"out_stock_threshold":null,"inheritable":true,"stock_on_hold":0,"sold_today":0,"sales_last_days":0,"out_stock_days":0,"lost_sales":0,"update_date":"2026-04-07T13:47:53","atum_locations":[],"atum_stock_status":"instock","restock_status":false,"low_stock_amount":"","sales_update_date":"2026-04-07T13:47:53","calc_backorders":null,"group_of_quantity":0,"min_quantity":0,"max_quantity":"","exclude_order_quantity_value_rules":"no","exclude_category_quantity_rules":"no","combine_variations":"no","yoast_head":"<!-- This site is optimized with the Yoast SEO Premium plugin v26.5 (Yoast SEO v26.5) - https:\/\/yoast.com\/wordpress\/plugins\/seo\/ -->\n<title>Hops Blossoms Essential Oil - Living Libations<\/title>\n<meta name=\"description\" content=\"Die Essenz verstr\u00f6mt ein gr\u00fcn-harziges Aroma, das wie ein Schlaflied wirkt, Muskeln schmelzen l\u00e4sst, Verspannungen b\u00e4ndigt und die Sinne mit seinem \u00fcppigen Duft umschmeichelt.\" \/>\n<meta name=\"robots\" content=\"index, follow, max-snippet:-1, max-image-preview:large, max-video-preview:-1\" \/>\n<link rel=\"canonical\" href=\"https:\/\/dutchhealthstore.com\/de\/product\/hops-blossoms-essential-oil\/\" \/>\n<meta property=\"og:locale\" content=\"de_DE\" \/>\n<meta property=\"og:type\" content=\"article\" \/>\n<meta property=\"og:title\" content=\"Hops Blossoms Essential Oil - Dutch Health Store\" \/>\n<meta property=\"og:description\" content=\"Die Essenz verstr\u00f6mt ein gr\u00fcn-harziges Aroma, das wie ein Schlaflied wirkt, Muskeln schmelzen l\u00e4sst, Verspannungen b\u00e4ndigt und die Sinne mit seinem \u00fcppigen Duft umschmeichelt.\" \/>\n<meta property=\"og:url\" content=\"https:\/\/dutchhealthstore.com\/de\/product\/hops-blossoms-essential-oil\/\" \/>\n<meta property=\"og:site_name\" content=\"Dutch Health Store\" \/>\n<meta property=\"article:publisher\" content=\"https:\/\/www.instagram.com\/dutchhealthstore\/\" \/>\n<meta property=\"article:modified_time\" content=\"2024-02-06T15:01:12+00:00\" \/>\n<meta property=\"og:image\" content=\"https:\/\/dutchhealthstore.com\/wp-content\/uploads\/2018\/07\/Hops-Blossoms-Essential-Oil-Living-Libations-e1594715068606.jpg\" \/>\n\t<meta property=\"og:image:width\" content=\"500\" \/>\n\t<meta property=\"og:image:height\" content=\"588\" \/>\n\t<meta property=\"og:image:type\" content=\"image\/jpeg\" \/>\n<meta name=\"twitter:card\" content=\"summary_large_image\" \/>\n<meta name=\"twitter:label1\" content=\"Verf\u00fcgbarkeit\" \/>\n\t<meta name=\"twitter:data1\" content=\"Auf Lager\" \/>\n<script type=\"application\/ld+json\" class=\"yoast-schema-graph\">{\"@context\":\"https:\/\/schema.org\",\"@graph\":[{\"@type\":\"WebPage\",\"@id\":\"https:\/\/dutchhealthstore.com\/de\/product\/hops-blossoms-essential-oil\/\",\"url\":\"https:\/\/dutchhealthstore.com\/de\/product\/hops-blossoms-essential-oil\/\",\"name\":\"Hops Blossoms Essential Oil - Living Libations\",\"isPartOf\":{\"@id\":\"https:\/\/dutchhealthstore.com\/de\/#website\"},\"primaryImageOfPage\":{\"@id\":\"https:\/\/dutchhealthstore.com\/de\/product\/hops-blossoms-essential-oil\/#primaryimage\"},\"image\":{\"@id\":\"https:\/\/dutchhealthstore.com\/de\/product\/hops-blossoms-essential-oil\/#primaryimage\"},\"thumbnailUrl\":\"https:\/\/dutchhealthstore.com\/wp-content\/uploads\/2018\/07\/Hops-Blossoms-Essential-Oil-Living-Libations-e1594715068606.jpg\",\"datePublished\":\"2018-07-31T18:42:23+00:00\",\"dateModified\":\"2024-02-06T15:01:12+00:00\",\"description\":\"Die Essenz verstr\u00f6mt ein gr\u00fcn-harziges Aroma, das wie ein Schlaflied wirkt, Muskeln schmelzen l\u00e4sst, Verspannungen b\u00e4ndigt und die Sinne mit seinem \u00fcppigen Duft umschmeichelt.\",\"breadcrumb\":{\"@id\":\"https:\/\/dutchhealthstore.com\/de\/product\/hops-blossoms-essential-oil\/#breadcrumb\"},\"inLanguage\":\"de\",\"potentialAction\":[{\"@type\":\"ReadAction\",\"target\":[\"https:\/\/dutchhealthstore.com\/de\/product\/hops-blossoms-essential-oil\/\"]}]},{\"@type\":\"ImageObject\",\"inLanguage\":\"de\",\"@id\":\"https:\/\/dutchhealthstore.com\/de\/product\/hops-blossoms-essential-oil\/#primaryimage\",\"url\":\"https:\/\/dutchhealthstore.com\/wp-content\/uploads\/2018\/07\/Hops-Blossoms-Essential-Oil-Living-Libations-e1594715068606.jpg\",\"contentUrl\":\"https:\/\/dutchhealthstore.com\/wp-content\/uploads\/2018\/07\/Hops-Blossoms-Essential-Oil-Living-Libations-e1594715068606.jpg\",\"width\":500,\"height\":588,\"caption\":\"Hops Blossoms Essential Oil Living Libations\"},{\"@type\":\"BreadcrumbList\",\"@id\":\"https:\/\/dutchhealthstore.com\/de\/product\/hops-blossoms-essential-oil\/#breadcrumb\",\"itemListElement\":[{\"@type\":\"ListItem\",\"position\":1,\"name\":\"Home\",\"item\":\"https:\/\/dutchhealthstore.com\/de\/\"},{\"@type\":\"ListItem\",\"position\":2,\"name\":\"Shop\",\"item\":\"https:\/\/dutchhealthstore.com\/de\/shop-2\/\"},{\"@type\":\"ListItem\",\"position\":3,\"name\":\"Hops Blossoms Essential Oil\"}]},{\"@type\":\"WebSite\",\"@id\":\"https:\/\/dutchhealthstore.com\/de\/#website\",\"url\":\"https:\/\/dutchhealthstore.com\/de\/\",\"name\":\"Dutch Health Store\",\"description\":\"Enhance Your Beauty with Organic &amp; Natural Skincare\",\"publisher\":{\"@id\":\"https:\/\/dutchhealthstore.com\/de\/#organization\"},\"potentialAction\":[{\"@type\":\"SearchAction\",\"target\":{\"@type\":\"EntryPoint\",\"urlTemplate\":\"https:\/\/dutchhealthstore.com\/de\/?s={search_term_string}\"},\"query-input\":{\"@type\":\"PropertyValueSpecification\",\"valueRequired\":true,\"valueName\":\"search_term_string\"}}],\"inLanguage\":\"de\"},{\"@type\":\"Organization\",\"@id\":\"https:\/\/dutchhealthstore.com\/de\/#organization\",\"name\":\"Dutch Health Store\",\"url\":\"https:\/\/dutchhealthstore.com\/de\/\",\"logo\":{\"@type\":\"ImageObject\",\"inLanguage\":\"de\",\"@id\":\"https:\/\/dutchhealthstore.com\/de\/#\/schema\/logo\/image\/\",\"url\":\"https:\/\/dutchhealthstore.com\/wp-content\/uploads\/2020\/08\/logo-dutchhealthstore-jpg-e1599484957574.jpg\",\"contentUrl\":\"https:\/\/dutchhealthstore.com\/wp-content\/uploads\/2020\/08\/logo-dutchhealthstore-jpg-e1599484957574.jpg\",\"width\":400,\"height\":62,\"caption\":\"Dutch Health Store\"},\"image\":{\"@id\":\"https:\/\/dutchhealthstore.com\/de\/#\/schema\/logo\/image\/\"},\"sameAs\":[\"https:\/\/www.instagram.com\/dutchhealthstore\/\",\"https:\/\/www.facebook.com\/dutchhealthstore\"]}]}<\/script>\n<meta property=\"product:brand\" content=\"Living Libations\" \/>\n<meta property=\"og:availability\" content=\"instock\" \/>\n<meta property=\"product:availability\" content=\"instock\" \/>\n<meta property=\"product:condition\" content=\"new\" \/>\n<!-- \/ Yoast SEO Premium plugin. -->","yoast_head_json":{"title":"Hops Blossoms Essential Oil - Living Libations","description":"Die Essenz verstr\u00f6mt ein gr\u00fcn-harziges Aroma, das wie ein Schlaflied wirkt, Muskeln schmelzen l\u00e4sst, Verspannungen b\u00e4ndigt und die Sinne mit seinem \u00fcppigen Duft umschmeichelt.","robots":{"index":"index","follow":"follow","max-snippet":"max-snippet:-1","max-image-preview":"max-image-preview:large","max-video-preview":"max-video-preview:-1"},"canonical":"https:\/\/dutchhealthstore.com\/de\/product\/hops-blossoms-essential-oil\/","og_locale":"de_DE","og_type":"article","og_title":"Hops Blossoms Essential Oil - Dutch Health Store","og_description":"Die Essenz verstr\u00f6mt ein gr\u00fcn-harziges Aroma, das wie ein Schlaflied wirkt, Muskeln schmelzen l\u00e4sst, Verspannungen b\u00e4ndigt und die Sinne mit seinem \u00fcppigen Duft umschmeichelt.","og_url":"https:\/\/dutchhealthstore.com\/de\/product\/hops-blossoms-essential-oil\/","og_site_name":"Dutch Health Store","article_publisher":"https:\/\/www.instagram.com\/dutchhealthstore\/","article_modified_time":"2024-02-06T15:01:12+00:00","og_image":[{"width":500,"height":588,"url":"https:\/\/dutchhealthstore.com\/wp-content\/uploads\/2018\/07\/Hops-Blossoms-Essential-Oil-Living-Libations-e1594715068606.jpg","type":"image\/jpeg"}],"twitter_card":"summary_large_image","twitter_misc":{"Verf\u00fcgbarkeit":"Auf Lager"},"schema":{"@context":"https:\/\/schema.org","@graph":[{"@type":"WebPage","@id":"https:\/\/dutchhealthstore.com\/de\/product\/hops-blossoms-essential-oil\/","url":"https:\/\/dutchhealthstore.com\/de\/product\/hops-blossoms-essential-oil\/","name":"Hops Blossoms Essential Oil - Living Libations","isPartOf":{"@id":"https:\/\/dutchhealthstore.com\/de\/#website"},"primaryImageOfPage":{"@id":"https:\/\/dutchhealthstore.com\/de\/product\/hops-blossoms-essential-oil\/#primaryimage"},"image":{"@id":"https:\/\/dutchhealthstore.com\/de\/product\/hops-blossoms-essential-oil\/#primaryimage"},"thumbnailUrl":"https:\/\/dutchhealthstore.com\/wp-content\/uploads\/2018\/07\/Hops-Blossoms-Essential-Oil-Living-Libations-e1594715068606.jpg","datePublished":"2018-07-31T18:42:23+00:00","dateModified":"2024-02-06T15:01:12+00:00","description":"Die Essenz verstr\u00f6mt ein gr\u00fcn-harziges Aroma, das wie ein Schlaflied wirkt, Muskeln schmelzen l\u00e4sst, Verspannungen b\u00e4ndigt und die Sinne mit seinem \u00fcppigen Duft umschmeichelt.","breadcrumb":{"@id":"https:\/\/dutchhealthstore.com\/de\/product\/hops-blossoms-essential-oil\/#breadcrumb"},"inLanguage":"de","potentialAction":[{"@type":"ReadAction","target":["https:\/\/dutchhealthstore.com\/de\/product\/hops-blossoms-essential-oil\/"]}]},{"@type":"ImageObject","inLanguage":"de","@id":"https:\/\/dutchhealthstore.com\/de\/product\/hops-blossoms-essential-oil\/#primaryimage","url":"https:\/\/dutchhealthstore.com\/wp-content\/uploads\/2018\/07\/Hops-Blossoms-Essential-Oil-Living-Libations-e1594715068606.jpg","contentUrl":"https:\/\/dutchhealthstore.com\/wp-content\/uploads\/2018\/07\/Hops-Blossoms-Essential-Oil-Living-Libations-e1594715068606.jpg","width":500,"height":588,"caption":"Hops Blossoms Essential Oil Living Libations"},{"@type":"BreadcrumbList","@id":"https:\/\/dutchhealthstore.com\/de\/product\/hops-blossoms-essential-oil\/#breadcrumb","itemListElement":[{"@type":"ListItem","position":1,"name":"Home","item":"https:\/\/dutchhealthstore.com\/de\/"},{"@type":"ListItem","position":2,"name":"Shop","item":"https:\/\/dutchhealthstore.com\/de\/shop-2\/"},{"@type":"ListItem","position":3,"name":"Hops Blossoms Essential Oil"}]},{"@type":"WebSite","@id":"https:\/\/dutchhealthstore.com\/de\/#website","url":"https:\/\/dutchhealthstore.com\/de\/","name":"Dutch Health Store","description":"Enhance Your Beauty with Organic &amp; Natural Skincare","publisher":{"@id":"https:\/\/dutchhealthstore.com\/de\/#organization"},"potentialAction":[{"@type":"SearchAction","target":{"@type":"EntryPoint","urlTemplate":"https:\/\/dutchhealthstore.com\/de\/?s={search_term_string}"},"query-input":{"@type":"PropertyValueSpecification","valueRequired":true,"valueName":"search_term_string"}}],"inLanguage":"de"},{"@type":"Organization","@id":"https:\/\/dutchhealthstore.com\/de\/#organization","name":"Dutch Health Store","url":"https:\/\/dutchhealthstore.com\/de\/","logo":{"@type":"ImageObject","inLanguage":"de","@id":"https:\/\/dutchhealthstore.com\/de\/#\/schema\/logo\/image\/","url":"https:\/\/dutchhealthstore.com\/wp-content\/uploads\/2020\/08\/logo-dutchhealthstore-jpg-e1599484957574.jpg","contentUrl":"https:\/\/dutchhealthstore.com\/wp-content\/uploads\/2020\/08\/logo-dutchhealthstore-jpg-e1599484957574.jpg","width":400,"height":62,"caption":"Dutch Health Store"},"image":{"@id":"https:\/\/dutchhealthstore.com\/de\/#\/schema\/logo\/image\/"},"sameAs":["https:\/\/www.instagram.com\/dutchhealthstore\/","https:\/\/www.facebook.com\/dutchhealthstore"]}]},"product_brand":"Living Libations","og_availability":"instock","product_availability":"instock","product_condition":"new"},"_links":{"self":[{"href":"https:\/\/dutchhealthstore.com\/de\/wp-json\/wp\/v2\/product\/119208","targetHints":{"allow":["GET"]}}],"collection":[{"href":"https:\/\/dutchhealthstore.com\/de\/wp-json\/wp\/v2\/product"}],"about":[{"href":"https:\/\/dutchhealthstore.com\/de\/wp-json\/wp\/v2\/types\/product"}],"replies":[{"embeddable":true,"href":"https:\/\/dutchhealthstore.com\/de\/wp-json\/wp\/v2\/comments?post=119208"}],"wp:featuredmedia":[{"embeddable":true,"href":"https:\/\/dutchhealthstore.com\/de\/wp-json\/wp\/v2\/media\/41004"}],"wp:attachment":[{"href":"https:\/\/dutchhealthstore.com\/de\/wp-json\/wp\/v2\/media?parent=119208"}],"wp:term":[{"taxonomy":"product_brand","embeddable":true,"href":"https:\/\/dutchhealthstore.com\/de\/wp-json\/wp\/v2\/product_brand?post=119208"},{"taxonomy":"product_cat","embeddable":true,"href":"https:\/\/dutchhealthstore.com\/de\/wp-json\/wp\/v2\/product_cat?post=119208"},{"taxonomy":"product_tag","embeddable":true,"href":"https:\/\/dutchhealthstore.com\/de\/wp-json\/wp\/v2\/product_tag?post=119208"}],"curies":[{"name":"wp","href":"https:\/\/api.w.org\/{rel}","templated":true}]}}