{"id":119192,"date":"2020-06-23T07:24:29","date_gmt":"2020-06-23T07:24:29","guid":{"rendered":"https:\/\/dutchhealthstore.com\/product\/honeycomb-absolute\/"},"modified":"2025-05-12T08:51:27","modified_gmt":"2025-05-12T06:51:27","slug":"honeycomb-absolute","status":"publish","type":"product","link":"https:\/\/dutchhealthstore.com\/de\/product\/honeycomb-absolute\/","title":{"rendered":"Honeycomb Absolute"},"content":{"rendered":"<p><img decoding=\"async\" class=\"size-full wp-image-69549 alignright\" src=\"https:\/\/dutchhealthstore.com\/wp-content\/uploads\/2019\/08\/NEW-Living-Libations-Logo.jpg\" alt=\"NEW - Living Libations - Logo\" width=\"175\" height=\"82\"><strong>Biologischer Name:<\/strong> Apis mellifera<br \/>\n<strong>Familie:<\/strong> Apidae<br \/>\n<strong>Extraktionsverfahren:<\/strong> L\u00f6sungsmittel extrahiert<br \/>\n<strong>Teil der Pflanze Destilliert:<\/strong> Bienenwabe\/Bienenwachs<br \/>\n<strong>Herkunftsland:<\/strong> Frankreich<br \/>\n<strong>Anbaumethode:<\/strong> Bio<br \/>\n<strong>Zusammensetzung:<\/strong> 100% Apis mellifera <strong>(50:50 <span style=\"font-size: 14.4px;\">mit Bio-Jojoba)<\/span><\/strong><\/p>\n<p><strong>Konsistenz:<\/strong> Dickfl\u00fcssig<\/p>\n<h3>Beschreibung des Duftes<\/h3>\n<p>Warmer Wildblumenhonig mit einem Hauch von Pollen, Heu, s\u00fc\u00dfem Tabak, Leder und \u00fcberraschend subtilem Ahornmoschus.<\/p>\n<h3>Gut mischbar mit<\/h3>\n<p>Vetiver, Sandelholz, Jasmin, Rose, Moschusmalve, Palo Santo, Majoran, Ylang, Spikenard, Orriswurzel, Bergamotte, Mandarine, Grapefruit, Mandarine und Vanille.<\/p>\n<h3>Verwendet<\/h3>\n<p>Sch\u00f6ne Parf\u00fcm- und Aromatherapie-Mischungen. Hervorragend geeignet f\u00fcr B\u00e4der und Diffusoren.<\/p>\n<h3>Profi-Tipp<\/h3>\n<p>Erw\u00e4rmen Sie die Flasche in hei\u00dfem Wasser und verd\u00fcnnen Sie sie sofort mit Bio-Alkohol, anderen \u00e4therischen \u00d6len oder Jojoba f\u00fcr eine d\u00fcnnere Konsistenz.<\/p>\n<a href=\"https:\/\/dutchhealthstore.com\/wp-content\/uploads\/2020\/06\/ANALYSIS-Honeycomb-Absolute-Living-Libations-2.pdf\" class=\"button primary is-primary is-small\"  >\n\t\t<span> ANALYSE &gt;<\/span>\n\t<\/a>\n\n<p>Unser Honeycomb Absolute (auch bekannt als Beeswax Absolute) wird aus den gl\u00fccklichen Waben der summenden franz\u00f6sischen Bienen gewonnen, die Botschafter der Gesundheit und H\u00fcter des Wachsreichtums sind! Dieses wunderbare Wachs ist das Nonplusultra f\u00fcr zart duftende Mischungen und geschmeidige Hautpflegeprodukte. Dieses Absolue ist reines Wachs, das direkt aus der sechseckigen Honigwabe, der Festung der Bienenk\u00f6nigin, gewonnen wird. Mit Noten von Wildblumen, Honig und Heu wird der warme, s\u00fc\u00dfe Duft Ihren Tag versch\u00f6nern. Honeycomb Absolute ist perfekt f\u00fcr die Parf\u00fcmerie. Es hat eine melasse\u00e4hnliche Konsistenz und verfl\u00fcssigt sich in warmem Wasser.<\/p>\n<p>Das Absolue wird in gewachster Form geliefert, kann aber leicht in Duftmischungen verwendet werden, indem man die Flasche in warmem Wasser einweicht, um das Wachs zu verfl\u00fcssigen. Jede Charge ist ein aromatisches Wunderwerk, denn jede Honigwabe ist anders und bietet unendlich viele M\u00f6glichkeiten f\u00fcr Dufterkundungen und duftende Kreationen. Auch der Duft des Absoluts entwickelt sich im Laufe der Zeit weiter, so dass die Parfums immer mehr an Ausdruckskraft gewinnen.<\/p>\n<p><strong>Gr\u00f6\u00dfe: 5 ml (50:50 Jojoba)<\/strong><\/p>\n<h3>Bio-Zutaten<\/h3>\n<p>100% Apis mellifera (oder 50:50 Option mit Bio-Jojoba) absolut.<\/p>\n<p style=\"text-align: center;\"><em>&#8222;In der Aromalampe, im Bad und in Massage\u00f6len wirkt Honigwaben\u00f6l beruhigend, entspannend und ausgleichend. Es kann in einem Bad zur Entspannung verwendet werden. Kinder m\u00f6gen Honigwaben\u00f6l gemischt mit Mandarine und Vanille&#8230;&#8220;<\/em><br \/>\n~ Susanne Fischer-Rizzi, <strong>Complete Aromatherapy Handbook<\/strong><\/p>\n<p style=\"text-align: center;\"><em>&#8222;Bienenwachs ist das Wunderwerk des Bienenstocks. Um das Bienenwachs zu einer Wabe zu formen, h\u00e4ngen die Bienen an Schn\u00fcren. Wenn das Wachs aus den Dr\u00fcsen der wachsproduzierenden Bienen austritt, wird es zwischen den Beinen und M\u00fcndern der Bienen, die die Kette bilden, hindurchgereicht und dabei zerkaut und in Form gebracht. Die Bienen verwenden dieses Wachs dann, um die bekannten sechseckigen Honigzellen zu bauen. W\u00e4hrend dieses Prozesses beginnt das Wachs, seine Farbe und Deckkraft zu entwickeln. Je nachdem, welche Art von Nektar und Pollen in den Bienenstock gelangt und von den Bienen verzehrt wird, bleiben mikroskopisch kleine Pollen- und Nektarreste zur\u00fcck, die dem Wachs hinzugef\u00fcgt werden. F\u00fcr die Herstellung von einem Gramm Wachs werden etwa 1.100 Schuppen ben\u00f6tigt. &#8222;<\/em><br \/>\n~ Petra Ahnert,<strong> Beeswax Alchemy<\/strong><\/p>\n<p style=\"text-align: center;\"><em>&#8222;Es herrschte eine wunderbare Atmosph\u00e4re von sanftem Alter, ein Geruch von Blumen und Bienenwachs, s\u00fc\u00df und doch leicht s\u00e4uerlich und muffig; ein Geruch, der einen sehr z\u00e4rtlich mit der Vergangenheit f\u00fchlen l\u00e4sst.&#8220;<\/em><br \/>\n~ Dodie Smith, <strong>Capture the Castle<\/strong><\/p>\n<p><img fetchpriority=\"high\" decoding=\"async\" class=\"size-medium wp-image-68103 aligncenter\" src=\"https:\/\/dutchhealthstore.com\/wp-content\/uploads\/2018\/02\/Living-Libations-Organic-Logo-800x89.png\" alt=\"Living Libations - Organic Logo\" width=\"800\" height=\"89\" srcset=\"https:\/\/dutchhealthstore.com\/wp-content\/uploads\/2018\/02\/Living-Libations-Organic-Logo-800x89.png 800w, https:\/\/dutchhealthstore.com\/wp-content\/uploads\/2018\/02\/Living-Libations-Organic-Logo-510x57.png 510w, https:\/\/dutchhealthstore.com\/wp-content\/uploads\/2018\/02\/Living-Libations-Organic-Logo-768x85.png 768w, https:\/\/dutchhealthstore.com\/wp-content\/uploads\/2018\/02\/Living-Libations-Organic-Logo.png 1400w\" sizes=\"(max-width: 800px) 100vw, 800px\" \/><\/p>\n","protected":false},"excerpt":{"rendered":"<p>Paradiesisch <strong>Honeycomb Absolute<\/strong> wird aus dem nat\u00fcrlichen Wachs der duftenden franz\u00f6sischen Honigwaben gewonnen. Nach der Gewinnung des Wachses aus den Waben wird das Wachs geschmolzen und gesiebt, um Verunreinigungen herauszusp\u00fclen, so dass nur das reinste, s\u00fc\u00dfeste Wachs der gl\u00fccklichen Honigbiene \u00fcbrig bleibt.<\/p>\n","protected":false},"featured_media":108532,"comment_status":"open","ping_status":"closed","template":"","meta":[],"product_brand":[],"product_cat":[1551,1508,6737,1493,1210,6736],"product_tag":[8681,21667,1547,21809],"class_list":{"0":"post-119192","1":"product","2":"type-product","3":"status-publish","4":"has-post-thumbnail","6":"product_cat-absolute-essenz-living-libations","7":"product_cat-aetherische-oele-living-libations","8":"product_cat-essential-oils-de-2","9":"product_cat-living-libations-deutschland","10":"product_cat-marken","11":"product_cat-wellness-de","12":"product_tag-absolute-de","13":"product_tag-aroma-de","14":"product_tag-essential-oil-de","15":"product_tag-natural-de","16":"pa_brand-livinglibations-de","17":"pa_essential-oils-product-type-absolute-essences-de","18":"pa_essential-oils-product-type-essential-oils-de","19":"pa_size-5-ml-5050-jojoba-de","21":"first","22":"instock","23":"taxable","24":"shipping-taxable","25":"purchasable","26":"product-type-simple"},"bundled_by":[],"bundle_stock_status":"instock","bundle_stock_quantity":3,"bundle_virtual":false,"bundle_layout":"","bundle_add_to_cart_form_location":"","bundle_editable_in_cart":false,"bundle_sold_individually_context":"","bundle_item_grouping":"","bundle_min_size":"","bundle_max_size":"","bundle_price":[],"bundled_items":[],"bundle_sell_ids":[],"atum_controlled":true,"out_stock_date":null,"out_stock_threshold":null,"inheritable":false,"stock_on_hold":1,"sold_today":0,"sales_last_days":0,"out_stock_days":0,"lost_sales":0,"update_date":"2026-04-09T11:36:04","atum_locations":[],"atum_stock_status":"instock","restock_status":false,"low_stock_amount":"","sales_update_date":"2026-04-09T11:36:04","calc_backorders":null,"group_of_quantity":0,"min_quantity":0,"max_quantity":"","exclude_order_quantity_value_rules":"no","exclude_category_quantity_rules":"no","combine_variations":"no","yoast_head":"<!-- This site is optimized with the Yoast SEO Premium plugin v26.5 (Yoast SEO v26.5) - https:\/\/yoast.com\/wordpress\/plugins\/seo\/ -->\n<title>Honeycomb Absolute | Living Libations<\/title>\n<meta name=\"description\" content=\"Paradiesisch Honeycomb Absolute wird aus dem nat\u00fcrlichen Wachs der duftenden franz\u00f6sischen Honigwaben gewonnen.\" \/>\n<meta name=\"robots\" content=\"index, follow, max-snippet:-1, max-image-preview:large, max-video-preview:-1\" \/>\n<link rel=\"canonical\" href=\"https:\/\/dutchhealthstore.com\/de\/product\/honeycomb-absolute\/\" \/>\n<meta property=\"og:locale\" content=\"de_DE\" \/>\n<meta property=\"og:type\" content=\"article\" \/>\n<meta property=\"og:title\" content=\"Honeycomb Absolute - Dutch Health Store\" \/>\n<meta property=\"og:description\" content=\"Paradiesisch Honeycomb Absolute wird aus dem nat\u00fcrlichen Wachs der duftenden franz\u00f6sischen Honigwaben gewonnen.\" \/>\n<meta property=\"og:url\" content=\"https:\/\/dutchhealthstore.com\/de\/product\/honeycomb-absolute\/\" \/>\n<meta property=\"og:site_name\" content=\"Dutch Health Store\" \/>\n<meta property=\"article:publisher\" content=\"https:\/\/www.instagram.com\/dutchhealthstore\/\" \/>\n<meta property=\"article:modified_time\" content=\"2025-05-12T06:51:27+00:00\" \/>\n<meta property=\"og:image\" content=\"https:\/\/dutchhealthstore.com\/wp-content\/uploads\/2020\/06\/Living-Libations-honeycomb-absolute-e1592895546558.png\" \/>\n\t<meta property=\"og:image:width\" content=\"500\" \/>\n\t<meta property=\"og:image:height\" content=\"500\" \/>\n\t<meta property=\"og:image:type\" content=\"image\/jpeg\" \/>\n<meta name=\"twitter:card\" content=\"summary_large_image\" \/>\n<meta name=\"twitter:label1\" content=\"Preis\" \/>\n\t<meta name=\"twitter:data1\" content=\"&euro;55,00\" \/>\n\t<meta name=\"twitter:label2\" content=\"Verf\u00fcgbarkeit\" \/>\n\t<meta name=\"twitter:data2\" content=\"Auf Lager\" \/>\n<script type=\"application\/ld+json\" class=\"yoast-schema-graph\">{\"@context\":\"https:\/\/schema.org\",\"@graph\":[{\"@type\":\"WebPage\",\"@id\":\"https:\/\/dutchhealthstore.com\/de\/product\/honeycomb-absolute\/\",\"url\":\"https:\/\/dutchhealthstore.com\/de\/product\/honeycomb-absolute\/\",\"name\":\"Honeycomb Absolute | Living Libations\",\"isPartOf\":{\"@id\":\"https:\/\/dutchhealthstore.com\/de\/#website\"},\"primaryImageOfPage\":{\"@id\":\"https:\/\/dutchhealthstore.com\/de\/product\/honeycomb-absolute\/#primaryimage\"},\"image\":{\"@id\":\"https:\/\/dutchhealthstore.com\/de\/product\/honeycomb-absolute\/#primaryimage\"},\"thumbnailUrl\":\"https:\/\/dutchhealthstore.com\/wp-content\/uploads\/2020\/06\/Living-Libations-honeycomb-absolute-e1592895546558.png\",\"datePublished\":\"2020-06-23T07:24:29+00:00\",\"dateModified\":\"2025-05-12T06:51:27+00:00\",\"description\":\"Paradiesisch Honeycomb Absolute wird aus dem nat\u00fcrlichen Wachs der duftenden franz\u00f6sischen Honigwaben gewonnen.\",\"breadcrumb\":{\"@id\":\"https:\/\/dutchhealthstore.com\/de\/product\/honeycomb-absolute\/#breadcrumb\"},\"inLanguage\":\"de\",\"potentialAction\":[{\"@type\":\"ReadAction\",\"target\":[\"https:\/\/dutchhealthstore.com\/de\/product\/honeycomb-absolute\/\"]}]},{\"@type\":\"ImageObject\",\"inLanguage\":\"de\",\"@id\":\"https:\/\/dutchhealthstore.com\/de\/product\/honeycomb-absolute\/#primaryimage\",\"url\":\"https:\/\/dutchhealthstore.com\/wp-content\/uploads\/2020\/06\/Living-Libations-honeycomb-absolute-e1592895546558.png\",\"contentUrl\":\"https:\/\/dutchhealthstore.com\/wp-content\/uploads\/2020\/06\/Living-Libations-honeycomb-absolute-e1592895546558.png\",\"width\":500,\"height\":500,\"caption\":\"Living Libations honeycomb absolute\"},{\"@type\":\"BreadcrumbList\",\"@id\":\"https:\/\/dutchhealthstore.com\/de\/product\/honeycomb-absolute\/#breadcrumb\",\"itemListElement\":[{\"@type\":\"ListItem\",\"position\":1,\"name\":\"Home\",\"item\":\"https:\/\/dutchhealthstore.com\/de\/\"},{\"@type\":\"ListItem\",\"position\":2,\"name\":\"Shop\",\"item\":\"https:\/\/dutchhealthstore.com\/de\/shop-2\/\"},{\"@type\":\"ListItem\",\"position\":3,\"name\":\"Honeycomb Absolute\"}]},{\"@type\":\"WebSite\",\"@id\":\"https:\/\/dutchhealthstore.com\/de\/#website\",\"url\":\"https:\/\/dutchhealthstore.com\/de\/\",\"name\":\"Dutch Health Store\",\"description\":\"Enhance Your Beauty with Organic &amp; Natural Skincare\",\"publisher\":{\"@id\":\"https:\/\/dutchhealthstore.com\/de\/#organization\"},\"potentialAction\":[{\"@type\":\"SearchAction\",\"target\":{\"@type\":\"EntryPoint\",\"urlTemplate\":\"https:\/\/dutchhealthstore.com\/de\/?s={search_term_string}\"},\"query-input\":{\"@type\":\"PropertyValueSpecification\",\"valueRequired\":true,\"valueName\":\"search_term_string\"}}],\"inLanguage\":\"de\"},{\"@type\":\"Organization\",\"@id\":\"https:\/\/dutchhealthstore.com\/de\/#organization\",\"name\":\"Dutch Health Store\",\"url\":\"https:\/\/dutchhealthstore.com\/de\/\",\"logo\":{\"@type\":\"ImageObject\",\"inLanguage\":\"de\",\"@id\":\"https:\/\/dutchhealthstore.com\/de\/#\/schema\/logo\/image\/\",\"url\":\"https:\/\/dutchhealthstore.com\/wp-content\/uploads\/2020\/08\/logo-dutchhealthstore-jpg-e1599484957574.jpg\",\"contentUrl\":\"https:\/\/dutchhealthstore.com\/wp-content\/uploads\/2020\/08\/logo-dutchhealthstore-jpg-e1599484957574.jpg\",\"width\":400,\"height\":62,\"caption\":\"Dutch Health Store\"},\"image\":{\"@id\":\"https:\/\/dutchhealthstore.com\/de\/#\/schema\/logo\/image\/\"},\"sameAs\":[\"https:\/\/www.instagram.com\/dutchhealthstore\/\",\"https:\/\/www.facebook.com\/dutchhealthstore\"]}]}<\/script>\n<meta property=\"product:brand\" content=\"Living Libations\" \/>\n<meta property=\"product:price:amount\" content=\"55.00\" \/>\n<meta property=\"product:price:currency\" content=\"EUR\" \/>\n<meta property=\"og:availability\" content=\"instock\" \/>\n<meta property=\"product:availability\" content=\"instock\" \/>\n<meta property=\"product:condition\" content=\"new\" \/>\n<!-- \/ Yoast SEO Premium plugin. -->","yoast_head_json":{"title":"Honeycomb Absolute | Living Libations","description":"Paradiesisch Honeycomb Absolute wird aus dem nat\u00fcrlichen Wachs der duftenden franz\u00f6sischen Honigwaben gewonnen.","robots":{"index":"index","follow":"follow","max-snippet":"max-snippet:-1","max-image-preview":"max-image-preview:large","max-video-preview":"max-video-preview:-1"},"canonical":"https:\/\/dutchhealthstore.com\/de\/product\/honeycomb-absolute\/","og_locale":"de_DE","og_type":"article","og_title":"Honeycomb Absolute - Dutch Health Store","og_description":"Paradiesisch Honeycomb Absolute wird aus dem nat\u00fcrlichen Wachs der duftenden franz\u00f6sischen Honigwaben gewonnen.","og_url":"https:\/\/dutchhealthstore.com\/de\/product\/honeycomb-absolute\/","og_site_name":"Dutch Health Store","article_publisher":"https:\/\/www.instagram.com\/dutchhealthstore\/","article_modified_time":"2025-05-12T06:51:27+00:00","og_image":[{"width":500,"height":500,"url":"https:\/\/dutchhealthstore.com\/wp-content\/uploads\/2020\/06\/Living-Libations-honeycomb-absolute-e1592895546558.png","type":"image\/jpeg"}],"twitter_card":"summary_large_image","twitter_misc":{"Preis":"&euro;55,00","Verf\u00fcgbarkeit":"Auf Lager"},"schema":{"@context":"https:\/\/schema.org","@graph":[{"@type":"WebPage","@id":"https:\/\/dutchhealthstore.com\/de\/product\/honeycomb-absolute\/","url":"https:\/\/dutchhealthstore.com\/de\/product\/honeycomb-absolute\/","name":"Honeycomb Absolute | Living Libations","isPartOf":{"@id":"https:\/\/dutchhealthstore.com\/de\/#website"},"primaryImageOfPage":{"@id":"https:\/\/dutchhealthstore.com\/de\/product\/honeycomb-absolute\/#primaryimage"},"image":{"@id":"https:\/\/dutchhealthstore.com\/de\/product\/honeycomb-absolute\/#primaryimage"},"thumbnailUrl":"https:\/\/dutchhealthstore.com\/wp-content\/uploads\/2020\/06\/Living-Libations-honeycomb-absolute-e1592895546558.png","datePublished":"2020-06-23T07:24:29+00:00","dateModified":"2025-05-12T06:51:27+00:00","description":"Paradiesisch Honeycomb Absolute wird aus dem nat\u00fcrlichen Wachs der duftenden franz\u00f6sischen Honigwaben gewonnen.","breadcrumb":{"@id":"https:\/\/dutchhealthstore.com\/de\/product\/honeycomb-absolute\/#breadcrumb"},"inLanguage":"de","potentialAction":[{"@type":"ReadAction","target":["https:\/\/dutchhealthstore.com\/de\/product\/honeycomb-absolute\/"]}]},{"@type":"ImageObject","inLanguage":"de","@id":"https:\/\/dutchhealthstore.com\/de\/product\/honeycomb-absolute\/#primaryimage","url":"https:\/\/dutchhealthstore.com\/wp-content\/uploads\/2020\/06\/Living-Libations-honeycomb-absolute-e1592895546558.png","contentUrl":"https:\/\/dutchhealthstore.com\/wp-content\/uploads\/2020\/06\/Living-Libations-honeycomb-absolute-e1592895546558.png","width":500,"height":500,"caption":"Living Libations honeycomb absolute"},{"@type":"BreadcrumbList","@id":"https:\/\/dutchhealthstore.com\/de\/product\/honeycomb-absolute\/#breadcrumb","itemListElement":[{"@type":"ListItem","position":1,"name":"Home","item":"https:\/\/dutchhealthstore.com\/de\/"},{"@type":"ListItem","position":2,"name":"Shop","item":"https:\/\/dutchhealthstore.com\/de\/shop-2\/"},{"@type":"ListItem","position":3,"name":"Honeycomb Absolute"}]},{"@type":"WebSite","@id":"https:\/\/dutchhealthstore.com\/de\/#website","url":"https:\/\/dutchhealthstore.com\/de\/","name":"Dutch Health Store","description":"Enhance Your Beauty with Organic &amp; Natural Skincare","publisher":{"@id":"https:\/\/dutchhealthstore.com\/de\/#organization"},"potentialAction":[{"@type":"SearchAction","target":{"@type":"EntryPoint","urlTemplate":"https:\/\/dutchhealthstore.com\/de\/?s={search_term_string}"},"query-input":{"@type":"PropertyValueSpecification","valueRequired":true,"valueName":"search_term_string"}}],"inLanguage":"de"},{"@type":"Organization","@id":"https:\/\/dutchhealthstore.com\/de\/#organization","name":"Dutch Health Store","url":"https:\/\/dutchhealthstore.com\/de\/","logo":{"@type":"ImageObject","inLanguage":"de","@id":"https:\/\/dutchhealthstore.com\/de\/#\/schema\/logo\/image\/","url":"https:\/\/dutchhealthstore.com\/wp-content\/uploads\/2020\/08\/logo-dutchhealthstore-jpg-e1599484957574.jpg","contentUrl":"https:\/\/dutchhealthstore.com\/wp-content\/uploads\/2020\/08\/logo-dutchhealthstore-jpg-e1599484957574.jpg","width":400,"height":62,"caption":"Dutch Health Store"},"image":{"@id":"https:\/\/dutchhealthstore.com\/de\/#\/schema\/logo\/image\/"},"sameAs":["https:\/\/www.instagram.com\/dutchhealthstore\/","https:\/\/www.facebook.com\/dutchhealthstore"]}]},"product_brand":"Living Libations","product_price_amount":"55.00","product_price_currency":"EUR","og_availability":"instock","product_availability":"instock","product_condition":"new"},"_links":{"self":[{"href":"https:\/\/dutchhealthstore.com\/de\/wp-json\/wp\/v2\/product\/119192","targetHints":{"allow":["GET"]}}],"collection":[{"href":"https:\/\/dutchhealthstore.com\/de\/wp-json\/wp\/v2\/product"}],"about":[{"href":"https:\/\/dutchhealthstore.com\/de\/wp-json\/wp\/v2\/types\/product"}],"replies":[{"embeddable":true,"href":"https:\/\/dutchhealthstore.com\/de\/wp-json\/wp\/v2\/comments?post=119192"}],"wp:featuredmedia":[{"embeddable":true,"href":"https:\/\/dutchhealthstore.com\/de\/wp-json\/wp\/v2\/media\/108532"}],"wp:attachment":[{"href":"https:\/\/dutchhealthstore.com\/de\/wp-json\/wp\/v2\/media?parent=119192"}],"wp:term":[{"taxonomy":"product_brand","embeddable":true,"href":"https:\/\/dutchhealthstore.com\/de\/wp-json\/wp\/v2\/product_brand?post=119192"},{"taxonomy":"product_cat","embeddable":true,"href":"https:\/\/dutchhealthstore.com\/de\/wp-json\/wp\/v2\/product_cat?post=119192"},{"taxonomy":"product_tag","embeddable":true,"href":"https:\/\/dutchhealthstore.com\/de\/wp-json\/wp\/v2\/product_tag?post=119192"}],"curies":[{"name":"wp","href":"https:\/\/api.w.org\/{rel}","templated":true}]}}