{"id":118933,"date":"2020-06-25T07:11:40","date_gmt":"2020-06-25T05:11:40","guid":{"rendered":"https:\/\/dutchhealthstore.com\/product\/hay-essential-oil\/"},"modified":"2025-01-31T14:08:45","modified_gmt":"2025-01-31T13:08:45","slug":"hay-essential-oil","status":"publish","type":"product","link":"https:\/\/dutchhealthstore.com\/de\/product\/hay-essential-oil\/","title":{"rendered":"Hay Essential Oil"},"content":{"rendered":"<p><img decoding=\"async\" class=\"size-full wp-image-69549 alignright\" src=\"https:\/\/dutchhealthstore.com\/wp-content\/uploads\/2019\/08\/NEW-Living-Libations-Logo.jpg\" alt=\"NEW - Living Libations - Logo\" width=\"175\" height=\"82\"><strong>Botanischer Name:<\/strong> Hierochloe alpina<br \/>\n<strong>Botanische Familie:<\/strong> Poaceae<br \/>\n<strong>Extraktionsverfahren:<\/strong> Dampfdestilliert<br \/>\n<strong>Teil der Pflanze Destilliert:<\/strong> Stroh<br \/>\n<strong>Herkunftsland:<\/strong> Korsika<br \/>\n<strong>Anbaumethode:<\/strong> Bio<br \/>\n<strong>Zusammensetzung:<\/strong> 100% Hierochloe alpina<br \/>\n<strong>Konsistenz:<\/strong> D\u00fcnn<\/p>\n<h3>Beschreibung des Duftes<\/h3>\n<p>Die Sonne scheint auf Felder mit gefallenen Fr\u00fcchten mit einem Hauch von s\u00fc\u00dfem Gras, eine schw\u00fcle Brise und Herbstlaub.<\/p>\n<h3>In Living Libations<\/h3>\n<p>Night Flight to Venus Petal Perfume<\/p>\n<h3>Gut mischbar mit<\/h3>\n<p>Jasmin, Ylang, Majoran, Vanille, Zitrone, Bergamotte, Neroli, Orangenbl\u00fcten-Absolue, Blutorange, Mandarine, s\u00fc\u00dfer Thymian, Palmarosa, Vetiver, Spikenard und Patchouli.<\/p>\n<h3>Verwendet<\/h3>\n<p>Sehr angenehm in Parf\u00fcms, Aromatherapie-Mischungen und K\u00f6lnischwasser. Diffundieren Sie, um den s\u00fc\u00dfen Duft des Sommers zu verbreiten.<\/p>\n<a href=\"https:\/\/dutchhealthstore.com\/wp-content\/uploads\/2020\/06\/ANALYSIS-Hay-Essential-Oil-Living-Libations-3.pdf\" class=\"button primary is-primary is-small\"  >\n\t\t<span>ANALYSE DER \u00c4THERISCHEN \u00d6LE &gt;<\/span>\n\t<\/a>\n\n<p>Unser fr\u00f6hliches Hay Essential Oil ist das Ergebnis monatelanger Liebesarbeit! W\u00e4hrend der Ernte auf Korsika trocknet unsere Brennerei das duftende Heu monatelang in der Sonne, bis es bereit ist, sein aromatisches \u00d6l zu verstr\u00f6men.<\/p>\n<p>Das Geheimnis des sonnigen Duftes von Heu liegt in seinem Inhaltsstoff Cumarin. Cumarin ist eine nat\u00fcrlich vorkommende chemische Verbindung, die in vielen Pflanzen vorkommt, darunter Steinklee, S\u00fc\u00dfgras, Bergamotte und Zimt. Die Verwendung von Hay Essential Oil in K\u00f6lnisch Wasser und Parf\u00fcms geht auf das sp\u00e4te 19. Jahrhundert zur\u00fcck, als die Parf\u00fcmerien begannen, es anzubauen und zu ernten, um den Duft ihrer Kreationen zu vers\u00fc\u00dfen.<\/p>\n<p><strong>Gr\u00f6\u00dfe: 5 ml und 15 ml<\/strong><\/p>\n<h3>Bio-Zutaten<\/h3>\n<p>100% Heu (Hierochloe alpina) \u00e4therisches \u00d6l.<\/p>\n<p style=\"text-align: center;\"><em>Der Begriff &#8222;agrestisch&#8220; bezieht sich auf Ger\u00fcche, die in irgendeiner Weise an die Landschaft oder die freie Natur erinnern.<\/em><br \/>\n<em>&#8211; W\u00e4lder, Wiesen, feuchte Erde. Hier finden wir den komplexen, moosigen Duft von Eichenmoos&#8230; und das s\u00fc\u00dfe, reiche Heu-Absolue. Das \u00e4therische \u00d6l von Vetiver k\u00f6nnte den erdigen Aspekt der agrikulturellen Familie repr\u00e4sentieren, ebenso wie Patchouli&#8230;&#8220;<\/em><br \/>\n~ Jennifer Peace Rhind, <strong>Listening to Scent<\/strong><\/p>\n<p style=\"text-align: center;\"><em>&#8222;Die dankbare S\u00fc\u00dfe von frisch gem\u00e4htem Heu, die Erfrischung.&#8220;<\/em><br \/>\n~ Robert Dodsley, <strong>1777<\/strong><\/p>\n<p><img fetchpriority=\"high\" decoding=\"async\" class=\"size-medium wp-image-68103 aligncenter\" src=\"https:\/\/dutchhealthstore.com\/wp-content\/uploads\/2018\/02\/Living-Libations-Organic-Logo-800x89.png\" alt=\"Living Libations - Organic Logo\" width=\"800\" height=\"89\" srcset=\"https:\/\/dutchhealthstore.com\/wp-content\/uploads\/2018\/02\/Living-Libations-Organic-Logo-800x89.png 800w, https:\/\/dutchhealthstore.com\/wp-content\/uploads\/2018\/02\/Living-Libations-Organic-Logo-510x57.png 510w, https:\/\/dutchhealthstore.com\/wp-content\/uploads\/2018\/02\/Living-Libations-Organic-Logo-768x85.png 768w, https:\/\/dutchhealthstore.com\/wp-content\/uploads\/2018\/02\/Living-Libations-Organic-Logo.png 1400w\" sizes=\"(max-width: 800px) 100vw, 800px\" \/><\/p>\n","protected":false},"excerpt":{"rendered":"<p>Harmonisches <strong>Hay Essential Oil<\/strong> f\u00e4ngt das l\u00e4ndliche Aroma eines s\u00fc\u00dfen Sommertages ein.<br \/>\nDieses einzigartige aromatische \u00d6l wird aus franz\u00f6sischem Heu dampfdestilliert und bietet faszinierende Aromen von getrockneten Aprikosen und Honig-Amber.<br \/>\nDiese einzigartigen und ruhigen Kopfnoten, die an S\u00fc\u00dfgras erinnern, verleihen Parf\u00fcms eine friedliche Atmosph\u00e4re, denn diese Heu-Essenz verstr\u00f6mt ein fr\u00f6hliches, beruhigendes Aroma.<\/p>\n","protected":false},"featured_media":337441,"comment_status":"open","ping_status":"closed","template":"","meta":[],"product_brand":[],"product_cat":[6737,1508,1546,1493,1210,6736],"product_tag":[1547],"class_list":{"0":"post-118933","1":"product","2":"type-product","3":"status-publish","4":"has-post-thumbnail","6":"product_cat-essential-oils-de-2","7":"product_cat-aetherische-oele-living-libations","8":"product_cat-essential-oils-living-libations-de","9":"product_cat-living-libations-deutschland","10":"product_cat-marken","11":"product_cat-wellness-de","12":"product_tag-essential-oil-de","13":"pa_brand-livinglibations-de","14":"pa_essential-oils-product-type-essential-oils-de","15":"pa_size-15-ml-de-2","16":"pa_size-5-ml-de","18":"first","19":"instock","20":"taxable","21":"shipping-taxable","22":"purchasable","23":"product-type-variable"},"bundled_by":[],"bundle_stock_status":"instock","bundle_stock_quantity":null,"bundle_virtual":false,"bundle_layout":"","bundle_add_to_cart_form_location":"","bundle_editable_in_cart":false,"bundle_sold_individually_context":"","bundle_item_grouping":"","bundle_min_size":"","bundle_max_size":"","bundle_price":[],"bundled_items":[],"bundle_sell_ids":[],"atum_controlled":true,"out_stock_date":null,"out_stock_threshold":null,"inheritable":true,"stock_on_hold":1,"sold_today":0,"sales_last_days":0,"out_stock_days":0,"lost_sales":0,"update_date":"2026-04-14T00:04:28","atum_locations":[],"atum_stock_status":"instock","restock_status":false,"low_stock_amount":"","sales_update_date":"2026-04-14T00:04:28","calc_backorders":null,"group_of_quantity":0,"min_quantity":0,"max_quantity":"","exclude_order_quantity_value_rules":"no","exclude_category_quantity_rules":"no","combine_variations":"no","yoast_head":"<!-- This site is optimized with the Yoast SEO Premium plugin v26.5 (Yoast SEO v26.5) - https:\/\/yoast.com\/wordpress\/plugins\/seo\/ -->\n<title>Hay Essential Oil | Living Libations<\/title>\n<meta name=\"description\" content=\"Diese einzigartigen und ruhigen Kopfnoten, die an S\u00fc\u00dfgras erinnern, verleihen Parf\u00fcms eine friedliche Atmosph\u00e4re, denn diese Heu-Essenz verstr\u00f6mt ein fr\u00f6hliches, beruhigendes Aroma.\" \/>\n<meta name=\"robots\" content=\"index, follow, max-snippet:-1, max-image-preview:large, max-video-preview:-1\" \/>\n<link rel=\"canonical\" href=\"https:\/\/dutchhealthstore.com\/de\/product\/hay-essential-oil\/\" \/>\n<meta property=\"og:locale\" content=\"de_DE\" \/>\n<meta property=\"og:type\" content=\"article\" \/>\n<meta property=\"og:title\" content=\"Hay Essential Oil - Dutch Health Store\" \/>\n<meta property=\"og:description\" content=\"Diese einzigartigen und ruhigen Kopfnoten, die an S\u00fc\u00dfgras erinnern, verleihen Parf\u00fcms eine friedliche Atmosph\u00e4re, denn diese Heu-Essenz verstr\u00f6mt ein fr\u00f6hliches, beruhigendes Aroma.\" \/>\n<meta property=\"og:url\" content=\"https:\/\/dutchhealthstore.com\/de\/product\/hay-essential-oil\/\" \/>\n<meta property=\"og:site_name\" content=\"Dutch Health Store\" \/>\n<meta property=\"article:publisher\" content=\"https:\/\/www.instagram.com\/dutchhealthstore\/\" \/>\n<meta property=\"article:modified_time\" content=\"2025-01-31T13:08:45+00:00\" \/>\n<meta property=\"og:image\" content=\"https:\/\/dutchhealthstore.com\/wp-content\/uploads\/2020\/06\/Hay-essential-Oil-Living-Libations.-.jpg\" \/>\n\t<meta property=\"og:image:width\" content=\"500\" \/>\n\t<meta property=\"og:image:height\" content=\"500\" \/>\n\t<meta property=\"og:image:type\" content=\"image\/jpeg\" \/>\n<meta name=\"twitter:card\" content=\"summary_large_image\" \/>\n<meta name=\"twitter:label1\" content=\"Verf\u00fcgbarkeit\" \/>\n\t<meta name=\"twitter:data1\" content=\"Auf Lager\" \/>\n<script type=\"application\/ld+json\" class=\"yoast-schema-graph\">{\"@context\":\"https:\/\/schema.org\",\"@graph\":[{\"@type\":\"WebPage\",\"@id\":\"https:\/\/dutchhealthstore.com\/de\/product\/hay-essential-oil\/\",\"url\":\"https:\/\/dutchhealthstore.com\/de\/product\/hay-essential-oil\/\",\"name\":\"Hay Essential Oil | Living Libations\",\"isPartOf\":{\"@id\":\"https:\/\/dutchhealthstore.com\/de\/#website\"},\"primaryImageOfPage\":{\"@id\":\"https:\/\/dutchhealthstore.com\/de\/product\/hay-essential-oil\/#primaryimage\"},\"image\":{\"@id\":\"https:\/\/dutchhealthstore.com\/de\/product\/hay-essential-oil\/#primaryimage\"},\"thumbnailUrl\":\"https:\/\/dutchhealthstore.com\/wp-content\/uploads\/2020\/06\/2025-04-15-13_39_08-Hay-Essential-Oil-\u2013-Living-Libations-INT.jpg\",\"datePublished\":\"2020-06-25T05:11:40+00:00\",\"dateModified\":\"2025-01-31T13:08:45+00:00\",\"description\":\"Diese einzigartigen und ruhigen Kopfnoten, die an S\u00fc\u00dfgras erinnern, verleihen Parf\u00fcms eine friedliche Atmosph\u00e4re, denn diese Heu-Essenz verstr\u00f6mt ein fr\u00f6hliches, beruhigendes Aroma.\",\"breadcrumb\":{\"@id\":\"https:\/\/dutchhealthstore.com\/de\/product\/hay-essential-oil\/#breadcrumb\"},\"inLanguage\":\"de\",\"potentialAction\":[{\"@type\":\"ReadAction\",\"target\":[\"https:\/\/dutchhealthstore.com\/de\/product\/hay-essential-oil\/\"]}]},{\"@type\":\"ImageObject\",\"inLanguage\":\"de\",\"@id\":\"https:\/\/dutchhealthstore.com\/de\/product\/hay-essential-oil\/#primaryimage\",\"url\":\"https:\/\/dutchhealthstore.com\/wp-content\/uploads\/2020\/06\/2025-04-15-13_39_08-Hay-Essential-Oil-\u2013-Living-Libations-INT.jpg\",\"contentUrl\":\"https:\/\/dutchhealthstore.com\/wp-content\/uploads\/2020\/06\/2025-04-15-13_39_08-Hay-Essential-Oil-\u2013-Living-Libations-INT.jpg\",\"width\":530,\"height\":530},{\"@type\":\"BreadcrumbList\",\"@id\":\"https:\/\/dutchhealthstore.com\/de\/product\/hay-essential-oil\/#breadcrumb\",\"itemListElement\":[{\"@type\":\"ListItem\",\"position\":1,\"name\":\"Home\",\"item\":\"https:\/\/dutchhealthstore.com\/de\/\"},{\"@type\":\"ListItem\",\"position\":2,\"name\":\"Shop\",\"item\":\"https:\/\/dutchhealthstore.com\/de\/shop-2\/\"},{\"@type\":\"ListItem\",\"position\":3,\"name\":\"Hay Essential Oil\"}]},{\"@type\":\"WebSite\",\"@id\":\"https:\/\/dutchhealthstore.com\/de\/#website\",\"url\":\"https:\/\/dutchhealthstore.com\/de\/\",\"name\":\"Dutch Health Store\",\"description\":\"Enhance Your Beauty with Organic &amp; Natural Skincare\",\"publisher\":{\"@id\":\"https:\/\/dutchhealthstore.com\/de\/#organization\"},\"potentialAction\":[{\"@type\":\"SearchAction\",\"target\":{\"@type\":\"EntryPoint\",\"urlTemplate\":\"https:\/\/dutchhealthstore.com\/de\/?s={search_term_string}\"},\"query-input\":{\"@type\":\"PropertyValueSpecification\",\"valueRequired\":true,\"valueName\":\"search_term_string\"}}],\"inLanguage\":\"de\"},{\"@type\":\"Organization\",\"@id\":\"https:\/\/dutchhealthstore.com\/de\/#organization\",\"name\":\"Dutch Health Store\",\"url\":\"https:\/\/dutchhealthstore.com\/de\/\",\"logo\":{\"@type\":\"ImageObject\",\"inLanguage\":\"de\",\"@id\":\"https:\/\/dutchhealthstore.com\/de\/#\/schema\/logo\/image\/\",\"url\":\"https:\/\/dutchhealthstore.com\/wp-content\/uploads\/2020\/08\/logo-dutchhealthstore-jpg-e1599484957574.jpg\",\"contentUrl\":\"https:\/\/dutchhealthstore.com\/wp-content\/uploads\/2020\/08\/logo-dutchhealthstore-jpg-e1599484957574.jpg\",\"width\":400,\"height\":62,\"caption\":\"Dutch Health Store\"},\"image\":{\"@id\":\"https:\/\/dutchhealthstore.com\/de\/#\/schema\/logo\/image\/\"},\"sameAs\":[\"https:\/\/www.instagram.com\/dutchhealthstore\/\",\"https:\/\/www.facebook.com\/dutchhealthstore\"]}]}<\/script>\n<meta property=\"product:brand\" content=\"Living Libations\" \/>\n<meta property=\"og:availability\" content=\"instock\" \/>\n<meta property=\"product:availability\" content=\"instock\" \/>\n<meta property=\"product:condition\" content=\"new\" \/>\n<!-- \/ Yoast SEO Premium plugin. -->","yoast_head_json":{"title":"Hay Essential Oil | Living Libations","description":"Diese einzigartigen und ruhigen Kopfnoten, die an S\u00fc\u00dfgras erinnern, verleihen Parf\u00fcms eine friedliche Atmosph\u00e4re, denn diese Heu-Essenz verstr\u00f6mt ein fr\u00f6hliches, beruhigendes Aroma.","robots":{"index":"index","follow":"follow","max-snippet":"max-snippet:-1","max-image-preview":"max-image-preview:large","max-video-preview":"max-video-preview:-1"},"canonical":"https:\/\/dutchhealthstore.com\/de\/product\/hay-essential-oil\/","og_locale":"de_DE","og_type":"article","og_title":"Hay Essential Oil - Dutch Health Store","og_description":"Diese einzigartigen und ruhigen Kopfnoten, die an S\u00fc\u00dfgras erinnern, verleihen Parf\u00fcms eine friedliche Atmosph\u00e4re, denn diese Heu-Essenz verstr\u00f6mt ein fr\u00f6hliches, beruhigendes Aroma.","og_url":"https:\/\/dutchhealthstore.com\/de\/product\/hay-essential-oil\/","og_site_name":"Dutch Health Store","article_publisher":"https:\/\/www.instagram.com\/dutchhealthstore\/","article_modified_time":"2025-01-31T13:08:45+00:00","og_image":[{"width":500,"height":500,"url":"https:\/\/dutchhealthstore.com\/wp-content\/uploads\/2020\/06\/Hay-essential-Oil-Living-Libations.-.jpg","type":"image\/jpeg"}],"twitter_card":"summary_large_image","twitter_misc":{"Verf\u00fcgbarkeit":"Auf Lager"},"schema":{"@context":"https:\/\/schema.org","@graph":[{"@type":"WebPage","@id":"https:\/\/dutchhealthstore.com\/de\/product\/hay-essential-oil\/","url":"https:\/\/dutchhealthstore.com\/de\/product\/hay-essential-oil\/","name":"Hay Essential Oil | Living Libations","isPartOf":{"@id":"https:\/\/dutchhealthstore.com\/de\/#website"},"primaryImageOfPage":{"@id":"https:\/\/dutchhealthstore.com\/de\/product\/hay-essential-oil\/#primaryimage"},"image":{"@id":"https:\/\/dutchhealthstore.com\/de\/product\/hay-essential-oil\/#primaryimage"},"thumbnailUrl":"https:\/\/dutchhealthstore.com\/wp-content\/uploads\/2020\/06\/2025-04-15-13_39_08-Hay-Essential-Oil-\u2013-Living-Libations-INT.jpg","datePublished":"2020-06-25T05:11:40+00:00","dateModified":"2025-01-31T13:08:45+00:00","description":"Diese einzigartigen und ruhigen Kopfnoten, die an S\u00fc\u00dfgras erinnern, verleihen Parf\u00fcms eine friedliche Atmosph\u00e4re, denn diese Heu-Essenz verstr\u00f6mt ein fr\u00f6hliches, beruhigendes Aroma.","breadcrumb":{"@id":"https:\/\/dutchhealthstore.com\/de\/product\/hay-essential-oil\/#breadcrumb"},"inLanguage":"de","potentialAction":[{"@type":"ReadAction","target":["https:\/\/dutchhealthstore.com\/de\/product\/hay-essential-oil\/"]}]},{"@type":"ImageObject","inLanguage":"de","@id":"https:\/\/dutchhealthstore.com\/de\/product\/hay-essential-oil\/#primaryimage","url":"https:\/\/dutchhealthstore.com\/wp-content\/uploads\/2020\/06\/2025-04-15-13_39_08-Hay-Essential-Oil-\u2013-Living-Libations-INT.jpg","contentUrl":"https:\/\/dutchhealthstore.com\/wp-content\/uploads\/2020\/06\/2025-04-15-13_39_08-Hay-Essential-Oil-\u2013-Living-Libations-INT.jpg","width":530,"height":530},{"@type":"BreadcrumbList","@id":"https:\/\/dutchhealthstore.com\/de\/product\/hay-essential-oil\/#breadcrumb","itemListElement":[{"@type":"ListItem","position":1,"name":"Home","item":"https:\/\/dutchhealthstore.com\/de\/"},{"@type":"ListItem","position":2,"name":"Shop","item":"https:\/\/dutchhealthstore.com\/de\/shop-2\/"},{"@type":"ListItem","position":3,"name":"Hay Essential Oil"}]},{"@type":"WebSite","@id":"https:\/\/dutchhealthstore.com\/de\/#website","url":"https:\/\/dutchhealthstore.com\/de\/","name":"Dutch Health Store","description":"Enhance Your Beauty with Organic &amp; Natural Skincare","publisher":{"@id":"https:\/\/dutchhealthstore.com\/de\/#organization"},"potentialAction":[{"@type":"SearchAction","target":{"@type":"EntryPoint","urlTemplate":"https:\/\/dutchhealthstore.com\/de\/?s={search_term_string}"},"query-input":{"@type":"PropertyValueSpecification","valueRequired":true,"valueName":"search_term_string"}}],"inLanguage":"de"},{"@type":"Organization","@id":"https:\/\/dutchhealthstore.com\/de\/#organization","name":"Dutch Health Store","url":"https:\/\/dutchhealthstore.com\/de\/","logo":{"@type":"ImageObject","inLanguage":"de","@id":"https:\/\/dutchhealthstore.com\/de\/#\/schema\/logo\/image\/","url":"https:\/\/dutchhealthstore.com\/wp-content\/uploads\/2020\/08\/logo-dutchhealthstore-jpg-e1599484957574.jpg","contentUrl":"https:\/\/dutchhealthstore.com\/wp-content\/uploads\/2020\/08\/logo-dutchhealthstore-jpg-e1599484957574.jpg","width":400,"height":62,"caption":"Dutch Health Store"},"image":{"@id":"https:\/\/dutchhealthstore.com\/de\/#\/schema\/logo\/image\/"},"sameAs":["https:\/\/www.instagram.com\/dutchhealthstore\/","https:\/\/www.facebook.com\/dutchhealthstore"]}]},"product_brand":"Living Libations","og_availability":"instock","product_availability":"instock","product_condition":"new"},"_links":{"self":[{"href":"https:\/\/dutchhealthstore.com\/de\/wp-json\/wp\/v2\/product\/118933","targetHints":{"allow":["GET"]}}],"collection":[{"href":"https:\/\/dutchhealthstore.com\/de\/wp-json\/wp\/v2\/product"}],"about":[{"href":"https:\/\/dutchhealthstore.com\/de\/wp-json\/wp\/v2\/types\/product"}],"replies":[{"embeddable":true,"href":"https:\/\/dutchhealthstore.com\/de\/wp-json\/wp\/v2\/comments?post=118933"}],"wp:featuredmedia":[{"embeddable":true,"href":"https:\/\/dutchhealthstore.com\/de\/wp-json\/wp\/v2\/media\/337441"}],"wp:attachment":[{"href":"https:\/\/dutchhealthstore.com\/de\/wp-json\/wp\/v2\/media?parent=118933"}],"wp:term":[{"taxonomy":"product_brand","embeddable":true,"href":"https:\/\/dutchhealthstore.com\/de\/wp-json\/wp\/v2\/product_brand?post=118933"},{"taxonomy":"product_cat","embeddable":true,"href":"https:\/\/dutchhealthstore.com\/de\/wp-json\/wp\/v2\/product_cat?post=118933"},{"taxonomy":"product_tag","embeddable":true,"href":"https:\/\/dutchhealthstore.com\/de\/wp-json\/wp\/v2\/product_tag?post=118933"}],"curies":[{"name":"wp","href":"https:\/\/api.w.org\/{rel}","templated":true}]}}