{"id":118918,"date":"2018-02-10T20:59:09","date_gmt":"2018-02-10T19:59:09","guid":{"rendered":"https:\/\/dutchhealthstore.com\/product\/greenland-moss-essential-oil\/"},"modified":"2024-03-08T14:59:26","modified_gmt":"2024-03-08T14:59:26","slug":"greenland-moss-essential-oil","status":"publish","type":"product","link":"https:\/\/dutchhealthstore.com\/de\/product\/greenland-moss-essential-oil\/","title":{"rendered":"Greenland Moss Essential Oil"},"content":{"rendered":"<p><img decoding=\"async\" class=\"size-full wp-image-69549 alignright\" src=\"https:\/\/dutchhealthstore.com\/wp-content\/uploads\/2019\/08\/NEW-Living-Libations-Logo.jpg\" alt=\"NEW - Living Libations - Logo\" width=\"175\" height=\"82\">Living Libations\u2019 Greenland Moss Essential Oil wird aus den lilienwei\u00dfen Bl\u00fctenbl\u00e4ttern der kanadischen Moor-Labrador-Tee-Pflanze wild gewonnen und dampfdestilliert. Die runzligen, ledrigen Bl\u00e4tter des Gr\u00f6nlandmooses enthalten beeindruckende medizinische Eigenschaften, insbesondere f\u00fcr kranke innere Organe. Greenland Moss Essential Oil soll Entz\u00fcndungen lindern und Infektionen vorbeugen. Es ist auch eine wunderbare Behandlung f\u00fcr Schlaflosigkeit, und eine allgemeine Immunit\u00e4t Booster.<\/p>\n<p><strong>Botanischer Name:<\/strong> Ledum Groenlandicum<br \/>\n<strong>Extraktionsverfahren:<\/strong> Dampf<br \/>\n<strong>Teil der Pflanze Destilliert:<\/strong> Bl\u00e4tter<br \/>\n<strong>Herkunftsland:<\/strong> Kanada<br \/>\n<strong>Anbaumethode:<\/strong> Wildwachsend<\/p>\n<h3>Beschreibung des Duftes<\/h3>\n<p>Der Garten Eden nach einem pl\u00f6tzlichen Regenschauer im Fr\u00fchling<\/p>\n<h3>In Living Libations<\/h3>\n<p><a href=\"\/?p=5354\">Feeling Good Today<\/a><\/p>\n<h3>Passt gut zu<\/h3>\n<p>Douglasie, Basilikum, Weihrauch, Zitrone, Grapefruit, Rose Otto, Lavendel, Myrrhe, Wei\u00dftanne, Neroli, Geranie und Bergamotte<\/p>\n<h3>Verwendet<\/h3>\n<p>Entgiftungsmittel, Beruhigungsmittel, entz\u00fcndungshemmend, antiallergisch, angstl\u00f6send, verdauungsf\u00f6rdernd, in Tees verwendet, das Kraut wurde als Marinade zum Kochen von Fleisch verwendet, als Zutat beim Bierbrauen verwendet, bevor der Hopfen entdeckt wurde<\/p>\n<p>Unser Greenland Moss Essential Oil ist ein kraftvoll heilendes, frisch duftendes \u00d6l, das Bilder von ungest\u00f6rter, taufeuchter, mondbeschienener Wildnis heraufbeschw\u00f6rt. Trotz seines Waldduftes ist das Greenland Moss oil eines der st\u00e4rksten \u00e4therischen \u00d6le im Arsenal von Living Libations.<\/p>\n<p>Die nordamerikanischen Ureinwohner nutzten den Saft und die Bl\u00e4tter der Gr\u00f6nlandmoospflanze, um die inneren Organe zu entgiften, Krankheiten vorzubeugen, angespannte Nerven zu beruhigen und versch\u00fcttete Emotionen ins Licht des Bewusstseins zu bringen. Die Bl\u00e4tter der Pflanze wurden gekaut, um das Immunsystem zu st\u00e4rken, aber auch einfach, um ihren s\u00fc\u00dfen Geschmack zu genie\u00dfen. Gr\u00f6nlandmoos\u00f6l ist auch als Labrador-Tee bekannt und wurde fr\u00fcher als Marinade f\u00fcr Fleisch, als Zutat beim Bierbrauen und als Zusatz f\u00fcr Gesichtsdampfb\u00e4der verwendet.<\/p>\n<p><strong>Gr\u00f6\u00dfe: 5 ml, 15 ml und 30 ml<\/strong><\/p>\n<h3>Bio-Zutaten<\/h3>\n<p>\u00c4therisches \u00d6l aus 100% Gr\u00f6nlandmoos (Ledum Groenlandicum).<\/p>\n<p style=\"text-align: center;\"><em>F\u00fcr die Herstellung von einem Kilo \u00d6l werden rund tausend Kilogramm wild geerntetes Gr\u00f6nlandmoos ben\u00f6tigt. Sie w\u00e4chst in Torfmooren an abgelegenen Orten und sogar weit n\u00f6rdlich der Schneegrenze. Dies tr\u00e4gt sicherlich zur St\u00e4rke seiner Wirkung bei.<\/em><br \/>\n\u3030 Suzanne Catty, <strong>Hydrosols: The Next Aromatherapy<\/strong><\/p>\n<p style=\"text-align: center;\"><em>Wie wir gesehen haben, wirken \u00e4therische \u00d6le auf viele Prozesse in der Leber ein. Ihre Induktion und Hemmung von Phase-I- und Phase-II-Entgiftungsenzymen ist nur ein Beispiel daf\u00fcr. Traditionelles Wissen besagt, dass bestimmte \u00d6le, vor allem Karottensamen und Gr\u00f6nlandmoos, die Regeneration der Leber in irgendeiner Weise unterst\u00fctzen.<\/em><br \/>\n~Kurt Schnaubelt, <strong>The Healing Intelligence of Essential Oils<\/strong><\/p>\n<p style=\"text-align: center;\"><em> Durch die Arbeit von Anne-Marie Giraud-Robert. Sie schreibt diesem \u00d6l die F\u00e4higkeit zu, erh\u00f6hte Konzentrationen von Transaminase-Enzymen zu senken. Mit anderen Worten, das \u00e4therische \u00d6l kehrt die degenerativen Prozesse in der Leber um und stellt die Integrit\u00e4t ihrer Zellmembranen wieder her!<\/em><br \/>\n~Kurt Schnaubelt, <strong>The Healing Intelligence of Essential Oils<\/strong><\/p>\n<h3>Traditionelle, geistige, k\u00f6rperliche und emotionale Vorteile<\/h3>\n<p>Gr\u00f6nlandmoos\u00f6l wird traditionell zur Entgiftung von Nieren und Leber, zur Verringerung von Entz\u00fcndungen in den Nieren, zur Linderung von Schlaflosigkeit, zur Linderung von Allergiesymptomen, zur Stimulierung der Leber, zur Beruhigung von Magenverstimmungen, zur F\u00f6rderung der Gesundheit der Atemwege und zur Befreiung von Emotionen, die sich im K\u00f6rper festgesetzt haben, verwendet.<\/p>\n<p>&nbsp;<\/p>\n<p><img fetchpriority=\"high\" decoding=\"async\" class=\"size-medium wp-image-68103 aligncenter\" src=\"https:\/\/dutchhealthstore.com\/wp-content\/uploads\/2018\/02\/Living-Libations-Organic-Logo-800x89.png\" alt=\"Living Libations - Organic Logo\" width=\"800\" height=\"89\" srcset=\"https:\/\/dutchhealthstore.com\/wp-content\/uploads\/2018\/02\/Living-Libations-Organic-Logo-800x89.png 800w, https:\/\/dutchhealthstore.com\/wp-content\/uploads\/2018\/02\/Living-Libations-Organic-Logo-510x57.png 510w, https:\/\/dutchhealthstore.com\/wp-content\/uploads\/2018\/02\/Living-Libations-Organic-Logo-768x85.png 768w, https:\/\/dutchhealthstore.com\/wp-content\/uploads\/2018\/02\/Living-Libations-Organic-Logo.png 1400w\" sizes=\"(max-width: 800px) 100vw, 800px\" \/><\/p>\n<p>&nbsp;<\/p>\n","protected":false},"excerpt":{"rendered":"<p>Unser <strong>Greenland Moss Essential Oil<\/strong> ist ein kraftvoll heilendes, frisch duftendes \u00d6l, das Bilder von ungest\u00f6rter, taufeuchter, mondbeschienener Wildnis heraufbeschw\u00f6rt. Trotz seines Waldduftes ist das Greenland Moss oil eines der st\u00e4rksten \u00e4therischen \u00d6le im Arsenal von Living Libations.<\/p>\n","protected":false},"featured_media":113514,"comment_status":"open","ping_status":"closed","template":"","meta":[],"product_brand":[],"product_cat":[6737,1508,1546,1493,1210,511,6736],"product_tag":[1547],"class_list":{"0":"post-118918","1":"product","2":"type-product","3":"status-publish","4":"has-post-thumbnail","6":"product_cat-essential-oils-de-2","7":"product_cat-aetherische-oele-living-libations","8":"product_cat-essential-oils-living-libations-de","9":"product_cat-living-libations-deutschland","10":"product_cat-marken","11":"product_cat-produkte","12":"product_cat-wellness-de","13":"product_tag-essential-oil-de","14":"pa_brand-livinglibations-de","15":"pa_essential-oils-product-type-essential-oils-de","16":"pa_size-5-ml-de","17":"pa_size-15-ml-de-2","18":"pa_size-30-ml-de","20":"first","21":"instock","22":"taxable","23":"shipping-taxable","24":"purchasable","25":"product-type-variable"},"bundled_by":[],"bundle_stock_status":"instock","bundle_stock_quantity":null,"bundle_virtual":false,"bundle_layout":"","bundle_add_to_cart_form_location":"","bundle_editable_in_cart":false,"bundle_sold_individually_context":"","bundle_item_grouping":"","bundle_min_size":"","bundle_max_size":"","bundle_price":[],"bundled_items":[],"bundle_sell_ids":[],"atum_controlled":true,"out_stock_date":null,"out_stock_threshold":null,"inheritable":true,"stock_on_hold":0,"sold_today":0,"sales_last_days":0,"out_stock_days":0,"lost_sales":0,"update_date":"2026-04-06T01:47:22","atum_locations":[],"atum_stock_status":"instock","restock_status":false,"low_stock_amount":"","sales_update_date":"2026-04-06T01:47:22","calc_backorders":null,"group_of_quantity":0,"min_quantity":0,"max_quantity":"","exclude_order_quantity_value_rules":"no","exclude_category_quantity_rules":"no","combine_variations":"no","yoast_head":"<!-- This site is optimized with the Yoast SEO Premium plugin v26.5 (Yoast SEO v26.5) - https:\/\/yoast.com\/wordpress\/plugins\/seo\/ -->\n<title>Greenland Moss Essential Oil | Living Libations<\/title>\n<meta name=\"description\" content=\"Unser Greenland Moss Essential Oil ist ein kraftvoll heilendes, frisch duftendes \u00d6l, das Bilder von ungest\u00f6rter, taufeuchter, mondbeschienener Wildnis heraufbeschw\u00f6rt.\" \/>\n<meta name=\"robots\" content=\"index, follow, max-snippet:-1, max-image-preview:large, max-video-preview:-1\" \/>\n<link rel=\"canonical\" href=\"https:\/\/dutchhealthstore.com\/de\/product\/greenland-moss-essential-oil\/\" \/>\n<meta property=\"og:locale\" content=\"de_DE\" \/>\n<meta property=\"og:type\" content=\"article\" \/>\n<meta property=\"og:title\" content=\"Greenland Moss Essential Oil - Dutch Health Store\" \/>\n<meta property=\"og:description\" content=\"Unser Greenland Moss Essential Oil ist ein kraftvoll heilendes, frisch duftendes \u00d6l, das Bilder von ungest\u00f6rter, taufeuchter, mondbeschienener Wildnis heraufbeschw\u00f6rt.\" \/>\n<meta property=\"og:url\" content=\"https:\/\/dutchhealthstore.com\/de\/product\/greenland-moss-essential-oil\/\" \/>\n<meta property=\"og:site_name\" content=\"Dutch Health Store\" \/>\n<meta property=\"article:publisher\" content=\"https:\/\/www.instagram.com\/dutchhealthstore\/\" \/>\n<meta property=\"article:modified_time\" content=\"2024-03-08T14:59:26+00:00\" \/>\n<meta property=\"og:image\" content=\"https:\/\/dutchhealthstore.com\/wp-content\/uploads\/2018\/02\/Living-Libations-Greenland-Moss-Essential-Oil-e1594713594289.png\" \/>\n\t<meta property=\"og:image:width\" content=\"500\" \/>\n\t<meta property=\"og:image:height\" content=\"500\" \/>\n\t<meta property=\"og:image:type\" content=\"image\/jpeg\" \/>\n<meta name=\"twitter:card\" content=\"summary_large_image\" \/>\n<meta name=\"twitter:label1\" content=\"Verf\u00fcgbarkeit\" \/>\n\t<meta name=\"twitter:data1\" content=\"Auf Lager\" \/>\n<script type=\"application\/ld+json\" class=\"yoast-schema-graph\">{\"@context\":\"https:\/\/schema.org\",\"@graph\":[{\"@type\":\"WebPage\",\"@id\":\"https:\/\/dutchhealthstore.com\/de\/product\/greenland-moss-essential-oil\/\",\"url\":\"https:\/\/dutchhealthstore.com\/de\/product\/greenland-moss-essential-oil\/\",\"name\":\"Greenland Moss Essential Oil | Living Libations\",\"isPartOf\":{\"@id\":\"https:\/\/dutchhealthstore.com\/de\/#website\"},\"primaryImageOfPage\":{\"@id\":\"https:\/\/dutchhealthstore.com\/de\/product\/greenland-moss-essential-oil\/#primaryimage\"},\"image\":{\"@id\":\"https:\/\/dutchhealthstore.com\/de\/product\/greenland-moss-essential-oil\/#primaryimage\"},\"thumbnailUrl\":\"https:\/\/dutchhealthstore.com\/wp-content\/uploads\/2018\/02\/Living-Libations-Greenland-Moss-Essential-Oil-e1594713594289.png\",\"datePublished\":\"2018-02-10T19:59:09+00:00\",\"dateModified\":\"2024-03-08T14:59:26+00:00\",\"description\":\"Unser Greenland Moss Essential Oil ist ein kraftvoll heilendes, frisch duftendes \u00d6l, das Bilder von ungest\u00f6rter, taufeuchter, mondbeschienener Wildnis heraufbeschw\u00f6rt.\",\"breadcrumb\":{\"@id\":\"https:\/\/dutchhealthstore.com\/de\/product\/greenland-moss-essential-oil\/#breadcrumb\"},\"inLanguage\":\"de\",\"potentialAction\":[{\"@type\":\"ReadAction\",\"target\":[\"https:\/\/dutchhealthstore.com\/de\/product\/greenland-moss-essential-oil\/\"]}]},{\"@type\":\"ImageObject\",\"inLanguage\":\"de\",\"@id\":\"https:\/\/dutchhealthstore.com\/de\/product\/greenland-moss-essential-oil\/#primaryimage\",\"url\":\"https:\/\/dutchhealthstore.com\/wp-content\/uploads\/2018\/02\/Living-Libations-Greenland-Moss-Essential-Oil-e1594713594289.png\",\"contentUrl\":\"https:\/\/dutchhealthstore.com\/wp-content\/uploads\/2018\/02\/Living-Libations-Greenland-Moss-Essential-Oil-e1594713594289.png\",\"width\":500,\"height\":500,\"caption\":\"Living Libations Greenland Moss Essential Oil\"},{\"@type\":\"BreadcrumbList\",\"@id\":\"https:\/\/dutchhealthstore.com\/de\/product\/greenland-moss-essential-oil\/#breadcrumb\",\"itemListElement\":[{\"@type\":\"ListItem\",\"position\":1,\"name\":\"Home\",\"item\":\"https:\/\/dutchhealthstore.com\/de\/\"},{\"@type\":\"ListItem\",\"position\":2,\"name\":\"Shop\",\"item\":\"https:\/\/dutchhealthstore.com\/de\/shop-2\/\"},{\"@type\":\"ListItem\",\"position\":3,\"name\":\"Greenland Moss Essential Oil\"}]},{\"@type\":\"WebSite\",\"@id\":\"https:\/\/dutchhealthstore.com\/de\/#website\",\"url\":\"https:\/\/dutchhealthstore.com\/de\/\",\"name\":\"Dutch Health Store\",\"description\":\"Enhance Your Beauty with Organic &amp; Natural Skincare\",\"publisher\":{\"@id\":\"https:\/\/dutchhealthstore.com\/de\/#organization\"},\"potentialAction\":[{\"@type\":\"SearchAction\",\"target\":{\"@type\":\"EntryPoint\",\"urlTemplate\":\"https:\/\/dutchhealthstore.com\/de\/?s={search_term_string}\"},\"query-input\":{\"@type\":\"PropertyValueSpecification\",\"valueRequired\":true,\"valueName\":\"search_term_string\"}}],\"inLanguage\":\"de\"},{\"@type\":\"Organization\",\"@id\":\"https:\/\/dutchhealthstore.com\/de\/#organization\",\"name\":\"Dutch Health Store\",\"url\":\"https:\/\/dutchhealthstore.com\/de\/\",\"logo\":{\"@type\":\"ImageObject\",\"inLanguage\":\"de\",\"@id\":\"https:\/\/dutchhealthstore.com\/de\/#\/schema\/logo\/image\/\",\"url\":\"https:\/\/dutchhealthstore.com\/wp-content\/uploads\/2020\/08\/logo-dutchhealthstore-jpg-e1599484957574.jpg\",\"contentUrl\":\"https:\/\/dutchhealthstore.com\/wp-content\/uploads\/2020\/08\/logo-dutchhealthstore-jpg-e1599484957574.jpg\",\"width\":400,\"height\":62,\"caption\":\"Dutch Health Store\"},\"image\":{\"@id\":\"https:\/\/dutchhealthstore.com\/de\/#\/schema\/logo\/image\/\"},\"sameAs\":[\"https:\/\/www.instagram.com\/dutchhealthstore\/\",\"https:\/\/www.facebook.com\/dutchhealthstore\"]}]}<\/script>\n<meta property=\"product:brand\" content=\"Living Libations\" \/>\n<meta property=\"og:availability\" content=\"instock\" \/>\n<meta property=\"product:availability\" content=\"instock\" \/>\n<meta property=\"product:condition\" content=\"new\" \/>\n<!-- \/ Yoast SEO Premium plugin. -->","yoast_head_json":{"title":"Greenland Moss Essential Oil | Living Libations","description":"Unser Greenland Moss Essential Oil ist ein kraftvoll heilendes, frisch duftendes \u00d6l, das Bilder von ungest\u00f6rter, taufeuchter, mondbeschienener Wildnis heraufbeschw\u00f6rt.","robots":{"index":"index","follow":"follow","max-snippet":"max-snippet:-1","max-image-preview":"max-image-preview:large","max-video-preview":"max-video-preview:-1"},"canonical":"https:\/\/dutchhealthstore.com\/de\/product\/greenland-moss-essential-oil\/","og_locale":"de_DE","og_type":"article","og_title":"Greenland Moss Essential Oil - Dutch Health Store","og_description":"Unser Greenland Moss Essential Oil ist ein kraftvoll heilendes, frisch duftendes \u00d6l, das Bilder von ungest\u00f6rter, taufeuchter, mondbeschienener Wildnis heraufbeschw\u00f6rt.","og_url":"https:\/\/dutchhealthstore.com\/de\/product\/greenland-moss-essential-oil\/","og_site_name":"Dutch Health Store","article_publisher":"https:\/\/www.instagram.com\/dutchhealthstore\/","article_modified_time":"2024-03-08T14:59:26+00:00","og_image":[{"width":500,"height":500,"url":"https:\/\/dutchhealthstore.com\/wp-content\/uploads\/2018\/02\/Living-Libations-Greenland-Moss-Essential-Oil-e1594713594289.png","type":"image\/jpeg"}],"twitter_card":"summary_large_image","twitter_misc":{"Verf\u00fcgbarkeit":"Auf Lager"},"schema":{"@context":"https:\/\/schema.org","@graph":[{"@type":"WebPage","@id":"https:\/\/dutchhealthstore.com\/de\/product\/greenland-moss-essential-oil\/","url":"https:\/\/dutchhealthstore.com\/de\/product\/greenland-moss-essential-oil\/","name":"Greenland Moss Essential Oil | Living Libations","isPartOf":{"@id":"https:\/\/dutchhealthstore.com\/de\/#website"},"primaryImageOfPage":{"@id":"https:\/\/dutchhealthstore.com\/de\/product\/greenland-moss-essential-oil\/#primaryimage"},"image":{"@id":"https:\/\/dutchhealthstore.com\/de\/product\/greenland-moss-essential-oil\/#primaryimage"},"thumbnailUrl":"https:\/\/dutchhealthstore.com\/wp-content\/uploads\/2018\/02\/Living-Libations-Greenland-Moss-Essential-Oil-e1594713594289.png","datePublished":"2018-02-10T19:59:09+00:00","dateModified":"2024-03-08T14:59:26+00:00","description":"Unser Greenland Moss Essential Oil ist ein kraftvoll heilendes, frisch duftendes \u00d6l, das Bilder von ungest\u00f6rter, taufeuchter, mondbeschienener Wildnis heraufbeschw\u00f6rt.","breadcrumb":{"@id":"https:\/\/dutchhealthstore.com\/de\/product\/greenland-moss-essential-oil\/#breadcrumb"},"inLanguage":"de","potentialAction":[{"@type":"ReadAction","target":["https:\/\/dutchhealthstore.com\/de\/product\/greenland-moss-essential-oil\/"]}]},{"@type":"ImageObject","inLanguage":"de","@id":"https:\/\/dutchhealthstore.com\/de\/product\/greenland-moss-essential-oil\/#primaryimage","url":"https:\/\/dutchhealthstore.com\/wp-content\/uploads\/2018\/02\/Living-Libations-Greenland-Moss-Essential-Oil-e1594713594289.png","contentUrl":"https:\/\/dutchhealthstore.com\/wp-content\/uploads\/2018\/02\/Living-Libations-Greenland-Moss-Essential-Oil-e1594713594289.png","width":500,"height":500,"caption":"Living Libations Greenland Moss Essential Oil"},{"@type":"BreadcrumbList","@id":"https:\/\/dutchhealthstore.com\/de\/product\/greenland-moss-essential-oil\/#breadcrumb","itemListElement":[{"@type":"ListItem","position":1,"name":"Home","item":"https:\/\/dutchhealthstore.com\/de\/"},{"@type":"ListItem","position":2,"name":"Shop","item":"https:\/\/dutchhealthstore.com\/de\/shop-2\/"},{"@type":"ListItem","position":3,"name":"Greenland Moss Essential Oil"}]},{"@type":"WebSite","@id":"https:\/\/dutchhealthstore.com\/de\/#website","url":"https:\/\/dutchhealthstore.com\/de\/","name":"Dutch Health Store","description":"Enhance Your Beauty with Organic &amp; Natural Skincare","publisher":{"@id":"https:\/\/dutchhealthstore.com\/de\/#organization"},"potentialAction":[{"@type":"SearchAction","target":{"@type":"EntryPoint","urlTemplate":"https:\/\/dutchhealthstore.com\/de\/?s={search_term_string}"},"query-input":{"@type":"PropertyValueSpecification","valueRequired":true,"valueName":"search_term_string"}}],"inLanguage":"de"},{"@type":"Organization","@id":"https:\/\/dutchhealthstore.com\/de\/#organization","name":"Dutch Health Store","url":"https:\/\/dutchhealthstore.com\/de\/","logo":{"@type":"ImageObject","inLanguage":"de","@id":"https:\/\/dutchhealthstore.com\/de\/#\/schema\/logo\/image\/","url":"https:\/\/dutchhealthstore.com\/wp-content\/uploads\/2020\/08\/logo-dutchhealthstore-jpg-e1599484957574.jpg","contentUrl":"https:\/\/dutchhealthstore.com\/wp-content\/uploads\/2020\/08\/logo-dutchhealthstore-jpg-e1599484957574.jpg","width":400,"height":62,"caption":"Dutch Health Store"},"image":{"@id":"https:\/\/dutchhealthstore.com\/de\/#\/schema\/logo\/image\/"},"sameAs":["https:\/\/www.instagram.com\/dutchhealthstore\/","https:\/\/www.facebook.com\/dutchhealthstore"]}]},"product_brand":"Living Libations","og_availability":"instock","product_availability":"instock","product_condition":"new"},"_links":{"self":[{"href":"https:\/\/dutchhealthstore.com\/de\/wp-json\/wp\/v2\/product\/118918","targetHints":{"allow":["GET"]}}],"collection":[{"href":"https:\/\/dutchhealthstore.com\/de\/wp-json\/wp\/v2\/product"}],"about":[{"href":"https:\/\/dutchhealthstore.com\/de\/wp-json\/wp\/v2\/types\/product"}],"replies":[{"embeddable":true,"href":"https:\/\/dutchhealthstore.com\/de\/wp-json\/wp\/v2\/comments?post=118918"}],"wp:featuredmedia":[{"embeddable":true,"href":"https:\/\/dutchhealthstore.com\/de\/wp-json\/wp\/v2\/media\/113514"}],"wp:attachment":[{"href":"https:\/\/dutchhealthstore.com\/de\/wp-json\/wp\/v2\/media?parent=118918"}],"wp:term":[{"taxonomy":"product_brand","embeddable":true,"href":"https:\/\/dutchhealthstore.com\/de\/wp-json\/wp\/v2\/product_brand?post=118918"},{"taxonomy":"product_cat","embeddable":true,"href":"https:\/\/dutchhealthstore.com\/de\/wp-json\/wp\/v2\/product_cat?post=118918"},{"taxonomy":"product_tag","embeddable":true,"href":"https:\/\/dutchhealthstore.com\/de\/wp-json\/wp\/v2\/product_tag?post=118918"}],"curies":[{"name":"wp","href":"https:\/\/api.w.org\/{rel}","templated":true}]}}