{"id":118862,"date":"2020-06-25T07:36:18","date_gmt":"2020-06-25T05:36:18","guid":{"rendered":"https:\/\/dutchhealthstore.com\/product\/gingerlily-over-vetiver-essential-oil\/"},"modified":"2023-02-28T13:07:39","modified_gmt":"2023-02-28T13:07:39","slug":"gingerlily-over-vetiver-essential-oil","status":"publish","type":"product","link":"https:\/\/dutchhealthstore.com\/de\/product\/gingerlily-over-vetiver-essential-oil\/","title":{"rendered":"Gingerlily Over Vetiver Essential Oil"},"content":{"rendered":"<p><img decoding=\"async\" class=\"size-full wp-image-69549 alignright\" src=\"https:\/\/dutchhealthstore.com\/wp-content\/uploads\/2019\/08\/NEW-Living-Libations-Logo.jpg\" alt=\"NEW - Living Libations - Logo\" width=\"175\" height=\"82\"><strong>Botanischer Name:<\/strong> Hedychium coronarium \u00fcber Vetiveria zizanioides<br \/>\n<strong>Extraktionsverfahren:<\/strong> Dampfdestilliert<br \/>\n<strong>Inhaltsstoffe:<\/strong> Co-Destillation von \u00e4therischem Ingwerlilien\u00f6l und \u00e4therischem Vetiver\u00f6l<br \/>\n<strong>Teil der Pflanze Destilliert:<\/strong> Bl\u00fcte und Wurzel<br \/>\n<strong>Herkunftsland:<\/strong> Indien<br \/>\n<strong>Anbaumethode:<\/strong> Wildwachsend<br \/>\n<strong>Zusammensetzung:<\/strong> 100% Hedychium coronarium + Vetiveria zizanioides<br \/>\n<strong>Konsistenz:<\/strong> Mittlere Viskosit\u00e4t<\/p>\n<h3>Beschreibung des Duftes<\/h3>\n<p>Tiefe, warme Untert\u00f6ne von Holz und krautiger Erde, die unter einer zarten Kopfnote aus flatternden Gardenien schweben.<\/p>\n<h3>In Living Libations<\/h3>\n<p>Gingerlily Poetic Pits<\/p>\n<h3>Gut mischbar mit<\/h3>\n<p>Sandelholz, Jasmin, Grapefruit, Lavendel, Nelke, Patchouli und Spikenard.<\/p>\n<h3>Verwendet<\/h3>\n<p>Aromatherapie-Mischungen. Stabilisierende und erdende D\u00fcfte. Regenerierendes und feuchtigkeitsspendendes Hautserum. Wunderbar in der Badewanne. Fertig zum Tragen als Parf\u00fcm und eine Prise als Deodorant.<\/p>\n<a href=\"https:\/\/dutchhealthstore.com\/wp-content\/uploads\/2020\/06\/ANALYSIS-Gingerlily-Over-Vetiver-Essential-Oil-Living-Libations-3.pdf\" class=\"button primary is-primary is-small\"  >\n\t\t<span>ANALYSE DER \u00c4THERISCHEN \u00d6LE &gt;<\/span>\n\t<\/a>\n\n<p>Der Duft des Ginger lily Essential Oil glamourous hellt die Stimmung auf und setzt aufgestaute Emotionen frei. Dieses zarte, blumige \u00d6l soll die Lust anregen und Romantik und Sinnlichkeit f\u00f6rdern. Die Ingwerlilie verleiht dieser Destillation ein parf\u00fcm\u00e4hnliches Aroma, das vielseitig genug ist, um zu einem besonderen Anlass getragen zu werden oder um ein Gef\u00fchl von energetischer Sinnlichkeit in der Wohnung zu erzeugen.<\/p>\n<p>Zusammen bilden diese beiden potenten Elixiere ein erbauliches Tonikum, das blumige Leichtigkeit und verwurzelte Ruhe zelebriert.<\/p>\n<p><strong>Gr\u00f6\u00dfe: 5 ml und 15 ml<\/strong><\/p>\n<h3>Bio-Zutaten<\/h3>\n<p>100% \u00e4therisches \u00d6l aus Ingwerlilie und Vetiver (Hedychium coronarium + Vetiveria zizanioides).<\/p>\n<p style=\"text-align: center;\"><em>&#8222;Dein Parf\u00fcm, sein Vetiverduft, dein eigener zarter Geruch: beides fremd. Deine subtilen, gewundenen Gedankeng\u00e4nge sind meinen eigenen M\u00e4andern so fremd und doch klarer und sch\u00e4rfer. Nat\u00fcrlich bist du kein Fremder, aber wie sehr sch\u00e4tze ich diese Fremdheit an dir. Vielleicht ist es das Geheimnis, dieses fremde Element zu bewahren.&#8220;<\/em><br \/>\n~ Herv\u00e9 Le Tellier<\/p>\n<p style=\"text-align: center;\"><em>&#8222;Die<span style=\"font-size: 14.4px;\">Ingwerlilie<\/span> ist eine rhizomat\u00f6se Zierpflanze, die in den feuchten Teilen Indiens vorkommt. Ein \u00e4therisches \u00d6l, das aus den Rhizomen gewonnen wird, wirkt gegen grampositive Bakterien und Pilze&#8220;.<\/em><br \/>\n~ Rashtra Vardhana, <strong>Floristic Plants of the World, Vol. 3<\/strong><\/p>\n<p style=\"text-align: center;\"><em>&#8222;Vetiver n\u00e4hrt Menschen, die kalte F\u00fc\u00dfe haben oder mit dem Kopf in den Wolken sind. Wenn wir den Kontakt zum Boden unter uns, zur Realit\u00e4t, verlieren, zahlen wir den Preis eines geschw\u00e4chten Immunsystems.<\/em><br \/>\n<em>Wenn wir mit der Erde in Kontakt sind, atmen wir frische Luft, genie\u00dfen den Zauber eines offenen Feuers und sp\u00fcren, wie der Wind durch unsere Haare weht.&#8220;<\/em><br \/>\n~ Susanne Fischer-Rizzi, <strong>The Complete Aromatherapy Handbook<\/strong><\/p>\n<p><img fetchpriority=\"high\" decoding=\"async\" class=\"size-medium wp-image-68103 aligncenter\" src=\"https:\/\/dutchhealthstore.com\/wp-content\/uploads\/2018\/02\/Living-Libations-Organic-Logo-800x89.png\" alt=\"Living Libations - Organic Logo\" width=\"800\" height=\"89\" srcset=\"https:\/\/dutchhealthstore.com\/wp-content\/uploads\/2018\/02\/Living-Libations-Organic-Logo-800x89.png 800w, https:\/\/dutchhealthstore.com\/wp-content\/uploads\/2018\/02\/Living-Libations-Organic-Logo-510x57.png 510w, https:\/\/dutchhealthstore.com\/wp-content\/uploads\/2018\/02\/Living-Libations-Organic-Logo-768x85.png 768w, https:\/\/dutchhealthstore.com\/wp-content\/uploads\/2018\/02\/Living-Libations-Organic-Logo.png 1400w\" sizes=\"(max-width: 800px) 100vw, 800px\" \/><\/p>\n","protected":false},"excerpt":{"rendered":"<p>Wundersch\u00f6nes <strong>Gingerlily over Vetiver Essential Oil<\/strong> kombiniert das honig-blumige Aroma der Ingwerlilienbl\u00fcte mit den erdigen Liebesnoten von Vetiver.<br \/>\nDie Ingwerlilie ist eine Cousine der Ingwerwurzel, die in der Kochkunst weit verbreitet ist, und bietet duftende Bl\u00fcten. Vetiver, der w\u00e4hrend der Kolonialzeit im gesamten britischen Empire als Bestandteil von Parf\u00fcms verwendet wurde, bietet eine duftende Wurzelbasis f\u00fcr diese blumige Note.<br \/>\nGenie\u00dfen Sie diesen vollmundigen, blumig-wurzeligen Duft, in dem Vetiver den blumigen Schwung des Ginger lily Essential Oil wunderbar mildert.<\/p>\n","protected":false},"featured_media":337469,"comment_status":"open","ping_status":"closed","template":"","meta":[],"product_brand":[],"product_cat":[6737,1508,1546,1493,1210,6736],"product_tag":[1547],"class_list":{"0":"post-118862","1":"product","2":"type-product","3":"status-publish","4":"has-post-thumbnail","6":"product_cat-essential-oils-de-2","7":"product_cat-aetherische-oele-living-libations","8":"product_cat-essential-oils-living-libations-de","9":"product_cat-living-libations-deutschland","10":"product_cat-marken","11":"product_cat-wellness-de","12":"product_tag-essential-oil-de","13":"pa_brand-livinglibations-de","14":"pa_essential-oils-product-type-essential-oils-de","15":"pa_size-15-ml-de-2","16":"pa_size-5-ml-de","18":"first","19":"instock","20":"taxable","21":"shipping-taxable","22":"purchasable","23":"product-type-variable"},"bundled_by":[],"bundle_stock_status":"instock","bundle_stock_quantity":null,"bundle_virtual":false,"bundle_layout":"","bundle_add_to_cart_form_location":"","bundle_editable_in_cart":false,"bundle_sold_individually_context":"","bundle_item_grouping":"","bundle_min_size":"","bundle_max_size":"","bundle_price":[],"bundled_items":[],"bundle_sell_ids":[],"atum_controlled":true,"out_stock_date":null,"out_stock_threshold":null,"inheritable":true,"stock_on_hold":0,"sold_today":0,"sales_last_days":0,"out_stock_days":0,"lost_sales":0,"update_date":"2026-04-16T00:05:45","atum_locations":[],"atum_stock_status":"instock","restock_status":false,"low_stock_amount":"","sales_update_date":"2026-04-16T00:05:45","calc_backorders":null,"group_of_quantity":0,"min_quantity":0,"max_quantity":"","exclude_order_quantity_value_rules":"no","exclude_category_quantity_rules":"no","combine_variations":"no","yoast_head":"<!-- This site is optimized with the Yoast SEO Premium plugin v26.5 (Yoast SEO v26.5) - https:\/\/yoast.com\/wordpress\/plugins\/seo\/ -->\n<title>Gingerlily Over Vetiver Essential | Living Libations<\/title>\n<meta name=\"description\" content=\"Wundersch\u00f6nes Gingerlily over Vetiver Essential Oil kombiniert das honig-blumige Aroma der Ingwerblume mit den erdigen Liebesnoten von Vetiver.\" \/>\n<meta name=\"robots\" content=\"index, follow, max-snippet:-1, max-image-preview:large, max-video-preview:-1\" \/>\n<link rel=\"canonical\" href=\"https:\/\/dutchhealthstore.com\/de\/product\/gingerlily-over-vetiver-essential-oil\/\" \/>\n<meta property=\"og:locale\" content=\"de_DE\" \/>\n<meta property=\"og:type\" content=\"article\" \/>\n<meta property=\"og:title\" content=\"Gingerlily Over Vetiver Essential Oil - Dutch Health Store\" \/>\n<meta property=\"og:description\" content=\"Wundersch\u00f6nes Gingerlily over Vetiver Essential Oil kombiniert das honig-blumige Aroma der Ingwerblume mit den erdigen Liebesnoten von Vetiver.\" \/>\n<meta property=\"og:url\" content=\"https:\/\/dutchhealthstore.com\/de\/product\/gingerlily-over-vetiver-essential-oil\/\" \/>\n<meta property=\"og:site_name\" content=\"Dutch Health Store\" \/>\n<meta property=\"article:publisher\" content=\"https:\/\/www.instagram.com\/dutchhealthstore\/\" \/>\n<meta property=\"article:modified_time\" content=\"2023-02-28T13:07:39+00:00\" \/>\n<meta property=\"og:image\" content=\"https:\/\/dutchhealthstore.com\/wp-content\/uploads\/2020\/06\/Gingerlily-Over-Vetiver-Living-Libations.-.jpg\" \/>\n\t<meta property=\"og:image:width\" content=\"500\" \/>\n\t<meta property=\"og:image:height\" content=\"500\" \/>\n\t<meta property=\"og:image:type\" content=\"image\/jpeg\" \/>\n<meta name=\"twitter:card\" content=\"summary_large_image\" \/>\n<meta name=\"twitter:label1\" content=\"Verf\u00fcgbarkeit\" \/>\n\t<meta name=\"twitter:data1\" content=\"Auf Lager\" \/>\n<script type=\"application\/ld+json\" class=\"yoast-schema-graph\">{\"@context\":\"https:\/\/schema.org\",\"@graph\":[{\"@type\":\"WebPage\",\"@id\":\"https:\/\/dutchhealthstore.com\/de\/product\/gingerlily-over-vetiver-essential-oil\/\",\"url\":\"https:\/\/dutchhealthstore.com\/de\/product\/gingerlily-over-vetiver-essential-oil\/\",\"name\":\"Gingerlily Over Vetiver Essential | Living Libations\",\"isPartOf\":{\"@id\":\"https:\/\/dutchhealthstore.com\/de\/#website\"},\"primaryImageOfPage\":{\"@id\":\"https:\/\/dutchhealthstore.com\/de\/product\/gingerlily-over-vetiver-essential-oil\/#primaryimage\"},\"image\":{\"@id\":\"https:\/\/dutchhealthstore.com\/de\/product\/gingerlily-over-vetiver-essential-oil\/#primaryimage\"},\"thumbnailUrl\":\"https:\/\/dutchhealthstore.com\/wp-content\/uploads\/2020\/06\/2025-04-15-13_43_42-Gingerlily-over-Vetiver-Essential-Oil-\u2013-Living-Libations-INT.jpg\",\"datePublished\":\"2020-06-25T05:36:18+00:00\",\"dateModified\":\"2023-02-28T13:07:39+00:00\",\"description\":\"Wundersch\u00f6nes Gingerlily over Vetiver Essential Oil kombiniert das honig-blumige Aroma der Ingwerblume mit den erdigen Liebesnoten von Vetiver.\",\"breadcrumb\":{\"@id\":\"https:\/\/dutchhealthstore.com\/de\/product\/gingerlily-over-vetiver-essential-oil\/#breadcrumb\"},\"inLanguage\":\"de\",\"potentialAction\":[{\"@type\":\"ReadAction\",\"target\":[\"https:\/\/dutchhealthstore.com\/de\/product\/gingerlily-over-vetiver-essential-oil\/\"]}]},{\"@type\":\"ImageObject\",\"inLanguage\":\"de\",\"@id\":\"https:\/\/dutchhealthstore.com\/de\/product\/gingerlily-over-vetiver-essential-oil\/#primaryimage\",\"url\":\"https:\/\/dutchhealthstore.com\/wp-content\/uploads\/2020\/06\/2025-04-15-13_43_42-Gingerlily-over-Vetiver-Essential-Oil-\u2013-Living-Libations-INT.jpg\",\"contentUrl\":\"https:\/\/dutchhealthstore.com\/wp-content\/uploads\/2020\/06\/2025-04-15-13_43_42-Gingerlily-over-Vetiver-Essential-Oil-\u2013-Living-Libations-INT.jpg\",\"width\":530,\"height\":530},{\"@type\":\"BreadcrumbList\",\"@id\":\"https:\/\/dutchhealthstore.com\/de\/product\/gingerlily-over-vetiver-essential-oil\/#breadcrumb\",\"itemListElement\":[{\"@type\":\"ListItem\",\"position\":1,\"name\":\"Home\",\"item\":\"https:\/\/dutchhealthstore.com\/de\/\"},{\"@type\":\"ListItem\",\"position\":2,\"name\":\"Shop\",\"item\":\"https:\/\/dutchhealthstore.com\/de\/shop-2\/\"},{\"@type\":\"ListItem\",\"position\":3,\"name\":\"Gingerlily Over Vetiver Essential Oil\"}]},{\"@type\":\"WebSite\",\"@id\":\"https:\/\/dutchhealthstore.com\/de\/#website\",\"url\":\"https:\/\/dutchhealthstore.com\/de\/\",\"name\":\"Dutch Health Store\",\"description\":\"Enhance Your Beauty with Organic &amp; Natural Skincare\",\"publisher\":{\"@id\":\"https:\/\/dutchhealthstore.com\/de\/#organization\"},\"potentialAction\":[{\"@type\":\"SearchAction\",\"target\":{\"@type\":\"EntryPoint\",\"urlTemplate\":\"https:\/\/dutchhealthstore.com\/de\/?s={search_term_string}\"},\"query-input\":{\"@type\":\"PropertyValueSpecification\",\"valueRequired\":true,\"valueName\":\"search_term_string\"}}],\"inLanguage\":\"de\"},{\"@type\":\"Organization\",\"@id\":\"https:\/\/dutchhealthstore.com\/de\/#organization\",\"name\":\"Dutch Health Store\",\"url\":\"https:\/\/dutchhealthstore.com\/de\/\",\"logo\":{\"@type\":\"ImageObject\",\"inLanguage\":\"de\",\"@id\":\"https:\/\/dutchhealthstore.com\/de\/#\/schema\/logo\/image\/\",\"url\":\"https:\/\/dutchhealthstore.com\/wp-content\/uploads\/2020\/08\/logo-dutchhealthstore-jpg-e1599484957574.jpg\",\"contentUrl\":\"https:\/\/dutchhealthstore.com\/wp-content\/uploads\/2020\/08\/logo-dutchhealthstore-jpg-e1599484957574.jpg\",\"width\":400,\"height\":62,\"caption\":\"Dutch Health Store\"},\"image\":{\"@id\":\"https:\/\/dutchhealthstore.com\/de\/#\/schema\/logo\/image\/\"},\"sameAs\":[\"https:\/\/www.instagram.com\/dutchhealthstore\/\",\"https:\/\/www.facebook.com\/dutchhealthstore\"]}]}<\/script>\n<meta property=\"product:brand\" content=\"Living Libations\" \/>\n<meta property=\"og:availability\" content=\"instock\" \/>\n<meta property=\"product:availability\" content=\"instock\" \/>\n<meta property=\"product:condition\" content=\"new\" \/>\n<!-- \/ Yoast SEO Premium plugin. -->","yoast_head_json":{"title":"Gingerlily Over Vetiver Essential | Living Libations","description":"Wundersch\u00f6nes Gingerlily over Vetiver Essential Oil kombiniert das honig-blumige Aroma der Ingwerblume mit den erdigen Liebesnoten von Vetiver.","robots":{"index":"index","follow":"follow","max-snippet":"max-snippet:-1","max-image-preview":"max-image-preview:large","max-video-preview":"max-video-preview:-1"},"canonical":"https:\/\/dutchhealthstore.com\/de\/product\/gingerlily-over-vetiver-essential-oil\/","og_locale":"de_DE","og_type":"article","og_title":"Gingerlily Over Vetiver Essential Oil - Dutch Health Store","og_description":"Wundersch\u00f6nes Gingerlily over Vetiver Essential Oil kombiniert das honig-blumige Aroma der Ingwerblume mit den erdigen Liebesnoten von Vetiver.","og_url":"https:\/\/dutchhealthstore.com\/de\/product\/gingerlily-over-vetiver-essential-oil\/","og_site_name":"Dutch Health Store","article_publisher":"https:\/\/www.instagram.com\/dutchhealthstore\/","article_modified_time":"2023-02-28T13:07:39+00:00","og_image":[{"width":500,"height":500,"url":"https:\/\/dutchhealthstore.com\/wp-content\/uploads\/2020\/06\/Gingerlily-Over-Vetiver-Living-Libations.-.jpg","type":"image\/jpeg"}],"twitter_card":"summary_large_image","twitter_misc":{"Verf\u00fcgbarkeit":"Auf Lager"},"schema":{"@context":"https:\/\/schema.org","@graph":[{"@type":"WebPage","@id":"https:\/\/dutchhealthstore.com\/de\/product\/gingerlily-over-vetiver-essential-oil\/","url":"https:\/\/dutchhealthstore.com\/de\/product\/gingerlily-over-vetiver-essential-oil\/","name":"Gingerlily Over Vetiver Essential | Living Libations","isPartOf":{"@id":"https:\/\/dutchhealthstore.com\/de\/#website"},"primaryImageOfPage":{"@id":"https:\/\/dutchhealthstore.com\/de\/product\/gingerlily-over-vetiver-essential-oil\/#primaryimage"},"image":{"@id":"https:\/\/dutchhealthstore.com\/de\/product\/gingerlily-over-vetiver-essential-oil\/#primaryimage"},"thumbnailUrl":"https:\/\/dutchhealthstore.com\/wp-content\/uploads\/2020\/06\/2025-04-15-13_43_42-Gingerlily-over-Vetiver-Essential-Oil-\u2013-Living-Libations-INT.jpg","datePublished":"2020-06-25T05:36:18+00:00","dateModified":"2023-02-28T13:07:39+00:00","description":"Wundersch\u00f6nes Gingerlily over Vetiver Essential Oil kombiniert das honig-blumige Aroma der Ingwerblume mit den erdigen Liebesnoten von Vetiver.","breadcrumb":{"@id":"https:\/\/dutchhealthstore.com\/de\/product\/gingerlily-over-vetiver-essential-oil\/#breadcrumb"},"inLanguage":"de","potentialAction":[{"@type":"ReadAction","target":["https:\/\/dutchhealthstore.com\/de\/product\/gingerlily-over-vetiver-essential-oil\/"]}]},{"@type":"ImageObject","inLanguage":"de","@id":"https:\/\/dutchhealthstore.com\/de\/product\/gingerlily-over-vetiver-essential-oil\/#primaryimage","url":"https:\/\/dutchhealthstore.com\/wp-content\/uploads\/2020\/06\/2025-04-15-13_43_42-Gingerlily-over-Vetiver-Essential-Oil-\u2013-Living-Libations-INT.jpg","contentUrl":"https:\/\/dutchhealthstore.com\/wp-content\/uploads\/2020\/06\/2025-04-15-13_43_42-Gingerlily-over-Vetiver-Essential-Oil-\u2013-Living-Libations-INT.jpg","width":530,"height":530},{"@type":"BreadcrumbList","@id":"https:\/\/dutchhealthstore.com\/de\/product\/gingerlily-over-vetiver-essential-oil\/#breadcrumb","itemListElement":[{"@type":"ListItem","position":1,"name":"Home","item":"https:\/\/dutchhealthstore.com\/de\/"},{"@type":"ListItem","position":2,"name":"Shop","item":"https:\/\/dutchhealthstore.com\/de\/shop-2\/"},{"@type":"ListItem","position":3,"name":"Gingerlily Over Vetiver Essential Oil"}]},{"@type":"WebSite","@id":"https:\/\/dutchhealthstore.com\/de\/#website","url":"https:\/\/dutchhealthstore.com\/de\/","name":"Dutch Health Store","description":"Enhance Your Beauty with Organic &amp; Natural Skincare","publisher":{"@id":"https:\/\/dutchhealthstore.com\/de\/#organization"},"potentialAction":[{"@type":"SearchAction","target":{"@type":"EntryPoint","urlTemplate":"https:\/\/dutchhealthstore.com\/de\/?s={search_term_string}"},"query-input":{"@type":"PropertyValueSpecification","valueRequired":true,"valueName":"search_term_string"}}],"inLanguage":"de"},{"@type":"Organization","@id":"https:\/\/dutchhealthstore.com\/de\/#organization","name":"Dutch Health Store","url":"https:\/\/dutchhealthstore.com\/de\/","logo":{"@type":"ImageObject","inLanguage":"de","@id":"https:\/\/dutchhealthstore.com\/de\/#\/schema\/logo\/image\/","url":"https:\/\/dutchhealthstore.com\/wp-content\/uploads\/2020\/08\/logo-dutchhealthstore-jpg-e1599484957574.jpg","contentUrl":"https:\/\/dutchhealthstore.com\/wp-content\/uploads\/2020\/08\/logo-dutchhealthstore-jpg-e1599484957574.jpg","width":400,"height":62,"caption":"Dutch Health Store"},"image":{"@id":"https:\/\/dutchhealthstore.com\/de\/#\/schema\/logo\/image\/"},"sameAs":["https:\/\/www.instagram.com\/dutchhealthstore\/","https:\/\/www.facebook.com\/dutchhealthstore"]}]},"product_brand":"Living Libations","og_availability":"instock","product_availability":"instock","product_condition":"new"},"_links":{"self":[{"href":"https:\/\/dutchhealthstore.com\/de\/wp-json\/wp\/v2\/product\/118862","targetHints":{"allow":["GET"]}}],"collection":[{"href":"https:\/\/dutchhealthstore.com\/de\/wp-json\/wp\/v2\/product"}],"about":[{"href":"https:\/\/dutchhealthstore.com\/de\/wp-json\/wp\/v2\/types\/product"}],"replies":[{"embeddable":true,"href":"https:\/\/dutchhealthstore.com\/de\/wp-json\/wp\/v2\/comments?post=118862"}],"wp:featuredmedia":[{"embeddable":true,"href":"https:\/\/dutchhealthstore.com\/de\/wp-json\/wp\/v2\/media\/337469"}],"wp:attachment":[{"href":"https:\/\/dutchhealthstore.com\/de\/wp-json\/wp\/v2\/media?parent=118862"}],"wp:term":[{"taxonomy":"product_brand","embeddable":true,"href":"https:\/\/dutchhealthstore.com\/de\/wp-json\/wp\/v2\/product_brand?post=118862"},{"taxonomy":"product_cat","embeddable":true,"href":"https:\/\/dutchhealthstore.com\/de\/wp-json\/wp\/v2\/product_cat?post=118862"},{"taxonomy":"product_tag","embeddable":true,"href":"https:\/\/dutchhealthstore.com\/de\/wp-json\/wp\/v2\/product_tag?post=118862"}],"curies":[{"name":"wp","href":"https:\/\/api.w.org\/{rel}","templated":true}]}}