{"id":118776,"date":"2020-07-09T09:10:22","date_gmt":"2020-07-09T07:10:22","guid":{"rendered":"https:\/\/dutchhealthstore.com\/product\/ginger-root-essential-oil\/"},"modified":"2026-03-28T20:23:06","modified_gmt":"2026-03-28T19:23:06","slug":"ginger-root-essential-oil","status":"publish","type":"product","link":"https:\/\/dutchhealthstore.com\/de\/product\/ginger-root-essential-oil\/","title":{"rendered":"Ginger Root Essential Oil"},"content":{"rendered":"<p><strong><img decoding=\"async\" class=\"size-full wp-image-69549 alignright\" src=\"https:\/\/dutchhealthstore.com\/wp-content\/uploads\/2019\/08\/NEW-Living-Libations-Logo.jpg\" alt=\"NEW - Living Libations - Logo\" width=\"175\" height=\"82\">Botanischer Name:<\/strong> Zingiber officinale<br \/>\n<strong>Name der Familie:<\/strong> Zingiberaceae<br \/>\n<strong>Extraktionsverfahren:<\/strong> \u00dcberkritischer Extrakt<br \/>\n<strong>Teil der Pflanze Destilliert:<\/strong> Rhizom<br \/>\n<strong>Herkunftsland:<\/strong> Madagaskar<br \/>\n<strong>Anbaumethode:<\/strong> Bio<br \/>\n<strong>Zusammensetzung:<\/strong> 100% Zingiber officinale<br \/>\n<strong>Konsistenz:<\/strong> D\u00fcnnfl\u00fcssig bis mittelviskos<\/p>\n<h3>Beschreibung des Duftes<\/h3>\n<p>Eine goldene Fl\u00fcssigkeit, die ein warmes, w\u00fcrziges, balsamisches Bouquet mit einem erdig-wurzeligen Abgang verstr\u00f6mt. Es wird als Toner in Parf\u00fcms, orientalischen Bouquets, Gew\u00fcrzakkorden, Weihrauchbouquets und Blumen in Spuren verwendet.<\/p>\n<h3>In Living Libations<\/h3>\n<p>Illume Hotberry, Zest the Best<\/p>\n<h3>Gut mischbar mit<\/h3>\n<p>Grapefruit, Bergamotte, Gew\u00fcrznelke, Zimt, Kurkuma, schwarzer Pfeffer, Jasmin, Nelke und Ylang.<\/p>\n<a href=\"https:\/\/dutchhealthstore.com\/wp-content\/uploads\/2020\/07\/ANALYSIS-Ginger-Root-Essential-Oil-Living-Libations.pdf\" class=\"button primary is-primary is-small\"  >\n\t\t<span>ANALYSE DER \u00c4THERISCHEN \u00d6LE &gt;<\/span>\n\t<\/a>\n\n<h3>Verwendet<\/h3>\n<p>Kulinarisches \u00d6l, das in Suppen, So\u00dfen, Desserts und Dressings genossen werden kann; beliebt als Lutschbonbon mit Honig. Aromatherapie-Mischungen f\u00fcr muskelschmelzende Massagen, herzerw\u00e4rmende D\u00fcfte und als Einreibemittel f\u00fcr die Liebe. Immer verd\u00fcnnt in B\u00e4dern und auf der Haut verwenden. Akzentuieren Sie die Diffusion von w\u00fcrzigen Zitrus\u00f6len mit einer scharfen Prise Ingwer. Ein Duft zum Inhalieren als Reisebegleiter f\u00fcr Flugzeuge, Z\u00fcge und Autofahrten. Geliebte der B\u00e4uche.<\/p>\n<p>Diese spezielle Essenz-Extraktion zelebriert die Sch\u00e4rfe und die Yang-Energie der Bio-Ingwerwurzel. Seit Tausenden von Jahren wird Ingwer von den alten Indern und Chinesen als Heldenkraut gepriesen. Dieses echte Ingwer-Tonikum strahlt die Kraft jahrhundertelanger Anwendung aus und verbindet das scharfe Aroma des Krauts mit seiner belebenden Essenz.<\/p>\n<p>In Indien wird Ingwer f\u00fcr einen w\u00fcrzigen Tee verwendet. Ingwer wird oft als Beilage zu Sushi serviert und dient dazu, den Gaumen zwischen den G\u00e4ngen zu reinigen und den Appetit anzuregen. Verwenden Sie einen Tropfen des \u00d6ls anstelle der frischen oder getrockneten Wurzel.<\/p>\n<p><strong>Gr\u00f6\u00dfe: 5 ml und 15 ml<\/strong><\/p>\n<h3>Organic Ingredients<\/h3>\n<p>100% Ingwerwurzel (Zingiber officinale) \u00e4therisches \u00d6l.<\/p>\n<p style=\"text-align: center;\"><em>&#8222;Das Kraut stammt urspr\u00fcnglich aus der N\u00e4he des Indischen Ozeans, wird aber heute \u00fcberall in den Tropen angebaut. Seine aromatischen Eigenschaften wurden von Plinius dem \u00c4lteren im ersten Jahrhundert nach Christus und in alten indischen Sanskrit-Texten beschrieben.&#8220;<\/em><br \/>\n~ Kathi Keville und Mindy Green, <strong>Aromatherapy: A Complete Guide to the Art<\/strong><\/p>\n<p style=\"text-align: center;\"><em>&#8222;Das \u00d6l wird von Sesquiterpenen wie Zingiberen und a-Curcume dominiert, aber es wird vermutet, dass auch Monoterpene und Aldehyde das charakteristische Aroma beeinflussen&#8220;.<\/em><br \/>\n~ Jennifer Peace Rhind, <strong>Fragrance and Wellbeing<\/strong><\/p>\n<p style=\"text-align: center;\"><em>&#8222;Ingwer ist ein Duft der Tapferkeit und des Mutes. Er hilft den Schwachen und Schw\u00e4cheren und gibt ihnen das Gef\u00fchl, f\u00e4hig und stark zu sein, um trotzdem weiterzumachen.&#8220;<\/em><br \/>\n~ Valerie Ann Worwood, <strong>Aromatherapy for the Soul<\/strong><\/p>\n<p style=\"text-align: center;\"><em>&#8222;Mit seinen scharfen und s\u00fc\u00dfen Aromaqualit\u00e4ten spricht Ingwer im Wesentlichen Fragen der Motivation, des Selbstvertrauens und des Mutes an. Er bringt W\u00e4rme und Leidenschaft in die Seele und das Lebensgef\u00fchl&#8230; &#8222;<\/em><br \/>\n~ Peter Holmes, <strong>Aromatica<\/strong><\/p>\n<p><img fetchpriority=\"high\" decoding=\"async\" class=\"size-medium wp-image-68103 aligncenter\" src=\"https:\/\/dutchhealthstore.com\/wp-content\/uploads\/2018\/02\/Living-Libations-Organic-Logo-800x89.png\" alt=\"Living Libations - Organic Logo\" width=\"800\" height=\"89\" srcset=\"https:\/\/dutchhealthstore.com\/wp-content\/uploads\/2018\/02\/Living-Libations-Organic-Logo-800x89.png 800w, https:\/\/dutchhealthstore.com\/wp-content\/uploads\/2018\/02\/Living-Libations-Organic-Logo-510x57.png 510w, https:\/\/dutchhealthstore.com\/wp-content\/uploads\/2018\/02\/Living-Libations-Organic-Logo-768x85.png 768w, https:\/\/dutchhealthstore.com\/wp-content\/uploads\/2018\/02\/Living-Libations-Organic-Logo.png 1400w\" sizes=\"(max-width: 800px) 100vw, 800px\" \/><\/p>\n","protected":false},"excerpt":{"rendered":"<p>Das <strong>Ginger Root Essential Oil<\/strong> ist ein scharfer Zingiber und hat eine krautige Wirkung! Die Essenzen dieser robusten Wurzel sind ein spezieller superkritischer Extrakt aus pr\u00e4chtigem, in Madagaskar angebautem Ingwer, der das fruchtigste und vollmundigste Ingwer\u00f6l \u00fcberhaupt ergibt.<br \/>\nBringen Sie Ihre Geschmacksknospen zum Klingen und beleben Sie Ihre Sinne mit dieser w\u00fcrzigen Wurzel, die schon die Apotheken im alten Arabien, Indien und China begeisterte.<\/p>\n","protected":false},"featured_media":112346,"comment_status":"open","ping_status":"closed","template":"","meta":[],"product_brand":[],"product_cat":[1546,6737,1508,1493,1210,6736],"product_tag":[1547],"class_list":{"0":"post-118776","1":"product","2":"type-product","3":"status-publish","4":"has-post-thumbnail","6":"product_cat-essential-oils-living-libations-de","7":"product_cat-essential-oils-de-2","8":"product_cat-aetherische-oele-living-libations","9":"product_cat-living-libations-deutschland","10":"product_cat-marken","11":"product_cat-wellness-de","12":"product_tag-essential-oil-de","13":"pa_brand-livinglibations-de","14":"pa_essential-oils-product-type-essential-oils-de","15":"pa_size-5-ml-de","16":"pa_size-15-ml-de-2","18":"first","19":"instock","20":"taxable","21":"shipping-taxable","22":"purchasable","23":"product-type-variable"},"bundled_by":[],"bundle_stock_status":"instock","bundle_stock_quantity":null,"bundle_virtual":false,"bundle_layout":"","bundle_add_to_cart_form_location":"","bundle_editable_in_cart":false,"bundle_sold_individually_context":"","bundle_item_grouping":"","bundle_min_size":"","bundle_max_size":"","bundle_price":[],"bundled_items":[],"bundle_sell_ids":[],"atum_controlled":true,"out_stock_date":null,"out_stock_threshold":null,"inheritable":true,"stock_on_hold":1,"sold_today":0,"sales_last_days":1,"out_stock_days":0,"lost_sales":0,"update_date":"2026-04-05T01:45:46","atum_locations":[],"atum_stock_status":"instock","restock_status":false,"low_stock_amount":"","sales_update_date":"2026-04-05T01:45:46","calc_backorders":null,"group_of_quantity":0,"min_quantity":0,"max_quantity":"","exclude_order_quantity_value_rules":"no","exclude_category_quantity_rules":"no","combine_variations":"no","yoast_head":"<!-- This site is optimized with the Yoast SEO Premium plugin v26.5 (Yoast SEO v26.5) - https:\/\/yoast.com\/wordpress\/plugins\/seo\/ -->\n<title>Ginger Root Essential Oil | Living Libations<\/title>\n<meta name=\"description\" content=\"Bringen Sie Ihre Geschmacksknospen zum Klingen und beleben Sie Ihre Sinne mit dieser w\u00fcrzigen Wurzel, die schon die Apotheken im alten Arabien, Indien und China begeisterte.\" \/>\n<meta name=\"robots\" content=\"index, follow, max-snippet:-1, max-image-preview:large, max-video-preview:-1\" \/>\n<link rel=\"canonical\" href=\"https:\/\/dutchhealthstore.com\/de\/product\/ginger-root-essential-oil\/\" \/>\n<meta property=\"og:locale\" content=\"de_DE\" \/>\n<meta property=\"og:type\" content=\"article\" \/>\n<meta property=\"og:title\" content=\"Ginger Root Essential Oil - Dutch Health Store\" \/>\n<meta property=\"og:description\" content=\"Bringen Sie Ihre Geschmacksknospen zum Klingen und beleben Sie Ihre Sinne mit dieser w\u00fcrzigen Wurzel, die schon die Apotheken im alten Arabien, Indien und China begeisterte.\" \/>\n<meta property=\"og:url\" content=\"https:\/\/dutchhealthstore.com\/de\/product\/ginger-root-essential-oil\/\" \/>\n<meta property=\"og:site_name\" content=\"Dutch Health Store\" \/>\n<meta property=\"article:publisher\" content=\"https:\/\/www.instagram.com\/dutchhealthstore\/\" \/>\n<meta property=\"article:modified_time\" content=\"2026-03-28T19:23:06+00:00\" \/>\n<meta property=\"og:image\" content=\"https:\/\/dutchhealthstore.com\/wp-content\/uploads\/2020\/07\/Living-Libations-Ginger-Root-e1594285596635.jpg\" \/>\n\t<meta property=\"og:image:width\" content=\"500\" \/>\n\t<meta property=\"og:image:height\" content=\"500\" \/>\n\t<meta property=\"og:image:type\" content=\"image\/jpeg\" \/>\n<meta name=\"twitter:card\" content=\"summary_large_image\" \/>\n<meta name=\"twitter:label1\" content=\"Verf\u00fcgbarkeit\" \/>\n\t<meta name=\"twitter:data1\" content=\"Auf Lager\" \/>\n<script type=\"application\/ld+json\" class=\"yoast-schema-graph\">{\"@context\":\"https:\/\/schema.org\",\"@graph\":[{\"@type\":\"WebPage\",\"@id\":\"https:\/\/dutchhealthstore.com\/de\/product\/ginger-root-essential-oil\/\",\"url\":\"https:\/\/dutchhealthstore.com\/de\/product\/ginger-root-essential-oil\/\",\"name\":\"Ginger Root Essential Oil | Living Libations\",\"isPartOf\":{\"@id\":\"https:\/\/dutchhealthstore.com\/de\/#website\"},\"primaryImageOfPage\":{\"@id\":\"https:\/\/dutchhealthstore.com\/de\/product\/ginger-root-essential-oil\/#primaryimage\"},\"image\":{\"@id\":\"https:\/\/dutchhealthstore.com\/de\/product\/ginger-root-essential-oil\/#primaryimage\"},\"thumbnailUrl\":\"https:\/\/dutchhealthstore.com\/wp-content\/uploads\/2020\/07\/Living-Libations-Ginger-Root-e1594285596635.jpg\",\"datePublished\":\"2020-07-09T07:10:22+00:00\",\"dateModified\":\"2026-03-28T19:23:06+00:00\",\"description\":\"Bringen Sie Ihre Geschmacksknospen zum Klingen und beleben Sie Ihre Sinne mit dieser w\u00fcrzigen Wurzel, die schon die Apotheken im alten Arabien, Indien und China begeisterte.\",\"breadcrumb\":{\"@id\":\"https:\/\/dutchhealthstore.com\/de\/product\/ginger-root-essential-oil\/#breadcrumb\"},\"inLanguage\":\"de\",\"potentialAction\":[{\"@type\":\"ReadAction\",\"target\":[\"https:\/\/dutchhealthstore.com\/de\/product\/ginger-root-essential-oil\/\"]}]},{\"@type\":\"ImageObject\",\"inLanguage\":\"de\",\"@id\":\"https:\/\/dutchhealthstore.com\/de\/product\/ginger-root-essential-oil\/#primaryimage\",\"url\":\"https:\/\/dutchhealthstore.com\/wp-content\/uploads\/2020\/07\/Living-Libations-Ginger-Root-e1594285596635.jpg\",\"contentUrl\":\"https:\/\/dutchhealthstore.com\/wp-content\/uploads\/2020\/07\/Living-Libations-Ginger-Root-e1594285596635.jpg\",\"width\":500,\"height\":500,\"caption\":\"Living Libations Ginger Root Essential Oil\"},{\"@type\":\"BreadcrumbList\",\"@id\":\"https:\/\/dutchhealthstore.com\/de\/product\/ginger-root-essential-oil\/#breadcrumb\",\"itemListElement\":[{\"@type\":\"ListItem\",\"position\":1,\"name\":\"Home\",\"item\":\"https:\/\/dutchhealthstore.com\/de\/\"},{\"@type\":\"ListItem\",\"position\":2,\"name\":\"Shop\",\"item\":\"https:\/\/dutchhealthstore.com\/de\/shop-2\/\"},{\"@type\":\"ListItem\",\"position\":3,\"name\":\"Ginger Root Essential Oil\"}]},{\"@type\":\"WebSite\",\"@id\":\"https:\/\/dutchhealthstore.com\/de\/#website\",\"url\":\"https:\/\/dutchhealthstore.com\/de\/\",\"name\":\"Dutch Health Store\",\"description\":\"Enhance Your Beauty with Organic &amp; Natural Skincare\",\"publisher\":{\"@id\":\"https:\/\/dutchhealthstore.com\/de\/#organization\"},\"potentialAction\":[{\"@type\":\"SearchAction\",\"target\":{\"@type\":\"EntryPoint\",\"urlTemplate\":\"https:\/\/dutchhealthstore.com\/de\/?s={search_term_string}\"},\"query-input\":{\"@type\":\"PropertyValueSpecification\",\"valueRequired\":true,\"valueName\":\"search_term_string\"}}],\"inLanguage\":\"de\"},{\"@type\":\"Organization\",\"@id\":\"https:\/\/dutchhealthstore.com\/de\/#organization\",\"name\":\"Dutch Health Store\",\"url\":\"https:\/\/dutchhealthstore.com\/de\/\",\"logo\":{\"@type\":\"ImageObject\",\"inLanguage\":\"de\",\"@id\":\"https:\/\/dutchhealthstore.com\/de\/#\/schema\/logo\/image\/\",\"url\":\"https:\/\/dutchhealthstore.com\/wp-content\/uploads\/2020\/08\/logo-dutchhealthstore-jpg-e1599484957574.jpg\",\"contentUrl\":\"https:\/\/dutchhealthstore.com\/wp-content\/uploads\/2020\/08\/logo-dutchhealthstore-jpg-e1599484957574.jpg\",\"width\":400,\"height\":62,\"caption\":\"Dutch Health Store\"},\"image\":{\"@id\":\"https:\/\/dutchhealthstore.com\/de\/#\/schema\/logo\/image\/\"},\"sameAs\":[\"https:\/\/www.instagram.com\/dutchhealthstore\/\",\"https:\/\/www.facebook.com\/dutchhealthstore\"]}]}<\/script>\n<meta property=\"product:brand\" content=\"Living Libations\" \/>\n<meta property=\"og:availability\" content=\"instock\" \/>\n<meta property=\"product:availability\" content=\"instock\" \/>\n<meta property=\"product:condition\" content=\"new\" \/>\n<!-- \/ Yoast SEO Premium plugin. -->","yoast_head_json":{"title":"Ginger Root Essential Oil | Living Libations","description":"Bringen Sie Ihre Geschmacksknospen zum Klingen und beleben Sie Ihre Sinne mit dieser w\u00fcrzigen Wurzel, die schon die Apotheken im alten Arabien, Indien und China begeisterte.","robots":{"index":"index","follow":"follow","max-snippet":"max-snippet:-1","max-image-preview":"max-image-preview:large","max-video-preview":"max-video-preview:-1"},"canonical":"https:\/\/dutchhealthstore.com\/de\/product\/ginger-root-essential-oil\/","og_locale":"de_DE","og_type":"article","og_title":"Ginger Root Essential Oil - Dutch Health Store","og_description":"Bringen Sie Ihre Geschmacksknospen zum Klingen und beleben Sie Ihre Sinne mit dieser w\u00fcrzigen Wurzel, die schon die Apotheken im alten Arabien, Indien und China begeisterte.","og_url":"https:\/\/dutchhealthstore.com\/de\/product\/ginger-root-essential-oil\/","og_site_name":"Dutch Health Store","article_publisher":"https:\/\/www.instagram.com\/dutchhealthstore\/","article_modified_time":"2026-03-28T19:23:06+00:00","og_image":[{"width":500,"height":500,"url":"https:\/\/dutchhealthstore.com\/wp-content\/uploads\/2020\/07\/Living-Libations-Ginger-Root-e1594285596635.jpg","type":"image\/jpeg"}],"twitter_card":"summary_large_image","twitter_misc":{"Verf\u00fcgbarkeit":"Auf Lager"},"schema":{"@context":"https:\/\/schema.org","@graph":[{"@type":"WebPage","@id":"https:\/\/dutchhealthstore.com\/de\/product\/ginger-root-essential-oil\/","url":"https:\/\/dutchhealthstore.com\/de\/product\/ginger-root-essential-oil\/","name":"Ginger Root Essential Oil | Living Libations","isPartOf":{"@id":"https:\/\/dutchhealthstore.com\/de\/#website"},"primaryImageOfPage":{"@id":"https:\/\/dutchhealthstore.com\/de\/product\/ginger-root-essential-oil\/#primaryimage"},"image":{"@id":"https:\/\/dutchhealthstore.com\/de\/product\/ginger-root-essential-oil\/#primaryimage"},"thumbnailUrl":"https:\/\/dutchhealthstore.com\/wp-content\/uploads\/2020\/07\/Living-Libations-Ginger-Root-e1594285596635.jpg","datePublished":"2020-07-09T07:10:22+00:00","dateModified":"2026-03-28T19:23:06+00:00","description":"Bringen Sie Ihre Geschmacksknospen zum Klingen und beleben Sie Ihre Sinne mit dieser w\u00fcrzigen Wurzel, die schon die Apotheken im alten Arabien, Indien und China begeisterte.","breadcrumb":{"@id":"https:\/\/dutchhealthstore.com\/de\/product\/ginger-root-essential-oil\/#breadcrumb"},"inLanguage":"de","potentialAction":[{"@type":"ReadAction","target":["https:\/\/dutchhealthstore.com\/de\/product\/ginger-root-essential-oil\/"]}]},{"@type":"ImageObject","inLanguage":"de","@id":"https:\/\/dutchhealthstore.com\/de\/product\/ginger-root-essential-oil\/#primaryimage","url":"https:\/\/dutchhealthstore.com\/wp-content\/uploads\/2020\/07\/Living-Libations-Ginger-Root-e1594285596635.jpg","contentUrl":"https:\/\/dutchhealthstore.com\/wp-content\/uploads\/2020\/07\/Living-Libations-Ginger-Root-e1594285596635.jpg","width":500,"height":500,"caption":"Living Libations Ginger Root Essential Oil"},{"@type":"BreadcrumbList","@id":"https:\/\/dutchhealthstore.com\/de\/product\/ginger-root-essential-oil\/#breadcrumb","itemListElement":[{"@type":"ListItem","position":1,"name":"Home","item":"https:\/\/dutchhealthstore.com\/de\/"},{"@type":"ListItem","position":2,"name":"Shop","item":"https:\/\/dutchhealthstore.com\/de\/shop-2\/"},{"@type":"ListItem","position":3,"name":"Ginger Root Essential Oil"}]},{"@type":"WebSite","@id":"https:\/\/dutchhealthstore.com\/de\/#website","url":"https:\/\/dutchhealthstore.com\/de\/","name":"Dutch Health Store","description":"Enhance Your Beauty with Organic &amp; Natural Skincare","publisher":{"@id":"https:\/\/dutchhealthstore.com\/de\/#organization"},"potentialAction":[{"@type":"SearchAction","target":{"@type":"EntryPoint","urlTemplate":"https:\/\/dutchhealthstore.com\/de\/?s={search_term_string}"},"query-input":{"@type":"PropertyValueSpecification","valueRequired":true,"valueName":"search_term_string"}}],"inLanguage":"de"},{"@type":"Organization","@id":"https:\/\/dutchhealthstore.com\/de\/#organization","name":"Dutch Health Store","url":"https:\/\/dutchhealthstore.com\/de\/","logo":{"@type":"ImageObject","inLanguage":"de","@id":"https:\/\/dutchhealthstore.com\/de\/#\/schema\/logo\/image\/","url":"https:\/\/dutchhealthstore.com\/wp-content\/uploads\/2020\/08\/logo-dutchhealthstore-jpg-e1599484957574.jpg","contentUrl":"https:\/\/dutchhealthstore.com\/wp-content\/uploads\/2020\/08\/logo-dutchhealthstore-jpg-e1599484957574.jpg","width":400,"height":62,"caption":"Dutch Health Store"},"image":{"@id":"https:\/\/dutchhealthstore.com\/de\/#\/schema\/logo\/image\/"},"sameAs":["https:\/\/www.instagram.com\/dutchhealthstore\/","https:\/\/www.facebook.com\/dutchhealthstore"]}]},"product_brand":"Living Libations","og_availability":"instock","product_availability":"instock","product_condition":"new"},"_links":{"self":[{"href":"https:\/\/dutchhealthstore.com\/de\/wp-json\/wp\/v2\/product\/118776","targetHints":{"allow":["GET"]}}],"collection":[{"href":"https:\/\/dutchhealthstore.com\/de\/wp-json\/wp\/v2\/product"}],"about":[{"href":"https:\/\/dutchhealthstore.com\/de\/wp-json\/wp\/v2\/types\/product"}],"replies":[{"embeddable":true,"href":"https:\/\/dutchhealthstore.com\/de\/wp-json\/wp\/v2\/comments?post=118776"}],"wp:featuredmedia":[{"embeddable":true,"href":"https:\/\/dutchhealthstore.com\/de\/wp-json\/wp\/v2\/media\/112346"}],"wp:attachment":[{"href":"https:\/\/dutchhealthstore.com\/de\/wp-json\/wp\/v2\/media?parent=118776"}],"wp:term":[{"taxonomy":"product_brand","embeddable":true,"href":"https:\/\/dutchhealthstore.com\/de\/wp-json\/wp\/v2\/product_brand?post=118776"},{"taxonomy":"product_cat","embeddable":true,"href":"https:\/\/dutchhealthstore.com\/de\/wp-json\/wp\/v2\/product_cat?post=118776"},{"taxonomy":"product_tag","embeddable":true,"href":"https:\/\/dutchhealthstore.com\/de\/wp-json\/wp\/v2\/product_tag?post=118776"}],"curies":[{"name":"wp","href":"https:\/\/api.w.org\/{rel}","templated":true}]}}