{"id":118711,"date":"2019-01-05T22:02:13","date_gmt":"2019-01-05T21:02:13","guid":{"rendered":"https:\/\/dutchhealthstore.com\/product\/garlic-essential-oil\/"},"modified":"2024-08-11T22:12:02","modified_gmt":"2024-08-11T20:12:02","slug":"garlic-essential-oil","status":"publish","type":"product","link":"https:\/\/dutchhealthstore.com\/de\/product\/garlic-essential-oil\/","title":{"rendered":"Garlic Essential Oil"},"content":{"rendered":"<p><img decoding=\"async\" class=\"size-full wp-image-37041 alignright\" src=\"https:\/\/dutchhealthstore.com\/wp-content\/uploads\/2018\/04\/Living_Libations-1.png\" alt=\"Organic &amp; Natural Beautyproducts - Living Libations\" width=\"175\" height=\"82\"><strong>Botanischer Name:<\/strong> Allium sativum<br \/>\n<strong>Botanische Familie:<\/strong> Amaryllidaceae<br \/>\n<strong>Extraktionsverfahren:<\/strong> Molekulare Destillation<br \/>\n<strong>Teil der Pflanze Destilliert:<\/strong> Zwiebeln<br \/>\n<strong>Herkunftsland:<\/strong> \u00d6sterreich<br \/>\n<strong>Anbaumethode:<\/strong> Bio<br \/>\n<strong>Zusammensetzung:<\/strong> 100% Allium sativum<br \/>\n<strong>Konsistenz:<\/strong> mittel<\/p>\n<h3>Beschreibung des Duftes<\/h3>\n<p>Klassischer Knoblauch, destilliert zu scharfer Perfektion.<\/p>\n<h3>Gut mischbar mit<\/h3>\n<p>Kardamon, Estragon, Koriander, Thymian, s\u00fc\u00dfer Thymian, Oregano, Salbei, Majoran, Zimt, Nelke, Echinacea, Zitrone, Blutorange, Ysop, Bergamotte, Vanille und Limette.<\/p>\n<a href=\"https:\/\/dutchhealthstore.com\/wp-content\/uploads\/2019\/01\/ANALYSIS-Garlic-Essential-Oil-Living-Libations.pdf\" class=\"button primary is-primary is-small\"  >\n\t\t<span>ANALYSE DER \u00c4THERISCHEN \u00d6LE &gt;<\/span>\n\t<\/a>\n\n<h3>Verwenden Sie<\/h3>\n<p>Ein Hauch davon bringt die S\u00e4fte zum Flie\u00dfen. Perfekt f\u00fcr kulinarische Kreationen und zur Herstellung von synergetischen Mischungen mit anderen oben aufgef\u00fchrten kulinarischen \u00e4therischen \u00d6len. Aperitif. F\u00fcr die Verwendung in der K\u00fcche verd\u00fcnnen Sie das \u00e4therische \u00d6l in Lebensmitteln, f\u00fcr die \u00f6rtliche Anwendung verd\u00fcnnen Sie 2 Tropfen in mindestens 2 Essl\u00f6ffeln eines Tr\u00e4ger\u00f6ls.<\/p>\n<p style=\"text-align: center;\"><em>&#8222;Knoblauch ist g\u00f6ttlich.&#8220;<\/em><\/p>\n<p style=\"text-align: center;\">~Anthony Bourdain, <strong>Kitchen Confidential<\/strong><\/p>\n<p><strong>Herrlicher Knoblauch!<\/strong><br \/>\nDie Welt hat eine zeitlose Liebesaff\u00e4re mit dieser potenten kleinen Gl\u00fchbirne gepflegt. In The Practice of Aromatherapy (Die Praxis der Aromatherapie) erkl\u00e4rt Jean Valnet, dass Knoblauch im alten \u00c4gypten in den Rang einer Gottheit erhoben wurde und dass die Pyramidenbauer t\u00e4glich eine Knoblauchzehe erhielten, um die Potenz zu beleben und zu st\u00e4rken. Die ph\u00f6nizischen Seefahrer reisten mit gro\u00dfen Mengen Knoblauch, die sie a\u00dfen, um innere Ausgeglichenheit zu erreichen.<\/p>\n<p>Dies ist weit mehr als ein \u00d6laufguss. Unser Garlic Essential Oil ist ein organischer, superkritischer Extrakt, der durch molekulare Destillation aus frisch geriebenem Knoblauch hergestellt wird und etwa 900-mal st\u00e4rker ist als frischer Knoblauch.<\/p>\n<p>Verwenden Sie diese wunderbare Allium-Essenz aus all den Gr\u00fcnden, aus denen Sie auch frischen Knoblauch verwenden w\u00fcrden. Es ist wundersch\u00f6n in der K\u00fcche &#8211; der Duft bringt die S\u00e4fte zum Flie\u00dfen und den Magen zum Knurren! Es ist auch ein starkes botanisches Biotikum, das topisch verwendet wird, um das Gleichgewicht des K\u00f6rpers zu erhalten. Ein Tropfen im Shampoo kann Sch\u00e4dlinge aus der Kindheit vertreiben. Zum Gebrauch verd\u00fcnnen.<\/p>\n<p><strong>Gr\u00f6\u00dfe: 5 ml und 15 ml<\/strong><\/p>\n<h3>Bio-Zutaten<\/h3>\n<p>100% \u00e4therisches Knoblauch\u00f6l (Allium sativum).<\/p>\n<p style=\"text-align: center;\"><em>&#8222;Ich konnte Knoblauch, Butter und Wein riechen &#8211; die k\u00f6stlichste Geschmackskombination der Welt. <\/em><\/p>\n<p style=\"text-align: center;\"><em>Mir wurde warm, so wie es bei den ersten Schlucken Wein immer der Fall ist.&#8220;<\/em><\/p>\n<p style=\"text-align: center;\">~Sarah Jio, <strong>The Violets of March<\/strong><\/p>\n<p><img fetchpriority=\"high\" decoding=\"async\" class=\"size-full wp-image-31577 aligncenter\" src=\"https:\/\/dutchhealthstore.com\/wp-content\/uploads\/2018\/03\/organic_big.png\" alt=\"Organic and Natural - Living Libations\" width=\"623\" height=\"103\" srcset=\"https:\/\/dutchhealthstore.com\/wp-content\/uploads\/2018\/03\/organic_big.png 623w, https:\/\/dutchhealthstore.com\/wp-content\/uploads\/2018\/03\/organic_big-510x84.png 510w, https:\/\/dutchhealthstore.com\/wp-content\/uploads\/2018\/03\/organic_big-600x99.png 600w, https:\/\/dutchhealthstore.com\/wp-content\/uploads\/2018\/03\/organic_big-350x58.png 350w\" sizes=\"(max-width: 623px) 100vw, 623px\" \/><\/p>\n","protected":false},"excerpt":{"rendered":"<p><strong>Garlic Essential Oil <\/strong>f\u00e4ngt die G\u00fcte des Knoblauchs in Form einer goldenen, fl\u00fcssigen Essenz ein und ist wesentlich aromatischer als frische Knoblauchknollen.<br \/>\nSeine umami-Sch\u00e4rfe macht ihn zur K\u00f6nigin der K\u00fcche und seine schwefelhaltigen Verbindungen zum Chef des pflanzlich-biotischen Gleichgewichts.<\/p>\n","protected":false},"featured_media":337413,"comment_status":"open","ping_status":"closed","template":"","meta":[],"product_brand":[],"product_cat":[1508,1546,6737,1493,1210,511,6736],"product_tag":[1547],"class_list":{"0":"post-118711","1":"product","2":"type-product","3":"status-publish","4":"has-post-thumbnail","6":"product_cat-aetherische-oele-living-libations","7":"product_cat-essential-oils-living-libations-de","8":"product_cat-essential-oils-de-2","9":"product_cat-living-libations-deutschland","10":"product_cat-marken","11":"product_cat-produkte","12":"product_cat-wellness-de","13":"product_tag-essential-oil-de","14":"pa_brand-livinglibations-de","15":"pa_essential-oils-product-type-essential-oils-de","16":"pa_size-15-ml-de-2","17":"pa_size-5-ml-de","19":"first","20":"instock","21":"taxable","22":"shipping-taxable","23":"purchasable","24":"product-type-variable"},"bundled_by":[],"bundle_stock_status":"instock","bundle_stock_quantity":null,"bundle_virtual":false,"bundle_layout":"","bundle_add_to_cart_form_location":"","bundle_editable_in_cart":false,"bundle_sold_individually_context":"","bundle_item_grouping":"","bundle_min_size":"","bundle_max_size":"","bundle_price":[],"bundled_items":[],"bundle_sell_ids":[],"atum_controlled":true,"out_stock_date":null,"out_stock_threshold":null,"inheritable":true,"stock_on_hold":0,"sold_today":0,"sales_last_days":0,"out_stock_days":0,"lost_sales":0,"update_date":"2026-05-01T00:15:11","atum_locations":[],"atum_stock_status":"instock","restock_status":false,"low_stock_amount":"","sales_update_date":"2026-05-01T00:15:11","calc_backorders":null,"group_of_quantity":0,"min_quantity":0,"max_quantity":"","exclude_order_quantity_value_rules":"no","exclude_category_quantity_rules":"no","combine_variations":"no","yoast_head":"<!-- This site is optimized with the Yoast SEO Premium plugin v26.5 (Yoast SEO v26.5) - https:\/\/yoast.com\/wordpress\/plugins\/seo\/ -->\n<title>Garlic Essential Oil | Living Libations<\/title>\n<meta name=\"description\" content=\"Garlic Essential Oil f\u00e4ngt die G\u00fcte des Knoblauchs in Form einer goldenen, fl\u00fcssigen Essenz ein und ist weitaus aromatischer als frische Knoblauchknollen.\" \/>\n<meta name=\"robots\" content=\"index, follow, max-snippet:-1, max-image-preview:large, max-video-preview:-1\" \/>\n<link rel=\"canonical\" href=\"https:\/\/dutchhealthstore.com\/de\/product\/garlic-essential-oil\/\" \/>\n<meta property=\"og:locale\" content=\"de_DE\" \/>\n<meta property=\"og:type\" content=\"article\" \/>\n<meta property=\"og:title\" content=\"Garlic Essential Oil - Dutch Health Store\" \/>\n<meta property=\"og:description\" content=\"Garlic Essential Oil f\u00e4ngt die G\u00fcte des Knoblauchs in Form einer goldenen, fl\u00fcssigen Essenz ein und ist weitaus aromatischer als frische Knoblauchknollen.\" \/>\n<meta property=\"og:url\" content=\"https:\/\/dutchhealthstore.com\/de\/product\/garlic-essential-oil\/\" \/>\n<meta property=\"og:site_name\" content=\"Dutch Health Store\" \/>\n<meta property=\"article:publisher\" content=\"https:\/\/www.instagram.com\/dutchhealthstore\/\" \/>\n<meta property=\"article:modified_time\" content=\"2024-08-11T20:12:02+00:00\" \/>\n<meta property=\"og:image\" content=\"https:\/\/dutchhealthstore.com\/wp-content\/uploads\/2019\/01\/Living-Libations-Garlic-Essential-Oil-1.jpg\" \/>\n\t<meta property=\"og:image:width\" content=\"500\" \/>\n\t<meta property=\"og:image:height\" content=\"500\" \/>\n\t<meta property=\"og:image:type\" content=\"image\/jpeg\" \/>\n<meta name=\"twitter:card\" content=\"summary_large_image\" \/>\n<meta name=\"twitter:label1\" content=\"Verf\u00fcgbarkeit\" \/>\n\t<meta name=\"twitter:data1\" content=\"Auf Lager\" \/>\n<script type=\"application\/ld+json\" class=\"yoast-schema-graph\">{\"@context\":\"https:\/\/schema.org\",\"@graph\":[{\"@type\":\"WebPage\",\"@id\":\"https:\/\/dutchhealthstore.com\/de\/product\/garlic-essential-oil\/\",\"url\":\"https:\/\/dutchhealthstore.com\/de\/product\/garlic-essential-oil\/\",\"name\":\"Garlic Essential Oil | Living Libations\",\"isPartOf\":{\"@id\":\"https:\/\/dutchhealthstore.com\/de\/#website\"},\"primaryImageOfPage\":{\"@id\":\"https:\/\/dutchhealthstore.com\/de\/product\/garlic-essential-oil\/#primaryimage\"},\"image\":{\"@id\":\"https:\/\/dutchhealthstore.com\/de\/product\/garlic-essential-oil\/#primaryimage\"},\"thumbnailUrl\":\"https:\/\/dutchhealthstore.com\/wp-content\/uploads\/2019\/01\/2025-04-15-13_35_11-Garlic-Essential-Oil-\u2013-Living-Libations-INT-1.jpg\",\"datePublished\":\"2019-01-05T21:02:13+00:00\",\"dateModified\":\"2024-08-11T20:12:02+00:00\",\"description\":\"Garlic Essential Oil f\u00e4ngt die G\u00fcte des Knoblauchs in Form einer goldenen, fl\u00fcssigen Essenz ein und ist weitaus aromatischer als frische Knoblauchknollen.\",\"breadcrumb\":{\"@id\":\"https:\/\/dutchhealthstore.com\/de\/product\/garlic-essential-oil\/#breadcrumb\"},\"inLanguage\":\"de\",\"potentialAction\":[{\"@type\":\"ReadAction\",\"target\":[\"https:\/\/dutchhealthstore.com\/de\/product\/garlic-essential-oil\/\"]}]},{\"@type\":\"ImageObject\",\"inLanguage\":\"de\",\"@id\":\"https:\/\/dutchhealthstore.com\/de\/product\/garlic-essential-oil\/#primaryimage\",\"url\":\"https:\/\/dutchhealthstore.com\/wp-content\/uploads\/2019\/01\/2025-04-15-13_35_11-Garlic-Essential-Oil-\u2013-Living-Libations-INT-1.jpg\",\"contentUrl\":\"https:\/\/dutchhealthstore.com\/wp-content\/uploads\/2019\/01\/2025-04-15-13_35_11-Garlic-Essential-Oil-\u2013-Living-Libations-INT-1.jpg\",\"width\":530,\"height\":530},{\"@type\":\"BreadcrumbList\",\"@id\":\"https:\/\/dutchhealthstore.com\/de\/product\/garlic-essential-oil\/#breadcrumb\",\"itemListElement\":[{\"@type\":\"ListItem\",\"position\":1,\"name\":\"Home\",\"item\":\"https:\/\/dutchhealthstore.com\/de\/\"},{\"@type\":\"ListItem\",\"position\":2,\"name\":\"Shop\",\"item\":\"https:\/\/dutchhealthstore.com\/de\/shop-2\/\"},{\"@type\":\"ListItem\",\"position\":3,\"name\":\"Garlic Essential Oil\"}]},{\"@type\":\"WebSite\",\"@id\":\"https:\/\/dutchhealthstore.com\/de\/#website\",\"url\":\"https:\/\/dutchhealthstore.com\/de\/\",\"name\":\"Dutch Health Store\",\"description\":\"Enhance Your Beauty with Organic &amp; Natural Skincare\",\"publisher\":{\"@id\":\"https:\/\/dutchhealthstore.com\/de\/#organization\"},\"potentialAction\":[{\"@type\":\"SearchAction\",\"target\":{\"@type\":\"EntryPoint\",\"urlTemplate\":\"https:\/\/dutchhealthstore.com\/de\/?s={search_term_string}\"},\"query-input\":{\"@type\":\"PropertyValueSpecification\",\"valueRequired\":true,\"valueName\":\"search_term_string\"}}],\"inLanguage\":\"de\"},{\"@type\":\"Organization\",\"@id\":\"https:\/\/dutchhealthstore.com\/de\/#organization\",\"name\":\"Dutch Health Store\",\"url\":\"https:\/\/dutchhealthstore.com\/de\/\",\"logo\":{\"@type\":\"ImageObject\",\"inLanguage\":\"de\",\"@id\":\"https:\/\/dutchhealthstore.com\/de\/#\/schema\/logo\/image\/\",\"url\":\"https:\/\/dutchhealthstore.com\/wp-content\/uploads\/2020\/08\/logo-dutchhealthstore-jpg-e1599484957574.jpg\",\"contentUrl\":\"https:\/\/dutchhealthstore.com\/wp-content\/uploads\/2020\/08\/logo-dutchhealthstore-jpg-e1599484957574.jpg\",\"width\":400,\"height\":62,\"caption\":\"Dutch Health Store\"},\"image\":{\"@id\":\"https:\/\/dutchhealthstore.com\/de\/#\/schema\/logo\/image\/\"},\"sameAs\":[\"https:\/\/www.instagram.com\/dutchhealthstore\/\",\"https:\/\/www.facebook.com\/dutchhealthstore\"]}]}<\/script>\n<meta property=\"product:brand\" content=\"Living Libations\" \/>\n<meta property=\"og:availability\" content=\"instock\" \/>\n<meta property=\"product:availability\" content=\"instock\" \/>\n<meta property=\"product:condition\" content=\"new\" \/>\n<!-- \/ Yoast SEO Premium plugin. -->","yoast_head_json":{"title":"Garlic Essential Oil | Living Libations","description":"Garlic Essential Oil f\u00e4ngt die G\u00fcte des Knoblauchs in Form einer goldenen, fl\u00fcssigen Essenz ein und ist weitaus aromatischer als frische Knoblauchknollen.","robots":{"index":"index","follow":"follow","max-snippet":"max-snippet:-1","max-image-preview":"max-image-preview:large","max-video-preview":"max-video-preview:-1"},"canonical":"https:\/\/dutchhealthstore.com\/de\/product\/garlic-essential-oil\/","og_locale":"de_DE","og_type":"article","og_title":"Garlic Essential Oil - Dutch Health Store","og_description":"Garlic Essential Oil f\u00e4ngt die G\u00fcte des Knoblauchs in Form einer goldenen, fl\u00fcssigen Essenz ein und ist weitaus aromatischer als frische Knoblauchknollen.","og_url":"https:\/\/dutchhealthstore.com\/de\/product\/garlic-essential-oil\/","og_site_name":"Dutch Health Store","article_publisher":"https:\/\/www.instagram.com\/dutchhealthstore\/","article_modified_time":"2024-08-11T20:12:02+00:00","og_image":[{"width":500,"height":500,"url":"https:\/\/dutchhealthstore.com\/wp-content\/uploads\/2019\/01\/Living-Libations-Garlic-Essential-Oil-1.jpg","type":"image\/jpeg"}],"twitter_card":"summary_large_image","twitter_misc":{"Verf\u00fcgbarkeit":"Auf Lager"},"schema":{"@context":"https:\/\/schema.org","@graph":[{"@type":"WebPage","@id":"https:\/\/dutchhealthstore.com\/de\/product\/garlic-essential-oil\/","url":"https:\/\/dutchhealthstore.com\/de\/product\/garlic-essential-oil\/","name":"Garlic Essential Oil | Living Libations","isPartOf":{"@id":"https:\/\/dutchhealthstore.com\/de\/#website"},"primaryImageOfPage":{"@id":"https:\/\/dutchhealthstore.com\/de\/product\/garlic-essential-oil\/#primaryimage"},"image":{"@id":"https:\/\/dutchhealthstore.com\/de\/product\/garlic-essential-oil\/#primaryimage"},"thumbnailUrl":"https:\/\/dutchhealthstore.com\/wp-content\/uploads\/2019\/01\/2025-04-15-13_35_11-Garlic-Essential-Oil-\u2013-Living-Libations-INT-1.jpg","datePublished":"2019-01-05T21:02:13+00:00","dateModified":"2024-08-11T20:12:02+00:00","description":"Garlic Essential Oil f\u00e4ngt die G\u00fcte des Knoblauchs in Form einer goldenen, fl\u00fcssigen Essenz ein und ist weitaus aromatischer als frische Knoblauchknollen.","breadcrumb":{"@id":"https:\/\/dutchhealthstore.com\/de\/product\/garlic-essential-oil\/#breadcrumb"},"inLanguage":"de","potentialAction":[{"@type":"ReadAction","target":["https:\/\/dutchhealthstore.com\/de\/product\/garlic-essential-oil\/"]}]},{"@type":"ImageObject","inLanguage":"de","@id":"https:\/\/dutchhealthstore.com\/de\/product\/garlic-essential-oil\/#primaryimage","url":"https:\/\/dutchhealthstore.com\/wp-content\/uploads\/2019\/01\/2025-04-15-13_35_11-Garlic-Essential-Oil-\u2013-Living-Libations-INT-1.jpg","contentUrl":"https:\/\/dutchhealthstore.com\/wp-content\/uploads\/2019\/01\/2025-04-15-13_35_11-Garlic-Essential-Oil-\u2013-Living-Libations-INT-1.jpg","width":530,"height":530},{"@type":"BreadcrumbList","@id":"https:\/\/dutchhealthstore.com\/de\/product\/garlic-essential-oil\/#breadcrumb","itemListElement":[{"@type":"ListItem","position":1,"name":"Home","item":"https:\/\/dutchhealthstore.com\/de\/"},{"@type":"ListItem","position":2,"name":"Shop","item":"https:\/\/dutchhealthstore.com\/de\/shop-2\/"},{"@type":"ListItem","position":3,"name":"Garlic Essential Oil"}]},{"@type":"WebSite","@id":"https:\/\/dutchhealthstore.com\/de\/#website","url":"https:\/\/dutchhealthstore.com\/de\/","name":"Dutch Health Store","description":"Enhance Your Beauty with Organic &amp; Natural Skincare","publisher":{"@id":"https:\/\/dutchhealthstore.com\/de\/#organization"},"potentialAction":[{"@type":"SearchAction","target":{"@type":"EntryPoint","urlTemplate":"https:\/\/dutchhealthstore.com\/de\/?s={search_term_string}"},"query-input":{"@type":"PropertyValueSpecification","valueRequired":true,"valueName":"search_term_string"}}],"inLanguage":"de"},{"@type":"Organization","@id":"https:\/\/dutchhealthstore.com\/de\/#organization","name":"Dutch Health Store","url":"https:\/\/dutchhealthstore.com\/de\/","logo":{"@type":"ImageObject","inLanguage":"de","@id":"https:\/\/dutchhealthstore.com\/de\/#\/schema\/logo\/image\/","url":"https:\/\/dutchhealthstore.com\/wp-content\/uploads\/2020\/08\/logo-dutchhealthstore-jpg-e1599484957574.jpg","contentUrl":"https:\/\/dutchhealthstore.com\/wp-content\/uploads\/2020\/08\/logo-dutchhealthstore-jpg-e1599484957574.jpg","width":400,"height":62,"caption":"Dutch Health Store"},"image":{"@id":"https:\/\/dutchhealthstore.com\/de\/#\/schema\/logo\/image\/"},"sameAs":["https:\/\/www.instagram.com\/dutchhealthstore\/","https:\/\/www.facebook.com\/dutchhealthstore"]}]},"product_brand":"Living Libations","og_availability":"instock","product_availability":"instock","product_condition":"new"},"_links":{"self":[{"href":"https:\/\/dutchhealthstore.com\/de\/wp-json\/wp\/v2\/product\/118711","targetHints":{"allow":["GET"]}}],"collection":[{"href":"https:\/\/dutchhealthstore.com\/de\/wp-json\/wp\/v2\/product"}],"about":[{"href":"https:\/\/dutchhealthstore.com\/de\/wp-json\/wp\/v2\/types\/product"}],"replies":[{"embeddable":true,"href":"https:\/\/dutchhealthstore.com\/de\/wp-json\/wp\/v2\/comments?post=118711"}],"wp:featuredmedia":[{"embeddable":true,"href":"https:\/\/dutchhealthstore.com\/de\/wp-json\/wp\/v2\/media\/337413"}],"wp:attachment":[{"href":"https:\/\/dutchhealthstore.com\/de\/wp-json\/wp\/v2\/media?parent=118711"}],"wp:term":[{"taxonomy":"product_brand","embeddable":true,"href":"https:\/\/dutchhealthstore.com\/de\/wp-json\/wp\/v2\/product_brand?post=118711"},{"taxonomy":"product_cat","embeddable":true,"href":"https:\/\/dutchhealthstore.com\/de\/wp-json\/wp\/v2\/product_cat?post=118711"},{"taxonomy":"product_tag","embeddable":true,"href":"https:\/\/dutchhealthstore.com\/de\/wp-json\/wp\/v2\/product_tag?post=118711"}],"curies":[{"name":"wp","href":"https:\/\/api.w.org\/{rel}","templated":true}]}}