{"id":118617,"date":"2018-11-26T20:48:17","date_gmt":"2018-11-26T19:48:17","guid":{"rendered":"https:\/\/dutchhealthstore.com\/product\/royal-hojari-frankincense\/"},"modified":"2025-04-07T11:08:22","modified_gmt":"2025-04-07T09:08:22","slug":"royal-hojari-frankincense","status":"publish","type":"product","link":"https:\/\/dutchhealthstore.com\/de\/product\/royal-hojari-frankincense\/","title":{"rendered":"Frankincense, Royal Hojari Essential Oil"},"content":{"rendered":"<p dir=\"ltr\"><img decoding=\"async\" class=\"alignright size-full wp-image-37041\" src=\"https:\/\/dutchhealthstore.com\/wp-content\/uploads\/2018\/04\/Living_Libations-1.png\" alt=\"Organic &amp; Natural Beautyproducts - Living Libations\" width=\"175\" height=\"82\"><strong>Botanischer Name:<\/strong> Boswellia sacra<br \/>\n<strong>Botanische Familie:<\/strong> Burseraceae<br \/>\n<strong>Extraktionsverfahren:<\/strong> Hydro-Destillation in Kupferkesseln<br \/>\n<strong>Teil der Pflanze Destilliert:<\/strong> Wei\u00dfes Harz<br \/>\n<strong>Herkunftsland:<\/strong> Dhofar, Oman<br \/>\n<strong>Anbaumethode:<\/strong> Wildwachsend<br \/>\n<strong>Zusammensetzung:<\/strong> 100% Boswellia sacra<br \/>\n<strong>Konsistenz:<\/strong> D\u00fcnn<\/p>\n<h3>Beschreibung des Duftes<\/h3>\n<p dir=\"ltr\">S\u00fc\u00dfe, harzige Wurzeln mit einem kl\u00e4renden balsamischen Unterton.<\/p>\n<h3>Gut mischbar mit<\/h3>\n<p dir=\"ltr\">Grapefruit, Rose Otto, Fragonia, Majoran, Tannen, Myrrhe, Fichte, Sanddorn, Immortelle, Ylang, Sandelholz, Palo Santo, Bergamotte, Myrrhe, s\u00fc\u00dfer Thymian, Wei\u00dftanne, Oregano, Zitronenmyrte, Muskatellersalbei, W\u00fcstensalbei und Kamille.<\/p>\n<a href=\"https:\/\/dutchhealthstore.com\/wp-content\/uploads\/2018\/11\/ANALYSIS-Frankincense-Royal-Hojari-Essential-Oil-Living-Libations-1.pdf\" class=\"button primary is-primary is-small\"  >\n\t\t<span>ANALYSE DER \u00c4THERISCHEN \u00d6LE &gt;<\/span>\n\t<\/a>\n\n<h3>Verwendet<\/h3>\n<p dir=\"ltr\">W\u00e4hrend jede Art von Weihrauch st\u00e4rkend und sch\u00f6n f\u00fcr die Haut- und Mundpflege, g\u00f6ttlich in Diffusoren, Salzpfeifen und fokussierend in der Meditation ist, zeichnet sich die h\u00f6chste Qualit\u00e4t des Royal Hojari Weihrauchs besonders in der Pflege von Geist, Meditation und Seele aus. Es ist auch ein k\u00f6nigliches Parf\u00fcm.<\/p>\n<p dir=\"ltr\">Royal Hojari Frankincense wird aus gro\u00dfen, wei\u00dfen Weihrauch-Tr\u00e4nen destilliert, die von wilden Weihrauchb\u00e4umen in der Bergregion von Oman nur im Herbst nach den Sommerregen geerntet werden. Diese essenzielle Essenz wird langsam in Kupferkesseln destilliert, um ein sch\u00f6nes, silbrig klares \u00d6l mit einem komplexen und zarten Aroma zu erhalten, das Ehrfurcht einfl\u00f6\u00dft. Zu biblischen Zeiten wurde diese Essenz im Hafen von Samaram zum gleichen Preis wie Gold und Myrrhe gekauft und als kostbare Ware \u00fcber die Seidenstra\u00dfe gehandelt.<\/p>\n<p dir=\"ltr\"><strong>Gr\u00f6\u00dfe: 5 ml, 15 ml und 30 ml<\/strong><\/p>\n<h3 dir=\"ltr\">Organic Ingredients<\/h3>\n<p dir=\"ltr\">\u00c4therisches \u00d6l aus 100% k\u00f6niglichem Hojari-Weihrauch (Boswellia sacra).<\/p>\n<p dir=\"ltr\" style=\"text-align: center;\"><em>&#8222;Weihrauch wirkt, indem er den Zustand konzentrierter Kontemplation herbeif\u00fchrt, der f\u00fcr das Streben nach dem G\u00f6ttlichen, nach dem Geist, notwendig ist. <\/em><br \/>\n<em>Andererseits wurde das Harz verbrannt, um die Menschen mit dem Duft der G\u00f6ttlichkeit zu segnen und zu inspirieren&#8230; Es war der Duft der Reinigung.&#8220;<\/em><br \/>\n\u223c Peter Holmes, <strong>Frankincense Oil: The Rainbow Bridge<\/strong><\/p>\n<p><img fetchpriority=\"high\" decoding=\"async\" class=\"aligncenter size-full wp-image-31577\" src=\"https:\/\/dutchhealthstore.com\/wp-content\/uploads\/2018\/03\/organic_big.png\" alt=\"Organic and Natural - Living Libations\" width=\"623\" height=\"103\" srcset=\"https:\/\/dutchhealthstore.com\/wp-content\/uploads\/2018\/03\/organic_big.png 623w, https:\/\/dutchhealthstore.com\/wp-content\/uploads\/2018\/03\/organic_big-510x84.png 510w, https:\/\/dutchhealthstore.com\/wp-content\/uploads\/2018\/03\/organic_big-600x99.png 600w, https:\/\/dutchhealthstore.com\/wp-content\/uploads\/2018\/03\/organic_big-350x58.png 350w\" sizes=\"(max-width: 623px) 100vw, 623px\" \/><\/p>\n","protected":false},"excerpt":{"rendered":"<p dir=\"ltr\">Das seltene <strong>Royal Hojari Frankincense Essential Oil<\/strong>, auch bekannt als Silberweihrauch, wird aus einer exklusiven Qualit\u00e4t von Weihrauchtr\u00e4nen destilliert, die normalerweise K\u00f6nigen und ber\u00fchmten Pers\u00f6nlichkeiten vorbehalten sind.<br \/>\nDiese Weihrauchsorte hat ihre Wurzeln in mehr als f\u00fcnf Jahrtausenden der Menschheitsgeschichte.<br \/>\nDieses feine, duftende \u00d6l, das seit Tausenden von Jahren von Schamanen und K\u00f6nigen in spirituellen Zeremonien gesalbt und inhaliert wird, st\u00e4rkt und energetisiert die Nerven, vertieft die Atmung w\u00e4hrend der Meditation und erh\u00f6ht die Intuition unserer inneren F\u00fchrung.<br \/>\nRoyal Hojari Frankincense enth\u00e4lt die Weisheit der Jahrhunderte und ist eine hervorragende Essenz f\u00fcr h\u00f6chste Hautpflege und tiefe spirituelle Praktiken.<\/p>\n","protected":false},"featured_media":47845,"comment_status":"open","ping_status":"closed","template":"","meta":[],"product_brand":[],"product_cat":[1508,1546,6737,1493,1210,511,6736],"product_tag":[1547],"class_list":{"0":"post-118617","1":"product","2":"type-product","3":"status-publish","4":"has-post-thumbnail","6":"product_cat-aetherische-oele-living-libations","7":"product_cat-essential-oils-living-libations-de","8":"product_cat-essential-oils-de-2","9":"product_cat-living-libations-deutschland","10":"product_cat-marken","11":"product_cat-produkte","12":"product_cat-wellness-de","13":"product_tag-essential-oil-de","14":"pa_brand-livinglibations-de","15":"pa_essential-oils-product-type-essential-oils-de","16":"pa_size-5-ml-de","17":"pa_size-15-ml-de-2","18":"pa_size-30-ml-de","20":"first","21":"instock","22":"taxable","23":"shipping-taxable","24":"purchasable","25":"product-type-variable"},"bundled_by":[],"bundle_stock_status":"instock","bundle_stock_quantity":null,"bundle_virtual":false,"bundle_layout":"","bundle_add_to_cart_form_location":"","bundle_editable_in_cart":false,"bundle_sold_individually_context":"","bundle_item_grouping":"","bundle_min_size":"","bundle_max_size":"","bundle_price":[],"bundled_items":[],"bundle_sell_ids":[],"atum_controlled":true,"out_stock_date":null,"out_stock_threshold":null,"inheritable":true,"stock_on_hold":0,"sold_today":0,"sales_last_days":0,"out_stock_days":0,"lost_sales":0,"update_date":"2026-04-10T09:01:04","atum_locations":[],"atum_stock_status":"instock","restock_status":false,"low_stock_amount":"","sales_update_date":"2026-04-10T09:01:04","calc_backorders":null,"group_of_quantity":0,"min_quantity":0,"max_quantity":"","exclude_order_quantity_value_rules":"no","exclude_category_quantity_rules":"no","combine_variations":"no","yoast_head":"<!-- This site is optimized with the Yoast SEO Premium plugin v26.5 (Yoast SEO v26.5) - https:\/\/yoast.com\/wordpress\/plugins\/seo\/ -->\n<title>Frankincense, Royal Hojari Essential Oil | Living Libations<\/title>\n<meta name=\"description\" content=\"Royal Hojari Frankincense Essential Oil wird aus einer exklusiven Qualit\u00e4t von Weihrauchtr\u00e4nen destilliert, die normalerweise den K\u00f6nigen vorbehalten sind.\" \/>\n<meta name=\"robots\" content=\"index, follow, max-snippet:-1, max-image-preview:large, max-video-preview:-1\" \/>\n<link rel=\"canonical\" href=\"https:\/\/dutchhealthstore.com\/de\/product\/royal-hojari-frankincense\/\" \/>\n<meta property=\"og:locale\" content=\"de_DE\" \/>\n<meta property=\"og:type\" content=\"article\" \/>\n<meta property=\"og:title\" content=\"Frankincense, Royal Hojari Essential Oil - Dutch Health Store\" \/>\n<meta property=\"og:description\" content=\"Royal Hojari Frankincense Essential Oil wird aus einer exklusiven Qualit\u00e4t von Weihrauchtr\u00e4nen destilliert, die normalerweise den K\u00f6nigen vorbehalten sind.\" \/>\n<meta property=\"og:url\" content=\"https:\/\/dutchhealthstore.com\/de\/product\/royal-hojari-frankincense\/\" \/>\n<meta property=\"og:site_name\" content=\"Dutch Health Store\" \/>\n<meta property=\"article:publisher\" content=\"https:\/\/www.instagram.com\/dutchhealthstore\/\" \/>\n<meta property=\"article:modified_time\" content=\"2025-04-07T09:08:22+00:00\" \/>\n<meta property=\"og:image\" content=\"https:\/\/dutchhealthstore.com\/wp-content\/uploads\/2018\/11\/Living-Libations-Royal-Hojari-Frankincense-.jpg\" \/>\n\t<meta property=\"og:image:width\" content=\"478\" \/>\n\t<meta property=\"og:image:height\" content=\"478\" \/>\n\t<meta property=\"og:image:type\" content=\"image\/jpeg\" \/>\n<meta name=\"twitter:card\" content=\"summary_large_image\" \/>\n<meta name=\"twitter:label1\" content=\"Verf\u00fcgbarkeit\" \/>\n\t<meta name=\"twitter:data1\" content=\"Auf Lager\" \/>\n<script type=\"application\/ld+json\" class=\"yoast-schema-graph\">{\"@context\":\"https:\/\/schema.org\",\"@graph\":[{\"@type\":\"WebPage\",\"@id\":\"https:\/\/dutchhealthstore.com\/de\/product\/royal-hojari-frankincense\/\",\"url\":\"https:\/\/dutchhealthstore.com\/de\/product\/royal-hojari-frankincense\/\",\"name\":\"Frankincense, Royal Hojari Essential Oil | Living Libations\",\"isPartOf\":{\"@id\":\"https:\/\/dutchhealthstore.com\/de\/#website\"},\"primaryImageOfPage\":{\"@id\":\"https:\/\/dutchhealthstore.com\/de\/product\/royal-hojari-frankincense\/#primaryimage\"},\"image\":{\"@id\":\"https:\/\/dutchhealthstore.com\/de\/product\/royal-hojari-frankincense\/#primaryimage\"},\"thumbnailUrl\":\"https:\/\/dutchhealthstore.com\/wp-content\/uploads\/2018\/11\/Living-Libations-Royal-Hojari-Frankincense-.jpg\",\"datePublished\":\"2018-11-26T19:48:17+00:00\",\"dateModified\":\"2025-04-07T09:08:22+00:00\",\"description\":\"Royal Hojari Frankincense Essential Oil wird aus einer exklusiven Qualit\u00e4t von Weihrauchtr\u00e4nen destilliert, die normalerweise den K\u00f6nigen vorbehalten sind.\",\"breadcrumb\":{\"@id\":\"https:\/\/dutchhealthstore.com\/de\/product\/royal-hojari-frankincense\/#breadcrumb\"},\"inLanguage\":\"de\",\"potentialAction\":[{\"@type\":\"ReadAction\",\"target\":[\"https:\/\/dutchhealthstore.com\/de\/product\/royal-hojari-frankincense\/\"]}]},{\"@type\":\"ImageObject\",\"inLanguage\":\"de\",\"@id\":\"https:\/\/dutchhealthstore.com\/de\/product\/royal-hojari-frankincense\/#primaryimage\",\"url\":\"https:\/\/dutchhealthstore.com\/wp-content\/uploads\/2018\/11\/Living-Libations-Royal-Hojari-Frankincense-.jpg\",\"contentUrl\":\"https:\/\/dutchhealthstore.com\/wp-content\/uploads\/2018\/11\/Living-Libations-Royal-Hojari-Frankincense-.jpg\",\"width\":478,\"height\":478,\"caption\":\"Living Libations - Royal Hojari Frankincense\"},{\"@type\":\"BreadcrumbList\",\"@id\":\"https:\/\/dutchhealthstore.com\/de\/product\/royal-hojari-frankincense\/#breadcrumb\",\"itemListElement\":[{\"@type\":\"ListItem\",\"position\":1,\"name\":\"Home\",\"item\":\"https:\/\/dutchhealthstore.com\/de\/\"},{\"@type\":\"ListItem\",\"position\":2,\"name\":\"Shop\",\"item\":\"https:\/\/dutchhealthstore.com\/de\/shop-2\/\"},{\"@type\":\"ListItem\",\"position\":3,\"name\":\"Frankincense, Royal Hojari Essential Oil\"}]},{\"@type\":\"WebSite\",\"@id\":\"https:\/\/dutchhealthstore.com\/de\/#website\",\"url\":\"https:\/\/dutchhealthstore.com\/de\/\",\"name\":\"Dutch Health Store\",\"description\":\"Enhance Your Beauty with Organic &amp; Natural Skincare\",\"publisher\":{\"@id\":\"https:\/\/dutchhealthstore.com\/de\/#organization\"},\"potentialAction\":[{\"@type\":\"SearchAction\",\"target\":{\"@type\":\"EntryPoint\",\"urlTemplate\":\"https:\/\/dutchhealthstore.com\/de\/?s={search_term_string}\"},\"query-input\":{\"@type\":\"PropertyValueSpecification\",\"valueRequired\":true,\"valueName\":\"search_term_string\"}}],\"inLanguage\":\"de\"},{\"@type\":\"Organization\",\"@id\":\"https:\/\/dutchhealthstore.com\/de\/#organization\",\"name\":\"Dutch Health Store\",\"url\":\"https:\/\/dutchhealthstore.com\/de\/\",\"logo\":{\"@type\":\"ImageObject\",\"inLanguage\":\"de\",\"@id\":\"https:\/\/dutchhealthstore.com\/de\/#\/schema\/logo\/image\/\",\"url\":\"https:\/\/dutchhealthstore.com\/wp-content\/uploads\/2020\/08\/logo-dutchhealthstore-jpg-e1599484957574.jpg\",\"contentUrl\":\"https:\/\/dutchhealthstore.com\/wp-content\/uploads\/2020\/08\/logo-dutchhealthstore-jpg-e1599484957574.jpg\",\"width\":400,\"height\":62,\"caption\":\"Dutch Health Store\"},\"image\":{\"@id\":\"https:\/\/dutchhealthstore.com\/de\/#\/schema\/logo\/image\/\"},\"sameAs\":[\"https:\/\/www.instagram.com\/dutchhealthstore\/\",\"https:\/\/www.facebook.com\/dutchhealthstore\"]}]}<\/script>\n<meta property=\"product:brand\" content=\"Living Libations\" \/>\n<meta property=\"og:availability\" content=\"instock\" \/>\n<meta property=\"product:availability\" content=\"instock\" \/>\n<meta property=\"product:condition\" content=\"new\" \/>\n<!-- \/ Yoast SEO Premium plugin. -->","yoast_head_json":{"title":"Frankincense, Royal Hojari Essential Oil | Living Libations","description":"Royal Hojari Frankincense Essential Oil wird aus einer exklusiven Qualit\u00e4t von Weihrauchtr\u00e4nen destilliert, die normalerweise den K\u00f6nigen vorbehalten sind.","robots":{"index":"index","follow":"follow","max-snippet":"max-snippet:-1","max-image-preview":"max-image-preview:large","max-video-preview":"max-video-preview:-1"},"canonical":"https:\/\/dutchhealthstore.com\/de\/product\/royal-hojari-frankincense\/","og_locale":"de_DE","og_type":"article","og_title":"Frankincense, Royal Hojari Essential Oil - Dutch Health Store","og_description":"Royal Hojari Frankincense Essential Oil wird aus einer exklusiven Qualit\u00e4t von Weihrauchtr\u00e4nen destilliert, die normalerweise den K\u00f6nigen vorbehalten sind.","og_url":"https:\/\/dutchhealthstore.com\/de\/product\/royal-hojari-frankincense\/","og_site_name":"Dutch Health Store","article_publisher":"https:\/\/www.instagram.com\/dutchhealthstore\/","article_modified_time":"2025-04-07T09:08:22+00:00","og_image":[{"width":478,"height":478,"url":"https:\/\/dutchhealthstore.com\/wp-content\/uploads\/2018\/11\/Living-Libations-Royal-Hojari-Frankincense-.jpg","type":"image\/jpeg"}],"twitter_card":"summary_large_image","twitter_misc":{"Verf\u00fcgbarkeit":"Auf Lager"},"schema":{"@context":"https:\/\/schema.org","@graph":[{"@type":"WebPage","@id":"https:\/\/dutchhealthstore.com\/de\/product\/royal-hojari-frankincense\/","url":"https:\/\/dutchhealthstore.com\/de\/product\/royal-hojari-frankincense\/","name":"Frankincense, Royal Hojari Essential Oil | Living Libations","isPartOf":{"@id":"https:\/\/dutchhealthstore.com\/de\/#website"},"primaryImageOfPage":{"@id":"https:\/\/dutchhealthstore.com\/de\/product\/royal-hojari-frankincense\/#primaryimage"},"image":{"@id":"https:\/\/dutchhealthstore.com\/de\/product\/royal-hojari-frankincense\/#primaryimage"},"thumbnailUrl":"https:\/\/dutchhealthstore.com\/wp-content\/uploads\/2018\/11\/Living-Libations-Royal-Hojari-Frankincense-.jpg","datePublished":"2018-11-26T19:48:17+00:00","dateModified":"2025-04-07T09:08:22+00:00","description":"Royal Hojari Frankincense Essential Oil wird aus einer exklusiven Qualit\u00e4t von Weihrauchtr\u00e4nen destilliert, die normalerweise den K\u00f6nigen vorbehalten sind.","breadcrumb":{"@id":"https:\/\/dutchhealthstore.com\/de\/product\/royal-hojari-frankincense\/#breadcrumb"},"inLanguage":"de","potentialAction":[{"@type":"ReadAction","target":["https:\/\/dutchhealthstore.com\/de\/product\/royal-hojari-frankincense\/"]}]},{"@type":"ImageObject","inLanguage":"de","@id":"https:\/\/dutchhealthstore.com\/de\/product\/royal-hojari-frankincense\/#primaryimage","url":"https:\/\/dutchhealthstore.com\/wp-content\/uploads\/2018\/11\/Living-Libations-Royal-Hojari-Frankincense-.jpg","contentUrl":"https:\/\/dutchhealthstore.com\/wp-content\/uploads\/2018\/11\/Living-Libations-Royal-Hojari-Frankincense-.jpg","width":478,"height":478,"caption":"Living Libations - Royal Hojari Frankincense"},{"@type":"BreadcrumbList","@id":"https:\/\/dutchhealthstore.com\/de\/product\/royal-hojari-frankincense\/#breadcrumb","itemListElement":[{"@type":"ListItem","position":1,"name":"Home","item":"https:\/\/dutchhealthstore.com\/de\/"},{"@type":"ListItem","position":2,"name":"Shop","item":"https:\/\/dutchhealthstore.com\/de\/shop-2\/"},{"@type":"ListItem","position":3,"name":"Frankincense, Royal Hojari Essential Oil"}]},{"@type":"WebSite","@id":"https:\/\/dutchhealthstore.com\/de\/#website","url":"https:\/\/dutchhealthstore.com\/de\/","name":"Dutch Health Store","description":"Enhance Your Beauty with Organic &amp; Natural Skincare","publisher":{"@id":"https:\/\/dutchhealthstore.com\/de\/#organization"},"potentialAction":[{"@type":"SearchAction","target":{"@type":"EntryPoint","urlTemplate":"https:\/\/dutchhealthstore.com\/de\/?s={search_term_string}"},"query-input":{"@type":"PropertyValueSpecification","valueRequired":true,"valueName":"search_term_string"}}],"inLanguage":"de"},{"@type":"Organization","@id":"https:\/\/dutchhealthstore.com\/de\/#organization","name":"Dutch Health Store","url":"https:\/\/dutchhealthstore.com\/de\/","logo":{"@type":"ImageObject","inLanguage":"de","@id":"https:\/\/dutchhealthstore.com\/de\/#\/schema\/logo\/image\/","url":"https:\/\/dutchhealthstore.com\/wp-content\/uploads\/2020\/08\/logo-dutchhealthstore-jpg-e1599484957574.jpg","contentUrl":"https:\/\/dutchhealthstore.com\/wp-content\/uploads\/2020\/08\/logo-dutchhealthstore-jpg-e1599484957574.jpg","width":400,"height":62,"caption":"Dutch Health Store"},"image":{"@id":"https:\/\/dutchhealthstore.com\/de\/#\/schema\/logo\/image\/"},"sameAs":["https:\/\/www.instagram.com\/dutchhealthstore\/","https:\/\/www.facebook.com\/dutchhealthstore"]}]},"product_brand":"Living Libations","og_availability":"instock","product_availability":"instock","product_condition":"new"},"_links":{"self":[{"href":"https:\/\/dutchhealthstore.com\/de\/wp-json\/wp\/v2\/product\/118617","targetHints":{"allow":["GET"]}}],"collection":[{"href":"https:\/\/dutchhealthstore.com\/de\/wp-json\/wp\/v2\/product"}],"about":[{"href":"https:\/\/dutchhealthstore.com\/de\/wp-json\/wp\/v2\/types\/product"}],"replies":[{"embeddable":true,"href":"https:\/\/dutchhealthstore.com\/de\/wp-json\/wp\/v2\/comments?post=118617"}],"wp:featuredmedia":[{"embeddable":true,"href":"https:\/\/dutchhealthstore.com\/de\/wp-json\/wp\/v2\/media\/47845"}],"wp:attachment":[{"href":"https:\/\/dutchhealthstore.com\/de\/wp-json\/wp\/v2\/media?parent=118617"}],"wp:term":[{"taxonomy":"product_brand","embeddable":true,"href":"https:\/\/dutchhealthstore.com\/de\/wp-json\/wp\/v2\/product_brand?post=118617"},{"taxonomy":"product_cat","embeddable":true,"href":"https:\/\/dutchhealthstore.com\/de\/wp-json\/wp\/v2\/product_cat?post=118617"},{"taxonomy":"product_tag","embeddable":true,"href":"https:\/\/dutchhealthstore.com\/de\/wp-json\/wp\/v2\/product_tag?post=118617"}],"curies":[{"name":"wp","href":"https:\/\/api.w.org\/{rel}","templated":true}]}}