{"id":118578,"date":"2018-02-10T19:33:04","date_gmt":"2018-02-10T18:33:04","guid":{"rendered":"https:\/\/dutchhealthstore.com\/product\/frankincense-essential-oil\/"},"modified":"2026-01-26T16:02:57","modified_gmt":"2026-01-26T15:02:57","slug":"frankincense-essential-oil","status":"publish","type":"product","link":"https:\/\/dutchhealthstore.com\/de\/product\/frankincense-essential-oil\/","title":{"rendered":"Frankincense, Carterii Essential Oil"},"content":{"rendered":"<p><img decoding=\"async\" class=\"alignright size-full wp-image-37041\" src=\"https:\/\/dutchhealthstore.com\/wp-content\/uploads\/2018\/04\/Living_Libations-1.png\" alt=\"Organic &amp; Natural Beautyproducts - Living Libations\" width=\"175\" height=\"82\"><\/p>\n<p style=\"font-weight: 400;\"><strong>Botanischer Name:<\/strong> Boswellia carterii<br \/>\n<strong>Botanische Familie:<\/strong> Burseraceae<br \/>\n<strong>Extraktionsverfahren:<\/strong> Superkritischer Extrakt<br \/>\n<strong>Teil der Pflanze Destilliert:<\/strong> Harz<br \/>\n<strong>Herkunftsland:<\/strong> Somalia<br \/>\n<strong>Anbaumethode:<\/strong> Bio<br \/>\n<strong>Zusammensetzung:<\/strong> 100% Boswellia carterii<br \/>\n<strong>Konsistenz:<\/strong> Transluzente, bewegliche Fl\u00fcssigkeit<\/p>\n<h3>Beschreibung des Duftes<\/h3>\n<p style=\"font-weight: 400;\">S\u00fc\u00dfe, harzige Wurzeln mit einem kl\u00e4renden balsamischen Unterton.<\/p>\n<h3 style=\"font-weight: 400;\"><strong>Gut mischbar mit<\/strong><\/h3>\n<p style=\"font-weight: 400;\">Grapefruit, Rose Otto, Fragonia, Majoran, Tannen, Myrrhe, Fichte, Sanddorn, Immortelle, Ylang, Sandelholz, Palo Santo und Kamille.<\/p>\n<a href=\"https:\/\/dutchhealthstore.com\/wp-content\/uploads\/2018\/02\/ANALYSIS-Frankincense-Essential-Oil-Living-Libations.pdf\" class=\"button primary is-primary is-small\"  >\n\t\t<span>ANALYSE DER \u00c4THERISCHEN \u00d6LE &gt;<\/span>\n\t<\/a>\n\n<h3 style=\"font-weight: 400;\"><strong>Verwendet<\/strong><\/h3>\n<p>Beruhigt Bef\u00fcrchtungen, k\u00fchlt Spannungen und vertreibt Sorgen. Ein Superheld der Hautpflege. Tupfen Sie sie auf feine Linien, Narben und Anzeichen vorzeitiger Hautalterung auf, um zus\u00e4tzliche Feuchtigkeit zu erhalten. Erfrischt den Atem als pflanzliches Biotikum. Hervorragend f\u00fcr die Mundpflege geeignet. G\u00f6ttlich in Diffusoren. Eine klassische Badesch\u00f6nheit. Fantastisch in Salzpfeifen. Achtsam in der Mediation.<\/p>\n<p>Weihrauchessenz wird aus fl\u00fcssigen Perlen vom Baum des Lebens destilliert. Unser Frankincense Essential Oil stammt aus Somaliland, wo die h\u00f6chste Qualit\u00e4t von Eukalyptusb\u00e4umen w\u00e4chst, deren Ursprung in den \u00e4ltesten Hainen des Altertums liegt: Das Dhallo-Tal, das Herz des Vaterlandes des Weihrauchs. Unsere einzigartige Brennerei ist auf die Hydrodestillation der frischen Weihrauchharze spezialisiert. Es ist sehr selten, dass Weihrauch mit Material aus der frischen Ernte destilliert wird &#8211; dadurch entsteht ein reichhaltiges Weihrauch\u00f6l mit einer breiten Palette an unglaublichen Kopf- und Herznoten.<\/p>\n<p>Unser Destillateur beschreibt seinen ersten Besuch in dem uralten Hain: &#8222;Ich stand am Rande des Steilhangs und blickte auf die Golfk\u00fcste und die uralten Weihrauchb\u00e4ume, Boswellia carterii. Als wir den Pass hinaufstiegen, gelangten wir in die uralten Weihrauchb\u00e4ume, die seit Jahrtausenden im Besitz von St\u00e4mmen waren und von ihnen geerntet wurden. Tausende von Weihrauchb\u00e4umen der Sorte Weihrauch carterii mit ihren knolligen St\u00e4mmen wachsen aus festen Konglomeraten heraus. Mit ihren abbl\u00e4tternden und dicken St\u00e4mmen glaubte ich, in einem duftenden Garten der Freuden zu stehen, und dass es wahrscheinlich genau der Gartenhain war, der das Gummi hervorbrachte, das zum Geschenk der Heiligen Drei K\u00f6nige f\u00fcr das Jesuskind wurde.&#8220;<\/p>\n<p>Frankincense Essential Oil ist ein st\u00e4rkendes Tonikum, das seit Tausenden von Jahren f\u00fcr religi\u00f6se und zeremonielle Zwecke, in der Pflanzenpharmakop\u00f6e sowie f\u00fcr Waschungen zur Versch\u00f6nerung des K\u00f6rpers verwendet wird. Kulturell und historisch gesehen bedeutet der Duft von Weihrauch &#8222;Leben&#8220;. Mit Weihrauch wurden Neugeborene, meditierende M\u00f6nche, Chakren des dritten Auges, Yogis und Schamanen gesalbt. Weihrauchkristalle haben die T\u00fcren der Wahrnehmung vertieft und neu belebt, den Atem des Empfangs gest\u00e4rkt und viele Empf\u00e4nge gesegnet.<\/p>\n<p>Die alten \u00c4gypter verwendeten Weihrauch in Verj\u00fcngungsmasken, Kosmetika und Parf\u00fcm und kauten das Harz als atemerfrischendes Kaugummi und allgemeines Mundwasser. In der Hautpflege entfaltet Weihrauch\u00f6l seinen balsamischen Charakter, indem es auf wundersame Weise R\u00f6tungen lindert und feine Linien gl\u00e4ttet. Sie pflegt trockene und fahle Haut.<\/p>\n<h3>Organic Ingredients<\/h3>\n<p>100% frankincense carterii (Boswellia carterii) essential oil.<\/p>\n<p><img fetchpriority=\"high\" decoding=\"async\" class=\"aligncenter size-full wp-image-31577\" src=\"https:\/\/dutchhealthstore.com\/wp-content\/uploads\/2018\/03\/organic_big.png\" alt=\"Organic and Natural - Living Libations\" width=\"623\" height=\"103\" srcset=\"https:\/\/dutchhealthstore.com\/wp-content\/uploads\/2018\/03\/organic_big.png 623w, https:\/\/dutchhealthstore.com\/wp-content\/uploads\/2018\/03\/organic_big-510x84.png 510w, https:\/\/dutchhealthstore.com\/wp-content\/uploads\/2018\/03\/organic_big-600x99.png 600w, https:\/\/dutchhealthstore.com\/wp-content\/uploads\/2018\/03\/organic_big-350x58.png 350w\" sizes=\"(max-width: 623px) 100vw, 623px\" \/><\/p>\n","protected":false},"excerpt":{"rendered":"<p>Ewiges Angebot der kristallinen Klarheit f\u00fcr alle Dinge. Das <strong>Frankincense Essential Oil<\/strong> ist eine fl\u00fcssige Perle vom Baum des Lebens und wird aus dem Saft des Weihrauchbaums destilliert. Das reichhaltige Harz bildet Tr\u00f6pfchen, die als &#8222;Tr\u00e4nen&#8220; oder &#8222;Perlen&#8220; bekannt sind. Die St\u00e4rke des \u00e4therischen Weihrauch\u00f6ls zeigt sich in seiner frischen Kopfnote, die von einem tiefen, beruhigenden balsamischen Unterton \u00fcberlagert wird.<\/p>\n","protected":false},"featured_media":41792,"comment_status":"open","ping_status":"closed","template":"","meta":[],"product_brand":[],"product_cat":[6737,1508,1546,1493,1210,511,6736],"product_tag":[1547],"class_list":{"0":"post-118578","1":"product","2":"type-product","3":"status-publish","4":"has-post-thumbnail","6":"product_cat-essential-oils-de-2","7":"product_cat-aetherische-oele-living-libations","8":"product_cat-essential-oils-living-libations-de","9":"product_cat-living-libations-deutschland","10":"product_cat-marken","11":"product_cat-produkte","12":"product_cat-wellness-de","13":"product_tag-essential-oil-de","14":"pa_bestsellers-goed-de","15":"pa_brand-livinglibations-de","16":"pa_essential-oils-product-type-essential-oils-de","17":"pa_size-5-ml-de","18":"pa_size-15-ml-de-2","19":"pa_size-30-ml-de","21":"first","22":"instock","23":"taxable","24":"shipping-taxable","25":"purchasable","26":"product-type-variable"},"bundled_by":[],"bundle_stock_status":"instock","bundle_stock_quantity":null,"bundle_virtual":false,"bundle_layout":"","bundle_add_to_cart_form_location":"","bundle_editable_in_cart":false,"bundle_sold_individually_context":"","bundle_item_grouping":"","bundle_min_size":"","bundle_max_size":"","bundle_price":[],"bundled_items":[],"bundle_sell_ids":[],"atum_controlled":true,"out_stock_date":null,"out_stock_threshold":null,"inheritable":true,"stock_on_hold":1,"sold_today":0,"sales_last_days":1,"out_stock_days":0,"lost_sales":0,"update_date":"2026-04-07T13:46:16","atum_locations":[],"atum_stock_status":"instock","restock_status":false,"low_stock_amount":"","sales_update_date":"2026-04-07T13:46:16","calc_backorders":null,"group_of_quantity":0,"min_quantity":0,"max_quantity":"","exclude_order_quantity_value_rules":"no","exclude_category_quantity_rules":"no","combine_variations":"no","yoast_head":"<!-- This site is optimized with the Yoast SEO Premium plugin v26.5 (Yoast SEO v26.5) - https:\/\/yoast.com\/wordpress\/plugins\/seo\/ -->\n<title>Frankincense Essential Oil | Living Libations<\/title>\n<meta name=\"description\" content=\"Unser Frankincense Essential Oil stammt aus Somaliland, wo die hochwertigsten Eukalyptusb\u00e4ume wachsen, deren Ursprung in den \u00e4ltesten Hainen des Altertums liegt.\" \/>\n<meta name=\"robots\" content=\"index, follow, max-snippet:-1, max-image-preview:large, max-video-preview:-1\" \/>\n<link rel=\"canonical\" href=\"https:\/\/dutchhealthstore.com\/de\/product\/frankincense-essential-oil\/\" \/>\n<meta property=\"og:locale\" content=\"de_DE\" \/>\n<meta property=\"og:type\" content=\"article\" \/>\n<meta property=\"og:title\" content=\"Frankincense, Carterii Essential Oil - Dutch Health Store\" \/>\n<meta property=\"og:description\" content=\"Unser Frankincense Essential Oil stammt aus Somaliland, wo die hochwertigsten Eukalyptusb\u00e4ume wachsen, deren Ursprung in den \u00e4ltesten Hainen des Altertums liegt.\" \/>\n<meta property=\"og:url\" content=\"https:\/\/dutchhealthstore.com\/de\/product\/frankincense-essential-oil\/\" \/>\n<meta property=\"og:site_name\" content=\"Dutch Health Store\" \/>\n<meta property=\"article:publisher\" content=\"https:\/\/www.instagram.com\/dutchhealthstore\/\" \/>\n<meta property=\"article:modified_time\" content=\"2026-01-26T15:02:57+00:00\" \/>\n<meta property=\"og:image\" content=\"https:\/\/dutchhealthstore.com\/wp-content\/uploads\/2018\/02\/Frankincense-Essential-Oil-Living-Libations-e1594648169516.jpg\" \/>\n\t<meta property=\"og:image:width\" content=\"500\" \/>\n\t<meta property=\"og:image:height\" content=\"588\" \/>\n\t<meta property=\"og:image:type\" content=\"image\/jpeg\" \/>\n<meta name=\"twitter:card\" content=\"summary_large_image\" \/>\n<meta name=\"twitter:label1\" content=\"Verf\u00fcgbarkeit\" \/>\n\t<meta name=\"twitter:data1\" content=\"Auf Lager\" \/>\n<script type=\"application\/ld+json\" class=\"yoast-schema-graph\">{\"@context\":\"https:\/\/schema.org\",\"@graph\":[{\"@type\":\"WebPage\",\"@id\":\"https:\/\/dutchhealthstore.com\/de\/product\/frankincense-essential-oil\/\",\"url\":\"https:\/\/dutchhealthstore.com\/de\/product\/frankincense-essential-oil\/\",\"name\":\"Frankincense Essential Oil | Living Libations\",\"isPartOf\":{\"@id\":\"https:\/\/dutchhealthstore.com\/de\/#website\"},\"primaryImageOfPage\":{\"@id\":\"https:\/\/dutchhealthstore.com\/de\/product\/frankincense-essential-oil\/#primaryimage\"},\"image\":{\"@id\":\"https:\/\/dutchhealthstore.com\/de\/product\/frankincense-essential-oil\/#primaryimage\"},\"thumbnailUrl\":\"https:\/\/dutchhealthstore.com\/wp-content\/uploads\/2018\/02\/Frankincense-Essential-Oil-Living-Libations-e1594648169516.jpg\",\"datePublished\":\"2018-02-10T18:33:04+00:00\",\"dateModified\":\"2026-01-26T15:02:57+00:00\",\"description\":\"Unser Frankincense Essential Oil stammt aus Somaliland, wo die hochwertigsten Eukalyptusb\u00e4ume wachsen, deren Ursprung in den \u00e4ltesten Hainen des Altertums liegt.\",\"breadcrumb\":{\"@id\":\"https:\/\/dutchhealthstore.com\/de\/product\/frankincense-essential-oil\/#breadcrumb\"},\"inLanguage\":\"de\",\"potentialAction\":[{\"@type\":\"ReadAction\",\"target\":[\"https:\/\/dutchhealthstore.com\/de\/product\/frankincense-essential-oil\/\"]}]},{\"@type\":\"ImageObject\",\"inLanguage\":\"de\",\"@id\":\"https:\/\/dutchhealthstore.com\/de\/product\/frankincense-essential-oil\/#primaryimage\",\"url\":\"https:\/\/dutchhealthstore.com\/wp-content\/uploads\/2018\/02\/Frankincense-Essential-Oil-Living-Libations-e1594648169516.jpg\",\"contentUrl\":\"https:\/\/dutchhealthstore.com\/wp-content\/uploads\/2018\/02\/Frankincense-Essential-Oil-Living-Libations-e1594648169516.jpg\",\"width\":500,\"height\":588,\"caption\":\"Frankincense Essential Oil - Living Libations\"},{\"@type\":\"BreadcrumbList\",\"@id\":\"https:\/\/dutchhealthstore.com\/de\/product\/frankincense-essential-oil\/#breadcrumb\",\"itemListElement\":[{\"@type\":\"ListItem\",\"position\":1,\"name\":\"Home\",\"item\":\"https:\/\/dutchhealthstore.com\/de\/\"},{\"@type\":\"ListItem\",\"position\":2,\"name\":\"Shop\",\"item\":\"https:\/\/dutchhealthstore.com\/de\/shop-2\/\"},{\"@type\":\"ListItem\",\"position\":3,\"name\":\"Frankincense, Carterii Essential Oil\"}]},{\"@type\":\"WebSite\",\"@id\":\"https:\/\/dutchhealthstore.com\/de\/#website\",\"url\":\"https:\/\/dutchhealthstore.com\/de\/\",\"name\":\"Dutch Health Store\",\"description\":\"Enhance Your Beauty with Organic &amp; Natural Skincare\",\"publisher\":{\"@id\":\"https:\/\/dutchhealthstore.com\/de\/#organization\"},\"potentialAction\":[{\"@type\":\"SearchAction\",\"target\":{\"@type\":\"EntryPoint\",\"urlTemplate\":\"https:\/\/dutchhealthstore.com\/de\/?s={search_term_string}\"},\"query-input\":{\"@type\":\"PropertyValueSpecification\",\"valueRequired\":true,\"valueName\":\"search_term_string\"}}],\"inLanguage\":\"de\"},{\"@type\":\"Organization\",\"@id\":\"https:\/\/dutchhealthstore.com\/de\/#organization\",\"name\":\"Dutch Health Store\",\"url\":\"https:\/\/dutchhealthstore.com\/de\/\",\"logo\":{\"@type\":\"ImageObject\",\"inLanguage\":\"de\",\"@id\":\"https:\/\/dutchhealthstore.com\/de\/#\/schema\/logo\/image\/\",\"url\":\"https:\/\/dutchhealthstore.com\/wp-content\/uploads\/2020\/08\/logo-dutchhealthstore-jpg-e1599484957574.jpg\",\"contentUrl\":\"https:\/\/dutchhealthstore.com\/wp-content\/uploads\/2020\/08\/logo-dutchhealthstore-jpg-e1599484957574.jpg\",\"width\":400,\"height\":62,\"caption\":\"Dutch Health Store\"},\"image\":{\"@id\":\"https:\/\/dutchhealthstore.com\/de\/#\/schema\/logo\/image\/\"},\"sameAs\":[\"https:\/\/www.instagram.com\/dutchhealthstore\/\",\"https:\/\/www.facebook.com\/dutchhealthstore\"]}]}<\/script>\n<meta property=\"product:brand\" content=\"Living Libations\" \/>\n<meta property=\"og:availability\" content=\"instock\" \/>\n<meta property=\"product:availability\" content=\"instock\" \/>\n<meta property=\"product:condition\" content=\"new\" \/>\n<!-- \/ Yoast SEO Premium plugin. -->","yoast_head_json":{"title":"Frankincense Essential Oil | Living Libations","description":"Unser Frankincense Essential Oil stammt aus Somaliland, wo die hochwertigsten Eukalyptusb\u00e4ume wachsen, deren Ursprung in den \u00e4ltesten Hainen des Altertums liegt.","robots":{"index":"index","follow":"follow","max-snippet":"max-snippet:-1","max-image-preview":"max-image-preview:large","max-video-preview":"max-video-preview:-1"},"canonical":"https:\/\/dutchhealthstore.com\/de\/product\/frankincense-essential-oil\/","og_locale":"de_DE","og_type":"article","og_title":"Frankincense, Carterii Essential Oil - Dutch Health Store","og_description":"Unser Frankincense Essential Oil stammt aus Somaliland, wo die hochwertigsten Eukalyptusb\u00e4ume wachsen, deren Ursprung in den \u00e4ltesten Hainen des Altertums liegt.","og_url":"https:\/\/dutchhealthstore.com\/de\/product\/frankincense-essential-oil\/","og_site_name":"Dutch Health Store","article_publisher":"https:\/\/www.instagram.com\/dutchhealthstore\/","article_modified_time":"2026-01-26T15:02:57+00:00","og_image":[{"width":500,"height":588,"url":"https:\/\/dutchhealthstore.com\/wp-content\/uploads\/2018\/02\/Frankincense-Essential-Oil-Living-Libations-e1594648169516.jpg","type":"image\/jpeg"}],"twitter_card":"summary_large_image","twitter_misc":{"Verf\u00fcgbarkeit":"Auf Lager"},"schema":{"@context":"https:\/\/schema.org","@graph":[{"@type":"WebPage","@id":"https:\/\/dutchhealthstore.com\/de\/product\/frankincense-essential-oil\/","url":"https:\/\/dutchhealthstore.com\/de\/product\/frankincense-essential-oil\/","name":"Frankincense Essential Oil | Living Libations","isPartOf":{"@id":"https:\/\/dutchhealthstore.com\/de\/#website"},"primaryImageOfPage":{"@id":"https:\/\/dutchhealthstore.com\/de\/product\/frankincense-essential-oil\/#primaryimage"},"image":{"@id":"https:\/\/dutchhealthstore.com\/de\/product\/frankincense-essential-oil\/#primaryimage"},"thumbnailUrl":"https:\/\/dutchhealthstore.com\/wp-content\/uploads\/2018\/02\/Frankincense-Essential-Oil-Living-Libations-e1594648169516.jpg","datePublished":"2018-02-10T18:33:04+00:00","dateModified":"2026-01-26T15:02:57+00:00","description":"Unser Frankincense Essential Oil stammt aus Somaliland, wo die hochwertigsten Eukalyptusb\u00e4ume wachsen, deren Ursprung in den \u00e4ltesten Hainen des Altertums liegt.","breadcrumb":{"@id":"https:\/\/dutchhealthstore.com\/de\/product\/frankincense-essential-oil\/#breadcrumb"},"inLanguage":"de","potentialAction":[{"@type":"ReadAction","target":["https:\/\/dutchhealthstore.com\/de\/product\/frankincense-essential-oil\/"]}]},{"@type":"ImageObject","inLanguage":"de","@id":"https:\/\/dutchhealthstore.com\/de\/product\/frankincense-essential-oil\/#primaryimage","url":"https:\/\/dutchhealthstore.com\/wp-content\/uploads\/2018\/02\/Frankincense-Essential-Oil-Living-Libations-e1594648169516.jpg","contentUrl":"https:\/\/dutchhealthstore.com\/wp-content\/uploads\/2018\/02\/Frankincense-Essential-Oil-Living-Libations-e1594648169516.jpg","width":500,"height":588,"caption":"Frankincense Essential Oil - Living Libations"},{"@type":"BreadcrumbList","@id":"https:\/\/dutchhealthstore.com\/de\/product\/frankincense-essential-oil\/#breadcrumb","itemListElement":[{"@type":"ListItem","position":1,"name":"Home","item":"https:\/\/dutchhealthstore.com\/de\/"},{"@type":"ListItem","position":2,"name":"Shop","item":"https:\/\/dutchhealthstore.com\/de\/shop-2\/"},{"@type":"ListItem","position":3,"name":"Frankincense, Carterii Essential Oil"}]},{"@type":"WebSite","@id":"https:\/\/dutchhealthstore.com\/de\/#website","url":"https:\/\/dutchhealthstore.com\/de\/","name":"Dutch Health Store","description":"Enhance Your Beauty with Organic &amp; Natural Skincare","publisher":{"@id":"https:\/\/dutchhealthstore.com\/de\/#organization"},"potentialAction":[{"@type":"SearchAction","target":{"@type":"EntryPoint","urlTemplate":"https:\/\/dutchhealthstore.com\/de\/?s={search_term_string}"},"query-input":{"@type":"PropertyValueSpecification","valueRequired":true,"valueName":"search_term_string"}}],"inLanguage":"de"},{"@type":"Organization","@id":"https:\/\/dutchhealthstore.com\/de\/#organization","name":"Dutch Health Store","url":"https:\/\/dutchhealthstore.com\/de\/","logo":{"@type":"ImageObject","inLanguage":"de","@id":"https:\/\/dutchhealthstore.com\/de\/#\/schema\/logo\/image\/","url":"https:\/\/dutchhealthstore.com\/wp-content\/uploads\/2020\/08\/logo-dutchhealthstore-jpg-e1599484957574.jpg","contentUrl":"https:\/\/dutchhealthstore.com\/wp-content\/uploads\/2020\/08\/logo-dutchhealthstore-jpg-e1599484957574.jpg","width":400,"height":62,"caption":"Dutch Health Store"},"image":{"@id":"https:\/\/dutchhealthstore.com\/de\/#\/schema\/logo\/image\/"},"sameAs":["https:\/\/www.instagram.com\/dutchhealthstore\/","https:\/\/www.facebook.com\/dutchhealthstore"]}]},"product_brand":"Living Libations","og_availability":"instock","product_availability":"instock","product_condition":"new"},"_links":{"self":[{"href":"https:\/\/dutchhealthstore.com\/de\/wp-json\/wp\/v2\/product\/118578","targetHints":{"allow":["GET"]}}],"collection":[{"href":"https:\/\/dutchhealthstore.com\/de\/wp-json\/wp\/v2\/product"}],"about":[{"href":"https:\/\/dutchhealthstore.com\/de\/wp-json\/wp\/v2\/types\/product"}],"replies":[{"embeddable":true,"href":"https:\/\/dutchhealthstore.com\/de\/wp-json\/wp\/v2\/comments?post=118578"}],"wp:featuredmedia":[{"embeddable":true,"href":"https:\/\/dutchhealthstore.com\/de\/wp-json\/wp\/v2\/media\/41792"}],"wp:attachment":[{"href":"https:\/\/dutchhealthstore.com\/de\/wp-json\/wp\/v2\/media?parent=118578"}],"wp:term":[{"taxonomy":"product_brand","embeddable":true,"href":"https:\/\/dutchhealthstore.com\/de\/wp-json\/wp\/v2\/product_brand?post=118578"},{"taxonomy":"product_cat","embeddable":true,"href":"https:\/\/dutchhealthstore.com\/de\/wp-json\/wp\/v2\/product_cat?post=118578"},{"taxonomy":"product_tag","embeddable":true,"href":"https:\/\/dutchhealthstore.com\/de\/wp-json\/wp\/v2\/product_tag?post=118578"}],"curies":[{"name":"wp","href":"https:\/\/api.w.org\/{rel}","templated":true}]}}