{"id":118501,"date":"2018-02-10T19:50:06","date_gmt":"2018-02-10T18:50:06","guid":{"rendered":"https:\/\/dutchhealthstore.com\/product\/fragonia-essential-oil\/"},"modified":"2025-06-30T11:06:24","modified_gmt":"2025-06-30T09:06:24","slug":"fragonia-essential-oil","status":"publish","type":"product","link":"https:\/\/dutchhealthstore.com\/de\/product\/fragonia-essential-oil\/","title":{"rendered":"Fragonia Essential Oil"},"content":{"rendered":"<p><img decoding=\"async\" class=\"size-full wp-image-69549 alignright\" src=\"https:\/\/dutchhealthstore.com\/wp-content\/uploads\/2019\/08\/NEW-Living-Libations-Logo.jpg\" alt=\"NEW - Living Libations - Logo\" width=\"175\" height=\"82\"><strong>Botanischer Name:<\/strong> <em>Agonis fragrans<\/em><br \/>\n<strong>Extraktionsverfahren:<\/strong> Dampf<br \/>\n<strong>Teil der Pflanze Destilliert:<\/strong> Bl\u00fcten<br \/>\n<strong>Herkunftsland:<\/strong> Australien<br \/>\n<strong>Anbaumethode:<\/strong> Wildwachsend<\/p>\n<h3>Beschreibung des Duftes<\/h3>\n<p>Sehr frische, kampferartige Kopfnote, krautig-heuig mit einem leicht blumigen Herzen, fl\u00fcchtigen Fruchtaspekten und einem leicht balsamischen Abgang<\/p>\n<h3>Passt gut zu<\/h3>\n<p>Bergamotte, Rose Otto, Lavendel, Grapefruit, Palmarosa, Zitronenmyrte, Weihrauch, Douglasie, Kap-Kamille und Muskatellersalbei<\/p>\n<p><strong>Gr\u00f6\u00dfe: 5 ml und 15 ml<\/strong><\/p>\n<h3>Verwendet<\/h3>\n<p>antibakteriell, antimykotisch, antiinfekti\u00f6s, antimikrobiell, entz\u00fcndungshemmend, schleiml\u00f6send, immunstimulierend, antidepressiv<\/p>\n<p>Mit der beruhigenden Kraft des Fragonia Essential Oil finden Sie sofort inneren Frieden und Zen-\u00e4hnliche Gelassenheit. Die beruhigenden Eigenschaften von Fragonia sind mit denen von Lavendel verglichen worden, und die medizinischen Eigenschaften des \u00d6ls sind mit denen von Teebaum\u00f6l vergleichbar. Fragonia f\u00f6rdert das Gleichgewicht von K\u00f6rper, Geist, Seele und der Au\u00dfenwelt. Mit Fragonia k\u00f6nnen negative Emotionen aus der Vergangenheit endlich losgelassen werden, und K\u00f6rper und Geist kommen wieder in Einklang mit dem gegenw\u00e4rtigen Moment.<\/p>\n<p>Die Bl\u00fcten der Fragonia-Pflanze enthalten starke antimikrobielle Wirkstoffe, die sich bei der Behandlung von bakterieller Mandelentz\u00fcndung und Soor als wirksam erwiesen haben. Da die nat\u00fcrlichen Wirkstoffe versuchen, den K\u00f6rper ins Gleichgewicht zu bringen, regulieren sie hormonelle Ungleichgewichte, die beispielsweise Menstruationsbeschwerden verursachen. Eine in Australien durchgef\u00fchrte klinische Untersuchung ergab, dass Fragonia-\u00d6l allein ausreicht, um Kr\u00e4mpfe, Bl\u00e4hungen, Reizungen und Depressionen im Zusammenhang mit der Menstruation zu beseitigen.<\/p>\n<p>Fragonia Essential Oil unterst\u00fctzt tiefgreifende Ver\u00e4nderungen in unserer Psyche. Sie ist ein wunderbarer Wegweiser in Zeiten der Bedr\u00e4ngnis und in Zeiten tiefster innerer Unruhe. Fragonia hilft uns, die Vergangenheit loszulassen, vergrabene emotionale Traumata zu heilen und die inneren St\u00fcrme zu \u00fcberstehen, die in uns allen toben. Wenn Sie eine Beziehung beenden, den Arbeitsplatz wechseln, in eine neue Stadt ziehen oder Ereignisse aus Ihrer Kindheit untersuchen, wird das Fragonia Essential Oil von Living Libations Ihr weiser, aromatischer Ratgeber sein.<\/p>\n<p style=\"text-align: center;\"><em>&#8222;Es ist ein \u00e4u\u00dferst ansprechendes \u00d6l. Ich habe noch niemanden getroffen, der es nicht mag. Aus chemischer Sicht ist das auff\u00e4lligste Element die \u00e4u\u00dferst ausgewogene Zusammensetzung des \u00d6ls. Als ich mich mit den Ergebnissen der GC-Analyse besch\u00e4ftigte, fiel mir auf, dass ich zum ersten Mal eine einzigartige Formel vor mir hatte. Ich beziehe mich hier nicht auf die einzelnen Molek\u00fcle, aus denen das \u00d6l besteht. Ich beziehe mich auf die jeweiligen Anteile der Komponentenfamilien untereinander und die Anteile der einzelnen Komponenten untereinander, insbesondere bei den Monoterpenolen. Ich war erstaunt, als ich feststellte, dass die heilige Zahl, die als goldene Proportion bekannt ist, durch die Chemie dieses \u00e4therischen \u00d6ls nahezu perfekt ausgedr\u00fcckt wird. Was bedeutet diese Erkenntnis? Sie bedeutet, dass wir \u00fcber die analytische Chemie hinausgehen m\u00fcssen, um die einzigartige harmonisierende und ausgleichende Kraft dieses \u00d6ls auf ganzheitliche Weise zu verstehen. Es geht nicht nur darum, dass dieses \u00d6l f\u00fcr das Atmungssystem oder verschiedene Infektionskrankheiten n\u00fctzlich ist, was durch Tests an verschiedenen Bakterienst\u00e4mmen bewiesen wurde.&#8220;<\/em><br \/>\n~ Dr. Daniel Pen\u00f6el, <strong>(franz\u00f6sischer Arzt, der sich auf die therapeutische Verwendung von \u00e4therischen \u00d6len spezialisiert hat)<\/strong><\/p>\n<h3>Traditionelle, geistige, k\u00f6rperliche und emotionale Vorteile<\/h3>\n<p>Befreit die Nasennebenh\u00f6hlen und die Brust von Stauungen, lindert Gelenk- und Muskelschmerzen, befreit von Negativit\u00e4t und tief sitzenden emotionalen Narben, unterst\u00fctzt das Gef\u00fchl der Selbstliebe und der Liebe zu anderen, hilft K\u00f6rper und Geist ins Gleichgewicht zu finden, wird als mildes Parf\u00fcm verwendet, lindert Jetlag, stellt die Hom\u00f6ostase wieder her.<\/p>\n<h3>Organic Ingredients<\/h3>\n<p>100% \u00e4therisches \u00d6l der Fragonie (Agonis fragrans).<\/p>\n<p><img fetchpriority=\"high\" decoding=\"async\" class=\"size-medium wp-image-68103 aligncenter\" src=\"https:\/\/dutchhealthstore.com\/wp-content\/uploads\/2018\/02\/Living-Libations-Organic-Logo-800x89.png\" alt=\"Living Libations - Organic Logo\" width=\"800\" height=\"89\" srcset=\"https:\/\/dutchhealthstore.com\/wp-content\/uploads\/2018\/02\/Living-Libations-Organic-Logo-800x89.png 800w, https:\/\/dutchhealthstore.com\/wp-content\/uploads\/2018\/02\/Living-Libations-Organic-Logo-510x57.png 510w, https:\/\/dutchhealthstore.com\/wp-content\/uploads\/2018\/02\/Living-Libations-Organic-Logo-768x85.png 768w, https:\/\/dutchhealthstore.com\/wp-content\/uploads\/2018\/02\/Living-Libations-Organic-Logo.png 1400w\" sizes=\"(max-width: 800px) 100vw, 800px\" \/><\/p>\n","protected":false},"excerpt":{"rendered":"<p>Erfreuen Sie sich an der ausgewogenen Perfektion des Fragonia Essential Oil <strong>von Living Libations<\/strong>. Das Fragonia-\u00d6l stammt aus den wilden, freundlichen Winden des australischen Outbacks und die Elemente sind perfekt ausbalanciert. Wenn Sie sich mit solch ausgewogenen Elementen umgeben, werden Sie Ihren eigenen inneren Zustand der perfekten Hom\u00f6ostase entdecken. Unser Fragonia-\u00d6l ist sanft und doch kraftvoll und lindert Muskelschmerzen, heilt Infektionen der Atemwege und stimuliert das Immunsystem. Ihr unwiderstehliches Aroma soll ein \u00e4u\u00dferst wirksames Mittel zur emotionalen Heilung sein.<\/p>\n","protected":false},"featured_media":292684,"comment_status":"open","ping_status":"closed","template":"","meta":[],"product_brand":[],"product_cat":[6737,1508,1546,1493,1210,511,6736],"product_tag":[1547],"class_list":{"0":"post-118501","1":"product","2":"type-product","3":"status-publish","4":"has-post-thumbnail","6":"product_cat-essential-oils-de-2","7":"product_cat-aetherische-oele-living-libations","8":"product_cat-essential-oils-living-libations-de","9":"product_cat-living-libations-deutschland","10":"product_cat-marken","11":"product_cat-produkte","12":"product_cat-wellness-de","13":"product_tag-essential-oil-de","14":"pa_brand-livinglibations-de","15":"pa_essential-oils-product-type-essential-oils-de","16":"pa_size-15-ml-de-2","17":"pa_size-5-ml-de","19":"first","20":"instock","21":"taxable","22":"shipping-taxable","23":"purchasable","24":"product-type-variable"},"bundled_by":[],"bundle_stock_status":"instock","bundle_stock_quantity":null,"bundle_virtual":false,"bundle_layout":"","bundle_add_to_cart_form_location":"","bundle_editable_in_cart":false,"bundle_sold_individually_context":"","bundle_item_grouping":"","bundle_min_size":"","bundle_max_size":"","bundle_price":[],"bundled_items":[],"bundle_sell_ids":[],"atum_controlled":true,"out_stock_date":null,"out_stock_threshold":null,"inheritable":true,"stock_on_hold":0,"sold_today":0,"sales_last_days":0,"out_stock_days":0,"lost_sales":0,"update_date":"2026-04-17T00:06:13","atum_locations":[],"atum_stock_status":"instock","restock_status":false,"low_stock_amount":"","sales_update_date":"2026-04-17T00:06:12","calc_backorders":null,"group_of_quantity":0,"min_quantity":0,"max_quantity":"","exclude_order_quantity_value_rules":"no","exclude_category_quantity_rules":"no","combine_variations":"no","yoast_head":"<!-- This site is optimized with the Yoast SEO Premium plugin v26.5 (Yoast SEO v26.5) - https:\/\/yoast.com\/wordpress\/plugins\/seo\/ -->\n<title>Fragonia Essential Oil - Living Libations<\/title>\n<meta name=\"description\" content=\"Mit der beruhigenden Kraft des Fragonia Essential Oil (Living Libations) finden Sie sofort zu innerem Frieden und zenartiger Gelassenheit.\" \/>\n<meta name=\"robots\" content=\"index, follow, max-snippet:-1, max-image-preview:large, max-video-preview:-1\" \/>\n<link rel=\"canonical\" href=\"https:\/\/dutchhealthstore.com\/de\/product\/fragonia-essential-oil\/\" \/>\n<meta property=\"og:locale\" content=\"de_DE\" \/>\n<meta property=\"og:type\" content=\"article\" \/>\n<meta property=\"og:title\" content=\"Fragonia Essential Oil - Dutch Health Store\" \/>\n<meta property=\"og:description\" content=\"Mit der beruhigenden Kraft des Fragonia Essential Oil (Living Libations) finden Sie sofort zu innerem Frieden und zenartiger Gelassenheit.\" \/>\n<meta property=\"og:url\" content=\"https:\/\/dutchhealthstore.com\/de\/product\/fragonia-essential-oil\/\" \/>\n<meta property=\"og:site_name\" content=\"Dutch Health Store\" \/>\n<meta property=\"article:publisher\" content=\"https:\/\/www.instagram.com\/dutchhealthstore\/\" \/>\n<meta property=\"article:modified_time\" content=\"2025-06-30T09:06:24+00:00\" \/>\n<meta property=\"og:image\" content=\"https:\/\/dutchhealthstore.com\/wp-content\/uploads\/2018\/02\/Fragonia_Essential_Oil_Living_Libations_Europe.jpg\" \/>\n\t<meta property=\"og:image:width\" content=\"640\" \/>\n\t<meta property=\"og:image:height\" content=\"480\" \/>\n\t<meta property=\"og:image:type\" content=\"image\/jpeg\" \/>\n<meta name=\"twitter:card\" content=\"summary_large_image\" \/>\n<meta name=\"twitter:label1\" content=\"Verf\u00fcgbarkeit\" \/>\n\t<meta name=\"twitter:data1\" content=\"Auf Lager\" \/>\n<script type=\"application\/ld+json\" class=\"yoast-schema-graph\">{\"@context\":\"https:\/\/schema.org\",\"@graph\":[{\"@type\":\"WebPage\",\"@id\":\"https:\/\/dutchhealthstore.com\/de\/product\/fragonia-essential-oil\/\",\"url\":\"https:\/\/dutchhealthstore.com\/de\/product\/fragonia-essential-oil\/\",\"name\":\"Fragonia Essential Oil - Living Libations\",\"isPartOf\":{\"@id\":\"https:\/\/dutchhealthstore.com\/de\/#website\"},\"primaryImageOfPage\":{\"@id\":\"https:\/\/dutchhealthstore.com\/de\/product\/fragonia-essential-oil\/#primaryimage\"},\"image\":{\"@id\":\"https:\/\/dutchhealthstore.com\/de\/product\/fragonia-essential-oil\/#primaryimage\"},\"thumbnailUrl\":\"https:\/\/dutchhealthstore.com\/wp-content\/uploads\/2018\/02\/fragonia_c80fa6e7-6f0c-4f40-bc26-f55610d0a157_1024x1024@2x.webp\",\"datePublished\":\"2018-02-10T18:50:06+00:00\",\"dateModified\":\"2025-06-30T09:06:24+00:00\",\"description\":\"Mit der beruhigenden Kraft des Fragonia Essential Oil (Living Libations) finden Sie sofort zu innerem Frieden und zenartiger Gelassenheit.\",\"breadcrumb\":{\"@id\":\"https:\/\/dutchhealthstore.com\/de\/product\/fragonia-essential-oil\/#breadcrumb\"},\"inLanguage\":\"de\",\"potentialAction\":[{\"@type\":\"ReadAction\",\"target\":[\"https:\/\/dutchhealthstore.com\/de\/product\/fragonia-essential-oil\/\"]}]},{\"@type\":\"ImageObject\",\"inLanguage\":\"de\",\"@id\":\"https:\/\/dutchhealthstore.com\/de\/product\/fragonia-essential-oil\/#primaryimage\",\"url\":\"https:\/\/dutchhealthstore.com\/wp-content\/uploads\/2018\/02\/fragonia_c80fa6e7-6f0c-4f40-bc26-f55610d0a157_1024x1024@2x.webp\",\"contentUrl\":\"https:\/\/dutchhealthstore.com\/wp-content\/uploads\/2018\/02\/fragonia_c80fa6e7-6f0c-4f40-bc26-f55610d0a157_1024x1024@2x.webp\",\"width\":1200,\"height\":1200},{\"@type\":\"BreadcrumbList\",\"@id\":\"https:\/\/dutchhealthstore.com\/de\/product\/fragonia-essential-oil\/#breadcrumb\",\"itemListElement\":[{\"@type\":\"ListItem\",\"position\":1,\"name\":\"Home\",\"item\":\"https:\/\/dutchhealthstore.com\/de\/\"},{\"@type\":\"ListItem\",\"position\":2,\"name\":\"Shop\",\"item\":\"https:\/\/dutchhealthstore.com\/de\/shop-2\/\"},{\"@type\":\"ListItem\",\"position\":3,\"name\":\"Fragonia Essential Oil\"}]},{\"@type\":\"WebSite\",\"@id\":\"https:\/\/dutchhealthstore.com\/de\/#website\",\"url\":\"https:\/\/dutchhealthstore.com\/de\/\",\"name\":\"Dutch Health Store\",\"description\":\"Enhance Your Beauty with Organic &amp; Natural Skincare\",\"publisher\":{\"@id\":\"https:\/\/dutchhealthstore.com\/de\/#organization\"},\"potentialAction\":[{\"@type\":\"SearchAction\",\"target\":{\"@type\":\"EntryPoint\",\"urlTemplate\":\"https:\/\/dutchhealthstore.com\/de\/?s={search_term_string}\"},\"query-input\":{\"@type\":\"PropertyValueSpecification\",\"valueRequired\":true,\"valueName\":\"search_term_string\"}}],\"inLanguage\":\"de\"},{\"@type\":\"Organization\",\"@id\":\"https:\/\/dutchhealthstore.com\/de\/#organization\",\"name\":\"Dutch Health Store\",\"url\":\"https:\/\/dutchhealthstore.com\/de\/\",\"logo\":{\"@type\":\"ImageObject\",\"inLanguage\":\"de\",\"@id\":\"https:\/\/dutchhealthstore.com\/de\/#\/schema\/logo\/image\/\",\"url\":\"https:\/\/dutchhealthstore.com\/wp-content\/uploads\/2020\/08\/logo-dutchhealthstore-jpg-e1599484957574.jpg\",\"contentUrl\":\"https:\/\/dutchhealthstore.com\/wp-content\/uploads\/2020\/08\/logo-dutchhealthstore-jpg-e1599484957574.jpg\",\"width\":400,\"height\":62,\"caption\":\"Dutch Health Store\"},\"image\":{\"@id\":\"https:\/\/dutchhealthstore.com\/de\/#\/schema\/logo\/image\/\"},\"sameAs\":[\"https:\/\/www.instagram.com\/dutchhealthstore\/\",\"https:\/\/www.facebook.com\/dutchhealthstore\"]}]}<\/script>\n<meta property=\"product:brand\" content=\"Living Libations\" \/>\n<meta property=\"og:availability\" content=\"instock\" \/>\n<meta property=\"product:availability\" content=\"instock\" \/>\n<meta property=\"product:condition\" content=\"new\" \/>\n<!-- \/ Yoast SEO Premium plugin. -->","yoast_head_json":{"title":"Fragonia Essential Oil - Living Libations","description":"Mit der beruhigenden Kraft des Fragonia Essential Oil (Living Libations) finden Sie sofort zu innerem Frieden und zenartiger Gelassenheit.","robots":{"index":"index","follow":"follow","max-snippet":"max-snippet:-1","max-image-preview":"max-image-preview:large","max-video-preview":"max-video-preview:-1"},"canonical":"https:\/\/dutchhealthstore.com\/de\/product\/fragonia-essential-oil\/","og_locale":"de_DE","og_type":"article","og_title":"Fragonia Essential Oil - Dutch Health Store","og_description":"Mit der beruhigenden Kraft des Fragonia Essential Oil (Living Libations) finden Sie sofort zu innerem Frieden und zenartiger Gelassenheit.","og_url":"https:\/\/dutchhealthstore.com\/de\/product\/fragonia-essential-oil\/","og_site_name":"Dutch Health Store","article_publisher":"https:\/\/www.instagram.com\/dutchhealthstore\/","article_modified_time":"2025-06-30T09:06:24+00:00","og_image":[{"width":640,"height":480,"url":"https:\/\/dutchhealthstore.com\/wp-content\/uploads\/2018\/02\/Fragonia_Essential_Oil_Living_Libations_Europe.jpg","type":"image\/jpeg"}],"twitter_card":"summary_large_image","twitter_misc":{"Verf\u00fcgbarkeit":"Auf Lager"},"schema":{"@context":"https:\/\/schema.org","@graph":[{"@type":"WebPage","@id":"https:\/\/dutchhealthstore.com\/de\/product\/fragonia-essential-oil\/","url":"https:\/\/dutchhealthstore.com\/de\/product\/fragonia-essential-oil\/","name":"Fragonia Essential Oil - Living Libations","isPartOf":{"@id":"https:\/\/dutchhealthstore.com\/de\/#website"},"primaryImageOfPage":{"@id":"https:\/\/dutchhealthstore.com\/de\/product\/fragonia-essential-oil\/#primaryimage"},"image":{"@id":"https:\/\/dutchhealthstore.com\/de\/product\/fragonia-essential-oil\/#primaryimage"},"thumbnailUrl":"https:\/\/dutchhealthstore.com\/wp-content\/uploads\/2018\/02\/fragonia_c80fa6e7-6f0c-4f40-bc26-f55610d0a157_1024x1024@2x.webp","datePublished":"2018-02-10T18:50:06+00:00","dateModified":"2025-06-30T09:06:24+00:00","description":"Mit der beruhigenden Kraft des Fragonia Essential Oil (Living Libations) finden Sie sofort zu innerem Frieden und zenartiger Gelassenheit.","breadcrumb":{"@id":"https:\/\/dutchhealthstore.com\/de\/product\/fragonia-essential-oil\/#breadcrumb"},"inLanguage":"de","potentialAction":[{"@type":"ReadAction","target":["https:\/\/dutchhealthstore.com\/de\/product\/fragonia-essential-oil\/"]}]},{"@type":"ImageObject","inLanguage":"de","@id":"https:\/\/dutchhealthstore.com\/de\/product\/fragonia-essential-oil\/#primaryimage","url":"https:\/\/dutchhealthstore.com\/wp-content\/uploads\/2018\/02\/fragonia_c80fa6e7-6f0c-4f40-bc26-f55610d0a157_1024x1024@2x.webp","contentUrl":"https:\/\/dutchhealthstore.com\/wp-content\/uploads\/2018\/02\/fragonia_c80fa6e7-6f0c-4f40-bc26-f55610d0a157_1024x1024@2x.webp","width":1200,"height":1200},{"@type":"BreadcrumbList","@id":"https:\/\/dutchhealthstore.com\/de\/product\/fragonia-essential-oil\/#breadcrumb","itemListElement":[{"@type":"ListItem","position":1,"name":"Home","item":"https:\/\/dutchhealthstore.com\/de\/"},{"@type":"ListItem","position":2,"name":"Shop","item":"https:\/\/dutchhealthstore.com\/de\/shop-2\/"},{"@type":"ListItem","position":3,"name":"Fragonia Essential Oil"}]},{"@type":"WebSite","@id":"https:\/\/dutchhealthstore.com\/de\/#website","url":"https:\/\/dutchhealthstore.com\/de\/","name":"Dutch Health Store","description":"Enhance Your Beauty with Organic &amp; Natural Skincare","publisher":{"@id":"https:\/\/dutchhealthstore.com\/de\/#organization"},"potentialAction":[{"@type":"SearchAction","target":{"@type":"EntryPoint","urlTemplate":"https:\/\/dutchhealthstore.com\/de\/?s={search_term_string}"},"query-input":{"@type":"PropertyValueSpecification","valueRequired":true,"valueName":"search_term_string"}}],"inLanguage":"de"},{"@type":"Organization","@id":"https:\/\/dutchhealthstore.com\/de\/#organization","name":"Dutch Health Store","url":"https:\/\/dutchhealthstore.com\/de\/","logo":{"@type":"ImageObject","inLanguage":"de","@id":"https:\/\/dutchhealthstore.com\/de\/#\/schema\/logo\/image\/","url":"https:\/\/dutchhealthstore.com\/wp-content\/uploads\/2020\/08\/logo-dutchhealthstore-jpg-e1599484957574.jpg","contentUrl":"https:\/\/dutchhealthstore.com\/wp-content\/uploads\/2020\/08\/logo-dutchhealthstore-jpg-e1599484957574.jpg","width":400,"height":62,"caption":"Dutch Health Store"},"image":{"@id":"https:\/\/dutchhealthstore.com\/de\/#\/schema\/logo\/image\/"},"sameAs":["https:\/\/www.instagram.com\/dutchhealthstore\/","https:\/\/www.facebook.com\/dutchhealthstore"]}]},"product_brand":"Living Libations","og_availability":"instock","product_availability":"instock","product_condition":"new"},"_links":{"self":[{"href":"https:\/\/dutchhealthstore.com\/de\/wp-json\/wp\/v2\/product\/118501","targetHints":{"allow":["GET"]}}],"collection":[{"href":"https:\/\/dutchhealthstore.com\/de\/wp-json\/wp\/v2\/product"}],"about":[{"href":"https:\/\/dutchhealthstore.com\/de\/wp-json\/wp\/v2\/types\/product"}],"replies":[{"embeddable":true,"href":"https:\/\/dutchhealthstore.com\/de\/wp-json\/wp\/v2\/comments?post=118501"}],"wp:featuredmedia":[{"embeddable":true,"href":"https:\/\/dutchhealthstore.com\/de\/wp-json\/wp\/v2\/media\/292684"}],"wp:attachment":[{"href":"https:\/\/dutchhealthstore.com\/de\/wp-json\/wp\/v2\/media?parent=118501"}],"wp:term":[{"taxonomy":"product_brand","embeddable":true,"href":"https:\/\/dutchhealthstore.com\/de\/wp-json\/wp\/v2\/product_brand?post=118501"},{"taxonomy":"product_cat","embeddable":true,"href":"https:\/\/dutchhealthstore.com\/de\/wp-json\/wp\/v2\/product_cat?post=118501"},{"taxonomy":"product_tag","embeddable":true,"href":"https:\/\/dutchhealthstore.com\/de\/wp-json\/wp\/v2\/product_tag?post=118501"}],"curies":[{"name":"wp","href":"https:\/\/api.w.org\/{rel}","templated":true}]}}