{"id":118493,"date":"2020-06-25T08:20:27","date_gmt":"2020-06-25T06:20:27","guid":{"rendered":"https:\/\/dutchhealthstore.com\/product\/forest-amber-essential-oil\/"},"modified":"2026-03-28T20:23:03","modified_gmt":"2026-03-28T19:23:03","slug":"forest-amber-essential-oil","status":"publish","type":"product","link":"https:\/\/dutchhealthstore.com\/de\/product\/forest-amber-essential-oil\/","title":{"rendered":"Forest Amber Essential Oil"},"content":{"rendered":"<p><img decoding=\"async\" class=\"size-full wp-image-69549 alignright\" src=\"https:\/\/dutchhealthstore.com\/wp-content\/uploads\/2019\/08\/NEW-Living-Libations-Logo.jpg\" alt=\"NEW - Living Libations - Logo\" width=\"175\" height=\"82\"><strong>Botanischer Name:<\/strong> Pinus monophylla<br \/>\n<strong>Botanische Familie:<\/strong> Pinaceae<br \/>\n<strong>Extraktionsverfahren:<\/strong> Dampfdestilliert<br \/>\n<strong>Teil der Pflanze Destilliert:<\/strong> Harz<br \/>\n<strong>Herkunftsland:<\/strong> Westliche Vereinigte Staaten<br \/>\n<strong>Anbaumethode:<\/strong> Wild geerntet<br \/>\n<strong>Zusammensetzung:<\/strong> 100% Pinus monophylla<br \/>\n<strong>Konsistenz:<\/strong> Etwas dickfl\u00fcssiger als d\u00fcnnfl\u00fcssig<\/p>\n<h3>Beschreibung des Duftes<\/h3>\n<p>Eine uralte Erinnerung, \u00fcberbracht von einer heiligen Brise aus Weihrauch, Myrrhe und frischer Rotkiefer.<\/p>\n<h3>Gut mischbar mit<\/h3>\n<p>Weihrauch, Myrrhe, Kiefer, Ysop, Wei\u00dftanne, Grapefruit, Spikenard, Lavendel, Lorbeer und Bergamotte.<\/p>\n<h3>Verwendet<\/h3>\n<p>Salbe das Stirnchakra. Diffus. Ein paar Tropfen in ein warmes Bad geben. M\u00e4chtig gut in Massage\u00f6len.<\/p>\n<a href=\"https:\/\/dutchhealthstore.com\/wp-content\/uploads\/2020\/06\/ANALYSIS-Forest-Amber-Essential-Oil-Living-Libations-3.pdf\" class=\"button primary is-primary is-small\"  >\n\t\t<span>ANALYSE DER \u00c4THERISCHEN \u00d6LE &gt;<\/span>\n\t<\/a>\n\n<p>Die reichhaltig harzige Forest Amber Essenz ist ein einzigartiges Angebot in unserer Kollektion g\u00f6ttlicher Destillationen. Sukkulenter Saft, der auf der Rinde einer frisch gefallenen Pi\u00f1on-Kiefer glitzert, veranlasste unseren Destillateur, den Saft zu testen. Was er fand, war eine Verbindung zur Vergangenheit, ein Portal in das fr\u00fche Leben der m\u00e4chtigen Pine. Durch die Kombination des gealterten Harzes mit dem frischen \u00e4therischen \u00d6l desselben Baumes wurde Forest Amber geboren.<\/p>\n<p>W\u00e4hrend Pi\u00f1on Pine Zapfen\u00f6l f\u00fcr seine F\u00e4higkeit bekannt ist, die Kreativit\u00e4t zu erweitern und luzides Tr\u00e4umen zu f\u00f6rdern, erweitert Forest Amber die Zeit in drei Dimensionen und \u00f6ffnet das Zirbeldr\u00fcsenchakra f\u00fcr das, was jenseits davon in jeder Richtung liegt &#8211; Vergangenheit, Gegenwart und Wald. Unser Destillateur empfiehlt: Geben Sie einen Tropfen auf die Stirn und unter die Nase, da das verwitterte Harz im \u00e4therischen \u00d6l elektromagnetisch aktiv ist.<\/p>\n<p>F\u00fcr Klarheit, Klarheit und Verbundenheit mit vergangenen und zuk\u00fcnftigen Momenten ist die Forest Amber Essenz Ihre k\u00f6stliche Verbindung mit dem allgegenw\u00e4rtigen, sich ewig erweiternden Horizont des Jetzt.<\/p>\n<p><strong>Gr\u00f6\u00dfe: 5 ml und 15 ml<\/strong><\/p>\n<h3>Bio-Zutaten<\/h3>\n<p>\u00c4therisches \u00d6l aus 100% Waldbernstein (Pinus monophylla).<\/p>\n<p style=\"text-align: center;\"><em>&#8222;Alles neigt dazu, uns glauben zu machen, dass es einen bestimmten Punkt des Geistes gibt, an dem Leben und Tod, Reales und Imagin\u00e4res, Vergangenheit und Wald, Kommunizierbares und Unkommunizierbares, Hoch und Tief aufh\u00f6ren, als Gegens\u00e4tze wahrgenommen zu werden.&#8220;<\/em><br \/>\n~ Andr\u00e9 Breton<\/p>\n<p><img fetchpriority=\"high\" decoding=\"async\" class=\"size-medium wp-image-68103 aligncenter\" src=\"https:\/\/dutchhealthstore.com\/wp-content\/uploads\/2018\/02\/Living-Libations-Organic-Logo-800x89.png\" alt=\"Living Libations - Organic Logo\" width=\"800\" height=\"89\" srcset=\"https:\/\/dutchhealthstore.com\/wp-content\/uploads\/2018\/02\/Living-Libations-Organic-Logo-800x89.png 800w, https:\/\/dutchhealthstore.com\/wp-content\/uploads\/2018\/02\/Living-Libations-Organic-Logo-510x57.png 510w, https:\/\/dutchhealthstore.com\/wp-content\/uploads\/2018\/02\/Living-Libations-Organic-Logo-768x85.png 768w, https:\/\/dutchhealthstore.com\/wp-content\/uploads\/2018\/02\/Living-Libations-Organic-Logo.png 1400w\" sizes=\"(max-width: 800px) 100vw, 800px\" \/><\/p>\n","protected":false},"excerpt":{"rendered":"<p>Duftendes <strong>Forest Amber Essential Oil<\/strong> schafft einen heiligen Raum, in dem Vergangenheit und Wald in der ewigen Gegenwart kulminieren.<br \/>\nForest Amber ist ein v\u00f6llig einzigartiges Angebot unseres Destillateurs. Es ist eine choreografierte Co-Destillation der reichhaltigen Harze der Pi\u00f1on-Kiefer mit den nat\u00fcrlichen \u00e4therischen \u00d6len des Baumes.<br \/>\nGemeinsam verbinden diese beiden Elemente K\u00f6rper und Seele durch das reife Harz mit der alten Vergangenheit und durch die direkte Kommunikation mit den Gehirnh\u00e4lften und dem Stirnchakra mit den fl\u00fcchtigen, duftenden Waldmolek\u00fclen der Gegenwart.<\/p>\n","protected":false},"featured_media":109064,"comment_status":"open","ping_status":"closed","template":"","meta":[],"product_brand":[],"product_cat":[1508,1546,6737,1493,1210,6736],"product_tag":[21667,21529,1547,21809],"class_list":{"0":"post-118493","1":"product","2":"type-product","3":"status-publish","4":"has-post-thumbnail","6":"product_cat-aetherische-oele-living-libations","7":"product_cat-essential-oils-living-libations-de","8":"product_cat-essential-oils-de-2","9":"product_cat-living-libations-deutschland","10":"product_cat-marken","11":"product_cat-wellness-de","12":"product_tag-aroma-de","13":"product_tag-entspannend","14":"product_tag-essential-oil-de","15":"product_tag-natural-de","16":"pa_brand-livinglibations-de","17":"pa_essential-oils-product-type-essential-oils-de","18":"pa_size-5-ml-de","19":"pa_size-15-ml-de-2","21":"first","22":"instock","23":"taxable","24":"shipping-taxable","25":"purchasable","26":"product-type-variable"},"bundled_by":[],"bundle_stock_status":"instock","bundle_stock_quantity":null,"bundle_virtual":false,"bundle_layout":"","bundle_add_to_cart_form_location":"","bundle_editable_in_cart":false,"bundle_sold_individually_context":"","bundle_item_grouping":"","bundle_min_size":"","bundle_max_size":"","bundle_price":[],"bundled_items":[],"bundle_sell_ids":[],"atum_controlled":true,"out_stock_date":null,"out_stock_threshold":null,"inheritable":true,"stock_on_hold":0,"sold_today":0,"sales_last_days":0,"out_stock_days":0,"lost_sales":0,"update_date":"2026-04-11T00:02:06","atum_locations":[],"atum_stock_status":"instock","restock_status":false,"low_stock_amount":"","sales_update_date":"2026-04-11T00:02:06","calc_backorders":null,"group_of_quantity":0,"min_quantity":0,"max_quantity":"","exclude_order_quantity_value_rules":"no","exclude_category_quantity_rules":"no","combine_variations":"no","yoast_head":"<!-- This site is optimized with the Yoast SEO Premium plugin v26.5 (Yoast SEO v26.5) - https:\/\/yoast.com\/wordpress\/plugins\/seo\/ -->\n<title>Forest Amber Essential Oil | Living Libations<\/title>\n<meta name=\"description\" content=\"Duftendes Forest Amber Essential Oil schafft einen heiligen Raum, in dem Vergangenheit und Wald in der ewigen Gegenwart kulminieren.\" \/>\n<meta name=\"robots\" content=\"index, follow, max-snippet:-1, max-image-preview:large, max-video-preview:-1\" \/>\n<link rel=\"canonical\" href=\"https:\/\/dutchhealthstore.com\/de\/product\/forest-amber-essential-oil\/\" \/>\n<meta property=\"og:locale\" content=\"de_DE\" \/>\n<meta property=\"og:type\" content=\"article\" \/>\n<meta property=\"og:title\" content=\"Forest Amber Essential Oil - Dutch Health Store\" \/>\n<meta property=\"og:description\" content=\"Duftendes Forest Amber Essential Oil schafft einen heiligen Raum, in dem Vergangenheit und Wald in der ewigen Gegenwart kulminieren.\" \/>\n<meta property=\"og:url\" content=\"https:\/\/dutchhealthstore.com\/de\/product\/forest-amber-essential-oil\/\" \/>\n<meta property=\"og:site_name\" content=\"Dutch Health Store\" \/>\n<meta property=\"article:publisher\" content=\"https:\/\/www.instagram.com\/dutchhealthstore\/\" \/>\n<meta property=\"article:modified_time\" content=\"2026-03-28T19:23:03+00:00\" \/>\n<meta property=\"og:image\" content=\"https:\/\/dutchhealthstore.com\/wp-content\/uploads\/2020\/06\/Living-libations-Forest-Amber-Essential-Oil-1.png\" \/>\n\t<meta property=\"og:image:width\" content=\"500\" \/>\n\t<meta property=\"og:image:height\" content=\"500\" \/>\n\t<meta property=\"og:image:type\" content=\"image\/jpeg\" \/>\n<meta name=\"twitter:card\" content=\"summary_large_image\" \/>\n<meta name=\"twitter:label1\" content=\"Verf\u00fcgbarkeit\" \/>\n\t<meta name=\"twitter:data1\" content=\"Auf Lager\" \/>\n<script type=\"application\/ld+json\" class=\"yoast-schema-graph\">{\"@context\":\"https:\/\/schema.org\",\"@graph\":[{\"@type\":\"WebPage\",\"@id\":\"https:\/\/dutchhealthstore.com\/de\/product\/forest-amber-essential-oil\/\",\"url\":\"https:\/\/dutchhealthstore.com\/de\/product\/forest-amber-essential-oil\/\",\"name\":\"Forest Amber Essential Oil | Living Libations\",\"isPartOf\":{\"@id\":\"https:\/\/dutchhealthstore.com\/de\/#website\"},\"primaryImageOfPage\":{\"@id\":\"https:\/\/dutchhealthstore.com\/de\/product\/forest-amber-essential-oil\/#primaryimage\"},\"image\":{\"@id\":\"https:\/\/dutchhealthstore.com\/de\/product\/forest-amber-essential-oil\/#primaryimage\"},\"thumbnailUrl\":\"https:\/\/dutchhealthstore.com\/wp-content\/uploads\/2020\/06\/Living-libations-Forest-Amber-Essential-Oil-1.png\",\"datePublished\":\"2020-06-25T06:20:27+00:00\",\"dateModified\":\"2026-03-28T19:23:03+00:00\",\"description\":\"Duftendes Forest Amber Essential Oil schafft einen heiligen Raum, in dem Vergangenheit und Wald in der ewigen Gegenwart kulminieren.\",\"breadcrumb\":{\"@id\":\"https:\/\/dutchhealthstore.com\/de\/product\/forest-amber-essential-oil\/#breadcrumb\"},\"inLanguage\":\"de\",\"potentialAction\":[{\"@type\":\"ReadAction\",\"target\":[\"https:\/\/dutchhealthstore.com\/de\/product\/forest-amber-essential-oil\/\"]}]},{\"@type\":\"ImageObject\",\"inLanguage\":\"de\",\"@id\":\"https:\/\/dutchhealthstore.com\/de\/product\/forest-amber-essential-oil\/#primaryimage\",\"url\":\"https:\/\/dutchhealthstore.com\/wp-content\/uploads\/2020\/06\/Living-libations-Forest-Amber-Essential-Oil-1.png\",\"contentUrl\":\"https:\/\/dutchhealthstore.com\/wp-content\/uploads\/2020\/06\/Living-libations-Forest-Amber-Essential-Oil-1.png\",\"width\":500,\"height\":500,\"caption\":\"Living libations - Forest Amber Essential Oil\"},{\"@type\":\"BreadcrumbList\",\"@id\":\"https:\/\/dutchhealthstore.com\/de\/product\/forest-amber-essential-oil\/#breadcrumb\",\"itemListElement\":[{\"@type\":\"ListItem\",\"position\":1,\"name\":\"Home\",\"item\":\"https:\/\/dutchhealthstore.com\/de\/\"},{\"@type\":\"ListItem\",\"position\":2,\"name\":\"Shop\",\"item\":\"https:\/\/dutchhealthstore.com\/de\/shop-2\/\"},{\"@type\":\"ListItem\",\"position\":3,\"name\":\"Forest Amber Essential Oil\"}]},{\"@type\":\"WebSite\",\"@id\":\"https:\/\/dutchhealthstore.com\/de\/#website\",\"url\":\"https:\/\/dutchhealthstore.com\/de\/\",\"name\":\"Dutch Health Store\",\"description\":\"Enhance Your Beauty with Organic &amp; Natural Skincare\",\"publisher\":{\"@id\":\"https:\/\/dutchhealthstore.com\/de\/#organization\"},\"potentialAction\":[{\"@type\":\"SearchAction\",\"target\":{\"@type\":\"EntryPoint\",\"urlTemplate\":\"https:\/\/dutchhealthstore.com\/de\/?s={search_term_string}\"},\"query-input\":{\"@type\":\"PropertyValueSpecification\",\"valueRequired\":true,\"valueName\":\"search_term_string\"}}],\"inLanguage\":\"de\"},{\"@type\":\"Organization\",\"@id\":\"https:\/\/dutchhealthstore.com\/de\/#organization\",\"name\":\"Dutch Health Store\",\"url\":\"https:\/\/dutchhealthstore.com\/de\/\",\"logo\":{\"@type\":\"ImageObject\",\"inLanguage\":\"de\",\"@id\":\"https:\/\/dutchhealthstore.com\/de\/#\/schema\/logo\/image\/\",\"url\":\"https:\/\/dutchhealthstore.com\/wp-content\/uploads\/2020\/08\/logo-dutchhealthstore-jpg-e1599484957574.jpg\",\"contentUrl\":\"https:\/\/dutchhealthstore.com\/wp-content\/uploads\/2020\/08\/logo-dutchhealthstore-jpg-e1599484957574.jpg\",\"width\":400,\"height\":62,\"caption\":\"Dutch Health Store\"},\"image\":{\"@id\":\"https:\/\/dutchhealthstore.com\/de\/#\/schema\/logo\/image\/\"},\"sameAs\":[\"https:\/\/www.instagram.com\/dutchhealthstore\/\",\"https:\/\/www.facebook.com\/dutchhealthstore\"]}]}<\/script>\n<meta property=\"product:brand\" content=\"Living Libations\" \/>\n<meta property=\"og:availability\" content=\"instock\" \/>\n<meta property=\"product:availability\" content=\"instock\" \/>\n<meta property=\"product:condition\" content=\"new\" \/>\n<!-- \/ Yoast SEO Premium plugin. -->","yoast_head_json":{"title":"Forest Amber Essential Oil | Living Libations","description":"Duftendes Forest Amber Essential Oil schafft einen heiligen Raum, in dem Vergangenheit und Wald in der ewigen Gegenwart kulminieren.","robots":{"index":"index","follow":"follow","max-snippet":"max-snippet:-1","max-image-preview":"max-image-preview:large","max-video-preview":"max-video-preview:-1"},"canonical":"https:\/\/dutchhealthstore.com\/de\/product\/forest-amber-essential-oil\/","og_locale":"de_DE","og_type":"article","og_title":"Forest Amber Essential Oil - Dutch Health Store","og_description":"Duftendes Forest Amber Essential Oil schafft einen heiligen Raum, in dem Vergangenheit und Wald in der ewigen Gegenwart kulminieren.","og_url":"https:\/\/dutchhealthstore.com\/de\/product\/forest-amber-essential-oil\/","og_site_name":"Dutch Health Store","article_publisher":"https:\/\/www.instagram.com\/dutchhealthstore\/","article_modified_time":"2026-03-28T19:23:03+00:00","og_image":[{"width":500,"height":500,"url":"https:\/\/dutchhealthstore.com\/wp-content\/uploads\/2020\/06\/Living-libations-Forest-Amber-Essential-Oil-1.png","type":"image\/jpeg"}],"twitter_card":"summary_large_image","twitter_misc":{"Verf\u00fcgbarkeit":"Auf Lager"},"schema":{"@context":"https:\/\/schema.org","@graph":[{"@type":"WebPage","@id":"https:\/\/dutchhealthstore.com\/de\/product\/forest-amber-essential-oil\/","url":"https:\/\/dutchhealthstore.com\/de\/product\/forest-amber-essential-oil\/","name":"Forest Amber Essential Oil | Living Libations","isPartOf":{"@id":"https:\/\/dutchhealthstore.com\/de\/#website"},"primaryImageOfPage":{"@id":"https:\/\/dutchhealthstore.com\/de\/product\/forest-amber-essential-oil\/#primaryimage"},"image":{"@id":"https:\/\/dutchhealthstore.com\/de\/product\/forest-amber-essential-oil\/#primaryimage"},"thumbnailUrl":"https:\/\/dutchhealthstore.com\/wp-content\/uploads\/2020\/06\/Living-libations-Forest-Amber-Essential-Oil-1.png","datePublished":"2020-06-25T06:20:27+00:00","dateModified":"2026-03-28T19:23:03+00:00","description":"Duftendes Forest Amber Essential Oil schafft einen heiligen Raum, in dem Vergangenheit und Wald in der ewigen Gegenwart kulminieren.","breadcrumb":{"@id":"https:\/\/dutchhealthstore.com\/de\/product\/forest-amber-essential-oil\/#breadcrumb"},"inLanguage":"de","potentialAction":[{"@type":"ReadAction","target":["https:\/\/dutchhealthstore.com\/de\/product\/forest-amber-essential-oil\/"]}]},{"@type":"ImageObject","inLanguage":"de","@id":"https:\/\/dutchhealthstore.com\/de\/product\/forest-amber-essential-oil\/#primaryimage","url":"https:\/\/dutchhealthstore.com\/wp-content\/uploads\/2020\/06\/Living-libations-Forest-Amber-Essential-Oil-1.png","contentUrl":"https:\/\/dutchhealthstore.com\/wp-content\/uploads\/2020\/06\/Living-libations-Forest-Amber-Essential-Oil-1.png","width":500,"height":500,"caption":"Living libations - Forest Amber Essential Oil"},{"@type":"BreadcrumbList","@id":"https:\/\/dutchhealthstore.com\/de\/product\/forest-amber-essential-oil\/#breadcrumb","itemListElement":[{"@type":"ListItem","position":1,"name":"Home","item":"https:\/\/dutchhealthstore.com\/de\/"},{"@type":"ListItem","position":2,"name":"Shop","item":"https:\/\/dutchhealthstore.com\/de\/shop-2\/"},{"@type":"ListItem","position":3,"name":"Forest Amber Essential Oil"}]},{"@type":"WebSite","@id":"https:\/\/dutchhealthstore.com\/de\/#website","url":"https:\/\/dutchhealthstore.com\/de\/","name":"Dutch Health Store","description":"Enhance Your Beauty with Organic &amp; Natural Skincare","publisher":{"@id":"https:\/\/dutchhealthstore.com\/de\/#organization"},"potentialAction":[{"@type":"SearchAction","target":{"@type":"EntryPoint","urlTemplate":"https:\/\/dutchhealthstore.com\/de\/?s={search_term_string}"},"query-input":{"@type":"PropertyValueSpecification","valueRequired":true,"valueName":"search_term_string"}}],"inLanguage":"de"},{"@type":"Organization","@id":"https:\/\/dutchhealthstore.com\/de\/#organization","name":"Dutch Health Store","url":"https:\/\/dutchhealthstore.com\/de\/","logo":{"@type":"ImageObject","inLanguage":"de","@id":"https:\/\/dutchhealthstore.com\/de\/#\/schema\/logo\/image\/","url":"https:\/\/dutchhealthstore.com\/wp-content\/uploads\/2020\/08\/logo-dutchhealthstore-jpg-e1599484957574.jpg","contentUrl":"https:\/\/dutchhealthstore.com\/wp-content\/uploads\/2020\/08\/logo-dutchhealthstore-jpg-e1599484957574.jpg","width":400,"height":62,"caption":"Dutch Health Store"},"image":{"@id":"https:\/\/dutchhealthstore.com\/de\/#\/schema\/logo\/image\/"},"sameAs":["https:\/\/www.instagram.com\/dutchhealthstore\/","https:\/\/www.facebook.com\/dutchhealthstore"]}]},"product_brand":"Living Libations","og_availability":"instock","product_availability":"instock","product_condition":"new"},"_links":{"self":[{"href":"https:\/\/dutchhealthstore.com\/de\/wp-json\/wp\/v2\/product\/118493","targetHints":{"allow":["GET"]}}],"collection":[{"href":"https:\/\/dutchhealthstore.com\/de\/wp-json\/wp\/v2\/product"}],"about":[{"href":"https:\/\/dutchhealthstore.com\/de\/wp-json\/wp\/v2\/types\/product"}],"replies":[{"embeddable":true,"href":"https:\/\/dutchhealthstore.com\/de\/wp-json\/wp\/v2\/comments?post=118493"}],"wp:featuredmedia":[{"embeddable":true,"href":"https:\/\/dutchhealthstore.com\/de\/wp-json\/wp\/v2\/media\/109064"}],"wp:attachment":[{"href":"https:\/\/dutchhealthstore.com\/de\/wp-json\/wp\/v2\/media?parent=118493"}],"wp:term":[{"taxonomy":"product_brand","embeddable":true,"href":"https:\/\/dutchhealthstore.com\/de\/wp-json\/wp\/v2\/product_brand?post=118493"},{"taxonomy":"product_cat","embeddable":true,"href":"https:\/\/dutchhealthstore.com\/de\/wp-json\/wp\/v2\/product_cat?post=118493"},{"taxonomy":"product_tag","embeddable":true,"href":"https:\/\/dutchhealthstore.com\/de\/wp-json\/wp\/v2\/product_tag?post=118493"}],"curies":[{"name":"wp","href":"https:\/\/api.w.org\/{rel}","templated":true}]}}