{"id":118371,"date":"2020-06-04T06:44:02","date_gmt":"2020-06-04T06:44:02","guid":{"rendered":"https:\/\/dutchhealthstore.com\/product\/fir-siberian-essential-oil\/"},"modified":"2025-10-28T10:47:07","modified_gmt":"2025-10-28T09:47:07","slug":"fir-siberian-essential-oil","status":"publish","type":"product","link":"https:\/\/dutchhealthstore.com\/de\/product\/fir-siberian-essential-oil\/","title":{"rendered":"Fir, Siberian Essential Oil"},"content":{"rendered":"<p><img decoding=\"async\" class=\"size-full wp-image-69549 alignright\" src=\"https:\/\/dutchhealthstore.com\/wp-content\/uploads\/2019\/08\/NEW-Living-Libations-Logo.jpg\" alt=\"NEW - Living Libations - Logo\" width=\"175\" height=\"82\"><strong>Botanischer Name:<\/strong> Abies sibirica<br \/>\n<strong>Botanische Familie:<\/strong> Pinaceae<br \/>\n<strong>Extraktionsverfahren:<\/strong> Dampfdestilliert<br \/>\n<strong>Teil der Pflanze Destilliert:<\/strong> Nadeln<br \/>\n<strong>Herkunftsland:<\/strong> Russland<br \/>\n<strong>Anbaumethode:<\/strong> Wildwachsend<\/p>\n<h3>Beschreibung des Duftes<\/h3>\n<p>Feine, frische Weihnachtsbaumnoten, die unter dem frisch gefallenen Schnee beben.<\/p>\n<h3>Mischt sich mit<\/h3>\n<p>Wei\u00dftanne, Bergamotte, Grapefruit, Kiefer, Weihrauch, Ysop, Rosmarin, Palo Santo, Vetiver, Spikenard, Majoran, Oregano, Lavendel, Geranie, Thymian, Zistrose, Fichte, Zypresse, Teebaum, Niaouli und Myrte<\/p>\n<h3>Verwendet<\/h3>\n<p>Perfekt f\u00fcr die Solepfeife oder den Vaping Pen, gro\u00dfartig in Aroma-Diffusoren und ein Tropfen Boreal-Gl\u00fcckseligkeit in B\u00e4dern. Kombinieren Sie sie mit anderen Immergr\u00fcnen, um eine Superkraft der lungenfreundlichen und sinusfeuchtenden Teamarbeit zu schaffen. Gemischt mit Majoran und Minze f\u00fcr eine muskelschmelzende Massage. Genie\u00dfen Sie Bergamotte und Vetiver in K\u00f6lnischwasser und meditieren Sie \u00fcber die molekularen Mantras dieser waldigen Tanne aus der Taiga, die die Ranken Ihres Chi ber\u00fchren und Ihren Geist liebevoll nach oben und weiter bringen.<\/p>\n<a href=\"https:\/\/dutchhealthstore.com\/wp-content\/uploads\/2020\/06\/ANALYSIS-Fir-Siberian-Essential-Oil-Living-Libations-3.pdf\" class=\"button primary is-primary is-small\"  >\n\t\t<span>ANALYSE DER \u00c4THERISCHEN \u00d6LE &gt;<\/span>\n\t<\/a>\n\n<p style=\"font-weight: 400;\">Siberian Fir ist f\u00fcr ihre spirituelle Anmut bekannt. Es ist auch hervorragend geeignet, um Muskeln zu massieren und Verspannungen zu l\u00f6sen.<\/p>\n<p style=\"font-weight: 400;\">In emotionaler und spiritueller Hinsicht hilft die Siberian Fir dabei, gr\u00f6\u00dfere Ver\u00e4nderungen im Leben zu bew\u00e4ltigen, einschlie\u00dflich spiritueller Ver\u00e4nderungen und Evolution. Es wird gesagt, dass es den Geist und das Herz in Zeiten emotionaler Umw\u00e4lzungen beruhigt &#8211; wenn eine Beziehung zu Ende geht, ein neuer Job beginnt oder ein tiefgreifender Bewusstseinswandel stattfindet. Wenn die Welt aus den Fugen ger\u00e4t, erfrischt die Siberian Fir das Gef\u00fchl von geerdetem Gleichgewicht und st\u00e4rkt den Geist neu.<\/p>\n<p><strong>Gr\u00f6\u00dfe: 5 ml, 15 ml, 30 ml und 100 ml<\/strong><\/p>\n<h3>Bio-Zutaten<\/h3>\n<p>100% \u00e4therisches \u00d6l der sibirischen Tanne (Abies sibirica).<\/p>\n<p style=\"text-align: center;\"><em>&#8222;Auch in Sibirien gibt es Gl\u00fcck.&#8220;<\/em><br \/>\n~ Anton Tschechow<\/p>\n<p style=\"text-align: center;\"><em>&#8222;In traditionellen Gesundheits- und Fitnesskreisen gilt das \u00d6l der Sibirischen Tanne seit jeher als ein vielseitiges Mittel f\u00fcr die Atemwege und ein revitalisierendes Energietonikum in einem. Wie die Bedingungen, die das Wachstum des Baumes beg\u00fcnstigen, vermuten lassen, verk\u00f6rpert das \u00d6l die Vitalit\u00e4t, die n\u00f6tig ist, um herausfordernden Bedingungen zu widerstehen&#8230; Insbesondere \u00fcbt es eine dreifache Wirkung auf die Lungen und Bronchien aus: erholsam, abschwellend und entspannend&#8230; Die zeitlose Qualit\u00e4t der Ausdauer, die dieser Nadelbaum verk\u00f6rpert, kann auch als Verb\u00fcndeter in Zust\u00e4nden von Trauer, Burnout und nerv\u00f6ser Depression wirken. Mit der Zeit weckt die Sibirische Tanne sanft, aber bestimmt und eindringlich eine Ahnung von Inspiration, von einer neuen Vision, die dem Einzelnen neues Vertrauen, Positivit\u00e4t und Motivation vermitteln kann. Matsubara et al. (2011) zitieren Studien, die darauf hinweisen, dass das \u00e4therische \u00d6l der Sibirischen Tanne eine antibakterielle und antivirale Wirkung hat, und sie merken an, dass der Baum Teil der traditionellen sibirischen Medizin ist und zur Erhaltung der Gesundheit in den strengen Wintern beitr\u00e4gt. Ihre Studie aus dem Jahr 2011 ergab, dass das Einatmen von Luft, die das \u00e4therische \u00d6l enthielt, das Erregungsniveau nach einer l\u00e4ngeren Bildschirmarbeit (VDT) senkte. L\u00e4ngere Bildschirmarbeit kann zu geistiger Erm\u00fcdung, Schlafst\u00f6rungen und Angstzust\u00e4nden f\u00fchren. Daher wurde angenommen, dass das \u00e4therische \u00d6l der Sibirischen Tanne das Potenzial hat, solche Probleme zu verhindern, ohne die Aufgabenleistung zu beeinflussen.<\/em><br \/>\n~ Jennifer Peace Rhind and David Pirie, <strong>Essential Oils: A Handbook for Aromatherapy Practice<\/strong><\/p>\n<p>Traditionelle emotionale\/geistige\/physische Wirkungen: Siberian Fir Essential Oil wird traditionell verwendet, um die Atmung zu erfrischen, die Konzentration zu verbessern und den Geist w\u00e4hrend der Wintermonate und in Zeiten gro\u00dfer Ver\u00e4nderungen und emotionaler Umw\u00e4lzungen zu unterst\u00fctzen.<\/p>\n<p><img fetchpriority=\"high\" decoding=\"async\" class=\"size-medium wp-image-68103 aligncenter\" src=\"https:\/\/dutchhealthstore.com\/wp-content\/uploads\/2018\/02\/Living-Libations-Organic-Logo-800x89.png\" alt=\"Living Libations - Organic Logo\" width=\"800\" height=\"89\" srcset=\"https:\/\/dutchhealthstore.com\/wp-content\/uploads\/2018\/02\/Living-Libations-Organic-Logo-800x89.png 800w, https:\/\/dutchhealthstore.com\/wp-content\/uploads\/2018\/02\/Living-Libations-Organic-Logo-510x57.png 510w, https:\/\/dutchhealthstore.com\/wp-content\/uploads\/2018\/02\/Living-Libations-Organic-Logo-768x85.png 768w, https:\/\/dutchhealthstore.com\/wp-content\/uploads\/2018\/02\/Living-Libations-Organic-Logo.png 1400w\" sizes=\"(max-width: 800px) 100vw, 800px\" \/><\/p>\n","protected":false},"excerpt":{"rendered":"<p>Living Libations <strong>Siberian Fir<\/strong> essential oil wird aus den frischen Tannenb\u00e4umen gewonnen, die in den glitzernden, schneebedeckten Weiten des borealen Waldbioms Sibiriens stehen.<br \/>\nDas \u00e4therische \u00d6l wird in den kurzen Sommern der Taiga destilliert. Dieser klassische Nadelbaum wurde in den europ\u00e4ischen und russischen Kurb\u00e4dern um 1800 erstmals zur Belebung der Muskeln und zur St\u00e4rkung des Geistes verwendet. Das Holz des Baumes war stabil genug, um Schiffe und H\u00e4user zu bauen, und das \u00d6l wurde verwendet, um die Weihnachtszeit mit dem frischen, duftenden Geist des Waldes zu erf\u00fcllen.<\/p>\n","protected":false},"featured_media":104328,"comment_status":"open","ping_status":"closed","template":"","meta":[],"product_brand":[],"product_cat":[6737,1508,1546,1493,1210,6736],"product_tag":[1547],"class_list":{"0":"post-118371","1":"product","2":"type-product","3":"status-publish","4":"has-post-thumbnail","6":"product_cat-essential-oils-de-2","7":"product_cat-aetherische-oele-living-libations","8":"product_cat-essential-oils-living-libations-de","9":"product_cat-living-libations-deutschland","10":"product_cat-marken","11":"product_cat-wellness-de","12":"product_tag-essential-oil-de","13":"pa_brand-livinglibations-de","14":"pa_essential-oils-product-type-essential-oils-de","15":"pa_size-100-ml-de","16":"pa_size-15-ml-de-2","17":"pa_size-30-ml-de","18":"pa_size-5-ml-de","20":"first","21":"instock","22":"taxable","23":"shipping-taxable","24":"purchasable","25":"product-type-variable"},"bundled_by":[],"bundle_stock_status":"instock","bundle_stock_quantity":null,"bundle_virtual":false,"bundle_layout":"","bundle_add_to_cart_form_location":"","bundle_editable_in_cart":false,"bundle_sold_individually_context":"","bundle_item_grouping":"","bundle_min_size":"","bundle_max_size":"","bundle_price":[],"bundled_items":[],"bundle_sell_ids":[],"atum_controlled":true,"out_stock_date":null,"out_stock_threshold":null,"inheritable":true,"stock_on_hold":0,"sold_today":0,"sales_last_days":0,"out_stock_days":0,"lost_sales":0,"update_date":"2026-04-17T00:06:00","atum_locations":[],"atum_stock_status":"instock","restock_status":false,"low_stock_amount":"","sales_update_date":"2026-04-17T00:06:00","calc_backorders":null,"group_of_quantity":0,"min_quantity":0,"max_quantity":"","exclude_order_quantity_value_rules":"no","exclude_category_quantity_rules":"no","combine_variations":"no","yoast_head":"<!-- This site is optimized with the Yoast SEO Premium plugin v26.5 (Yoast SEO v26.5) - https:\/\/yoast.com\/wordpress\/plugins\/seo\/ -->\n<title>Fir, Siberian Essential Oil | Living Libations<\/title>\n<meta name=\"description\" content=\"Die Bestandteile Camphen und Bornylacetat-Ester sind eine beliebte Tanne zur Belebung der Atmung.\" \/>\n<meta name=\"robots\" content=\"index, follow, max-snippet:-1, max-image-preview:large, max-video-preview:-1\" \/>\n<link rel=\"canonical\" href=\"https:\/\/dutchhealthstore.com\/de\/product\/fir-siberian-essential-oil\/\" \/>\n<meta property=\"og:locale\" content=\"de_DE\" \/>\n<meta property=\"og:type\" content=\"article\" \/>\n<meta property=\"og:title\" content=\"Fir, Siberian Essential Oil - Dutch Health Store\" \/>\n<meta property=\"og:description\" content=\"Die Bestandteile Camphen und Bornylacetat-Ester sind eine beliebte Tanne zur Belebung der Atmung.\" \/>\n<meta property=\"og:url\" content=\"https:\/\/dutchhealthstore.com\/de\/product\/fir-siberian-essential-oil\/\" \/>\n<meta property=\"og:site_name\" content=\"Dutch Health Store\" \/>\n<meta property=\"article:publisher\" content=\"https:\/\/www.instagram.com\/dutchhealthstore\/\" \/>\n<meta property=\"article:modified_time\" content=\"2025-10-28T09:47:07+00:00\" \/>\n<meta property=\"og:image\" content=\"https:\/\/dutchhealthstore.com\/wp-content\/uploads\/2020\/06\/Living-Libations-Fir-Siberian-Essential-Oil.jpg\" \/>\n\t<meta property=\"og:image:width\" content=\"700\" \/>\n\t<meta property=\"og:image:height\" content=\"700\" \/>\n\t<meta property=\"og:image:type\" content=\"image\/jpeg\" \/>\n<meta name=\"twitter:card\" content=\"summary_large_image\" \/>\n<meta name=\"twitter:label1\" content=\"Verf\u00fcgbarkeit\" \/>\n\t<meta name=\"twitter:data1\" content=\"Auf Lager\" \/>\n<script type=\"application\/ld+json\" class=\"yoast-schema-graph\">{\"@context\":\"https:\/\/schema.org\",\"@graph\":[{\"@type\":\"WebPage\",\"@id\":\"https:\/\/dutchhealthstore.com\/de\/product\/fir-siberian-essential-oil\/\",\"url\":\"https:\/\/dutchhealthstore.com\/de\/product\/fir-siberian-essential-oil\/\",\"name\":\"Fir, Siberian Essential Oil | Living Libations\",\"isPartOf\":{\"@id\":\"https:\/\/dutchhealthstore.com\/de\/#website\"},\"primaryImageOfPage\":{\"@id\":\"https:\/\/dutchhealthstore.com\/de\/product\/fir-siberian-essential-oil\/#primaryimage\"},\"image\":{\"@id\":\"https:\/\/dutchhealthstore.com\/de\/product\/fir-siberian-essential-oil\/#primaryimage\"},\"thumbnailUrl\":\"https:\/\/dutchhealthstore.com\/wp-content\/uploads\/2020\/06\/Living-Libations-Fir-Siberian-Essential-Oil.jpg\",\"datePublished\":\"2020-06-04T06:44:02+00:00\",\"dateModified\":\"2025-10-28T09:47:07+00:00\",\"description\":\"Die Bestandteile Camphen und Bornylacetat-Ester sind eine beliebte Tanne zur Belebung der Atmung.\",\"breadcrumb\":{\"@id\":\"https:\/\/dutchhealthstore.com\/de\/product\/fir-siberian-essential-oil\/#breadcrumb\"},\"inLanguage\":\"de\",\"potentialAction\":[{\"@type\":\"ReadAction\",\"target\":[\"https:\/\/dutchhealthstore.com\/de\/product\/fir-siberian-essential-oil\/\"]}]},{\"@type\":\"ImageObject\",\"inLanguage\":\"de\",\"@id\":\"https:\/\/dutchhealthstore.com\/de\/product\/fir-siberian-essential-oil\/#primaryimage\",\"url\":\"https:\/\/dutchhealthstore.com\/wp-content\/uploads\/2020\/06\/Living-Libations-Fir-Siberian-Essential-Oil.jpg\",\"contentUrl\":\"https:\/\/dutchhealthstore.com\/wp-content\/uploads\/2020\/06\/Living-Libations-Fir-Siberian-Essential-Oil.jpg\",\"width\":700,\"height\":700},{\"@type\":\"BreadcrumbList\",\"@id\":\"https:\/\/dutchhealthstore.com\/de\/product\/fir-siberian-essential-oil\/#breadcrumb\",\"itemListElement\":[{\"@type\":\"ListItem\",\"position\":1,\"name\":\"Home\",\"item\":\"https:\/\/dutchhealthstore.com\/de\/\"},{\"@type\":\"ListItem\",\"position\":2,\"name\":\"Shop\",\"item\":\"https:\/\/dutchhealthstore.com\/de\/shop-2\/\"},{\"@type\":\"ListItem\",\"position\":3,\"name\":\"Fir, Siberian Essential Oil\"}]},{\"@type\":\"WebSite\",\"@id\":\"https:\/\/dutchhealthstore.com\/de\/#website\",\"url\":\"https:\/\/dutchhealthstore.com\/de\/\",\"name\":\"Dutch Health Store\",\"description\":\"Enhance Your Beauty with Organic &amp; Natural Skincare\",\"publisher\":{\"@id\":\"https:\/\/dutchhealthstore.com\/de\/#organization\"},\"potentialAction\":[{\"@type\":\"SearchAction\",\"target\":{\"@type\":\"EntryPoint\",\"urlTemplate\":\"https:\/\/dutchhealthstore.com\/de\/?s={search_term_string}\"},\"query-input\":{\"@type\":\"PropertyValueSpecification\",\"valueRequired\":true,\"valueName\":\"search_term_string\"}}],\"inLanguage\":\"de\"},{\"@type\":\"Organization\",\"@id\":\"https:\/\/dutchhealthstore.com\/de\/#organization\",\"name\":\"Dutch Health Store\",\"url\":\"https:\/\/dutchhealthstore.com\/de\/\",\"logo\":{\"@type\":\"ImageObject\",\"inLanguage\":\"de\",\"@id\":\"https:\/\/dutchhealthstore.com\/de\/#\/schema\/logo\/image\/\",\"url\":\"https:\/\/dutchhealthstore.com\/wp-content\/uploads\/2020\/08\/logo-dutchhealthstore-jpg-e1599484957574.jpg\",\"contentUrl\":\"https:\/\/dutchhealthstore.com\/wp-content\/uploads\/2020\/08\/logo-dutchhealthstore-jpg-e1599484957574.jpg\",\"width\":400,\"height\":62,\"caption\":\"Dutch Health Store\"},\"image\":{\"@id\":\"https:\/\/dutchhealthstore.com\/de\/#\/schema\/logo\/image\/\"},\"sameAs\":[\"https:\/\/www.instagram.com\/dutchhealthstore\/\",\"https:\/\/www.facebook.com\/dutchhealthstore\"]}]}<\/script>\n<meta property=\"product:brand\" content=\"Living Libations\" \/>\n<meta property=\"og:availability\" content=\"instock\" \/>\n<meta property=\"product:availability\" content=\"instock\" \/>\n<meta property=\"product:condition\" content=\"new\" \/>\n<!-- \/ Yoast SEO Premium plugin. -->","yoast_head_json":{"title":"Fir, Siberian Essential Oil | Living Libations","description":"Die Bestandteile Camphen und Bornylacetat-Ester sind eine beliebte Tanne zur Belebung der Atmung.","robots":{"index":"index","follow":"follow","max-snippet":"max-snippet:-1","max-image-preview":"max-image-preview:large","max-video-preview":"max-video-preview:-1"},"canonical":"https:\/\/dutchhealthstore.com\/de\/product\/fir-siberian-essential-oil\/","og_locale":"de_DE","og_type":"article","og_title":"Fir, Siberian Essential Oil - Dutch Health Store","og_description":"Die Bestandteile Camphen und Bornylacetat-Ester sind eine beliebte Tanne zur Belebung der Atmung.","og_url":"https:\/\/dutchhealthstore.com\/de\/product\/fir-siberian-essential-oil\/","og_site_name":"Dutch Health Store","article_publisher":"https:\/\/www.instagram.com\/dutchhealthstore\/","article_modified_time":"2025-10-28T09:47:07+00:00","og_image":[{"width":700,"height":700,"url":"https:\/\/dutchhealthstore.com\/wp-content\/uploads\/2020\/06\/Living-Libations-Fir-Siberian-Essential-Oil.jpg","type":"image\/jpeg"}],"twitter_card":"summary_large_image","twitter_misc":{"Verf\u00fcgbarkeit":"Auf Lager"},"schema":{"@context":"https:\/\/schema.org","@graph":[{"@type":"WebPage","@id":"https:\/\/dutchhealthstore.com\/de\/product\/fir-siberian-essential-oil\/","url":"https:\/\/dutchhealthstore.com\/de\/product\/fir-siberian-essential-oil\/","name":"Fir, Siberian Essential Oil | Living Libations","isPartOf":{"@id":"https:\/\/dutchhealthstore.com\/de\/#website"},"primaryImageOfPage":{"@id":"https:\/\/dutchhealthstore.com\/de\/product\/fir-siberian-essential-oil\/#primaryimage"},"image":{"@id":"https:\/\/dutchhealthstore.com\/de\/product\/fir-siberian-essential-oil\/#primaryimage"},"thumbnailUrl":"https:\/\/dutchhealthstore.com\/wp-content\/uploads\/2020\/06\/Living-Libations-Fir-Siberian-Essential-Oil.jpg","datePublished":"2020-06-04T06:44:02+00:00","dateModified":"2025-10-28T09:47:07+00:00","description":"Die Bestandteile Camphen und Bornylacetat-Ester sind eine beliebte Tanne zur Belebung der Atmung.","breadcrumb":{"@id":"https:\/\/dutchhealthstore.com\/de\/product\/fir-siberian-essential-oil\/#breadcrumb"},"inLanguage":"de","potentialAction":[{"@type":"ReadAction","target":["https:\/\/dutchhealthstore.com\/de\/product\/fir-siberian-essential-oil\/"]}]},{"@type":"ImageObject","inLanguage":"de","@id":"https:\/\/dutchhealthstore.com\/de\/product\/fir-siberian-essential-oil\/#primaryimage","url":"https:\/\/dutchhealthstore.com\/wp-content\/uploads\/2020\/06\/Living-Libations-Fir-Siberian-Essential-Oil.jpg","contentUrl":"https:\/\/dutchhealthstore.com\/wp-content\/uploads\/2020\/06\/Living-Libations-Fir-Siberian-Essential-Oil.jpg","width":700,"height":700},{"@type":"BreadcrumbList","@id":"https:\/\/dutchhealthstore.com\/de\/product\/fir-siberian-essential-oil\/#breadcrumb","itemListElement":[{"@type":"ListItem","position":1,"name":"Home","item":"https:\/\/dutchhealthstore.com\/de\/"},{"@type":"ListItem","position":2,"name":"Shop","item":"https:\/\/dutchhealthstore.com\/de\/shop-2\/"},{"@type":"ListItem","position":3,"name":"Fir, Siberian Essential Oil"}]},{"@type":"WebSite","@id":"https:\/\/dutchhealthstore.com\/de\/#website","url":"https:\/\/dutchhealthstore.com\/de\/","name":"Dutch Health Store","description":"Enhance Your Beauty with Organic &amp; Natural Skincare","publisher":{"@id":"https:\/\/dutchhealthstore.com\/de\/#organization"},"potentialAction":[{"@type":"SearchAction","target":{"@type":"EntryPoint","urlTemplate":"https:\/\/dutchhealthstore.com\/de\/?s={search_term_string}"},"query-input":{"@type":"PropertyValueSpecification","valueRequired":true,"valueName":"search_term_string"}}],"inLanguage":"de"},{"@type":"Organization","@id":"https:\/\/dutchhealthstore.com\/de\/#organization","name":"Dutch Health Store","url":"https:\/\/dutchhealthstore.com\/de\/","logo":{"@type":"ImageObject","inLanguage":"de","@id":"https:\/\/dutchhealthstore.com\/de\/#\/schema\/logo\/image\/","url":"https:\/\/dutchhealthstore.com\/wp-content\/uploads\/2020\/08\/logo-dutchhealthstore-jpg-e1599484957574.jpg","contentUrl":"https:\/\/dutchhealthstore.com\/wp-content\/uploads\/2020\/08\/logo-dutchhealthstore-jpg-e1599484957574.jpg","width":400,"height":62,"caption":"Dutch Health Store"},"image":{"@id":"https:\/\/dutchhealthstore.com\/de\/#\/schema\/logo\/image\/"},"sameAs":["https:\/\/www.instagram.com\/dutchhealthstore\/","https:\/\/www.facebook.com\/dutchhealthstore"]}]},"product_brand":"Living Libations","og_availability":"instock","product_availability":"instock","product_condition":"new"},"_links":{"self":[{"href":"https:\/\/dutchhealthstore.com\/de\/wp-json\/wp\/v2\/product\/118371","targetHints":{"allow":["GET"]}}],"collection":[{"href":"https:\/\/dutchhealthstore.com\/de\/wp-json\/wp\/v2\/product"}],"about":[{"href":"https:\/\/dutchhealthstore.com\/de\/wp-json\/wp\/v2\/types\/product"}],"replies":[{"embeddable":true,"href":"https:\/\/dutchhealthstore.com\/de\/wp-json\/wp\/v2\/comments?post=118371"}],"wp:featuredmedia":[{"embeddable":true,"href":"https:\/\/dutchhealthstore.com\/de\/wp-json\/wp\/v2\/media\/104328"}],"wp:attachment":[{"href":"https:\/\/dutchhealthstore.com\/de\/wp-json\/wp\/v2\/media?parent=118371"}],"wp:term":[{"taxonomy":"product_brand","embeddable":true,"href":"https:\/\/dutchhealthstore.com\/de\/wp-json\/wp\/v2\/product_brand?post=118371"},{"taxonomy":"product_cat","embeddable":true,"href":"https:\/\/dutchhealthstore.com\/de\/wp-json\/wp\/v2\/product_cat?post=118371"},{"taxonomy":"product_tag","embeddable":true,"href":"https:\/\/dutchhealthstore.com\/de\/wp-json\/wp\/v2\/product_tag?post=118371"}],"curies":[{"name":"wp","href":"https:\/\/api.w.org\/{rel}","templated":true}]}}