{"id":118352,"date":"2020-06-15T09:06:02","date_gmt":"2020-06-15T07:06:02","guid":{"rendered":"https:\/\/dutchhealthstore.com\/product\/fir-grand-essential-oil\/"},"modified":"2025-05-14T10:47:42","modified_gmt":"2025-05-14T08:47:42","slug":"fir-grand-essential-oil","status":"publish","type":"product","link":"https:\/\/dutchhealthstore.com\/de\/product\/fir-grand-essential-oil\/","title":{"rendered":"Fir, Grand Essential Oil"},"content":{"rendered":"<h3><img decoding=\"async\" class=\"size-full wp-image-69549 alignright\" src=\"https:\/\/dutchhealthstore.com\/wp-content\/uploads\/2019\/08\/NEW-Living-Libations-Logo.jpg\" alt=\"NEW - Living Libations - Logo\" width=\"175\" height=\"82\"><\/h3>\n<p><strong>Botanischer Name:<\/strong> Abies grandis<br \/>\n<strong>Botanischer Name:<\/strong> Pinaceae<br \/>\n<strong>Extraktionsverfahren:<\/strong> Dampfdestilliert<br \/>\n<strong>Teil der Pflanze Destilliert:<\/strong> Nadeln<br \/>\n<strong>Herkunftsland:<\/strong> Frankreich<br \/>\n<strong>Anbaumethode:<\/strong> Wildwachsend<br \/>\n<strong>Zusammensetzung:<\/strong> 100% Abies grandis<br \/>\n<strong>Konsistenz:<\/strong> D\u00fcnne Viskosit\u00e4t<\/p>\n<h3>Beschreibung des Duftes<\/h3>\n<p>Weihnachtliche, nadelige Kiefer mit einem Hauch von Zitrusfr\u00fcchten.<\/p>\n<h3>Gut mischbar mit<\/h3>\n<p>Salbei, Kiefer, Lavendel, Majoran, Nelke, Bergamotte, Weihrauch, Patchouli, Vetiver, Grapefruit, Ysop, Ravensara, Zimt und Eukalyptus.<\/p>\n<h3>Verwendet<\/h3>\n<p>Grand Fir Essential Oil ist ein wesentlicher Bestandteil von Sch\u00f6nheitsseren, Reinigungsmitteln f\u00fcr den Haushalt und Massage\u00f6len. Lufterfrischer. Bel\u00fcfter f\u00fcr Krankenzimmer. Zusatzstoff f\u00fcr Parf\u00fcms und Lotionen. Deodorant. Grand in den B\u00e4dern. Majest\u00e4tisch bis zur Brust in Salzpfeifen. Sch\u00f6n in Balsam.<\/p>\n<a href=\"https:\/\/dutchhealthstore.com\/wp-content\/uploads\/2020\/06\/ANALYSIS-Fir-Grand-Essential-Oil-Living-Libations-3-1.pdf\" class=\"button primary is-primary is-small\"  >\n\t\t<span>ANALYSE DER \u00c4THERISCHEN \u00d6LE &gt;<\/span>\n\t<\/a>\n\n<p>Diese nostalgische Tannennadel-Essenz macht ihrem Namen alle Ehre; das starke, frisch duftende \u00d6l ist gro\u00dfartig in Umfang und Duft und zaubert Bilder von einem Weihnachtsmorgen in der H\u00fctte unter einer Decke aus frisch gefallenem Schnee.<\/p>\n<p>Grand Fir wird seit Jahrhunderten von den amerikanischen Ureinwohnern verwendet, die die frischen Nadeln in hei\u00dfem Wasser zu Tees und B\u00e4dern aufgie\u00dfen. Fr\u00fche Schamanen benutzten die Nadeln der Gro\u00dfen Tanne, um die Haut der Menschen vor religi\u00f6sen Zeremonien zu reinigen, und die Zweige dieses pr\u00e4chtigen Baumes wurden f\u00fcr zeremonielle Kost\u00fcme und Feste verwendet. Viele St\u00e4mme verbrannten sogar die Nadeln und inhalierten den Rauch, um K\u00f6rper und Geist zu reinigen.<\/p>\n<p>Aus den Nadeln und Fr\u00fcchten dieser stoischen Sch\u00f6nheiten entsteht der nostalgische, nat\u00fcrliche Duft von Wintertanne und Weihnachtsstimmung. Er hebt die Stimmung zu jeder Jahreszeit auf ein Feiertagshoch.<\/p>\n<p><strong>Gr\u00f6\u00dfe: 5 ml und 15 ml<\/strong><\/p>\n<h3>Bio-Zutaten<\/h3>\n<p>100 % \u00e4therische \u00d6le der gro\u00dfen Tanne (Abies grandis).<\/p>\n<p style=\"text-align: center;\"><em>&#8222;Der Duft der Schwarzfichte vermittelt ein Gef\u00fchl von Ausdauer und Durchhalteverm\u00f6gen, vor allem in Kombination mit der gro\u00dfen Tanne.&#8220;<\/em><br \/>\n~ Jennifer Peace Rhind, <strong>Essential Oils: A Handbook for Aromatherapy Practice<\/strong><\/p>\n<p>&nbsp;<\/p>\n<p>&nbsp;<\/p>\n<p><img fetchpriority=\"high\" decoding=\"async\" class=\"size-medium wp-image-68103 aligncenter\" src=\"https:\/\/dutchhealthstore.com\/wp-content\/uploads\/2018\/02\/Living-Libations-Organic-Logo-800x89.png\" alt=\"Living Libations - Organic Logo\" width=\"800\" height=\"89\" srcset=\"https:\/\/dutchhealthstore.com\/wp-content\/uploads\/2018\/02\/Living-Libations-Organic-Logo-800x89.png 800w, https:\/\/dutchhealthstore.com\/wp-content\/uploads\/2018\/02\/Living-Libations-Organic-Logo-510x57.png 510w, https:\/\/dutchhealthstore.com\/wp-content\/uploads\/2018\/02\/Living-Libations-Organic-Logo-768x85.png 768w, https:\/\/dutchhealthstore.com\/wp-content\/uploads\/2018\/02\/Living-Libations-Organic-Logo.png 1400w\" sizes=\"(max-width: 800px) 100vw, 800px\" \/><\/p>\n","protected":false},"excerpt":{"rendered":"<p>Gigantisches <strong>Grand Fir Essential Oil<\/strong> wird durch Wasserdampfdestillation gewonnen und wild aus den h\u00f6chsten B\u00e4umen Frankreichs hergestellt. Die Nadeln dieser hoch aufragenden, majest\u00e4tischen Tanne enthalten wunderbare pflanzliche Kr\u00e4fte, die bereits von den Griechen und R\u00f6mern gesch\u00e4tzt wurden.<br \/>\nInhalieren Sie die duftende Nostalgie dieses festlichen Waldfreundes und atmen Sie auf mit diesem wahrhaft gro\u00dfartigen \u00e4therischen \u00d6l.<\/p>\n","protected":false},"featured_media":106950,"comment_status":"open","ping_status":"closed","template":"","meta":[],"product_brand":[],"product_cat":[1546,6737,1508,1493,1210,6736],"product_tag":[1547],"class_list":{"0":"post-118352","1":"product","2":"type-product","3":"status-publish","4":"has-post-thumbnail","6":"product_cat-essential-oils-living-libations-de","7":"product_cat-essential-oils-de-2","8":"product_cat-aetherische-oele-living-libations","9":"product_cat-living-libations-deutschland","10":"product_cat-marken","11":"product_cat-wellness-de","12":"product_tag-essential-oil-de","13":"pa_brand-livinglibations-de","14":"pa_essential-oils-product-type-essential-oils-de","15":"pa_size-5-ml-de","16":"pa_size-15-ml-de-2","18":"first","19":"instock","20":"taxable","21":"shipping-taxable","22":"purchasable","23":"product-type-variable"},"bundled_by":[],"bundle_stock_status":"instock","bundle_stock_quantity":null,"bundle_virtual":false,"bundle_layout":"","bundle_add_to_cart_form_location":"","bundle_editable_in_cart":false,"bundle_sold_individually_context":"","bundle_item_grouping":"","bundle_min_size":"","bundle_max_size":"","bundle_price":[],"bundled_items":[],"bundle_sell_ids":[],"atum_controlled":true,"out_stock_date":null,"out_stock_threshold":null,"inheritable":true,"stock_on_hold":0,"sold_today":0,"sales_last_days":0,"out_stock_days":0,"lost_sales":0,"update_date":"2026-04-12T00:02:27","atum_locations":[],"atum_stock_status":"instock","restock_status":false,"low_stock_amount":"","sales_update_date":"2026-04-12T00:02:27","calc_backorders":null,"group_of_quantity":0,"min_quantity":0,"max_quantity":"","exclude_order_quantity_value_rules":"no","exclude_category_quantity_rules":"no","combine_variations":"no","yoast_head":"<!-- This site is optimized with the Yoast SEO Premium plugin v26.5 (Yoast SEO v26.5) - https:\/\/yoast.com\/wordpress\/plugins\/seo\/ -->\n<title>Fir, Grand Essential Oil | Living Libations<\/title>\n<meta name=\"description\" content=\"Gigantisches Grand Fir Essential Oil wird durch Wasserdampfdestillation gewonnen und wild aus den h\u00f6chsten B\u00e4umen Frankreichs hergestellt.\" \/>\n<meta name=\"robots\" content=\"index, follow, max-snippet:-1, max-image-preview:large, max-video-preview:-1\" \/>\n<link rel=\"canonical\" href=\"https:\/\/dutchhealthstore.com\/de\/product\/fir-grand-essential-oil\/\" \/>\n<meta property=\"og:locale\" content=\"de_DE\" \/>\n<meta property=\"og:type\" content=\"article\" \/>\n<meta property=\"og:title\" content=\"Fir, Grand Essential Oil - Dutch Health Store\" \/>\n<meta property=\"og:description\" content=\"Gigantisches Grand Fir Essential Oil wird durch Wasserdampfdestillation gewonnen und wild aus den h\u00f6chsten B\u00e4umen Frankreichs hergestellt.\" \/>\n<meta property=\"og:url\" content=\"https:\/\/dutchhealthstore.com\/de\/product\/fir-grand-essential-oil\/\" \/>\n<meta property=\"og:site_name\" content=\"Dutch Health Store\" \/>\n<meta property=\"article:publisher\" content=\"https:\/\/www.instagram.com\/dutchhealthstore\/\" \/>\n<meta property=\"article:modified_time\" content=\"2025-05-14T08:47:42+00:00\" \/>\n<meta property=\"og:image\" content=\"https:\/\/dutchhealthstore.com\/wp-content\/uploads\/2020\/06\/Living-Libations-Fir-Grand-e1592211212448-1.jpg\" \/>\n\t<meta property=\"og:image:width\" content=\"500\" \/>\n\t<meta property=\"og:image:height\" content=\"500\" \/>\n\t<meta property=\"og:image:type\" content=\"image\/jpeg\" \/>\n<meta name=\"twitter:card\" content=\"summary_large_image\" \/>\n<meta name=\"twitter:label1\" content=\"Verf\u00fcgbarkeit\" \/>\n\t<meta name=\"twitter:data1\" content=\"Auf Lager\" \/>\n<script type=\"application\/ld+json\" class=\"yoast-schema-graph\">{\"@context\":\"https:\/\/schema.org\",\"@graph\":[{\"@type\":\"WebPage\",\"@id\":\"https:\/\/dutchhealthstore.com\/de\/product\/fir-grand-essential-oil\/\",\"url\":\"https:\/\/dutchhealthstore.com\/de\/product\/fir-grand-essential-oil\/\",\"name\":\"Fir, Grand Essential Oil | Living Libations\",\"isPartOf\":{\"@id\":\"https:\/\/dutchhealthstore.com\/de\/#website\"},\"primaryImageOfPage\":{\"@id\":\"https:\/\/dutchhealthstore.com\/de\/product\/fir-grand-essential-oil\/#primaryimage\"},\"image\":{\"@id\":\"https:\/\/dutchhealthstore.com\/de\/product\/fir-grand-essential-oil\/#primaryimage\"},\"thumbnailUrl\":\"https:\/\/dutchhealthstore.com\/wp-content\/uploads\/2020\/06\/Living-Libations-Fir-Grand-e1592211212448-1.jpg\",\"datePublished\":\"2020-06-15T07:06:02+00:00\",\"dateModified\":\"2025-05-14T08:47:42+00:00\",\"description\":\"Gigantisches Grand Fir Essential Oil wird durch Wasserdampfdestillation gewonnen und wild aus den h\u00f6chsten B\u00e4umen Frankreichs hergestellt.\",\"breadcrumb\":{\"@id\":\"https:\/\/dutchhealthstore.com\/de\/product\/fir-grand-essential-oil\/#breadcrumb\"},\"inLanguage\":\"de\",\"potentialAction\":[{\"@type\":\"ReadAction\",\"target\":[\"https:\/\/dutchhealthstore.com\/de\/product\/fir-grand-essential-oil\/\"]}]},{\"@type\":\"ImageObject\",\"inLanguage\":\"de\",\"@id\":\"https:\/\/dutchhealthstore.com\/de\/product\/fir-grand-essential-oil\/#primaryimage\",\"url\":\"https:\/\/dutchhealthstore.com\/wp-content\/uploads\/2020\/06\/Living-Libations-Fir-Grand-e1592211212448-1.jpg\",\"contentUrl\":\"https:\/\/dutchhealthstore.com\/wp-content\/uploads\/2020\/06\/Living-Libations-Fir-Grand-e1592211212448-1.jpg\",\"width\":500,\"height\":500},{\"@type\":\"BreadcrumbList\",\"@id\":\"https:\/\/dutchhealthstore.com\/de\/product\/fir-grand-essential-oil\/#breadcrumb\",\"itemListElement\":[{\"@type\":\"ListItem\",\"position\":1,\"name\":\"Home\",\"item\":\"https:\/\/dutchhealthstore.com\/de\/\"},{\"@type\":\"ListItem\",\"position\":2,\"name\":\"Shop\",\"item\":\"https:\/\/dutchhealthstore.com\/de\/shop-2\/\"},{\"@type\":\"ListItem\",\"position\":3,\"name\":\"Fir, Grand Essential Oil\"}]},{\"@type\":\"WebSite\",\"@id\":\"https:\/\/dutchhealthstore.com\/de\/#website\",\"url\":\"https:\/\/dutchhealthstore.com\/de\/\",\"name\":\"Dutch Health Store\",\"description\":\"Enhance Your Beauty with Organic &amp; Natural Skincare\",\"publisher\":{\"@id\":\"https:\/\/dutchhealthstore.com\/de\/#organization\"},\"potentialAction\":[{\"@type\":\"SearchAction\",\"target\":{\"@type\":\"EntryPoint\",\"urlTemplate\":\"https:\/\/dutchhealthstore.com\/de\/?s={search_term_string}\"},\"query-input\":{\"@type\":\"PropertyValueSpecification\",\"valueRequired\":true,\"valueName\":\"search_term_string\"}}],\"inLanguage\":\"de\"},{\"@type\":\"Organization\",\"@id\":\"https:\/\/dutchhealthstore.com\/de\/#organization\",\"name\":\"Dutch Health Store\",\"url\":\"https:\/\/dutchhealthstore.com\/de\/\",\"logo\":{\"@type\":\"ImageObject\",\"inLanguage\":\"de\",\"@id\":\"https:\/\/dutchhealthstore.com\/de\/#\/schema\/logo\/image\/\",\"url\":\"https:\/\/dutchhealthstore.com\/wp-content\/uploads\/2020\/08\/logo-dutchhealthstore-jpg-e1599484957574.jpg\",\"contentUrl\":\"https:\/\/dutchhealthstore.com\/wp-content\/uploads\/2020\/08\/logo-dutchhealthstore-jpg-e1599484957574.jpg\",\"width\":400,\"height\":62,\"caption\":\"Dutch Health Store\"},\"image\":{\"@id\":\"https:\/\/dutchhealthstore.com\/de\/#\/schema\/logo\/image\/\"},\"sameAs\":[\"https:\/\/www.instagram.com\/dutchhealthstore\/\",\"https:\/\/www.facebook.com\/dutchhealthstore\"]}]}<\/script>\n<meta property=\"product:brand\" content=\"Living Libations\" \/>\n<meta property=\"og:availability\" content=\"instock\" \/>\n<meta property=\"product:availability\" content=\"instock\" \/>\n<meta property=\"product:condition\" content=\"new\" \/>\n<!-- \/ Yoast SEO Premium plugin. -->","yoast_head_json":{"title":"Fir, Grand Essential Oil | Living Libations","description":"Gigantisches Grand Fir Essential Oil wird durch Wasserdampfdestillation gewonnen und wild aus den h\u00f6chsten B\u00e4umen Frankreichs hergestellt.","robots":{"index":"index","follow":"follow","max-snippet":"max-snippet:-1","max-image-preview":"max-image-preview:large","max-video-preview":"max-video-preview:-1"},"canonical":"https:\/\/dutchhealthstore.com\/de\/product\/fir-grand-essential-oil\/","og_locale":"de_DE","og_type":"article","og_title":"Fir, Grand Essential Oil - Dutch Health Store","og_description":"Gigantisches Grand Fir Essential Oil wird durch Wasserdampfdestillation gewonnen und wild aus den h\u00f6chsten B\u00e4umen Frankreichs hergestellt.","og_url":"https:\/\/dutchhealthstore.com\/de\/product\/fir-grand-essential-oil\/","og_site_name":"Dutch Health Store","article_publisher":"https:\/\/www.instagram.com\/dutchhealthstore\/","article_modified_time":"2025-05-14T08:47:42+00:00","og_image":[{"width":500,"height":500,"url":"https:\/\/dutchhealthstore.com\/wp-content\/uploads\/2020\/06\/Living-Libations-Fir-Grand-e1592211212448-1.jpg","type":"image\/jpeg"}],"twitter_card":"summary_large_image","twitter_misc":{"Verf\u00fcgbarkeit":"Auf Lager"},"schema":{"@context":"https:\/\/schema.org","@graph":[{"@type":"WebPage","@id":"https:\/\/dutchhealthstore.com\/de\/product\/fir-grand-essential-oil\/","url":"https:\/\/dutchhealthstore.com\/de\/product\/fir-grand-essential-oil\/","name":"Fir, Grand Essential Oil | Living Libations","isPartOf":{"@id":"https:\/\/dutchhealthstore.com\/de\/#website"},"primaryImageOfPage":{"@id":"https:\/\/dutchhealthstore.com\/de\/product\/fir-grand-essential-oil\/#primaryimage"},"image":{"@id":"https:\/\/dutchhealthstore.com\/de\/product\/fir-grand-essential-oil\/#primaryimage"},"thumbnailUrl":"https:\/\/dutchhealthstore.com\/wp-content\/uploads\/2020\/06\/Living-Libations-Fir-Grand-e1592211212448-1.jpg","datePublished":"2020-06-15T07:06:02+00:00","dateModified":"2025-05-14T08:47:42+00:00","description":"Gigantisches Grand Fir Essential Oil wird durch Wasserdampfdestillation gewonnen und wild aus den h\u00f6chsten B\u00e4umen Frankreichs hergestellt.","breadcrumb":{"@id":"https:\/\/dutchhealthstore.com\/de\/product\/fir-grand-essential-oil\/#breadcrumb"},"inLanguage":"de","potentialAction":[{"@type":"ReadAction","target":["https:\/\/dutchhealthstore.com\/de\/product\/fir-grand-essential-oil\/"]}]},{"@type":"ImageObject","inLanguage":"de","@id":"https:\/\/dutchhealthstore.com\/de\/product\/fir-grand-essential-oil\/#primaryimage","url":"https:\/\/dutchhealthstore.com\/wp-content\/uploads\/2020\/06\/Living-Libations-Fir-Grand-e1592211212448-1.jpg","contentUrl":"https:\/\/dutchhealthstore.com\/wp-content\/uploads\/2020\/06\/Living-Libations-Fir-Grand-e1592211212448-1.jpg","width":500,"height":500},{"@type":"BreadcrumbList","@id":"https:\/\/dutchhealthstore.com\/de\/product\/fir-grand-essential-oil\/#breadcrumb","itemListElement":[{"@type":"ListItem","position":1,"name":"Home","item":"https:\/\/dutchhealthstore.com\/de\/"},{"@type":"ListItem","position":2,"name":"Shop","item":"https:\/\/dutchhealthstore.com\/de\/shop-2\/"},{"@type":"ListItem","position":3,"name":"Fir, Grand Essential Oil"}]},{"@type":"WebSite","@id":"https:\/\/dutchhealthstore.com\/de\/#website","url":"https:\/\/dutchhealthstore.com\/de\/","name":"Dutch Health Store","description":"Enhance Your Beauty with Organic &amp; Natural Skincare","publisher":{"@id":"https:\/\/dutchhealthstore.com\/de\/#organization"},"potentialAction":[{"@type":"SearchAction","target":{"@type":"EntryPoint","urlTemplate":"https:\/\/dutchhealthstore.com\/de\/?s={search_term_string}"},"query-input":{"@type":"PropertyValueSpecification","valueRequired":true,"valueName":"search_term_string"}}],"inLanguage":"de"},{"@type":"Organization","@id":"https:\/\/dutchhealthstore.com\/de\/#organization","name":"Dutch Health Store","url":"https:\/\/dutchhealthstore.com\/de\/","logo":{"@type":"ImageObject","inLanguage":"de","@id":"https:\/\/dutchhealthstore.com\/de\/#\/schema\/logo\/image\/","url":"https:\/\/dutchhealthstore.com\/wp-content\/uploads\/2020\/08\/logo-dutchhealthstore-jpg-e1599484957574.jpg","contentUrl":"https:\/\/dutchhealthstore.com\/wp-content\/uploads\/2020\/08\/logo-dutchhealthstore-jpg-e1599484957574.jpg","width":400,"height":62,"caption":"Dutch Health Store"},"image":{"@id":"https:\/\/dutchhealthstore.com\/de\/#\/schema\/logo\/image\/"},"sameAs":["https:\/\/www.instagram.com\/dutchhealthstore\/","https:\/\/www.facebook.com\/dutchhealthstore"]}]},"product_brand":"Living Libations","og_availability":"instock","product_availability":"instock","product_condition":"new"},"_links":{"self":[{"href":"https:\/\/dutchhealthstore.com\/de\/wp-json\/wp\/v2\/product\/118352","targetHints":{"allow":["GET"]}}],"collection":[{"href":"https:\/\/dutchhealthstore.com\/de\/wp-json\/wp\/v2\/product"}],"about":[{"href":"https:\/\/dutchhealthstore.com\/de\/wp-json\/wp\/v2\/types\/product"}],"replies":[{"embeddable":true,"href":"https:\/\/dutchhealthstore.com\/de\/wp-json\/wp\/v2\/comments?post=118352"}],"wp:featuredmedia":[{"embeddable":true,"href":"https:\/\/dutchhealthstore.com\/de\/wp-json\/wp\/v2\/media\/106950"}],"wp:attachment":[{"href":"https:\/\/dutchhealthstore.com\/de\/wp-json\/wp\/v2\/media?parent=118352"}],"wp:term":[{"taxonomy":"product_brand","embeddable":true,"href":"https:\/\/dutchhealthstore.com\/de\/wp-json\/wp\/v2\/product_brand?post=118352"},{"taxonomy":"product_cat","embeddable":true,"href":"https:\/\/dutchhealthstore.com\/de\/wp-json\/wp\/v2\/product_cat?post=118352"},{"taxonomy":"product_tag","embeddable":true,"href":"https:\/\/dutchhealthstore.com\/de\/wp-json\/wp\/v2\/product_tag?post=118352"}],"curies":[{"name":"wp","href":"https:\/\/api.w.org\/{rel}","templated":true}]}}