{"id":118341,"date":"2020-06-15T09:26:16","date_gmt":"2020-06-15T07:26:16","guid":{"rendered":"https:\/\/dutchhealthstore.com\/product\/fir-douglas-essential-oil\/"},"modified":"2025-10-28T10:47:17","modified_gmt":"2025-10-28T09:47:17","slug":"fir-douglas-essential-oil","status":"publish","type":"product","link":"https:\/\/dutchhealthstore.com\/de\/product\/fir-douglas-essential-oil\/","title":{"rendered":"Fir, Douglas Essential Oil"},"content":{"rendered":"<p><img decoding=\"async\" class=\"size-full wp-image-69549 alignright\" src=\"https:\/\/dutchhealthstore.com\/wp-content\/uploads\/2019\/08\/NEW-Living-Libations-Logo.jpg\" alt=\"NEW - Living Libations - Logo\" width=\"175\" height=\"82\"><strong>Botanischer Name:<\/strong> Pseudotsuga douglasii<br \/>\n<strong>Botanische Familie:<\/strong> Pinaceae<br \/>\n<strong>Extraktionsverfahren:<\/strong> Dampfdestilliert<br \/>\n<strong>Teil der Pflanze Destilliert:<\/strong> Nadeln<br \/>\n<strong>Herkunftsland:<\/strong> Frankreich<br \/>\n<strong>Anbaumethode:<\/strong> Wildwachsend<br \/>\n<strong>Zusammensetzung:<\/strong> 100% Pseudotsuga douglasii<br \/>\n<strong>Konsistenz:<\/strong> D\u00fcnne Viskosit\u00e4t<\/p>\n<h3>Beschreibung des Duftes<\/h3>\n<p>Fruchtig-apfeliges Immergr\u00fcn mit einem Hauch von frischer Bergluft.<\/p>\n<h3>In Living Libations<\/h3>\n<p>Trees Please, Poetic Pits<\/p>\n<h3>Gut mischbar mit<\/h3>\n<p>Weihrauch, Grapefruit, Vetiver, Salbei, Zedernholz, Bergamotte, Wei\u00dftanne, Zeder, Rose, Myrrhe, Myrte, Zitrone, Vanille und Orange.<\/p>\n<h3>Verwendet<\/h3>\n<p>Majest\u00e4tisch in Massage\u00f6len. Hauptbestandteil von Parf\u00fcms, Deodorants und Zeremonialspritzern. Er eignet sich hervorragend f\u00fcr Diffusoren und harmonisiert Herd und Haus. Revitalisierung in der Salzleitung. Erholsam in B\u00e4dern.<\/p>\n<a href=\"https:\/\/dutchhealthstore.com\/wp-content\/uploads\/2020\/06\/ANALYSIS-Fir-Douglas-Essential-Oil-Living-Libations-3.pdf\" class=\"button primary is-primary is-small\"  >\n\t\t<span>ANALYSE DER \u00c4THERISCHEN \u00d6LE &gt;<\/span>\n\t<\/a>\n\n<p>Diese erlesene Essenz entfaltet die Majest\u00e4t, den Charme und die belebende Kraft waldfrischer Feste auf dem franz\u00f6sischen Land. Jede Nadel ist voll von wohltuenden Eigenschaften, die man gerne einatmet und auf den K\u00f6rper \u00fcbertr\u00e4gt.<\/p>\n<p>Der lateinische Name der Douglasie, Pseudotsuga, weist darauf hin, dass es sich um eine falsche Hemlocktanne handelt. Das \u00e4therische \u00d6l wird aus den Nadeln destilliert und erh\u00e4lt fruchtige Noten und eine sanfte Sch\u00e4rfe durch gro\u00dfz\u00fcgige Mengen an Geraniol und heiterem Citral.<\/p>\n<p>Das frische, immergr\u00fcne und kiefernartige Aroma des Douglas Fir Essential Oil erleichtert das tiefe Atmen und eine ruhige, meditative Einstellung. Die amerikanischen Ureinwohner im pazifischen Nordwesten verwendeten das Holz, die Nadeln und die Fr\u00fcchte des Tannenbaums als beruhigenden Tee und zur Belebung der Sinne und Verlangsamung des Geistes bei ausgiebigen Dampfb\u00e4dern. Mit der ersten Inhalation von Douglas Fir beginnen Sie, die grenzenlose Kraft des ehrw\u00fcrdigen Douglas zu erschlie\u00dfen.<\/p>\n<p><strong>Gr\u00f6\u00dfe: 15 ml und 30 ml<\/strong><\/p>\n<h3>Bio-Zutaten<\/h3>\n<p>100% \u00e4therisches \u00d6l der Douglasie (Pseudotsuga douglasii).<\/p>\n<p style=\"text-align: center;\"><em>&#8222;Die Douglasie gedeiht, wenn alle paar Jahre ein gutes, reinigendes Feuer kommt und das Totholz und das niedrige Gestr\u00fcpp an ihrer Basis wegr\u00e4umt, damit ihre Setzlinge gedeihen k\u00f6nnen.&#8220;<\/em><br \/>\n~ David Suzuki und Wayne Grady, <strong>Baum: Eine Lebensgeschichte<\/strong><\/p>\n<p style=\"text-align: center;\"><em>&#8222;Diese kr\u00e4ftige Tanne ist immer sch\u00f6n, sie empf\u00e4ngt die Bergwinde und den Schnee ebenso wie das sanfte Sommerlicht und bewahrt ihre jugendliche Frische unvermindert von Jahrhundert zu Jahrhundert durch tausend St\u00fcrme hindurch.&#8220;<\/em><br \/>\n~ John Muir<\/p>\n<p style=\"text-align: center;\"><em>&#8222;Vor dreihundert Millionen Jahren waren \u00e4therische \u00d6le, wie wir sie heute kennen, die allgegenw\u00e4rtigen Sekund\u00e4rstoffe der Nadelb\u00e4ume. In diesem Entwicklungsstadium gelang es diesen Pflanzen, \u00e4therische \u00d6le zu produzieren, die \u00fcberwiegend aus Monoterpenen bestehen. Dank der Nadelb\u00e4ume wissen wir, dass unter anderem Limonen, Pinen, Borneol, Carvacrol und Thymol eine wichtige Rolle in der Chemie des Lebens auf diesem Planeten gespielt haben.&#8220;<\/em><br \/>\n~ Kurt Schnaubelt, <strong>Advanced Aromatherapy<\/strong><\/p>\n<p>&nbsp;<\/p>\n<p><img fetchpriority=\"high\" decoding=\"async\" class=\"size-medium wp-image-68103 aligncenter\" src=\"https:\/\/dutchhealthstore.com\/wp-content\/uploads\/2018\/02\/Living-Libations-Organic-Logo-800x89.png\" alt=\"Living Libations - Organic Logo\" width=\"800\" height=\"89\" srcset=\"https:\/\/dutchhealthstore.com\/wp-content\/uploads\/2018\/02\/Living-Libations-Organic-Logo-800x89.png 800w, https:\/\/dutchhealthstore.com\/wp-content\/uploads\/2018\/02\/Living-Libations-Organic-Logo-510x57.png 510w, https:\/\/dutchhealthstore.com\/wp-content\/uploads\/2018\/02\/Living-Libations-Organic-Logo-768x85.png 768w, https:\/\/dutchhealthstore.com\/wp-content\/uploads\/2018\/02\/Living-Libations-Organic-Logo.png 1400w\" sizes=\"(max-width: 800px) 100vw, 800px\" \/><\/p>\n","protected":false},"excerpt":{"rendered":"<p><strong>Douglas Fir Essential Oil<\/strong> beruhigt und erhebt den Geist, segnet die tiefe Atmung und verlangsamt den rasenden Verstand.<br \/>\nDie Douglasie macht sich die majest\u00e4tische Kraft der franz\u00f6sischen Landschaft zunutze, wo die stoischen Berge \u00fcber die weiten Waldfl\u00e4chen wachen. Diese exquisite Destillation des Douglas Fir Essential Oil ist ein Hauch von frischer Luft, der das eigene Wesen belebt.<\/p>\n","protected":false},"featured_media":106973,"comment_status":"open","ping_status":"closed","template":"","meta":[],"product_brand":[],"product_cat":[1508,1546,6737,1493,1210,6736],"product_tag":[1547],"class_list":{"0":"post-118341","1":"product","2":"type-product","3":"status-publish","4":"has-post-thumbnail","6":"product_cat-aetherische-oele-living-libations","7":"product_cat-essential-oils-living-libations-de","8":"product_cat-essential-oils-de-2","9":"product_cat-living-libations-deutschland","10":"product_cat-marken","11":"product_cat-wellness-de","12":"product_tag-essential-oil-de","13":"pa_brand-livinglibations-de","14":"pa_essential-oils-product-type-essential-oils-de","15":"pa_size-15-ml-de-2","16":"pa_size-5-ml-de","18":"first","19":"instock","20":"taxable","21":"shipping-taxable","22":"purchasable","23":"product-type-variable"},"bundled_by":[],"bundle_stock_status":"instock","bundle_stock_quantity":null,"bundle_virtual":false,"bundle_layout":"","bundle_add_to_cart_form_location":"","bundle_editable_in_cart":false,"bundle_sold_individually_context":"","bundle_item_grouping":"","bundle_min_size":"","bundle_max_size":"","bundle_price":[],"bundled_items":[],"bundle_sell_ids":[],"atum_controlled":true,"out_stock_date":null,"out_stock_threshold":null,"inheritable":true,"stock_on_hold":0,"sold_today":0,"sales_last_days":0,"out_stock_days":0,"lost_sales":0,"update_date":"2026-05-07T00:18:48","atum_locations":[],"atum_stock_status":"instock","restock_status":false,"low_stock_amount":"","sales_update_date":"2026-05-07T00:18:48","calc_backorders":null,"group_of_quantity":0,"min_quantity":0,"max_quantity":"","exclude_order_quantity_value_rules":"no","exclude_category_quantity_rules":"no","combine_variations":"no","yoast_head":"<!-- This site is optimized with the Yoast SEO Premium plugin v26.5 (Yoast SEO v26.5) - https:\/\/yoast.com\/wordpress\/plugins\/seo\/ -->\n<title>Fir, Douglas Essential Oil | Living Libations<\/title>\n<meta name=\"description\" content=\"Douglas Fir Essential Oil beruhigt und erhebt den Geist, segnet die tiefe Atmung und verlangsamt den rasenden Verstand.\" \/>\n<meta name=\"robots\" content=\"index, follow, max-snippet:-1, max-image-preview:large, max-video-preview:-1\" \/>\n<link rel=\"canonical\" href=\"https:\/\/dutchhealthstore.com\/de\/product\/fir-douglas-essential-oil\/\" \/>\n<meta property=\"og:locale\" content=\"de_DE\" \/>\n<meta property=\"og:type\" content=\"article\" \/>\n<meta property=\"og:title\" content=\"Fir, Douglas Essential Oil - Dutch Health Store\" \/>\n<meta property=\"og:description\" content=\"Douglas Fir Essential Oil beruhigt und erhebt den Geist, segnet die tiefe Atmung und verlangsamt den rasenden Verstand.\" \/>\n<meta property=\"og:url\" content=\"https:\/\/dutchhealthstore.com\/de\/product\/fir-douglas-essential-oil\/\" \/>\n<meta property=\"og:site_name\" content=\"Dutch Health Store\" \/>\n<meta property=\"article:publisher\" content=\"https:\/\/www.instagram.com\/dutchhealthstore\/\" \/>\n<meta property=\"article:modified_time\" content=\"2025-10-28T09:47:17+00:00\" \/>\n<meta property=\"og:image\" content=\"https:\/\/dutchhealthstore.com\/wp-content\/uploads\/2020\/06\/Living-Libations-Fir-Douglas-e1592212942890.png\" \/>\n\t<meta property=\"og:image:width\" content=\"500\" \/>\n\t<meta property=\"og:image:height\" content=\"500\" \/>\n\t<meta property=\"og:image:type\" content=\"image\/jpeg\" \/>\n<meta name=\"twitter:card\" content=\"summary_large_image\" \/>\n<meta name=\"twitter:label1\" content=\"Verf\u00fcgbarkeit\" \/>\n\t<meta name=\"twitter:data1\" content=\"Auf Lager\" \/>\n<script type=\"application\/ld+json\" class=\"yoast-schema-graph\">{\"@context\":\"https:\/\/schema.org\",\"@graph\":[{\"@type\":\"WebPage\",\"@id\":\"https:\/\/dutchhealthstore.com\/de\/product\/fir-douglas-essential-oil\/\",\"url\":\"https:\/\/dutchhealthstore.com\/de\/product\/fir-douglas-essential-oil\/\",\"name\":\"Fir, Douglas Essential Oil | Living Libations\",\"isPartOf\":{\"@id\":\"https:\/\/dutchhealthstore.com\/de\/#website\"},\"primaryImageOfPage\":{\"@id\":\"https:\/\/dutchhealthstore.com\/de\/product\/fir-douglas-essential-oil\/#primaryimage\"},\"image\":{\"@id\":\"https:\/\/dutchhealthstore.com\/de\/product\/fir-douglas-essential-oil\/#primaryimage\"},\"thumbnailUrl\":\"https:\/\/dutchhealthstore.com\/wp-content\/uploads\/2020\/06\/Living-Libations-Fir-Douglas-e1592212942890.png\",\"datePublished\":\"2020-06-15T07:26:16+00:00\",\"dateModified\":\"2025-10-28T09:47:17+00:00\",\"description\":\"Douglas Fir Essential Oil beruhigt und erhebt den Geist, segnet die tiefe Atmung und verlangsamt den rasenden Verstand.\",\"breadcrumb\":{\"@id\":\"https:\/\/dutchhealthstore.com\/de\/product\/fir-douglas-essential-oil\/#breadcrumb\"},\"inLanguage\":\"de\",\"potentialAction\":[{\"@type\":\"ReadAction\",\"target\":[\"https:\/\/dutchhealthstore.com\/de\/product\/fir-douglas-essential-oil\/\"]}]},{\"@type\":\"ImageObject\",\"inLanguage\":\"de\",\"@id\":\"https:\/\/dutchhealthstore.com\/de\/product\/fir-douglas-essential-oil\/#primaryimage\",\"url\":\"https:\/\/dutchhealthstore.com\/wp-content\/uploads\/2020\/06\/Living-Libations-Fir-Douglas-e1592212942890.png\",\"contentUrl\":\"https:\/\/dutchhealthstore.com\/wp-content\/uploads\/2020\/06\/Living-Libations-Fir-Douglas-e1592212942890.png\",\"width\":500,\"height\":500},{\"@type\":\"BreadcrumbList\",\"@id\":\"https:\/\/dutchhealthstore.com\/de\/product\/fir-douglas-essential-oil\/#breadcrumb\",\"itemListElement\":[{\"@type\":\"ListItem\",\"position\":1,\"name\":\"Home\",\"item\":\"https:\/\/dutchhealthstore.com\/de\/\"},{\"@type\":\"ListItem\",\"position\":2,\"name\":\"Shop\",\"item\":\"https:\/\/dutchhealthstore.com\/de\/shop-2\/\"},{\"@type\":\"ListItem\",\"position\":3,\"name\":\"Fir, Douglas Essential Oil\"}]},{\"@type\":\"WebSite\",\"@id\":\"https:\/\/dutchhealthstore.com\/de\/#website\",\"url\":\"https:\/\/dutchhealthstore.com\/de\/\",\"name\":\"Dutch Health Store\",\"description\":\"Enhance Your Beauty with Organic &amp; Natural Skincare\",\"publisher\":{\"@id\":\"https:\/\/dutchhealthstore.com\/de\/#organization\"},\"potentialAction\":[{\"@type\":\"SearchAction\",\"target\":{\"@type\":\"EntryPoint\",\"urlTemplate\":\"https:\/\/dutchhealthstore.com\/de\/?s={search_term_string}\"},\"query-input\":{\"@type\":\"PropertyValueSpecification\",\"valueRequired\":true,\"valueName\":\"search_term_string\"}}],\"inLanguage\":\"de\"},{\"@type\":\"Organization\",\"@id\":\"https:\/\/dutchhealthstore.com\/de\/#organization\",\"name\":\"Dutch Health Store\",\"url\":\"https:\/\/dutchhealthstore.com\/de\/\",\"logo\":{\"@type\":\"ImageObject\",\"inLanguage\":\"de\",\"@id\":\"https:\/\/dutchhealthstore.com\/de\/#\/schema\/logo\/image\/\",\"url\":\"https:\/\/dutchhealthstore.com\/wp-content\/uploads\/2020\/08\/logo-dutchhealthstore-jpg-e1599484957574.jpg\",\"contentUrl\":\"https:\/\/dutchhealthstore.com\/wp-content\/uploads\/2020\/08\/logo-dutchhealthstore-jpg-e1599484957574.jpg\",\"width\":400,\"height\":62,\"caption\":\"Dutch Health Store\"},\"image\":{\"@id\":\"https:\/\/dutchhealthstore.com\/de\/#\/schema\/logo\/image\/\"},\"sameAs\":[\"https:\/\/www.instagram.com\/dutchhealthstore\/\",\"https:\/\/www.facebook.com\/dutchhealthstore\"]}]}<\/script>\n<meta property=\"product:brand\" content=\"Living Libations\" \/>\n<meta property=\"og:availability\" content=\"instock\" \/>\n<meta property=\"product:availability\" content=\"instock\" \/>\n<meta property=\"product:condition\" content=\"new\" \/>\n<!-- \/ Yoast SEO Premium plugin. -->","yoast_head_json":{"title":"Fir, Douglas Essential Oil | Living Libations","description":"Douglas Fir Essential Oil beruhigt und erhebt den Geist, segnet die tiefe Atmung und verlangsamt den rasenden Verstand.","robots":{"index":"index","follow":"follow","max-snippet":"max-snippet:-1","max-image-preview":"max-image-preview:large","max-video-preview":"max-video-preview:-1"},"canonical":"https:\/\/dutchhealthstore.com\/de\/product\/fir-douglas-essential-oil\/","og_locale":"de_DE","og_type":"article","og_title":"Fir, Douglas Essential Oil - Dutch Health Store","og_description":"Douglas Fir Essential Oil beruhigt und erhebt den Geist, segnet die tiefe Atmung und verlangsamt den rasenden Verstand.","og_url":"https:\/\/dutchhealthstore.com\/de\/product\/fir-douglas-essential-oil\/","og_site_name":"Dutch Health Store","article_publisher":"https:\/\/www.instagram.com\/dutchhealthstore\/","article_modified_time":"2025-10-28T09:47:17+00:00","og_image":[{"width":500,"height":500,"url":"https:\/\/dutchhealthstore.com\/wp-content\/uploads\/2020\/06\/Living-Libations-Fir-Douglas-e1592212942890.png","type":"image\/jpeg"}],"twitter_card":"summary_large_image","twitter_misc":{"Verf\u00fcgbarkeit":"Auf Lager"},"schema":{"@context":"https:\/\/schema.org","@graph":[{"@type":"WebPage","@id":"https:\/\/dutchhealthstore.com\/de\/product\/fir-douglas-essential-oil\/","url":"https:\/\/dutchhealthstore.com\/de\/product\/fir-douglas-essential-oil\/","name":"Fir, Douglas Essential Oil | Living Libations","isPartOf":{"@id":"https:\/\/dutchhealthstore.com\/de\/#website"},"primaryImageOfPage":{"@id":"https:\/\/dutchhealthstore.com\/de\/product\/fir-douglas-essential-oil\/#primaryimage"},"image":{"@id":"https:\/\/dutchhealthstore.com\/de\/product\/fir-douglas-essential-oil\/#primaryimage"},"thumbnailUrl":"https:\/\/dutchhealthstore.com\/wp-content\/uploads\/2020\/06\/Living-Libations-Fir-Douglas-e1592212942890.png","datePublished":"2020-06-15T07:26:16+00:00","dateModified":"2025-10-28T09:47:17+00:00","description":"Douglas Fir Essential Oil beruhigt und erhebt den Geist, segnet die tiefe Atmung und verlangsamt den rasenden Verstand.","breadcrumb":{"@id":"https:\/\/dutchhealthstore.com\/de\/product\/fir-douglas-essential-oil\/#breadcrumb"},"inLanguage":"de","potentialAction":[{"@type":"ReadAction","target":["https:\/\/dutchhealthstore.com\/de\/product\/fir-douglas-essential-oil\/"]}]},{"@type":"ImageObject","inLanguage":"de","@id":"https:\/\/dutchhealthstore.com\/de\/product\/fir-douglas-essential-oil\/#primaryimage","url":"https:\/\/dutchhealthstore.com\/wp-content\/uploads\/2020\/06\/Living-Libations-Fir-Douglas-e1592212942890.png","contentUrl":"https:\/\/dutchhealthstore.com\/wp-content\/uploads\/2020\/06\/Living-Libations-Fir-Douglas-e1592212942890.png","width":500,"height":500},{"@type":"BreadcrumbList","@id":"https:\/\/dutchhealthstore.com\/de\/product\/fir-douglas-essential-oil\/#breadcrumb","itemListElement":[{"@type":"ListItem","position":1,"name":"Home","item":"https:\/\/dutchhealthstore.com\/de\/"},{"@type":"ListItem","position":2,"name":"Shop","item":"https:\/\/dutchhealthstore.com\/de\/shop-2\/"},{"@type":"ListItem","position":3,"name":"Fir, Douglas Essential Oil"}]},{"@type":"WebSite","@id":"https:\/\/dutchhealthstore.com\/de\/#website","url":"https:\/\/dutchhealthstore.com\/de\/","name":"Dutch Health Store","description":"Enhance Your Beauty with Organic &amp; Natural Skincare","publisher":{"@id":"https:\/\/dutchhealthstore.com\/de\/#organization"},"potentialAction":[{"@type":"SearchAction","target":{"@type":"EntryPoint","urlTemplate":"https:\/\/dutchhealthstore.com\/de\/?s={search_term_string}"},"query-input":{"@type":"PropertyValueSpecification","valueRequired":true,"valueName":"search_term_string"}}],"inLanguage":"de"},{"@type":"Organization","@id":"https:\/\/dutchhealthstore.com\/de\/#organization","name":"Dutch Health Store","url":"https:\/\/dutchhealthstore.com\/de\/","logo":{"@type":"ImageObject","inLanguage":"de","@id":"https:\/\/dutchhealthstore.com\/de\/#\/schema\/logo\/image\/","url":"https:\/\/dutchhealthstore.com\/wp-content\/uploads\/2020\/08\/logo-dutchhealthstore-jpg-e1599484957574.jpg","contentUrl":"https:\/\/dutchhealthstore.com\/wp-content\/uploads\/2020\/08\/logo-dutchhealthstore-jpg-e1599484957574.jpg","width":400,"height":62,"caption":"Dutch Health Store"},"image":{"@id":"https:\/\/dutchhealthstore.com\/de\/#\/schema\/logo\/image\/"},"sameAs":["https:\/\/www.instagram.com\/dutchhealthstore\/","https:\/\/www.facebook.com\/dutchhealthstore"]}]},"product_brand":"Living Libations","og_availability":"instock","product_availability":"instock","product_condition":"new"},"_links":{"self":[{"href":"https:\/\/dutchhealthstore.com\/de\/wp-json\/wp\/v2\/product\/118341","targetHints":{"allow":["GET"]}}],"collection":[{"href":"https:\/\/dutchhealthstore.com\/de\/wp-json\/wp\/v2\/product"}],"about":[{"href":"https:\/\/dutchhealthstore.com\/de\/wp-json\/wp\/v2\/types\/product"}],"replies":[{"embeddable":true,"href":"https:\/\/dutchhealthstore.com\/de\/wp-json\/wp\/v2\/comments?post=118341"}],"wp:featuredmedia":[{"embeddable":true,"href":"https:\/\/dutchhealthstore.com\/de\/wp-json\/wp\/v2\/media\/106973"}],"wp:attachment":[{"href":"https:\/\/dutchhealthstore.com\/de\/wp-json\/wp\/v2\/media?parent=118341"}],"wp:term":[{"taxonomy":"product_brand","embeddable":true,"href":"https:\/\/dutchhealthstore.com\/de\/wp-json\/wp\/v2\/product_brand?post=118341"},{"taxonomy":"product_cat","embeddable":true,"href":"https:\/\/dutchhealthstore.com\/de\/wp-json\/wp\/v2\/product_cat?post=118341"},{"taxonomy":"product_tag","embeddable":true,"href":"https:\/\/dutchhealthstore.com\/de\/wp-json\/wp\/v2\/product_tag?post=118341"}],"curies":[{"name":"wp","href":"https:\/\/api.w.org\/{rel}","templated":true}]}}