{"id":118288,"date":"2018-02-10T19:37:59","date_gmt":"2018-02-10T18:37:59","guid":{"rendered":"https:\/\/dutchhealthstore.com\/product\/feverfew-essential-oil\/"},"modified":"2023-02-07T10:43:18","modified_gmt":"2023-02-07T10:43:18","slug":"feverfew-essential-oil","status":"publish","type":"product","link":"https:\/\/dutchhealthstore.com\/de\/product\/feverfew-essential-oil\/","title":{"rendered":"Feverfew Essential Oil"},"content":{"rendered":"<p><strong><img decoding=\"async\" class=\"size-full wp-image-69549 alignright\" src=\"https:\/\/dutchhealthstore.com\/wp-content\/uploads\/2019\/08\/NEW-Living-Libations-Logo.jpg\" alt=\"NEW - Living Libations - Logo\" width=\"175\" height=\"82\">Botanischer Name:<\/strong><em>Chrysanthemum parthenium<\/em><br \/>\n<strong>Botanische Familie:<\/strong> <em>Asteraceae<\/em><br \/>\n<strong>Extraktionsverfahren:<\/strong> Dampfdestilliert<br \/>\n<strong>Destillierter Teil der Pflanze: <\/strong>Bl\u00fcten, oberirdischer Teil<br \/>\n<strong>Herkunftsland:<\/strong> Kanada<br \/>\n<strong>Zusammensetzung:<\/strong> 100% <em>Chrysanthemum parthenium<\/em><br \/>\n<strong>Konsistenz:<\/strong> Mittlere Viskosit\u00e4t<br \/>\n<strong>Anbaumethode:<\/strong> Bio und Wildsammlung<\/p>\n<h3>Beschreibung des Duftes<\/h3>\n<p>Das Liebeskind von Kampfer und Chrysantheme: weich und subtil mit muffigen Noten von frischem Gr\u00fcn.<\/p>\n<h3>Gut mischbar mit<\/h3>\n<p>Gr\u00f6nlandmoos, Pfefferminze, Lavendel, Fichte, Weihrauch, Rose Otto und Rainfarn.<\/p>\n<h3>Verwendet<\/h3>\n<p>Ruhige Konzentration und Fokussierung. Balsam zum Durchatmen. Beruhigt einen sich drehenden Kopf. Wenden Sie es in den Tempeln an, um sich zu entspannen und sich in die Meditation zu versetzen. Eine badende Sch\u00f6nheit. Super in der Salzpfeife mit einem Tropfen Pfefferminz und Weihrauch als kl\u00e4rende Begleiter.<\/p>\n<h3>Kontraindikationen<\/h3>\n<p>Nicht verwenden, wenn Sie anf\u00e4llig f\u00fcr Krampfanf\u00e4lle sind.<\/p>\n<p>Puh! Wenn Ihnen der Kopf schwirrt und das Licht zu hell erscheint, k\u00f6nnen Sie mit dem faszinierenden Feverfew Essential Oil aufatmen. Dieses Mittsommer-G\u00e4nsebl\u00fcmchen beruhigt den Kopf und macht helles Licht zu einem Genuss.<\/p>\n<p><strong>Gr\u00f6\u00dfe: 5 ml und 15 ml<\/strong><\/p>\n<h3>Bio-Zutaten<\/h3>\n<p>100% Mutterkraut (Chrysanthemum parthenium) <span style=\"font-size: 14.4px;\">\u00e4therisches<\/span> \u00d6l.<\/p>\n<p style=\"text-align: center;\"><em>&#8222;Das \u00e4therische \u00d6l des Mutterkrauts ist chemisch komplex und enth\u00e4lt eine Vielzahl von organischen S\u00e4uren, Ethern und Sesquiterpenlactonen. Der wichtigste Bestandteil scheint Parthenolid zu sein, obwohl auch andere nat\u00fcrliche chemische Komponenten eine Rolle bei den therapeutischen Eigenschaften des Mutterkrauts spielen.&#8220;<\/em><br \/>\n~ David Simon, <strong>M.D. und Deepak Chopra, M.D., Das Chopra Center Herbal Handbook<\/strong><\/p>\n<p>&nbsp;<\/p>\n<p><img fetchpriority=\"high\" decoding=\"async\" class=\"size-medium wp-image-68103 aligncenter\" src=\"https:\/\/dutchhealthstore.com\/wp-content\/uploads\/2018\/02\/Living-Libations-Organic-Logo-800x89.png\" alt=\"Living Libations - Organic Logo\" width=\"800\" height=\"89\" srcset=\"https:\/\/dutchhealthstore.com\/wp-content\/uploads\/2018\/02\/Living-Libations-Organic-Logo-800x89.png 800w, https:\/\/dutchhealthstore.com\/wp-content\/uploads\/2018\/02\/Living-Libations-Organic-Logo-510x57.png 510w, https:\/\/dutchhealthstore.com\/wp-content\/uploads\/2018\/02\/Living-Libations-Organic-Logo-768x85.png 768w, https:\/\/dutchhealthstore.com\/wp-content\/uploads\/2018\/02\/Living-Libations-Organic-Logo.png 1400w\" sizes=\"(max-width: 800px) 100vw, 800px\" \/><\/p>\n","protected":false},"excerpt":{"rendered":"<p><strong>Feverfew Essential Oil<\/strong> nutzt die reine Pflanzenkraft von <em>Chrysanthemum parthenium<\/em>, einem Strauch aus der Familie der G\u00e4nsebl\u00fcmchen, der helle, fr\u00f6hliche Bl\u00fcten mit skurrilen gelben Zentren hat.<\/p>\n","protected":false},"featured_media":113281,"comment_status":"open","ping_status":"closed","template":"","meta":[],"product_brand":[],"product_cat":[1546,6737,1508,1493,1210,511,6736],"product_tag":[1547],"class_list":{"0":"post-118288","1":"product","2":"type-product","3":"status-publish","4":"has-post-thumbnail","6":"product_cat-essential-oils-living-libations-de","7":"product_cat-essential-oils-de-2","8":"product_cat-aetherische-oele-living-libations","9":"product_cat-living-libations-deutschland","10":"product_cat-marken","11":"product_cat-produkte","12":"product_cat-wellness-de","13":"product_tag-essential-oil-de","14":"pa_brand-livinglibations-de","15":"pa_essential-oils-product-type-essential-oils-de","16":"pa_size-15-ml-de-2","17":"pa_size-5-ml-de","19":"first","20":"instock","21":"taxable","22":"shipping-taxable","23":"purchasable","24":"product-type-variable"},"bundled_by":[],"bundle_stock_status":"instock","bundle_stock_quantity":null,"bundle_virtual":false,"bundle_layout":"","bundle_add_to_cart_form_location":"","bundle_editable_in_cart":false,"bundle_sold_individually_context":"","bundle_item_grouping":"","bundle_min_size":"","bundle_max_size":"","bundle_price":[],"bundled_items":[],"bundle_sell_ids":[],"atum_controlled":true,"out_stock_date":null,"out_stock_threshold":null,"inheritable":true,"stock_on_hold":0,"sold_today":0,"sales_last_days":0,"out_stock_days":0,"lost_sales":0,"update_date":"2026-04-28T00:14:13","atum_locations":[],"atum_stock_status":"instock","restock_status":false,"low_stock_amount":"","sales_update_date":"2026-04-28T00:14:13","calc_backorders":null,"group_of_quantity":0,"min_quantity":0,"max_quantity":"","exclude_order_quantity_value_rules":"no","exclude_category_quantity_rules":"no","combine_variations":"no","yoast_head":"<!-- This site is optimized with the Yoast SEO Premium plugin v26.5 (Yoast SEO v26.5) - https:\/\/yoast.com\/wordpress\/plugins\/seo\/ -->\n<title>Feverfew Essential Oil | Living Libations<\/title>\n<meta name=\"description\" content=\"Mutterkraut nutzt die reine Pflanzenkraft von Chrysanthemum parthenium, einem Strauch aus der Familie der G\u00e4nsebl\u00fcmchengew\u00e4chse mit leuchtenden, heiteren Bl\u00fcten mit skurrilen gelben Zentren.\" \/>\n<meta name=\"robots\" content=\"index, follow, max-snippet:-1, max-image-preview:large, max-video-preview:-1\" \/>\n<link rel=\"canonical\" href=\"https:\/\/dutchhealthstore.com\/de\/product\/feverfew-essential-oil\/\" \/>\n<meta property=\"og:locale\" content=\"de_DE\" \/>\n<meta property=\"og:type\" content=\"article\" \/>\n<meta property=\"og:title\" content=\"Feverfew Essential Oil - Dutch Health Store\" \/>\n<meta property=\"og:description\" content=\"Mutterkraut nutzt die reine Pflanzenkraft von Chrysanthemum parthenium, einem Strauch aus der Familie der G\u00e4nsebl\u00fcmchengew\u00e4chse mit leuchtenden, heiteren Bl\u00fcten mit skurrilen gelben Zentren.\" \/>\n<meta property=\"og:url\" content=\"https:\/\/dutchhealthstore.com\/de\/product\/feverfew-essential-oil\/\" \/>\n<meta property=\"og:site_name\" content=\"Dutch Health Store\" \/>\n<meta property=\"article:publisher\" content=\"https:\/\/www.instagram.com\/dutchhealthstore\/\" \/>\n<meta property=\"article:modified_time\" content=\"2023-02-07T10:43:18+00:00\" \/>\n<meta property=\"og:image\" content=\"https:\/\/dutchhealthstore.com\/wp-content\/uploads\/2018\/02\/Living-Libations-Feverfew-Essential-Oil-e1594641936642.jpg\" \/>\n\t<meta property=\"og:image:width\" content=\"500\" \/>\n\t<meta property=\"og:image:height\" content=\"500\" \/>\n\t<meta property=\"og:image:type\" content=\"image\/jpeg\" \/>\n<meta name=\"twitter:card\" content=\"summary_large_image\" \/>\n<meta name=\"twitter:label1\" content=\"Verf\u00fcgbarkeit\" \/>\n\t<meta name=\"twitter:data1\" content=\"Auf Lager\" \/>\n<script type=\"application\/ld+json\" class=\"yoast-schema-graph\">{\"@context\":\"https:\/\/schema.org\",\"@graph\":[{\"@type\":\"WebPage\",\"@id\":\"https:\/\/dutchhealthstore.com\/de\/product\/feverfew-essential-oil\/\",\"url\":\"https:\/\/dutchhealthstore.com\/de\/product\/feverfew-essential-oil\/\",\"name\":\"Feverfew Essential Oil | Living Libations\",\"isPartOf\":{\"@id\":\"https:\/\/dutchhealthstore.com\/de\/#website\"},\"primaryImageOfPage\":{\"@id\":\"https:\/\/dutchhealthstore.com\/de\/product\/feverfew-essential-oil\/#primaryimage\"},\"image\":{\"@id\":\"https:\/\/dutchhealthstore.com\/de\/product\/feverfew-essential-oil\/#primaryimage\"},\"thumbnailUrl\":\"https:\/\/dutchhealthstore.com\/wp-content\/uploads\/2018\/02\/Living-Libations-Feverfew-Essential-Oil-e1594641936642.jpg\",\"datePublished\":\"2018-02-10T18:37:59+00:00\",\"dateModified\":\"2023-02-07T10:43:18+00:00\",\"description\":\"Mutterkraut nutzt die reine Pflanzenkraft von Chrysanthemum parthenium, einem Strauch aus der Familie der G\u00e4nsebl\u00fcmchengew\u00e4chse mit leuchtenden, heiteren Bl\u00fcten mit skurrilen gelben Zentren.\",\"breadcrumb\":{\"@id\":\"https:\/\/dutchhealthstore.com\/de\/product\/feverfew-essential-oil\/#breadcrumb\"},\"inLanguage\":\"de\",\"potentialAction\":[{\"@type\":\"ReadAction\",\"target\":[\"https:\/\/dutchhealthstore.com\/de\/product\/feverfew-essential-oil\/\"]}]},{\"@type\":\"ImageObject\",\"inLanguage\":\"de\",\"@id\":\"https:\/\/dutchhealthstore.com\/de\/product\/feverfew-essential-oil\/#primaryimage\",\"url\":\"https:\/\/dutchhealthstore.com\/wp-content\/uploads\/2018\/02\/Living-Libations-Feverfew-Essential-Oil-e1594641936642.jpg\",\"contentUrl\":\"https:\/\/dutchhealthstore.com\/wp-content\/uploads\/2018\/02\/Living-Libations-Feverfew-Essential-Oil-e1594641936642.jpg\",\"width\":500,\"height\":500,\"caption\":\"Living Libations Feverfew Essential Oil\"},{\"@type\":\"BreadcrumbList\",\"@id\":\"https:\/\/dutchhealthstore.com\/de\/product\/feverfew-essential-oil\/#breadcrumb\",\"itemListElement\":[{\"@type\":\"ListItem\",\"position\":1,\"name\":\"Home\",\"item\":\"https:\/\/dutchhealthstore.com\/de\/\"},{\"@type\":\"ListItem\",\"position\":2,\"name\":\"Shop\",\"item\":\"https:\/\/dutchhealthstore.com\/de\/shop-2\/\"},{\"@type\":\"ListItem\",\"position\":3,\"name\":\"Feverfew Essential Oil\"}]},{\"@type\":\"WebSite\",\"@id\":\"https:\/\/dutchhealthstore.com\/de\/#website\",\"url\":\"https:\/\/dutchhealthstore.com\/de\/\",\"name\":\"Dutch Health Store\",\"description\":\"Enhance Your Beauty with Organic &amp; Natural Skincare\",\"publisher\":{\"@id\":\"https:\/\/dutchhealthstore.com\/de\/#organization\"},\"potentialAction\":[{\"@type\":\"SearchAction\",\"target\":{\"@type\":\"EntryPoint\",\"urlTemplate\":\"https:\/\/dutchhealthstore.com\/de\/?s={search_term_string}\"},\"query-input\":{\"@type\":\"PropertyValueSpecification\",\"valueRequired\":true,\"valueName\":\"search_term_string\"}}],\"inLanguage\":\"de\"},{\"@type\":\"Organization\",\"@id\":\"https:\/\/dutchhealthstore.com\/de\/#organization\",\"name\":\"Dutch Health Store\",\"url\":\"https:\/\/dutchhealthstore.com\/de\/\",\"logo\":{\"@type\":\"ImageObject\",\"inLanguage\":\"de\",\"@id\":\"https:\/\/dutchhealthstore.com\/de\/#\/schema\/logo\/image\/\",\"url\":\"https:\/\/dutchhealthstore.com\/wp-content\/uploads\/2020\/08\/logo-dutchhealthstore-jpg-e1599484957574.jpg\",\"contentUrl\":\"https:\/\/dutchhealthstore.com\/wp-content\/uploads\/2020\/08\/logo-dutchhealthstore-jpg-e1599484957574.jpg\",\"width\":400,\"height\":62,\"caption\":\"Dutch Health Store\"},\"image\":{\"@id\":\"https:\/\/dutchhealthstore.com\/de\/#\/schema\/logo\/image\/\"},\"sameAs\":[\"https:\/\/www.instagram.com\/dutchhealthstore\/\",\"https:\/\/www.facebook.com\/dutchhealthstore\"]}]}<\/script>\n<meta property=\"product:brand\" content=\"Living Libations\" \/>\n<meta property=\"og:availability\" content=\"instock\" \/>\n<meta property=\"product:availability\" content=\"instock\" \/>\n<meta property=\"product:condition\" content=\"new\" \/>\n<!-- \/ Yoast SEO Premium plugin. -->","yoast_head_json":{"title":"Feverfew Essential Oil | Living Libations","description":"Mutterkraut nutzt die reine Pflanzenkraft von Chrysanthemum parthenium, einem Strauch aus der Familie der G\u00e4nsebl\u00fcmchengew\u00e4chse mit leuchtenden, heiteren Bl\u00fcten mit skurrilen gelben Zentren.","robots":{"index":"index","follow":"follow","max-snippet":"max-snippet:-1","max-image-preview":"max-image-preview:large","max-video-preview":"max-video-preview:-1"},"canonical":"https:\/\/dutchhealthstore.com\/de\/product\/feverfew-essential-oil\/","og_locale":"de_DE","og_type":"article","og_title":"Feverfew Essential Oil - Dutch Health Store","og_description":"Mutterkraut nutzt die reine Pflanzenkraft von Chrysanthemum parthenium, einem Strauch aus der Familie der G\u00e4nsebl\u00fcmchengew\u00e4chse mit leuchtenden, heiteren Bl\u00fcten mit skurrilen gelben Zentren.","og_url":"https:\/\/dutchhealthstore.com\/de\/product\/feverfew-essential-oil\/","og_site_name":"Dutch Health Store","article_publisher":"https:\/\/www.instagram.com\/dutchhealthstore\/","article_modified_time":"2023-02-07T10:43:18+00:00","og_image":[{"width":500,"height":500,"url":"https:\/\/dutchhealthstore.com\/wp-content\/uploads\/2018\/02\/Living-Libations-Feverfew-Essential-Oil-e1594641936642.jpg","type":"image\/jpeg"}],"twitter_card":"summary_large_image","twitter_misc":{"Verf\u00fcgbarkeit":"Auf Lager"},"schema":{"@context":"https:\/\/schema.org","@graph":[{"@type":"WebPage","@id":"https:\/\/dutchhealthstore.com\/de\/product\/feverfew-essential-oil\/","url":"https:\/\/dutchhealthstore.com\/de\/product\/feverfew-essential-oil\/","name":"Feverfew Essential Oil | Living Libations","isPartOf":{"@id":"https:\/\/dutchhealthstore.com\/de\/#website"},"primaryImageOfPage":{"@id":"https:\/\/dutchhealthstore.com\/de\/product\/feverfew-essential-oil\/#primaryimage"},"image":{"@id":"https:\/\/dutchhealthstore.com\/de\/product\/feverfew-essential-oil\/#primaryimage"},"thumbnailUrl":"https:\/\/dutchhealthstore.com\/wp-content\/uploads\/2018\/02\/Living-Libations-Feverfew-Essential-Oil-e1594641936642.jpg","datePublished":"2018-02-10T18:37:59+00:00","dateModified":"2023-02-07T10:43:18+00:00","description":"Mutterkraut nutzt die reine Pflanzenkraft von Chrysanthemum parthenium, einem Strauch aus der Familie der G\u00e4nsebl\u00fcmchengew\u00e4chse mit leuchtenden, heiteren Bl\u00fcten mit skurrilen gelben Zentren.","breadcrumb":{"@id":"https:\/\/dutchhealthstore.com\/de\/product\/feverfew-essential-oil\/#breadcrumb"},"inLanguage":"de","potentialAction":[{"@type":"ReadAction","target":["https:\/\/dutchhealthstore.com\/de\/product\/feverfew-essential-oil\/"]}]},{"@type":"ImageObject","inLanguage":"de","@id":"https:\/\/dutchhealthstore.com\/de\/product\/feverfew-essential-oil\/#primaryimage","url":"https:\/\/dutchhealthstore.com\/wp-content\/uploads\/2018\/02\/Living-Libations-Feverfew-Essential-Oil-e1594641936642.jpg","contentUrl":"https:\/\/dutchhealthstore.com\/wp-content\/uploads\/2018\/02\/Living-Libations-Feverfew-Essential-Oil-e1594641936642.jpg","width":500,"height":500,"caption":"Living Libations Feverfew Essential Oil"},{"@type":"BreadcrumbList","@id":"https:\/\/dutchhealthstore.com\/de\/product\/feverfew-essential-oil\/#breadcrumb","itemListElement":[{"@type":"ListItem","position":1,"name":"Home","item":"https:\/\/dutchhealthstore.com\/de\/"},{"@type":"ListItem","position":2,"name":"Shop","item":"https:\/\/dutchhealthstore.com\/de\/shop-2\/"},{"@type":"ListItem","position":3,"name":"Feverfew Essential Oil"}]},{"@type":"WebSite","@id":"https:\/\/dutchhealthstore.com\/de\/#website","url":"https:\/\/dutchhealthstore.com\/de\/","name":"Dutch Health Store","description":"Enhance Your Beauty with Organic &amp; Natural Skincare","publisher":{"@id":"https:\/\/dutchhealthstore.com\/de\/#organization"},"potentialAction":[{"@type":"SearchAction","target":{"@type":"EntryPoint","urlTemplate":"https:\/\/dutchhealthstore.com\/de\/?s={search_term_string}"},"query-input":{"@type":"PropertyValueSpecification","valueRequired":true,"valueName":"search_term_string"}}],"inLanguage":"de"},{"@type":"Organization","@id":"https:\/\/dutchhealthstore.com\/de\/#organization","name":"Dutch Health Store","url":"https:\/\/dutchhealthstore.com\/de\/","logo":{"@type":"ImageObject","inLanguage":"de","@id":"https:\/\/dutchhealthstore.com\/de\/#\/schema\/logo\/image\/","url":"https:\/\/dutchhealthstore.com\/wp-content\/uploads\/2020\/08\/logo-dutchhealthstore-jpg-e1599484957574.jpg","contentUrl":"https:\/\/dutchhealthstore.com\/wp-content\/uploads\/2020\/08\/logo-dutchhealthstore-jpg-e1599484957574.jpg","width":400,"height":62,"caption":"Dutch Health Store"},"image":{"@id":"https:\/\/dutchhealthstore.com\/de\/#\/schema\/logo\/image\/"},"sameAs":["https:\/\/www.instagram.com\/dutchhealthstore\/","https:\/\/www.facebook.com\/dutchhealthstore"]}]},"product_brand":"Living Libations","og_availability":"instock","product_availability":"instock","product_condition":"new"},"_links":{"self":[{"href":"https:\/\/dutchhealthstore.com\/de\/wp-json\/wp\/v2\/product\/118288","targetHints":{"allow":["GET"]}}],"collection":[{"href":"https:\/\/dutchhealthstore.com\/de\/wp-json\/wp\/v2\/product"}],"about":[{"href":"https:\/\/dutchhealthstore.com\/de\/wp-json\/wp\/v2\/types\/product"}],"replies":[{"embeddable":true,"href":"https:\/\/dutchhealthstore.com\/de\/wp-json\/wp\/v2\/comments?post=118288"}],"wp:featuredmedia":[{"embeddable":true,"href":"https:\/\/dutchhealthstore.com\/de\/wp-json\/wp\/v2\/media\/113281"}],"wp:attachment":[{"href":"https:\/\/dutchhealthstore.com\/de\/wp-json\/wp\/v2\/media?parent=118288"}],"wp:term":[{"taxonomy":"product_brand","embeddable":true,"href":"https:\/\/dutchhealthstore.com\/de\/wp-json\/wp\/v2\/product_brand?post=118288"},{"taxonomy":"product_cat","embeddable":true,"href":"https:\/\/dutchhealthstore.com\/de\/wp-json\/wp\/v2\/product_cat?post=118288"},{"taxonomy":"product_tag","embeddable":true,"href":"https:\/\/dutchhealthstore.com\/de\/wp-json\/wp\/v2\/product_tag?post=118288"}],"curies":[{"name":"wp","href":"https:\/\/api.w.org\/{rel}","templated":true}]}}