{"id":118268,"date":"2020-07-07T09:58:32","date_gmt":"2020-07-07T07:58:32","guid":{"rendered":"https:\/\/dutchhealthstore.com\/product\/fennel-essential-oil\/"},"modified":"2026-02-06T15:25:53","modified_gmt":"2026-02-06T14:25:53","slug":"fennel-essential-oil","status":"publish","type":"product","link":"https:\/\/dutchhealthstore.com\/de\/product\/fennel-essential-oil\/","title":{"rendered":"Fennel Essential Oil"},"content":{"rendered":"<p><strong><img decoding=\"async\" class=\"size-full wp-image-69549 alignright\" src=\"https:\/\/dutchhealthstore.com\/wp-content\/uploads\/2019\/08\/NEW-Living-Libations-Logo.jpg\" alt=\"NEW - Living Libations - Logo\" width=\"175\" height=\"82\">Botanischer Name:<\/strong> Foeniculum vulgare<br \/>\n<strong>Botanische Familie:<\/strong> Umbelliferae<br \/>\n<strong>Extraktionsverfahren:<\/strong> Dampfdestilliert<br \/>\n<strong>Teil der Pflanze Destilliert:<\/strong> Saatgut<br \/>\n<strong>Herkunftsland:<\/strong> Korsika<br \/>\n<strong>Anbaumethode:<\/strong> Bio<br \/>\n<strong>Zusammensetzung:<\/strong> 100% Foeniculum vulgare<br \/>\n<strong>Konsistenz:<\/strong> D\u00fcnne Viskosit\u00e4t<\/p>\n<h3>Beschreibung des Duftes<\/h3>\n<p>Kr\u00e4uterig, s\u00fc\u00dfer Lakritz-Anis mit ausgewogenen frischen Heunoten.<\/p>\n<h3>In Living Libations<\/h3>\n<p>Amazing Grace Singers + Speakers Spray<\/p>\n<h3>Gut mischbar mit<\/h3>\n<p>Majoran, Lavendel, Bohnenkraut, Weihrauch, Kardamom, Koriander, Thymian, Estragon, Lorbeer, Pfefferminz und Geranie.<\/p>\n<a href=\"https:\/\/dutchhealthstore.com\/wp-content\/uploads\/2020\/07\/ANALYSIS-Fennel-Essential-Oil-Living-Libations-3.pdf\" class=\"button primary is-primary is-small\"  >\n\t\t<span>ANALYSE DER \u00c4THERISCHEN \u00d6LE &gt;<\/span>\n\t<\/a>\n\n<h3>Verwendet<\/h3>\n<p>Bei Beschwerden in der Mondphase in Massage\u00f6le mischen. Zu den B\u00e4dern hinzuf\u00fcgen. Inhalieren Sie f\u00fcr Konzentration und Klarheit aus der Flasche oder unserer Salzpfeife. Hervorragend f\u00fcr die Mundpflege geeignet. Erfrischt den Atem und verw\u00f6hnt den Bauch. S\u00fc\u00dfer Fenchel verleiht s\u00fc\u00dfen und herzhaften Gerichten eine geschmackliche Note.<\/p>\n<h3>Kontraindikationen<\/h3>\n<p>Die Anwendung bei S\u00e4uglingen und Epileptikern sowie w\u00e4hrend der Schwangerschaft ist zu vermeiden.<\/p>\n<p>Das Fennel Essential Oil stammt von der nebligen K\u00fcste der franz\u00f6sischen Insel Korsika und f\u00e4ngt die Essenz des reinen, biologischen Fenchels ein, der in der einladenden Sonne des Mittelmeers gewachsen ist. Der aus den Samen der Pflanze dampfdestillierte Fenchel wird seit jeher von Schriftstellern und Kr\u00e4uterkundigen verehrt.<\/p>\n<p>Fenchel ist einer der Stars der griechischen Mythologie; mit Fenchelst\u00e4ngeln stahl Prometheus den G\u00f6ttern das Feuer und brachte den Menschen seine st\u00e4rkende Kraft. Die leuchtend gelben Bl\u00fcten der Fenchelpflanze und ihre s\u00fc\u00dfen Samen werden in der ganzen Welt f\u00fcr die kulinarische und aromatherapeutische Verwendung angebaut. In der europ\u00e4ischen Kr\u00e4uterheilkunde wurde Fenchel mit Backpulver und Dill zur Beruhigung von S\u00e4uglingen kombiniert.<\/p>\n<p>Unser s\u00fc\u00dfes Fennel Essential Oil ist eine beruhigende Kresse, die alle Hauttypen tonisiert und harmonisiert. Fenchel stimuliert auf sanfte Weise Gef\u00fchle von gesteigerter Begeisterung, Hoffnung und Freude.<\/p>\n<p><strong>Gr\u00f6\u00dfe: 5 ml und 15 ml<\/strong><\/p>\n<h3>Bio-Zutaten<\/h3>\n<p>100% \u00e4therisches Fenchel\u00f6l (Foeniculum vulgare).<\/p>\n<p style=\"text-align: center;\"><em>&#8222;Fenchel wirkt anregend und belebend, steigert die Eigenmotivation und belebt die Pers\u00f6nlichkeit. Hildegard sagte, Fenchel macht gl\u00fccklich.&#8220;<\/em><br \/>\n~ Kathi Keville und Mindy Green, <strong>Aromatherapy: A Complete Guide to the Art<\/strong><\/p>\n<p style=\"text-align: center;\"><em>&#8222;Fenchel bringt das unendliche Licht, das in ihm steckt, in die verborgenen Schatten, die uns vielleicht umgeben, und erm\u00f6glicht es unserem Geist, sich auszudehnen und aufzusteigen.&#8220;<\/em><br \/>\n~ Valerie Ann Worwood, <strong>Aromatherapy for the Soul<\/strong><\/p>\n<p style=\"text-align: center;\"><em>&#8222;Fenchelsamen werden zusammen mit Anis, K\u00fcmmel und Koriander zu den vier w\u00e4rmenden Samen gez\u00e4hlt&#8220;.<\/em><br \/>\n~ Jean Valnet, <strong>The Practice of Aromatherapy<\/strong><\/p>\n<p><img fetchpriority=\"high\" decoding=\"async\" class=\"size-medium wp-image-68103 aligncenter\" src=\"https:\/\/dutchhealthstore.com\/wp-content\/uploads\/2018\/02\/Living-Libations-Organic-Logo-800x89.png\" alt=\"Living Libations - Organic Logo\" width=\"800\" height=\"89\" srcset=\"https:\/\/dutchhealthstore.com\/wp-content\/uploads\/2018\/02\/Living-Libations-Organic-Logo-800x89.png 800w, https:\/\/dutchhealthstore.com\/wp-content\/uploads\/2018\/02\/Living-Libations-Organic-Logo-510x57.png 510w, https:\/\/dutchhealthstore.com\/wp-content\/uploads\/2018\/02\/Living-Libations-Organic-Logo-768x85.png 768w, https:\/\/dutchhealthstore.com\/wp-content\/uploads\/2018\/02\/Living-Libations-Organic-Logo.png 1400w\" sizes=\"(max-width: 800px) 100vw, 800px\" \/><\/p>\n","protected":false},"excerpt":{"rendered":"<p>Erfreuen Sie sich an dem Glanz des fantastisch duftenden <strong>Fennel Essential Oil<\/strong> von Living Libations! Aromatisch und geschmackvoll, die herrlichen Samen dieser krautigen Pflanze sind hingebungsvoll destilliert, um seine dulcet Essenz zu extrahieren.<br \/>\nS\u00fc\u00dfer Fenchel verstr\u00f6mt ein mildes, an Lakritz erinnerndes Aroma, das heiter und entspannend wirkt.<br \/>\nDieses klassische Kraut ist ber\u00fchmt als alter Verdauungstrunk nach dem Essen, als Atemerfrischer und als belebendes Tonikum.<\/p>\n","protected":false},"featured_media":111814,"comment_status":"open","ping_status":"closed","template":"","meta":[],"product_brand":[],"product_cat":[1508,1546,6737,1493,1210,6736],"product_tag":[1547],"class_list":{"0":"post-118268","1":"product","2":"type-product","3":"status-publish","4":"has-post-thumbnail","6":"product_cat-aetherische-oele-living-libations","7":"product_cat-essential-oils-living-libations-de","8":"product_cat-essential-oils-de-2","9":"product_cat-living-libations-deutschland","10":"product_cat-marken","11":"product_cat-wellness-de","12":"product_tag-essential-oil-de","13":"pa_brand-livinglibations-de","14":"pa_essential-oils-product-type-essential-oils-de","15":"pa_size-15-ml-de-2","16":"pa_size-5-ml-de","18":"first","19":"instock","20":"taxable","21":"shipping-taxable","22":"purchasable","23":"product-type-variable"},"bundled_by":[],"bundle_stock_status":"instock","bundle_stock_quantity":null,"bundle_virtual":false,"bundle_layout":"","bundle_add_to_cart_form_location":"","bundle_editable_in_cart":false,"bundle_sold_individually_context":"","bundle_item_grouping":"","bundle_min_size":"","bundle_max_size":"","bundle_price":[],"bundled_items":[],"bundle_sell_ids":[],"atum_controlled":true,"out_stock_date":null,"out_stock_threshold":null,"inheritable":true,"stock_on_hold":0,"sold_today":0,"sales_last_days":0,"out_stock_days":0,"lost_sales":0,"update_date":"2026-04-17T00:06:06","atum_locations":[],"atum_stock_status":"instock","restock_status":false,"low_stock_amount":"","sales_update_date":"2026-04-17T00:06:06","calc_backorders":null,"group_of_quantity":0,"min_quantity":0,"max_quantity":"","exclude_order_quantity_value_rules":"no","exclude_category_quantity_rules":"no","combine_variations":"no","yoast_head":"<!-- This site is optimized with the Yoast SEO Premium plugin v26.5 (Yoast SEO v26.5) - https:\/\/yoast.com\/wordpress\/plugins\/seo\/ -->\n<title>Fennel Essential Oil | Living Libations<\/title>\n<meta name=\"description\" content=\"Dieses klassische Kraut ist ber\u00fchmt als alter Verdauungstrunk nach dem Essen, als Atemerfrischer und als belebendes Tonikum.\" \/>\n<meta name=\"robots\" content=\"index, follow, max-snippet:-1, max-image-preview:large, max-video-preview:-1\" \/>\n<link rel=\"canonical\" href=\"https:\/\/dutchhealthstore.com\/de\/product\/fennel-essential-oil\/\" \/>\n<meta property=\"og:locale\" content=\"de_DE\" \/>\n<meta property=\"og:type\" content=\"article\" \/>\n<meta property=\"og:title\" content=\"Fennel Essential Oil - Dutch Health Store\" \/>\n<meta property=\"og:description\" content=\"Dieses klassische Kraut ist ber\u00fchmt als alter Verdauungstrunk nach dem Essen, als Atemerfrischer und als belebendes Tonikum.\" \/>\n<meta property=\"og:url\" content=\"https:\/\/dutchhealthstore.com\/de\/product\/fennel-essential-oil\/\" \/>\n<meta property=\"og:site_name\" content=\"Dutch Health Store\" \/>\n<meta property=\"article:publisher\" content=\"https:\/\/www.instagram.com\/dutchhealthstore\/\" \/>\n<meta property=\"article:modified_time\" content=\"2026-02-06T14:25:53+00:00\" \/>\n<meta property=\"og:image\" content=\"https:\/\/dutchhealthstore.com\/wp-content\/uploads\/2020\/07\/Living-Libations-Fennel-Essential-Oil-e1594115612265.png\" \/>\n\t<meta property=\"og:image:width\" content=\"500\" \/>\n\t<meta property=\"og:image:height\" content=\"500\" \/>\n\t<meta property=\"og:image:type\" content=\"image\/jpeg\" \/>\n<meta name=\"twitter:card\" content=\"summary_large_image\" \/>\n<meta name=\"twitter:label1\" content=\"Verf\u00fcgbarkeit\" \/>\n\t<meta name=\"twitter:data1\" content=\"Auf Lager\" \/>\n<script type=\"application\/ld+json\" class=\"yoast-schema-graph\">{\"@context\":\"https:\/\/schema.org\",\"@graph\":[{\"@type\":\"WebPage\",\"@id\":\"https:\/\/dutchhealthstore.com\/de\/product\/fennel-essential-oil\/\",\"url\":\"https:\/\/dutchhealthstore.com\/de\/product\/fennel-essential-oil\/\",\"name\":\"Fennel Essential Oil | Living Libations\",\"isPartOf\":{\"@id\":\"https:\/\/dutchhealthstore.com\/de\/#website\"},\"primaryImageOfPage\":{\"@id\":\"https:\/\/dutchhealthstore.com\/de\/product\/fennel-essential-oil\/#primaryimage\"},\"image\":{\"@id\":\"https:\/\/dutchhealthstore.com\/de\/product\/fennel-essential-oil\/#primaryimage\"},\"thumbnailUrl\":\"https:\/\/dutchhealthstore.com\/wp-content\/uploads\/2020\/07\/Living-Libations-Fennel-Essential-Oil-e1594115612265.png\",\"datePublished\":\"2020-07-07T07:58:32+00:00\",\"dateModified\":\"2026-02-06T14:25:53+00:00\",\"description\":\"Dieses klassische Kraut ist ber\u00fchmt als alter Verdauungstrunk nach dem Essen, als Atemerfrischer und als belebendes Tonikum.\",\"breadcrumb\":{\"@id\":\"https:\/\/dutchhealthstore.com\/de\/product\/fennel-essential-oil\/#breadcrumb\"},\"inLanguage\":\"de\",\"potentialAction\":[{\"@type\":\"ReadAction\",\"target\":[\"https:\/\/dutchhealthstore.com\/de\/product\/fennel-essential-oil\/\"]}]},{\"@type\":\"ImageObject\",\"inLanguage\":\"de\",\"@id\":\"https:\/\/dutchhealthstore.com\/de\/product\/fennel-essential-oil\/#primaryimage\",\"url\":\"https:\/\/dutchhealthstore.com\/wp-content\/uploads\/2020\/07\/Living-Libations-Fennel-Essential-Oil-e1594115612265.png\",\"contentUrl\":\"https:\/\/dutchhealthstore.com\/wp-content\/uploads\/2020\/07\/Living-Libations-Fennel-Essential-Oil-e1594115612265.png\",\"width\":500,\"height\":500,\"caption\":\"Living Libations Fennel Essential Oil\"},{\"@type\":\"BreadcrumbList\",\"@id\":\"https:\/\/dutchhealthstore.com\/de\/product\/fennel-essential-oil\/#breadcrumb\",\"itemListElement\":[{\"@type\":\"ListItem\",\"position\":1,\"name\":\"Home\",\"item\":\"https:\/\/dutchhealthstore.com\/de\/\"},{\"@type\":\"ListItem\",\"position\":2,\"name\":\"Shop\",\"item\":\"https:\/\/dutchhealthstore.com\/de\/shop-2\/\"},{\"@type\":\"ListItem\",\"position\":3,\"name\":\"Fennel Essential Oil\"}]},{\"@type\":\"WebSite\",\"@id\":\"https:\/\/dutchhealthstore.com\/de\/#website\",\"url\":\"https:\/\/dutchhealthstore.com\/de\/\",\"name\":\"Dutch Health Store\",\"description\":\"Enhance Your Beauty with Organic &amp; Natural Skincare\",\"publisher\":{\"@id\":\"https:\/\/dutchhealthstore.com\/de\/#organization\"},\"potentialAction\":[{\"@type\":\"SearchAction\",\"target\":{\"@type\":\"EntryPoint\",\"urlTemplate\":\"https:\/\/dutchhealthstore.com\/de\/?s={search_term_string}\"},\"query-input\":{\"@type\":\"PropertyValueSpecification\",\"valueRequired\":true,\"valueName\":\"search_term_string\"}}],\"inLanguage\":\"de\"},{\"@type\":\"Organization\",\"@id\":\"https:\/\/dutchhealthstore.com\/de\/#organization\",\"name\":\"Dutch Health Store\",\"url\":\"https:\/\/dutchhealthstore.com\/de\/\",\"logo\":{\"@type\":\"ImageObject\",\"inLanguage\":\"de\",\"@id\":\"https:\/\/dutchhealthstore.com\/de\/#\/schema\/logo\/image\/\",\"url\":\"https:\/\/dutchhealthstore.com\/wp-content\/uploads\/2020\/08\/logo-dutchhealthstore-jpg-e1599484957574.jpg\",\"contentUrl\":\"https:\/\/dutchhealthstore.com\/wp-content\/uploads\/2020\/08\/logo-dutchhealthstore-jpg-e1599484957574.jpg\",\"width\":400,\"height\":62,\"caption\":\"Dutch Health Store\"},\"image\":{\"@id\":\"https:\/\/dutchhealthstore.com\/de\/#\/schema\/logo\/image\/\"},\"sameAs\":[\"https:\/\/www.instagram.com\/dutchhealthstore\/\",\"https:\/\/www.facebook.com\/dutchhealthstore\"]}]}<\/script>\n<meta property=\"product:brand\" content=\"Living Libations\" \/>\n<meta property=\"og:availability\" content=\"instock\" \/>\n<meta property=\"product:availability\" content=\"instock\" \/>\n<meta property=\"product:condition\" content=\"new\" \/>\n<!-- \/ Yoast SEO Premium plugin. -->","yoast_head_json":{"title":"Fennel Essential Oil | Living Libations","description":"Dieses klassische Kraut ist ber\u00fchmt als alter Verdauungstrunk nach dem Essen, als Atemerfrischer und als belebendes Tonikum.","robots":{"index":"index","follow":"follow","max-snippet":"max-snippet:-1","max-image-preview":"max-image-preview:large","max-video-preview":"max-video-preview:-1"},"canonical":"https:\/\/dutchhealthstore.com\/de\/product\/fennel-essential-oil\/","og_locale":"de_DE","og_type":"article","og_title":"Fennel Essential Oil - Dutch Health Store","og_description":"Dieses klassische Kraut ist ber\u00fchmt als alter Verdauungstrunk nach dem Essen, als Atemerfrischer und als belebendes Tonikum.","og_url":"https:\/\/dutchhealthstore.com\/de\/product\/fennel-essential-oil\/","og_site_name":"Dutch Health Store","article_publisher":"https:\/\/www.instagram.com\/dutchhealthstore\/","article_modified_time":"2026-02-06T14:25:53+00:00","og_image":[{"width":500,"height":500,"url":"https:\/\/dutchhealthstore.com\/wp-content\/uploads\/2020\/07\/Living-Libations-Fennel-Essential-Oil-e1594115612265.png","type":"image\/jpeg"}],"twitter_card":"summary_large_image","twitter_misc":{"Verf\u00fcgbarkeit":"Auf Lager"},"schema":{"@context":"https:\/\/schema.org","@graph":[{"@type":"WebPage","@id":"https:\/\/dutchhealthstore.com\/de\/product\/fennel-essential-oil\/","url":"https:\/\/dutchhealthstore.com\/de\/product\/fennel-essential-oil\/","name":"Fennel Essential Oil | Living Libations","isPartOf":{"@id":"https:\/\/dutchhealthstore.com\/de\/#website"},"primaryImageOfPage":{"@id":"https:\/\/dutchhealthstore.com\/de\/product\/fennel-essential-oil\/#primaryimage"},"image":{"@id":"https:\/\/dutchhealthstore.com\/de\/product\/fennel-essential-oil\/#primaryimage"},"thumbnailUrl":"https:\/\/dutchhealthstore.com\/wp-content\/uploads\/2020\/07\/Living-Libations-Fennel-Essential-Oil-e1594115612265.png","datePublished":"2020-07-07T07:58:32+00:00","dateModified":"2026-02-06T14:25:53+00:00","description":"Dieses klassische Kraut ist ber\u00fchmt als alter Verdauungstrunk nach dem Essen, als Atemerfrischer und als belebendes Tonikum.","breadcrumb":{"@id":"https:\/\/dutchhealthstore.com\/de\/product\/fennel-essential-oil\/#breadcrumb"},"inLanguage":"de","potentialAction":[{"@type":"ReadAction","target":["https:\/\/dutchhealthstore.com\/de\/product\/fennel-essential-oil\/"]}]},{"@type":"ImageObject","inLanguage":"de","@id":"https:\/\/dutchhealthstore.com\/de\/product\/fennel-essential-oil\/#primaryimage","url":"https:\/\/dutchhealthstore.com\/wp-content\/uploads\/2020\/07\/Living-Libations-Fennel-Essential-Oil-e1594115612265.png","contentUrl":"https:\/\/dutchhealthstore.com\/wp-content\/uploads\/2020\/07\/Living-Libations-Fennel-Essential-Oil-e1594115612265.png","width":500,"height":500,"caption":"Living Libations Fennel Essential Oil"},{"@type":"BreadcrumbList","@id":"https:\/\/dutchhealthstore.com\/de\/product\/fennel-essential-oil\/#breadcrumb","itemListElement":[{"@type":"ListItem","position":1,"name":"Home","item":"https:\/\/dutchhealthstore.com\/de\/"},{"@type":"ListItem","position":2,"name":"Shop","item":"https:\/\/dutchhealthstore.com\/de\/shop-2\/"},{"@type":"ListItem","position":3,"name":"Fennel Essential Oil"}]},{"@type":"WebSite","@id":"https:\/\/dutchhealthstore.com\/de\/#website","url":"https:\/\/dutchhealthstore.com\/de\/","name":"Dutch Health Store","description":"Enhance Your Beauty with Organic &amp; Natural Skincare","publisher":{"@id":"https:\/\/dutchhealthstore.com\/de\/#organization"},"potentialAction":[{"@type":"SearchAction","target":{"@type":"EntryPoint","urlTemplate":"https:\/\/dutchhealthstore.com\/de\/?s={search_term_string}"},"query-input":{"@type":"PropertyValueSpecification","valueRequired":true,"valueName":"search_term_string"}}],"inLanguage":"de"},{"@type":"Organization","@id":"https:\/\/dutchhealthstore.com\/de\/#organization","name":"Dutch Health Store","url":"https:\/\/dutchhealthstore.com\/de\/","logo":{"@type":"ImageObject","inLanguage":"de","@id":"https:\/\/dutchhealthstore.com\/de\/#\/schema\/logo\/image\/","url":"https:\/\/dutchhealthstore.com\/wp-content\/uploads\/2020\/08\/logo-dutchhealthstore-jpg-e1599484957574.jpg","contentUrl":"https:\/\/dutchhealthstore.com\/wp-content\/uploads\/2020\/08\/logo-dutchhealthstore-jpg-e1599484957574.jpg","width":400,"height":62,"caption":"Dutch Health Store"},"image":{"@id":"https:\/\/dutchhealthstore.com\/de\/#\/schema\/logo\/image\/"},"sameAs":["https:\/\/www.instagram.com\/dutchhealthstore\/","https:\/\/www.facebook.com\/dutchhealthstore"]}]},"product_brand":"Living Libations","og_availability":"instock","product_availability":"instock","product_condition":"new"},"_links":{"self":[{"href":"https:\/\/dutchhealthstore.com\/de\/wp-json\/wp\/v2\/product\/118268","targetHints":{"allow":["GET"]}}],"collection":[{"href":"https:\/\/dutchhealthstore.com\/de\/wp-json\/wp\/v2\/product"}],"about":[{"href":"https:\/\/dutchhealthstore.com\/de\/wp-json\/wp\/v2\/types\/product"}],"replies":[{"embeddable":true,"href":"https:\/\/dutchhealthstore.com\/de\/wp-json\/wp\/v2\/comments?post=118268"}],"wp:featuredmedia":[{"embeddable":true,"href":"https:\/\/dutchhealthstore.com\/de\/wp-json\/wp\/v2\/media\/111814"}],"wp:attachment":[{"href":"https:\/\/dutchhealthstore.com\/de\/wp-json\/wp\/v2\/media?parent=118268"}],"wp:term":[{"taxonomy":"product_brand","embeddable":true,"href":"https:\/\/dutchhealthstore.com\/de\/wp-json\/wp\/v2\/product_brand?post=118268"},{"taxonomy":"product_cat","embeddable":true,"href":"https:\/\/dutchhealthstore.com\/de\/wp-json\/wp\/v2\/product_cat?post=118268"},{"taxonomy":"product_tag","embeddable":true,"href":"https:\/\/dutchhealthstore.com\/de\/wp-json\/wp\/v2\/product_tag?post=118268"}],"curies":[{"name":"wp","href":"https:\/\/api.w.org\/{rel}","templated":true}]}}