{"id":118240,"date":"2018-02-10T20:44:42","date_gmt":"2018-02-10T19:44:42","guid":{"rendered":"https:\/\/dutchhealthstore.com\/product\/evening-primrose-carrier-oil\/"},"modified":"2025-10-28T10:41:30","modified_gmt":"2025-10-28T09:41:30","slug":"evening-primrose-carrier-oil","status":"publish","type":"product","link":"https:\/\/dutchhealthstore.com\/de\/product\/evening-primrose-carrier-oil\/","title":{"rendered":"Evening Primrose Carrier Oil"},"content":{"rendered":"<div id=\"product.info.description\" class=\"data item content\" role=\"tabpanel\">\n<div class=\"product attribute description\">\n<div class=\"value\">\n<p><strong><img decoding=\"async\" class=\"alignright size-full wp-image-37041\" src=\"https:\/\/dutchhealthstore.com\/wp-content\/uploads\/2018\/04\/Living_Libations-1.png\" alt=\"Organic &amp; Natural Beautyproducts - Living Libations\" width=\"175\" height=\"82\">Botanischer Name:<\/strong> Oenothera biennis + Boswellia carterii<br \/>\n<strong>Botanische Familie:<\/strong> Onagraceae<br \/>\n<strong>Inhaltsstoffe:<\/strong> Nachtkerzen\u00f6l und \u00e4therisches Weihrauch\u00f6l<br \/>\n<strong>Extraktionsverfahren:<\/strong> CO2 + Hydro-Destillation<br \/>\n<strong>Teil der Pflanze Destilliert:<\/strong> Saatgut<br \/>\n<strong>Herkunftsland:<\/strong> Kanada + Oman<br \/>\n<strong>Anbaumethode:<\/strong> Bio<br \/>\n<strong>Zusammensetzung:<\/strong> 95% Oenothera biennis + 5% Boswellia carterii<br \/>\n<strong>Konsistenz:<\/strong> Mittel<\/p>\n<h3>Beschreibung des Duftes<\/h3>\n<p>Entfernt und subtil, mit zarten Ankl\u00e4ngen an N\u00fcsse und Honig.<\/p>\n<h3>Gut mischbar mit<\/h3>\n<p>Myrrhe, Lavendel, Ylang, <strong>Orange,<\/strong> Kardamom, Palmarosa, Thymian, Sanddorn, Rainfarn, Schafgarbe, Lorbeer, Weihrauch, Rose Otto, Strohblume und Sandelholz.<\/p>\n<h3>Verwendet<\/h3>\n<p>Ausgezeichnetes Hauterweichungsmittel und Tr\u00e4ger f\u00fcr pflanzliche Essenzen. Es mildert R\u00f6tungen und Schwellungen. In Kombination mit Weihrauch kann es das Erscheinungsbild von Falten verringern und schlaffe Haut straffen.<\/p>\n<p>Wenn Evening Primrose oil in perfektem Verh\u00e4ltnis mit dem st\u00e4rkenden \u00e4therischen Weihrauch\u00f6l kombiniert wird, entsteht ein Superhelden-\u00d6l f\u00fcr die Haut, das bereit ist, trockene Haut mit seinem Arsenal an sch\u00f6nen Lipiden zu beruhigen und zu tr\u00e4nken. Wenn der Tag zur Nacht wird, \u00f6ffnet die Schl\u00fcsselblume in der D\u00e4mmerung ihre Bl\u00fctenbl\u00e4tter und ihre Samen spenden eine Vielzahl an wunderbarer Feuchtigkeit, um die Haut ins Gleichgewicht zu bringen.<\/p>\n<p><strong>Gr\u00f6\u00dfe: 15 ml und 30 ml<\/strong><\/p>\n<h3>Nachtkerzenserum<strong><br \/>\n<\/strong><\/h3>\n<ul>\n<li>5 ml <a href=\"https:\/\/dutchhealthstore.com\/de\/product\/evening-primrose-carrier-oil\/\"><strong>Evening Primrose Carrier Oil<\/strong><\/a><\/li>\n<li>10 Tropfen <strong><a href=\"\/?p=29606\">Palmarosa Essential Oil<\/a><\/strong><\/li>\n<li>10 Tropfen <a href=\"https:\/\/dutchhealthstore.com\/de\/product\/sandalwood-essential-oil\/\"><strong>Sandalwood<\/strong> <strong>Essential Oil<\/strong><\/a><\/li>\n<li>5 Tropfen <a href=\"https:\/\/dutchhealthstore.com\/de\/product\/grapefruit-essential-oil\/\"><strong>Grapefruit<\/strong> <strong>Essential Oil<\/strong><\/a><\/li>\n<\/ul>\n<h3>Bio-Zutaten<\/h3>\n<p>95% Oenothera biennis und 5% Boswellia carterii<\/p>\n<p style=\"text-align: center;\"><em>&#8222;Oh, ihr geheimnisvollen M\u00e4dchen, wenn ihr zweiundf\u00fcnfzig seid, werden wir euch herausfinden; dann m\u00fcsst ihr ans Licht kommen. <\/em><br \/>\n<em>Wenn der Mund sauer geworden ist, bist du schuld: all die Gemeinheiten, die deine Jugend verbarg, haben sich in deinem Gesicht angesammelt. <\/em><br \/>\n<em>Aber die h\u00fcbschen Gedanken und die s\u00fc\u00dfen Gewohnheiten und die lieben, vergessenen Freundlichkeiten verweilen auch dort, um in deiner D\u00e4mmerung wie Abendprimeln zu bl\u00fchen.&#8220;<\/em><br \/>\n\u223c J.M. Barrie<\/p>\n<\/div>\n<\/div>\n<\/div>\n<p><img fetchpriority=\"high\" decoding=\"async\" class=\"size-medium wp-image-68103 aligncenter\" src=\"https:\/\/dutchhealthstore.com\/wp-content\/uploads\/2018\/02\/Living-Libations-Organic-Logo-800x89.png\" alt=\"Living Libations - Organic Logo\" width=\"800\" height=\"89\" srcset=\"https:\/\/dutchhealthstore.com\/wp-content\/uploads\/2018\/02\/Living-Libations-Organic-Logo-800x89.png 800w, https:\/\/dutchhealthstore.com\/wp-content\/uploads\/2018\/02\/Living-Libations-Organic-Logo-510x57.png 510w, https:\/\/dutchhealthstore.com\/wp-content\/uploads\/2018\/02\/Living-Libations-Organic-Logo-768x85.png 768w, https:\/\/dutchhealthstore.com\/wp-content\/uploads\/2018\/02\/Living-Libations-Organic-Logo.png 1400w\" sizes=\"(max-width: 800px) 100vw, 800px\" \/><\/p>\n","protected":false},"excerpt":{"rendered":"<p>Au\u00dfergew\u00f6hnliches<strong> Evening Primrose Oil<\/strong>, das als seltener superkritischer Extrakt aus den Samen der wilden Nachtkerzenpflanze gewonnen wird, die wunderbare Lipide freisetzt, die von der durstigen Haut gesch\u00e4tzt werden. Diese Wildblume wird seit Jahrhunderten von den amerikanischen Ureinwohnern und den Europ\u00e4ern verwendet, wobei die Samen zur Gewinnung von \u00d6len gepresst und in warmem Wasser eingeweicht und zu Umschl\u00e4gen verarbeitet werden. Ein wenig Frankincense Essential Oil wird f\u00fcr eine besonders beruhigende Wirkung hinzugef\u00fcgt.<\/p>\n","protected":false},"featured_media":113234,"comment_status":"open","ping_status":"closed","template":"","meta":[],"product_brand":[],"product_cat":[1508,6737,1493,1210,511,2022,6736],"product_tag":[8912,1547],"class_list":{"0":"post-118240","1":"product","2":"type-product","3":"status-publish","4":"has-post-thumbnail","6":"product_cat-aetherische-oele-living-libations","7":"product_cat-essential-oils-de-2","8":"product_cat-living-libations-deutschland","9":"product_cat-marken","10":"product_cat-produkte","11":"product_cat-tragerol","12":"product_cat-wellness-de","13":"product_tag-carrier-oil-de","14":"product_tag-essential-oil-de","15":"pa_brand-livinglibations-de","16":"pa_essential-oils-product-type-carrier-oils-de","17":"pa_essential-oils-product-type-essential-oils-de","18":"pa_size-15-ml-de-2","20":"first","21":"instock","22":"taxable","23":"shipping-taxable","24":"purchasable","25":"product-type-simple"},"bundled_by":[],"bundle_stock_status":"instock","bundle_stock_quantity":3,"bundle_virtual":false,"bundle_layout":"","bundle_add_to_cart_form_location":"","bundle_editable_in_cart":false,"bundle_sold_individually_context":"","bundle_item_grouping":"","bundle_min_size":"","bundle_max_size":"","bundle_price":[],"bundled_items":[],"bundle_sell_ids":[],"atum_controlled":true,"out_stock_date":null,"out_stock_threshold":null,"inheritable":false,"stock_on_hold":0,"sold_today":0,"sales_last_days":0,"out_stock_days":0,"lost_sales":0,"update_date":"2026-04-16T00:04:54","atum_locations":[],"atum_stock_status":"instock","restock_status":false,"low_stock_amount":"","sales_update_date":"2026-04-16T00:04:54","calc_backorders":null,"group_of_quantity":0,"min_quantity":0,"max_quantity":"","exclude_order_quantity_value_rules":"no","exclude_category_quantity_rules":"no","combine_variations":"no","yoast_head":"<!-- This site is optimized with the Yoast SEO Premium plugin v26.5 (Yoast SEO v26.5) - https:\/\/yoast.com\/wordpress\/plugins\/seo\/ -->\n<title>Evening Primrose Carrier Oil - Living Libations<\/title>\n<meta name=\"description\" content=\"Das au\u00dfergew\u00f6hnliche Evening Primrose Oil ist ein superkritischer Extrakt, der aus den Samen der wilden Nachtkerzenpflanze gewonnen wird.\" \/>\n<meta name=\"robots\" content=\"index, follow, max-snippet:-1, max-image-preview:large, max-video-preview:-1\" \/>\n<link rel=\"canonical\" href=\"https:\/\/dutchhealthstore.com\/de\/product\/evening-primrose-carrier-oil\/\" \/>\n<meta property=\"og:locale\" content=\"de_DE\" \/>\n<meta property=\"og:type\" content=\"article\" \/>\n<meta property=\"og:title\" content=\"Evening Primrose Carrier Oil - Dutch Health Store\" \/>\n<meta property=\"og:description\" content=\"Das au\u00dfergew\u00f6hnliche Evening Primrose Oil ist ein superkritischer Extrakt, der aus den Samen der wilden Nachtkerzenpflanze gewonnen wird.\" \/>\n<meta property=\"og:url\" content=\"https:\/\/dutchhealthstore.com\/de\/product\/evening-primrose-carrier-oil\/\" \/>\n<meta property=\"og:site_name\" content=\"Dutch Health Store\" \/>\n<meta property=\"article:publisher\" content=\"https:\/\/www.instagram.com\/dutchhealthstore\/\" \/>\n<meta property=\"article:modified_time\" content=\"2025-10-28T09:41:30+00:00\" \/>\n<meta property=\"og:image\" content=\"https:\/\/dutchhealthstore.com\/wp-content\/uploads\/2018\/02\/Living-Libations-Evening-Primrose-Carrier-Oil-e1594639624613.jpg\" \/>\n\t<meta property=\"og:image:width\" content=\"500\" \/>\n\t<meta property=\"og:image:height\" content=\"500\" \/>\n\t<meta property=\"og:image:type\" content=\"image\/jpeg\" \/>\n<meta name=\"twitter:card\" content=\"summary_large_image\" \/>\n<meta name=\"twitter:label1\" content=\"Preis\" \/>\n\t<meta name=\"twitter:data1\" content=\"&euro;39,00\" \/>\n\t<meta name=\"twitter:label2\" content=\"Verf\u00fcgbarkeit\" \/>\n\t<meta name=\"twitter:data2\" content=\"Auf Lager\" \/>\n<script type=\"application\/ld+json\" class=\"yoast-schema-graph\">{\"@context\":\"https:\/\/schema.org\",\"@graph\":[{\"@type\":\"WebPage\",\"@id\":\"https:\/\/dutchhealthstore.com\/de\/product\/evening-primrose-carrier-oil\/\",\"url\":\"https:\/\/dutchhealthstore.com\/de\/product\/evening-primrose-carrier-oil\/\",\"name\":\"Evening Primrose Carrier Oil - Living Libations\",\"isPartOf\":{\"@id\":\"https:\/\/dutchhealthstore.com\/de\/#website\"},\"primaryImageOfPage\":{\"@id\":\"https:\/\/dutchhealthstore.com\/de\/product\/evening-primrose-carrier-oil\/#primaryimage\"},\"image\":{\"@id\":\"https:\/\/dutchhealthstore.com\/de\/product\/evening-primrose-carrier-oil\/#primaryimage\"},\"thumbnailUrl\":\"https:\/\/dutchhealthstore.com\/wp-content\/uploads\/2018\/02\/Living-Libations-Evening-Primrose-Carrier-Oil-e1594639624613.jpg\",\"datePublished\":\"2018-02-10T19:44:42+00:00\",\"dateModified\":\"2025-10-28T09:41:30+00:00\",\"description\":\"Das au\u00dfergew\u00f6hnliche Evening Primrose Oil ist ein superkritischer Extrakt, der aus den Samen der wilden Nachtkerzenpflanze gewonnen wird.\",\"breadcrumb\":{\"@id\":\"https:\/\/dutchhealthstore.com\/de\/product\/evening-primrose-carrier-oil\/#breadcrumb\"},\"inLanguage\":\"de\",\"potentialAction\":[{\"@type\":\"ReadAction\",\"target\":[\"https:\/\/dutchhealthstore.com\/de\/product\/evening-primrose-carrier-oil\/\"]}]},{\"@type\":\"ImageObject\",\"inLanguage\":\"de\",\"@id\":\"https:\/\/dutchhealthstore.com\/de\/product\/evening-primrose-carrier-oil\/#primaryimage\",\"url\":\"https:\/\/dutchhealthstore.com\/wp-content\/uploads\/2018\/02\/Living-Libations-Evening-Primrose-Carrier-Oil-e1594639624613.jpg\",\"contentUrl\":\"https:\/\/dutchhealthstore.com\/wp-content\/uploads\/2018\/02\/Living-Libations-Evening-Primrose-Carrier-Oil-e1594639624613.jpg\",\"width\":500,\"height\":500,\"caption\":\"Living Libations Evening Primrose Carrier Oil\"},{\"@type\":\"BreadcrumbList\",\"@id\":\"https:\/\/dutchhealthstore.com\/de\/product\/evening-primrose-carrier-oil\/#breadcrumb\",\"itemListElement\":[{\"@type\":\"ListItem\",\"position\":1,\"name\":\"Home\",\"item\":\"https:\/\/dutchhealthstore.com\/de\/\"},{\"@type\":\"ListItem\",\"position\":2,\"name\":\"Shop\",\"item\":\"https:\/\/dutchhealthstore.com\/de\/shop-2\/\"},{\"@type\":\"ListItem\",\"position\":3,\"name\":\"Evening Primrose Carrier Oil\"}]},{\"@type\":\"WebSite\",\"@id\":\"https:\/\/dutchhealthstore.com\/de\/#website\",\"url\":\"https:\/\/dutchhealthstore.com\/de\/\",\"name\":\"Dutch Health Store\",\"description\":\"Enhance Your Beauty with Organic &amp; Natural Skincare\",\"publisher\":{\"@id\":\"https:\/\/dutchhealthstore.com\/de\/#organization\"},\"potentialAction\":[{\"@type\":\"SearchAction\",\"target\":{\"@type\":\"EntryPoint\",\"urlTemplate\":\"https:\/\/dutchhealthstore.com\/de\/?s={search_term_string}\"},\"query-input\":{\"@type\":\"PropertyValueSpecification\",\"valueRequired\":true,\"valueName\":\"search_term_string\"}}],\"inLanguage\":\"de\"},{\"@type\":\"Organization\",\"@id\":\"https:\/\/dutchhealthstore.com\/de\/#organization\",\"name\":\"Dutch Health Store\",\"url\":\"https:\/\/dutchhealthstore.com\/de\/\",\"logo\":{\"@type\":\"ImageObject\",\"inLanguage\":\"de\",\"@id\":\"https:\/\/dutchhealthstore.com\/de\/#\/schema\/logo\/image\/\",\"url\":\"https:\/\/dutchhealthstore.com\/wp-content\/uploads\/2020\/08\/logo-dutchhealthstore-jpg-e1599484957574.jpg\",\"contentUrl\":\"https:\/\/dutchhealthstore.com\/wp-content\/uploads\/2020\/08\/logo-dutchhealthstore-jpg-e1599484957574.jpg\",\"width\":400,\"height\":62,\"caption\":\"Dutch Health Store\"},\"image\":{\"@id\":\"https:\/\/dutchhealthstore.com\/de\/#\/schema\/logo\/image\/\"},\"sameAs\":[\"https:\/\/www.instagram.com\/dutchhealthstore\/\",\"https:\/\/www.facebook.com\/dutchhealthstore\"]}]}<\/script>\n<meta property=\"product:brand\" content=\"Living Libations\" \/>\n<meta property=\"product:price:amount\" content=\"39.00\" \/>\n<meta property=\"product:price:currency\" content=\"EUR\" \/>\n<meta property=\"og:availability\" content=\"instock\" \/>\n<meta property=\"product:availability\" content=\"instock\" \/>\n<meta property=\"product:condition\" content=\"new\" \/>\n<!-- \/ Yoast SEO Premium plugin. -->","yoast_head_json":{"title":"Evening Primrose Carrier Oil - Living Libations","description":"Das au\u00dfergew\u00f6hnliche Evening Primrose Oil ist ein superkritischer Extrakt, der aus den Samen der wilden Nachtkerzenpflanze gewonnen wird.","robots":{"index":"index","follow":"follow","max-snippet":"max-snippet:-1","max-image-preview":"max-image-preview:large","max-video-preview":"max-video-preview:-1"},"canonical":"https:\/\/dutchhealthstore.com\/de\/product\/evening-primrose-carrier-oil\/","og_locale":"de_DE","og_type":"article","og_title":"Evening Primrose Carrier Oil - Dutch Health Store","og_description":"Das au\u00dfergew\u00f6hnliche Evening Primrose Oil ist ein superkritischer Extrakt, der aus den Samen der wilden Nachtkerzenpflanze gewonnen wird.","og_url":"https:\/\/dutchhealthstore.com\/de\/product\/evening-primrose-carrier-oil\/","og_site_name":"Dutch Health Store","article_publisher":"https:\/\/www.instagram.com\/dutchhealthstore\/","article_modified_time":"2025-10-28T09:41:30+00:00","og_image":[{"width":500,"height":500,"url":"https:\/\/dutchhealthstore.com\/wp-content\/uploads\/2018\/02\/Living-Libations-Evening-Primrose-Carrier-Oil-e1594639624613.jpg","type":"image\/jpeg"}],"twitter_card":"summary_large_image","twitter_misc":{"Preis":"&euro;39,00","Verf\u00fcgbarkeit":"Auf Lager"},"schema":{"@context":"https:\/\/schema.org","@graph":[{"@type":"WebPage","@id":"https:\/\/dutchhealthstore.com\/de\/product\/evening-primrose-carrier-oil\/","url":"https:\/\/dutchhealthstore.com\/de\/product\/evening-primrose-carrier-oil\/","name":"Evening Primrose Carrier Oil - Living Libations","isPartOf":{"@id":"https:\/\/dutchhealthstore.com\/de\/#website"},"primaryImageOfPage":{"@id":"https:\/\/dutchhealthstore.com\/de\/product\/evening-primrose-carrier-oil\/#primaryimage"},"image":{"@id":"https:\/\/dutchhealthstore.com\/de\/product\/evening-primrose-carrier-oil\/#primaryimage"},"thumbnailUrl":"https:\/\/dutchhealthstore.com\/wp-content\/uploads\/2018\/02\/Living-Libations-Evening-Primrose-Carrier-Oil-e1594639624613.jpg","datePublished":"2018-02-10T19:44:42+00:00","dateModified":"2025-10-28T09:41:30+00:00","description":"Das au\u00dfergew\u00f6hnliche Evening Primrose Oil ist ein superkritischer Extrakt, der aus den Samen der wilden Nachtkerzenpflanze gewonnen wird.","breadcrumb":{"@id":"https:\/\/dutchhealthstore.com\/de\/product\/evening-primrose-carrier-oil\/#breadcrumb"},"inLanguage":"de","potentialAction":[{"@type":"ReadAction","target":["https:\/\/dutchhealthstore.com\/de\/product\/evening-primrose-carrier-oil\/"]}]},{"@type":"ImageObject","inLanguage":"de","@id":"https:\/\/dutchhealthstore.com\/de\/product\/evening-primrose-carrier-oil\/#primaryimage","url":"https:\/\/dutchhealthstore.com\/wp-content\/uploads\/2018\/02\/Living-Libations-Evening-Primrose-Carrier-Oil-e1594639624613.jpg","contentUrl":"https:\/\/dutchhealthstore.com\/wp-content\/uploads\/2018\/02\/Living-Libations-Evening-Primrose-Carrier-Oil-e1594639624613.jpg","width":500,"height":500,"caption":"Living Libations Evening Primrose Carrier Oil"},{"@type":"BreadcrumbList","@id":"https:\/\/dutchhealthstore.com\/de\/product\/evening-primrose-carrier-oil\/#breadcrumb","itemListElement":[{"@type":"ListItem","position":1,"name":"Home","item":"https:\/\/dutchhealthstore.com\/de\/"},{"@type":"ListItem","position":2,"name":"Shop","item":"https:\/\/dutchhealthstore.com\/de\/shop-2\/"},{"@type":"ListItem","position":3,"name":"Evening Primrose Carrier Oil"}]},{"@type":"WebSite","@id":"https:\/\/dutchhealthstore.com\/de\/#website","url":"https:\/\/dutchhealthstore.com\/de\/","name":"Dutch Health Store","description":"Enhance Your Beauty with Organic &amp; Natural Skincare","publisher":{"@id":"https:\/\/dutchhealthstore.com\/de\/#organization"},"potentialAction":[{"@type":"SearchAction","target":{"@type":"EntryPoint","urlTemplate":"https:\/\/dutchhealthstore.com\/de\/?s={search_term_string}"},"query-input":{"@type":"PropertyValueSpecification","valueRequired":true,"valueName":"search_term_string"}}],"inLanguage":"de"},{"@type":"Organization","@id":"https:\/\/dutchhealthstore.com\/de\/#organization","name":"Dutch Health Store","url":"https:\/\/dutchhealthstore.com\/de\/","logo":{"@type":"ImageObject","inLanguage":"de","@id":"https:\/\/dutchhealthstore.com\/de\/#\/schema\/logo\/image\/","url":"https:\/\/dutchhealthstore.com\/wp-content\/uploads\/2020\/08\/logo-dutchhealthstore-jpg-e1599484957574.jpg","contentUrl":"https:\/\/dutchhealthstore.com\/wp-content\/uploads\/2020\/08\/logo-dutchhealthstore-jpg-e1599484957574.jpg","width":400,"height":62,"caption":"Dutch Health Store"},"image":{"@id":"https:\/\/dutchhealthstore.com\/de\/#\/schema\/logo\/image\/"},"sameAs":["https:\/\/www.instagram.com\/dutchhealthstore\/","https:\/\/www.facebook.com\/dutchhealthstore"]}]},"product_brand":"Living Libations","product_price_amount":"39.00","product_price_currency":"EUR","og_availability":"instock","product_availability":"instock","product_condition":"new"},"_links":{"self":[{"href":"https:\/\/dutchhealthstore.com\/de\/wp-json\/wp\/v2\/product\/118240","targetHints":{"allow":["GET"]}}],"collection":[{"href":"https:\/\/dutchhealthstore.com\/de\/wp-json\/wp\/v2\/product"}],"about":[{"href":"https:\/\/dutchhealthstore.com\/de\/wp-json\/wp\/v2\/types\/product"}],"replies":[{"embeddable":true,"href":"https:\/\/dutchhealthstore.com\/de\/wp-json\/wp\/v2\/comments?post=118240"}],"wp:featuredmedia":[{"embeddable":true,"href":"https:\/\/dutchhealthstore.com\/de\/wp-json\/wp\/v2\/media\/113234"}],"wp:attachment":[{"href":"https:\/\/dutchhealthstore.com\/de\/wp-json\/wp\/v2\/media?parent=118240"}],"wp:term":[{"taxonomy":"product_brand","embeddable":true,"href":"https:\/\/dutchhealthstore.com\/de\/wp-json\/wp\/v2\/product_brand?post=118240"},{"taxonomy":"product_cat","embeddable":true,"href":"https:\/\/dutchhealthstore.com\/de\/wp-json\/wp\/v2\/product_cat?post=118240"},{"taxonomy":"product_tag","embeddable":true,"href":"https:\/\/dutchhealthstore.com\/de\/wp-json\/wp\/v2\/product_tag?post=118240"}],"curies":[{"name":"wp","href":"https:\/\/api.w.org\/{rel}","templated":true}]}}