{"id":118208,"date":"2020-06-25T08:52:49","date_gmt":"2020-06-25T06:52:49","guid":{"rendered":"https:\/\/dutchhealthstore.com\/product\/eucalyptus-lemon-ironbark-essential-oil\/"},"modified":"2025-10-26T20:58:20","modified_gmt":"2025-10-26T19:58:20","slug":"eucalyptus-lemon-ironbark-essential-oil","status":"publish","type":"product","link":"https:\/\/dutchhealthstore.com\/de\/product\/eucalyptus-lemon-ironbark-essential-oil\/","title":{"rendered":"Eucalyptus Lemon &#8211; Ironbark Essential Oil"},"content":{"rendered":"<p><img decoding=\"async\" class=\"size-full wp-image-69549 alignright\" src=\"https:\/\/dutchhealthstore.com\/wp-content\/uploads\/2019\/08\/NEW-Living-Libations-Logo.jpg\" alt=\"NEW - Living Libations - Logo\" width=\"175\" height=\"82\"><strong>Botanischer Name:<\/strong> Eukalyptus staigeriana<br \/>\n<strong>Botanische Familie:<\/strong> Myrtaceae<br \/>\n<strong>Extraktionsverfahren:<\/strong> Dampfdestilliert<br \/>\n<strong>Teil der Pflanze Destilliert:<\/strong> Bl\u00e4tter und Zweige<br \/>\n<strong>Herkunftsland:<\/strong> Australien<br \/>\n<strong>Anbaumethode:<\/strong> Bio<br \/>\n<strong>Zusammensetzung:<\/strong> 100% Eukalyptus staigeriana<br \/>\n<strong>Konsistenz:<\/strong> D\u00fcnne Viskosit\u00e4t<\/p>\n<h3>Beschreibung des Duftes<\/h3>\n<p>S\u00fc\u00df, leicht, zitronig-frisch, Eisenkraut-Vibes, wie Zitronenbonbons mit Sonnenschein in Flaschen.<\/p>\n<h3>In Living Libations<\/h3>\n<p>Foragers K\u00f6ln, Foragers Balsam<\/p>\n<h3>Gut mischbar mit<\/h3>\n<p>Eukalyptus, Bergamotte, Weihrauch, Zedernholz, Palo Santo, Leleshwa, Salbei, Vetiver, Lavendel, Geranie und Patchouli.<\/p>\n<h3>Verwendet<\/h3>\n<p>Zur Verwendung in Sprays, Seren und Lotionen verd\u00fcnnen. Herrlich zum Diffundieren und zur Verwendung in einer Salzpfeife. Ausgezeichnete Essenz f\u00fcr alle Aspekte der Hausreinigung. Im ganzen Wellness-Raum verstreuen, ein oder zwei Tropfen ins Bad geben oder verd\u00fcnnen und in die Muskeln einmassieren. Hervorragender Begleiter bei Waldspazierg\u00e4ngen und Ausfl\u00fcgen in den Dschungel, um gefl\u00fcgelte Eindringlinge abzuwehren.<\/p>\n<h3>Kontraindikationen<\/h3>\n<p>Bei \u00e4u\u00dferlicher Anwendung verd\u00fcnnen, da dieses \u00d6l empfindliche Haut reizen kann. Das Diffundieren ist die perfekte Methode, um die zitronige Frische von Eucalyptus staigeriana zu genie\u00dfen.<\/p>\n<a href=\"https:\/\/dutchhealthstore.com\/wp-content\/uploads\/2020\/06\/ANALYSIS-Eucalyptus-Lemon-Ironbark-Essential-Oil-Living-Libations-4.pdf\" class=\"button primary is-primary is-small\"  >\n\t\t<span>ANALYSE DER \u00c4THERISCHEN \u00d6LE &gt;<\/span>\n\t<\/a>\n\n<p>Dieser zitronig-frische Liebesbrief aus dem australischen Outback wird oft verwendet, um die Luft zu reinigen und heilige Orte zu heiligen sowie Frieden und Wohlbefinden zu f\u00f6rdern. Milder und s\u00fc\u00dfer duftend als herk\u00f6mmlicher Eukalyptus, ziehen wir das liebliche, zitronige Aroma von Eucalyptus staigeriana dem von Eucalyptus citriodora vor.<\/p>\n<p>Die reine Pflanzenkraft macht es zu einer beliebten Wahl f\u00fcr die Reinigung von Oberfl\u00e4chen im Haushalt und die Luftreinigung durch Diffusion. Eucalyptus Lemon Ironbark Essential Oil ist ein raffiniertes nat\u00fcrliches Reinigungsmittel; es kann in der K\u00fcche und auf Badezimmeroberfl\u00e4chen verwendet werden und neutralisiert Ger\u00fcche von M\u00fcll oder schmutziger W\u00e4sche. Es kann zum Geschirrsp\u00fclen, zum Auffrischen von W\u00e4sche oder zum Wischen von B\u00f6den verwendet werden.<\/p>\n<p>Dieses belebende \u00d6l kann auch zur Kl\u00e4rung emotionaler Stauungen, als belebendes Aroma in der Sauna oder im Bad oder zur Beruhigung von Kindern, die unruhig sind, verwendet werden.<\/p>\n<p><strong>Gr\u00f6\u00dfe: 5 ml, 15 ml und 30 ml<\/strong><\/p>\n<h3>Bio-Zutaten<\/h3>\n<p>100% Eukalyptus Zitrone &#8211; Eisenrinde (Eucalyptus staigeriana) \u00e4therisches \u00d6l.<\/p>\n<p style=\"text-align: center;\"><em>&#8222;E. staigeriana ist die nach Zitrone duftende Eisenrinde, ein mittelgro\u00dfer Eukalyptus mit stark nach Zitrone duftenden Bl\u00e4ttern. Er hat einen angenehmen, s\u00fc\u00dfen, frischen, fruchtig-zitronigen, verbennen\u00e4hnlichen Duft&#8230;&#8220;<\/em><br \/>\n~ Jennifer Peace Rhind, <strong>Fragrance and Wellbeing<\/strong><\/p>\n<p style=\"text-align: center;\"><em>&#8222;E. staigeriana ist jetzt f\u00fcr die Aromatherapie erh\u00e4ltlich&#8230; Es hat einen s\u00fc\u00dfen, frischen, fruchtigen Duft und enth\u00e4lt chemisch gesehen Geraniol (9-28%), Methylgeranat, Gernaylacetat, Limonen, B-Phellandren (12-34%) und Neral.&#8220;<\/em><br \/>\n~ Jennifer Peace Rhind, <strong>Essential Oils: A Handbook for Aromatherapy Practice<\/strong><\/p>\n<p style=\"text-align: center;\"><em>&#8222;Wenn man nur darauf achtet, sieht man, dass manche Sterne zitronengelb sind, andere rosa oder gr\u00fcn, blau und vergissmeinnicht leuchten. Und ohne dass ich dieses Thema weiter ausf\u00fchren muss, ist es offensichtlich, dass es nicht ausreicht, kleine wei\u00dfe Punkte auf das Blauschwarz zu setzen, um einen Sternenhimmel zu malen.&#8220;<\/em><br \/>\n~ Vincent van Gogh<\/p>\n<p><img fetchpriority=\"high\" decoding=\"async\" class=\" wp-image-68103 aligncenter\" src=\"https:\/\/dutchhealthstore.com\/wp-content\/uploads\/2018\/02\/Living-Libations-Organic-Logo-800x89.png\" alt=\"Living Libations - Organic Logo\" width=\"800\" height=\"89\" srcset=\"https:\/\/dutchhealthstore.com\/wp-content\/uploads\/2018\/02\/Living-Libations-Organic-Logo-800x89.png 800w, https:\/\/dutchhealthstore.com\/wp-content\/uploads\/2018\/02\/Living-Libations-Organic-Logo-510x57.png 510w, https:\/\/dutchhealthstore.com\/wp-content\/uploads\/2018\/02\/Living-Libations-Organic-Logo-768x85.png 768w, https:\/\/dutchhealthstore.com\/wp-content\/uploads\/2018\/02\/Living-Libations-Organic-Logo.png 1400w\" sizes=\"(max-width: 800px) 100vw, 800px\" \/><\/p>\n","protected":false},"excerpt":{"rendered":"<p><strong>Eucalyptus Lemon Ironbark Essential Oil<\/strong> hebt die Stimmung in einen nach Zitrone duftenden Zustand heiterer Klarheit.<br \/>\nDieses zitruss\u00fc\u00dfe \u00d6l wird aus den Zweigen und \u00c4sten der australischen Gattung Lemon-Scented Ironbark oder Eucalyptus Lemon Ironbark dampfdestilliert.<\/p>\n","protected":false},"featured_media":108996,"comment_status":"open","ping_status":"closed","template":"","meta":[],"product_brand":[],"product_cat":[6737,1508,1546,1493,1210,6736],"product_tag":[1547],"class_list":{"0":"post-118208","1":"product","2":"type-product","3":"status-publish","4":"has-post-thumbnail","6":"product_cat-essential-oils-de-2","7":"product_cat-aetherische-oele-living-libations","8":"product_cat-essential-oils-living-libations-de","9":"product_cat-living-libations-deutschland","10":"product_cat-marken","11":"product_cat-wellness-de","12":"product_tag-essential-oil-de","13":"pa_brand-livinglibations-de","14":"pa_essential-oils-product-type-essential-oils-de","15":"pa_size-5-ml-de","16":"pa_size-15-ml-de-2","17":"pa_size-30-ml-de","19":"first","20":"instock","21":"taxable","22":"shipping-taxable","23":"purchasable","24":"product-type-variable"},"bundled_by":[],"bundle_stock_status":"instock","bundle_stock_quantity":null,"bundle_virtual":false,"bundle_layout":"","bundle_add_to_cart_form_location":"","bundle_editable_in_cart":false,"bundle_sold_individually_context":"","bundle_item_grouping":"","bundle_min_size":"","bundle_max_size":"","bundle_price":[],"bundled_items":[],"bundle_sell_ids":[],"atum_controlled":true,"out_stock_date":null,"out_stock_threshold":null,"inheritable":true,"stock_on_hold":0,"sold_today":0,"sales_last_days":0,"out_stock_days":0,"lost_sales":0,"update_date":"2026-04-11T00:02:27","atum_locations":[],"atum_stock_status":"instock","restock_status":false,"low_stock_amount":"","sales_update_date":"2026-04-10T09:01:04","calc_backorders":null,"group_of_quantity":0,"min_quantity":0,"max_quantity":"","exclude_order_quantity_value_rules":"no","exclude_category_quantity_rules":"no","combine_variations":"no","yoast_head":"<!-- This site is optimized with the Yoast SEO Premium plugin v26.5 (Yoast SEO v26.5) - https:\/\/yoast.com\/wordpress\/plugins\/seo\/ -->\n<title>Eucalyptus Lemon - Iron Bark Essential Oil | Living Libations<\/title>\n<meta name=\"description\" content=\"Eucalyptus Lemon Ironbark Essential Oil hebt die Stimmung in einen nach Zitrone duftenden Zustand heiterer Klarheit.\" \/>\n<meta name=\"robots\" content=\"index, follow, max-snippet:-1, max-image-preview:large, max-video-preview:-1\" \/>\n<link rel=\"canonical\" href=\"https:\/\/dutchhealthstore.com\/de\/product\/eucalyptus-lemon-ironbark-essential-oil\/\" \/>\n<meta property=\"og:locale\" content=\"de_DE\" \/>\n<meta property=\"og:type\" content=\"article\" \/>\n<meta property=\"og:title\" content=\"Eucalyptus Lemon - Ironbark Essential Oil - Dutch Health Store\" \/>\n<meta property=\"og:description\" content=\"Eucalyptus Lemon Ironbark Essential Oil hebt die Stimmung in einen nach Zitrone duftenden Zustand heiterer Klarheit.\" \/>\n<meta property=\"og:url\" content=\"https:\/\/dutchhealthstore.com\/de\/product\/eucalyptus-lemon-ironbark-essential-oil\/\" \/>\n<meta property=\"og:site_name\" content=\"Dutch Health Store\" \/>\n<meta property=\"article:publisher\" content=\"https:\/\/www.instagram.com\/dutchhealthstore\/\" \/>\n<meta property=\"article:modified_time\" content=\"2025-10-26T19:58:20+00:00\" \/>\n<meta property=\"og:image\" content=\"https:\/\/dutchhealthstore.com\/wp-content\/uploads\/2020\/06\/Living-Libations-Eucalyptus-Lemon-Ironbark-Essential-Oil-e1593075002105.jpg\" \/>\n\t<meta property=\"og:image:width\" content=\"500\" \/>\n\t<meta property=\"og:image:height\" content=\"500\" \/>\n\t<meta property=\"og:image:type\" content=\"image\/jpeg\" \/>\n<meta name=\"twitter:card\" content=\"summary_large_image\" \/>\n<meta name=\"twitter:label1\" content=\"Verf\u00fcgbarkeit\" \/>\n\t<meta name=\"twitter:data1\" content=\"Auf Lager\" \/>\n<script type=\"application\/ld+json\" class=\"yoast-schema-graph\">{\"@context\":\"https:\/\/schema.org\",\"@graph\":[{\"@type\":\"WebPage\",\"@id\":\"https:\/\/dutchhealthstore.com\/de\/product\/eucalyptus-lemon-ironbark-essential-oil\/\",\"url\":\"https:\/\/dutchhealthstore.com\/de\/product\/eucalyptus-lemon-ironbark-essential-oil\/\",\"name\":\"Eucalyptus Lemon - Iron Bark Essential Oil | Living Libations\",\"isPartOf\":{\"@id\":\"https:\/\/dutchhealthstore.com\/de\/#website\"},\"primaryImageOfPage\":{\"@id\":\"https:\/\/dutchhealthstore.com\/de\/product\/eucalyptus-lemon-ironbark-essential-oil\/#primaryimage\"},\"image\":{\"@id\":\"https:\/\/dutchhealthstore.com\/de\/product\/eucalyptus-lemon-ironbark-essential-oil\/#primaryimage\"},\"thumbnailUrl\":\"https:\/\/dutchhealthstore.com\/wp-content\/uploads\/2020\/06\/Living-Libations-Eucalyptus-Lemon-Ironbark-Essential-Oil-e1593075002105.jpg\",\"datePublished\":\"2020-06-25T06:52:49+00:00\",\"dateModified\":\"2025-10-26T19:58:20+00:00\",\"description\":\"Eucalyptus Lemon Ironbark Essential Oil hebt die Stimmung in einen nach Zitrone duftenden Zustand heiterer Klarheit.\",\"breadcrumb\":{\"@id\":\"https:\/\/dutchhealthstore.com\/de\/product\/eucalyptus-lemon-ironbark-essential-oil\/#breadcrumb\"},\"inLanguage\":\"de\",\"potentialAction\":[{\"@type\":\"ReadAction\",\"target\":[\"https:\/\/dutchhealthstore.com\/de\/product\/eucalyptus-lemon-ironbark-essential-oil\/\"]}]},{\"@type\":\"ImageObject\",\"inLanguage\":\"de\",\"@id\":\"https:\/\/dutchhealthstore.com\/de\/product\/eucalyptus-lemon-ironbark-essential-oil\/#primaryimage\",\"url\":\"https:\/\/dutchhealthstore.com\/wp-content\/uploads\/2020\/06\/Living-Libations-Eucalyptus-Lemon-Ironbark-Essential-Oil-e1593075002105.jpg\",\"contentUrl\":\"https:\/\/dutchhealthstore.com\/wp-content\/uploads\/2020\/06\/Living-Libations-Eucalyptus-Lemon-Ironbark-Essential-Oil-e1593075002105.jpg\",\"width\":500,\"height\":500,\"caption\":\"Living Libations Eucalyptus Lemon-Ironbark Essential Oil\"},{\"@type\":\"BreadcrumbList\",\"@id\":\"https:\/\/dutchhealthstore.com\/de\/product\/eucalyptus-lemon-ironbark-essential-oil\/#breadcrumb\",\"itemListElement\":[{\"@type\":\"ListItem\",\"position\":1,\"name\":\"Home\",\"item\":\"https:\/\/dutchhealthstore.com\/de\/\"},{\"@type\":\"ListItem\",\"position\":2,\"name\":\"Shop\",\"item\":\"https:\/\/dutchhealthstore.com\/de\/shop-2\/\"},{\"@type\":\"ListItem\",\"position\":3,\"name\":\"Eucalyptus Lemon &#8211; Ironbark Essential Oil\"}]},{\"@type\":\"WebSite\",\"@id\":\"https:\/\/dutchhealthstore.com\/de\/#website\",\"url\":\"https:\/\/dutchhealthstore.com\/de\/\",\"name\":\"Dutch Health Store\",\"description\":\"Enhance Your Beauty with Organic &amp; Natural Skincare\",\"publisher\":{\"@id\":\"https:\/\/dutchhealthstore.com\/de\/#organization\"},\"potentialAction\":[{\"@type\":\"SearchAction\",\"target\":{\"@type\":\"EntryPoint\",\"urlTemplate\":\"https:\/\/dutchhealthstore.com\/de\/?s={search_term_string}\"},\"query-input\":{\"@type\":\"PropertyValueSpecification\",\"valueRequired\":true,\"valueName\":\"search_term_string\"}}],\"inLanguage\":\"de\"},{\"@type\":\"Organization\",\"@id\":\"https:\/\/dutchhealthstore.com\/de\/#organization\",\"name\":\"Dutch Health Store\",\"url\":\"https:\/\/dutchhealthstore.com\/de\/\",\"logo\":{\"@type\":\"ImageObject\",\"inLanguage\":\"de\",\"@id\":\"https:\/\/dutchhealthstore.com\/de\/#\/schema\/logo\/image\/\",\"url\":\"https:\/\/dutchhealthstore.com\/wp-content\/uploads\/2020\/08\/logo-dutchhealthstore-jpg-e1599484957574.jpg\",\"contentUrl\":\"https:\/\/dutchhealthstore.com\/wp-content\/uploads\/2020\/08\/logo-dutchhealthstore-jpg-e1599484957574.jpg\",\"width\":400,\"height\":62,\"caption\":\"Dutch Health Store\"},\"image\":{\"@id\":\"https:\/\/dutchhealthstore.com\/de\/#\/schema\/logo\/image\/\"},\"sameAs\":[\"https:\/\/www.instagram.com\/dutchhealthstore\/\",\"https:\/\/www.facebook.com\/dutchhealthstore\"]}]}<\/script>\n<meta property=\"product:brand\" content=\"Living Libations\" \/>\n<meta property=\"og:availability\" content=\"instock\" \/>\n<meta property=\"product:availability\" content=\"instock\" \/>\n<meta property=\"product:condition\" content=\"new\" \/>\n<!-- \/ Yoast SEO Premium plugin. -->","yoast_head_json":{"title":"Eucalyptus Lemon - Iron Bark Essential Oil | Living Libations","description":"Eucalyptus Lemon Ironbark Essential Oil hebt die Stimmung in einen nach Zitrone duftenden Zustand heiterer Klarheit.","robots":{"index":"index","follow":"follow","max-snippet":"max-snippet:-1","max-image-preview":"max-image-preview:large","max-video-preview":"max-video-preview:-1"},"canonical":"https:\/\/dutchhealthstore.com\/de\/product\/eucalyptus-lemon-ironbark-essential-oil\/","og_locale":"de_DE","og_type":"article","og_title":"Eucalyptus Lemon - Ironbark Essential Oil - Dutch Health Store","og_description":"Eucalyptus Lemon Ironbark Essential Oil hebt die Stimmung in einen nach Zitrone duftenden Zustand heiterer Klarheit.","og_url":"https:\/\/dutchhealthstore.com\/de\/product\/eucalyptus-lemon-ironbark-essential-oil\/","og_site_name":"Dutch Health Store","article_publisher":"https:\/\/www.instagram.com\/dutchhealthstore\/","article_modified_time":"2025-10-26T19:58:20+00:00","og_image":[{"width":500,"height":500,"url":"https:\/\/dutchhealthstore.com\/wp-content\/uploads\/2020\/06\/Living-Libations-Eucalyptus-Lemon-Ironbark-Essential-Oil-e1593075002105.jpg","type":"image\/jpeg"}],"twitter_card":"summary_large_image","twitter_misc":{"Verf\u00fcgbarkeit":"Auf Lager"},"schema":{"@context":"https:\/\/schema.org","@graph":[{"@type":"WebPage","@id":"https:\/\/dutchhealthstore.com\/de\/product\/eucalyptus-lemon-ironbark-essential-oil\/","url":"https:\/\/dutchhealthstore.com\/de\/product\/eucalyptus-lemon-ironbark-essential-oil\/","name":"Eucalyptus Lemon - Iron Bark Essential Oil | Living Libations","isPartOf":{"@id":"https:\/\/dutchhealthstore.com\/de\/#website"},"primaryImageOfPage":{"@id":"https:\/\/dutchhealthstore.com\/de\/product\/eucalyptus-lemon-ironbark-essential-oil\/#primaryimage"},"image":{"@id":"https:\/\/dutchhealthstore.com\/de\/product\/eucalyptus-lemon-ironbark-essential-oil\/#primaryimage"},"thumbnailUrl":"https:\/\/dutchhealthstore.com\/wp-content\/uploads\/2020\/06\/Living-Libations-Eucalyptus-Lemon-Ironbark-Essential-Oil-e1593075002105.jpg","datePublished":"2020-06-25T06:52:49+00:00","dateModified":"2025-10-26T19:58:20+00:00","description":"Eucalyptus Lemon Ironbark Essential Oil hebt die Stimmung in einen nach Zitrone duftenden Zustand heiterer Klarheit.","breadcrumb":{"@id":"https:\/\/dutchhealthstore.com\/de\/product\/eucalyptus-lemon-ironbark-essential-oil\/#breadcrumb"},"inLanguage":"de","potentialAction":[{"@type":"ReadAction","target":["https:\/\/dutchhealthstore.com\/de\/product\/eucalyptus-lemon-ironbark-essential-oil\/"]}]},{"@type":"ImageObject","inLanguage":"de","@id":"https:\/\/dutchhealthstore.com\/de\/product\/eucalyptus-lemon-ironbark-essential-oil\/#primaryimage","url":"https:\/\/dutchhealthstore.com\/wp-content\/uploads\/2020\/06\/Living-Libations-Eucalyptus-Lemon-Ironbark-Essential-Oil-e1593075002105.jpg","contentUrl":"https:\/\/dutchhealthstore.com\/wp-content\/uploads\/2020\/06\/Living-Libations-Eucalyptus-Lemon-Ironbark-Essential-Oil-e1593075002105.jpg","width":500,"height":500,"caption":"Living Libations Eucalyptus Lemon-Ironbark Essential Oil"},{"@type":"BreadcrumbList","@id":"https:\/\/dutchhealthstore.com\/de\/product\/eucalyptus-lemon-ironbark-essential-oil\/#breadcrumb","itemListElement":[{"@type":"ListItem","position":1,"name":"Home","item":"https:\/\/dutchhealthstore.com\/de\/"},{"@type":"ListItem","position":2,"name":"Shop","item":"https:\/\/dutchhealthstore.com\/de\/shop-2\/"},{"@type":"ListItem","position":3,"name":"Eucalyptus Lemon &#8211; Ironbark Essential Oil"}]},{"@type":"WebSite","@id":"https:\/\/dutchhealthstore.com\/de\/#website","url":"https:\/\/dutchhealthstore.com\/de\/","name":"Dutch Health Store","description":"Enhance Your Beauty with Organic &amp; Natural Skincare","publisher":{"@id":"https:\/\/dutchhealthstore.com\/de\/#organization"},"potentialAction":[{"@type":"SearchAction","target":{"@type":"EntryPoint","urlTemplate":"https:\/\/dutchhealthstore.com\/de\/?s={search_term_string}"},"query-input":{"@type":"PropertyValueSpecification","valueRequired":true,"valueName":"search_term_string"}}],"inLanguage":"de"},{"@type":"Organization","@id":"https:\/\/dutchhealthstore.com\/de\/#organization","name":"Dutch Health Store","url":"https:\/\/dutchhealthstore.com\/de\/","logo":{"@type":"ImageObject","inLanguage":"de","@id":"https:\/\/dutchhealthstore.com\/de\/#\/schema\/logo\/image\/","url":"https:\/\/dutchhealthstore.com\/wp-content\/uploads\/2020\/08\/logo-dutchhealthstore-jpg-e1599484957574.jpg","contentUrl":"https:\/\/dutchhealthstore.com\/wp-content\/uploads\/2020\/08\/logo-dutchhealthstore-jpg-e1599484957574.jpg","width":400,"height":62,"caption":"Dutch Health Store"},"image":{"@id":"https:\/\/dutchhealthstore.com\/de\/#\/schema\/logo\/image\/"},"sameAs":["https:\/\/www.instagram.com\/dutchhealthstore\/","https:\/\/www.facebook.com\/dutchhealthstore"]}]},"product_brand":"Living Libations","og_availability":"instock","product_availability":"instock","product_condition":"new"},"_links":{"self":[{"href":"https:\/\/dutchhealthstore.com\/de\/wp-json\/wp\/v2\/product\/118208","targetHints":{"allow":["GET"]}}],"collection":[{"href":"https:\/\/dutchhealthstore.com\/de\/wp-json\/wp\/v2\/product"}],"about":[{"href":"https:\/\/dutchhealthstore.com\/de\/wp-json\/wp\/v2\/types\/product"}],"replies":[{"embeddable":true,"href":"https:\/\/dutchhealthstore.com\/de\/wp-json\/wp\/v2\/comments?post=118208"}],"wp:featuredmedia":[{"embeddable":true,"href":"https:\/\/dutchhealthstore.com\/de\/wp-json\/wp\/v2\/media\/108996"}],"wp:attachment":[{"href":"https:\/\/dutchhealthstore.com\/de\/wp-json\/wp\/v2\/media?parent=118208"}],"wp:term":[{"taxonomy":"product_brand","embeddable":true,"href":"https:\/\/dutchhealthstore.com\/de\/wp-json\/wp\/v2\/product_brand?post=118208"},{"taxonomy":"product_cat","embeddable":true,"href":"https:\/\/dutchhealthstore.com\/de\/wp-json\/wp\/v2\/product_cat?post=118208"},{"taxonomy":"product_tag","embeddable":true,"href":"https:\/\/dutchhealthstore.com\/de\/wp-json\/wp\/v2\/product_tag?post=118208"}],"curies":[{"name":"wp","href":"https:\/\/api.w.org\/{rel}","templated":true}]}}