{"id":118176,"date":"2018-02-10T19:43:34","date_gmt":"2018-02-10T18:43:34","guid":{"rendered":"https:\/\/dutchhealthstore.com\/product\/eucalyptus-essential-oil\/"},"modified":"2025-12-11T09:43:26","modified_gmt":"2025-12-11T08:43:26","slug":"eucalyptus-essential-oil","status":"publish","type":"product","link":"https:\/\/dutchhealthstore.com\/de\/product\/eucalyptus-essential-oil\/","title":{"rendered":"Eucalyptus Essential Oil"},"content":{"rendered":"<p style=\"font-weight: 400;\"><img decoding=\"async\" class=\"alignright size-full wp-image-37041\" src=\"https:\/\/dutchhealthstore.com\/wp-content\/uploads\/2018\/04\/Living_Libations-1.png\" alt=\"Organic &amp; Natural Beautyproducts - Living Libations\" width=\"175\" height=\"82\">Als einer der am schnellsten wachsenden B\u00e4ume der Welt streckt sich der Eukalyptusbaum in den Himmel und erreicht eine H\u00f6he von fast 500 Fu\u00df. Die australischen Aborigines verwendeten Hunderte verschiedener Eukalyptusarten zur Herstellung von Kr\u00e4uterpr\u00e4paraten, als Schattenspender und zur Papierherstellung. Die Bl\u00e4tter des Baumes werden nicht nur von Koala-B\u00e4ren gefressen, sondern wurden bereits im 18. Jahrhundert zu \u00e4therischen \u00d6len destilliert, als deutsche \u00c4rzte ihre k\u00fchlenden Eigenschaften entdeckten.<\/p>\n<p style=\"font-weight: 400;\">Es gibt viele Arten von Eukalyptus, Blue Gum Eucalyptus gilt als ein <i><em>eucapharma <\/em><\/i>Eukalyptus, der sch\u00e4rfer duftet und ein wohlriechender Bestandteil von Gesichtspflege, Brustbalsam, K\u00f6rperwaschmitteln, Lotionen, Shampoos und Seifen ist. Sein Duft ist eine beruhigende Streicheleinheit f\u00fcr strapazierte Haut und segnet die Brust mit einer beruhigenden Essenz.<\/p>\n<p style=\"font-weight: 400;\"><b><strong>Botanischer Name: <\/strong><\/b><i><em>Eukalyptus globulus<br \/>\n<\/em><\/i><b><strong>Botanische Familie: <\/strong><\/b><i><em>Myrtaceae<br \/>\n<\/em><\/i><b><strong>Extraktionsverfahren: <\/strong><\/b>Dampfdestilliert<br \/>\n<b><strong>Teil der Pflanze Destilliert:<\/strong><\/b> Bl\u00e4tter<br \/>\n<b><strong>Herkunftsland:<\/strong><\/b> Australien<br \/>\n<b><strong>Anbaumethode:<\/strong><\/b> Bio<\/p>\n<h3 style=\"font-weight: 400;\"><strong>Beschreibung des Duftes<\/strong><\/h3>\n<p style=\"font-weight: 400;\">Scharfsinnig mit gr\u00fcnem, knackigem Kampfer.<\/p>\n<h3 style=\"font-weight: 400;\"><strong>In Living Libations<\/strong><\/h3>\n<p style=\"font-weight: 400;\">Deep Breathing Diffuser Blend, Illume, Verve Tonic, Illume Breathing Balm<\/p>\n<h3 style=\"font-weight: 400;\"><strong>Gut mischbar mit<\/strong><\/h3>\n<p style=\"font-weight: 400;\">Zitrone, Sandelholz, Rosmarin, Orange, Zypresse, Wacholder, Ravensara, Schwarzfichte, Douglasie, Wei\u00dftanne, Salbei, Blue Mountain Sage, Kapkamille und Grapefruit.<\/p>\n<h3 style=\"font-weight: 400;\"><strong>Verwendet<\/strong><\/h3>\n<p style=\"font-weight: 400;\">Beruhigt und entstaut die Haut. Stimulierender Brustbalsam. Sehr empfehlenswert f\u00fcr die Verwendung mit einem Salzrohr und einem Aroma-Diffusor. Robuste Einreibe\u00f6le f\u00fcr Massage und Trockenb\u00fcrsten. Reinigen in B\u00e4dern. Ausgezeichnet f\u00fcr die Mundpflege.<\/p>\n<h3>Organic Ingredients<\/h3>\n<p>100% reines \u00e4therisches Eukalyptus\u00f6l (Eukalyptus globulus).<\/p>\n<p style=\"font-weight: 400; text-align: center;\"><em>&#8222;Eucalyptus globulus ist die bekannteste Eukalyptusart.<br \/>\nDieses \u00d6l hat einen einzigartigen, frischen Duft, der durch die Anwesenheit von Sesquiterpenen und verschiedenen Aldehyden verst\u00e4rkt wird.&#8220;<\/em><br \/>\n\u223cKurt Schnaubelt, <strong>Advanced Aromatherapy<\/strong><\/p>\n<p style=\"font-weight: 400; text-align: center;\"><em>&#8222;Alte Herzen tanzen im Takt des Eukalyptus.<br \/>\nEukalyptus ist ein Duft des Neuen, der Erneuerung und der Suche nach neuen Horizonten, der sich der Vergangenheit bewusst ist.<\/em><br \/>\n\u223cValerie Ann Worwood, <strong>Aromatherapy for the Soul<\/strong><\/p>\n<p>&nbsp;<\/p>\n<p><img fetchpriority=\"high\" decoding=\"async\" class=\"aligncenter size-full wp-image-31577\" src=\"https:\/\/dutchhealthstore.com\/wp-content\/uploads\/2018\/03\/organic_big.png\" alt=\"Organic and Natural - Living Libations\" width=\"623\" height=\"103\" srcset=\"https:\/\/dutchhealthstore.com\/wp-content\/uploads\/2018\/03\/organic_big.png 623w, https:\/\/dutchhealthstore.com\/wp-content\/uploads\/2018\/03\/organic_big-510x84.png 510w, https:\/\/dutchhealthstore.com\/wp-content\/uploads\/2018\/03\/organic_big-600x99.png 600w, https:\/\/dutchhealthstore.com\/wp-content\/uploads\/2018\/03\/organic_big-350x58.png 350w\" sizes=\"(max-width: 623px) 100vw, 623px\" \/><\/p>\n","protected":false},"excerpt":{"rendered":"<div class=\"short-description std\">\n<p>Ubiquitous <strong>Eucalyptus<\/strong>, Blue Gum, Essential Oil wird aus den Bl\u00e4ttern des <i>Eukalyptus globulus<\/i> in seiner Heimat Australien durch Wasserdampfdestillation gewonnen. Genie\u00dfen Sie die subtile Energie von leuchtendem Kampfer, w\u00e4hrend Sie diesen Fl\u00fcssigkristall der Klarheit einatmen. Unsere Eukalyptus-Essenz wird aus nackten Bl\u00e4ttern und kleinen Zweigen hergestellt und verstr\u00f6mt Frische im ganzen Menschen.<\/p>\n<\/div>\n<div><\/div>\n<div id=\"left_side\">\n<div class=\"block block-list block-review\">\n<div class=\"block-title-review\"><\/div>\n<\/div>\n<\/div>\n","protected":false},"featured_media":113220,"comment_status":"open","ping_status":"closed","template":"","meta":[],"product_brand":[],"product_cat":[6737,1508,1546,1493,1210,511,6736],"product_tag":[1547],"class_list":{"0":"post-118176","1":"product","2":"type-product","3":"status-publish","4":"has-post-thumbnail","6":"product_cat-essential-oils-de-2","7":"product_cat-aetherische-oele-living-libations","8":"product_cat-essential-oils-living-libations-de","9":"product_cat-living-libations-deutschland","10":"product_cat-marken","11":"product_cat-produkte","12":"product_cat-wellness-de","13":"product_tag-essential-oil-de","14":"pa_brand-livinglibations-de","15":"pa_essential-oils-product-type-essential-oils-de","16":"pa_size-15-ml-de-2","17":"pa_size-30-ml-de","18":"pa_size-5-ml-de","20":"first","21":"instock","22":"taxable","23":"shipping-taxable","24":"purchasable","25":"product-type-variable"},"bundled_by":[],"bundle_stock_status":"instock","bundle_stock_quantity":null,"bundle_virtual":false,"bundle_layout":"","bundle_add_to_cart_form_location":"","bundle_editable_in_cart":false,"bundle_sold_individually_context":"","bundle_item_grouping":"","bundle_min_size":"","bundle_max_size":"","bundle_price":[],"bundled_items":[],"bundle_sell_ids":[],"atum_controlled":true,"out_stock_date":null,"out_stock_threshold":null,"inheritable":true,"stock_on_hold":0,"sold_today":0,"sales_last_days":0,"out_stock_days":0,"lost_sales":0,"update_date":"2026-04-16T00:05:12","atum_locations":[],"atum_stock_status":"instock","restock_status":false,"low_stock_amount":"","sales_update_date":"2026-04-16T00:05:12","calc_backorders":null,"group_of_quantity":0,"min_quantity":0,"max_quantity":"","exclude_order_quantity_value_rules":"no","exclude_category_quantity_rules":"no","combine_variations":"no","yoast_head":"<!-- This site is optimized with the Yoast SEO Premium plugin v26.5 (Yoast SEO v26.5) - https:\/\/yoast.com\/wordpress\/plugins\/seo\/ -->\n<title>Eucalyptus Essential Oil | Living Libations<\/title>\n<meta name=\"description\" content=\"Ubiquitous Eucalyptus, Blue Gum, Essential Oil wird aus den Bl\u00e4ttern des Eukalyptus globulus in seiner Heimat Australien durch Wasserdampfdestillation gewonnen.\" \/>\n<meta name=\"robots\" content=\"index, follow, max-snippet:-1, max-image-preview:large, max-video-preview:-1\" \/>\n<link rel=\"canonical\" href=\"https:\/\/dutchhealthstore.com\/de\/product\/eucalyptus-essential-oil\/\" \/>\n<meta property=\"og:locale\" content=\"de_DE\" \/>\n<meta property=\"og:type\" content=\"article\" \/>\n<meta property=\"og:title\" content=\"Eucalyptus Essential Oil - Dutch Health Store\" \/>\n<meta property=\"og:description\" content=\"Ubiquitous Eucalyptus, Blue Gum, Essential Oil wird aus den Bl\u00e4ttern des Eukalyptus globulus in seiner Heimat Australien durch Wasserdampfdestillation gewonnen.\" \/>\n<meta property=\"og:url\" content=\"https:\/\/dutchhealthstore.com\/de\/product\/eucalyptus-essential-oil\/\" \/>\n<meta property=\"og:site_name\" content=\"Dutch Health Store\" \/>\n<meta property=\"article:publisher\" content=\"https:\/\/www.instagram.com\/dutchhealthstore\/\" \/>\n<meta property=\"article:modified_time\" content=\"2025-12-11T08:43:26+00:00\" \/>\n<meta property=\"og:image\" content=\"https:\/\/dutchhealthstore.com\/wp-content\/uploads\/2018\/02\/Living-Libations-Eucalyptus-Essential-Oil-e1594638988297.png\" \/>\n\t<meta property=\"og:image:width\" content=\"500\" \/>\n\t<meta property=\"og:image:height\" content=\"500\" \/>\n\t<meta property=\"og:image:type\" content=\"image\/jpeg\" \/>\n<meta name=\"twitter:card\" content=\"summary_large_image\" \/>\n<meta name=\"twitter:label1\" content=\"Verf\u00fcgbarkeit\" \/>\n\t<meta name=\"twitter:data1\" content=\"Auf Lager\" \/>\n<script type=\"application\/ld+json\" class=\"yoast-schema-graph\">{\"@context\":\"https:\/\/schema.org\",\"@graph\":[{\"@type\":\"WebPage\",\"@id\":\"https:\/\/dutchhealthstore.com\/de\/product\/eucalyptus-essential-oil\/\",\"url\":\"https:\/\/dutchhealthstore.com\/de\/product\/eucalyptus-essential-oil\/\",\"name\":\"Eucalyptus Essential Oil | Living Libations\",\"isPartOf\":{\"@id\":\"https:\/\/dutchhealthstore.com\/de\/#website\"},\"primaryImageOfPage\":{\"@id\":\"https:\/\/dutchhealthstore.com\/de\/product\/eucalyptus-essential-oil\/#primaryimage\"},\"image\":{\"@id\":\"https:\/\/dutchhealthstore.com\/de\/product\/eucalyptus-essential-oil\/#primaryimage\"},\"thumbnailUrl\":\"https:\/\/dutchhealthstore.com\/wp-content\/uploads\/2018\/02\/Living-Libations-Eucalyptus-Essential-Oil-e1594638988297.png\",\"datePublished\":\"2018-02-10T18:43:34+00:00\",\"dateModified\":\"2025-12-11T08:43:26+00:00\",\"description\":\"Ubiquitous Eucalyptus, Blue Gum, Essential Oil wird aus den Bl\u00e4ttern des Eukalyptus globulus in seiner Heimat Australien durch Wasserdampfdestillation gewonnen.\",\"breadcrumb\":{\"@id\":\"https:\/\/dutchhealthstore.com\/de\/product\/eucalyptus-essential-oil\/#breadcrumb\"},\"inLanguage\":\"de\",\"potentialAction\":[{\"@type\":\"ReadAction\",\"target\":[\"https:\/\/dutchhealthstore.com\/de\/product\/eucalyptus-essential-oil\/\"]}]},{\"@type\":\"ImageObject\",\"inLanguage\":\"de\",\"@id\":\"https:\/\/dutchhealthstore.com\/de\/product\/eucalyptus-essential-oil\/#primaryimage\",\"url\":\"https:\/\/dutchhealthstore.com\/wp-content\/uploads\/2018\/02\/Living-Libations-Eucalyptus-Essential-Oil-e1594638988297.png\",\"contentUrl\":\"https:\/\/dutchhealthstore.com\/wp-content\/uploads\/2018\/02\/Living-Libations-Eucalyptus-Essential-Oil-e1594638988297.png\",\"width\":500,\"height\":500,\"caption\":\"Living Libations Eucalyptus Essential Oil\"},{\"@type\":\"BreadcrumbList\",\"@id\":\"https:\/\/dutchhealthstore.com\/de\/product\/eucalyptus-essential-oil\/#breadcrumb\",\"itemListElement\":[{\"@type\":\"ListItem\",\"position\":1,\"name\":\"Home\",\"item\":\"https:\/\/dutchhealthstore.com\/de\/\"},{\"@type\":\"ListItem\",\"position\":2,\"name\":\"Shop\",\"item\":\"https:\/\/dutchhealthstore.com\/de\/shop-2\/\"},{\"@type\":\"ListItem\",\"position\":3,\"name\":\"Eucalyptus Essential Oil\"}]},{\"@type\":\"WebSite\",\"@id\":\"https:\/\/dutchhealthstore.com\/de\/#website\",\"url\":\"https:\/\/dutchhealthstore.com\/de\/\",\"name\":\"Dutch Health Store\",\"description\":\"Enhance Your Beauty with Organic &amp; Natural Skincare\",\"publisher\":{\"@id\":\"https:\/\/dutchhealthstore.com\/de\/#organization\"},\"potentialAction\":[{\"@type\":\"SearchAction\",\"target\":{\"@type\":\"EntryPoint\",\"urlTemplate\":\"https:\/\/dutchhealthstore.com\/de\/?s={search_term_string}\"},\"query-input\":{\"@type\":\"PropertyValueSpecification\",\"valueRequired\":true,\"valueName\":\"search_term_string\"}}],\"inLanguage\":\"de\"},{\"@type\":\"Organization\",\"@id\":\"https:\/\/dutchhealthstore.com\/de\/#organization\",\"name\":\"Dutch Health Store\",\"url\":\"https:\/\/dutchhealthstore.com\/de\/\",\"logo\":{\"@type\":\"ImageObject\",\"inLanguage\":\"de\",\"@id\":\"https:\/\/dutchhealthstore.com\/de\/#\/schema\/logo\/image\/\",\"url\":\"https:\/\/dutchhealthstore.com\/wp-content\/uploads\/2020\/08\/logo-dutchhealthstore-jpg-e1599484957574.jpg\",\"contentUrl\":\"https:\/\/dutchhealthstore.com\/wp-content\/uploads\/2020\/08\/logo-dutchhealthstore-jpg-e1599484957574.jpg\",\"width\":400,\"height\":62,\"caption\":\"Dutch Health Store\"},\"image\":{\"@id\":\"https:\/\/dutchhealthstore.com\/de\/#\/schema\/logo\/image\/\"},\"sameAs\":[\"https:\/\/www.instagram.com\/dutchhealthstore\/\",\"https:\/\/www.facebook.com\/dutchhealthstore\"]}]}<\/script>\n<meta property=\"product:brand\" content=\"Living Libations\" \/>\n<meta property=\"og:availability\" content=\"instock\" \/>\n<meta property=\"product:availability\" content=\"instock\" \/>\n<meta property=\"product:condition\" content=\"new\" \/>\n<!-- \/ Yoast SEO Premium plugin. -->","yoast_head_json":{"title":"Eucalyptus Essential Oil | Living Libations","description":"Ubiquitous Eucalyptus, Blue Gum, Essential Oil wird aus den Bl\u00e4ttern des Eukalyptus globulus in seiner Heimat Australien durch Wasserdampfdestillation gewonnen.","robots":{"index":"index","follow":"follow","max-snippet":"max-snippet:-1","max-image-preview":"max-image-preview:large","max-video-preview":"max-video-preview:-1"},"canonical":"https:\/\/dutchhealthstore.com\/de\/product\/eucalyptus-essential-oil\/","og_locale":"de_DE","og_type":"article","og_title":"Eucalyptus Essential Oil - Dutch Health Store","og_description":"Ubiquitous Eucalyptus, Blue Gum, Essential Oil wird aus den Bl\u00e4ttern des Eukalyptus globulus in seiner Heimat Australien durch Wasserdampfdestillation gewonnen.","og_url":"https:\/\/dutchhealthstore.com\/de\/product\/eucalyptus-essential-oil\/","og_site_name":"Dutch Health Store","article_publisher":"https:\/\/www.instagram.com\/dutchhealthstore\/","article_modified_time":"2025-12-11T08:43:26+00:00","og_image":[{"width":500,"height":500,"url":"https:\/\/dutchhealthstore.com\/wp-content\/uploads\/2018\/02\/Living-Libations-Eucalyptus-Essential-Oil-e1594638988297.png","type":"image\/jpeg"}],"twitter_card":"summary_large_image","twitter_misc":{"Verf\u00fcgbarkeit":"Auf Lager"},"schema":{"@context":"https:\/\/schema.org","@graph":[{"@type":"WebPage","@id":"https:\/\/dutchhealthstore.com\/de\/product\/eucalyptus-essential-oil\/","url":"https:\/\/dutchhealthstore.com\/de\/product\/eucalyptus-essential-oil\/","name":"Eucalyptus Essential Oil | Living Libations","isPartOf":{"@id":"https:\/\/dutchhealthstore.com\/de\/#website"},"primaryImageOfPage":{"@id":"https:\/\/dutchhealthstore.com\/de\/product\/eucalyptus-essential-oil\/#primaryimage"},"image":{"@id":"https:\/\/dutchhealthstore.com\/de\/product\/eucalyptus-essential-oil\/#primaryimage"},"thumbnailUrl":"https:\/\/dutchhealthstore.com\/wp-content\/uploads\/2018\/02\/Living-Libations-Eucalyptus-Essential-Oil-e1594638988297.png","datePublished":"2018-02-10T18:43:34+00:00","dateModified":"2025-12-11T08:43:26+00:00","description":"Ubiquitous Eucalyptus, Blue Gum, Essential Oil wird aus den Bl\u00e4ttern des Eukalyptus globulus in seiner Heimat Australien durch Wasserdampfdestillation gewonnen.","breadcrumb":{"@id":"https:\/\/dutchhealthstore.com\/de\/product\/eucalyptus-essential-oil\/#breadcrumb"},"inLanguage":"de","potentialAction":[{"@type":"ReadAction","target":["https:\/\/dutchhealthstore.com\/de\/product\/eucalyptus-essential-oil\/"]}]},{"@type":"ImageObject","inLanguage":"de","@id":"https:\/\/dutchhealthstore.com\/de\/product\/eucalyptus-essential-oil\/#primaryimage","url":"https:\/\/dutchhealthstore.com\/wp-content\/uploads\/2018\/02\/Living-Libations-Eucalyptus-Essential-Oil-e1594638988297.png","contentUrl":"https:\/\/dutchhealthstore.com\/wp-content\/uploads\/2018\/02\/Living-Libations-Eucalyptus-Essential-Oil-e1594638988297.png","width":500,"height":500,"caption":"Living Libations Eucalyptus Essential Oil"},{"@type":"BreadcrumbList","@id":"https:\/\/dutchhealthstore.com\/de\/product\/eucalyptus-essential-oil\/#breadcrumb","itemListElement":[{"@type":"ListItem","position":1,"name":"Home","item":"https:\/\/dutchhealthstore.com\/de\/"},{"@type":"ListItem","position":2,"name":"Shop","item":"https:\/\/dutchhealthstore.com\/de\/shop-2\/"},{"@type":"ListItem","position":3,"name":"Eucalyptus Essential Oil"}]},{"@type":"WebSite","@id":"https:\/\/dutchhealthstore.com\/de\/#website","url":"https:\/\/dutchhealthstore.com\/de\/","name":"Dutch Health Store","description":"Enhance Your Beauty with Organic &amp; Natural Skincare","publisher":{"@id":"https:\/\/dutchhealthstore.com\/de\/#organization"},"potentialAction":[{"@type":"SearchAction","target":{"@type":"EntryPoint","urlTemplate":"https:\/\/dutchhealthstore.com\/de\/?s={search_term_string}"},"query-input":{"@type":"PropertyValueSpecification","valueRequired":true,"valueName":"search_term_string"}}],"inLanguage":"de"},{"@type":"Organization","@id":"https:\/\/dutchhealthstore.com\/de\/#organization","name":"Dutch Health Store","url":"https:\/\/dutchhealthstore.com\/de\/","logo":{"@type":"ImageObject","inLanguage":"de","@id":"https:\/\/dutchhealthstore.com\/de\/#\/schema\/logo\/image\/","url":"https:\/\/dutchhealthstore.com\/wp-content\/uploads\/2020\/08\/logo-dutchhealthstore-jpg-e1599484957574.jpg","contentUrl":"https:\/\/dutchhealthstore.com\/wp-content\/uploads\/2020\/08\/logo-dutchhealthstore-jpg-e1599484957574.jpg","width":400,"height":62,"caption":"Dutch Health Store"},"image":{"@id":"https:\/\/dutchhealthstore.com\/de\/#\/schema\/logo\/image\/"},"sameAs":["https:\/\/www.instagram.com\/dutchhealthstore\/","https:\/\/www.facebook.com\/dutchhealthstore"]}]},"product_brand":"Living Libations","og_availability":"instock","product_availability":"instock","product_condition":"new"},"_links":{"self":[{"href":"https:\/\/dutchhealthstore.com\/de\/wp-json\/wp\/v2\/product\/118176","targetHints":{"allow":["GET"]}}],"collection":[{"href":"https:\/\/dutchhealthstore.com\/de\/wp-json\/wp\/v2\/product"}],"about":[{"href":"https:\/\/dutchhealthstore.com\/de\/wp-json\/wp\/v2\/types\/product"}],"replies":[{"embeddable":true,"href":"https:\/\/dutchhealthstore.com\/de\/wp-json\/wp\/v2\/comments?post=118176"}],"wp:featuredmedia":[{"embeddable":true,"href":"https:\/\/dutchhealthstore.com\/de\/wp-json\/wp\/v2\/media\/113220"}],"wp:attachment":[{"href":"https:\/\/dutchhealthstore.com\/de\/wp-json\/wp\/v2\/media?parent=118176"}],"wp:term":[{"taxonomy":"product_brand","embeddable":true,"href":"https:\/\/dutchhealthstore.com\/de\/wp-json\/wp\/v2\/product_brand?post=118176"},{"taxonomy":"product_cat","embeddable":true,"href":"https:\/\/dutchhealthstore.com\/de\/wp-json\/wp\/v2\/product_cat?post=118176"},{"taxonomy":"product_tag","embeddable":true,"href":"https:\/\/dutchhealthstore.com\/de\/wp-json\/wp\/v2\/product_tag?post=118176"}],"curies":[{"name":"wp","href":"https:\/\/api.w.org\/{rel}","templated":true}]}}