{"id":118152,"date":"2018-07-31T13:17:22","date_gmt":"2018-07-31T11:17:22","guid":{"rendered":"https:\/\/dutchhealthstore.com\/product\/elderflower-essential-oil\/"},"modified":"2026-03-28T20:22:41","modified_gmt":"2026-03-28T19:22:41","slug":"elderflower-essential-oil","status":"publish","type":"product","link":"https:\/\/dutchhealthstore.com\/de\/product\/elderflower-essential-oil\/","title":{"rendered":"Elderflower Essential Oil"},"content":{"rendered":"<p style=\"font-weight: 400;\"><b><strong><img decoding=\"async\" class=\"alignright wp-image-56011\" src=\"https:\/\/dutchhealthstore.com\/wp-content\/uploads\/2019\/04\/logo.png\" alt=\"Living libations logo\" width=\"200\" height=\"59\">Botanischer Name:<\/strong><\/b><i><em>Sambucus nigra<br \/>\n<\/em><\/i><b><strong>Botanische Familie: <\/strong><\/b><i><em>Adoxacea<br \/>\n<\/em><\/i><b><strong>Extraktionsverfahren: <\/strong><\/b>Ausgew\u00e4hlte superkritische Extraktion<br \/>\n<b><strong>Teil der Pflanze Destilliert:<\/strong><\/b> Bl\u00fcten<br \/>\n<b><strong>Herkunftsland:<\/strong><\/b> Frankreich<br \/>\n<b><strong>Anbaumethode:<\/strong><\/b> Bio<br \/>\n<b><strong>Zusammensetzung: <\/strong><\/b>50% <i><em>Sambucus nigra <\/em><\/i>und 50% biologisch-biodynamischer Alkohol<br \/>\n<b><strong>Konsistenz: <\/strong><\/b>Mittel, gie\u00dfbar<\/p>\n<h3 style=\"font-weight: 400;\"><strong>Beschreibung des Duftes<\/strong><\/h3>\n<p style=\"font-weight: 400;\">Ein Kr\u00e4uterlik\u00f6r mit s\u00e4uerlich-gr\u00fcn-fruchtigen Noten, ges\u00e4ttigt durch die seidige S\u00fc\u00dfe.<\/p>\n<h3 style=\"font-weight: 400;\"><strong>In Living Libations<\/strong><\/h3>\n<p style=\"font-weight: 400;\">Lilac Lady Perfume<\/p>\n<h3 style=\"font-weight: 400;\"><strong>Gut mischbar mit<\/strong><\/h3>\n<p style=\"font-weight: 400;\">Jasmin, Rose, Spikenard, Lindenbl\u00fcten, Tuberose, Neroli, Ylang, Geranie, Vanille, Lavendel, Melisse, Weihrauch, Zitrone, Bergamotte, Grapefruit, Limette und Kamille.<\/p>\n<h3 style=\"font-weight: 400;\"><strong>Verwendet<\/strong><\/h3>\n<p style=\"font-weight: 400;\">Perfekt f\u00fcr blumige Parf\u00fcms, K\u00f6rper\u00f6le und Mischungen.<\/p>\n<p><strong>Gr\u00f6\u00dfe: 5 ml<\/strong><\/p>\n<h3>Bio-Zutaten<\/h3>\n<p>50% Sambucus nigra und 50% biologisch-biodynamischer Alkohol<\/p>\n<p style=\"text-align: center;\"><em>&#8222;Das kleine M\u00e4dchen zeigte ihm das ganze Land D\u00e4nemark, und \u00fcberall, wo sie hinkamen, duftete es nach Holunderbl\u00fcten&#8230;&#8220;<\/em><br \/>\n~ Hans Christen Anderson,<strong> Mother Elderberry<\/strong><\/p>\n<p>&nbsp;<\/p>\n<p><img fetchpriority=\"high\" decoding=\"async\" class=\"aligncenter wp-image-68099\" src=\"https:\/\/dutchhealthstore.com\/wp-content\/uploads\/2018\/02\/Logo-Living-Libations-New-2019.png\" alt=\"Logo Living Libations New 2019\" width=\"800\" height=\"88\" srcset=\"https:\/\/dutchhealthstore.com\/wp-content\/uploads\/2018\/02\/Logo-Living-Libations-New-2019.png 905w, https:\/\/dutchhealthstore.com\/wp-content\/uploads\/2018\/02\/Logo-Living-Libations-New-2019-510x56.png 510w, https:\/\/dutchhealthstore.com\/wp-content\/uploads\/2018\/02\/Logo-Living-Libations-New-2019-800x88.png 800w, https:\/\/dutchhealthstore.com\/wp-content\/uploads\/2018\/02\/Logo-Living-Libations-New-2019-768x85.png 768w\" sizes=\"(max-width: 800px) 100vw, 800px\" \/><\/p>\n","protected":false},"excerpt":{"rendered":"<p>Elegantes <strong>Elderflower Essential Oil<\/strong> segnet die Luft mit einem Herz aus s\u00e4uerlich-gr\u00fcnen Kirschnoten, die von dem seidigen Duft dunkler Schokolade durchtr\u00e4nkt werden. Dieses einzigartige blumige Angebot eignet sich perfekt zur Unterstreichung von Parf\u00fcms mit fruchtig-blumigen Bouquets und bezaubert in K\u00f6lnischwasser, das Waldfoug\u00e8res, Akkorde von frisch gem\u00e4htem Heu und sublime duftende Chypre einf\u00e4ngt.<\/p>\n","protected":false},"featured_media":113225,"comment_status":"open","ping_status":"closed","template":"","meta":[],"product_brand":[],"product_cat":[1508,1546,6737,1493,6736],"product_tag":[1547],"class_list":{"0":"post-118152","1":"product","2":"type-product","3":"status-publish","4":"has-post-thumbnail","6":"product_cat-aetherische-oele-living-libations","7":"product_cat-essential-oils-living-libations-de","8":"product_cat-essential-oils-de-2","9":"product_cat-living-libations-deutschland","10":"product_cat-wellness-de","11":"product_tag-essential-oil-de","12":"pa_brand-livinglibations-de","13":"pa_essential-oils-product-type-essential-oils-de","14":"pa_size-5-ml-de","16":"first","17":"outofstock","18":"taxable","19":"shipping-taxable","20":"purchasable","21":"product-type-simple"},"bundled_by":[],"bundle_stock_status":"outofstock","bundle_stock_quantity":0,"bundle_virtual":false,"bundle_layout":"","bundle_add_to_cart_form_location":"","bundle_editable_in_cart":false,"bundle_sold_individually_context":"","bundle_item_grouping":"","bundle_min_size":"","bundle_max_size":"","bundle_price":[],"bundled_items":[],"bundle_sell_ids":[],"atum_controlled":true,"out_stock_date":"2026-03-28 20:22:41","out_stock_threshold":null,"inheritable":false,"stock_on_hold":0,"sold_today":0,"sales_last_days":0,"out_stock_days":30,"lost_sales":128,"update_date":"2026-04-28T00:14:21","atum_locations":[],"atum_stock_status":"outofstock","restock_status":false,"low_stock_amount":"","sales_update_date":"2026-04-28T00:14:21","calc_backorders":null,"group_of_quantity":0,"min_quantity":0,"max_quantity":"","exclude_order_quantity_value_rules":"no","exclude_category_quantity_rules":"no","combine_variations":"no","yoast_head":"<!-- This site is optimized with the Yoast SEO Premium plugin v26.5 (Yoast SEO v26.5) - https:\/\/yoast.com\/wordpress\/plugins\/seo\/ -->\n<title>Elderflower Essential Oil | Living Libations<\/title>\n<meta name=\"description\" content=\"Elegantes Elderflower Essential Oil segnet die Luft mit einem Herz aus s\u00e4uerlich-gr\u00fcnen Kirschnoten, die von dem seidigen Duft dunkler Schokolade durchtr\u00e4nkt werden.\" \/>\n<meta name=\"robots\" content=\"index, follow, max-snippet:-1, max-image-preview:large, max-video-preview:-1\" \/>\n<link rel=\"canonical\" href=\"https:\/\/dutchhealthstore.com\/de\/product\/elderflower-essential-oil\/\" \/>\n<meta property=\"og:locale\" content=\"de_DE\" \/>\n<meta property=\"og:type\" content=\"article\" \/>\n<meta property=\"og:title\" content=\"Elderflower Essential Oil - Dutch Health Store\" \/>\n<meta property=\"og:description\" content=\"Elegantes Elderflower Essential Oil segnet die Luft mit einem Herz aus s\u00e4uerlich-gr\u00fcnen Kirschnoten, die von dem seidigen Duft dunkler Schokolade durchtr\u00e4nkt werden.\" \/>\n<meta property=\"og:url\" content=\"https:\/\/dutchhealthstore.com\/de\/product\/elderflower-essential-oil\/\" \/>\n<meta property=\"og:site_name\" content=\"Dutch Health Store\" \/>\n<meta property=\"article:publisher\" content=\"https:\/\/www.instagram.com\/dutchhealthstore\/\" \/>\n<meta property=\"article:modified_time\" content=\"2026-03-28T19:22:41+00:00\" \/>\n<meta property=\"og:image\" content=\"https:\/\/dutchhealthstore.com\/wp-content\/uploads\/2018\/07\/Living-Libations-Elderflower-Essential-Oil-e1594639212118.png\" \/>\n\t<meta property=\"og:image:width\" content=\"500\" \/>\n\t<meta property=\"og:image:height\" content=\"498\" \/>\n\t<meta property=\"og:image:type\" content=\"image\/jpeg\" \/>\n<meta name=\"twitter:card\" content=\"summary_large_image\" \/>\n<meta name=\"twitter:label1\" content=\"Preis\" \/>\n\t<meta name=\"twitter:data1\" content=\"&euro;30,00\" \/>\n\t<meta name=\"twitter:label2\" content=\"Verf\u00fcgbarkeit\" \/>\n\t<meta name=\"twitter:data2\" content=\"ausverkauft\" \/>\n<script type=\"application\/ld+json\" class=\"yoast-schema-graph\">{\"@context\":\"https:\/\/schema.org\",\"@graph\":[{\"@type\":\"WebPage\",\"@id\":\"https:\/\/dutchhealthstore.com\/de\/product\/elderflower-essential-oil\/\",\"url\":\"https:\/\/dutchhealthstore.com\/de\/product\/elderflower-essential-oil\/\",\"name\":\"Elderflower Essential Oil | Living Libations\",\"isPartOf\":{\"@id\":\"https:\/\/dutchhealthstore.com\/de\/#website\"},\"primaryImageOfPage\":{\"@id\":\"https:\/\/dutchhealthstore.com\/de\/product\/elderflower-essential-oil\/#primaryimage\"},\"image\":{\"@id\":\"https:\/\/dutchhealthstore.com\/de\/product\/elderflower-essential-oil\/#primaryimage\"},\"thumbnailUrl\":\"https:\/\/dutchhealthstore.com\/wp-content\/uploads\/2018\/07\/Living-Libations-Elderflower-Essential-Oil-e1594639212118.png\",\"datePublished\":\"2018-07-31T11:17:22+00:00\",\"dateModified\":\"2026-03-28T19:22:41+00:00\",\"description\":\"Elegantes Elderflower Essential Oil segnet die Luft mit einem Herz aus s\u00e4uerlich-gr\u00fcnen Kirschnoten, die von dem seidigen Duft dunkler Schokolade durchtr\u00e4nkt werden.\",\"breadcrumb\":{\"@id\":\"https:\/\/dutchhealthstore.com\/de\/product\/elderflower-essential-oil\/#breadcrumb\"},\"inLanguage\":\"de\",\"potentialAction\":[{\"@type\":\"ReadAction\",\"target\":[\"https:\/\/dutchhealthstore.com\/de\/product\/elderflower-essential-oil\/\"]}]},{\"@type\":\"ImageObject\",\"inLanguage\":\"de\",\"@id\":\"https:\/\/dutchhealthstore.com\/de\/product\/elderflower-essential-oil\/#primaryimage\",\"url\":\"https:\/\/dutchhealthstore.com\/wp-content\/uploads\/2018\/07\/Living-Libations-Elderflower-Essential-Oil-e1594639212118.png\",\"contentUrl\":\"https:\/\/dutchhealthstore.com\/wp-content\/uploads\/2018\/07\/Living-Libations-Elderflower-Essential-Oil-e1594639212118.png\",\"width\":500,\"height\":498,\"caption\":\"Living Libations Elderflower Essential Oil\"},{\"@type\":\"BreadcrumbList\",\"@id\":\"https:\/\/dutchhealthstore.com\/de\/product\/elderflower-essential-oil\/#breadcrumb\",\"itemListElement\":[{\"@type\":\"ListItem\",\"position\":1,\"name\":\"Home\",\"item\":\"https:\/\/dutchhealthstore.com\/de\/\"},{\"@type\":\"ListItem\",\"position\":2,\"name\":\"Shop\",\"item\":\"https:\/\/dutchhealthstore.com\/de\/shop-2\/\"},{\"@type\":\"ListItem\",\"position\":3,\"name\":\"Elderflower Essential Oil\"}]},{\"@type\":\"WebSite\",\"@id\":\"https:\/\/dutchhealthstore.com\/de\/#website\",\"url\":\"https:\/\/dutchhealthstore.com\/de\/\",\"name\":\"Dutch Health Store\",\"description\":\"Enhance Your Beauty with Organic &amp; Natural Skincare\",\"publisher\":{\"@id\":\"https:\/\/dutchhealthstore.com\/de\/#organization\"},\"potentialAction\":[{\"@type\":\"SearchAction\",\"target\":{\"@type\":\"EntryPoint\",\"urlTemplate\":\"https:\/\/dutchhealthstore.com\/de\/?s={search_term_string}\"},\"query-input\":{\"@type\":\"PropertyValueSpecification\",\"valueRequired\":true,\"valueName\":\"search_term_string\"}}],\"inLanguage\":\"de\"},{\"@type\":\"Organization\",\"@id\":\"https:\/\/dutchhealthstore.com\/de\/#organization\",\"name\":\"Dutch Health Store\",\"url\":\"https:\/\/dutchhealthstore.com\/de\/\",\"logo\":{\"@type\":\"ImageObject\",\"inLanguage\":\"de\",\"@id\":\"https:\/\/dutchhealthstore.com\/de\/#\/schema\/logo\/image\/\",\"url\":\"https:\/\/dutchhealthstore.com\/wp-content\/uploads\/2020\/08\/logo-dutchhealthstore-jpg-e1599484957574.jpg\",\"contentUrl\":\"https:\/\/dutchhealthstore.com\/wp-content\/uploads\/2020\/08\/logo-dutchhealthstore-jpg-e1599484957574.jpg\",\"width\":400,\"height\":62,\"caption\":\"Dutch Health Store\"},\"image\":{\"@id\":\"https:\/\/dutchhealthstore.com\/de\/#\/schema\/logo\/image\/\"},\"sameAs\":[\"https:\/\/www.instagram.com\/dutchhealthstore\/\",\"https:\/\/www.facebook.com\/dutchhealthstore\"]}]}<\/script>\n<meta property=\"product:brand\" content=\"Living Libations\" \/>\n<meta property=\"product:price:amount\" content=\"30.00\" \/>\n<meta property=\"product:price:currency\" content=\"EUR\" \/>\n<meta property=\"og:availability\" content=\"out of stock\" \/>\n<meta property=\"product:availability\" content=\"out of stock\" \/>\n<meta property=\"product:condition\" content=\"new\" \/>\n<!-- \/ Yoast SEO Premium plugin. -->","yoast_head_json":{"title":"Elderflower Essential Oil | Living Libations","description":"Elegantes Elderflower Essential Oil segnet die Luft mit einem Herz aus s\u00e4uerlich-gr\u00fcnen Kirschnoten, die von dem seidigen Duft dunkler Schokolade durchtr\u00e4nkt werden.","robots":{"index":"index","follow":"follow","max-snippet":"max-snippet:-1","max-image-preview":"max-image-preview:large","max-video-preview":"max-video-preview:-1"},"canonical":"https:\/\/dutchhealthstore.com\/de\/product\/elderflower-essential-oil\/","og_locale":"de_DE","og_type":"article","og_title":"Elderflower Essential Oil - Dutch Health Store","og_description":"Elegantes Elderflower Essential Oil segnet die Luft mit einem Herz aus s\u00e4uerlich-gr\u00fcnen Kirschnoten, die von dem seidigen Duft dunkler Schokolade durchtr\u00e4nkt werden.","og_url":"https:\/\/dutchhealthstore.com\/de\/product\/elderflower-essential-oil\/","og_site_name":"Dutch Health Store","article_publisher":"https:\/\/www.instagram.com\/dutchhealthstore\/","article_modified_time":"2026-03-28T19:22:41+00:00","og_image":[{"width":500,"height":498,"url":"https:\/\/dutchhealthstore.com\/wp-content\/uploads\/2018\/07\/Living-Libations-Elderflower-Essential-Oil-e1594639212118.png","type":"image\/jpeg"}],"twitter_card":"summary_large_image","twitter_misc":{"Preis":"&euro;30,00","Verf\u00fcgbarkeit":"ausverkauft"},"schema":{"@context":"https:\/\/schema.org","@graph":[{"@type":"WebPage","@id":"https:\/\/dutchhealthstore.com\/de\/product\/elderflower-essential-oil\/","url":"https:\/\/dutchhealthstore.com\/de\/product\/elderflower-essential-oil\/","name":"Elderflower Essential Oil | Living Libations","isPartOf":{"@id":"https:\/\/dutchhealthstore.com\/de\/#website"},"primaryImageOfPage":{"@id":"https:\/\/dutchhealthstore.com\/de\/product\/elderflower-essential-oil\/#primaryimage"},"image":{"@id":"https:\/\/dutchhealthstore.com\/de\/product\/elderflower-essential-oil\/#primaryimage"},"thumbnailUrl":"https:\/\/dutchhealthstore.com\/wp-content\/uploads\/2018\/07\/Living-Libations-Elderflower-Essential-Oil-e1594639212118.png","datePublished":"2018-07-31T11:17:22+00:00","dateModified":"2026-03-28T19:22:41+00:00","description":"Elegantes Elderflower Essential Oil segnet die Luft mit einem Herz aus s\u00e4uerlich-gr\u00fcnen Kirschnoten, die von dem seidigen Duft dunkler Schokolade durchtr\u00e4nkt werden.","breadcrumb":{"@id":"https:\/\/dutchhealthstore.com\/de\/product\/elderflower-essential-oil\/#breadcrumb"},"inLanguage":"de","potentialAction":[{"@type":"ReadAction","target":["https:\/\/dutchhealthstore.com\/de\/product\/elderflower-essential-oil\/"]}]},{"@type":"ImageObject","inLanguage":"de","@id":"https:\/\/dutchhealthstore.com\/de\/product\/elderflower-essential-oil\/#primaryimage","url":"https:\/\/dutchhealthstore.com\/wp-content\/uploads\/2018\/07\/Living-Libations-Elderflower-Essential-Oil-e1594639212118.png","contentUrl":"https:\/\/dutchhealthstore.com\/wp-content\/uploads\/2018\/07\/Living-Libations-Elderflower-Essential-Oil-e1594639212118.png","width":500,"height":498,"caption":"Living Libations Elderflower Essential Oil"},{"@type":"BreadcrumbList","@id":"https:\/\/dutchhealthstore.com\/de\/product\/elderflower-essential-oil\/#breadcrumb","itemListElement":[{"@type":"ListItem","position":1,"name":"Home","item":"https:\/\/dutchhealthstore.com\/de\/"},{"@type":"ListItem","position":2,"name":"Shop","item":"https:\/\/dutchhealthstore.com\/de\/shop-2\/"},{"@type":"ListItem","position":3,"name":"Elderflower Essential Oil"}]},{"@type":"WebSite","@id":"https:\/\/dutchhealthstore.com\/de\/#website","url":"https:\/\/dutchhealthstore.com\/de\/","name":"Dutch Health Store","description":"Enhance Your Beauty with Organic &amp; Natural Skincare","publisher":{"@id":"https:\/\/dutchhealthstore.com\/de\/#organization"},"potentialAction":[{"@type":"SearchAction","target":{"@type":"EntryPoint","urlTemplate":"https:\/\/dutchhealthstore.com\/de\/?s={search_term_string}"},"query-input":{"@type":"PropertyValueSpecification","valueRequired":true,"valueName":"search_term_string"}}],"inLanguage":"de"},{"@type":"Organization","@id":"https:\/\/dutchhealthstore.com\/de\/#organization","name":"Dutch Health Store","url":"https:\/\/dutchhealthstore.com\/de\/","logo":{"@type":"ImageObject","inLanguage":"de","@id":"https:\/\/dutchhealthstore.com\/de\/#\/schema\/logo\/image\/","url":"https:\/\/dutchhealthstore.com\/wp-content\/uploads\/2020\/08\/logo-dutchhealthstore-jpg-e1599484957574.jpg","contentUrl":"https:\/\/dutchhealthstore.com\/wp-content\/uploads\/2020\/08\/logo-dutchhealthstore-jpg-e1599484957574.jpg","width":400,"height":62,"caption":"Dutch Health Store"},"image":{"@id":"https:\/\/dutchhealthstore.com\/de\/#\/schema\/logo\/image\/"},"sameAs":["https:\/\/www.instagram.com\/dutchhealthstore\/","https:\/\/www.facebook.com\/dutchhealthstore"]}]},"product_brand":"Living Libations","product_price_amount":"30.00","product_price_currency":"EUR","og_availability":"out of stock","product_availability":"out of stock","product_condition":"new"},"_links":{"self":[{"href":"https:\/\/dutchhealthstore.com\/de\/wp-json\/wp\/v2\/product\/118152","targetHints":{"allow":["GET"]}}],"collection":[{"href":"https:\/\/dutchhealthstore.com\/de\/wp-json\/wp\/v2\/product"}],"about":[{"href":"https:\/\/dutchhealthstore.com\/de\/wp-json\/wp\/v2\/types\/product"}],"replies":[{"embeddable":true,"href":"https:\/\/dutchhealthstore.com\/de\/wp-json\/wp\/v2\/comments?post=118152"}],"wp:featuredmedia":[{"embeddable":true,"href":"https:\/\/dutchhealthstore.com\/de\/wp-json\/wp\/v2\/media\/113225"}],"wp:attachment":[{"href":"https:\/\/dutchhealthstore.com\/de\/wp-json\/wp\/v2\/media?parent=118152"}],"wp:term":[{"taxonomy":"product_brand","embeddable":true,"href":"https:\/\/dutchhealthstore.com\/de\/wp-json\/wp\/v2\/product_brand?post=118152"},{"taxonomy":"product_cat","embeddable":true,"href":"https:\/\/dutchhealthstore.com\/de\/wp-json\/wp\/v2\/product_cat?post=118152"},{"taxonomy":"product_tag","embeddable":true,"href":"https:\/\/dutchhealthstore.com\/de\/wp-json\/wp\/v2\/product_tag?post=118152"}],"curies":[{"name":"wp","href":"https:\/\/api.w.org\/{rel}","templated":true}]}}