{"id":117998,"date":"2018-12-07T06:57:14","date_gmt":"2018-12-07T05:57:14","guid":{"rendered":"https:\/\/dutchhealthstore.com\/product\/cypress-hinoki-essential-oil\/"},"modified":"2025-08-12T09:59:28","modified_gmt":"2025-08-12T07:59:28","slug":"cypress-hinoki-essential-oil","status":"publish","type":"product","link":"https:\/\/dutchhealthstore.com\/de\/product\/cypress-hinoki-essential-oil\/","title":{"rendered":"Cypress, Hinoki Essential Oil"},"content":{"rendered":"<p><strong><img decoding=\"async\" class=\"size-full wp-image-37041 alignright\" src=\"https:\/\/dutchhealthstore.com\/wp-content\/uploads\/2018\/04\/Living_Libations-1.png\" alt=\"Organic &amp; Natural Beautyproducts - Living Libations\" width=\"175\" height=\"82\"><\/strong><\/p>\n<p><strong>Botanischer Name:<\/strong> Chamaecyparis obtusa<br \/>\n<strong>Botanische Familie:<\/strong> Cupressaceae<br \/>\n<strong>Extraktionsverfahren:<\/strong> Dampfdestilliert<br \/>\n<strong>Teil der Pflanze:<\/strong> Kernholz<br \/>\n<strong>Herkunftsland:<\/strong> Japan<br \/>\n<strong>Anbaumethode:<\/strong> Nachhaltiges Wachstum<br \/>\n<strong>Zusammensetzung:<\/strong> 100% Chamaecyparis obtusa<br \/>\n<strong>Konsistenz:<\/strong> D\u00fcnne Viskosit\u00e4t<\/p>\n<h3>Beschreibung des Duftes<\/h3>\n<p>Rauchig und moschusartig. Verkohltes immergr\u00fcnes Holz und bernsteinartige Noten.<\/p>\n<h3>Gut mischbar mit<\/h3>\n<p>Vetiver, Zedernholz, Adlerholz, Grapefruit, Zitrone, Magnolie, Myrte, Blutorange, Geranie, Myrrhe, Zitronenmyrte, Lavendel, Schwarzfichte, Wei\u00dftanne, Wei\u00dftanne, Douglasie, Weihrauch, Ylang, Rose, Neroli, Thymian, Rosmarin, Mandarine und Bergamotte.<\/p>\n<h3>Verwendet<\/h3>\n<p>Bringen Sie den Wald durch Diffusion nach innen. Reinigen Sie das ganze Haus mit diesem reinigenden Immergr\u00fcn. H\u00e4lt gefl\u00fcgelte Eindringlinge ab. Verw\u00f6hnen Sie Ihre Muskeln mit Massageanwendungen und beleben Sie Ihr Gehirn mit tiefen Inhalationen. Nesth\u00e4kchen Nerven. Ausgezeichnetes Tonikum f\u00fcr Haar und Kopfhaut. Belebt den Geist mit der Kraft der alten B\u00e4ume. Eine phytonzide Superkraft in der Salzleitung.<\/p>\n<p>Genie\u00dfen Sie das Gef\u00fchl der Reinigung, das er beim Baden und Verteilen vermittelt. Atmen Sie diese Duftspur ein und lassen Sie sich in eine japanische Thermalquelle inmitten von Zypressenw\u00e4ldern entf\u00fchren. Hinoki Cypress Essential Oil ist ein K\u00f6lnisch Wasser aus Nadelb\u00e4umen, das bewusst reinigend und in aller Stille heiligend wirkt. Freundlich und st\u00e4rkend zu verwenden durch Salbung von Tropfen in Diffusoren, B\u00e4dern, Mischungen und Massagen, w\u00e4hrend Sie es einatmen und diesem Tonikum erlauben, den Tempel Ihres K\u00f6rpers zu temperieren.<\/p>\n<p>Das helle, rosa-braune Holz dieser Konifere duftet herrlich nach Zitrone und ist f\u00e4ulnis- und insektenfest. In Japan wird das widerstandsf\u00e4hige Holz f\u00fcr den Bau von Tempeln, Schreinen, traditionellen Noh-Theatern, rituellen B\u00e4dern und Tischtennisschl\u00e4gern verwendet.<\/p>\n<p>Die Hinoki-Zypresse ist eine der wichtigsten Baumarten, die in wissenschaftlichen Arbeiten \u00fcber das japanische Waldbaden (shinrin-yoku) untersucht werden. Durch den Aufenthalt in tiefen, immergr\u00fcnen W\u00e4ldern macht sich das Waldbaden die aromatischen Molek\u00fcle der B\u00e4ume zunutze, um unsere Gesundheit zu harmonisieren. Die Duftmolek\u00fcle der B\u00e4ume, die so genannten Phytonzide, sind fl\u00fcchtige organische Verbindungen, die unseren Geist und unsere Seele erfrischen, entspannen und verlangsamen, damit wir zur Ruhe kommen und uns konzentrieren k\u00f6nnen.<\/p>\n<p>Waldbad zu Hause durch Diffusion von Hinoki Cypress Essential Oill in die Luft \u00fcber einen Diffusor, ein Salzrohr und Dampfb\u00e4der.<\/p>\n<p><strong>Gr\u00f6\u00dfe: 5 ml<\/strong><\/p>\n<h3>Bio-Zutaten<\/h3>\n<p>100% \u00e4therisches \u00d6l der Hinoki-Zypresse (Chamaecyparis obtusa).<\/p>\n<p style=\"text-align: center;\"><em>Die Dichter w\u00fcrden das f\u00fcr Unsinn halten. Es ist nicht nur der Duft einer Zypresse, der Klang der V\u00f6gel oder die Farbe Gr\u00fcn, die in unserem Gehirn den Weg zur Gesundheit freimachen. Wir sind Wesen mit allen Sinnen, oder zumindest waren wir einmal so gebaut. Ist es nicht m\u00f6glich, dass der wahre Zauber erst dann entsteht, wenn man alle T\u00fcren \u00f6ffnet &#8211; im w\u00f6rtlichen und im \u00fcbertragenen Sinne?&#8220;<\/em><br \/>\n~ Florence Williams, <strong>The Nature Fix: Why Nature Makes Us Happier, Healthier, and More Creative<\/strong><\/p>\n<p>&nbsp;<\/p>\n<p><img fetchpriority=\"high\" decoding=\"async\" class=\"aligncenter size-full wp-image-31577\" src=\"https:\/\/dutchhealthstore.com\/wp-content\/uploads\/2018\/03\/organic_big.png\" alt=\"Organic and Natural - Living Libations\" width=\"623\" height=\"103\" srcset=\"https:\/\/dutchhealthstore.com\/wp-content\/uploads\/2018\/03\/organic_big.png 623w, https:\/\/dutchhealthstore.com\/wp-content\/uploads\/2018\/03\/organic_big-510x84.png 510w, https:\/\/dutchhealthstore.com\/wp-content\/uploads\/2018\/03\/organic_big-600x99.png 600w, https:\/\/dutchhealthstore.com\/wp-content\/uploads\/2018\/03\/organic_big-350x58.png 350w\" sizes=\"(max-width: 623px) 100vw, 623px\" \/><\/p>\n","protected":false},"excerpt":{"rendered":"<p>Das temperamentvolle <strong>Hinoki Cypress Essential Oil<\/strong> wird aus der verehrten japanischen Zypresse destilliert. Diese heilige Zypresse ist einer der f\u00fcnf heiligen B\u00e4ume von Kiso. Der Wald badet in Hinokis Baum-Aroma, das einen eleganten, holzigen Duft mit krautiger Harmonie und melodi\u00f6sen, zitronigen Mittelnoten verstr\u00f6mt, die Herz und Herd erw\u00e4rmen.<br \/>\nSie erfrischt die Seele, denn ihre Resonanz reinigt Geist und Gef\u00fchle. Genie\u00dfen Sie das Gef\u00fchl der Reinigung, das er beim Baden und Verteilen vermittelt. Atmen Sie diese Duftspur ein und lassen Sie sich in eine japanische Thermalquelle inmitten von Zypressenw\u00e4ldern entf\u00fchren.<\/p>\n","protected":false},"featured_media":48274,"comment_status":"open","ping_status":"closed","template":"","meta":[],"product_brand":[],"product_cat":[1508,1546,6737,1493,1210,511,6736],"product_tag":[1547],"class_list":{"0":"post-117998","1":"product","2":"type-product","3":"status-publish","4":"has-post-thumbnail","6":"product_cat-aetherische-oele-living-libations","7":"product_cat-essential-oils-living-libations-de","8":"product_cat-essential-oils-de-2","9":"product_cat-living-libations-deutschland","10":"product_cat-marken","11":"product_cat-produkte","12":"product_cat-wellness-de","13":"product_tag-essential-oil-de","14":"pa_brand-livinglibations-de","15":"pa_essential-oils-product-type-essential-oils-de","16":"pa_size-5-ml-de","18":"first","19":"instock","20":"taxable","21":"shipping-taxable","22":"purchasable","23":"product-type-simple"},"bundled_by":[],"bundle_stock_status":"instock","bundle_stock_quantity":1,"bundle_virtual":false,"bundle_layout":"","bundle_add_to_cart_form_location":"","bundle_editable_in_cart":false,"bundle_sold_individually_context":"","bundle_item_grouping":"","bundle_min_size":"","bundle_max_size":"","bundle_price":[],"bundled_items":[],"bundle_sell_ids":[],"atum_controlled":true,"out_stock_date":null,"out_stock_threshold":null,"inheritable":false,"stock_on_hold":0,"sold_today":0,"sales_last_days":0,"out_stock_days":0,"lost_sales":0,"update_date":"2026-04-17T11:16:36","atum_locations":[],"atum_stock_status":"instock","restock_status":false,"low_stock_amount":0,"sales_update_date":"2026-04-17T11:16:36","calc_backorders":null,"group_of_quantity":0,"min_quantity":0,"max_quantity":"","exclude_order_quantity_value_rules":"no","exclude_category_quantity_rules":"no","combine_variations":"no","yoast_head":"<!-- This site is optimized with the Yoast SEO Premium plugin v26.5 (Yoast SEO v26.5) - https:\/\/yoast.com\/wordpress\/plugins\/seo\/ -->\n<title>Cypress Hinoki Essential Oil | Living Libations<\/title>\n<meta name=\"description\" content=\"Das temperamentvolle Hinoki Cypress Essential Oil wird aus der verehrten japanischen Zypresse destilliert. Diese Zypresse ist einer der f\u00fcnf heiligen B\u00e4ume von Kiso.\" \/>\n<meta name=\"robots\" content=\"index, follow, max-snippet:-1, max-image-preview:large, max-video-preview:-1\" \/>\n<link rel=\"canonical\" href=\"https:\/\/dutchhealthstore.com\/de\/product\/cypress-hinoki-essential-oil\/\" \/>\n<meta property=\"og:locale\" content=\"de_DE\" \/>\n<meta property=\"og:type\" content=\"article\" \/>\n<meta property=\"og:title\" content=\"Cypress, Hinoki Essential Oil - Dutch Health Store\" \/>\n<meta property=\"og:description\" content=\"Das temperamentvolle Hinoki Cypress Essential Oil wird aus der verehrten japanischen Zypresse destilliert. Diese Zypresse ist einer der f\u00fcnf heiligen B\u00e4ume von Kiso.\" \/>\n<meta property=\"og:url\" content=\"https:\/\/dutchhealthstore.com\/de\/product\/cypress-hinoki-essential-oil\/\" \/>\n<meta property=\"og:site_name\" content=\"Dutch Health Store\" \/>\n<meta property=\"article:publisher\" content=\"https:\/\/www.instagram.com\/dutchhealthstore\/\" \/>\n<meta property=\"article:modified_time\" content=\"2025-08-12T07:59:28+00:00\" \/>\n<meta property=\"og:image\" content=\"https:\/\/dutchhealthstore.com\/wp-content\/uploads\/2018\/12\/Living-Libations-Cypress-Hinoki-Essential-Oil.jpg\" \/>\n\t<meta property=\"og:image:width\" content=\"1200\" \/>\n\t<meta property=\"og:image:height\" content=\"1200\" \/>\n\t<meta property=\"og:image:type\" content=\"image\/jpeg\" \/>\n<meta name=\"twitter:card\" content=\"summary_large_image\" \/>\n<meta name=\"twitter:label1\" content=\"Preis\" \/>\n\t<meta name=\"twitter:data1\" content=\"&euro;20,00\" \/>\n\t<meta name=\"twitter:label2\" content=\"Verf\u00fcgbarkeit\" \/>\n\t<meta name=\"twitter:data2\" content=\"Auf Lager\" \/>\n<script type=\"application\/ld+json\" class=\"yoast-schema-graph\">{\"@context\":\"https:\/\/schema.org\",\"@graph\":[{\"@type\":\"WebPage\",\"@id\":\"https:\/\/dutchhealthstore.com\/de\/product\/cypress-hinoki-essential-oil\/\",\"url\":\"https:\/\/dutchhealthstore.com\/de\/product\/cypress-hinoki-essential-oil\/\",\"name\":\"Cypress Hinoki Essential Oil | Living Libations\",\"isPartOf\":{\"@id\":\"https:\/\/dutchhealthstore.com\/de\/#website\"},\"primaryImageOfPage\":{\"@id\":\"https:\/\/dutchhealthstore.com\/de\/product\/cypress-hinoki-essential-oil\/#primaryimage\"},\"image\":{\"@id\":\"https:\/\/dutchhealthstore.com\/de\/product\/cypress-hinoki-essential-oil\/#primaryimage\"},\"thumbnailUrl\":\"https:\/\/dutchhealthstore.com\/wp-content\/uploads\/2018\/12\/Living-Libations-Cypress-Hinoki-Essential-Oil.jpg\",\"datePublished\":\"2018-12-07T05:57:14+00:00\",\"dateModified\":\"2025-08-12T07:59:28+00:00\",\"description\":\"Das temperamentvolle Hinoki Cypress Essential Oil wird aus der verehrten japanischen Zypresse destilliert. Diese Zypresse ist einer der f\u00fcnf heiligen B\u00e4ume von Kiso.\",\"breadcrumb\":{\"@id\":\"https:\/\/dutchhealthstore.com\/de\/product\/cypress-hinoki-essential-oil\/#breadcrumb\"},\"inLanguage\":\"de\",\"potentialAction\":[{\"@type\":\"ReadAction\",\"target\":[\"https:\/\/dutchhealthstore.com\/de\/product\/cypress-hinoki-essential-oil\/\"]}]},{\"@type\":\"ImageObject\",\"inLanguage\":\"de\",\"@id\":\"https:\/\/dutchhealthstore.com\/de\/product\/cypress-hinoki-essential-oil\/#primaryimage\",\"url\":\"https:\/\/dutchhealthstore.com\/wp-content\/uploads\/2018\/12\/Living-Libations-Cypress-Hinoki-Essential-Oil.jpg\",\"contentUrl\":\"https:\/\/dutchhealthstore.com\/wp-content\/uploads\/2018\/12\/Living-Libations-Cypress-Hinoki-Essential-Oil.jpg\",\"width\":1200,\"height\":1200,\"caption\":\"Living Libations - Cypress Hinoki Essential Oil\"},{\"@type\":\"BreadcrumbList\",\"@id\":\"https:\/\/dutchhealthstore.com\/de\/product\/cypress-hinoki-essential-oil\/#breadcrumb\",\"itemListElement\":[{\"@type\":\"ListItem\",\"position\":1,\"name\":\"Home\",\"item\":\"https:\/\/dutchhealthstore.com\/de\/\"},{\"@type\":\"ListItem\",\"position\":2,\"name\":\"Shop\",\"item\":\"https:\/\/dutchhealthstore.com\/de\/shop-2\/\"},{\"@type\":\"ListItem\",\"position\":3,\"name\":\"Cypress, Hinoki Essential Oil\"}]},{\"@type\":\"WebSite\",\"@id\":\"https:\/\/dutchhealthstore.com\/de\/#website\",\"url\":\"https:\/\/dutchhealthstore.com\/de\/\",\"name\":\"Dutch Health Store\",\"description\":\"Enhance Your Beauty with Organic &amp; Natural Skincare\",\"publisher\":{\"@id\":\"https:\/\/dutchhealthstore.com\/de\/#organization\"},\"potentialAction\":[{\"@type\":\"SearchAction\",\"target\":{\"@type\":\"EntryPoint\",\"urlTemplate\":\"https:\/\/dutchhealthstore.com\/de\/?s={search_term_string}\"},\"query-input\":{\"@type\":\"PropertyValueSpecification\",\"valueRequired\":true,\"valueName\":\"search_term_string\"}}],\"inLanguage\":\"de\"},{\"@type\":\"Organization\",\"@id\":\"https:\/\/dutchhealthstore.com\/de\/#organization\",\"name\":\"Dutch Health Store\",\"url\":\"https:\/\/dutchhealthstore.com\/de\/\",\"logo\":{\"@type\":\"ImageObject\",\"inLanguage\":\"de\",\"@id\":\"https:\/\/dutchhealthstore.com\/de\/#\/schema\/logo\/image\/\",\"url\":\"https:\/\/dutchhealthstore.com\/wp-content\/uploads\/2020\/08\/logo-dutchhealthstore-jpg-e1599484957574.jpg\",\"contentUrl\":\"https:\/\/dutchhealthstore.com\/wp-content\/uploads\/2020\/08\/logo-dutchhealthstore-jpg-e1599484957574.jpg\",\"width\":400,\"height\":62,\"caption\":\"Dutch Health Store\"},\"image\":{\"@id\":\"https:\/\/dutchhealthstore.com\/de\/#\/schema\/logo\/image\/\"},\"sameAs\":[\"https:\/\/www.instagram.com\/dutchhealthstore\/\",\"https:\/\/www.facebook.com\/dutchhealthstore\"]}]}<\/script>\n<meta property=\"product:brand\" content=\"Living Libations\" \/>\n<meta property=\"product:price:amount\" content=\"20.00\" \/>\n<meta property=\"product:price:currency\" content=\"EUR\" \/>\n<meta property=\"og:availability\" content=\"instock\" \/>\n<meta property=\"product:availability\" content=\"instock\" \/>\n<meta property=\"product:condition\" content=\"new\" \/>\n<!-- \/ Yoast SEO Premium plugin. -->","yoast_head_json":{"title":"Cypress Hinoki Essential Oil | Living Libations","description":"Das temperamentvolle Hinoki Cypress Essential Oil wird aus der verehrten japanischen Zypresse destilliert. Diese Zypresse ist einer der f\u00fcnf heiligen B\u00e4ume von Kiso.","robots":{"index":"index","follow":"follow","max-snippet":"max-snippet:-1","max-image-preview":"max-image-preview:large","max-video-preview":"max-video-preview:-1"},"canonical":"https:\/\/dutchhealthstore.com\/de\/product\/cypress-hinoki-essential-oil\/","og_locale":"de_DE","og_type":"article","og_title":"Cypress, Hinoki Essential Oil - Dutch Health Store","og_description":"Das temperamentvolle Hinoki Cypress Essential Oil wird aus der verehrten japanischen Zypresse destilliert. Diese Zypresse ist einer der f\u00fcnf heiligen B\u00e4ume von Kiso.","og_url":"https:\/\/dutchhealthstore.com\/de\/product\/cypress-hinoki-essential-oil\/","og_site_name":"Dutch Health Store","article_publisher":"https:\/\/www.instagram.com\/dutchhealthstore\/","article_modified_time":"2025-08-12T07:59:28+00:00","og_image":[{"width":1200,"height":1200,"url":"https:\/\/dutchhealthstore.com\/wp-content\/uploads\/2018\/12\/Living-Libations-Cypress-Hinoki-Essential-Oil.jpg","type":"image\/jpeg"}],"twitter_card":"summary_large_image","twitter_misc":{"Preis":"&euro;20,00","Verf\u00fcgbarkeit":"Auf Lager"},"schema":{"@context":"https:\/\/schema.org","@graph":[{"@type":"WebPage","@id":"https:\/\/dutchhealthstore.com\/de\/product\/cypress-hinoki-essential-oil\/","url":"https:\/\/dutchhealthstore.com\/de\/product\/cypress-hinoki-essential-oil\/","name":"Cypress Hinoki Essential Oil | Living Libations","isPartOf":{"@id":"https:\/\/dutchhealthstore.com\/de\/#website"},"primaryImageOfPage":{"@id":"https:\/\/dutchhealthstore.com\/de\/product\/cypress-hinoki-essential-oil\/#primaryimage"},"image":{"@id":"https:\/\/dutchhealthstore.com\/de\/product\/cypress-hinoki-essential-oil\/#primaryimage"},"thumbnailUrl":"https:\/\/dutchhealthstore.com\/wp-content\/uploads\/2018\/12\/Living-Libations-Cypress-Hinoki-Essential-Oil.jpg","datePublished":"2018-12-07T05:57:14+00:00","dateModified":"2025-08-12T07:59:28+00:00","description":"Das temperamentvolle Hinoki Cypress Essential Oil wird aus der verehrten japanischen Zypresse destilliert. Diese Zypresse ist einer der f\u00fcnf heiligen B\u00e4ume von Kiso.","breadcrumb":{"@id":"https:\/\/dutchhealthstore.com\/de\/product\/cypress-hinoki-essential-oil\/#breadcrumb"},"inLanguage":"de","potentialAction":[{"@type":"ReadAction","target":["https:\/\/dutchhealthstore.com\/de\/product\/cypress-hinoki-essential-oil\/"]}]},{"@type":"ImageObject","inLanguage":"de","@id":"https:\/\/dutchhealthstore.com\/de\/product\/cypress-hinoki-essential-oil\/#primaryimage","url":"https:\/\/dutchhealthstore.com\/wp-content\/uploads\/2018\/12\/Living-Libations-Cypress-Hinoki-Essential-Oil.jpg","contentUrl":"https:\/\/dutchhealthstore.com\/wp-content\/uploads\/2018\/12\/Living-Libations-Cypress-Hinoki-Essential-Oil.jpg","width":1200,"height":1200,"caption":"Living Libations - Cypress Hinoki Essential Oil"},{"@type":"BreadcrumbList","@id":"https:\/\/dutchhealthstore.com\/de\/product\/cypress-hinoki-essential-oil\/#breadcrumb","itemListElement":[{"@type":"ListItem","position":1,"name":"Home","item":"https:\/\/dutchhealthstore.com\/de\/"},{"@type":"ListItem","position":2,"name":"Shop","item":"https:\/\/dutchhealthstore.com\/de\/shop-2\/"},{"@type":"ListItem","position":3,"name":"Cypress, Hinoki Essential Oil"}]},{"@type":"WebSite","@id":"https:\/\/dutchhealthstore.com\/de\/#website","url":"https:\/\/dutchhealthstore.com\/de\/","name":"Dutch Health Store","description":"Enhance Your Beauty with Organic &amp; Natural Skincare","publisher":{"@id":"https:\/\/dutchhealthstore.com\/de\/#organization"},"potentialAction":[{"@type":"SearchAction","target":{"@type":"EntryPoint","urlTemplate":"https:\/\/dutchhealthstore.com\/de\/?s={search_term_string}"},"query-input":{"@type":"PropertyValueSpecification","valueRequired":true,"valueName":"search_term_string"}}],"inLanguage":"de"},{"@type":"Organization","@id":"https:\/\/dutchhealthstore.com\/de\/#organization","name":"Dutch Health Store","url":"https:\/\/dutchhealthstore.com\/de\/","logo":{"@type":"ImageObject","inLanguage":"de","@id":"https:\/\/dutchhealthstore.com\/de\/#\/schema\/logo\/image\/","url":"https:\/\/dutchhealthstore.com\/wp-content\/uploads\/2020\/08\/logo-dutchhealthstore-jpg-e1599484957574.jpg","contentUrl":"https:\/\/dutchhealthstore.com\/wp-content\/uploads\/2020\/08\/logo-dutchhealthstore-jpg-e1599484957574.jpg","width":400,"height":62,"caption":"Dutch Health Store"},"image":{"@id":"https:\/\/dutchhealthstore.com\/de\/#\/schema\/logo\/image\/"},"sameAs":["https:\/\/www.instagram.com\/dutchhealthstore\/","https:\/\/www.facebook.com\/dutchhealthstore"]}]},"product_brand":"Living Libations","product_price_amount":"20.00","product_price_currency":"EUR","og_availability":"instock","product_availability":"instock","product_condition":"new"},"_links":{"self":[{"href":"https:\/\/dutchhealthstore.com\/de\/wp-json\/wp\/v2\/product\/117998","targetHints":{"allow":["GET"]}}],"collection":[{"href":"https:\/\/dutchhealthstore.com\/de\/wp-json\/wp\/v2\/product"}],"about":[{"href":"https:\/\/dutchhealthstore.com\/de\/wp-json\/wp\/v2\/types\/product"}],"replies":[{"embeddable":true,"href":"https:\/\/dutchhealthstore.com\/de\/wp-json\/wp\/v2\/comments?post=117998"}],"wp:featuredmedia":[{"embeddable":true,"href":"https:\/\/dutchhealthstore.com\/de\/wp-json\/wp\/v2\/media\/48274"}],"wp:attachment":[{"href":"https:\/\/dutchhealthstore.com\/de\/wp-json\/wp\/v2\/media?parent=117998"}],"wp:term":[{"taxonomy":"product_brand","embeddable":true,"href":"https:\/\/dutchhealthstore.com\/de\/wp-json\/wp\/v2\/product_brand?post=117998"},{"taxonomy":"product_cat","embeddable":true,"href":"https:\/\/dutchhealthstore.com\/de\/wp-json\/wp\/v2\/product_cat?post=117998"},{"taxonomy":"product_tag","embeddable":true,"href":"https:\/\/dutchhealthstore.com\/de\/wp-json\/wp\/v2\/product_tag?post=117998"}],"curies":[{"name":"wp","href":"https:\/\/api.w.org\/{rel}","templated":true}]}}