{"id":117991,"date":"2020-06-15T07:40:57","date_gmt":"2020-06-15T05:40:57","guid":{"rendered":"https:\/\/dutchhealthstore.com\/product\/cypress-blue-essential-oil\/"},"modified":"2024-01-08T15:11:22","modified_gmt":"2024-01-08T15:11:22","slug":"cypress-blue-essential-oil","status":"publish","type":"product","link":"https:\/\/dutchhealthstore.com\/de\/product\/cypress-blue-essential-oil\/","title":{"rendered":"Cypress, Blue Essential Oil"},"content":{"rendered":"<p><img decoding=\"async\" class=\"size-full wp-image-69549 alignright\" src=\"https:\/\/dutchhealthstore.com\/wp-content\/uploads\/2019\/08\/NEW-Living-Libations-Logo.jpg\" alt=\"NEW - Living Libations - Logo\" width=\"175\" height=\"82\"><strong>Botanischer Name:<\/strong> Callitris columellaris<br \/>\n<strong>Botanische Familie:<\/strong> Cupressaceae<br \/>\n<strong>Extraktionsverfahren:<\/strong> CO2<br \/>\n<strong>Teil der Pflanze Destilliert:<\/strong> Rinde<br \/>\n<strong>Herkunftsland:<\/strong> Australien<br \/>\n<strong>Anbaumethode:<\/strong> Wildwachsend<\/p>\n<h3>Beschreibung des Duftes<\/h3>\n<p>Holzig, frisch und s\u00fc\u00df, wie der lange verlorene Cousin des Sandelholzes.<\/p>\n<h3>Zusammensetzung<\/h3>\n<p>Kammgarnvogel (Callitris columellaris)<\/p>\n<h3>Konsistenz<\/h3>\n<p>Mittlere Viskosit\u00e4t<\/p>\n<h3>In Living Libations<\/h3>\n<p>Stellar Poetic Pits<\/p>\n<h3>Gut mischbar mit<\/h3>\n<p>Sandelholz, Blutorange, Zeder, Eukalyptus, Rosmarin, Lorbeer, Majoran, Lavendel, Bergamotte, Palo Santo, Spikenard, Thymian, Palmarosa, Weihrauch, Kardamom, Neroli und Ylang.<\/p>\n<h3>Verwendet<\/h3>\n<p>Hervorragend in Massage\u00f6len. Diffusion. Dashing wie ein Deodorant. Parf\u00fcms. Supreme f\u00fcr Hautseren.<\/p>\n<a href=\"https:\/\/dutchhealthstore.com\/wp-content\/uploads\/2020\/06\/ANALYSIS-Cypress-Blue-Essential-Oil-Living-Libations-3-1.pdf\" class=\"button primary is-primary is-small\"  >\n\t\t<span>ANALYSE DER \u00c4THERISCHEN \u00d6LE &gt;<\/span>\n\t<\/a>\n\n<p>Die Essenz der Blauen Zypresse ist einzigartig, denn sie leuchtet mit der sch\u00f6nen blauen, k\u00fchlenden Verbindung Guaiazulen, die nachweislich eine tiefgreifende Wirkung auf die Haut hat. Blue Cypress Oil wird im australischen Outback wild hergestellt und \u00e4hnelt in Flie\u00dff\u00e4higkeit, Duft und Eigenschaften eher Sandel- und Zedernholz als der normalen Zypresse!<\/p>\n<p>Guaiazulen (\u00e4hnlich wie Chamazulen) ist eine seltene, beruhigende Verbindung, die der Blauen Zypresse ihre einzigartige Farbe verleiht und sie zu einem Beruhigungsmittel f\u00fcr Haut und Geist macht. Blaue Zypresse inspiriert zu meditativer Achtsamkeit und erg\u00e4nzt in Parf\u00fcms und Duftmischungen Sandelholz, Neroli, Tannen, Zitrusfr\u00fcchte und krautige \u00d6le. Mit seinem einladenden, sandelholz\u00e4hnlichen Aroma und seiner strahlend blauen Farbe ist das Blue Cypress Essential Oil ein seltenes Juwel.<\/p>\n<p><strong>Gr\u00f6\u00dfe: 5 ml und 15 ml<\/strong><\/p>\n<h3>Bio-Zutaten<\/h3>\n<p>100% \u00e4therisches \u00d6l der Blauen Zypresse (Callitris columellaris).<\/p>\n<p style=\"text-align: center;\"><em>&#8222;Dieses seltene, aquafarbene \u00e4therische \u00d6l aus dem australischen Northern Territory wird seit Tausenden von Jahren von den australischen Ureinwohnern zur K\u00f6rperpflege und im Haushalt verwendet und wurde als Essenz f\u00fcr die Olympischen Sommerspiele 2000 in Sydney ausgew\u00e4hlt. Der s\u00fc\u00dfe, holzige Duft von Blue Cypress Oil wirkt gl\u00e4ttend und feuchtigkeitsspendend auf die Haut. Die Produktpalette reicht von Sport \u00fcber K\u00f6rperpflege bis hin zu Kosmetik und Parf\u00fcmerie.&#8220;<\/em><br \/>\n~ Cynthia Olsen,<strong> The Birth of Blue<\/strong><\/p>\n<p>&nbsp;<\/p>\n<p><img fetchpriority=\"high\" decoding=\"async\" class=\"size-medium wp-image-68103 aligncenter\" src=\"https:\/\/dutchhealthstore.com\/wp-content\/uploads\/2018\/02\/Living-Libations-Organic-Logo-800x89.png\" alt=\"Living Libations - Organic Logo\" width=\"800\" height=\"89\" srcset=\"https:\/\/dutchhealthstore.com\/wp-content\/uploads\/2018\/02\/Living-Libations-Organic-Logo-800x89.png 800w, https:\/\/dutchhealthstore.com\/wp-content\/uploads\/2018\/02\/Living-Libations-Organic-Logo-510x57.png 510w, https:\/\/dutchhealthstore.com\/wp-content\/uploads\/2018\/02\/Living-Libations-Organic-Logo-768x85.png 768w, https:\/\/dutchhealthstore.com\/wp-content\/uploads\/2018\/02\/Living-Libations-Organic-Logo.png 1400w\" sizes=\"(max-width: 800px) 100vw, 800px\" \/><\/p>\n","protected":false},"excerpt":{"rendered":"<p>Brillantes <strong>Blue Cypress Essential Oil<\/strong> wird aus der Rinde der australischen Blauen Zypresse destilliert, die vom Volk der Tiwi in Australien angebaut wird.<br \/>\nDie Tiwis nennen die Blaue Zypresse &#8222;Karnitirrikani&#8220; und verwenden ihr Holz zur Herstellung von Speeren, zeremoniellen Gegenst\u00e4nden und Musikinstrumenten. Es wird auch zur Herstellung von Seifen und zur Linderung von Hautkrankheiten verwendet.<\/p>\n","protected":false},"featured_media":337449,"comment_status":"open","ping_status":"closed","template":"","meta":[],"product_brand":[],"product_cat":[6737,1508,1546,1493,1210,6736],"product_tag":[1547],"class_list":{"0":"post-117991","1":"product","2":"type-product","3":"status-publish","4":"has-post-thumbnail","6":"product_cat-essential-oils-de-2","7":"product_cat-aetherische-oele-living-libations","8":"product_cat-essential-oils-living-libations-de","9":"product_cat-living-libations-deutschland","10":"product_cat-marken","11":"product_cat-wellness-de","12":"product_tag-essential-oil-de","13":"pa_brand-livinglibations-de","14":"pa_essential-oils-product-type-essential-oils-de","15":"pa_size-5-ml-de","16":"pa_size-15-ml-de-2","18":"first","19":"instock","20":"taxable","21":"shipping-taxable","22":"purchasable","23":"product-type-variable"},"bundled_by":[],"bundle_stock_status":"instock","bundle_stock_quantity":null,"bundle_virtual":false,"bundle_layout":"","bundle_add_to_cart_form_location":"","bundle_editable_in_cart":false,"bundle_sold_individually_context":"","bundle_item_grouping":"","bundle_min_size":"","bundle_max_size":"","bundle_price":[],"bundled_items":[],"bundle_sell_ids":[],"atum_controlled":true,"out_stock_date":null,"out_stock_threshold":null,"inheritable":true,"stock_on_hold":0,"sold_today":0,"sales_last_days":0,"out_stock_days":0,"lost_sales":0,"update_date":"2026-04-10T09:01:04","atum_locations":[],"atum_stock_status":"instock","restock_status":false,"low_stock_amount":"","sales_update_date":"2026-04-10T09:01:04","calc_backorders":null,"group_of_quantity":0,"min_quantity":0,"max_quantity":"","exclude_order_quantity_value_rules":"no","exclude_category_quantity_rules":"no","combine_variations":"no","yoast_head":"<!-- This site is optimized with the Yoast SEO Premium plugin v26.5 (Yoast SEO v26.5) - https:\/\/yoast.com\/wordpress\/plugins\/seo\/ -->\n<title>Cypress, Blue Essential Oil | Living Libations<\/title>\n<meta name=\"description\" content=\"Die Tiwis nennen die Blaue Zypresse &quot;Karnitirrikani&quot; und verwenden ihr Holz zur Herstellung von Speeren, zeremoniellen Gegenst\u00e4nden und Musikinstrumenten.\" \/>\n<meta name=\"robots\" content=\"index, follow, max-snippet:-1, max-image-preview:large, max-video-preview:-1\" \/>\n<link rel=\"canonical\" href=\"https:\/\/dutchhealthstore.com\/de\/product\/cypress-blue-essential-oil\/\" \/>\n<meta property=\"og:locale\" content=\"de_DE\" \/>\n<meta property=\"og:type\" content=\"article\" \/>\n<meta property=\"og:title\" content=\"Cypress, Blue Essential Oil - Dutch Health Store\" \/>\n<meta property=\"og:description\" content=\"Die Tiwis nennen die Blaue Zypresse &quot;Karnitirrikani&quot; und verwenden ihr Holz zur Herstellung von Speeren, zeremoniellen Gegenst\u00e4nden und Musikinstrumenten.\" \/>\n<meta property=\"og:url\" content=\"https:\/\/dutchhealthstore.com\/de\/product\/cypress-blue-essential-oil\/\" \/>\n<meta property=\"og:site_name\" content=\"Dutch Health Store\" \/>\n<meta property=\"article:publisher\" content=\"https:\/\/www.instagram.com\/dutchhealthstore\/\" \/>\n<meta property=\"article:modified_time\" content=\"2024-01-08T15:11:22+00:00\" \/>\n<meta property=\"og:image\" content=\"https:\/\/dutchhealthstore.com\/wp-content\/uploads\/2020\/06\/Cypress-Blue-Essential-Oil-Living-Libations-.jpg\" \/>\n\t<meta property=\"og:image:width\" content=\"500\" \/>\n\t<meta property=\"og:image:height\" content=\"500\" \/>\n\t<meta property=\"og:image:type\" content=\"image\/jpeg\" \/>\n<meta name=\"twitter:card\" content=\"summary_large_image\" \/>\n<meta name=\"twitter:label1\" content=\"Verf\u00fcgbarkeit\" \/>\n\t<meta name=\"twitter:data1\" content=\"Auf Lager\" \/>\n<script type=\"application\/ld+json\" class=\"yoast-schema-graph\">{\"@context\":\"https:\/\/schema.org\",\"@graph\":[{\"@type\":\"WebPage\",\"@id\":\"https:\/\/dutchhealthstore.com\/de\/product\/cypress-blue-essential-oil\/\",\"url\":\"https:\/\/dutchhealthstore.com\/de\/product\/cypress-blue-essential-oil\/\",\"name\":\"Cypress, Blue Essential Oil | Living Libations\",\"isPartOf\":{\"@id\":\"https:\/\/dutchhealthstore.com\/de\/#website\"},\"primaryImageOfPage\":{\"@id\":\"https:\/\/dutchhealthstore.com\/de\/product\/cypress-blue-essential-oil\/#primaryimage\"},\"image\":{\"@id\":\"https:\/\/dutchhealthstore.com\/de\/product\/cypress-blue-essential-oil\/#primaryimage\"},\"thumbnailUrl\":\"https:\/\/dutchhealthstore.com\/wp-content\/uploads\/2020\/06\/2025-04-15-13_39_49-Blue-Cypress-Essential-Oil-\u2013-Living-Libations-INT.jpg\",\"datePublished\":\"2020-06-15T05:40:57+00:00\",\"dateModified\":\"2024-01-08T15:11:22+00:00\",\"description\":\"Die Tiwis nennen die Blaue Zypresse \\\"Karnitirrikani\\\" und verwenden ihr Holz zur Herstellung von Speeren, zeremoniellen Gegenst\u00e4nden und Musikinstrumenten.\",\"breadcrumb\":{\"@id\":\"https:\/\/dutchhealthstore.com\/de\/product\/cypress-blue-essential-oil\/#breadcrumb\"},\"inLanguage\":\"de\",\"potentialAction\":[{\"@type\":\"ReadAction\",\"target\":[\"https:\/\/dutchhealthstore.com\/de\/product\/cypress-blue-essential-oil\/\"]}]},{\"@type\":\"ImageObject\",\"inLanguage\":\"de\",\"@id\":\"https:\/\/dutchhealthstore.com\/de\/product\/cypress-blue-essential-oil\/#primaryimage\",\"url\":\"https:\/\/dutchhealthstore.com\/wp-content\/uploads\/2020\/06\/2025-04-15-13_39_49-Blue-Cypress-Essential-Oil-\u2013-Living-Libations-INT.jpg\",\"contentUrl\":\"https:\/\/dutchhealthstore.com\/wp-content\/uploads\/2020\/06\/2025-04-15-13_39_49-Blue-Cypress-Essential-Oil-\u2013-Living-Libations-INT.jpg\",\"width\":530,\"height\":530},{\"@type\":\"BreadcrumbList\",\"@id\":\"https:\/\/dutchhealthstore.com\/de\/product\/cypress-blue-essential-oil\/#breadcrumb\",\"itemListElement\":[{\"@type\":\"ListItem\",\"position\":1,\"name\":\"Home\",\"item\":\"https:\/\/dutchhealthstore.com\/de\/\"},{\"@type\":\"ListItem\",\"position\":2,\"name\":\"Shop\",\"item\":\"https:\/\/dutchhealthstore.com\/de\/shop-2\/\"},{\"@type\":\"ListItem\",\"position\":3,\"name\":\"Cypress, Blue Essential Oil\"}]},{\"@type\":\"WebSite\",\"@id\":\"https:\/\/dutchhealthstore.com\/de\/#website\",\"url\":\"https:\/\/dutchhealthstore.com\/de\/\",\"name\":\"Dutch Health Store\",\"description\":\"Enhance Your Beauty with Organic &amp; Natural Skincare\",\"publisher\":{\"@id\":\"https:\/\/dutchhealthstore.com\/de\/#organization\"},\"potentialAction\":[{\"@type\":\"SearchAction\",\"target\":{\"@type\":\"EntryPoint\",\"urlTemplate\":\"https:\/\/dutchhealthstore.com\/de\/?s={search_term_string}\"},\"query-input\":{\"@type\":\"PropertyValueSpecification\",\"valueRequired\":true,\"valueName\":\"search_term_string\"}}],\"inLanguage\":\"de\"},{\"@type\":\"Organization\",\"@id\":\"https:\/\/dutchhealthstore.com\/de\/#organization\",\"name\":\"Dutch Health Store\",\"url\":\"https:\/\/dutchhealthstore.com\/de\/\",\"logo\":{\"@type\":\"ImageObject\",\"inLanguage\":\"de\",\"@id\":\"https:\/\/dutchhealthstore.com\/de\/#\/schema\/logo\/image\/\",\"url\":\"https:\/\/dutchhealthstore.com\/wp-content\/uploads\/2020\/08\/logo-dutchhealthstore-jpg-e1599484957574.jpg\",\"contentUrl\":\"https:\/\/dutchhealthstore.com\/wp-content\/uploads\/2020\/08\/logo-dutchhealthstore-jpg-e1599484957574.jpg\",\"width\":400,\"height\":62,\"caption\":\"Dutch Health Store\"},\"image\":{\"@id\":\"https:\/\/dutchhealthstore.com\/de\/#\/schema\/logo\/image\/\"},\"sameAs\":[\"https:\/\/www.instagram.com\/dutchhealthstore\/\",\"https:\/\/www.facebook.com\/dutchhealthstore\"]}]}<\/script>\n<meta property=\"product:brand\" content=\"Living Libations\" \/>\n<meta property=\"og:availability\" content=\"instock\" \/>\n<meta property=\"product:availability\" content=\"instock\" \/>\n<meta property=\"product:condition\" content=\"new\" \/>\n<!-- \/ Yoast SEO Premium plugin. -->","yoast_head_json":{"title":"Cypress, Blue Essential Oil | Living Libations","description":"Die Tiwis nennen die Blaue Zypresse \"Karnitirrikani\" und verwenden ihr Holz zur Herstellung von Speeren, zeremoniellen Gegenst\u00e4nden und Musikinstrumenten.","robots":{"index":"index","follow":"follow","max-snippet":"max-snippet:-1","max-image-preview":"max-image-preview:large","max-video-preview":"max-video-preview:-1"},"canonical":"https:\/\/dutchhealthstore.com\/de\/product\/cypress-blue-essential-oil\/","og_locale":"de_DE","og_type":"article","og_title":"Cypress, Blue Essential Oil - Dutch Health Store","og_description":"Die Tiwis nennen die Blaue Zypresse \"Karnitirrikani\" und verwenden ihr Holz zur Herstellung von Speeren, zeremoniellen Gegenst\u00e4nden und Musikinstrumenten.","og_url":"https:\/\/dutchhealthstore.com\/de\/product\/cypress-blue-essential-oil\/","og_site_name":"Dutch Health Store","article_publisher":"https:\/\/www.instagram.com\/dutchhealthstore\/","article_modified_time":"2024-01-08T15:11:22+00:00","og_image":[{"width":500,"height":500,"url":"https:\/\/dutchhealthstore.com\/wp-content\/uploads\/2020\/06\/Cypress-Blue-Essential-Oil-Living-Libations-.jpg","type":"image\/jpeg"}],"twitter_card":"summary_large_image","twitter_misc":{"Verf\u00fcgbarkeit":"Auf Lager"},"schema":{"@context":"https:\/\/schema.org","@graph":[{"@type":"WebPage","@id":"https:\/\/dutchhealthstore.com\/de\/product\/cypress-blue-essential-oil\/","url":"https:\/\/dutchhealthstore.com\/de\/product\/cypress-blue-essential-oil\/","name":"Cypress, Blue Essential Oil | Living Libations","isPartOf":{"@id":"https:\/\/dutchhealthstore.com\/de\/#website"},"primaryImageOfPage":{"@id":"https:\/\/dutchhealthstore.com\/de\/product\/cypress-blue-essential-oil\/#primaryimage"},"image":{"@id":"https:\/\/dutchhealthstore.com\/de\/product\/cypress-blue-essential-oil\/#primaryimage"},"thumbnailUrl":"https:\/\/dutchhealthstore.com\/wp-content\/uploads\/2020\/06\/2025-04-15-13_39_49-Blue-Cypress-Essential-Oil-\u2013-Living-Libations-INT.jpg","datePublished":"2020-06-15T05:40:57+00:00","dateModified":"2024-01-08T15:11:22+00:00","description":"Die Tiwis nennen die Blaue Zypresse \"Karnitirrikani\" und verwenden ihr Holz zur Herstellung von Speeren, zeremoniellen Gegenst\u00e4nden und Musikinstrumenten.","breadcrumb":{"@id":"https:\/\/dutchhealthstore.com\/de\/product\/cypress-blue-essential-oil\/#breadcrumb"},"inLanguage":"de","potentialAction":[{"@type":"ReadAction","target":["https:\/\/dutchhealthstore.com\/de\/product\/cypress-blue-essential-oil\/"]}]},{"@type":"ImageObject","inLanguage":"de","@id":"https:\/\/dutchhealthstore.com\/de\/product\/cypress-blue-essential-oil\/#primaryimage","url":"https:\/\/dutchhealthstore.com\/wp-content\/uploads\/2020\/06\/2025-04-15-13_39_49-Blue-Cypress-Essential-Oil-\u2013-Living-Libations-INT.jpg","contentUrl":"https:\/\/dutchhealthstore.com\/wp-content\/uploads\/2020\/06\/2025-04-15-13_39_49-Blue-Cypress-Essential-Oil-\u2013-Living-Libations-INT.jpg","width":530,"height":530},{"@type":"BreadcrumbList","@id":"https:\/\/dutchhealthstore.com\/de\/product\/cypress-blue-essential-oil\/#breadcrumb","itemListElement":[{"@type":"ListItem","position":1,"name":"Home","item":"https:\/\/dutchhealthstore.com\/de\/"},{"@type":"ListItem","position":2,"name":"Shop","item":"https:\/\/dutchhealthstore.com\/de\/shop-2\/"},{"@type":"ListItem","position":3,"name":"Cypress, Blue Essential Oil"}]},{"@type":"WebSite","@id":"https:\/\/dutchhealthstore.com\/de\/#website","url":"https:\/\/dutchhealthstore.com\/de\/","name":"Dutch Health Store","description":"Enhance Your Beauty with Organic &amp; Natural Skincare","publisher":{"@id":"https:\/\/dutchhealthstore.com\/de\/#organization"},"potentialAction":[{"@type":"SearchAction","target":{"@type":"EntryPoint","urlTemplate":"https:\/\/dutchhealthstore.com\/de\/?s={search_term_string}"},"query-input":{"@type":"PropertyValueSpecification","valueRequired":true,"valueName":"search_term_string"}}],"inLanguage":"de"},{"@type":"Organization","@id":"https:\/\/dutchhealthstore.com\/de\/#organization","name":"Dutch Health Store","url":"https:\/\/dutchhealthstore.com\/de\/","logo":{"@type":"ImageObject","inLanguage":"de","@id":"https:\/\/dutchhealthstore.com\/de\/#\/schema\/logo\/image\/","url":"https:\/\/dutchhealthstore.com\/wp-content\/uploads\/2020\/08\/logo-dutchhealthstore-jpg-e1599484957574.jpg","contentUrl":"https:\/\/dutchhealthstore.com\/wp-content\/uploads\/2020\/08\/logo-dutchhealthstore-jpg-e1599484957574.jpg","width":400,"height":62,"caption":"Dutch Health Store"},"image":{"@id":"https:\/\/dutchhealthstore.com\/de\/#\/schema\/logo\/image\/"},"sameAs":["https:\/\/www.instagram.com\/dutchhealthstore\/","https:\/\/www.facebook.com\/dutchhealthstore"]}]},"product_brand":"Living Libations","og_availability":"instock","product_availability":"instock","product_condition":"new"},"_links":{"self":[{"href":"https:\/\/dutchhealthstore.com\/de\/wp-json\/wp\/v2\/product\/117991","targetHints":{"allow":["GET"]}}],"collection":[{"href":"https:\/\/dutchhealthstore.com\/de\/wp-json\/wp\/v2\/product"}],"about":[{"href":"https:\/\/dutchhealthstore.com\/de\/wp-json\/wp\/v2\/types\/product"}],"replies":[{"embeddable":true,"href":"https:\/\/dutchhealthstore.com\/de\/wp-json\/wp\/v2\/comments?post=117991"}],"wp:featuredmedia":[{"embeddable":true,"href":"https:\/\/dutchhealthstore.com\/de\/wp-json\/wp\/v2\/media\/337449"}],"wp:attachment":[{"href":"https:\/\/dutchhealthstore.com\/de\/wp-json\/wp\/v2\/media?parent=117991"}],"wp:term":[{"taxonomy":"product_brand","embeddable":true,"href":"https:\/\/dutchhealthstore.com\/de\/wp-json\/wp\/v2\/product_brand?post=117991"},{"taxonomy":"product_cat","embeddable":true,"href":"https:\/\/dutchhealthstore.com\/de\/wp-json\/wp\/v2\/product_cat?post=117991"},{"taxonomy":"product_tag","embeddable":true,"href":"https:\/\/dutchhealthstore.com\/de\/wp-json\/wp\/v2\/product_tag?post=117991"}],"curies":[{"name":"wp","href":"https:\/\/api.w.org\/{rel}","templated":true}]}}