{"id":117969,"date":"2020-06-25T09:57:48","date_gmt":"2020-06-25T07:57:48","guid":{"rendered":"https:\/\/dutchhealthstore.com\/product\/cypress-wood-white-essential-oil\/"},"modified":"2025-11-26T14:19:48","modified_gmt":"2025-11-26T13:19:48","slug":"cypress-wood-white-essential-oil","status":"publish","type":"product","link":"https:\/\/dutchhealthstore.com\/de\/product\/cypress-wood-white-essential-oil\/","title":{"rendered":"Cypress Wood, White Essential Oil"},"content":{"rendered":"<p><img decoding=\"async\" class=\"size-full wp-image-69549 alignright\" src=\"https:\/\/dutchhealthstore.com\/wp-content\/uploads\/2019\/08\/NEW-Living-Libations-Logo.jpg\" alt=\"NEW - Living Libations - Logo\" width=\"175\" height=\"82\"><strong>Botanischer Name:<\/strong> Callitris glaucophylla<br \/>\n<strong>Botanische Familie:<\/strong> Cupressaceae<br \/>\n<strong>Extraktionsverfahren:<\/strong> Dampfdestilliert<br \/>\n<strong>Teil der Pflanze Destilliert:<\/strong> Zweige und \u00c4ste<br \/>\n<strong>Herkunftsland:<\/strong> Australien<br \/>\n<strong>Anbaumethode:<\/strong> Bio<br \/>\n<strong>Zusammensetzung:<\/strong> 100% Callitris glaucophylla<br \/>\n<strong>Konsistenz:<\/strong> Dickfl\u00fcssig<\/p>\n<h3>Beschreibung des Duftes<\/h3>\n<p>Wie frisches Laub, das auf dem R\u00fccken eines beruhigenden Windes \u00fcber dem \u00fcppigen Waldboden kreist; waldig und wundersam in seiner luftigen \u00c4sthetik.<\/p>\n<h3>Gut mischbar mit<\/h3>\n<p>Weihrauch, Myrrhe, Zypresse, Bergamotte, Wacholder, Inula, Strohblume, Lorbeer, Palo Santo, Sandelholz, Lavendel, Patchouli, Majoran, Eukalyptus, Eichenmoos, Rose und Spikenard.<\/p>\n<h3>Verwendet<\/h3>\n<p>Diffundiert, um den Geist vor dem Schlafengehen zu entspannen und den Geist gegen irrationale Sorgen zu st\u00e4rken.<br \/>\nW\u00e4hrend der Meditation oder zur Entspannung des Geistes durch Inhalieren aus der Flasche, im Bad oder vor dem Schlafengehen.<\/p>\n<h3>Inhaltsstoffe<\/h3>\n<p>Zwei der wichtigsten pflanzlichen Verbindungen sind Guaiol und Sesquiterpene. Au\u00dferdem enth\u00e4lt es einen hohen Anteil an Eudesmol.<\/p>\n<a href=\"https:\/\/dutchhealthstore.com\/wp-content\/uploads\/2020\/06\/ANALYSIS-Cypress-Wood-White-Essential-Oil-Living-Libations-3.pdf\" class=\"button primary is-primary is-small\"  >\n\t\t<span>ANALYSE DER \u00c4THERISCHEN \u00d6LE &gt;<\/span>\n\t<\/a>\n\n<p>Die Ureinwohner Australiens nutzten das Holz der Wei\u00dfen Zypresse zur Herstellung von Speeren, Musikinstrumenten und Gegenst\u00e4nden, die bei religi\u00f6sen Zeremonien verwendet wurden. Die Europ\u00e4er nutzten das robuste australische Holz, um befestigte Strukturen zu errichten, die gegen Termiteninvasionen und die Witterung resistent waren. Heute wird das White Cypress Wood Essential Oil vor allem als beruhigender, erdender Duft in der Aromatherapie verwendet und ist eine beliebte Wahl f\u00fcr Meditation und Yoga.<\/p>\n<p>Unser White Cypress Wood Essential Oil zentriert Sie im gegenw\u00e4rtigen Moment und bietet eine klar gekennzeichnete Duftf\u00e4hrte zur Ausrichtung. Verwenden Sie es w\u00e4hrend der Meditation oder zur Entspannung des Geistes, indem Sie aus der Flasche inhalieren, im Bad oder vor dem Schlafengehen.<\/p>\n<p><strong>Gr\u00f6\u00dfe: 5 ml und 15 ml<\/strong><\/p>\n<h3>Bio-Zutaten<\/h3>\n<p>100% \u00e4therisches \u00d6l aus Zypressenholz (Callitris glaucophylla).<\/p>\n<p style=\"text-align: center;\"><em>&#8222;Gebt eure Herzen, aber nicht in die H\u00e4nde des anderen. Denn nur die Hand des Lebens kann eure Herzen halten. Und zusammenstehen, aber nicht zu nahe beieinander:<\/em><br \/>\n<em>Denn die S\u00e4ulen des Tempels stehen auseinander,<\/em><br \/>\n<em>Und die Eiche und die Zypresse wachsen nicht im Schatten des anderen.&#8220;<\/em><br \/>\n~ Khalil Gibran<\/p>\n<p style=\"text-align: center;\"><em>&#8222;Die Wei\u00dfe Zypresse ist ein immergr\u00fcner Baum, der in Australien beheimatet ist und h\u00e4ufig in trockenen Gebieten im Landesinneren sowie in K\u00fcstenn\u00e4he vorkommt. Der Baum wird etwa 26 &#8211; 30,5 Meter hoch und hat graugr\u00fcne, nadelartige Bl\u00e4tter mit silbergrauen Zapfen, die kleine Samen enthalten.<\/em><br \/>\n<em>Der Baum ist auch als wei\u00dfe Zypressenkiefer bekannt.&#8220;<\/em><br \/>\n~ Carol Schiller, David Schiller, Jeffrey Schiller, <strong>The Aromatherapy Encyclopedia<\/strong><\/p>\n<p><img fetchpriority=\"high\" decoding=\"async\" class=\"size-medium wp-image-68103 aligncenter\" src=\"https:\/\/dutchhealthstore.com\/wp-content\/uploads\/2018\/02\/Living-Libations-Organic-Logo-800x89.png\" alt=\"Living Libations - Organic Logo\" width=\"800\" height=\"89\" srcset=\"https:\/\/dutchhealthstore.com\/wp-content\/uploads\/2018\/02\/Living-Libations-Organic-Logo-800x89.png 800w, https:\/\/dutchhealthstore.com\/wp-content\/uploads\/2018\/02\/Living-Libations-Organic-Logo-510x57.png 510w, https:\/\/dutchhealthstore.com\/wp-content\/uploads\/2018\/02\/Living-Libations-Organic-Logo-768x85.png 768w, https:\/\/dutchhealthstore.com\/wp-content\/uploads\/2018\/02\/Living-Libations-Organic-Logo.png 1400w\" sizes=\"(max-width: 800px) 100vw, 800px\" \/><\/p>\n","protected":false},"excerpt":{"rendered":"<p>W\u00fcrdiges <strong>White Cypress Wood Essential Oil<\/strong> wird aus dem begehrten Kernholz der australischen Wei\u00dfzypresse dampfdestilliert.<br \/>\nDieses \u00d6l f\u00e4ngt die ausgewogene St\u00e4rke des Holzes ein, das traditionell zum Bau von Speeren, Werkzeugen und europ\u00e4ischen H\u00e4usern verwendet wurde.<br \/>\nWenn White Cypress Wood Essential Oil Krieger und Menschen vor den Elementen sch\u00fctzen kann, stellen Sie sich vor, was es f\u00fcr Ihren Geist tun kann!<\/p>\n","protected":false},"featured_media":109018,"comment_status":"open","ping_status":"closed","template":"","meta":[],"product_brand":[],"product_cat":[1508,1546,6737,1493,1210,6736],"product_tag":[1547],"class_list":{"0":"post-117969","1":"product","2":"type-product","3":"status-publish","4":"has-post-thumbnail","6":"product_cat-aetherische-oele-living-libations","7":"product_cat-essential-oils-living-libations-de","8":"product_cat-essential-oils-de-2","9":"product_cat-living-libations-deutschland","10":"product_cat-marken","11":"product_cat-wellness-de","12":"product_tag-essential-oil-de","13":"pa_brand-livinglibations-de","14":"pa_essential-oils-product-type-essential-oils-de","15":"pa_size-15-ml-de-2","16":"pa_size-5-ml-de","18":"first","19":"instock","20":"taxable","21":"shipping-taxable","22":"purchasable","23":"product-type-variable"},"bundled_by":[],"bundle_stock_status":"instock","bundle_stock_quantity":null,"bundle_virtual":false,"bundle_layout":"","bundle_add_to_cart_form_location":"","bundle_editable_in_cart":false,"bundle_sold_individually_context":"","bundle_item_grouping":"","bundle_min_size":"","bundle_max_size":"","bundle_price":[],"bundled_items":[],"bundle_sell_ids":[],"atum_controlled":true,"out_stock_date":null,"out_stock_threshold":null,"inheritable":true,"stock_on_hold":0,"sold_today":0,"sales_last_days":0,"out_stock_days":0,"lost_sales":0,"update_date":"2026-05-06T00:18:07","atum_locations":[],"atum_stock_status":"instock","restock_status":false,"low_stock_amount":"","sales_update_date":"2026-05-06T00:18:07","calc_backorders":null,"group_of_quantity":0,"min_quantity":0,"max_quantity":"","exclude_order_quantity_value_rules":"no","exclude_category_quantity_rules":"no","combine_variations":"no","yoast_head":"<!-- This site is optimized with the Yoast SEO Premium plugin v26.5 (Yoast SEO v26.5) - https:\/\/yoast.com\/wordpress\/plugins\/seo\/ -->\n<title>Cypress Wood, White Essential Oil | Living Libations<\/title>\n<meta name=\"description\" content=\"Dieses \u00d6l f\u00e4ngt die ausgewogene St\u00e4rke des Holzes ein, das traditionell zum Bau von Speeren, Werkzeugen und europ\u00e4ischen H\u00e4usern verwendet wurde.\" \/>\n<meta name=\"robots\" content=\"index, follow, max-snippet:-1, max-image-preview:large, max-video-preview:-1\" \/>\n<link rel=\"canonical\" href=\"https:\/\/dutchhealthstore.com\/de\/product\/cypress-wood-white-essential-oil\/\" \/>\n<meta property=\"og:locale\" content=\"de_DE\" \/>\n<meta property=\"og:type\" content=\"article\" \/>\n<meta property=\"og:title\" content=\"Cypress Wood, White Essential Oil - Dutch Health Store\" \/>\n<meta property=\"og:description\" content=\"Dieses \u00d6l f\u00e4ngt die ausgewogene St\u00e4rke des Holzes ein, das traditionell zum Bau von Speeren, Werkzeugen und europ\u00e4ischen H\u00e4usern verwendet wurde.\" \/>\n<meta property=\"og:url\" content=\"https:\/\/dutchhealthstore.com\/de\/product\/cypress-wood-white-essential-oil\/\" \/>\n<meta property=\"og:site_name\" content=\"Dutch Health Store\" \/>\n<meta property=\"article:publisher\" content=\"https:\/\/www.instagram.com\/dutchhealthstore\/\" \/>\n<meta property=\"article:modified_time\" content=\"2025-11-26T13:19:48+00:00\" \/>\n<meta property=\"og:image\" content=\"https:\/\/dutchhealthstore.com\/wp-content\/uploads\/2020\/06\/Living-Libations-Cypress-Wood-White-Essential-Oil.png\" \/>\n\t<meta property=\"og:image:width\" content=\"500\" \/>\n\t<meta property=\"og:image:height\" content=\"500\" \/>\n\t<meta property=\"og:image:type\" content=\"image\/jpeg\" \/>\n<meta name=\"twitter:card\" content=\"summary_large_image\" \/>\n<meta name=\"twitter:label1\" content=\"Verf\u00fcgbarkeit\" \/>\n\t<meta name=\"twitter:data1\" content=\"Auf Lager\" \/>\n<script type=\"application\/ld+json\" class=\"yoast-schema-graph\">{\"@context\":\"https:\/\/schema.org\",\"@graph\":[{\"@type\":\"WebPage\",\"@id\":\"https:\/\/dutchhealthstore.com\/de\/product\/cypress-wood-white-essential-oil\/\",\"url\":\"https:\/\/dutchhealthstore.com\/de\/product\/cypress-wood-white-essential-oil\/\",\"name\":\"Cypress Wood, White Essential Oil | Living Libations\",\"isPartOf\":{\"@id\":\"https:\/\/dutchhealthstore.com\/de\/#website\"},\"primaryImageOfPage\":{\"@id\":\"https:\/\/dutchhealthstore.com\/de\/product\/cypress-wood-white-essential-oil\/#primaryimage\"},\"image\":{\"@id\":\"https:\/\/dutchhealthstore.com\/de\/product\/cypress-wood-white-essential-oil\/#primaryimage\"},\"thumbnailUrl\":\"https:\/\/dutchhealthstore.com\/wp-content\/uploads\/2020\/06\/Living-Libations-Cypress-Wood-White-Essential-Oil.png\",\"datePublished\":\"2020-06-25T07:57:48+00:00\",\"dateModified\":\"2025-11-26T13:19:48+00:00\",\"description\":\"Dieses \u00d6l f\u00e4ngt die ausgewogene St\u00e4rke des Holzes ein, das traditionell zum Bau von Speeren, Werkzeugen und europ\u00e4ischen H\u00e4usern verwendet wurde.\",\"breadcrumb\":{\"@id\":\"https:\/\/dutchhealthstore.com\/de\/product\/cypress-wood-white-essential-oil\/#breadcrumb\"},\"inLanguage\":\"de\",\"potentialAction\":[{\"@type\":\"ReadAction\",\"target\":[\"https:\/\/dutchhealthstore.com\/de\/product\/cypress-wood-white-essential-oil\/\"]}]},{\"@type\":\"ImageObject\",\"inLanguage\":\"de\",\"@id\":\"https:\/\/dutchhealthstore.com\/de\/product\/cypress-wood-white-essential-oil\/#primaryimage\",\"url\":\"https:\/\/dutchhealthstore.com\/wp-content\/uploads\/2020\/06\/Living-Libations-Cypress-Wood-White-Essential-Oil.png\",\"contentUrl\":\"https:\/\/dutchhealthstore.com\/wp-content\/uploads\/2020\/06\/Living-Libations-Cypress-Wood-White-Essential-Oil.png\",\"width\":500,\"height\":500,\"caption\":\"Living Libations Cypress Wood, White Essential Oil\"},{\"@type\":\"BreadcrumbList\",\"@id\":\"https:\/\/dutchhealthstore.com\/de\/product\/cypress-wood-white-essential-oil\/#breadcrumb\",\"itemListElement\":[{\"@type\":\"ListItem\",\"position\":1,\"name\":\"Home\",\"item\":\"https:\/\/dutchhealthstore.com\/de\/\"},{\"@type\":\"ListItem\",\"position\":2,\"name\":\"Shop\",\"item\":\"https:\/\/dutchhealthstore.com\/de\/shop-2\/\"},{\"@type\":\"ListItem\",\"position\":3,\"name\":\"Cypress Wood, White Essential Oil\"}]},{\"@type\":\"WebSite\",\"@id\":\"https:\/\/dutchhealthstore.com\/de\/#website\",\"url\":\"https:\/\/dutchhealthstore.com\/de\/\",\"name\":\"Dutch Health Store\",\"description\":\"Enhance Your Beauty with Organic &amp; Natural Skincare\",\"publisher\":{\"@id\":\"https:\/\/dutchhealthstore.com\/de\/#organization\"},\"potentialAction\":[{\"@type\":\"SearchAction\",\"target\":{\"@type\":\"EntryPoint\",\"urlTemplate\":\"https:\/\/dutchhealthstore.com\/de\/?s={search_term_string}\"},\"query-input\":{\"@type\":\"PropertyValueSpecification\",\"valueRequired\":true,\"valueName\":\"search_term_string\"}}],\"inLanguage\":\"de\"},{\"@type\":\"Organization\",\"@id\":\"https:\/\/dutchhealthstore.com\/de\/#organization\",\"name\":\"Dutch Health Store\",\"url\":\"https:\/\/dutchhealthstore.com\/de\/\",\"logo\":{\"@type\":\"ImageObject\",\"inLanguage\":\"de\",\"@id\":\"https:\/\/dutchhealthstore.com\/de\/#\/schema\/logo\/image\/\",\"url\":\"https:\/\/dutchhealthstore.com\/wp-content\/uploads\/2020\/08\/logo-dutchhealthstore-jpg-e1599484957574.jpg\",\"contentUrl\":\"https:\/\/dutchhealthstore.com\/wp-content\/uploads\/2020\/08\/logo-dutchhealthstore-jpg-e1599484957574.jpg\",\"width\":400,\"height\":62,\"caption\":\"Dutch Health Store\"},\"image\":{\"@id\":\"https:\/\/dutchhealthstore.com\/de\/#\/schema\/logo\/image\/\"},\"sameAs\":[\"https:\/\/www.instagram.com\/dutchhealthstore\/\",\"https:\/\/www.facebook.com\/dutchhealthstore\"]}]}<\/script>\n<meta property=\"product:brand\" content=\"Living Libations\" \/>\n<meta property=\"og:availability\" content=\"instock\" \/>\n<meta property=\"product:availability\" content=\"instock\" \/>\n<meta property=\"product:condition\" content=\"new\" \/>\n<!-- \/ Yoast SEO Premium plugin. -->","yoast_head_json":{"title":"Cypress Wood, White Essential Oil | Living Libations","description":"Dieses \u00d6l f\u00e4ngt die ausgewogene St\u00e4rke des Holzes ein, das traditionell zum Bau von Speeren, Werkzeugen und europ\u00e4ischen H\u00e4usern verwendet wurde.","robots":{"index":"index","follow":"follow","max-snippet":"max-snippet:-1","max-image-preview":"max-image-preview:large","max-video-preview":"max-video-preview:-1"},"canonical":"https:\/\/dutchhealthstore.com\/de\/product\/cypress-wood-white-essential-oil\/","og_locale":"de_DE","og_type":"article","og_title":"Cypress Wood, White Essential Oil - Dutch Health Store","og_description":"Dieses \u00d6l f\u00e4ngt die ausgewogene St\u00e4rke des Holzes ein, das traditionell zum Bau von Speeren, Werkzeugen und europ\u00e4ischen H\u00e4usern verwendet wurde.","og_url":"https:\/\/dutchhealthstore.com\/de\/product\/cypress-wood-white-essential-oil\/","og_site_name":"Dutch Health Store","article_publisher":"https:\/\/www.instagram.com\/dutchhealthstore\/","article_modified_time":"2025-11-26T13:19:48+00:00","og_image":[{"width":500,"height":500,"url":"https:\/\/dutchhealthstore.com\/wp-content\/uploads\/2020\/06\/Living-Libations-Cypress-Wood-White-Essential-Oil.png","type":"image\/jpeg"}],"twitter_card":"summary_large_image","twitter_misc":{"Verf\u00fcgbarkeit":"Auf Lager"},"schema":{"@context":"https:\/\/schema.org","@graph":[{"@type":"WebPage","@id":"https:\/\/dutchhealthstore.com\/de\/product\/cypress-wood-white-essential-oil\/","url":"https:\/\/dutchhealthstore.com\/de\/product\/cypress-wood-white-essential-oil\/","name":"Cypress Wood, White Essential Oil | Living Libations","isPartOf":{"@id":"https:\/\/dutchhealthstore.com\/de\/#website"},"primaryImageOfPage":{"@id":"https:\/\/dutchhealthstore.com\/de\/product\/cypress-wood-white-essential-oil\/#primaryimage"},"image":{"@id":"https:\/\/dutchhealthstore.com\/de\/product\/cypress-wood-white-essential-oil\/#primaryimage"},"thumbnailUrl":"https:\/\/dutchhealthstore.com\/wp-content\/uploads\/2020\/06\/Living-Libations-Cypress-Wood-White-Essential-Oil.png","datePublished":"2020-06-25T07:57:48+00:00","dateModified":"2025-11-26T13:19:48+00:00","description":"Dieses \u00d6l f\u00e4ngt die ausgewogene St\u00e4rke des Holzes ein, das traditionell zum Bau von Speeren, Werkzeugen und europ\u00e4ischen H\u00e4usern verwendet wurde.","breadcrumb":{"@id":"https:\/\/dutchhealthstore.com\/de\/product\/cypress-wood-white-essential-oil\/#breadcrumb"},"inLanguage":"de","potentialAction":[{"@type":"ReadAction","target":["https:\/\/dutchhealthstore.com\/de\/product\/cypress-wood-white-essential-oil\/"]}]},{"@type":"ImageObject","inLanguage":"de","@id":"https:\/\/dutchhealthstore.com\/de\/product\/cypress-wood-white-essential-oil\/#primaryimage","url":"https:\/\/dutchhealthstore.com\/wp-content\/uploads\/2020\/06\/Living-Libations-Cypress-Wood-White-Essential-Oil.png","contentUrl":"https:\/\/dutchhealthstore.com\/wp-content\/uploads\/2020\/06\/Living-Libations-Cypress-Wood-White-Essential-Oil.png","width":500,"height":500,"caption":"Living Libations Cypress Wood, White Essential Oil"},{"@type":"BreadcrumbList","@id":"https:\/\/dutchhealthstore.com\/de\/product\/cypress-wood-white-essential-oil\/#breadcrumb","itemListElement":[{"@type":"ListItem","position":1,"name":"Home","item":"https:\/\/dutchhealthstore.com\/de\/"},{"@type":"ListItem","position":2,"name":"Shop","item":"https:\/\/dutchhealthstore.com\/de\/shop-2\/"},{"@type":"ListItem","position":3,"name":"Cypress Wood, White Essential Oil"}]},{"@type":"WebSite","@id":"https:\/\/dutchhealthstore.com\/de\/#website","url":"https:\/\/dutchhealthstore.com\/de\/","name":"Dutch Health Store","description":"Enhance Your Beauty with Organic &amp; Natural Skincare","publisher":{"@id":"https:\/\/dutchhealthstore.com\/de\/#organization"},"potentialAction":[{"@type":"SearchAction","target":{"@type":"EntryPoint","urlTemplate":"https:\/\/dutchhealthstore.com\/de\/?s={search_term_string}"},"query-input":{"@type":"PropertyValueSpecification","valueRequired":true,"valueName":"search_term_string"}}],"inLanguage":"de"},{"@type":"Organization","@id":"https:\/\/dutchhealthstore.com\/de\/#organization","name":"Dutch Health Store","url":"https:\/\/dutchhealthstore.com\/de\/","logo":{"@type":"ImageObject","inLanguage":"de","@id":"https:\/\/dutchhealthstore.com\/de\/#\/schema\/logo\/image\/","url":"https:\/\/dutchhealthstore.com\/wp-content\/uploads\/2020\/08\/logo-dutchhealthstore-jpg-e1599484957574.jpg","contentUrl":"https:\/\/dutchhealthstore.com\/wp-content\/uploads\/2020\/08\/logo-dutchhealthstore-jpg-e1599484957574.jpg","width":400,"height":62,"caption":"Dutch Health Store"},"image":{"@id":"https:\/\/dutchhealthstore.com\/de\/#\/schema\/logo\/image\/"},"sameAs":["https:\/\/www.instagram.com\/dutchhealthstore\/","https:\/\/www.facebook.com\/dutchhealthstore"]}]},"product_brand":"Living Libations","og_availability":"instock","product_availability":"instock","product_condition":"new"},"_links":{"self":[{"href":"https:\/\/dutchhealthstore.com\/de\/wp-json\/wp\/v2\/product\/117969","targetHints":{"allow":["GET"]}}],"collection":[{"href":"https:\/\/dutchhealthstore.com\/de\/wp-json\/wp\/v2\/product"}],"about":[{"href":"https:\/\/dutchhealthstore.com\/de\/wp-json\/wp\/v2\/types\/product"}],"replies":[{"embeddable":true,"href":"https:\/\/dutchhealthstore.com\/de\/wp-json\/wp\/v2\/comments?post=117969"}],"wp:featuredmedia":[{"embeddable":true,"href":"https:\/\/dutchhealthstore.com\/de\/wp-json\/wp\/v2\/media\/109018"}],"wp:attachment":[{"href":"https:\/\/dutchhealthstore.com\/de\/wp-json\/wp\/v2\/media?parent=117969"}],"wp:term":[{"taxonomy":"product_brand","embeddable":true,"href":"https:\/\/dutchhealthstore.com\/de\/wp-json\/wp\/v2\/product_brand?post=117969"},{"taxonomy":"product_cat","embeddable":true,"href":"https:\/\/dutchhealthstore.com\/de\/wp-json\/wp\/v2\/product_cat?post=117969"},{"taxonomy":"product_tag","embeddable":true,"href":"https:\/\/dutchhealthstore.com\/de\/wp-json\/wp\/v2\/product_tag?post=117969"}],"curies":[{"name":"wp","href":"https:\/\/api.w.org\/{rel}","templated":true}]}}