{"id":117944,"date":"2020-06-25T10:28:15","date_gmt":"2020-06-25T08:28:15","guid":{"rendered":"https:\/\/dutchhealthstore.com\/product\/cypress-leaf-white-essential-oil\/"},"modified":"2025-03-11T16:04:56","modified_gmt":"2025-03-11T15:04:56","slug":"cypress-leaf-white-essential-oil","status":"publish","type":"product","link":"https:\/\/dutchhealthstore.com\/de\/product\/cypress-leaf-white-essential-oil\/","title":{"rendered":"Cypress Leaf, White Essential Oil"},"content":{"rendered":"<p><img decoding=\"async\" class=\"size-full wp-image-69549 alignright\" src=\"https:\/\/dutchhealthstore.com\/wp-content\/uploads\/2019\/08\/NEW-Living-Libations-Logo.jpg\" alt=\"NEW - Living Libations - Logo\" width=\"175\" height=\"82\"><strong>Botanischer Name:<\/strong> Callitris glaucophylla<br \/>\n<strong>Botanische Familie:<\/strong> Cupressaceae<br \/>\n<strong>Extraktionsverfahren:<\/strong> Dampfdestilliert<br \/>\n<strong>Teil der Pflanze Destilliert:<\/strong> Bl\u00e4tter<br \/>\n<strong>Herkunftsland:<\/strong> Australien<br \/>\n<strong>Anbaumethode:<\/strong> Bio<br \/>\n<strong>Zusammensetzung:<\/strong> 100% Callitris glaucophylla<br \/>\n<strong>Konsistenz:<\/strong> Dickfl\u00fcssig<\/p>\n<h3>Beschreibung des Duftes<\/h3>\n<p>Zitronig-frische Spr\u00fcnge des Vertrauens tanzen mit dem Geist von Evergreens \u00fcber subtilen, erdenden Untert\u00f6nen von Sandelholz und Honig.<\/p>\n<h3>Gut mischbar mit<\/h3>\n<p>Sandelholz, Zypresse, Zitrone, Limette, Wei\u00dftanne, Weihrauch, Palo Santo, Kiefer, Fichte, Vetiver, Spikenard, Lavendel, Honigmyrte und Strohblume.<\/p>\n<h3>Verwendet<\/h3>\n<p>Diffundieren Sie oder geben Sie einen Tropfen in unsere Salzpfeife. Einen Tropfen in die Badewanne geben. Waldparf\u00fcmerie und Eau de Cologne.<\/p>\n<a href=\"https:\/\/dutchhealthstore.com\/wp-content\/uploads\/2020\/06\/ANALYSIS-Cypress-Leaf-White-Essential-Oil-Living-Libations-3.pdf\" class=\"button primary is-primary is-small\"  >\n\t\t<span>ANALYSE DER \u00c4THERISCHEN \u00d6LE &gt;<\/span>\n\t<\/a>\n\n<p>Wir freuen uns, White Cypress Leaf Essential Oil direkt aus dem wilden australischen Outback begr\u00fc\u00dfen zu d\u00fcrfen. Dieses \u00d6l wird aus den Bl\u00e4ttern und Zweigen der australischen Wei\u00dfzypresse dampfdestilliert und wird schon seit langem von den australischen Ureinwohnern und den alten Europ\u00e4ern verwendet. Das Holz der wei\u00dfen Zypresse wurde von den Ureinwohnern zur Herstellung von Speeren und religi\u00f6sen Gegenst\u00e4nden verwendet, w\u00e4hrend die \u00d6le und Harze als eine Art nat\u00fcrlicher Klebstoff genutzt wurden. Ab dem sp\u00e4ten 19. Jahrhundert begannen die Europ\u00e4er, wei\u00dfes Zypressenholz zu importieren, um termitenresistente H\u00e4user und M\u00f6bel zu bauen.<\/p>\n<p>Heute wird das White Cypress Leaf Essential Oil verwendet, um K\u00f6rper und Geist zu beleben und Innenr\u00e4ume zu erfrischen und zu reinigen. Dieses zitronig-frische und belebende \u00d6l ist eine aktivierende Erg\u00e4nzung f\u00fcr Ihre Salzpfeife, Ihren Diffusor, Ihre Hautbalsame und Reinigungsmittel oder als frisches Waldparf\u00fcm zu verwenden.<\/p>\n<p><strong>Gr\u00f6\u00dfe: 5 ml und 15 ml<\/strong><\/p>\n<h3>Bio-Zutaten<\/h3>\n<p>\u00c4therisches \u00d6l aus 100% wei\u00dfem Zypressenblatt (Callitris glaucophylla).<\/p>\n<p><img fetchpriority=\"high\" decoding=\"async\" class=\"size-medium wp-image-68103 aligncenter\" src=\"https:\/\/dutchhealthstore.com\/wp-content\/uploads\/2018\/02\/Living-Libations-Organic-Logo-800x89.png\" alt=\"Living Libations - Organic Logo\" width=\"800\" height=\"89\" srcset=\"https:\/\/dutchhealthstore.com\/wp-content\/uploads\/2018\/02\/Living-Libations-Organic-Logo-800x89.png 800w, https:\/\/dutchhealthstore.com\/wp-content\/uploads\/2018\/02\/Living-Libations-Organic-Logo-510x57.png 510w, https:\/\/dutchhealthstore.com\/wp-content\/uploads\/2018\/02\/Living-Libations-Organic-Logo-768x85.png 768w, https:\/\/dutchhealthstore.com\/wp-content\/uploads\/2018\/02\/Living-Libations-Organic-Logo.png 1400w\" sizes=\"(max-width: 800px) 100vw, 800px\" \/><\/p>\n","protected":false},"excerpt":{"rendered":"<p><strong>White Cypress Leaf Essential Oil<\/strong> merveilleuse ist ein duftender Vorbote der kommenden Morgend\u00e4mmerung.<br \/>\nSie l\u00e4dt K\u00f6rper und Geist ein, die Au\u00dfenwelt wahrzunehmen, sich mit dem Herzschlag der Erde zu synchronisieren und im Takt der energetisierenden Musik der Natur zu gehen.<\/p>\n","protected":false},"featured_media":337437,"comment_status":"open","ping_status":"closed","template":"","meta":[],"product_brand":[],"product_cat":[1546,6737,1508,1493,1210,6736],"product_tag":[1547],"class_list":{"0":"post-117944","1":"product","2":"type-product","3":"status-publish","4":"has-post-thumbnail","6":"product_cat-essential-oils-living-libations-de","7":"product_cat-essential-oils-de-2","8":"product_cat-aetherische-oele-living-libations","9":"product_cat-living-libations-deutschland","10":"product_cat-marken","11":"product_cat-wellness-de","12":"product_tag-essential-oil-de","13":"pa_brand-livinglibations-de","14":"pa_essential-oils-product-type-essential-oils-de","15":"pa_size-15-ml-de-2","16":"pa_size-5-ml-de","18":"first","19":"instock","20":"taxable","21":"shipping-taxable","22":"purchasable","23":"product-type-variable"},"bundled_by":[],"bundle_stock_status":"instock","bundle_stock_quantity":null,"bundle_virtual":false,"bundle_layout":"","bundle_add_to_cart_form_location":"","bundle_editable_in_cart":false,"bundle_sold_individually_context":"","bundle_item_grouping":"","bundle_min_size":"","bundle_max_size":"","bundle_price":[],"bundled_items":[],"bundle_sell_ids":[],"atum_controlled":true,"out_stock_date":null,"out_stock_threshold":null,"inheritable":true,"stock_on_hold":0,"sold_today":0,"sales_last_days":0,"out_stock_days":0,"lost_sales":0,"update_date":"2026-04-17T00:06:00","atum_locations":[],"atum_stock_status":"instock","restock_status":false,"low_stock_amount":"","sales_update_date":"2026-04-17T00:06:00","calc_backorders":null,"group_of_quantity":0,"min_quantity":0,"max_quantity":"","exclude_order_quantity_value_rules":"no","exclude_category_quantity_rules":"no","combine_variations":"no","yoast_head":"<!-- This site is optimized with the Yoast SEO Premium plugin v26.5 (Yoast SEO v26.5) - https:\/\/yoast.com\/wordpress\/plugins\/seo\/ -->\n<title>Cypress Leaf, White Essential Oil | Living Libations<\/title>\n<meta name=\"description\" content=\"Sie l\u00e4dt K\u00f6rper und Geist ein, die Au\u00dfenwelt wahrzunehmen, sich mit dem Herzschlag der Erde zu synchronisieren und im Takt der energetisierenden Musik der Natur zu gehen.\" \/>\n<meta name=\"robots\" content=\"index, follow, max-snippet:-1, max-image-preview:large, max-video-preview:-1\" \/>\n<link rel=\"canonical\" href=\"https:\/\/dutchhealthstore.com\/de\/product\/cypress-leaf-white-essential-oil\/\" \/>\n<meta property=\"og:locale\" content=\"de_DE\" \/>\n<meta property=\"og:type\" content=\"article\" \/>\n<meta property=\"og:title\" content=\"Cypress Leaf, White Essential Oil - Dutch Health Store\" \/>\n<meta property=\"og:description\" content=\"Sie l\u00e4dt K\u00f6rper und Geist ein, die Au\u00dfenwelt wahrzunehmen, sich mit dem Herzschlag der Erde zu synchronisieren und im Takt der energetisierenden Musik der Natur zu gehen.\" \/>\n<meta property=\"og:url\" content=\"https:\/\/dutchhealthstore.com\/de\/product\/cypress-leaf-white-essential-oil\/\" \/>\n<meta property=\"og:site_name\" content=\"Dutch Health Store\" \/>\n<meta property=\"article:publisher\" content=\"https:\/\/www.instagram.com\/dutchhealthstore\/\" \/>\n<meta property=\"article:modified_time\" content=\"2025-03-11T15:04:56+00:00\" \/>\n<meta property=\"og:image\" content=\"https:\/\/dutchhealthstore.com\/wp-content\/uploads\/2020\/06\/Cypress-leaf-White-Essential-Oil-Living-Libations-.jpg\" \/>\n\t<meta property=\"og:image:width\" content=\"500\" \/>\n\t<meta property=\"og:image:height\" content=\"500\" \/>\n\t<meta property=\"og:image:type\" content=\"image\/jpeg\" \/>\n<meta name=\"twitter:card\" content=\"summary_large_image\" \/>\n<meta name=\"twitter:label1\" content=\"Verf\u00fcgbarkeit\" \/>\n\t<meta name=\"twitter:data1\" content=\"Auf Lager\" \/>\n<script type=\"application\/ld+json\" class=\"yoast-schema-graph\">{\"@context\":\"https:\/\/schema.org\",\"@graph\":[{\"@type\":\"WebPage\",\"@id\":\"https:\/\/dutchhealthstore.com\/de\/product\/cypress-leaf-white-essential-oil\/\",\"url\":\"https:\/\/dutchhealthstore.com\/de\/product\/cypress-leaf-white-essential-oil\/\",\"name\":\"Cypress Leaf, White Essential Oil | Living Libations\",\"isPartOf\":{\"@id\":\"https:\/\/dutchhealthstore.com\/de\/#website\"},\"primaryImageOfPage\":{\"@id\":\"https:\/\/dutchhealthstore.com\/de\/product\/cypress-leaf-white-essential-oil\/#primaryimage\"},\"image\":{\"@id\":\"https:\/\/dutchhealthstore.com\/de\/product\/cypress-leaf-white-essential-oil\/#primaryimage\"},\"thumbnailUrl\":\"https:\/\/dutchhealthstore.com\/wp-content\/uploads\/2020\/06\/2025-04-15-13_38_21-White-Cypress-Leaf-Essential-Oil-\u2013-Living-Libations-INT.jpg\",\"datePublished\":\"2020-06-25T08:28:15+00:00\",\"dateModified\":\"2025-03-11T15:04:56+00:00\",\"description\":\"Sie l\u00e4dt K\u00f6rper und Geist ein, die Au\u00dfenwelt wahrzunehmen, sich mit dem Herzschlag der Erde zu synchronisieren und im Takt der energetisierenden Musik der Natur zu gehen.\",\"breadcrumb\":{\"@id\":\"https:\/\/dutchhealthstore.com\/de\/product\/cypress-leaf-white-essential-oil\/#breadcrumb\"},\"inLanguage\":\"de\",\"potentialAction\":[{\"@type\":\"ReadAction\",\"target\":[\"https:\/\/dutchhealthstore.com\/de\/product\/cypress-leaf-white-essential-oil\/\"]}]},{\"@type\":\"ImageObject\",\"inLanguage\":\"de\",\"@id\":\"https:\/\/dutchhealthstore.com\/de\/product\/cypress-leaf-white-essential-oil\/#primaryimage\",\"url\":\"https:\/\/dutchhealthstore.com\/wp-content\/uploads\/2020\/06\/2025-04-15-13_38_21-White-Cypress-Leaf-Essential-Oil-\u2013-Living-Libations-INT.jpg\",\"contentUrl\":\"https:\/\/dutchhealthstore.com\/wp-content\/uploads\/2020\/06\/2025-04-15-13_38_21-White-Cypress-Leaf-Essential-Oil-\u2013-Living-Libations-INT.jpg\",\"width\":530,\"height\":530},{\"@type\":\"BreadcrumbList\",\"@id\":\"https:\/\/dutchhealthstore.com\/de\/product\/cypress-leaf-white-essential-oil\/#breadcrumb\",\"itemListElement\":[{\"@type\":\"ListItem\",\"position\":1,\"name\":\"Home\",\"item\":\"https:\/\/dutchhealthstore.com\/de\/\"},{\"@type\":\"ListItem\",\"position\":2,\"name\":\"Shop\",\"item\":\"https:\/\/dutchhealthstore.com\/de\/shop-2\/\"},{\"@type\":\"ListItem\",\"position\":3,\"name\":\"Cypress Leaf, White Essential Oil\"}]},{\"@type\":\"WebSite\",\"@id\":\"https:\/\/dutchhealthstore.com\/de\/#website\",\"url\":\"https:\/\/dutchhealthstore.com\/de\/\",\"name\":\"Dutch Health Store\",\"description\":\"Enhance Your Beauty with Organic &amp; Natural Skincare\",\"publisher\":{\"@id\":\"https:\/\/dutchhealthstore.com\/de\/#organization\"},\"potentialAction\":[{\"@type\":\"SearchAction\",\"target\":{\"@type\":\"EntryPoint\",\"urlTemplate\":\"https:\/\/dutchhealthstore.com\/de\/?s={search_term_string}\"},\"query-input\":{\"@type\":\"PropertyValueSpecification\",\"valueRequired\":true,\"valueName\":\"search_term_string\"}}],\"inLanguage\":\"de\"},{\"@type\":\"Organization\",\"@id\":\"https:\/\/dutchhealthstore.com\/de\/#organization\",\"name\":\"Dutch Health Store\",\"url\":\"https:\/\/dutchhealthstore.com\/de\/\",\"logo\":{\"@type\":\"ImageObject\",\"inLanguage\":\"de\",\"@id\":\"https:\/\/dutchhealthstore.com\/de\/#\/schema\/logo\/image\/\",\"url\":\"https:\/\/dutchhealthstore.com\/wp-content\/uploads\/2020\/08\/logo-dutchhealthstore-jpg-e1599484957574.jpg\",\"contentUrl\":\"https:\/\/dutchhealthstore.com\/wp-content\/uploads\/2020\/08\/logo-dutchhealthstore-jpg-e1599484957574.jpg\",\"width\":400,\"height\":62,\"caption\":\"Dutch Health Store\"},\"image\":{\"@id\":\"https:\/\/dutchhealthstore.com\/de\/#\/schema\/logo\/image\/\"},\"sameAs\":[\"https:\/\/www.instagram.com\/dutchhealthstore\/\",\"https:\/\/www.facebook.com\/dutchhealthstore\"]}]}<\/script>\n<meta property=\"product:brand\" content=\"Living Libations\" \/>\n<meta property=\"og:availability\" content=\"instock\" \/>\n<meta property=\"product:availability\" content=\"instock\" \/>\n<meta property=\"product:condition\" content=\"new\" \/>\n<!-- \/ Yoast SEO Premium plugin. -->","yoast_head_json":{"title":"Cypress Leaf, White Essential Oil | Living Libations","description":"Sie l\u00e4dt K\u00f6rper und Geist ein, die Au\u00dfenwelt wahrzunehmen, sich mit dem Herzschlag der Erde zu synchronisieren und im Takt der energetisierenden Musik der Natur zu gehen.","robots":{"index":"index","follow":"follow","max-snippet":"max-snippet:-1","max-image-preview":"max-image-preview:large","max-video-preview":"max-video-preview:-1"},"canonical":"https:\/\/dutchhealthstore.com\/de\/product\/cypress-leaf-white-essential-oil\/","og_locale":"de_DE","og_type":"article","og_title":"Cypress Leaf, White Essential Oil - Dutch Health Store","og_description":"Sie l\u00e4dt K\u00f6rper und Geist ein, die Au\u00dfenwelt wahrzunehmen, sich mit dem Herzschlag der Erde zu synchronisieren und im Takt der energetisierenden Musik der Natur zu gehen.","og_url":"https:\/\/dutchhealthstore.com\/de\/product\/cypress-leaf-white-essential-oil\/","og_site_name":"Dutch Health Store","article_publisher":"https:\/\/www.instagram.com\/dutchhealthstore\/","article_modified_time":"2025-03-11T15:04:56+00:00","og_image":[{"width":500,"height":500,"url":"https:\/\/dutchhealthstore.com\/wp-content\/uploads\/2020\/06\/Cypress-leaf-White-Essential-Oil-Living-Libations-.jpg","type":"image\/jpeg"}],"twitter_card":"summary_large_image","twitter_misc":{"Verf\u00fcgbarkeit":"Auf Lager"},"schema":{"@context":"https:\/\/schema.org","@graph":[{"@type":"WebPage","@id":"https:\/\/dutchhealthstore.com\/de\/product\/cypress-leaf-white-essential-oil\/","url":"https:\/\/dutchhealthstore.com\/de\/product\/cypress-leaf-white-essential-oil\/","name":"Cypress Leaf, White Essential Oil | Living Libations","isPartOf":{"@id":"https:\/\/dutchhealthstore.com\/de\/#website"},"primaryImageOfPage":{"@id":"https:\/\/dutchhealthstore.com\/de\/product\/cypress-leaf-white-essential-oil\/#primaryimage"},"image":{"@id":"https:\/\/dutchhealthstore.com\/de\/product\/cypress-leaf-white-essential-oil\/#primaryimage"},"thumbnailUrl":"https:\/\/dutchhealthstore.com\/wp-content\/uploads\/2020\/06\/2025-04-15-13_38_21-White-Cypress-Leaf-Essential-Oil-\u2013-Living-Libations-INT.jpg","datePublished":"2020-06-25T08:28:15+00:00","dateModified":"2025-03-11T15:04:56+00:00","description":"Sie l\u00e4dt K\u00f6rper und Geist ein, die Au\u00dfenwelt wahrzunehmen, sich mit dem Herzschlag der Erde zu synchronisieren und im Takt der energetisierenden Musik der Natur zu gehen.","breadcrumb":{"@id":"https:\/\/dutchhealthstore.com\/de\/product\/cypress-leaf-white-essential-oil\/#breadcrumb"},"inLanguage":"de","potentialAction":[{"@type":"ReadAction","target":["https:\/\/dutchhealthstore.com\/de\/product\/cypress-leaf-white-essential-oil\/"]}]},{"@type":"ImageObject","inLanguage":"de","@id":"https:\/\/dutchhealthstore.com\/de\/product\/cypress-leaf-white-essential-oil\/#primaryimage","url":"https:\/\/dutchhealthstore.com\/wp-content\/uploads\/2020\/06\/2025-04-15-13_38_21-White-Cypress-Leaf-Essential-Oil-\u2013-Living-Libations-INT.jpg","contentUrl":"https:\/\/dutchhealthstore.com\/wp-content\/uploads\/2020\/06\/2025-04-15-13_38_21-White-Cypress-Leaf-Essential-Oil-\u2013-Living-Libations-INT.jpg","width":530,"height":530},{"@type":"BreadcrumbList","@id":"https:\/\/dutchhealthstore.com\/de\/product\/cypress-leaf-white-essential-oil\/#breadcrumb","itemListElement":[{"@type":"ListItem","position":1,"name":"Home","item":"https:\/\/dutchhealthstore.com\/de\/"},{"@type":"ListItem","position":2,"name":"Shop","item":"https:\/\/dutchhealthstore.com\/de\/shop-2\/"},{"@type":"ListItem","position":3,"name":"Cypress Leaf, White Essential Oil"}]},{"@type":"WebSite","@id":"https:\/\/dutchhealthstore.com\/de\/#website","url":"https:\/\/dutchhealthstore.com\/de\/","name":"Dutch Health Store","description":"Enhance Your Beauty with Organic &amp; Natural Skincare","publisher":{"@id":"https:\/\/dutchhealthstore.com\/de\/#organization"},"potentialAction":[{"@type":"SearchAction","target":{"@type":"EntryPoint","urlTemplate":"https:\/\/dutchhealthstore.com\/de\/?s={search_term_string}"},"query-input":{"@type":"PropertyValueSpecification","valueRequired":true,"valueName":"search_term_string"}}],"inLanguage":"de"},{"@type":"Organization","@id":"https:\/\/dutchhealthstore.com\/de\/#organization","name":"Dutch Health Store","url":"https:\/\/dutchhealthstore.com\/de\/","logo":{"@type":"ImageObject","inLanguage":"de","@id":"https:\/\/dutchhealthstore.com\/de\/#\/schema\/logo\/image\/","url":"https:\/\/dutchhealthstore.com\/wp-content\/uploads\/2020\/08\/logo-dutchhealthstore-jpg-e1599484957574.jpg","contentUrl":"https:\/\/dutchhealthstore.com\/wp-content\/uploads\/2020\/08\/logo-dutchhealthstore-jpg-e1599484957574.jpg","width":400,"height":62,"caption":"Dutch Health Store"},"image":{"@id":"https:\/\/dutchhealthstore.com\/de\/#\/schema\/logo\/image\/"},"sameAs":["https:\/\/www.instagram.com\/dutchhealthstore\/","https:\/\/www.facebook.com\/dutchhealthstore"]}]},"product_brand":"Living Libations","og_availability":"instock","product_availability":"instock","product_condition":"new"},"_links":{"self":[{"href":"https:\/\/dutchhealthstore.com\/de\/wp-json\/wp\/v2\/product\/117944","targetHints":{"allow":["GET"]}}],"collection":[{"href":"https:\/\/dutchhealthstore.com\/de\/wp-json\/wp\/v2\/product"}],"about":[{"href":"https:\/\/dutchhealthstore.com\/de\/wp-json\/wp\/v2\/types\/product"}],"replies":[{"embeddable":true,"href":"https:\/\/dutchhealthstore.com\/de\/wp-json\/wp\/v2\/comments?post=117944"}],"wp:featuredmedia":[{"embeddable":true,"href":"https:\/\/dutchhealthstore.com\/de\/wp-json\/wp\/v2\/media\/337437"}],"wp:attachment":[{"href":"https:\/\/dutchhealthstore.com\/de\/wp-json\/wp\/v2\/media?parent=117944"}],"wp:term":[{"taxonomy":"product_brand","embeddable":true,"href":"https:\/\/dutchhealthstore.com\/de\/wp-json\/wp\/v2\/product_brand?post=117944"},{"taxonomy":"product_cat","embeddable":true,"href":"https:\/\/dutchhealthstore.com\/de\/wp-json\/wp\/v2\/product_cat?post=117944"},{"taxonomy":"product_tag","embeddable":true,"href":"https:\/\/dutchhealthstore.com\/de\/wp-json\/wp\/v2\/product_tag?post=117944"}],"curies":[{"name":"wp","href":"https:\/\/api.w.org\/{rel}","templated":true}]}}