{"id":117913,"date":"2020-06-15T07:11:44","date_gmt":"2020-06-15T05:11:44","guid":{"rendered":"https:\/\/dutchhealthstore.com\/product\/cumin-essential-oil\/"},"modified":"2024-05-01T07:07:08","modified_gmt":"2024-05-01T07:07:08","slug":"cumin-essential-oil","status":"publish","type":"product","link":"https:\/\/dutchhealthstore.com\/de\/product\/cumin-essential-oil\/","title":{"rendered":"Cumin Essential Oil"},"content":{"rendered":"<h3><img decoding=\"async\" class=\"size-full wp-image-69549 alignright\" src=\"https:\/\/dutchhealthstore.com\/wp-content\/uploads\/2019\/08\/NEW-Living-Libations-Logo.jpg\" alt=\"NEW - Living Libations - Logo\" width=\"175\" height=\"82\"><\/h3>\n<p><strong>Botanischer Name:<\/strong> Cuminum cyminum<br \/>\n<strong>Botanische Familie:<\/strong> Umbelliferae<br \/>\n<strong>Extraktionsverfahren:<\/strong> CO2<br \/>\n<strong>Teil der Pflanze Destilliert:<\/strong> Saatgut<br \/>\n<strong>Herkunftsland:<\/strong> T\u00fcrkei<br \/>\n<strong>Anbaumethode:<\/strong> Bio<br \/>\n<strong>Zusammensetzung:<\/strong> 100% Cuminum cyminum<br \/>\n<strong>Konsistenz:<\/strong> Mittlere Viskosit\u00e4t<\/p>\n<h3>Beschreibung des Duftes<\/h3>\n<p>Sinnliche W\u00fcrze mit einer w\u00e4rmenden, pikanten und moschusartigen Essenz.<\/p>\n<h3>Gut mischbar mit<\/h3>\n<p>Kurkuma, Schizandra, Weihrauch, Kardamom, Koriander, Estragon, Thymian, Zimt, Gew\u00fcrznelke, Bohnenkraut und Myrrhe.<\/p>\n<a href=\"https:\/\/dutchhealthstore.com\/wp-content\/uploads\/2020\/06\/ANALYSIS-Cumin-Essential-Oil-Living-Libations-3.pdf\" class=\"button primary is-primary is-small\"  >\n\t\t<span>ANALYSE DER \u00c4THERISCHEN \u00d6LE &gt;<\/span>\n\t<\/a>\n\n<h3>Verwendet<\/h3>\n<p>W\u00fcrzen und verfeinern Sie Ihre kulinarischen Kreationen. Atemerfrischer. Allgemeiner Richtwert: 3-5 Tropfen entsprechen einem Essl\u00f6ffel getrocknetem Kraut. Wird in der Naturparf\u00fcmerie verwendet, um gr\u00fcn-w\u00fcrzige Akkorde zu erzeugen.<\/p>\n<h3>Kontraindikation<\/h3>\n<p>M\u00e4\u00dfig lichtempfindlich. Nicht unverd\u00fcnnt auf die Haut auftragen und anschlie\u00dfend der Sonne aussetzen.<\/p>\n<p>Diese herzhafte, superkritische Extraktion von Bio-Kreuzk\u00fcmmel f\u00e4ngt die ganze Sch\u00f6nheit und Komplexit\u00e4t des getrockneten Gew\u00fcrzes ein, das reich an Monoterpenaldehyden, Cuminaldehyden, Cymen, \u00d6l- und Linolfetts\u00e4uren ist, und gew\u00e4hrleistet ein H\u00f6chstma\u00df an Reinheit und Potenz.<\/p>\n<p>Kreuzk\u00fcmmel verf\u00fcgt \u00fcber das Wissen von \u00fcber 4.000 Jahren Verwendung! Das Gew\u00fcrz behielt seinen Ruf im antiken Rom und Griechenland, wo es bei den Mahlzeiten \u00e4hnlich wie Salz und Pfeffer verwendet wurde.<\/p>\n<p><strong>Gr\u00f6\u00dfe: 5 ml und 15 ml<\/strong><\/p>\n<h3>Bio-Zutaten<\/h3>\n<p>100% \u00e4therisches \u00d6l aus Kreuzk\u00fcmmel (Cuminum cyminum).<\/p>\n<p style=\"text-align: center;\"><em>&#8222;Die botanische Quelle von Kreuzk\u00fcmmel ist Cuminum cyminum, ein einj\u00e4hriges Kraut, das eng mit Koriander verwandt ist. Wie Koriander wurde er schon fr\u00fch in Arabien, Indien, China und im Mittelmeerraum angebaut. Er wurde bereits von Hippokrates und Dioskordes sowie von Plinius erw\u00e4hnt, der schrieb, dass der gemahlene Samen mit Brot, Wasser und Wein sowohl als Heilmittel als auch als Gew\u00fcrz eingenommen wurde.&#8220;<\/em><br \/>\n~ Jennifer Peace Rhine, <strong>Fragrance and Wellbeing<\/strong><\/p>\n<p>&nbsp;<\/p>\n<p><img fetchpriority=\"high\" decoding=\"async\" class=\"size-medium wp-image-68103 aligncenter\" src=\"https:\/\/dutchhealthstore.com\/wp-content\/uploads\/2018\/02\/Living-Libations-Organic-Logo-800x89.png\" alt=\"Living Libations - Organic Logo\" width=\"800\" height=\"89\" srcset=\"https:\/\/dutchhealthstore.com\/wp-content\/uploads\/2018\/02\/Living-Libations-Organic-Logo-800x89.png 800w, https:\/\/dutchhealthstore.com\/wp-content\/uploads\/2018\/02\/Living-Libations-Organic-Logo-510x57.png 510w, https:\/\/dutchhealthstore.com\/wp-content\/uploads\/2018\/02\/Living-Libations-Organic-Logo-768x85.png 768w, https:\/\/dutchhealthstore.com\/wp-content\/uploads\/2018\/02\/Living-Libations-Organic-Logo.png 1400w\" sizes=\"(max-width: 800px) 100vw, 800px\" \/><\/p>\n","protected":false},"excerpt":{"rendered":"<p>Das klassische <strong>Cumin Essential Oil<\/strong> von Living Libations nutzt die Kraft einer Pflanze, die seit dem zweiten Jahrtausend v. Chr. als aromatisches Gew\u00fcrz gesch\u00e4tzt wird. Kreuzk\u00fcmmel wurde von den alten Griechen, R\u00f6mern und \u00c4gyptern in kulinarischen Kreationen wegen seiner zungenschmeichelnden Curryw\u00e4rme gesch\u00e4tzt.<br \/>\nTausende von Jahren sp\u00e4ter sind wir in der Lage, eine st\u00e4rkere superkritische Extraktion von Kreuzk\u00fcmmel anzubieten, die die volle Sch\u00f6nheit und Komplexit\u00e4t des getrockneten Gew\u00fcrzes zusammen mit allen lebenswichtigen Lipiden, Pigmenten und Monoterpenen der Samen einf\u00e4ngt.<\/p>\n","protected":false},"featured_media":250435,"comment_status":"open","ping_status":"closed","template":"","meta":[],"product_brand":[],"product_cat":[1508,1546,6737,1493,1210,6736],"product_tag":[1547],"class_list":{"0":"post-117913","1":"product","2":"type-product","3":"status-publish","4":"has-post-thumbnail","6":"product_cat-aetherische-oele-living-libations","7":"product_cat-essential-oils-living-libations-de","8":"product_cat-essential-oils-de-2","9":"product_cat-living-libations-deutschland","10":"product_cat-marken","11":"product_cat-wellness-de","12":"product_tag-essential-oil-de","13":"pa_brand-livinglibations-de","14":"pa_essential-oils-product-type-essential-oils-de","15":"pa_size-15-ml-de-2","16":"pa_size-5-ml-de","18":"first","19":"instock","20":"taxable","21":"shipping-taxable","22":"purchasable","23":"product-type-variable"},"bundled_by":[],"bundle_stock_status":"instock","bundle_stock_quantity":null,"bundle_virtual":false,"bundle_layout":"","bundle_add_to_cart_form_location":"","bundle_editable_in_cart":false,"bundle_sold_individually_context":"","bundle_item_grouping":"","bundle_min_size":"","bundle_max_size":"","bundle_price":[],"bundled_items":[],"bundle_sell_ids":[],"atum_controlled":true,"out_stock_date":null,"out_stock_threshold":null,"inheritable":true,"stock_on_hold":0,"sold_today":0,"sales_last_days":0,"out_stock_days":0,"lost_sales":0,"update_date":"2026-05-04T00:16:32","atum_locations":[],"atum_stock_status":"instock","restock_status":false,"low_stock_amount":"","sales_update_date":"2026-05-04T00:16:32","calc_backorders":null,"group_of_quantity":0,"min_quantity":0,"max_quantity":"","exclude_order_quantity_value_rules":"no","exclude_category_quantity_rules":"no","combine_variations":"no","yoast_head":"<!-- This site is optimized with the Yoast SEO Premium plugin v26.5 (Yoast SEO v26.5) - https:\/\/yoast.com\/wordpress\/plugins\/seo\/ -->\n<title>Cumin Essential Oil | Living Libations<\/title>\n<meta name=\"description\" content=\"Das klassische Cumin Essential Oil von Living Libations nutzt die Kraft einer Pflanze, die seit dem zweiten Jahrtausend v. Chr. als aromatisches Gew\u00fcrz gesch\u00e4tzt wird.\" \/>\n<meta name=\"robots\" content=\"index, follow, max-snippet:-1, max-image-preview:large, max-video-preview:-1\" \/>\n<link rel=\"canonical\" href=\"https:\/\/dutchhealthstore.com\/de\/product\/cumin-essential-oil\/\" \/>\n<meta property=\"og:locale\" content=\"de_DE\" \/>\n<meta property=\"og:type\" content=\"article\" \/>\n<meta property=\"og:title\" content=\"Cumin Essential Oil - Dutch Health Store\" \/>\n<meta property=\"og:description\" content=\"Das klassische Cumin Essential Oil von Living Libations nutzt die Kraft einer Pflanze, die seit dem zweiten Jahrtausend v. Chr. als aromatisches Gew\u00fcrz gesch\u00e4tzt wird.\" \/>\n<meta property=\"og:url\" content=\"https:\/\/dutchhealthstore.com\/de\/product\/cumin-essential-oil\/\" \/>\n<meta property=\"og:site_name\" content=\"Dutch Health Store\" \/>\n<meta property=\"article:publisher\" content=\"https:\/\/www.instagram.com\/dutchhealthstore\/\" \/>\n<meta property=\"article:modified_time\" content=\"2024-05-01T07:07:08+00:00\" \/>\n<meta property=\"og:image\" content=\"https:\/\/dutchhealthstore.com\/wp-content\/uploads\/2020\/06\/LLcuminessentialoil.jpg\" \/>\n\t<meta property=\"og:image:width\" content=\"510\" \/>\n\t<meta property=\"og:image:height\" content=\"510\" \/>\n\t<meta property=\"og:image:type\" content=\"image\/jpeg\" \/>\n<meta name=\"twitter:card\" content=\"summary_large_image\" \/>\n<meta name=\"twitter:label1\" content=\"Verf\u00fcgbarkeit\" \/>\n\t<meta name=\"twitter:data1\" content=\"Auf Lager\" \/>\n<script type=\"application\/ld+json\" class=\"yoast-schema-graph\">{\"@context\":\"https:\/\/schema.org\",\"@graph\":[{\"@type\":\"WebPage\",\"@id\":\"https:\/\/dutchhealthstore.com\/de\/product\/cumin-essential-oil\/\",\"url\":\"https:\/\/dutchhealthstore.com\/de\/product\/cumin-essential-oil\/\",\"name\":\"Cumin Essential Oil | Living Libations\",\"isPartOf\":{\"@id\":\"https:\/\/dutchhealthstore.com\/de\/#website\"},\"primaryImageOfPage\":{\"@id\":\"https:\/\/dutchhealthstore.com\/de\/product\/cumin-essential-oil\/#primaryimage\"},\"image\":{\"@id\":\"https:\/\/dutchhealthstore.com\/de\/product\/cumin-essential-oil\/#primaryimage\"},\"thumbnailUrl\":\"https:\/\/dutchhealthstore.com\/wp-content\/uploads\/2020\/06\/LLcuminessentialoil.jpg\",\"datePublished\":\"2020-06-15T05:11:44+00:00\",\"dateModified\":\"2024-05-01T07:07:08+00:00\",\"description\":\"Das klassische Cumin Essential Oil von Living Libations nutzt die Kraft einer Pflanze, die seit dem zweiten Jahrtausend v. Chr. als aromatisches Gew\u00fcrz gesch\u00e4tzt wird.\",\"breadcrumb\":{\"@id\":\"https:\/\/dutchhealthstore.com\/de\/product\/cumin-essential-oil\/#breadcrumb\"},\"inLanguage\":\"de\",\"potentialAction\":[{\"@type\":\"ReadAction\",\"target\":[\"https:\/\/dutchhealthstore.com\/de\/product\/cumin-essential-oil\/\"]}]},{\"@type\":\"ImageObject\",\"inLanguage\":\"de\",\"@id\":\"https:\/\/dutchhealthstore.com\/de\/product\/cumin-essential-oil\/#primaryimage\",\"url\":\"https:\/\/dutchhealthstore.com\/wp-content\/uploads\/2020\/06\/LLcuminessentialoil.jpg\",\"contentUrl\":\"https:\/\/dutchhealthstore.com\/wp-content\/uploads\/2020\/06\/LLcuminessentialoil.jpg\",\"width\":510,\"height\":510,\"caption\":\"LLcuminessentialoil\"},{\"@type\":\"BreadcrumbList\",\"@id\":\"https:\/\/dutchhealthstore.com\/de\/product\/cumin-essential-oil\/#breadcrumb\",\"itemListElement\":[{\"@type\":\"ListItem\",\"position\":1,\"name\":\"Home\",\"item\":\"https:\/\/dutchhealthstore.com\/de\/\"},{\"@type\":\"ListItem\",\"position\":2,\"name\":\"Shop\",\"item\":\"https:\/\/dutchhealthstore.com\/de\/shop-2\/\"},{\"@type\":\"ListItem\",\"position\":3,\"name\":\"Cumin Essential Oil\"}]},{\"@type\":\"WebSite\",\"@id\":\"https:\/\/dutchhealthstore.com\/de\/#website\",\"url\":\"https:\/\/dutchhealthstore.com\/de\/\",\"name\":\"Dutch Health Store\",\"description\":\"Enhance Your Beauty with Organic &amp; Natural Skincare\",\"publisher\":{\"@id\":\"https:\/\/dutchhealthstore.com\/de\/#organization\"},\"potentialAction\":[{\"@type\":\"SearchAction\",\"target\":{\"@type\":\"EntryPoint\",\"urlTemplate\":\"https:\/\/dutchhealthstore.com\/de\/?s={search_term_string}\"},\"query-input\":{\"@type\":\"PropertyValueSpecification\",\"valueRequired\":true,\"valueName\":\"search_term_string\"}}],\"inLanguage\":\"de\"},{\"@type\":\"Organization\",\"@id\":\"https:\/\/dutchhealthstore.com\/de\/#organization\",\"name\":\"Dutch Health Store\",\"url\":\"https:\/\/dutchhealthstore.com\/de\/\",\"logo\":{\"@type\":\"ImageObject\",\"inLanguage\":\"de\",\"@id\":\"https:\/\/dutchhealthstore.com\/de\/#\/schema\/logo\/image\/\",\"url\":\"https:\/\/dutchhealthstore.com\/wp-content\/uploads\/2020\/08\/logo-dutchhealthstore-jpg-e1599484957574.jpg\",\"contentUrl\":\"https:\/\/dutchhealthstore.com\/wp-content\/uploads\/2020\/08\/logo-dutchhealthstore-jpg-e1599484957574.jpg\",\"width\":400,\"height\":62,\"caption\":\"Dutch Health Store\"},\"image\":{\"@id\":\"https:\/\/dutchhealthstore.com\/de\/#\/schema\/logo\/image\/\"},\"sameAs\":[\"https:\/\/www.instagram.com\/dutchhealthstore\/\",\"https:\/\/www.facebook.com\/dutchhealthstore\"]}]}<\/script>\n<meta property=\"product:brand\" content=\"Living Libations\" \/>\n<meta property=\"og:availability\" content=\"instock\" \/>\n<meta property=\"product:availability\" content=\"instock\" \/>\n<meta property=\"product:condition\" content=\"new\" \/>\n<!-- \/ Yoast SEO Premium plugin. -->","yoast_head_json":{"title":"Cumin Essential Oil | Living Libations","description":"Das klassische Cumin Essential Oil von Living Libations nutzt die Kraft einer Pflanze, die seit dem zweiten Jahrtausend v. Chr. als aromatisches Gew\u00fcrz gesch\u00e4tzt wird.","robots":{"index":"index","follow":"follow","max-snippet":"max-snippet:-1","max-image-preview":"max-image-preview:large","max-video-preview":"max-video-preview:-1"},"canonical":"https:\/\/dutchhealthstore.com\/de\/product\/cumin-essential-oil\/","og_locale":"de_DE","og_type":"article","og_title":"Cumin Essential Oil - Dutch Health Store","og_description":"Das klassische Cumin Essential Oil von Living Libations nutzt die Kraft einer Pflanze, die seit dem zweiten Jahrtausend v. Chr. als aromatisches Gew\u00fcrz gesch\u00e4tzt wird.","og_url":"https:\/\/dutchhealthstore.com\/de\/product\/cumin-essential-oil\/","og_site_name":"Dutch Health Store","article_publisher":"https:\/\/www.instagram.com\/dutchhealthstore\/","article_modified_time":"2024-05-01T07:07:08+00:00","og_image":[{"width":510,"height":510,"url":"https:\/\/dutchhealthstore.com\/wp-content\/uploads\/2020\/06\/LLcuminessentialoil.jpg","type":"image\/jpeg"}],"twitter_card":"summary_large_image","twitter_misc":{"Verf\u00fcgbarkeit":"Auf Lager"},"schema":{"@context":"https:\/\/schema.org","@graph":[{"@type":"WebPage","@id":"https:\/\/dutchhealthstore.com\/de\/product\/cumin-essential-oil\/","url":"https:\/\/dutchhealthstore.com\/de\/product\/cumin-essential-oil\/","name":"Cumin Essential Oil | Living Libations","isPartOf":{"@id":"https:\/\/dutchhealthstore.com\/de\/#website"},"primaryImageOfPage":{"@id":"https:\/\/dutchhealthstore.com\/de\/product\/cumin-essential-oil\/#primaryimage"},"image":{"@id":"https:\/\/dutchhealthstore.com\/de\/product\/cumin-essential-oil\/#primaryimage"},"thumbnailUrl":"https:\/\/dutchhealthstore.com\/wp-content\/uploads\/2020\/06\/LLcuminessentialoil.jpg","datePublished":"2020-06-15T05:11:44+00:00","dateModified":"2024-05-01T07:07:08+00:00","description":"Das klassische Cumin Essential Oil von Living Libations nutzt die Kraft einer Pflanze, die seit dem zweiten Jahrtausend v. Chr. als aromatisches Gew\u00fcrz gesch\u00e4tzt wird.","breadcrumb":{"@id":"https:\/\/dutchhealthstore.com\/de\/product\/cumin-essential-oil\/#breadcrumb"},"inLanguage":"de","potentialAction":[{"@type":"ReadAction","target":["https:\/\/dutchhealthstore.com\/de\/product\/cumin-essential-oil\/"]}]},{"@type":"ImageObject","inLanguage":"de","@id":"https:\/\/dutchhealthstore.com\/de\/product\/cumin-essential-oil\/#primaryimage","url":"https:\/\/dutchhealthstore.com\/wp-content\/uploads\/2020\/06\/LLcuminessentialoil.jpg","contentUrl":"https:\/\/dutchhealthstore.com\/wp-content\/uploads\/2020\/06\/LLcuminessentialoil.jpg","width":510,"height":510,"caption":"LLcuminessentialoil"},{"@type":"BreadcrumbList","@id":"https:\/\/dutchhealthstore.com\/de\/product\/cumin-essential-oil\/#breadcrumb","itemListElement":[{"@type":"ListItem","position":1,"name":"Home","item":"https:\/\/dutchhealthstore.com\/de\/"},{"@type":"ListItem","position":2,"name":"Shop","item":"https:\/\/dutchhealthstore.com\/de\/shop-2\/"},{"@type":"ListItem","position":3,"name":"Cumin Essential Oil"}]},{"@type":"WebSite","@id":"https:\/\/dutchhealthstore.com\/de\/#website","url":"https:\/\/dutchhealthstore.com\/de\/","name":"Dutch Health Store","description":"Enhance Your Beauty with Organic &amp; Natural Skincare","publisher":{"@id":"https:\/\/dutchhealthstore.com\/de\/#organization"},"potentialAction":[{"@type":"SearchAction","target":{"@type":"EntryPoint","urlTemplate":"https:\/\/dutchhealthstore.com\/de\/?s={search_term_string}"},"query-input":{"@type":"PropertyValueSpecification","valueRequired":true,"valueName":"search_term_string"}}],"inLanguage":"de"},{"@type":"Organization","@id":"https:\/\/dutchhealthstore.com\/de\/#organization","name":"Dutch Health Store","url":"https:\/\/dutchhealthstore.com\/de\/","logo":{"@type":"ImageObject","inLanguage":"de","@id":"https:\/\/dutchhealthstore.com\/de\/#\/schema\/logo\/image\/","url":"https:\/\/dutchhealthstore.com\/wp-content\/uploads\/2020\/08\/logo-dutchhealthstore-jpg-e1599484957574.jpg","contentUrl":"https:\/\/dutchhealthstore.com\/wp-content\/uploads\/2020\/08\/logo-dutchhealthstore-jpg-e1599484957574.jpg","width":400,"height":62,"caption":"Dutch Health Store"},"image":{"@id":"https:\/\/dutchhealthstore.com\/de\/#\/schema\/logo\/image\/"},"sameAs":["https:\/\/www.instagram.com\/dutchhealthstore\/","https:\/\/www.facebook.com\/dutchhealthstore"]}]},"product_brand":"Living Libations","og_availability":"instock","product_availability":"instock","product_condition":"new"},"_links":{"self":[{"href":"https:\/\/dutchhealthstore.com\/de\/wp-json\/wp\/v2\/product\/117913","targetHints":{"allow":["GET"]}}],"collection":[{"href":"https:\/\/dutchhealthstore.com\/de\/wp-json\/wp\/v2\/product"}],"about":[{"href":"https:\/\/dutchhealthstore.com\/de\/wp-json\/wp\/v2\/types\/product"}],"replies":[{"embeddable":true,"href":"https:\/\/dutchhealthstore.com\/de\/wp-json\/wp\/v2\/comments?post=117913"}],"wp:featuredmedia":[{"embeddable":true,"href":"https:\/\/dutchhealthstore.com\/de\/wp-json\/wp\/v2\/media\/250435"}],"wp:attachment":[{"href":"https:\/\/dutchhealthstore.com\/de\/wp-json\/wp\/v2\/media?parent=117913"}],"wp:term":[{"taxonomy":"product_brand","embeddable":true,"href":"https:\/\/dutchhealthstore.com\/de\/wp-json\/wp\/v2\/product_brand?post=117913"},{"taxonomy":"product_cat","embeddable":true,"href":"https:\/\/dutchhealthstore.com\/de\/wp-json\/wp\/v2\/product_cat?post=117913"},{"taxonomy":"product_tag","embeddable":true,"href":"https:\/\/dutchhealthstore.com\/de\/wp-json\/wp\/v2\/product_tag?post=117913"}],"curies":[{"name":"wp","href":"https:\/\/api.w.org\/{rel}","templated":true}]}}