{"id":117889,"date":"2020-06-25T11:22:56","date_gmt":"2020-06-25T09:22:56","guid":{"rendered":"https:\/\/dutchhealthstore.com\/product\/cypress-essential-oil\/"},"modified":"2026-02-28T13:11:28","modified_gmt":"2026-02-28T12:11:28","slug":"cypress-essential-oil","status":"publish","type":"product","link":"https:\/\/dutchhealthstore.com\/de\/product\/cypress-essential-oil\/","title":{"rendered":"Cypress Essential Oil"},"content":{"rendered":"<p><img decoding=\"async\" class=\"size-full wp-image-69549 alignright\" src=\"https:\/\/dutchhealthstore.com\/wp-content\/uploads\/2019\/08\/NEW-Living-Libations-Logo.jpg\" alt=\"NEW - Living Libations - Logo\" width=\"175\" height=\"82\"><strong>Botanischer Name:<\/strong> Cypressus sempervirens<br \/>\n<strong>Botanische Familie:<\/strong> Cupressaceae<br \/>\n<strong>Extraktionsverfahren:<\/strong> Dampfdestilliert<br \/>\n<strong>Teil der Pflanze Destilliert:<\/strong> Nadeln<br \/>\n<strong>Herkunftsland:<\/strong> Frankreich<br \/>\n<strong>Anbaumethode:<\/strong> Bio<br \/>\n<strong>Zusammensetzung:<\/strong> 100% Cypressus sempervirens<br \/>\n<strong>Konsistenz:<\/strong> D\u00fcnn<\/p>\n<h3>Beschreibung des Duftes<\/h3>\n<p>Scharfes, knackiges Immergr\u00fcn mit der w\u00fcrzigen Essenz von h\u00fcgeligen Waldfeldern.<\/p>\n<h3>In Living Libations<\/h3>\n<p>DewDab, Verve Tonic und CelluLight Formula.<\/p>\n<h3>Gut mischbar mit<\/h3>\n<p>Zitrone, Niaouli, Strohblume, Mastix, Wacholder, Grapefruit, Rosmarin, Kapkamille, Rose Otto, Lavendel und Muskatellersalbei.<\/p>\n<h3>Verwendet<\/h3>\n<p>Trocknend, harzig, warm und tonisierend. Verst\u00e4rkung. Stellt die Ruhe wieder her. In der Parf\u00fcmerie wird er in Amber-Akkorden eingesetzt. Bek\u00e4mpft das Gef\u00fchl der M\u00fcdigkeit. Deodorant. Versch\u00f6nert R\u00e4ume mit duftender Kraft in einem Diffusor. Atmen Sie in die Salzpfeife ein, um den Brustkorb zu erweitern. In Massage\u00f6l f\u00fchlt es sich am besten an. Ein au\u00dfergew\u00f6hnlicher Hauttoner. Perfekt, um einen Tropfen auf den K\u00f6rper trocken Pinsel Techniken zu verwenden.<\/p>\n<p><strong>Gr\u00f6\u00dfe: 5 ml und 15 ml<\/strong><\/p>\n<h3>Inhaltsstoffe<\/h3>\n<p>Nonoterpene a-Pinen (%46), Sesquiterpene a-Cedren, Cedrol und Diterpene.<\/p>\n<a href=\"https:\/\/dutchhealthstore.com\/wp-content\/uploads\/2020\/06\/ANALYSIS-Cypress-Essential-Oil-Living-Libations.pdf\" class=\"button primary is-primary is-small\"  >\n\t\t<span>ANALYSE DER \u00c4THERISCHEN \u00d6LE &gt;<\/span>\n\t<\/a>\n\n<p>Unser frisches und st\u00e4rkendes Cypress Essential Oil beschw\u00f6rt immergr\u00fcne Bilder von zeitlosen Baumlinien und einem ruhigen blauen Himmel herauf. Atmen Sie tief ein und machen Sie sich die m\u00e4chtige Kraft der stattlichen Zypresse zunutze, die seit Jahrtausenden K\u00f6rper auf der ganzen Welt gesalbt hat.<\/p>\n<p>Die alten \u00c4gypter verwendeten den \u00f6ligen Extrakt zur Herstellung von Kosmetika, w\u00e4hrend die Tibeter die Zypresse ihren R\u00e4ucherst\u00e4bchen beif\u00fcgten, um ihre innere und \u00e4u\u00dfere Umgebung zu reinigen. Heute wird die Zypresse auf Friedh\u00f6fen gepflanzt, um allen Menschen Frieden zu bringen. Nutzen Sie die tr\u00f6stende Umarmung des Cypress Essential Oil, um Liebeskummer zu lindern, Herausforderungen zu \u00fcberwinden und Ihren Weg durch die aufgew\u00fchlten Wogen der Trauer zu finden. Auf der Haut kann es tonisierend und austrocknend wirken, es soll \u00dcberschuss ausgleichen und bei Emotionen kann es \u00fcbersch\u00fcssige Tr\u00e4nen &#8222;austrocknen&#8220;.<\/p>\n<p>Diese klare Essenz reinigt die Poren, gleicht \u00fcbersch\u00fcssiges Hautfett aus, hebt die Laune und erh\u00f6ht die Geduld. Cypress Essential Oil ist ein wunderbares Deodorant und wird h\u00e4ufig in Parf\u00fcms, Lotionen und Shampoos verwendet. F\u00fchlen, sehen und riechen Sie sich wie die Kraft und der Geist der souver\u00e4nen Zypressen!<\/p>\n<h3>Organic Ingredients<\/h3>\n<p>100% \u00e4therisches \u00d6l der Zypresse (Cypressus sempervirens).<\/p>\n<p style=\"text-align: center;\"><em>&#8222;Er erz\u00e4hlte von der Magnolie, die sich hoch wie eine Wolke ausbreitet, hoch oben! Von der Zypresse und ihrer Spitze; von Blumen, die mit einem scharlachroten Schimmer hundert Meilen bedecken und die H\u00fcgel in Brand zu setzen scheinen.&#8220;<\/em><br \/>\n~ William Wordsworth<\/p>\n<p style=\"text-align: center;\"><em>&#8222;Der griechische Mythos von Kyparissos erkl\u00e4rt ihre mythischen Urspr\u00fcnge und kulturellen Assoziationen&#8230; die Zypresse wurde untrennbar mit Trauer, Weinen und der Unterwelt, aber auch mit \u00dcberg\u00e4ngen und Verwandlungen verbunden. Der Artname sympervirens bedeutet \u00fcbersetzt &#8218;immer lebendig&#8216;.&#8220;<\/em><br \/>\n~ Jennifer Peace Rhind, <strong>Fragrance and Wellbeing<\/strong><\/p>\n<p style=\"text-align: center;\"><em>&#8222;Die Zypresse hat Frequenzen, die sich im \u00dcbergang zwischen dem Physischen und dem Spirituellen befinden&#8230;&#8220;<\/em><br \/>\n~ Valerie Ann Worwood, <strong>Aromatherapy for the Soul<\/strong><\/p>\n<p><img fetchpriority=\"high\" decoding=\"async\" class=\"size-medium wp-image-68103 aligncenter\" src=\"https:\/\/dutchhealthstore.com\/wp-content\/uploads\/2018\/02\/Living-Libations-Organic-Logo-800x89.png\" alt=\"Living Libations - Organic Logo\" width=\"800\" height=\"89\" srcset=\"https:\/\/dutchhealthstore.com\/wp-content\/uploads\/2018\/02\/Living-Libations-Organic-Logo-800x89.png 800w, https:\/\/dutchhealthstore.com\/wp-content\/uploads\/2018\/02\/Living-Libations-Organic-Logo-510x57.png 510w, https:\/\/dutchhealthstore.com\/wp-content\/uploads\/2018\/02\/Living-Libations-Organic-Logo-768x85.png 768w, https:\/\/dutchhealthstore.com\/wp-content\/uploads\/2018\/02\/Living-Libations-Organic-Logo.png 1400w\" sizes=\"(max-width: 800px) 100vw, 800px\" \/><\/p>\n","protected":false},"excerpt":{"rendered":"<p>Das <strong>Cypress Essential Oil<\/strong> der Stoischen wird aus den m\u00e4chtigen Nadeln des majest\u00e4tischen immergr\u00fcnen Baumes destilliert, der zum Himmel zeigt, w\u00e4hrend er \u00fcber Jahrhunderte der Existenz wacht.<br \/>\nDie Essenz der Zypresse ist ebenso st\u00e4rkend wie erfrischend und wird seit Tausenden von Jahren verwendet, um in Zeiten der Trauer Trost zu spenden.<br \/>\nNutzen Sie die Hilfe der m\u00e4chtigen Zypresse, um den Blues zu vertreiben, ein Schlaflied zu singen, mit einem einzigen Schnupfen zu entschleunigen und das Ableben eines geliebten Menschen mit temperamentvoller Anmut zu feiern.<\/p>\n","protected":false},"featured_media":148390,"comment_status":"open","ping_status":"closed","template":"","meta":[],"product_brand":[],"product_cat":[1546,6737,1508,1493,1210,6736],"product_tag":[1547],"class_list":{"0":"post-117889","1":"product","2":"type-product","3":"status-publish","4":"has-post-thumbnail","6":"product_cat-essential-oils-living-libations-de","7":"product_cat-essential-oils-de-2","8":"product_cat-aetherische-oele-living-libations","9":"product_cat-living-libations-deutschland","10":"product_cat-marken","11":"product_cat-wellness-de","12":"product_tag-essential-oil-de","13":"pa_brand-livinglibations-de","14":"pa_essential-oils-product-type-essential-oils-de","15":"pa_size-5-ml-de","16":"pa_size-15-ml-de-2","18":"first","19":"instock","20":"taxable","21":"shipping-taxable","22":"purchasable","23":"product-type-variable"},"bundled_by":[],"bundle_stock_status":"instock","bundle_stock_quantity":null,"bundle_virtual":false,"bundle_layout":"","bundle_add_to_cart_form_location":"","bundle_editable_in_cart":false,"bundle_sold_individually_context":"","bundle_item_grouping":"","bundle_min_size":"","bundle_max_size":"","bundle_price":[],"bundled_items":[],"bundle_sell_ids":[],"atum_controlled":true,"out_stock_date":null,"out_stock_threshold":null,"inheritable":true,"stock_on_hold":0,"sold_today":0,"sales_last_days":0,"out_stock_days":0,"lost_sales":0,"update_date":"2026-04-08T01:47:27","atum_locations":[],"atum_stock_status":"instock","restock_status":false,"low_stock_amount":"","sales_update_date":"2026-04-08T01:47:27","calc_backorders":null,"group_of_quantity":0,"min_quantity":0,"max_quantity":"","exclude_order_quantity_value_rules":"no","exclude_category_quantity_rules":"no","combine_variations":"no","yoast_head":"<!-- This site is optimized with the Yoast SEO Premium plugin v26.5 (Yoast SEO v26.5) - https:\/\/yoast.com\/wordpress\/plugins\/seo\/ -->\n<title>Cypress Essential Oil | Living Libations<\/title>\n<meta name=\"description\" content=\"Die Essenz der Zypresse ist ebenso st\u00e4rkend wie erfrischend und wird seit Tausenden von Jahren verwendet, um in Zeiten der Trauer Trost zu spenden.\" \/>\n<meta name=\"robots\" content=\"index, follow, max-snippet:-1, max-image-preview:large, max-video-preview:-1\" \/>\n<link rel=\"canonical\" href=\"https:\/\/dutchhealthstore.com\/de\/product\/cypress-essential-oil\/\" \/>\n<meta property=\"og:locale\" content=\"de_DE\" \/>\n<meta property=\"og:type\" content=\"article\" \/>\n<meta property=\"og:title\" content=\"Cypress Essential Oil - Dutch Health Store\" \/>\n<meta property=\"og:description\" content=\"Die Essenz der Zypresse ist ebenso st\u00e4rkend wie erfrischend und wird seit Tausenden von Jahren verwendet, um in Zeiten der Trauer Trost zu spenden.\" \/>\n<meta property=\"og:url\" content=\"https:\/\/dutchhealthstore.com\/de\/product\/cypress-essential-oil\/\" \/>\n<meta property=\"og:site_name\" content=\"Dutch Health Store\" \/>\n<meta property=\"article:publisher\" content=\"https:\/\/www.instagram.com\/dutchhealthstore\/\" \/>\n<meta property=\"article:modified_time\" content=\"2026-02-28T12:11:28+00:00\" \/>\n<meta property=\"og:image\" content=\"https:\/\/dutchhealthstore.com\/wp-content\/uploads\/2020\/06\/cypress_8fadf751-ec0e-4bbc-9390-55a5eea83728_1024x1024@2x.png\" \/>\n\t<meta property=\"og:image:width\" content=\"1200\" \/>\n\t<meta property=\"og:image:height\" content=\"1200\" \/>\n\t<meta property=\"og:image:type\" content=\"image\/jpeg\" \/>\n<meta name=\"twitter:card\" content=\"summary_large_image\" \/>\n<meta name=\"twitter:label1\" content=\"Verf\u00fcgbarkeit\" \/>\n\t<meta name=\"twitter:data1\" content=\"Auf Lager\" \/>\n<script type=\"application\/ld+json\" class=\"yoast-schema-graph\">{\"@context\":\"https:\/\/schema.org\",\"@graph\":[{\"@type\":\"WebPage\",\"@id\":\"https:\/\/dutchhealthstore.com\/de\/product\/cypress-essential-oil\/\",\"url\":\"https:\/\/dutchhealthstore.com\/de\/product\/cypress-essential-oil\/\",\"name\":\"Cypress Essential Oil | Living Libations\",\"isPartOf\":{\"@id\":\"https:\/\/dutchhealthstore.com\/de\/#website\"},\"primaryImageOfPage\":{\"@id\":\"https:\/\/dutchhealthstore.com\/de\/product\/cypress-essential-oil\/#primaryimage\"},\"image\":{\"@id\":\"https:\/\/dutchhealthstore.com\/de\/product\/cypress-essential-oil\/#primaryimage\"},\"thumbnailUrl\":\"https:\/\/dutchhealthstore.com\/wp-content\/uploads\/2020\/06\/cypress_8fadf751-ec0e-4bbc-9390-55a5eea83728_1024x1024@2x.png\",\"datePublished\":\"2020-06-25T09:22:56+00:00\",\"dateModified\":\"2026-02-28T12:11:28+00:00\",\"description\":\"Die Essenz der Zypresse ist ebenso st\u00e4rkend wie erfrischend und wird seit Tausenden von Jahren verwendet, um in Zeiten der Trauer Trost zu spenden.\",\"breadcrumb\":{\"@id\":\"https:\/\/dutchhealthstore.com\/de\/product\/cypress-essential-oil\/#breadcrumb\"},\"inLanguage\":\"de\",\"potentialAction\":[{\"@type\":\"ReadAction\",\"target\":[\"https:\/\/dutchhealthstore.com\/de\/product\/cypress-essential-oil\/\"]}]},{\"@type\":\"ImageObject\",\"inLanguage\":\"de\",\"@id\":\"https:\/\/dutchhealthstore.com\/de\/product\/cypress-essential-oil\/#primaryimage\",\"url\":\"https:\/\/dutchhealthstore.com\/wp-content\/uploads\/2020\/06\/cypress_8fadf751-ec0e-4bbc-9390-55a5eea83728_1024x1024@2x.png\",\"contentUrl\":\"https:\/\/dutchhealthstore.com\/wp-content\/uploads\/2020\/06\/cypress_8fadf751-ec0e-4bbc-9390-55a5eea83728_1024x1024@2x.png\",\"width\":1200,\"height\":1200},{\"@type\":\"BreadcrumbList\",\"@id\":\"https:\/\/dutchhealthstore.com\/de\/product\/cypress-essential-oil\/#breadcrumb\",\"itemListElement\":[{\"@type\":\"ListItem\",\"position\":1,\"name\":\"Home\",\"item\":\"https:\/\/dutchhealthstore.com\/de\/\"},{\"@type\":\"ListItem\",\"position\":2,\"name\":\"Shop\",\"item\":\"https:\/\/dutchhealthstore.com\/de\/shop-2\/\"},{\"@type\":\"ListItem\",\"position\":3,\"name\":\"Cypress Essential Oil\"}]},{\"@type\":\"WebSite\",\"@id\":\"https:\/\/dutchhealthstore.com\/de\/#website\",\"url\":\"https:\/\/dutchhealthstore.com\/de\/\",\"name\":\"Dutch Health Store\",\"description\":\"Enhance Your Beauty with Organic &amp; Natural Skincare\",\"publisher\":{\"@id\":\"https:\/\/dutchhealthstore.com\/de\/#organization\"},\"potentialAction\":[{\"@type\":\"SearchAction\",\"target\":{\"@type\":\"EntryPoint\",\"urlTemplate\":\"https:\/\/dutchhealthstore.com\/de\/?s={search_term_string}\"},\"query-input\":{\"@type\":\"PropertyValueSpecification\",\"valueRequired\":true,\"valueName\":\"search_term_string\"}}],\"inLanguage\":\"de\"},{\"@type\":\"Organization\",\"@id\":\"https:\/\/dutchhealthstore.com\/de\/#organization\",\"name\":\"Dutch Health Store\",\"url\":\"https:\/\/dutchhealthstore.com\/de\/\",\"logo\":{\"@type\":\"ImageObject\",\"inLanguage\":\"de\",\"@id\":\"https:\/\/dutchhealthstore.com\/de\/#\/schema\/logo\/image\/\",\"url\":\"https:\/\/dutchhealthstore.com\/wp-content\/uploads\/2020\/08\/logo-dutchhealthstore-jpg-e1599484957574.jpg\",\"contentUrl\":\"https:\/\/dutchhealthstore.com\/wp-content\/uploads\/2020\/08\/logo-dutchhealthstore-jpg-e1599484957574.jpg\",\"width\":400,\"height\":62,\"caption\":\"Dutch Health Store\"},\"image\":{\"@id\":\"https:\/\/dutchhealthstore.com\/de\/#\/schema\/logo\/image\/\"},\"sameAs\":[\"https:\/\/www.instagram.com\/dutchhealthstore\/\",\"https:\/\/www.facebook.com\/dutchhealthstore\"]}]}<\/script>\n<meta property=\"product:brand\" content=\"Living Libations\" \/>\n<meta property=\"og:availability\" content=\"instock\" \/>\n<meta property=\"product:availability\" content=\"instock\" \/>\n<meta property=\"product:condition\" content=\"new\" \/>\n<!-- \/ Yoast SEO Premium plugin. -->","yoast_head_json":{"title":"Cypress Essential Oil | Living Libations","description":"Die Essenz der Zypresse ist ebenso st\u00e4rkend wie erfrischend und wird seit Tausenden von Jahren verwendet, um in Zeiten der Trauer Trost zu spenden.","robots":{"index":"index","follow":"follow","max-snippet":"max-snippet:-1","max-image-preview":"max-image-preview:large","max-video-preview":"max-video-preview:-1"},"canonical":"https:\/\/dutchhealthstore.com\/de\/product\/cypress-essential-oil\/","og_locale":"de_DE","og_type":"article","og_title":"Cypress Essential Oil - Dutch Health Store","og_description":"Die Essenz der Zypresse ist ebenso st\u00e4rkend wie erfrischend und wird seit Tausenden von Jahren verwendet, um in Zeiten der Trauer Trost zu spenden.","og_url":"https:\/\/dutchhealthstore.com\/de\/product\/cypress-essential-oil\/","og_site_name":"Dutch Health Store","article_publisher":"https:\/\/www.instagram.com\/dutchhealthstore\/","article_modified_time":"2026-02-28T12:11:28+00:00","og_image":[{"width":1200,"height":1200,"url":"https:\/\/dutchhealthstore.com\/wp-content\/uploads\/2020\/06\/cypress_8fadf751-ec0e-4bbc-9390-55a5eea83728_1024x1024@2x.png","type":"image\/jpeg"}],"twitter_card":"summary_large_image","twitter_misc":{"Verf\u00fcgbarkeit":"Auf Lager"},"schema":{"@context":"https:\/\/schema.org","@graph":[{"@type":"WebPage","@id":"https:\/\/dutchhealthstore.com\/de\/product\/cypress-essential-oil\/","url":"https:\/\/dutchhealthstore.com\/de\/product\/cypress-essential-oil\/","name":"Cypress Essential Oil | Living Libations","isPartOf":{"@id":"https:\/\/dutchhealthstore.com\/de\/#website"},"primaryImageOfPage":{"@id":"https:\/\/dutchhealthstore.com\/de\/product\/cypress-essential-oil\/#primaryimage"},"image":{"@id":"https:\/\/dutchhealthstore.com\/de\/product\/cypress-essential-oil\/#primaryimage"},"thumbnailUrl":"https:\/\/dutchhealthstore.com\/wp-content\/uploads\/2020\/06\/cypress_8fadf751-ec0e-4bbc-9390-55a5eea83728_1024x1024@2x.png","datePublished":"2020-06-25T09:22:56+00:00","dateModified":"2026-02-28T12:11:28+00:00","description":"Die Essenz der Zypresse ist ebenso st\u00e4rkend wie erfrischend und wird seit Tausenden von Jahren verwendet, um in Zeiten der Trauer Trost zu spenden.","breadcrumb":{"@id":"https:\/\/dutchhealthstore.com\/de\/product\/cypress-essential-oil\/#breadcrumb"},"inLanguage":"de","potentialAction":[{"@type":"ReadAction","target":["https:\/\/dutchhealthstore.com\/de\/product\/cypress-essential-oil\/"]}]},{"@type":"ImageObject","inLanguage":"de","@id":"https:\/\/dutchhealthstore.com\/de\/product\/cypress-essential-oil\/#primaryimage","url":"https:\/\/dutchhealthstore.com\/wp-content\/uploads\/2020\/06\/cypress_8fadf751-ec0e-4bbc-9390-55a5eea83728_1024x1024@2x.png","contentUrl":"https:\/\/dutchhealthstore.com\/wp-content\/uploads\/2020\/06\/cypress_8fadf751-ec0e-4bbc-9390-55a5eea83728_1024x1024@2x.png","width":1200,"height":1200},{"@type":"BreadcrumbList","@id":"https:\/\/dutchhealthstore.com\/de\/product\/cypress-essential-oil\/#breadcrumb","itemListElement":[{"@type":"ListItem","position":1,"name":"Home","item":"https:\/\/dutchhealthstore.com\/de\/"},{"@type":"ListItem","position":2,"name":"Shop","item":"https:\/\/dutchhealthstore.com\/de\/shop-2\/"},{"@type":"ListItem","position":3,"name":"Cypress Essential Oil"}]},{"@type":"WebSite","@id":"https:\/\/dutchhealthstore.com\/de\/#website","url":"https:\/\/dutchhealthstore.com\/de\/","name":"Dutch Health Store","description":"Enhance Your Beauty with Organic &amp; Natural Skincare","publisher":{"@id":"https:\/\/dutchhealthstore.com\/de\/#organization"},"potentialAction":[{"@type":"SearchAction","target":{"@type":"EntryPoint","urlTemplate":"https:\/\/dutchhealthstore.com\/de\/?s={search_term_string}"},"query-input":{"@type":"PropertyValueSpecification","valueRequired":true,"valueName":"search_term_string"}}],"inLanguage":"de"},{"@type":"Organization","@id":"https:\/\/dutchhealthstore.com\/de\/#organization","name":"Dutch Health Store","url":"https:\/\/dutchhealthstore.com\/de\/","logo":{"@type":"ImageObject","inLanguage":"de","@id":"https:\/\/dutchhealthstore.com\/de\/#\/schema\/logo\/image\/","url":"https:\/\/dutchhealthstore.com\/wp-content\/uploads\/2020\/08\/logo-dutchhealthstore-jpg-e1599484957574.jpg","contentUrl":"https:\/\/dutchhealthstore.com\/wp-content\/uploads\/2020\/08\/logo-dutchhealthstore-jpg-e1599484957574.jpg","width":400,"height":62,"caption":"Dutch Health Store"},"image":{"@id":"https:\/\/dutchhealthstore.com\/de\/#\/schema\/logo\/image\/"},"sameAs":["https:\/\/www.instagram.com\/dutchhealthstore\/","https:\/\/www.facebook.com\/dutchhealthstore"]}]},"product_brand":"Living Libations","og_availability":"instock","product_availability":"instock","product_condition":"new"},"_links":{"self":[{"href":"https:\/\/dutchhealthstore.com\/de\/wp-json\/wp\/v2\/product\/117889","targetHints":{"allow":["GET"]}}],"collection":[{"href":"https:\/\/dutchhealthstore.com\/de\/wp-json\/wp\/v2\/product"}],"about":[{"href":"https:\/\/dutchhealthstore.com\/de\/wp-json\/wp\/v2\/types\/product"}],"replies":[{"embeddable":true,"href":"https:\/\/dutchhealthstore.com\/de\/wp-json\/wp\/v2\/comments?post=117889"}],"wp:featuredmedia":[{"embeddable":true,"href":"https:\/\/dutchhealthstore.com\/de\/wp-json\/wp\/v2\/media\/148390"}],"wp:attachment":[{"href":"https:\/\/dutchhealthstore.com\/de\/wp-json\/wp\/v2\/media?parent=117889"}],"wp:term":[{"taxonomy":"product_brand","embeddable":true,"href":"https:\/\/dutchhealthstore.com\/de\/wp-json\/wp\/v2\/product_brand?post=117889"},{"taxonomy":"product_cat","embeddable":true,"href":"https:\/\/dutchhealthstore.com\/de\/wp-json\/wp\/v2\/product_cat?post=117889"},{"taxonomy":"product_tag","embeddable":true,"href":"https:\/\/dutchhealthstore.com\/de\/wp-json\/wp\/v2\/product_tag?post=117889"}],"curies":[{"name":"wp","href":"https:\/\/api.w.org\/{rel}","templated":true}]}}