{"id":117854,"date":"2018-04-13T21:30:29","date_gmt":"2018-04-13T19:30:29","guid":{"rendered":"https:\/\/dutchhealthstore.com\/product\/cranberry-seed-carrier-oil\/"},"modified":"2023-03-09T13:38:10","modified_gmt":"2023-03-09T13:38:10","slug":"cranberry-seed-carrier-oil","status":"publish","type":"product","link":"https:\/\/dutchhealthstore.com\/de\/product\/cranberry-seed-carrier-oil\/","title":{"rendered":"Cranberry Seed Carrier Oil"},"content":{"rendered":"<p class=\"Body\"><strong><img decoding=\"async\" class=\"size-full wp-image-69549 alignright\" src=\"https:\/\/dutchhealthstore.com\/wp-content\/uploads\/2019\/08\/NEW-Living-Libations-Logo.jpg\" alt=\"NEW - Living Libations - Logo\" width=\"175\" height=\"82\">Botanischer Name:<\/strong><em>Vaccinium macrocarpon<\/em><br \/>\n<strong>Botanische Familie:<\/strong> <em>Ericaceae<\/em><br \/>\n<strong>Zutaten: <\/strong>Cranberrysamen\u00f6l + \u00c4therisches Lavendel\u00f6l<br \/>\n<strong>Extraktionsverfahren:<\/strong> Kalt gepresst<br \/>\n<strong>Teil der Pflanze Destilliert:<\/strong> Saatgut<br \/>\n<strong>Herkunftsland:<\/strong> Kanada<br \/>\n<strong>Anbaumethode: <\/strong>Bio<br \/>\n<strong>Zusammensetzung: <\/strong>95% <em>Vaccinium macrocarpon<\/em> + 5% <em>Lavandula angustifolia<\/em><br \/>\n<strong>Konsistenz:<\/strong> Mittel<\/p>\n<h3 class=\"Body\">Beschreibung des Duftes<\/h3>\n<p class=\"Body\">Entfernt und subtil mit zarten Noten von N\u00fcssen und Honig.<\/p>\n<h3 class=\"Body\">Gut mischbar mit<\/h3>\n<p class=\"Body\">Myrrhe, Myrte, Muskatellersalbei, Lavendel, Ylang, Orange, Kardamom, Palmarosa, Thymian, Sanddorn, Rainfarn, Schafgarbe, Lorbeer, Weihrauch, Rose Otto, Strohblume und Sandelholz.<\/p>\n<h3 class=\"Body\">Verwenden Sie<\/h3>\n<p class=\"Body\">Ausgezeichnetes hautpflegendes Emolliens und Tr\u00e4ger f\u00fcr pflanzliche Essenzen. Au\u00dfergew\u00f6hnlicher Feuchtigkeitsspender.<\/p>\n<h3 class=\"Body\">Inhaltsstoffe<\/h3>\n<p class=\"Body\">Enth\u00e4lt ein seltenes Gleichgewicht an essentiellen Omega-3-, -6- und -9-Fetts\u00e4uren. Au\u00dferdem enth\u00e4lt es Tocopherole, Tocotrienole und carotinoide Antioxidantien wie Lutein und Zeaxanthin.<\/p>\n<p class=\"Body\">Cranberry Seed Oil l\u00e4sst sich leicht f\u00fcr ma\u00dfgeschneiderte Teintkreationen verwenden, da es schnell einzieht, beruhigt und gl\u00e4ttet. Diese milde, reichhaltige Feuchtigkeitscreme wird aus den biologischen Samen dieser Superbeere gepresst und hilft, das Hautbild neu zu strukturieren.<\/p>\n<h3 style=\"font-weight: normal !important;\"><strong>Cranberry Complexion Serum<\/strong><\/h3>\n<p style=\"font-weight: 400;\">5ml Cranberry Seed Oil + Lavender<\/p>\n<p style=\"font-weight: 400;\">5 Tropfen Immortelle<\/p>\n<p style=\"font-weight: 400;\">5 Tropfen Rose Otto<\/p>\n<p style=\"font-weight: 400;\">5 Tropfen Myrrh<\/p>\n<h3>Bio-Zutaten<\/h3>\n<p>95% Vaccinium macrocarpon + 5% Lavandula angustifolia Tr\u00e4ger\u00f6l.<\/p>\n<p><img fetchpriority=\"high\" decoding=\"async\" class=\"aligncenter size-full wp-image-31577\" src=\"https:\/\/dutchhealthstore.com\/wp-content\/uploads\/2018\/03\/organic_big.png\" alt=\"Organic and Natural - Living Libations\" width=\"623\" height=\"103\" srcset=\"https:\/\/dutchhealthstore.com\/wp-content\/uploads\/2018\/03\/organic_big.png 623w, https:\/\/dutchhealthstore.com\/wp-content\/uploads\/2018\/03\/organic_big-510x84.png 510w, https:\/\/dutchhealthstore.com\/wp-content\/uploads\/2018\/03\/organic_big-600x99.png 600w, https:\/\/dutchhealthstore.com\/wp-content\/uploads\/2018\/03\/organic_big-350x58.png 350w\" sizes=\"(max-width: 623px) 100vw, 623px\" \/><\/p>\n","protected":false},"excerpt":{"rendered":"<p>Kaltgepresstes <strong>Cranberry Seed Oil <\/strong>pflegt den Teint mit seinen reichhaltigen essentiellen Fetts\u00e4uren.<br \/>\nSie ist besonders n\u00e4hrend f\u00fcr Haut und Kopfhaut, mindert das Erscheinungsbild trockener Haut, verbessert die Elastizit\u00e4t und ist dank ihres hohen Gehalts an wertvollen Phospholipiden und Phytosterolen eine ausgezeichnete Wahl f\u00fcr die Pflege nach der Sonne.<br \/>\nEs enth\u00e4lt nur einen Hauch von \u00e4therischem Lavendel\u00f6l f\u00fcr Stabilit\u00e4t und zus\u00e4tzliche beruhigende Wirkung.<\/p>\n","protected":false},"featured_media":113087,"comment_status":"open","ping_status":"closed","template":"","meta":[],"product_brand":[],"product_cat":[6737,1508,14735,515,1493,1210,511,1525,2022,6736],"product_tag":[8912,1547],"class_list":{"0":"post-117854","1":"product","2":"type-product","3":"status-publish","4":"has-post-thumbnail","6":"product_cat-essential-oils-de-2","7":"product_cat-aetherische-oele-living-libations","8":"product_cat-hautpflege","9":"product_cat-korperpflege-de","10":"product_cat-living-libations-deutschland","11":"product_cat-marken","12":"product_cat-produkte","13":"product_cat-sonnenschutz-sonnenpflege-living-libations","14":"product_cat-tragerol","15":"product_cat-wellness-de","16":"product_tag-carrier-oil-de","17":"product_tag-essential-oil-de","18":"pa_brand-livinglibations-de","19":"pa_essential-oils-product-type-carrier-oils-de","20":"pa_essential-oils-product-type-essential-oils-de","21":"pa_size-15-ml-de-2","22":"pa_size-30-ml-de","23":"pa_skincare-type-suncare-de","25":"first","26":"instock","27":"taxable","28":"shipping-taxable","29":"purchasable","30":"product-type-variable"},"bundled_by":[],"bundle_stock_status":"instock","bundle_stock_quantity":null,"bundle_virtual":false,"bundle_layout":"","bundle_add_to_cart_form_location":"","bundle_editable_in_cart":false,"bundle_sold_individually_context":"","bundle_item_grouping":"","bundle_min_size":"","bundle_max_size":"","bundle_price":[],"bundled_items":[],"bundle_sell_ids":[],"atum_controlled":true,"out_stock_date":null,"out_stock_threshold":null,"inheritable":true,"stock_on_hold":0,"sold_today":0,"sales_last_days":0,"out_stock_days":0,"lost_sales":0,"update_date":"2026-04-09T01:47:50","atum_locations":[],"atum_stock_status":"instock","restock_status":false,"low_stock_amount":"","sales_update_date":"2026-04-09T01:47:50","calc_backorders":null,"group_of_quantity":0,"min_quantity":0,"max_quantity":"","exclude_order_quantity_value_rules":"no","exclude_category_quantity_rules":"no","combine_variations":"no","yoast_head":"<!-- This site is optimized with the Yoast SEO Premium plugin v26.5 (Yoast SEO v26.5) - https:\/\/yoast.com\/wordpress\/plugins\/seo\/ -->\n<title>Cranberry Seed Carrier Oil - Living Libations<\/title>\n<meta name=\"description\" content=\"Es ist besonders n\u00e4hrend f\u00fcr Haut und Kopfhaut und eignet sich dank seines hohen Gehalts an wertvollen Phospholipiden und Phytosterolen hervorragend f\u00fcr die Pflege nach der Sonne.\" \/>\n<meta name=\"robots\" content=\"index, follow, max-snippet:-1, max-image-preview:large, max-video-preview:-1\" \/>\n<link rel=\"canonical\" href=\"https:\/\/dutchhealthstore.com\/de\/product\/cranberry-seed-carrier-oil\/\" \/>\n<meta property=\"og:locale\" content=\"de_DE\" \/>\n<meta property=\"og:type\" content=\"article\" \/>\n<meta property=\"og:title\" content=\"Cranberry Seed Carrier Oil - Dutch Health Store\" \/>\n<meta property=\"og:description\" content=\"Es ist besonders n\u00e4hrend f\u00fcr Haut und Kopfhaut und eignet sich dank seines hohen Gehalts an wertvollen Phospholipiden und Phytosterolen hervorragend f\u00fcr die Pflege nach der Sonne.\" \/>\n<meta property=\"og:url\" content=\"https:\/\/dutchhealthstore.com\/de\/product\/cranberry-seed-carrier-oil\/\" \/>\n<meta property=\"og:site_name\" content=\"Dutch Health Store\" \/>\n<meta property=\"article:publisher\" content=\"https:\/\/www.instagram.com\/dutchhealthstore\/\" \/>\n<meta property=\"article:modified_time\" content=\"2023-03-09T13:38:10+00:00\" \/>\n<meta property=\"og:image\" content=\"https:\/\/dutchhealthstore.com\/wp-content\/uploads\/2018\/04\/Living-Libations-Cranberry-Seed-Carrier-Oil-e1594627806546.jpg\" \/>\n\t<meta property=\"og:image:width\" content=\"500\" \/>\n\t<meta property=\"og:image:height\" content=\"500\" \/>\n\t<meta property=\"og:image:type\" content=\"image\/jpeg\" \/>\n<meta name=\"twitter:card\" content=\"summary_large_image\" \/>\n<meta name=\"twitter:label1\" content=\"Verf\u00fcgbarkeit\" \/>\n\t<meta name=\"twitter:data1\" content=\"Auf Lager\" \/>\n<script type=\"application\/ld+json\" class=\"yoast-schema-graph\">{\"@context\":\"https:\/\/schema.org\",\"@graph\":[{\"@type\":\"WebPage\",\"@id\":\"https:\/\/dutchhealthstore.com\/de\/product\/cranberry-seed-carrier-oil\/\",\"url\":\"https:\/\/dutchhealthstore.com\/de\/product\/cranberry-seed-carrier-oil\/\",\"name\":\"Cranberry Seed Carrier Oil - Living Libations\",\"isPartOf\":{\"@id\":\"https:\/\/dutchhealthstore.com\/de\/#website\"},\"primaryImageOfPage\":{\"@id\":\"https:\/\/dutchhealthstore.com\/de\/product\/cranberry-seed-carrier-oil\/#primaryimage\"},\"image\":{\"@id\":\"https:\/\/dutchhealthstore.com\/de\/product\/cranberry-seed-carrier-oil\/#primaryimage\"},\"thumbnailUrl\":\"https:\/\/dutchhealthstore.com\/wp-content\/uploads\/2018\/04\/Living-Libations-Cranberry-Seed-Carrier-Oil-e1594627806546.jpg\",\"datePublished\":\"2018-04-13T19:30:29+00:00\",\"dateModified\":\"2023-03-09T13:38:10+00:00\",\"description\":\"Es ist besonders n\u00e4hrend f\u00fcr Haut und Kopfhaut und eignet sich dank seines hohen Gehalts an wertvollen Phospholipiden und Phytosterolen hervorragend f\u00fcr die Pflege nach der Sonne.\",\"breadcrumb\":{\"@id\":\"https:\/\/dutchhealthstore.com\/de\/product\/cranberry-seed-carrier-oil\/#breadcrumb\"},\"inLanguage\":\"de\",\"potentialAction\":[{\"@type\":\"ReadAction\",\"target\":[\"https:\/\/dutchhealthstore.com\/de\/product\/cranberry-seed-carrier-oil\/\"]}]},{\"@type\":\"ImageObject\",\"inLanguage\":\"de\",\"@id\":\"https:\/\/dutchhealthstore.com\/de\/product\/cranberry-seed-carrier-oil\/#primaryimage\",\"url\":\"https:\/\/dutchhealthstore.com\/wp-content\/uploads\/2018\/04\/Living-Libations-Cranberry-Seed-Carrier-Oil-e1594627806546.jpg\",\"contentUrl\":\"https:\/\/dutchhealthstore.com\/wp-content\/uploads\/2018\/04\/Living-Libations-Cranberry-Seed-Carrier-Oil-e1594627806546.jpg\",\"width\":500,\"height\":500,\"caption\":\"Living Libations Cranberry Seed Carrier Oil\"},{\"@type\":\"BreadcrumbList\",\"@id\":\"https:\/\/dutchhealthstore.com\/de\/product\/cranberry-seed-carrier-oil\/#breadcrumb\",\"itemListElement\":[{\"@type\":\"ListItem\",\"position\":1,\"name\":\"Home\",\"item\":\"https:\/\/dutchhealthstore.com\/de\/\"},{\"@type\":\"ListItem\",\"position\":2,\"name\":\"Shop\",\"item\":\"https:\/\/dutchhealthstore.com\/de\/shop-2\/\"},{\"@type\":\"ListItem\",\"position\":3,\"name\":\"Cranberry Seed Carrier Oil\"}]},{\"@type\":\"WebSite\",\"@id\":\"https:\/\/dutchhealthstore.com\/de\/#website\",\"url\":\"https:\/\/dutchhealthstore.com\/de\/\",\"name\":\"Dutch Health Store\",\"description\":\"Enhance Your Beauty with Organic &amp; Natural Skincare\",\"publisher\":{\"@id\":\"https:\/\/dutchhealthstore.com\/de\/#organization\"},\"potentialAction\":[{\"@type\":\"SearchAction\",\"target\":{\"@type\":\"EntryPoint\",\"urlTemplate\":\"https:\/\/dutchhealthstore.com\/de\/?s={search_term_string}\"},\"query-input\":{\"@type\":\"PropertyValueSpecification\",\"valueRequired\":true,\"valueName\":\"search_term_string\"}}],\"inLanguage\":\"de\"},{\"@type\":\"Organization\",\"@id\":\"https:\/\/dutchhealthstore.com\/de\/#organization\",\"name\":\"Dutch Health Store\",\"url\":\"https:\/\/dutchhealthstore.com\/de\/\",\"logo\":{\"@type\":\"ImageObject\",\"inLanguage\":\"de\",\"@id\":\"https:\/\/dutchhealthstore.com\/de\/#\/schema\/logo\/image\/\",\"url\":\"https:\/\/dutchhealthstore.com\/wp-content\/uploads\/2020\/08\/logo-dutchhealthstore-jpg-e1599484957574.jpg\",\"contentUrl\":\"https:\/\/dutchhealthstore.com\/wp-content\/uploads\/2020\/08\/logo-dutchhealthstore-jpg-e1599484957574.jpg\",\"width\":400,\"height\":62,\"caption\":\"Dutch Health Store\"},\"image\":{\"@id\":\"https:\/\/dutchhealthstore.com\/de\/#\/schema\/logo\/image\/\"},\"sameAs\":[\"https:\/\/www.instagram.com\/dutchhealthstore\/\",\"https:\/\/www.facebook.com\/dutchhealthstore\"]}]}<\/script>\n<meta property=\"product:brand\" content=\"Living Libations\" \/>\n<meta property=\"og:availability\" content=\"instock\" \/>\n<meta property=\"product:availability\" content=\"instock\" \/>\n<meta property=\"product:condition\" content=\"new\" \/>\n<!-- \/ Yoast SEO Premium plugin. -->","yoast_head_json":{"title":"Cranberry Seed Carrier Oil - Living Libations","description":"Es ist besonders n\u00e4hrend f\u00fcr Haut und Kopfhaut und eignet sich dank seines hohen Gehalts an wertvollen Phospholipiden und Phytosterolen hervorragend f\u00fcr die Pflege nach der Sonne.","robots":{"index":"index","follow":"follow","max-snippet":"max-snippet:-1","max-image-preview":"max-image-preview:large","max-video-preview":"max-video-preview:-1"},"canonical":"https:\/\/dutchhealthstore.com\/de\/product\/cranberry-seed-carrier-oil\/","og_locale":"de_DE","og_type":"article","og_title":"Cranberry Seed Carrier Oil - Dutch Health Store","og_description":"Es ist besonders n\u00e4hrend f\u00fcr Haut und Kopfhaut und eignet sich dank seines hohen Gehalts an wertvollen Phospholipiden und Phytosterolen hervorragend f\u00fcr die Pflege nach der Sonne.","og_url":"https:\/\/dutchhealthstore.com\/de\/product\/cranberry-seed-carrier-oil\/","og_site_name":"Dutch Health Store","article_publisher":"https:\/\/www.instagram.com\/dutchhealthstore\/","article_modified_time":"2023-03-09T13:38:10+00:00","og_image":[{"width":500,"height":500,"url":"https:\/\/dutchhealthstore.com\/wp-content\/uploads\/2018\/04\/Living-Libations-Cranberry-Seed-Carrier-Oil-e1594627806546.jpg","type":"image\/jpeg"}],"twitter_card":"summary_large_image","twitter_misc":{"Verf\u00fcgbarkeit":"Auf Lager"},"schema":{"@context":"https:\/\/schema.org","@graph":[{"@type":"WebPage","@id":"https:\/\/dutchhealthstore.com\/de\/product\/cranberry-seed-carrier-oil\/","url":"https:\/\/dutchhealthstore.com\/de\/product\/cranberry-seed-carrier-oil\/","name":"Cranberry Seed Carrier Oil - Living Libations","isPartOf":{"@id":"https:\/\/dutchhealthstore.com\/de\/#website"},"primaryImageOfPage":{"@id":"https:\/\/dutchhealthstore.com\/de\/product\/cranberry-seed-carrier-oil\/#primaryimage"},"image":{"@id":"https:\/\/dutchhealthstore.com\/de\/product\/cranberry-seed-carrier-oil\/#primaryimage"},"thumbnailUrl":"https:\/\/dutchhealthstore.com\/wp-content\/uploads\/2018\/04\/Living-Libations-Cranberry-Seed-Carrier-Oil-e1594627806546.jpg","datePublished":"2018-04-13T19:30:29+00:00","dateModified":"2023-03-09T13:38:10+00:00","description":"Es ist besonders n\u00e4hrend f\u00fcr Haut und Kopfhaut und eignet sich dank seines hohen Gehalts an wertvollen Phospholipiden und Phytosterolen hervorragend f\u00fcr die Pflege nach der Sonne.","breadcrumb":{"@id":"https:\/\/dutchhealthstore.com\/de\/product\/cranberry-seed-carrier-oil\/#breadcrumb"},"inLanguage":"de","potentialAction":[{"@type":"ReadAction","target":["https:\/\/dutchhealthstore.com\/de\/product\/cranberry-seed-carrier-oil\/"]}]},{"@type":"ImageObject","inLanguage":"de","@id":"https:\/\/dutchhealthstore.com\/de\/product\/cranberry-seed-carrier-oil\/#primaryimage","url":"https:\/\/dutchhealthstore.com\/wp-content\/uploads\/2018\/04\/Living-Libations-Cranberry-Seed-Carrier-Oil-e1594627806546.jpg","contentUrl":"https:\/\/dutchhealthstore.com\/wp-content\/uploads\/2018\/04\/Living-Libations-Cranberry-Seed-Carrier-Oil-e1594627806546.jpg","width":500,"height":500,"caption":"Living Libations Cranberry Seed Carrier Oil"},{"@type":"BreadcrumbList","@id":"https:\/\/dutchhealthstore.com\/de\/product\/cranberry-seed-carrier-oil\/#breadcrumb","itemListElement":[{"@type":"ListItem","position":1,"name":"Home","item":"https:\/\/dutchhealthstore.com\/de\/"},{"@type":"ListItem","position":2,"name":"Shop","item":"https:\/\/dutchhealthstore.com\/de\/shop-2\/"},{"@type":"ListItem","position":3,"name":"Cranberry Seed Carrier Oil"}]},{"@type":"WebSite","@id":"https:\/\/dutchhealthstore.com\/de\/#website","url":"https:\/\/dutchhealthstore.com\/de\/","name":"Dutch Health Store","description":"Enhance Your Beauty with Organic &amp; Natural Skincare","publisher":{"@id":"https:\/\/dutchhealthstore.com\/de\/#organization"},"potentialAction":[{"@type":"SearchAction","target":{"@type":"EntryPoint","urlTemplate":"https:\/\/dutchhealthstore.com\/de\/?s={search_term_string}"},"query-input":{"@type":"PropertyValueSpecification","valueRequired":true,"valueName":"search_term_string"}}],"inLanguage":"de"},{"@type":"Organization","@id":"https:\/\/dutchhealthstore.com\/de\/#organization","name":"Dutch Health Store","url":"https:\/\/dutchhealthstore.com\/de\/","logo":{"@type":"ImageObject","inLanguage":"de","@id":"https:\/\/dutchhealthstore.com\/de\/#\/schema\/logo\/image\/","url":"https:\/\/dutchhealthstore.com\/wp-content\/uploads\/2020\/08\/logo-dutchhealthstore-jpg-e1599484957574.jpg","contentUrl":"https:\/\/dutchhealthstore.com\/wp-content\/uploads\/2020\/08\/logo-dutchhealthstore-jpg-e1599484957574.jpg","width":400,"height":62,"caption":"Dutch Health Store"},"image":{"@id":"https:\/\/dutchhealthstore.com\/de\/#\/schema\/logo\/image\/"},"sameAs":["https:\/\/www.instagram.com\/dutchhealthstore\/","https:\/\/www.facebook.com\/dutchhealthstore"]}]},"product_brand":"Living Libations","og_availability":"instock","product_availability":"instock","product_condition":"new"},"_links":{"self":[{"href":"https:\/\/dutchhealthstore.com\/de\/wp-json\/wp\/v2\/product\/117854","targetHints":{"allow":["GET"]}}],"collection":[{"href":"https:\/\/dutchhealthstore.com\/de\/wp-json\/wp\/v2\/product"}],"about":[{"href":"https:\/\/dutchhealthstore.com\/de\/wp-json\/wp\/v2\/types\/product"}],"replies":[{"embeddable":true,"href":"https:\/\/dutchhealthstore.com\/de\/wp-json\/wp\/v2\/comments?post=117854"}],"wp:featuredmedia":[{"embeddable":true,"href":"https:\/\/dutchhealthstore.com\/de\/wp-json\/wp\/v2\/media\/113087"}],"wp:attachment":[{"href":"https:\/\/dutchhealthstore.com\/de\/wp-json\/wp\/v2\/media?parent=117854"}],"wp:term":[{"taxonomy":"product_brand","embeddable":true,"href":"https:\/\/dutchhealthstore.com\/de\/wp-json\/wp\/v2\/product_brand?post=117854"},{"taxonomy":"product_cat","embeddable":true,"href":"https:\/\/dutchhealthstore.com\/de\/wp-json\/wp\/v2\/product_cat?post=117854"},{"taxonomy":"product_tag","embeddable":true,"href":"https:\/\/dutchhealthstore.com\/de\/wp-json\/wp\/v2\/product_tag?post=117854"}],"curies":[{"name":"wp","href":"https:\/\/api.w.org\/{rel}","templated":true}]}}