{"id":117752,"date":"2020-05-14T17:29:30","date_gmt":"2020-05-14T15:29:30","guid":{"rendered":"https:\/\/dutchhealthstore.com\/product\/coffee-blossom-absolute\/"},"modified":"2023-11-03T12:29:34","modified_gmt":"2023-11-03T12:29:34","slug":"coffee-blossom-absolute","status":"publish","type":"product","link":"https:\/\/dutchhealthstore.com\/de\/product\/coffee-blossom-absolute\/","title":{"rendered":"Coffee Blossom Absolute"},"content":{"rendered":"<p><img decoding=\"async\" class=\"alignright size-full wp-image-69549\" src=\"https:\/\/dutchhealthstore.com\/wp-content\/uploads\/2019\/08\/NEW-Living-Libations-Logo.jpg\" alt=\"NEW - Living Libations - Logo\" width=\"175\" height=\"82\"><strong>Coffee Blossom Absolute<\/strong> besticht durch ein k\u00f6stliches Bouquet aus Schokolade, Vanille, ger\u00f6stetem Kaffee und s\u00fc\u00dfen Bl\u00fcten.<br \/>\nDieses reiche und seltene Absolue wird aus dem wilden Madagaskar-Kaffeestrauch gewonnen, einer Pflanze, deren federleichte wei\u00dfe Bl\u00fcten den Reichtum ihres \u00d6ls verraten.<\/p>\n<p><strong>Botanischer Name:<\/strong> Coffea arabica<br \/>\n<strong>Botanische Familie:<\/strong> Rubiaceae<br \/>\n<strong>Extraktionsverfahren:<\/strong> Absolute<br \/>\n<strong>Teil der Pflanze Destilliert:<\/strong> Bl\u00fcten<br \/>\n<strong>Herkunftsland<\/strong>: Madagaskar<br \/>\n<strong>Anbau<\/strong><span style=\"font-size: 14.4px;\"><b>methode:<\/b> Wildwachsend<\/span><br \/>\n<strong>Zusammensetzung:<\/strong> 100% Coffea arabica<br \/>\n<strong>Konsistenz:<\/strong> Mittlere Viskosit\u00e4t<\/p>\n<h3>Beschreibung des Duftes<\/h3>\n<p>Erstaunlich s\u00fc\u00df und doch komplex, mit w\u00fcrzigen Fr\u00fcchten und Vanille im Mittelpunkt vor einem Chor von Espresso-T\u00e4nzern.<br \/>\nEin Hauch von verbranntem Kaffee wirft Blumen aus dem Publikum, w\u00e4hrend der leiseste Hauch von Schokolade aus der Lobby hereinweht.<\/p>\n<h3>Gut mischbar mit<\/h3>\n<p>Rose, Jasmin, Vanille, Bergamotte, Sandelholz, Zitrone, Limette, Orange und Lavendel.<\/p>\n<h3>Verwendet<\/h3>\n<p>Sch\u00f6ner Akzent in Parf\u00fcms; inhalieren f\u00fcr emotionale und spirituelle Vorteile.<\/p>\n<p>Begr\u00fc\u00dfen Sie den Morgen mit einer energiegeladenen Umarmung! Coffee Blossom Absolute begr\u00fc\u00dft den neuen Tag mit einem wohlwollenden Ausbruch komplexer Bl\u00fcten und einem leichten Hauch von Espresso. Dieses Absolue wird aus den wei\u00dfen Bl\u00fcten des Madagaskar-Kaffeestrauchs gewonnen und hat einen reichen, komplexen Duft. Coffee Blossom Absolute bietet die Genialit\u00e4t dieser Pflanze in einem konzentrierten Elixier, das die botanische Kraft von <em>Coffea arabica<\/em> in sich tr\u00e4gt.<\/p>\n<p>Die S\u00fc\u00dfe dieses opulenten Absolues wird durch anregende Untert\u00f6ne von Espresso gemildert, die die Sinne beleben. Coffee Blossom Absolute wirkt als Inspirations- und Motivationsmittel, das den Geist in einen flatternden Zustand der Lebendigkeit versetzt.<\/p>\n<p><strong>Gr\u00f6\u00dfe: 5 ml ( 50:50 Jojoba)<\/strong><\/p>\n<h3>Bio-Zutaten<\/h3>\n<p>100% Kaffeebl\u00fcte (Coffea arabica) absolut.<\/p>\n<p style=\"text-align: center;\"><em>&#8222;Kaffee\u00f6le in der Aromatherapie bieten ein \u00e4hnliches Erlebnis wie ein aufgebr\u00fchter Kaffee. Man riecht das Aroma und f\u00fchlt sich sofort gest\u00e4rkt und warm.<\/em><br \/>\n~ Barry Almond, <strong>Essential Aromatherapy Oils<\/strong><\/p>\n<p style=\"text-align: center;\"><em>&#8222;Ich werde mich an deine kleine<br \/>\nRaum das Gef\u00fchl von dir<\/em><br \/>\n<em>das Licht im Fenster<br \/>\nIhre Unterlagen<\/em><br \/>\n<em>Ihre B\u00fccher<\/em><br \/>\n<em>unser Morgenkaffee<br \/>\nunsere Mittagsstunden unsere N\u00e4chte<\/em><br \/>\n<em>unsere K\u00f6rper verschmolzen miteinander<br \/>\nschlafend<\/em><br \/>\n<em>die kleinen flie\u00dfenden Str\u00f6me<\/em><br \/>\n<em>sofort und f\u00fcr immer&#8220;<\/em><br \/>\n~ Charles Bukowski<\/p>\n<p><img fetchpriority=\"high\" decoding=\"async\" class=\"size-medium wp-image-68103 aligncenter\" src=\"https:\/\/dutchhealthstore.com\/wp-content\/uploads\/2018\/02\/Living-Libations-Organic-Logo-800x89.png\" alt=\"Living Libations - Organic Logo\" width=\"800\" height=\"89\" srcset=\"https:\/\/dutchhealthstore.com\/wp-content\/uploads\/2018\/02\/Living-Libations-Organic-Logo-800x89.png 800w, https:\/\/dutchhealthstore.com\/wp-content\/uploads\/2018\/02\/Living-Libations-Organic-Logo-510x57.png 510w, https:\/\/dutchhealthstore.com\/wp-content\/uploads\/2018\/02\/Living-Libations-Organic-Logo-768x85.png 768w, https:\/\/dutchhealthstore.com\/wp-content\/uploads\/2018\/02\/Living-Libations-Organic-Logo.png 1400w\" sizes=\"(max-width: 800px) 100vw, 800px\" \/><\/p>\n","protected":false},"excerpt":{"rendered":"<p><strong>Coffee Blossom Absolute<\/strong> besticht durch ein k\u00f6stliches Bouquet aus Schokolade, Vanille, ger\u00f6stetem Kaffee und s\u00fc\u00dfen Bl\u00fcten.<br \/>\nDieses reiche und seltene Absolue wird aus dem wilden Madagaskar-Kaffeestrauch gewonnen, einer Pflanze, deren federleichte wei\u00dfe Bl\u00fcten den Reichtum ihres \u00d6ls verraten.<\/p>\n","protected":false},"featured_media":101377,"comment_status":"open","ping_status":"closed","template":"","meta":[],"product_brand":[],"product_cat":[1551,1508,6737,1493,1210,6736],"product_tag":[1547],"class_list":{"0":"post-117752","1":"product","2":"type-product","3":"status-publish","4":"has-post-thumbnail","6":"product_cat-absolute-essenz-living-libations","7":"product_cat-aetherische-oele-living-libations","8":"product_cat-essential-oils-de-2","9":"product_cat-living-libations-deutschland","10":"product_cat-marken","11":"product_cat-wellness-de","12":"product_tag-essential-oil-de","13":"pa_brand-livinglibations-de","14":"pa_essential-oils-product-type-absolute-essences-de","15":"pa_essential-oils-product-type-essential-oils-de","16":"pa_size-5-ml-5050-jojoba-de","18":"first","19":"instock","20":"taxable","21":"shipping-taxable","22":"purchasable","23":"product-type-simple"},"bundled_by":[],"bundle_stock_status":"instock","bundle_stock_quantity":2,"bundle_virtual":false,"bundle_layout":"","bundle_add_to_cart_form_location":"","bundle_editable_in_cart":false,"bundle_sold_individually_context":"","bundle_item_grouping":"","bundle_min_size":"","bundle_max_size":"","bundle_price":[],"bundled_items":[],"bundle_sell_ids":[],"atum_controlled":true,"out_stock_date":null,"out_stock_threshold":null,"inheritable":false,"stock_on_hold":0,"sold_today":0,"sales_last_days":0,"out_stock_days":0,"lost_sales":0,"update_date":"2026-04-16T00:05:15","atum_locations":[],"atum_stock_status":"instock","restock_status":false,"low_stock_amount":"","sales_update_date":"2026-04-16T00:05:15","calc_backorders":null,"group_of_quantity":0,"min_quantity":0,"max_quantity":"","exclude_order_quantity_value_rules":"no","exclude_category_quantity_rules":"no","combine_variations":"no","yoast_head":"<!-- This site is optimized with the Yoast SEO Premium plugin v26.5 (Yoast SEO v26.5) - https:\/\/yoast.com\/wordpress\/plugins\/seo\/ -->\n<title>Coffee Blossom Absolute | Living Libations<\/title>\n<meta name=\"description\" content=\"Das fesselnde Coffee Blossom Absolute besticht durch ein k\u00f6stliches Bouquet aus Schokolade, Vanille, ger\u00f6stetem Kaffee und s\u00fc\u00dfen Bl\u00fcten.\" \/>\n<meta name=\"robots\" content=\"index, follow, max-snippet:-1, max-image-preview:large, max-video-preview:-1\" \/>\n<link rel=\"canonical\" href=\"https:\/\/dutchhealthstore.com\/de\/product\/coffee-blossom-absolute\/\" \/>\n<meta property=\"og:locale\" content=\"de_DE\" \/>\n<meta property=\"og:type\" content=\"article\" \/>\n<meta property=\"og:title\" content=\"Coffee Blossom Absolute - Dutch Health Store\" \/>\n<meta property=\"og:description\" content=\"Das fesselnde Coffee Blossom Absolute besticht durch ein k\u00f6stliches Bouquet aus Schokolade, Vanille, ger\u00f6stetem Kaffee und s\u00fc\u00dfen Bl\u00fcten.\" \/>\n<meta property=\"og:url\" content=\"https:\/\/dutchhealthstore.com\/de\/product\/coffee-blossom-absolute\/\" \/>\n<meta property=\"og:site_name\" content=\"Dutch Health Store\" \/>\n<meta property=\"article:publisher\" content=\"https:\/\/www.instagram.com\/dutchhealthstore\/\" \/>\n<meta property=\"article:modified_time\" content=\"2023-11-03T12:29:34+00:00\" \/>\n<meta property=\"og:image\" content=\"https:\/\/dutchhealthstore.com\/wp-content\/uploads\/2020\/05\/Living-Libations-Coffee-Blossom-Absolute1.jpg\" \/>\n\t<meta property=\"og:image:width\" content=\"700\" \/>\n\t<meta property=\"og:image:height\" content=\"700\" \/>\n\t<meta property=\"og:image:type\" content=\"image\/jpeg\" \/>\n<meta name=\"twitter:card\" content=\"summary_large_image\" \/>\n<meta name=\"twitter:label1\" content=\"Preis\" \/>\n\t<meta name=\"twitter:data1\" content=\"&euro;87,00\" \/>\n\t<meta name=\"twitter:label2\" content=\"Verf\u00fcgbarkeit\" \/>\n\t<meta name=\"twitter:data2\" content=\"Auf Lager\" \/>\n<script type=\"application\/ld+json\" class=\"yoast-schema-graph\">{\"@context\":\"https:\/\/schema.org\",\"@graph\":[{\"@type\":\"WebPage\",\"@id\":\"https:\/\/dutchhealthstore.com\/de\/product\/coffee-blossom-absolute\/\",\"url\":\"https:\/\/dutchhealthstore.com\/de\/product\/coffee-blossom-absolute\/\",\"name\":\"Coffee Blossom Absolute | Living Libations\",\"isPartOf\":{\"@id\":\"https:\/\/dutchhealthstore.com\/de\/#website\"},\"primaryImageOfPage\":{\"@id\":\"https:\/\/dutchhealthstore.com\/de\/product\/coffee-blossom-absolute\/#primaryimage\"},\"image\":{\"@id\":\"https:\/\/dutchhealthstore.com\/de\/product\/coffee-blossom-absolute\/#primaryimage\"},\"thumbnailUrl\":\"https:\/\/dutchhealthstore.com\/wp-content\/uploads\/2020\/05\/Living-Libations-Coffee-Blossom-Absolute1.jpg\",\"datePublished\":\"2020-05-14T15:29:30+00:00\",\"dateModified\":\"2023-11-03T12:29:34+00:00\",\"description\":\"Das fesselnde Coffee Blossom Absolute besticht durch ein k\u00f6stliches Bouquet aus Schokolade, Vanille, ger\u00f6stetem Kaffee und s\u00fc\u00dfen Bl\u00fcten.\",\"breadcrumb\":{\"@id\":\"https:\/\/dutchhealthstore.com\/de\/product\/coffee-blossom-absolute\/#breadcrumb\"},\"inLanguage\":\"de\",\"potentialAction\":[{\"@type\":\"ReadAction\",\"target\":[\"https:\/\/dutchhealthstore.com\/de\/product\/coffee-blossom-absolute\/\"]}]},{\"@type\":\"ImageObject\",\"inLanguage\":\"de\",\"@id\":\"https:\/\/dutchhealthstore.com\/de\/product\/coffee-blossom-absolute\/#primaryimage\",\"url\":\"https:\/\/dutchhealthstore.com\/wp-content\/uploads\/2020\/05\/Living-Libations-Coffee-Blossom-Absolute1.jpg\",\"contentUrl\":\"https:\/\/dutchhealthstore.com\/wp-content\/uploads\/2020\/05\/Living-Libations-Coffee-Blossom-Absolute1.jpg\",\"width\":700,\"height\":700,\"caption\":\"Living Libations - Coffee Blossom Absolute1\"},{\"@type\":\"BreadcrumbList\",\"@id\":\"https:\/\/dutchhealthstore.com\/de\/product\/coffee-blossom-absolute\/#breadcrumb\",\"itemListElement\":[{\"@type\":\"ListItem\",\"position\":1,\"name\":\"Home\",\"item\":\"https:\/\/dutchhealthstore.com\/de\/\"},{\"@type\":\"ListItem\",\"position\":2,\"name\":\"Shop\",\"item\":\"https:\/\/dutchhealthstore.com\/de\/shop-2\/\"},{\"@type\":\"ListItem\",\"position\":3,\"name\":\"Coffee Blossom Absolute\"}]},{\"@type\":\"WebSite\",\"@id\":\"https:\/\/dutchhealthstore.com\/de\/#website\",\"url\":\"https:\/\/dutchhealthstore.com\/de\/\",\"name\":\"Dutch Health Store\",\"description\":\"Enhance Your Beauty with Organic &amp; Natural Skincare\",\"publisher\":{\"@id\":\"https:\/\/dutchhealthstore.com\/de\/#organization\"},\"potentialAction\":[{\"@type\":\"SearchAction\",\"target\":{\"@type\":\"EntryPoint\",\"urlTemplate\":\"https:\/\/dutchhealthstore.com\/de\/?s={search_term_string}\"},\"query-input\":{\"@type\":\"PropertyValueSpecification\",\"valueRequired\":true,\"valueName\":\"search_term_string\"}}],\"inLanguage\":\"de\"},{\"@type\":\"Organization\",\"@id\":\"https:\/\/dutchhealthstore.com\/de\/#organization\",\"name\":\"Dutch Health Store\",\"url\":\"https:\/\/dutchhealthstore.com\/de\/\",\"logo\":{\"@type\":\"ImageObject\",\"inLanguage\":\"de\",\"@id\":\"https:\/\/dutchhealthstore.com\/de\/#\/schema\/logo\/image\/\",\"url\":\"https:\/\/dutchhealthstore.com\/wp-content\/uploads\/2020\/08\/logo-dutchhealthstore-jpg-e1599484957574.jpg\",\"contentUrl\":\"https:\/\/dutchhealthstore.com\/wp-content\/uploads\/2020\/08\/logo-dutchhealthstore-jpg-e1599484957574.jpg\",\"width\":400,\"height\":62,\"caption\":\"Dutch Health Store\"},\"image\":{\"@id\":\"https:\/\/dutchhealthstore.com\/de\/#\/schema\/logo\/image\/\"},\"sameAs\":[\"https:\/\/www.instagram.com\/dutchhealthstore\/\",\"https:\/\/www.facebook.com\/dutchhealthstore\"]}]}<\/script>\n<meta property=\"product:brand\" content=\"Living Libations\" \/>\n<meta property=\"product:price:amount\" content=\"87.00\" \/>\n<meta property=\"product:price:currency\" content=\"EUR\" \/>\n<meta property=\"og:availability\" content=\"instock\" \/>\n<meta property=\"product:availability\" content=\"instock\" \/>\n<meta property=\"product:condition\" content=\"new\" \/>\n<!-- \/ Yoast SEO Premium plugin. -->","yoast_head_json":{"title":"Coffee Blossom Absolute | Living Libations","description":"Das fesselnde Coffee Blossom Absolute besticht durch ein k\u00f6stliches Bouquet aus Schokolade, Vanille, ger\u00f6stetem Kaffee und s\u00fc\u00dfen Bl\u00fcten.","robots":{"index":"index","follow":"follow","max-snippet":"max-snippet:-1","max-image-preview":"max-image-preview:large","max-video-preview":"max-video-preview:-1"},"canonical":"https:\/\/dutchhealthstore.com\/de\/product\/coffee-blossom-absolute\/","og_locale":"de_DE","og_type":"article","og_title":"Coffee Blossom Absolute - Dutch Health Store","og_description":"Das fesselnde Coffee Blossom Absolute besticht durch ein k\u00f6stliches Bouquet aus Schokolade, Vanille, ger\u00f6stetem Kaffee und s\u00fc\u00dfen Bl\u00fcten.","og_url":"https:\/\/dutchhealthstore.com\/de\/product\/coffee-blossom-absolute\/","og_site_name":"Dutch Health Store","article_publisher":"https:\/\/www.instagram.com\/dutchhealthstore\/","article_modified_time":"2023-11-03T12:29:34+00:00","og_image":[{"width":700,"height":700,"url":"https:\/\/dutchhealthstore.com\/wp-content\/uploads\/2020\/05\/Living-Libations-Coffee-Blossom-Absolute1.jpg","type":"image\/jpeg"}],"twitter_card":"summary_large_image","twitter_misc":{"Preis":"&euro;87,00","Verf\u00fcgbarkeit":"Auf Lager"},"schema":{"@context":"https:\/\/schema.org","@graph":[{"@type":"WebPage","@id":"https:\/\/dutchhealthstore.com\/de\/product\/coffee-blossom-absolute\/","url":"https:\/\/dutchhealthstore.com\/de\/product\/coffee-blossom-absolute\/","name":"Coffee Blossom Absolute | Living Libations","isPartOf":{"@id":"https:\/\/dutchhealthstore.com\/de\/#website"},"primaryImageOfPage":{"@id":"https:\/\/dutchhealthstore.com\/de\/product\/coffee-blossom-absolute\/#primaryimage"},"image":{"@id":"https:\/\/dutchhealthstore.com\/de\/product\/coffee-blossom-absolute\/#primaryimage"},"thumbnailUrl":"https:\/\/dutchhealthstore.com\/wp-content\/uploads\/2020\/05\/Living-Libations-Coffee-Blossom-Absolute1.jpg","datePublished":"2020-05-14T15:29:30+00:00","dateModified":"2023-11-03T12:29:34+00:00","description":"Das fesselnde Coffee Blossom Absolute besticht durch ein k\u00f6stliches Bouquet aus Schokolade, Vanille, ger\u00f6stetem Kaffee und s\u00fc\u00dfen Bl\u00fcten.","breadcrumb":{"@id":"https:\/\/dutchhealthstore.com\/de\/product\/coffee-blossom-absolute\/#breadcrumb"},"inLanguage":"de","potentialAction":[{"@type":"ReadAction","target":["https:\/\/dutchhealthstore.com\/de\/product\/coffee-blossom-absolute\/"]}]},{"@type":"ImageObject","inLanguage":"de","@id":"https:\/\/dutchhealthstore.com\/de\/product\/coffee-blossom-absolute\/#primaryimage","url":"https:\/\/dutchhealthstore.com\/wp-content\/uploads\/2020\/05\/Living-Libations-Coffee-Blossom-Absolute1.jpg","contentUrl":"https:\/\/dutchhealthstore.com\/wp-content\/uploads\/2020\/05\/Living-Libations-Coffee-Blossom-Absolute1.jpg","width":700,"height":700,"caption":"Living Libations - Coffee Blossom Absolute1"},{"@type":"BreadcrumbList","@id":"https:\/\/dutchhealthstore.com\/de\/product\/coffee-blossom-absolute\/#breadcrumb","itemListElement":[{"@type":"ListItem","position":1,"name":"Home","item":"https:\/\/dutchhealthstore.com\/de\/"},{"@type":"ListItem","position":2,"name":"Shop","item":"https:\/\/dutchhealthstore.com\/de\/shop-2\/"},{"@type":"ListItem","position":3,"name":"Coffee Blossom Absolute"}]},{"@type":"WebSite","@id":"https:\/\/dutchhealthstore.com\/de\/#website","url":"https:\/\/dutchhealthstore.com\/de\/","name":"Dutch Health Store","description":"Enhance Your Beauty with Organic &amp; Natural Skincare","publisher":{"@id":"https:\/\/dutchhealthstore.com\/de\/#organization"},"potentialAction":[{"@type":"SearchAction","target":{"@type":"EntryPoint","urlTemplate":"https:\/\/dutchhealthstore.com\/de\/?s={search_term_string}"},"query-input":{"@type":"PropertyValueSpecification","valueRequired":true,"valueName":"search_term_string"}}],"inLanguage":"de"},{"@type":"Organization","@id":"https:\/\/dutchhealthstore.com\/de\/#organization","name":"Dutch Health Store","url":"https:\/\/dutchhealthstore.com\/de\/","logo":{"@type":"ImageObject","inLanguage":"de","@id":"https:\/\/dutchhealthstore.com\/de\/#\/schema\/logo\/image\/","url":"https:\/\/dutchhealthstore.com\/wp-content\/uploads\/2020\/08\/logo-dutchhealthstore-jpg-e1599484957574.jpg","contentUrl":"https:\/\/dutchhealthstore.com\/wp-content\/uploads\/2020\/08\/logo-dutchhealthstore-jpg-e1599484957574.jpg","width":400,"height":62,"caption":"Dutch Health Store"},"image":{"@id":"https:\/\/dutchhealthstore.com\/de\/#\/schema\/logo\/image\/"},"sameAs":["https:\/\/www.instagram.com\/dutchhealthstore\/","https:\/\/www.facebook.com\/dutchhealthstore"]}]},"product_brand":"Living Libations","product_price_amount":"87.00","product_price_currency":"EUR","og_availability":"instock","product_availability":"instock","product_condition":"new"},"_links":{"self":[{"href":"https:\/\/dutchhealthstore.com\/de\/wp-json\/wp\/v2\/product\/117752","targetHints":{"allow":["GET"]}}],"collection":[{"href":"https:\/\/dutchhealthstore.com\/de\/wp-json\/wp\/v2\/product"}],"about":[{"href":"https:\/\/dutchhealthstore.com\/de\/wp-json\/wp\/v2\/types\/product"}],"replies":[{"embeddable":true,"href":"https:\/\/dutchhealthstore.com\/de\/wp-json\/wp\/v2\/comments?post=117752"}],"wp:featuredmedia":[{"embeddable":true,"href":"https:\/\/dutchhealthstore.com\/de\/wp-json\/wp\/v2\/media\/101377"}],"wp:attachment":[{"href":"https:\/\/dutchhealthstore.com\/de\/wp-json\/wp\/v2\/media?parent=117752"}],"wp:term":[{"taxonomy":"product_brand","embeddable":true,"href":"https:\/\/dutchhealthstore.com\/de\/wp-json\/wp\/v2\/product_brand?post=117752"},{"taxonomy":"product_cat","embeddable":true,"href":"https:\/\/dutchhealthstore.com\/de\/wp-json\/wp\/v2\/product_cat?post=117752"},{"taxonomy":"product_tag","embeddable":true,"href":"https:\/\/dutchhealthstore.com\/de\/wp-json\/wp\/v2\/product_tag?post=117752"}],"curies":[{"name":"wp","href":"https:\/\/api.w.org\/{rel}","templated":true}]}}