{"id":117746,"date":"2020-06-15T06:48:42","date_gmt":"2020-06-15T04:48:42","guid":{"rendered":"https:\/\/dutchhealthstore.com\/product\/coffee-bean-essential-oil\/"},"modified":"2025-10-11T16:19:48","modified_gmt":"2025-10-11T14:19:48","slug":"coffee-bean-essential-oil","status":"publish","type":"product","link":"https:\/\/dutchhealthstore.com\/de\/product\/coffee-bean-essential-oil\/","title":{"rendered":"Coffee Bean Essential Oil"},"content":{"rendered":"<p><img decoding=\"async\" class=\"size-full wp-image-69549 alignright\" src=\"https:\/\/dutchhealthstore.com\/wp-content\/uploads\/2019\/08\/NEW-Living-Libations-Logo.jpg\" alt=\"NEW - Living Libations - Logo\" width=\"175\" height=\"82\"><\/p>\n<p><strong>Botanischer Name:<\/strong> Coffea arabica<br \/>\n<strong>Botanische Familie:<\/strong> Rubiaceae<br \/>\n<strong>Extraktionsverfahren:<\/strong> CO2<br \/>\n<strong>Teil der Pflanze Destilliert:<\/strong> Bohne<br \/>\n<strong>Herkunftsland:<\/strong> Italien<br \/>\n<strong>Anbaumethode:<\/strong> Bio<br \/>\n<strong>Zusammensetzung:<\/strong> 100% Coffea arabica<br \/>\n<strong>Konsistenz:<\/strong> Mittlere Viskosit\u00e4t<\/p>\n<h3>Beschreibung des Duftes<\/h3>\n<p>Frisch gebraute K\u00fchnheit mit Noten von ger\u00f6steter Schokolade und Mokka.<\/p>\n<h3>In Living Libations<\/h3>\n<p>Chocolate Mocha Lover Lips, und CelluLight Formula.<\/p>\n<h3>Gut mischbar mit<\/h3>\n<p>Pfefferminz, Zimt, Ingwer, Zitrone, Kardamom, Karotte und Vanille.<\/p>\n<h3>Verwendet<\/h3>\n<p>Spendet Energie. Stimmungsaufheller. Raumdesodorierungsmittel. Hautgl\u00e4ttendes Massage\u00f6l. Perfekt in k\u00f6stlichen Parf\u00fcms. Sch\u00f6n beim morgendlichen Duschen oder Baden. Ein paar Tropfen unseres \u00d6ls in der Badewanne entspannen verspannte Muskeln.<\/p>\n<a href=\"https:\/\/dutchhealthstore.com\/wp-content\/uploads\/2020\/06\/ANALYSIS-Coffee-Bean-Essential-Oil-Living-Libations-3.pdf\" class=\"button primary is-primary is-small\"  >\n\t\t<span>ANALYSE DER \u00c4THERISCHEN \u00d6LE &gt;<\/span>\n\t<\/a>\n\n<p>Zwischen dem 11. und 17. Jahrhundert verbreitete sich die Begeisterung f\u00fcr die Kaffeebohne in rasantem Tempo \u00fcber den ganzen Globus. Die Wurzeln des Kaffees liegen in \u00c4thiopien, wo die ersten Kaffeeb\u00e4ume gepflanzt wurden, und im alten Arabien, wo die M\u00f6nche den schwarzen Saft der Bohne w\u00e4hrend ihrer Morgengebete tranken. In Afrika mischten kampfesm\u00fcde Krieger ihrem Fleisch zersto\u00dfene Kaffeebohnen bei, um sich vor der R\u00fcckkehr auf das Schlachtfeld zu st\u00e4rken. Im 18. Jahrhundert wurde ein Strauch des pers\u00f6nlichen Kaffeebaums von K\u00f6nig Ludwig XIV. auf der tropischen Insel Martinique gepflanzt, und es dauerte nur wenige Jahrzehnte, bis zwanzig Millionen Kaffeeb\u00e4ume gepflanzt waren!<\/p>\n<p>Mit unserer speziellen, super-extrahierten Kaffeebohnen-Essenz k\u00f6nnen Sie sich in kulinarischen Kreationen, Seren und B\u00e4dern in der Mokka-Magie des bezaubernden Kaffeearomas sonnen und baden, indem Sie einfach an der Flasche schnuppern &#8211; ohne Koffein! Die Frucht des Kaffeebaums kann die Stimmung heben, den Geist anregen und den Hautton gl\u00e4tten.<\/p>\n<p>Die verlockende Kraft der Kaffeebohne ist in der ganzen Welt bekannt. Holen Sie sich Ihren inneren Schwung mit unserer Kaffeebohnen-Essenz und genie\u00dfen Sie den bew\u00e4hrten Eifer von Coffea Arabica.<\/p>\n<p><strong>Gr\u00f6\u00dfe: 5 ml, 15 ml und 30 ml<\/strong><\/p>\n<h3>Bio-Zutaten<\/h3>\n<p>100% \u00e4therisches \u00d6l der Kaffeebohne (Coffea arabica).<\/p>\n<p style=\"text-align: center;\"><em>&#8222;Wir werden den Kaffee der Vers\u00f6hnung durch den Filter der Gerechtigkeit zubereiten. Durch die Vers\u00f6hnung werden Str\u00f6me von Tr\u00e4nen in unsere Augen flie\u00dfen&#8220;.<\/em><br \/>\n~ Jean-Bertrand Aristide<\/p>\n<p style=\"text-align: center;\"><em>&#8222;Bevor der Kaffee zu einem Hei\u00dfgetr\u00e4nk verarbeitet wurde, diente er als Nahrungsmittel, Wein und Zubereitung. In Lateinamerika werden die Bl\u00e4tter gekocht und in B\u00e4dern gegen Muskel- und Gelenkschmerzen verwendet.&#8220;<\/em><br \/>\n~ Carol and David Schiller, <strong>The Aromatherapy Encyclopedia: A Concise Guide to Over 385 Plant Oils<\/strong><\/p>\n<p>&nbsp;<\/p>\n<p><img fetchpriority=\"high\" decoding=\"async\" class=\"size-medium wp-image-68103 aligncenter\" src=\"https:\/\/dutchhealthstore.com\/wp-content\/uploads\/2018\/02\/Living-Libations-Organic-Logo-800x89.png\" alt=\"Living Libations - Organic Logo\" width=\"800\" height=\"89\" srcset=\"https:\/\/dutchhealthstore.com\/wp-content\/uploads\/2018\/02\/Living-Libations-Organic-Logo-800x89.png 800w, https:\/\/dutchhealthstore.com\/wp-content\/uploads\/2018\/02\/Living-Libations-Organic-Logo-510x57.png 510w, https:\/\/dutchhealthstore.com\/wp-content\/uploads\/2018\/02\/Living-Libations-Organic-Logo-768x85.png 768w, https:\/\/dutchhealthstore.com\/wp-content\/uploads\/2018\/02\/Living-Libations-Organic-Logo.png 1400w\" sizes=\"(max-width: 800px) 100vw, 800px\" \/><\/p>\n","protected":false},"excerpt":{"rendered":"<p><strong>Coffee Bean<\/strong> Essential Oil von Living Libations wird aus biologisch angebauten Bohnen des weltweit am meisten verbreiteten Getr\u00e4nks extrahiert. Denn das Beste am Aufwachen ist die Aromatherapie in Ihrer Tasse!<br \/>\nGenie\u00dfen Sie das belebende Aroma von ger\u00f6stetem Mocca zu jeder Tages- und Nachtzeit mit unserer herrlichen Mischung, die mit modernsten superkritischen Extraktionsmethoden hergestellt wird, die den verf\u00fchrerischen Rausch des Kaffees einfangen.<\/p>\n","protected":false},"featured_media":106853,"comment_status":"open","ping_status":"closed","template":"","meta":[],"product_brand":[],"product_cat":[6737,1508,1546,1493,1210,6736],"product_tag":[1547],"class_list":{"0":"post-117746","1":"product","2":"type-product","3":"status-publish","4":"has-post-thumbnail","6":"product_cat-essential-oils-de-2","7":"product_cat-aetherische-oele-living-libations","8":"product_cat-essential-oils-living-libations-de","9":"product_cat-living-libations-deutschland","10":"product_cat-marken","11":"product_cat-wellness-de","12":"product_tag-essential-oil-de","13":"pa_brand-livinglibations-de","14":"pa_essential-oils-product-type-essential-oils-de","15":"pa_size-15-ml-de-2","16":"pa_size-30-ml-de","17":"pa_size-5-ml-de","19":"first","20":"instock","21":"taxable","22":"shipping-taxable","23":"purchasable","24":"product-type-variable"},"bundled_by":[],"bundle_stock_status":"instock","bundle_stock_quantity":null,"bundle_virtual":false,"bundle_layout":"","bundle_add_to_cart_form_location":"","bundle_editable_in_cart":false,"bundle_sold_individually_context":"","bundle_item_grouping":"","bundle_min_size":"","bundle_max_size":"","bundle_price":[],"bundled_items":[],"bundle_sell_ids":[],"atum_controlled":true,"out_stock_date":null,"out_stock_threshold":null,"inheritable":true,"stock_on_hold":0,"sold_today":0,"sales_last_days":0,"out_stock_days":0,"lost_sales":0,"update_date":"2026-04-17T00:06:21","atum_locations":[],"atum_stock_status":"instock","restock_status":false,"low_stock_amount":"","sales_update_date":"2026-04-17T00:06:21","calc_backorders":null,"group_of_quantity":0,"min_quantity":0,"max_quantity":"","exclude_order_quantity_value_rules":"no","exclude_category_quantity_rules":"no","combine_variations":"no","yoast_head":"<!-- This site is optimized with the Yoast SEO Premium plugin v26.5 (Yoast SEO v26.5) - https:\/\/yoast.com\/wordpress\/plugins\/seo\/ -->\n<title>Coffee Bean Essential Oil | Living Libations<\/title>\n<meta name=\"description\" content=\"Coffee Bean Essential Oil von Living Libations wird aus biologisch angebauten Bohnen des weltweit am meisten verbreiteten Getr\u00e4nks extrahiert.\" \/>\n<meta name=\"robots\" content=\"index, follow, max-snippet:-1, max-image-preview:large, max-video-preview:-1\" \/>\n<link rel=\"canonical\" href=\"https:\/\/dutchhealthstore.com\/de\/product\/coffee-bean-essential-oil\/\" \/>\n<meta property=\"og:locale\" content=\"de_DE\" \/>\n<meta property=\"og:type\" content=\"article\" \/>\n<meta property=\"og:title\" content=\"Coffee Bean Essential Oil - Dutch Health Store\" \/>\n<meta property=\"og:description\" content=\"Coffee Bean Essential Oil von Living Libations wird aus biologisch angebauten Bohnen des weltweit am meisten verbreiteten Getr\u00e4nks extrahiert.\" \/>\n<meta property=\"og:url\" content=\"https:\/\/dutchhealthstore.com\/de\/product\/coffee-bean-essential-oil\/\" \/>\n<meta property=\"og:site_name\" content=\"Dutch Health Store\" \/>\n<meta property=\"article:publisher\" content=\"https:\/\/www.instagram.com\/dutchhealthstore\/\" \/>\n<meta property=\"article:modified_time\" content=\"2025-10-11T14:19:48+00:00\" \/>\n<meta property=\"og:image\" content=\"https:\/\/dutchhealthstore.com\/wp-content\/uploads\/2020\/06\/living-libations-coffee-bean-e1592202747469.jpg\" \/>\n\t<meta property=\"og:image:width\" content=\"500\" \/>\n\t<meta property=\"og:image:height\" content=\"500\" \/>\n\t<meta property=\"og:image:type\" content=\"image\/jpeg\" \/>\n<meta name=\"twitter:card\" content=\"summary_large_image\" \/>\n<meta name=\"twitter:label1\" content=\"Verf\u00fcgbarkeit\" \/>\n\t<meta name=\"twitter:data1\" content=\"Auf Lager\" \/>\n<script type=\"application\/ld+json\" class=\"yoast-schema-graph\">{\"@context\":\"https:\/\/schema.org\",\"@graph\":[{\"@type\":\"WebPage\",\"@id\":\"https:\/\/dutchhealthstore.com\/de\/product\/coffee-bean-essential-oil\/\",\"url\":\"https:\/\/dutchhealthstore.com\/de\/product\/coffee-bean-essential-oil\/\",\"name\":\"Coffee Bean Essential Oil | Living Libations\",\"isPartOf\":{\"@id\":\"https:\/\/dutchhealthstore.com\/de\/#website\"},\"primaryImageOfPage\":{\"@id\":\"https:\/\/dutchhealthstore.com\/de\/product\/coffee-bean-essential-oil\/#primaryimage\"},\"image\":{\"@id\":\"https:\/\/dutchhealthstore.com\/de\/product\/coffee-bean-essential-oil\/#primaryimage\"},\"thumbnailUrl\":\"https:\/\/dutchhealthstore.com\/wp-content\/uploads\/2020\/06\/living-libations-coffee-bean-e1592202747469.jpg\",\"datePublished\":\"2020-06-15T04:48:42+00:00\",\"dateModified\":\"2025-10-11T14:19:48+00:00\",\"description\":\"Coffee Bean Essential Oil von Living Libations wird aus biologisch angebauten Bohnen des weltweit am meisten verbreiteten Getr\u00e4nks extrahiert.\",\"breadcrumb\":{\"@id\":\"https:\/\/dutchhealthstore.com\/de\/product\/coffee-bean-essential-oil\/#breadcrumb\"},\"inLanguage\":\"de\",\"potentialAction\":[{\"@type\":\"ReadAction\",\"target\":[\"https:\/\/dutchhealthstore.com\/de\/product\/coffee-bean-essential-oil\/\"]}]},{\"@type\":\"ImageObject\",\"inLanguage\":\"de\",\"@id\":\"https:\/\/dutchhealthstore.com\/de\/product\/coffee-bean-essential-oil\/#primaryimage\",\"url\":\"https:\/\/dutchhealthstore.com\/wp-content\/uploads\/2020\/06\/living-libations-coffee-bean-e1592202747469.jpg\",\"contentUrl\":\"https:\/\/dutchhealthstore.com\/wp-content\/uploads\/2020\/06\/living-libations-coffee-bean-e1592202747469.jpg\",\"width\":500,\"height\":500},{\"@type\":\"BreadcrumbList\",\"@id\":\"https:\/\/dutchhealthstore.com\/de\/product\/coffee-bean-essential-oil\/#breadcrumb\",\"itemListElement\":[{\"@type\":\"ListItem\",\"position\":1,\"name\":\"Home\",\"item\":\"https:\/\/dutchhealthstore.com\/de\/\"},{\"@type\":\"ListItem\",\"position\":2,\"name\":\"Shop\",\"item\":\"https:\/\/dutchhealthstore.com\/de\/shop-2\/\"},{\"@type\":\"ListItem\",\"position\":3,\"name\":\"Coffee Bean Essential Oil\"}]},{\"@type\":\"WebSite\",\"@id\":\"https:\/\/dutchhealthstore.com\/de\/#website\",\"url\":\"https:\/\/dutchhealthstore.com\/de\/\",\"name\":\"Dutch Health Store\",\"description\":\"Enhance Your Beauty with Organic &amp; Natural Skincare\",\"publisher\":{\"@id\":\"https:\/\/dutchhealthstore.com\/de\/#organization\"},\"potentialAction\":[{\"@type\":\"SearchAction\",\"target\":{\"@type\":\"EntryPoint\",\"urlTemplate\":\"https:\/\/dutchhealthstore.com\/de\/?s={search_term_string}\"},\"query-input\":{\"@type\":\"PropertyValueSpecification\",\"valueRequired\":true,\"valueName\":\"search_term_string\"}}],\"inLanguage\":\"de\"},{\"@type\":\"Organization\",\"@id\":\"https:\/\/dutchhealthstore.com\/de\/#organization\",\"name\":\"Dutch Health Store\",\"url\":\"https:\/\/dutchhealthstore.com\/de\/\",\"logo\":{\"@type\":\"ImageObject\",\"inLanguage\":\"de\",\"@id\":\"https:\/\/dutchhealthstore.com\/de\/#\/schema\/logo\/image\/\",\"url\":\"https:\/\/dutchhealthstore.com\/wp-content\/uploads\/2020\/08\/logo-dutchhealthstore-jpg-e1599484957574.jpg\",\"contentUrl\":\"https:\/\/dutchhealthstore.com\/wp-content\/uploads\/2020\/08\/logo-dutchhealthstore-jpg-e1599484957574.jpg\",\"width\":400,\"height\":62,\"caption\":\"Dutch Health Store\"},\"image\":{\"@id\":\"https:\/\/dutchhealthstore.com\/de\/#\/schema\/logo\/image\/\"},\"sameAs\":[\"https:\/\/www.instagram.com\/dutchhealthstore\/\",\"https:\/\/www.facebook.com\/dutchhealthstore\"]}]}<\/script>\n<meta property=\"product:brand\" content=\"Living Libations\" \/>\n<meta property=\"og:availability\" content=\"instock\" \/>\n<meta property=\"product:availability\" content=\"instock\" \/>\n<meta property=\"product:condition\" content=\"new\" \/>\n<!-- \/ Yoast SEO Premium plugin. -->","yoast_head_json":{"title":"Coffee Bean Essential Oil | Living Libations","description":"Coffee Bean Essential Oil von Living Libations wird aus biologisch angebauten Bohnen des weltweit am meisten verbreiteten Getr\u00e4nks extrahiert.","robots":{"index":"index","follow":"follow","max-snippet":"max-snippet:-1","max-image-preview":"max-image-preview:large","max-video-preview":"max-video-preview:-1"},"canonical":"https:\/\/dutchhealthstore.com\/de\/product\/coffee-bean-essential-oil\/","og_locale":"de_DE","og_type":"article","og_title":"Coffee Bean Essential Oil - Dutch Health Store","og_description":"Coffee Bean Essential Oil von Living Libations wird aus biologisch angebauten Bohnen des weltweit am meisten verbreiteten Getr\u00e4nks extrahiert.","og_url":"https:\/\/dutchhealthstore.com\/de\/product\/coffee-bean-essential-oil\/","og_site_name":"Dutch Health Store","article_publisher":"https:\/\/www.instagram.com\/dutchhealthstore\/","article_modified_time":"2025-10-11T14:19:48+00:00","og_image":[{"width":500,"height":500,"url":"https:\/\/dutchhealthstore.com\/wp-content\/uploads\/2020\/06\/living-libations-coffee-bean-e1592202747469.jpg","type":"image\/jpeg"}],"twitter_card":"summary_large_image","twitter_misc":{"Verf\u00fcgbarkeit":"Auf Lager"},"schema":{"@context":"https:\/\/schema.org","@graph":[{"@type":"WebPage","@id":"https:\/\/dutchhealthstore.com\/de\/product\/coffee-bean-essential-oil\/","url":"https:\/\/dutchhealthstore.com\/de\/product\/coffee-bean-essential-oil\/","name":"Coffee Bean Essential Oil | Living Libations","isPartOf":{"@id":"https:\/\/dutchhealthstore.com\/de\/#website"},"primaryImageOfPage":{"@id":"https:\/\/dutchhealthstore.com\/de\/product\/coffee-bean-essential-oil\/#primaryimage"},"image":{"@id":"https:\/\/dutchhealthstore.com\/de\/product\/coffee-bean-essential-oil\/#primaryimage"},"thumbnailUrl":"https:\/\/dutchhealthstore.com\/wp-content\/uploads\/2020\/06\/living-libations-coffee-bean-e1592202747469.jpg","datePublished":"2020-06-15T04:48:42+00:00","dateModified":"2025-10-11T14:19:48+00:00","description":"Coffee Bean Essential Oil von Living Libations wird aus biologisch angebauten Bohnen des weltweit am meisten verbreiteten Getr\u00e4nks extrahiert.","breadcrumb":{"@id":"https:\/\/dutchhealthstore.com\/de\/product\/coffee-bean-essential-oil\/#breadcrumb"},"inLanguage":"de","potentialAction":[{"@type":"ReadAction","target":["https:\/\/dutchhealthstore.com\/de\/product\/coffee-bean-essential-oil\/"]}]},{"@type":"ImageObject","inLanguage":"de","@id":"https:\/\/dutchhealthstore.com\/de\/product\/coffee-bean-essential-oil\/#primaryimage","url":"https:\/\/dutchhealthstore.com\/wp-content\/uploads\/2020\/06\/living-libations-coffee-bean-e1592202747469.jpg","contentUrl":"https:\/\/dutchhealthstore.com\/wp-content\/uploads\/2020\/06\/living-libations-coffee-bean-e1592202747469.jpg","width":500,"height":500},{"@type":"BreadcrumbList","@id":"https:\/\/dutchhealthstore.com\/de\/product\/coffee-bean-essential-oil\/#breadcrumb","itemListElement":[{"@type":"ListItem","position":1,"name":"Home","item":"https:\/\/dutchhealthstore.com\/de\/"},{"@type":"ListItem","position":2,"name":"Shop","item":"https:\/\/dutchhealthstore.com\/de\/shop-2\/"},{"@type":"ListItem","position":3,"name":"Coffee Bean Essential Oil"}]},{"@type":"WebSite","@id":"https:\/\/dutchhealthstore.com\/de\/#website","url":"https:\/\/dutchhealthstore.com\/de\/","name":"Dutch Health Store","description":"Enhance Your Beauty with Organic &amp; Natural Skincare","publisher":{"@id":"https:\/\/dutchhealthstore.com\/de\/#organization"},"potentialAction":[{"@type":"SearchAction","target":{"@type":"EntryPoint","urlTemplate":"https:\/\/dutchhealthstore.com\/de\/?s={search_term_string}"},"query-input":{"@type":"PropertyValueSpecification","valueRequired":true,"valueName":"search_term_string"}}],"inLanguage":"de"},{"@type":"Organization","@id":"https:\/\/dutchhealthstore.com\/de\/#organization","name":"Dutch Health Store","url":"https:\/\/dutchhealthstore.com\/de\/","logo":{"@type":"ImageObject","inLanguage":"de","@id":"https:\/\/dutchhealthstore.com\/de\/#\/schema\/logo\/image\/","url":"https:\/\/dutchhealthstore.com\/wp-content\/uploads\/2020\/08\/logo-dutchhealthstore-jpg-e1599484957574.jpg","contentUrl":"https:\/\/dutchhealthstore.com\/wp-content\/uploads\/2020\/08\/logo-dutchhealthstore-jpg-e1599484957574.jpg","width":400,"height":62,"caption":"Dutch Health Store"},"image":{"@id":"https:\/\/dutchhealthstore.com\/de\/#\/schema\/logo\/image\/"},"sameAs":["https:\/\/www.instagram.com\/dutchhealthstore\/","https:\/\/www.facebook.com\/dutchhealthstore"]}]},"product_brand":"Living Libations","og_availability":"instock","product_availability":"instock","product_condition":"new"},"_links":{"self":[{"href":"https:\/\/dutchhealthstore.com\/de\/wp-json\/wp\/v2\/product\/117746","targetHints":{"allow":["GET"]}}],"collection":[{"href":"https:\/\/dutchhealthstore.com\/de\/wp-json\/wp\/v2\/product"}],"about":[{"href":"https:\/\/dutchhealthstore.com\/de\/wp-json\/wp\/v2\/types\/product"}],"replies":[{"embeddable":true,"href":"https:\/\/dutchhealthstore.com\/de\/wp-json\/wp\/v2\/comments?post=117746"}],"wp:featuredmedia":[{"embeddable":true,"href":"https:\/\/dutchhealthstore.com\/de\/wp-json\/wp\/v2\/media\/106853"}],"wp:attachment":[{"href":"https:\/\/dutchhealthstore.com\/de\/wp-json\/wp\/v2\/media?parent=117746"}],"wp:term":[{"taxonomy":"product_brand","embeddable":true,"href":"https:\/\/dutchhealthstore.com\/de\/wp-json\/wp\/v2\/product_brand?post=117746"},{"taxonomy":"product_cat","embeddable":true,"href":"https:\/\/dutchhealthstore.com\/de\/wp-json\/wp\/v2\/product_cat?post=117746"},{"taxonomy":"product_tag","embeddable":true,"href":"https:\/\/dutchhealthstore.com\/de\/wp-json\/wp\/v2\/product_tag?post=117746"}],"curies":[{"name":"wp","href":"https:\/\/api.w.org\/{rel}","templated":true}]}}