{"id":117730,"date":"2018-02-10T20:06:30","date_gmt":"2018-02-10T19:06:30","guid":{"rendered":"https:\/\/dutchhealthstore.com\/product\/clove-bud-essential-oil\/"},"modified":"2026-02-21T19:36:28","modified_gmt":"2026-02-21T18:36:28","slug":"clove-bud-essential-oil","status":"publish","type":"product","link":"https:\/\/dutchhealthstore.com\/de\/product\/clove-bud-essential-oil\/","title":{"rendered":"Clove Bud Essential Oil"},"content":{"rendered":"<p><img decoding=\"async\" class=\"alignright size-full wp-image-37041\" src=\"https:\/\/dutchhealthstore.com\/wp-content\/uploads\/2018\/04\/Living_Libations-1.png\" alt=\"Organic &amp; Natural Beautyproducts - Living Libations\" width=\"175\" height=\"82\">Nelkenknospen\u00f6l hat einen sehr hohen ORAC-Wert (antioxidative Kapazit\u00e4t) und tiefgreifende heilende Eigenschaften. Es ist ein starkes antimikrobielles, antivirales und antifungales \u00d6l. Gew\u00fcrznelke ist auch ein Bestandteil von Antiparasitika-Mischungen.<\/p>\n<p>Historisch gesehen wurde Nelken\u00f6l zur Bet\u00e4ubung von Zahnschmerzen verwendet. Seit dem Altertum hat die Gew\u00fcrznelke dazu beigetragen, den Mund sauber und gesund zu halten. Wie ihr lateinischer Name vermuten l\u00e4sst, enth\u00e4lt die Nelkenknospe eine hohe Konzentration eines einzigartigen Inhaltsstoffs namens Eugenol. Eugenol verleiht Nelkenknospen\u00f6l seine beeindruckende Wirkung gegen Krankheitserreger und Mikroben. Mit seinem w\u00e4rmenden, w\u00fcrzigen Duft verleiht das \u00e4therische \u00d6l der Nelkenknospe jeder Mischung einen w\u00fcrzigen, heilenden Impuls.<\/p>\n<p><strong>Botanischer Name:<\/strong> Eugenia carophyllata<br \/>\n<strong>Botanische Familie:<\/strong> Myrtaceae<br \/>\n<strong>Extraktionsverfahren:<\/strong> Dampfdestilliert<br \/>\n<strong>Teil der Pflanze Destilliert:<\/strong> Knospen<br \/>\n<strong>Herkunftsland:<\/strong> Madagaskar<br \/>\n<strong>Anbaumethode:<\/strong> Bio<br \/>\n<strong>Zusammensetzung:<\/strong> 100% Eugenia carophyllata<br \/>\n<strong>Konsistenz:<\/strong> D\u00fcnne Viskosit\u00e4t<\/p>\n<h3>Beschreibung des Duftes<\/h3>\n<p>W\u00fcrzige, s\u00fc\u00dfe und warme holzige Noten.<\/p>\n<h3>In Libations Produkte<\/h3>\n<p>Healthy Gum Drops, Yogi Tooth Serum, Wild Child Healthy Gum Drops, Ozonated Healthy Gum Drops und Immune Illume Hotberry.<\/p>\n<h3>Mischt sich mit<\/h3>\n<p>Zimt, Petitgrain, Ylang Ylang, Pfefferminze, Jasmin und Grapefruit.<\/p>\n<h3>Verwendet<strong><br \/>\n<\/strong><\/h3>\n<p>Wird immer verd\u00fcnnt (1-3%) in Kokosnuss\u00f6l, Oliven\u00f6l oder Honig als Speise\u00f6l verwendet. Es kann auch in einem Tr\u00e4ger\u00f6l wie Jojoba oder Sanddorn verd\u00fcnnt werden. Wenden Sie es verd\u00fcnnt im Mund oder mit Zahnseide an, um einen frischen Atem zu erhalten. Geben Sie einige Tropfen Zimt\u00f6l, ein Zitrus\u00f6l oder Tannen\u00f6l in einen Diffusor, um einen warmen, einladenden Duft in Ihrem Zuhause zu erzeugen. Auch in Massagesalben mit Lavendel ist es sehr beliebt. Das \u00e4therische \u00d6l kann auch als kulinarischer Ersatz f\u00fcr das getrocknete Gew\u00fcrz verwendet werden &#8211; ein kleiner Klecks gen\u00fcgt!<\/p>\n<h3>Organic Ingredients<\/h3>\n<p>100% reines <em>\u00e4therisches \u00d6l<\/em> der <em>Nelkenknospe<\/em> (Eugenia carophyllata).<\/p>\n<p><img fetchpriority=\"high\" decoding=\"async\" class=\"size-full wp-image-31577 aligncenter\" src=\"https:\/\/dutchhealthstore.com\/wp-content\/uploads\/2018\/03\/organic_big.png\" alt=\"Organic and Natural - Living Libations\" width=\"623\" height=\"103\" srcset=\"https:\/\/dutchhealthstore.com\/wp-content\/uploads\/2018\/03\/organic_big.png 623w, https:\/\/dutchhealthstore.com\/wp-content\/uploads\/2018\/03\/organic_big-510x84.png 510w, https:\/\/dutchhealthstore.com\/wp-content\/uploads\/2018\/03\/organic_big-600x99.png 600w, https:\/\/dutchhealthstore.com\/wp-content\/uploads\/2018\/03\/organic_big-350x58.png 350w\" sizes=\"(max-width: 623px) 100vw, 623px\" \/><\/p>\n","protected":false},"excerpt":{"rendered":"<div class=\"product attribute overview\">\n<div class=\"value\">Living Libations Clove Bud Essential Oil wird durch Wasserdampfdestillation aus den bl\u00fchenden Knospen der Nelkenb\u00e4ume in Madagaskar gewonnen. Diese potente kulinarische Pflanze ist ein robuster Atemerfrischer, der K\u00f6nig der Mundpflege, und ein paar Tropfen in einem <a href=\"https:\/\/dutchhealthstore.com\/product\/breeze-aroma-diffuser\/\">Diffusor<\/a> erhellen die Luft mit warmem Willkommen.<\/div>\n<\/div>\n<div class=\"price-box price-tier_price\" data-role=\"priceBox\" data-product-id=\"900\"><\/div>\n<div class=\"product-add-form\">\n<form id=\"product_addtocart_form\" action=\"https:\/\/www.livinglibations.com\/us\/checkout\/cart\/add\/uenc\/aHR0cHM6Ly93d3cubGl2aW5nbGliYXRpb25zLmNvbS91cy9jbG92ZS1idWQtZXNzZW50aWFsLW9pbD9fX3N0b3JlPXVz\/product\/900\/\" method=\"post\" novalidate=\"novalidate\" data-product-sku=\"1090\">\n<div class=\"col-md-7 noPad\">\n<div id=\"product-options-wrapper\" class=\"sizeSelect\" data-hasrequired=\"* Required Fields\">\n<div class=\"fieldset\" tabindex=\"0\"><\/div>\n<\/div>\n<\/div>\n<\/form>\n<\/div>\n","protected":false},"featured_media":113055,"comment_status":"open","ping_status":"closed","template":"","meta":[],"product_brand":[],"product_cat":[1508,1546,6737,1493,1210,511,6736],"product_tag":[1547],"class_list":{"0":"post-117730","1":"product","2":"type-product","3":"status-publish","4":"has-post-thumbnail","6":"product_cat-aetherische-oele-living-libations","7":"product_cat-essential-oils-living-libations-de","8":"product_cat-essential-oils-de-2","9":"product_cat-living-libations-deutschland","10":"product_cat-marken","11":"product_cat-produkte","12":"product_cat-wellness-de","13":"product_tag-essential-oil-de","14":"pa_brand-livinglibations-de","15":"pa_essential-oils-product-type-essential-oils-de","16":"pa_size-15-ml-de-2","17":"pa_size-5-ml-de","19":"first","20":"instock","21":"taxable","22":"shipping-taxable","23":"purchasable","24":"product-type-variable"},"bundled_by":[],"bundle_stock_status":"instock","bundle_stock_quantity":null,"bundle_virtual":false,"bundle_layout":"","bundle_add_to_cart_form_location":"","bundle_editable_in_cart":false,"bundle_sold_individually_context":"","bundle_item_grouping":"","bundle_min_size":"","bundle_max_size":"","bundle_price":[],"bundled_items":[],"bundle_sell_ids":[],"atum_controlled":true,"out_stock_date":null,"out_stock_threshold":null,"inheritable":true,"stock_on_hold":0,"sold_today":0,"sales_last_days":0,"out_stock_days":0,"lost_sales":0,"update_date":"2026-04-15T00:04:50","atum_locations":[],"atum_stock_status":"instock","restock_status":false,"low_stock_amount":"","sales_update_date":"2026-04-15T00:04:50","calc_backorders":null,"group_of_quantity":0,"min_quantity":0,"max_quantity":"","exclude_order_quantity_value_rules":"no","exclude_category_quantity_rules":"no","combine_variations":"no","yoast_head":"<!-- This site is optimized with the Yoast SEO Premium plugin v26.5 (Yoast SEO v26.5) - https:\/\/yoast.com\/wordpress\/plugins\/seo\/ -->\n<title>Clove Bud Essential Oil | Living Libations<\/title>\n<meta name=\"description\" content=\"Living Libations\u2019 Clove Bud essential oil wird aus den Bl\u00fctenknospen von Nelkenb\u00e4umen in Madagaskar dampfdestilliert.\" \/>\n<meta name=\"robots\" content=\"index, follow, max-snippet:-1, max-image-preview:large, max-video-preview:-1\" \/>\n<link rel=\"canonical\" href=\"https:\/\/dutchhealthstore.com\/de\/product\/clove-bud-essential-oil\/\" \/>\n<meta property=\"og:locale\" content=\"de_DE\" \/>\n<meta property=\"og:type\" content=\"article\" \/>\n<meta property=\"og:title\" content=\"Clove Bud Essential Oil - Dutch Health Store\" \/>\n<meta property=\"og:description\" content=\"Living Libations\u2019 Clove Bud essential oil wird aus den Bl\u00fctenknospen von Nelkenb\u00e4umen in Madagaskar dampfdestilliert.\" \/>\n<meta property=\"og:url\" content=\"https:\/\/dutchhealthstore.com\/de\/product\/clove-bud-essential-oil\/\" \/>\n<meta property=\"og:site_name\" content=\"Dutch Health Store\" \/>\n<meta property=\"article:publisher\" content=\"https:\/\/www.instagram.com\/dutchhealthstore\/\" \/>\n<meta property=\"article:modified_time\" content=\"2026-02-21T18:36:28+00:00\" \/>\n<meta property=\"og:image\" content=\"https:\/\/dutchhealthstore.com\/wp-content\/uploads\/2018\/02\/Living-Libations-Clove-Bud-Essential-Oil-e1594626227118.png\" \/>\n\t<meta property=\"og:image:width\" content=\"500\" \/>\n\t<meta property=\"og:image:height\" content=\"500\" \/>\n\t<meta property=\"og:image:type\" content=\"image\/jpeg\" \/>\n<meta name=\"twitter:card\" content=\"summary_large_image\" \/>\n<meta name=\"twitter:label1\" content=\"Verf\u00fcgbarkeit\" \/>\n\t<meta name=\"twitter:data1\" content=\"Auf Lager\" \/>\n<script type=\"application\/ld+json\" class=\"yoast-schema-graph\">{\"@context\":\"https:\/\/schema.org\",\"@graph\":[{\"@type\":\"WebPage\",\"@id\":\"https:\/\/dutchhealthstore.com\/de\/product\/clove-bud-essential-oil\/\",\"url\":\"https:\/\/dutchhealthstore.com\/de\/product\/clove-bud-essential-oil\/\",\"name\":\"Clove Bud Essential Oil | Living Libations\",\"isPartOf\":{\"@id\":\"https:\/\/dutchhealthstore.com\/de\/#website\"},\"primaryImageOfPage\":{\"@id\":\"https:\/\/dutchhealthstore.com\/de\/product\/clove-bud-essential-oil\/#primaryimage\"},\"image\":{\"@id\":\"https:\/\/dutchhealthstore.com\/de\/product\/clove-bud-essential-oil\/#primaryimage\"},\"thumbnailUrl\":\"https:\/\/dutchhealthstore.com\/wp-content\/uploads\/2018\/02\/Living-Libations-Clove-Bud-Essential-Oil-e1594626227118.png\",\"datePublished\":\"2018-02-10T19:06:30+00:00\",\"dateModified\":\"2026-02-21T18:36:28+00:00\",\"description\":\"Living Libations\u2019 Clove Bud essential oil wird aus den Bl\u00fctenknospen von Nelkenb\u00e4umen in Madagaskar dampfdestilliert.\",\"breadcrumb\":{\"@id\":\"https:\/\/dutchhealthstore.com\/de\/product\/clove-bud-essential-oil\/#breadcrumb\"},\"inLanguage\":\"de\",\"potentialAction\":[{\"@type\":\"ReadAction\",\"target\":[\"https:\/\/dutchhealthstore.com\/de\/product\/clove-bud-essential-oil\/\"]}]},{\"@type\":\"ImageObject\",\"inLanguage\":\"de\",\"@id\":\"https:\/\/dutchhealthstore.com\/de\/product\/clove-bud-essential-oil\/#primaryimage\",\"url\":\"https:\/\/dutchhealthstore.com\/wp-content\/uploads\/2018\/02\/Living-Libations-Clove-Bud-Essential-Oil-e1594626227118.png\",\"contentUrl\":\"https:\/\/dutchhealthstore.com\/wp-content\/uploads\/2018\/02\/Living-Libations-Clove-Bud-Essential-Oil-e1594626227118.png\",\"width\":500,\"height\":500,\"caption\":\"Living Libations Clove Bud Essential Oil\"},{\"@type\":\"BreadcrumbList\",\"@id\":\"https:\/\/dutchhealthstore.com\/de\/product\/clove-bud-essential-oil\/#breadcrumb\",\"itemListElement\":[{\"@type\":\"ListItem\",\"position\":1,\"name\":\"Home\",\"item\":\"https:\/\/dutchhealthstore.com\/de\/\"},{\"@type\":\"ListItem\",\"position\":2,\"name\":\"Shop\",\"item\":\"https:\/\/dutchhealthstore.com\/de\/shop-2\/\"},{\"@type\":\"ListItem\",\"position\":3,\"name\":\"Clove Bud Essential Oil\"}]},{\"@type\":\"WebSite\",\"@id\":\"https:\/\/dutchhealthstore.com\/de\/#website\",\"url\":\"https:\/\/dutchhealthstore.com\/de\/\",\"name\":\"Dutch Health Store\",\"description\":\"Enhance Your Beauty with Organic &amp; Natural Skincare\",\"publisher\":{\"@id\":\"https:\/\/dutchhealthstore.com\/de\/#organization\"},\"potentialAction\":[{\"@type\":\"SearchAction\",\"target\":{\"@type\":\"EntryPoint\",\"urlTemplate\":\"https:\/\/dutchhealthstore.com\/de\/?s={search_term_string}\"},\"query-input\":{\"@type\":\"PropertyValueSpecification\",\"valueRequired\":true,\"valueName\":\"search_term_string\"}}],\"inLanguage\":\"de\"},{\"@type\":\"Organization\",\"@id\":\"https:\/\/dutchhealthstore.com\/de\/#organization\",\"name\":\"Dutch Health Store\",\"url\":\"https:\/\/dutchhealthstore.com\/de\/\",\"logo\":{\"@type\":\"ImageObject\",\"inLanguage\":\"de\",\"@id\":\"https:\/\/dutchhealthstore.com\/de\/#\/schema\/logo\/image\/\",\"url\":\"https:\/\/dutchhealthstore.com\/wp-content\/uploads\/2020\/08\/logo-dutchhealthstore-jpg-e1599484957574.jpg\",\"contentUrl\":\"https:\/\/dutchhealthstore.com\/wp-content\/uploads\/2020\/08\/logo-dutchhealthstore-jpg-e1599484957574.jpg\",\"width\":400,\"height\":62,\"caption\":\"Dutch Health Store\"},\"image\":{\"@id\":\"https:\/\/dutchhealthstore.com\/de\/#\/schema\/logo\/image\/\"},\"sameAs\":[\"https:\/\/www.instagram.com\/dutchhealthstore\/\",\"https:\/\/www.facebook.com\/dutchhealthstore\"]}]}<\/script>\n<meta property=\"product:brand\" content=\"Living Libations\" \/>\n<meta property=\"og:availability\" content=\"instock\" \/>\n<meta property=\"product:availability\" content=\"instock\" \/>\n<meta property=\"product:condition\" content=\"new\" \/>\n<!-- \/ Yoast SEO Premium plugin. -->","yoast_head_json":{"title":"Clove Bud Essential Oil | Living Libations","description":"Living Libations\u2019 Clove Bud essential oil wird aus den Bl\u00fctenknospen von Nelkenb\u00e4umen in Madagaskar dampfdestilliert.","robots":{"index":"index","follow":"follow","max-snippet":"max-snippet:-1","max-image-preview":"max-image-preview:large","max-video-preview":"max-video-preview:-1"},"canonical":"https:\/\/dutchhealthstore.com\/de\/product\/clove-bud-essential-oil\/","og_locale":"de_DE","og_type":"article","og_title":"Clove Bud Essential Oil - Dutch Health Store","og_description":"Living Libations\u2019 Clove Bud essential oil wird aus den Bl\u00fctenknospen von Nelkenb\u00e4umen in Madagaskar dampfdestilliert.","og_url":"https:\/\/dutchhealthstore.com\/de\/product\/clove-bud-essential-oil\/","og_site_name":"Dutch Health Store","article_publisher":"https:\/\/www.instagram.com\/dutchhealthstore\/","article_modified_time":"2026-02-21T18:36:28+00:00","og_image":[{"width":500,"height":500,"url":"https:\/\/dutchhealthstore.com\/wp-content\/uploads\/2018\/02\/Living-Libations-Clove-Bud-Essential-Oil-e1594626227118.png","type":"image\/jpeg"}],"twitter_card":"summary_large_image","twitter_misc":{"Verf\u00fcgbarkeit":"Auf Lager"},"schema":{"@context":"https:\/\/schema.org","@graph":[{"@type":"WebPage","@id":"https:\/\/dutchhealthstore.com\/de\/product\/clove-bud-essential-oil\/","url":"https:\/\/dutchhealthstore.com\/de\/product\/clove-bud-essential-oil\/","name":"Clove Bud Essential Oil | Living Libations","isPartOf":{"@id":"https:\/\/dutchhealthstore.com\/de\/#website"},"primaryImageOfPage":{"@id":"https:\/\/dutchhealthstore.com\/de\/product\/clove-bud-essential-oil\/#primaryimage"},"image":{"@id":"https:\/\/dutchhealthstore.com\/de\/product\/clove-bud-essential-oil\/#primaryimage"},"thumbnailUrl":"https:\/\/dutchhealthstore.com\/wp-content\/uploads\/2018\/02\/Living-Libations-Clove-Bud-Essential-Oil-e1594626227118.png","datePublished":"2018-02-10T19:06:30+00:00","dateModified":"2026-02-21T18:36:28+00:00","description":"Living Libations\u2019 Clove Bud essential oil wird aus den Bl\u00fctenknospen von Nelkenb\u00e4umen in Madagaskar dampfdestilliert.","breadcrumb":{"@id":"https:\/\/dutchhealthstore.com\/de\/product\/clove-bud-essential-oil\/#breadcrumb"},"inLanguage":"de","potentialAction":[{"@type":"ReadAction","target":["https:\/\/dutchhealthstore.com\/de\/product\/clove-bud-essential-oil\/"]}]},{"@type":"ImageObject","inLanguage":"de","@id":"https:\/\/dutchhealthstore.com\/de\/product\/clove-bud-essential-oil\/#primaryimage","url":"https:\/\/dutchhealthstore.com\/wp-content\/uploads\/2018\/02\/Living-Libations-Clove-Bud-Essential-Oil-e1594626227118.png","contentUrl":"https:\/\/dutchhealthstore.com\/wp-content\/uploads\/2018\/02\/Living-Libations-Clove-Bud-Essential-Oil-e1594626227118.png","width":500,"height":500,"caption":"Living Libations Clove Bud Essential Oil"},{"@type":"BreadcrumbList","@id":"https:\/\/dutchhealthstore.com\/de\/product\/clove-bud-essential-oil\/#breadcrumb","itemListElement":[{"@type":"ListItem","position":1,"name":"Home","item":"https:\/\/dutchhealthstore.com\/de\/"},{"@type":"ListItem","position":2,"name":"Shop","item":"https:\/\/dutchhealthstore.com\/de\/shop-2\/"},{"@type":"ListItem","position":3,"name":"Clove Bud Essential Oil"}]},{"@type":"WebSite","@id":"https:\/\/dutchhealthstore.com\/de\/#website","url":"https:\/\/dutchhealthstore.com\/de\/","name":"Dutch Health Store","description":"Enhance Your Beauty with Organic &amp; Natural Skincare","publisher":{"@id":"https:\/\/dutchhealthstore.com\/de\/#organization"},"potentialAction":[{"@type":"SearchAction","target":{"@type":"EntryPoint","urlTemplate":"https:\/\/dutchhealthstore.com\/de\/?s={search_term_string}"},"query-input":{"@type":"PropertyValueSpecification","valueRequired":true,"valueName":"search_term_string"}}],"inLanguage":"de"},{"@type":"Organization","@id":"https:\/\/dutchhealthstore.com\/de\/#organization","name":"Dutch Health Store","url":"https:\/\/dutchhealthstore.com\/de\/","logo":{"@type":"ImageObject","inLanguage":"de","@id":"https:\/\/dutchhealthstore.com\/de\/#\/schema\/logo\/image\/","url":"https:\/\/dutchhealthstore.com\/wp-content\/uploads\/2020\/08\/logo-dutchhealthstore-jpg-e1599484957574.jpg","contentUrl":"https:\/\/dutchhealthstore.com\/wp-content\/uploads\/2020\/08\/logo-dutchhealthstore-jpg-e1599484957574.jpg","width":400,"height":62,"caption":"Dutch Health Store"},"image":{"@id":"https:\/\/dutchhealthstore.com\/de\/#\/schema\/logo\/image\/"},"sameAs":["https:\/\/www.instagram.com\/dutchhealthstore\/","https:\/\/www.facebook.com\/dutchhealthstore"]}]},"product_brand":"Living Libations","og_availability":"instock","product_availability":"instock","product_condition":"new"},"_links":{"self":[{"href":"https:\/\/dutchhealthstore.com\/de\/wp-json\/wp\/v2\/product\/117730","targetHints":{"allow":["GET"]}}],"collection":[{"href":"https:\/\/dutchhealthstore.com\/de\/wp-json\/wp\/v2\/product"}],"about":[{"href":"https:\/\/dutchhealthstore.com\/de\/wp-json\/wp\/v2\/types\/product"}],"replies":[{"embeddable":true,"href":"https:\/\/dutchhealthstore.com\/de\/wp-json\/wp\/v2\/comments?post=117730"}],"wp:featuredmedia":[{"embeddable":true,"href":"https:\/\/dutchhealthstore.com\/de\/wp-json\/wp\/v2\/media\/113055"}],"wp:attachment":[{"href":"https:\/\/dutchhealthstore.com\/de\/wp-json\/wp\/v2\/media?parent=117730"}],"wp:term":[{"taxonomy":"product_brand","embeddable":true,"href":"https:\/\/dutchhealthstore.com\/de\/wp-json\/wp\/v2\/product_brand?post=117730"},{"taxonomy":"product_cat","embeddable":true,"href":"https:\/\/dutchhealthstore.com\/de\/wp-json\/wp\/v2\/product_cat?post=117730"},{"taxonomy":"product_tag","embeddable":true,"href":"https:\/\/dutchhealthstore.com\/de\/wp-json\/wp\/v2\/product_tag?post=117730"}],"curies":[{"name":"wp","href":"https:\/\/api.w.org\/{rel}","templated":true}]}}