{"id":117711,"date":"2019-10-04T15:01:23","date_gmt":"2019-10-04T13:01:23","guid":{"rendered":"https:\/\/dutchhealthstore.com\/product\/clementine-essential-oil\/"},"modified":"2024-09-23T13:32:46","modified_gmt":"2024-09-23T11:32:46","slug":"clementine-essential-oil","status":"publish","type":"product","link":"https:\/\/dutchhealthstore.com\/de\/product\/clementine-essential-oil\/","title":{"rendered":"Clementine Essential Oil"},"content":{"rendered":"<p><img decoding=\"async\" class=\"size-full wp-image-37041 alignright\" src=\"https:\/\/dutchhealthstore.com\/wp-content\/uploads\/2018\/04\/Living_Libations-1.png\" alt=\"Organic &amp; Natural Beautyproducts - Living Libations\" width=\"175\" height=\"82\">Bezauberndes <strong>Clementine Essential Oil<\/strong> wird kaltgepresst aus der leuchtend orangefarbenen Schale der fr\u00f6hlichen, saftigen Frucht, die eine Kreuzung zwischen der gew\u00f6hnlichen S\u00fc\u00dforange und der mediterranen Mandarine ist.<br \/>\nDiese Kreuzung wurde von Bruder Marie-Cl\u00e9ment im 9. Jahrhundert in Algerien entdeckt.<br \/>\nDie s\u00fc\u00dfe Essenz strotzt nur so vor hautfreundlichen Flavonoiden, immunisierendem Limonen und Antioxidantien aus Zitrusfr\u00fcchten sowie Linalool, das den Geist st\u00e4rkt.<\/p>\n<p><strong>Botanischer Name<\/strong>: Citrus clementina<br \/>\n<strong>Botanische Familie:<\/strong> Rutaceae<br \/>\n<strong>Extraktionsverfahren:<\/strong> Kalt gepresst<br \/>\n<strong>Teil der Pflanze Destilliert:<\/strong> Schale<br \/>\n<strong>Herkunftsland:<\/strong> Italien<br \/>\n<strong>Anbaumethode<\/strong>: Bio<br \/>\n<strong>Zusammensetzung<\/strong>: 100% Citrus clementina<br \/>\n<strong>Konsistenz<\/strong>: D\u00fcnn<\/p>\n<h3>Beschreibung des Duftes<\/h3>\n<p>Verlockend, \u00e4hnlich wie die Frucht, mit einem Hauch von blumigen Noten.<\/p>\n<h3>Gut mischbar mit<\/h3>\n<p>Lavendel, Weihrauch, Zypresse, Wacholder, Ylang, Vanille, Rose Otto, Jasmin, Spikenard, Rosmarin, Majoran, Bergamotte, Limette, Inula, Thymian, Oregano, Vetiver, Patchouli, Bergamotte, Koriander, Ysop, Myrrhe und Wei\u00dftanne.<\/p>\n<h3>Verwendung:<\/h3>\n<p>Frische Kopfnote f\u00fcr Parfums. K\u00f6stlich verd\u00fcnnt f\u00fcr Massagen, Hautpflegemischungen und B\u00e4der. Wunderbare monoterpenreiche Erg\u00e4nzung f\u00fcr Brustmassage\u00f6le. F\u00fcr kulinarische Kreationen mit Honig, Oliven- oder Kokosnuss\u00f6l verd\u00fcnnen. Fr\u00f6hlich und harmonisierend, um in Ihrem Haus zu verbreiten. Zum Gebrauch verd\u00fcnnen. Lichtempfindlich bei unverd\u00fcnnter Anwendung in direktem Sonnenlicht.<\/p>\n<h3>Hauptbestandteile:<\/h3>\n<p>Limonen, Linalool, Citronellal und Geranial.<br \/>\nDie Schale der kleinen Clementinenfrucht bietet einen gro\u00dfen Schub an s\u00fc\u00dfem Orangenaroma. Das k\u00f6stliche <strong>Clementine Essential Oil<\/strong> hat einen sch\u00e4rferen Zitrus-Orangen-Duft als die grasige Mandarine oder die weiche Mandarine und ist weniger spritzig-s\u00e4uerlich als die Blutorange.<\/p>\n<p>Clementinen\u00f6l ist eine reichhaltige Quelle f\u00fcr hautfreundliches Linalool, das sowohl seine S\u00fc\u00dfe als auch seine beruhigende Essenz f\u00fcr geistige Ruhe und Klarheit beisteuert.<\/p>\n<p><strong>Gr\u00f6\u00dfe: 5 ml und 15 ml<\/strong><\/p>\n<h3>Bio-Zutaten<\/h3>\n<p>100% \u00e4therische \u00d6le der Clementine (Citrus clementina).<\/p>\n<p style=\"text-align: center;\"><em>&#8222;Das aus der Clementine gewonnene \u00e4therische \u00d6l gewinnt immer mehr an Bedeutung. Seine Zusammensetzung besteht haupts\u00e4chlich aus Limonen, das 92-96% der fl\u00fcchtigen Fraktion ausmacht. <\/em><br \/>\n<em>Andere Monoterpenkohlenwasserstoffe, die in bedeutenden Mengen vorhanden sind, sind a-Pinen und Sabinen&#8220;.<\/em><br \/>\n\u223c Masayoshi Sawamura, <strong>Citrus Essential Oils, Flavor and Fragrance<\/strong><\/p>\n<p>&nbsp;<\/p>\n<p><img fetchpriority=\"high\" decoding=\"async\" class=\"size-full wp-image-31577 aligncenter\" src=\"https:\/\/dutchhealthstore.com\/wp-content\/uploads\/2018\/03\/organic_big.png\" alt=\"Organic and Natural - Living Libations\" width=\"623\" height=\"103\" srcset=\"https:\/\/dutchhealthstore.com\/wp-content\/uploads\/2018\/03\/organic_big.png 623w, https:\/\/dutchhealthstore.com\/wp-content\/uploads\/2018\/03\/organic_big-510x84.png 510w, https:\/\/dutchhealthstore.com\/wp-content\/uploads\/2018\/03\/organic_big-600x99.png 600w, https:\/\/dutchhealthstore.com\/wp-content\/uploads\/2018\/03\/organic_big-350x58.png 350w\" sizes=\"(max-width: 623px) 100vw, 623px\" \/><\/p>\n","protected":false},"excerpt":{"rendered":"<p><b>Bezauberndes<\/b> Clementine Essential Oil wird kaltgepresst aus der leuchtend orangefarbenen Schale der fr\u00f6hlichen, saftigen Frucht, die eine Kreuzung zwischen der gew\u00f6hnlichen S\u00fc\u00dforange und der mediterranen Mandarine ist.<br \/>\nDiese Kreuzung wurde von Bruder Marie-Cl\u00e9ment im 9. Jahrhundert in Algerien entdeckt.<br \/>\nDie s\u00fc\u00dfe Essenz strotzt nur so vor hautfreundlichen Flavonoiden, immunisierendem Limonen und Antioxidantien aus Zitrusfr\u00fcchten sowie Linalool, das den Geist st\u00e4rkt.<\/p>\n","protected":false},"featured_media":74201,"comment_status":"open","ping_status":"closed","template":"","meta":[],"product_brand":[],"product_cat":[1508,1546,6737,1493,1210,6736],"product_tag":[1547],"class_list":{"0":"post-117711","1":"product","2":"type-product","3":"status-publish","4":"has-post-thumbnail","6":"product_cat-aetherische-oele-living-libations","7":"product_cat-essential-oils-living-libations-de","8":"product_cat-essential-oils-de-2","9":"product_cat-living-libations-deutschland","10":"product_cat-marken","11":"product_cat-wellness-de","12":"product_tag-essential-oil-de","13":"pa_brand-livinglibations-de","14":"pa_essential-oils-product-type-essential-oils-de","15":"pa_gtin-7439657345319-de","16":"pa_size-15-ml-de-2","17":"pa_size-5-ml-de","19":"first","20":"instock","21":"taxable","22":"shipping-taxable","23":"purchasable","24":"product-type-variable"},"bundled_by":[],"bundle_stock_status":"instock","bundle_stock_quantity":null,"bundle_virtual":false,"bundle_layout":"","bundle_add_to_cart_form_location":"","bundle_editable_in_cart":false,"bundle_sold_individually_context":"","bundle_item_grouping":"","bundle_min_size":"","bundle_max_size":"","bundle_price":[],"bundled_items":[],"bundle_sell_ids":[],"atum_controlled":true,"out_stock_date":null,"out_stock_threshold":null,"inheritable":true,"stock_on_hold":0,"sold_today":0,"sales_last_days":0,"out_stock_days":0,"lost_sales":0,"update_date":"2026-05-03T00:15:37","atum_locations":[],"atum_stock_status":"instock","restock_status":false,"low_stock_amount":"","sales_update_date":"2026-05-03T00:15:37","calc_backorders":null,"group_of_quantity":0,"min_quantity":0,"max_quantity":"","exclude_order_quantity_value_rules":"no","exclude_category_quantity_rules":"no","combine_variations":"no","yoast_head":"<!-- This site is optimized with the Yoast SEO Premium plugin v26.5 (Yoast SEO v26.5) - https:\/\/yoast.com\/wordpress\/plugins\/seo\/ -->\n<title>Clementine Essential Oil | Organic &amp; Natural | Living Libations<\/title>\n<meta name=\"description\" content=\"Bezauberndes Clementine Essential Oil wird aus der leuchtend orangefarbenen Schale der Frucht kalt gepresst, die eine Kreuzung zwischen der gew\u00f6hnlichen S\u00fc\u00dforange und der mediterranen Mandarine ist.\" \/>\n<meta name=\"robots\" content=\"index, follow, max-snippet:-1, max-image-preview:large, max-video-preview:-1\" \/>\n<link rel=\"canonical\" href=\"https:\/\/dutchhealthstore.com\/de\/product\/clementine-essential-oil\/\" \/>\n<meta property=\"og:locale\" content=\"de_DE\" \/>\n<meta property=\"og:type\" content=\"article\" \/>\n<meta property=\"og:title\" content=\"Clementine Essential Oil - Dutch Health Store\" \/>\n<meta property=\"og:description\" content=\"Bezauberndes Clementine Essential Oil wird aus der leuchtend orangefarbenen Schale der Frucht kalt gepresst, die eine Kreuzung zwischen der gew\u00f6hnlichen S\u00fc\u00dforange und der mediterranen Mandarine ist.\" \/>\n<meta property=\"og:url\" content=\"https:\/\/dutchhealthstore.com\/de\/product\/clementine-essential-oil\/\" \/>\n<meta property=\"og:site_name\" content=\"Dutch Health Store\" \/>\n<meta property=\"article:publisher\" content=\"https:\/\/www.instagram.com\/dutchhealthstore\/\" \/>\n<meta property=\"article:modified_time\" content=\"2024-09-23T11:32:46+00:00\" \/>\n<meta property=\"og:image\" content=\"https:\/\/dutchhealthstore.com\/wp-content\/uploads\/2019\/10\/Living-Libations-Clementine-Essential-Oil.jpg\" \/>\n\t<meta property=\"og:image:width\" content=\"478\" \/>\n\t<meta property=\"og:image:height\" content=\"478\" \/>\n\t<meta property=\"og:image:type\" content=\"image\/jpeg\" \/>\n<meta name=\"twitter:card\" content=\"summary_large_image\" \/>\n<meta name=\"twitter:label1\" content=\"Verf\u00fcgbarkeit\" \/>\n\t<meta name=\"twitter:data1\" content=\"Auf Lager\" \/>\n<script type=\"application\/ld+json\" class=\"yoast-schema-graph\">{\"@context\":\"https:\/\/schema.org\",\"@graph\":[{\"@type\":\"WebPage\",\"@id\":\"https:\/\/dutchhealthstore.com\/de\/product\/clementine-essential-oil\/\",\"url\":\"https:\/\/dutchhealthstore.com\/de\/product\/clementine-essential-oil\/\",\"name\":\"Clementine Essential Oil | Organic & Natural | Living Libations\",\"isPartOf\":{\"@id\":\"https:\/\/dutchhealthstore.com\/de\/#website\"},\"primaryImageOfPage\":{\"@id\":\"https:\/\/dutchhealthstore.com\/de\/product\/clementine-essential-oil\/#primaryimage\"},\"image\":{\"@id\":\"https:\/\/dutchhealthstore.com\/de\/product\/clementine-essential-oil\/#primaryimage\"},\"thumbnailUrl\":\"https:\/\/dutchhealthstore.com\/wp-content\/uploads\/2019\/10\/Living-Libations-Clementine-Essential-Oil.jpg\",\"datePublished\":\"2019-10-04T13:01:23+00:00\",\"dateModified\":\"2024-09-23T11:32:46+00:00\",\"description\":\"Bezauberndes Clementine Essential Oil wird aus der leuchtend orangefarbenen Schale der Frucht kalt gepresst, die eine Kreuzung zwischen der gew\u00f6hnlichen S\u00fc\u00dforange und der mediterranen Mandarine ist.\",\"breadcrumb\":{\"@id\":\"https:\/\/dutchhealthstore.com\/de\/product\/clementine-essential-oil\/#breadcrumb\"},\"inLanguage\":\"de\",\"potentialAction\":[{\"@type\":\"ReadAction\",\"target\":[\"https:\/\/dutchhealthstore.com\/de\/product\/clementine-essential-oil\/\"]}]},{\"@type\":\"ImageObject\",\"inLanguage\":\"de\",\"@id\":\"https:\/\/dutchhealthstore.com\/de\/product\/clementine-essential-oil\/#primaryimage\",\"url\":\"https:\/\/dutchhealthstore.com\/wp-content\/uploads\/2019\/10\/Living-Libations-Clementine-Essential-Oil.jpg\",\"contentUrl\":\"https:\/\/dutchhealthstore.com\/wp-content\/uploads\/2019\/10\/Living-Libations-Clementine-Essential-Oil.jpg\",\"width\":478,\"height\":478,\"caption\":\"Living Libations - Clementine Essential Oil\"},{\"@type\":\"BreadcrumbList\",\"@id\":\"https:\/\/dutchhealthstore.com\/de\/product\/clementine-essential-oil\/#breadcrumb\",\"itemListElement\":[{\"@type\":\"ListItem\",\"position\":1,\"name\":\"Home\",\"item\":\"https:\/\/dutchhealthstore.com\/de\/\"},{\"@type\":\"ListItem\",\"position\":2,\"name\":\"Shop\",\"item\":\"https:\/\/dutchhealthstore.com\/de\/shop-2\/\"},{\"@type\":\"ListItem\",\"position\":3,\"name\":\"Clementine Essential Oil\"}]},{\"@type\":\"WebSite\",\"@id\":\"https:\/\/dutchhealthstore.com\/de\/#website\",\"url\":\"https:\/\/dutchhealthstore.com\/de\/\",\"name\":\"Dutch Health Store\",\"description\":\"Enhance Your Beauty with Organic &amp; Natural Skincare\",\"publisher\":{\"@id\":\"https:\/\/dutchhealthstore.com\/de\/#organization\"},\"potentialAction\":[{\"@type\":\"SearchAction\",\"target\":{\"@type\":\"EntryPoint\",\"urlTemplate\":\"https:\/\/dutchhealthstore.com\/de\/?s={search_term_string}\"},\"query-input\":{\"@type\":\"PropertyValueSpecification\",\"valueRequired\":true,\"valueName\":\"search_term_string\"}}],\"inLanguage\":\"de\"},{\"@type\":\"Organization\",\"@id\":\"https:\/\/dutchhealthstore.com\/de\/#organization\",\"name\":\"Dutch Health Store\",\"url\":\"https:\/\/dutchhealthstore.com\/de\/\",\"logo\":{\"@type\":\"ImageObject\",\"inLanguage\":\"de\",\"@id\":\"https:\/\/dutchhealthstore.com\/de\/#\/schema\/logo\/image\/\",\"url\":\"https:\/\/dutchhealthstore.com\/wp-content\/uploads\/2020\/08\/logo-dutchhealthstore-jpg-e1599484957574.jpg\",\"contentUrl\":\"https:\/\/dutchhealthstore.com\/wp-content\/uploads\/2020\/08\/logo-dutchhealthstore-jpg-e1599484957574.jpg\",\"width\":400,\"height\":62,\"caption\":\"Dutch Health Store\"},\"image\":{\"@id\":\"https:\/\/dutchhealthstore.com\/de\/#\/schema\/logo\/image\/\"},\"sameAs\":[\"https:\/\/www.instagram.com\/dutchhealthstore\/\",\"https:\/\/www.facebook.com\/dutchhealthstore\"]}]}<\/script>\n<meta property=\"product:brand\" content=\"Living Libations\" \/>\n<meta property=\"og:availability\" content=\"instock\" \/>\n<meta property=\"product:availability\" content=\"instock\" \/>\n<meta property=\"product:condition\" content=\"new\" \/>\n<!-- \/ Yoast SEO Premium plugin. -->","yoast_head_json":{"title":"Clementine Essential Oil | Organic & Natural | Living Libations","description":"Bezauberndes Clementine Essential Oil wird aus der leuchtend orangefarbenen Schale der Frucht kalt gepresst, die eine Kreuzung zwischen der gew\u00f6hnlichen S\u00fc\u00dforange und der mediterranen Mandarine ist.","robots":{"index":"index","follow":"follow","max-snippet":"max-snippet:-1","max-image-preview":"max-image-preview:large","max-video-preview":"max-video-preview:-1"},"canonical":"https:\/\/dutchhealthstore.com\/de\/product\/clementine-essential-oil\/","og_locale":"de_DE","og_type":"article","og_title":"Clementine Essential Oil - Dutch Health Store","og_description":"Bezauberndes Clementine Essential Oil wird aus der leuchtend orangefarbenen Schale der Frucht kalt gepresst, die eine Kreuzung zwischen der gew\u00f6hnlichen S\u00fc\u00dforange und der mediterranen Mandarine ist.","og_url":"https:\/\/dutchhealthstore.com\/de\/product\/clementine-essential-oil\/","og_site_name":"Dutch Health Store","article_publisher":"https:\/\/www.instagram.com\/dutchhealthstore\/","article_modified_time":"2024-09-23T11:32:46+00:00","og_image":[{"width":478,"height":478,"url":"https:\/\/dutchhealthstore.com\/wp-content\/uploads\/2019\/10\/Living-Libations-Clementine-Essential-Oil.jpg","type":"image\/jpeg"}],"twitter_card":"summary_large_image","twitter_misc":{"Verf\u00fcgbarkeit":"Auf Lager"},"schema":{"@context":"https:\/\/schema.org","@graph":[{"@type":"WebPage","@id":"https:\/\/dutchhealthstore.com\/de\/product\/clementine-essential-oil\/","url":"https:\/\/dutchhealthstore.com\/de\/product\/clementine-essential-oil\/","name":"Clementine Essential Oil | Organic & Natural | Living Libations","isPartOf":{"@id":"https:\/\/dutchhealthstore.com\/de\/#website"},"primaryImageOfPage":{"@id":"https:\/\/dutchhealthstore.com\/de\/product\/clementine-essential-oil\/#primaryimage"},"image":{"@id":"https:\/\/dutchhealthstore.com\/de\/product\/clementine-essential-oil\/#primaryimage"},"thumbnailUrl":"https:\/\/dutchhealthstore.com\/wp-content\/uploads\/2019\/10\/Living-Libations-Clementine-Essential-Oil.jpg","datePublished":"2019-10-04T13:01:23+00:00","dateModified":"2024-09-23T11:32:46+00:00","description":"Bezauberndes Clementine Essential Oil wird aus der leuchtend orangefarbenen Schale der Frucht kalt gepresst, die eine Kreuzung zwischen der gew\u00f6hnlichen S\u00fc\u00dforange und der mediterranen Mandarine ist.","breadcrumb":{"@id":"https:\/\/dutchhealthstore.com\/de\/product\/clementine-essential-oil\/#breadcrumb"},"inLanguage":"de","potentialAction":[{"@type":"ReadAction","target":["https:\/\/dutchhealthstore.com\/de\/product\/clementine-essential-oil\/"]}]},{"@type":"ImageObject","inLanguage":"de","@id":"https:\/\/dutchhealthstore.com\/de\/product\/clementine-essential-oil\/#primaryimage","url":"https:\/\/dutchhealthstore.com\/wp-content\/uploads\/2019\/10\/Living-Libations-Clementine-Essential-Oil.jpg","contentUrl":"https:\/\/dutchhealthstore.com\/wp-content\/uploads\/2019\/10\/Living-Libations-Clementine-Essential-Oil.jpg","width":478,"height":478,"caption":"Living Libations - Clementine Essential Oil"},{"@type":"BreadcrumbList","@id":"https:\/\/dutchhealthstore.com\/de\/product\/clementine-essential-oil\/#breadcrumb","itemListElement":[{"@type":"ListItem","position":1,"name":"Home","item":"https:\/\/dutchhealthstore.com\/de\/"},{"@type":"ListItem","position":2,"name":"Shop","item":"https:\/\/dutchhealthstore.com\/de\/shop-2\/"},{"@type":"ListItem","position":3,"name":"Clementine Essential Oil"}]},{"@type":"WebSite","@id":"https:\/\/dutchhealthstore.com\/de\/#website","url":"https:\/\/dutchhealthstore.com\/de\/","name":"Dutch Health Store","description":"Enhance Your Beauty with Organic &amp; Natural Skincare","publisher":{"@id":"https:\/\/dutchhealthstore.com\/de\/#organization"},"potentialAction":[{"@type":"SearchAction","target":{"@type":"EntryPoint","urlTemplate":"https:\/\/dutchhealthstore.com\/de\/?s={search_term_string}"},"query-input":{"@type":"PropertyValueSpecification","valueRequired":true,"valueName":"search_term_string"}}],"inLanguage":"de"},{"@type":"Organization","@id":"https:\/\/dutchhealthstore.com\/de\/#organization","name":"Dutch Health Store","url":"https:\/\/dutchhealthstore.com\/de\/","logo":{"@type":"ImageObject","inLanguage":"de","@id":"https:\/\/dutchhealthstore.com\/de\/#\/schema\/logo\/image\/","url":"https:\/\/dutchhealthstore.com\/wp-content\/uploads\/2020\/08\/logo-dutchhealthstore-jpg-e1599484957574.jpg","contentUrl":"https:\/\/dutchhealthstore.com\/wp-content\/uploads\/2020\/08\/logo-dutchhealthstore-jpg-e1599484957574.jpg","width":400,"height":62,"caption":"Dutch Health Store"},"image":{"@id":"https:\/\/dutchhealthstore.com\/de\/#\/schema\/logo\/image\/"},"sameAs":["https:\/\/www.instagram.com\/dutchhealthstore\/","https:\/\/www.facebook.com\/dutchhealthstore"]}]},"product_brand":"Living Libations","og_availability":"instock","product_availability":"instock","product_condition":"new"},"_links":{"self":[{"href":"https:\/\/dutchhealthstore.com\/de\/wp-json\/wp\/v2\/product\/117711","targetHints":{"allow":["GET"]}}],"collection":[{"href":"https:\/\/dutchhealthstore.com\/de\/wp-json\/wp\/v2\/product"}],"about":[{"href":"https:\/\/dutchhealthstore.com\/de\/wp-json\/wp\/v2\/types\/product"}],"replies":[{"embeddable":true,"href":"https:\/\/dutchhealthstore.com\/de\/wp-json\/wp\/v2\/comments?post=117711"}],"wp:featuredmedia":[{"embeddable":true,"href":"https:\/\/dutchhealthstore.com\/de\/wp-json\/wp\/v2\/media\/74201"}],"wp:attachment":[{"href":"https:\/\/dutchhealthstore.com\/de\/wp-json\/wp\/v2\/media?parent=117711"}],"wp:term":[{"taxonomy":"product_brand","embeddable":true,"href":"https:\/\/dutchhealthstore.com\/de\/wp-json\/wp\/v2\/product_brand?post=117711"},{"taxonomy":"product_cat","embeddable":true,"href":"https:\/\/dutchhealthstore.com\/de\/wp-json\/wp\/v2\/product_cat?post=117711"},{"taxonomy":"product_tag","embeddable":true,"href":"https:\/\/dutchhealthstore.com\/de\/wp-json\/wp\/v2\/product_tag?post=117711"}],"curies":[{"name":"wp","href":"https:\/\/api.w.org\/{rel}","templated":true}]}}