{"id":117697,"date":"2018-07-31T19:26:16","date_gmt":"2018-07-31T17:26:16","guid":{"rendered":"https:\/\/dutchhealthstore.com\/product\/white-fir-christmas-tree-distillation\/"},"modified":"2024-11-29T12:08:35","modified_gmt":"2024-11-29T11:08:35","slug":"white-fir-christmas-tree-distillation","status":"publish","type":"product","link":"https:\/\/dutchhealthstore.com\/de\/product\/white-fir-christmas-tree-distillation\/","title":{"rendered":"Christmas Tree Essential Oil Blend"},"content":{"rendered":"<p style=\"font-weight: 400;\"><b><strong><img decoding=\"async\" class=\"size-full wp-image-37041 alignright\" src=\"https:\/\/dutchhealthstore.com\/wp-content\/uploads\/2018\/04\/Living_Libations-1.png\" alt=\"Organic &amp; Natural Beautyproducts - Living Libations\" width=\"175\" height=\"82\"><\/strong><\/b><\/p>\n<p><strong>Botanischer Name:<\/strong> Abies fraseri + Abies peocera<br \/>\n<strong>Botanische Familie:<\/strong> Pinaceae<br \/>\n<strong>Extraktionsverfahren:<\/strong> Dampf-Co-Destillation<br \/>\n<strong>Teil der Pflanze Destilliert:<\/strong> Nadeln und Zweige<br \/>\n<strong>Herkunftsland:<\/strong> Westliche USA<br \/>\n<strong>Anbaumethode:<\/strong> Wildsammlung<br \/>\n<strong>Zusammensetzung:<\/strong> 100% Abies fraseri + Abies peocera<br \/>\n<strong>Konsistenz:<\/strong> D\u00fcnne Konsistenz<\/p>\n<h3>Beschreibung des Duftes<\/h3>\n<p>Kl\u00e4rende Weihnachtsbaumnoten mit festlichen Akzenten von luftigem Immergr\u00fcn.<\/p>\n<h3>In Living Libations<\/h3>\n<p>Hearth Mirth Diffusing Blend<\/p>\n<h3>Gut mischbar mit<\/h3>\n<p>Wei\u00dftanne, Weihrauch, alle Zitrusfr\u00fcchte, Fichte, S\u00fc\u00dfbirke, Vetiver, Spikenard, Majoran, Lavendel und Eukalyptus.<\/p>\n<h3>Verwendet<\/h3>\n<p>Verteilen oder im Salzrohr verwenden. Reinigen Sie K\u00f6rper und Geist und heiligen Sie den Geist in Saunen mit Wei\u00dftanne oder segnen Sie das Bad mit ein paar Tropfen.<\/p>\n<h3>Inhaltsstoffe<\/h3>\n<p>Hoher Gehalt an l-Limonen und d-Limonen.<\/p>\n<p>Christmas Tree Essential Oil bringt Fr\u00f6hlichkeit in Ihr Haus und an Ihren Herd. Als spirituelles Tonikum bietet sie eine Essenz, die den Kompass der inneren Wege kl\u00e4rt und der emotionalen Ausrichtung Luft verschafft.<\/p>\n<p><strong>Gr\u00f6\u00dfe: 5 ml<\/strong><\/p>\n<h3>Bio-Zutaten<\/h3>\n<p>100% Weihnachtsbaum (Abies fraseri + Abies peocera) \u00e4therische \u00d6lmischung.<\/p>\n<p style=\"text-align: center;\"><em>&#8222;Die Wei\u00dftanne enth\u00e4lt 95 % Monoterpene. Dar\u00fcber hinaus produziert Abies alba ein Zapfen\u00f6l mit einem sehr angenehmen balsamischen Geruch, das haupts\u00e4chlich aus l-Limonen besteht und als Zusatz zu allen Kiefernnadeld\u00fcften verwendet wird.&#8220;<\/em><br \/>\n~ Jeanne Rose, <strong>375 Essential Oils and Hydrosols<\/strong><b><\/b><\/p>\n<p><img fetchpriority=\"high\" decoding=\"async\" class=\"aligncenter size-full wp-image-31577\" src=\"https:\/\/dutchhealthstore.com\/wp-content\/uploads\/2018\/03\/organic_big.png\" alt=\"Organic and Natural - Living Libations\" width=\"623\" height=\"103\" srcset=\"https:\/\/dutchhealthstore.com\/wp-content\/uploads\/2018\/03\/organic_big.png 623w, https:\/\/dutchhealthstore.com\/wp-content\/uploads\/2018\/03\/organic_big-510x84.png 510w, https:\/\/dutchhealthstore.com\/wp-content\/uploads\/2018\/03\/organic_big-600x99.png 600w, https:\/\/dutchhealthstore.com\/wp-content\/uploads\/2018\/03\/organic_big-350x58.png 350w\" sizes=\"(max-width: 623px) 100vw, 623px\" \/><\/p>\n","protected":false},"excerpt":{"rendered":"<p>Festlich und fr\u00f6hlich, Living Libations <strong>Christmas Tree White Fir<\/strong><strong> Essential <\/strong><span style=\"font-size: 14.4px;\"><b>Oil<\/b> ist<\/span> belebend und erhellend. Die numinosen Nadeln enthalten kraftvolle Eigenschaften, die von den nordamerikanischen Ureinwohnern schon seit Hunderten von Jahren f\u00fcr die Selbstbehandlung verwendet werden.<br \/>\nDieses besondere Destillat wurde aus gutem Grund aus Weihnachtsb\u00e4umen nach der Weihnachtszeit destilliert. Reinigen Sie K\u00f6rper, Geist und Haus und heiligen Sie Ihren Geist mit diesem frischen, anziehenden Waldduft.<\/p>\n","protected":false},"featured_media":117519,"comment_status":"open","ping_status":"closed","template":"","meta":[],"product_brand":[],"product_cat":[1546,6737,1508,1493,6736],"product_tag":[6218,1547],"class_list":{"0":"post-117697","1":"product","2":"type-product","3":"status-publish","4":"has-post-thumbnail","6":"product_cat-essential-oils-living-libations-de","7":"product_cat-essential-oils-de-2","8":"product_cat-aetherische-oele-living-libations","9":"product_cat-living-libations-deutschland","10":"product_cat-wellness-de","11":"product_tag-blend-de","12":"product_tag-essential-oil-de","13":"pa_brand-livinglibations-de","14":"pa_essential-oils-product-type-essential-oils-de","15":"pa_size-5-ml-de","17":"first","18":"instock","19":"taxable","20":"shipping-taxable","21":"purchasable","22":"product-type-simple"},"bundled_by":[],"bundle_stock_status":"instock","bundle_stock_quantity":1,"bundle_virtual":false,"bundle_layout":"","bundle_add_to_cart_form_location":"","bundle_editable_in_cart":false,"bundle_sold_individually_context":"","bundle_item_grouping":"","bundle_min_size":"","bundle_max_size":"","bundle_price":[],"bundled_items":[],"bundle_sell_ids":[],"atum_controlled":true,"out_stock_date":null,"out_stock_threshold":null,"inheritable":false,"stock_on_hold":0,"sold_today":0,"sales_last_days":0,"out_stock_days":0,"lost_sales":0,"update_date":"2026-04-09T11:39:57","atum_locations":[],"atum_stock_status":"instock","restock_status":false,"low_stock_amount":"","sales_update_date":"2026-04-09T11:39:57","calc_backorders":null,"group_of_quantity":0,"min_quantity":0,"max_quantity":"","exclude_order_quantity_value_rules":"no","exclude_category_quantity_rules":"no","combine_variations":"no","yoast_head":"<!-- This site is optimized with the Yoast SEO Premium plugin v26.5 (Yoast SEO v26.5) - https:\/\/yoast.com\/wordpress\/plugins\/seo\/ -->\n<title>Christmas Tree Essential Oil Blend | Living Libations<\/title>\n<meta name=\"description\" content=\"Die numinosen Nadeln enthalten kraftvolle Eigenschaften, die von den nordamerikanischen Ureinwohnern schon seit Hunderten von Jahren f\u00fcr die Selbstbehandlung verwendet werden.\" \/>\n<meta name=\"robots\" content=\"index, follow, max-snippet:-1, max-image-preview:large, max-video-preview:-1\" \/>\n<link rel=\"canonical\" href=\"https:\/\/dutchhealthstore.com\/de\/product\/white-fir-christmas-tree-distillation\/\" \/>\n<meta property=\"og:locale\" content=\"de_DE\" \/>\n<meta property=\"og:type\" content=\"article\" \/>\n<meta property=\"og:title\" content=\"Christmas Tree Essential Oil Blend - Dutch Health Store\" \/>\n<meta property=\"og:description\" content=\"Die numinosen Nadeln enthalten kraftvolle Eigenschaften, die von den nordamerikanischen Ureinwohnern schon seit Hunderten von Jahren f\u00fcr die Selbstbehandlung verwendet werden.\" \/>\n<meta property=\"og:url\" content=\"https:\/\/dutchhealthstore.com\/de\/product\/white-fir-christmas-tree-distillation\/\" \/>\n<meta property=\"og:site_name\" content=\"Dutch Health Store\" \/>\n<meta property=\"article:publisher\" content=\"https:\/\/www.instagram.com\/dutchhealthstore\/\" \/>\n<meta property=\"article:modified_time\" content=\"2024-11-29T11:08:35+00:00\" \/>\n<meta property=\"og:image\" content=\"https:\/\/dutchhealthstore.com\/wp-content\/uploads\/2018\/07\/Living-Libations-Chrismas-Tree-Essential-Oil-Blend-e1596447079547.png\" \/>\n\t<meta property=\"og:image:width\" content=\"500\" \/>\n\t<meta property=\"og:image:height\" content=\"500\" \/>\n\t<meta property=\"og:image:type\" content=\"image\/jpeg\" \/>\n<meta name=\"twitter:card\" content=\"summary_large_image\" \/>\n<meta name=\"twitter:label1\" content=\"Preis\" \/>\n\t<meta name=\"twitter:data1\" content=\"&euro;33,00\" \/>\n\t<meta name=\"twitter:label2\" content=\"Verf\u00fcgbarkeit\" \/>\n\t<meta name=\"twitter:data2\" content=\"Auf Lager\" \/>\n<script type=\"application\/ld+json\" class=\"yoast-schema-graph\">{\"@context\":\"https:\/\/schema.org\",\"@graph\":[{\"@type\":\"WebPage\",\"@id\":\"https:\/\/dutchhealthstore.com\/de\/product\/white-fir-christmas-tree-distillation\/\",\"url\":\"https:\/\/dutchhealthstore.com\/de\/product\/white-fir-christmas-tree-distillation\/\",\"name\":\"Christmas Tree Essential Oil Blend | Living Libations\",\"isPartOf\":{\"@id\":\"https:\/\/dutchhealthstore.com\/de\/#website\"},\"primaryImageOfPage\":{\"@id\":\"https:\/\/dutchhealthstore.com\/de\/product\/white-fir-christmas-tree-distillation\/#primaryimage\"},\"image\":{\"@id\":\"https:\/\/dutchhealthstore.com\/de\/product\/white-fir-christmas-tree-distillation\/#primaryimage\"},\"thumbnailUrl\":\"https:\/\/dutchhealthstore.com\/wp-content\/uploads\/2018\/07\/Living-Libations-Chrismas-Tree-Essential-Oil-Blend-e1596447079547.png\",\"datePublished\":\"2018-07-31T17:26:16+00:00\",\"dateModified\":\"2024-11-29T11:08:35+00:00\",\"description\":\"Die numinosen Nadeln enthalten kraftvolle Eigenschaften, die von den nordamerikanischen Ureinwohnern schon seit Hunderten von Jahren f\u00fcr die Selbstbehandlung verwendet werden.\",\"breadcrumb\":{\"@id\":\"https:\/\/dutchhealthstore.com\/de\/product\/white-fir-christmas-tree-distillation\/#breadcrumb\"},\"inLanguage\":\"de\",\"potentialAction\":[{\"@type\":\"ReadAction\",\"target\":[\"https:\/\/dutchhealthstore.com\/de\/product\/white-fir-christmas-tree-distillation\/\"]}]},{\"@type\":\"ImageObject\",\"inLanguage\":\"de\",\"@id\":\"https:\/\/dutchhealthstore.com\/de\/product\/white-fir-christmas-tree-distillation\/#primaryimage\",\"url\":\"https:\/\/dutchhealthstore.com\/wp-content\/uploads\/2018\/07\/Living-Libations-Chrismas-Tree-Essential-Oil-Blend-e1596447079547.png\",\"contentUrl\":\"https:\/\/dutchhealthstore.com\/wp-content\/uploads\/2018\/07\/Living-Libations-Chrismas-Tree-Essential-Oil-Blend-e1596447079547.png\",\"width\":500,\"height\":500,\"caption\":\"Living Libations Chrismas Tree Essential Oil Blend\"},{\"@type\":\"BreadcrumbList\",\"@id\":\"https:\/\/dutchhealthstore.com\/de\/product\/white-fir-christmas-tree-distillation\/#breadcrumb\",\"itemListElement\":[{\"@type\":\"ListItem\",\"position\":1,\"name\":\"Home\",\"item\":\"https:\/\/dutchhealthstore.com\/de\/\"},{\"@type\":\"ListItem\",\"position\":2,\"name\":\"Shop\",\"item\":\"https:\/\/dutchhealthstore.com\/de\/shop-2\/\"},{\"@type\":\"ListItem\",\"position\":3,\"name\":\"Christmas Tree Essential Oil Blend\"}]},{\"@type\":\"WebSite\",\"@id\":\"https:\/\/dutchhealthstore.com\/de\/#website\",\"url\":\"https:\/\/dutchhealthstore.com\/de\/\",\"name\":\"Dutch Health Store\",\"description\":\"Enhance Your Beauty with Organic &amp; Natural Skincare\",\"publisher\":{\"@id\":\"https:\/\/dutchhealthstore.com\/de\/#organization\"},\"potentialAction\":[{\"@type\":\"SearchAction\",\"target\":{\"@type\":\"EntryPoint\",\"urlTemplate\":\"https:\/\/dutchhealthstore.com\/de\/?s={search_term_string}\"},\"query-input\":{\"@type\":\"PropertyValueSpecification\",\"valueRequired\":true,\"valueName\":\"search_term_string\"}}],\"inLanguage\":\"de\"},{\"@type\":\"Organization\",\"@id\":\"https:\/\/dutchhealthstore.com\/de\/#organization\",\"name\":\"Dutch Health Store\",\"url\":\"https:\/\/dutchhealthstore.com\/de\/\",\"logo\":{\"@type\":\"ImageObject\",\"inLanguage\":\"de\",\"@id\":\"https:\/\/dutchhealthstore.com\/de\/#\/schema\/logo\/image\/\",\"url\":\"https:\/\/dutchhealthstore.com\/wp-content\/uploads\/2020\/08\/logo-dutchhealthstore-jpg-e1599484957574.jpg\",\"contentUrl\":\"https:\/\/dutchhealthstore.com\/wp-content\/uploads\/2020\/08\/logo-dutchhealthstore-jpg-e1599484957574.jpg\",\"width\":400,\"height\":62,\"caption\":\"Dutch Health Store\"},\"image\":{\"@id\":\"https:\/\/dutchhealthstore.com\/de\/#\/schema\/logo\/image\/\"},\"sameAs\":[\"https:\/\/www.instagram.com\/dutchhealthstore\/\",\"https:\/\/www.facebook.com\/dutchhealthstore\"]}]}<\/script>\n<meta property=\"product:brand\" content=\"Living Libations\" \/>\n<meta property=\"product:price:amount\" content=\"33.00\" \/>\n<meta property=\"product:price:currency\" content=\"EUR\" \/>\n<meta property=\"og:availability\" content=\"instock\" \/>\n<meta property=\"product:availability\" content=\"instock\" \/>\n<meta property=\"product:condition\" content=\"new\" \/>\n<!-- \/ Yoast SEO Premium plugin. -->","yoast_head_json":{"title":"Christmas Tree Essential Oil Blend | Living Libations","description":"Die numinosen Nadeln enthalten kraftvolle Eigenschaften, die von den nordamerikanischen Ureinwohnern schon seit Hunderten von Jahren f\u00fcr die Selbstbehandlung verwendet werden.","robots":{"index":"index","follow":"follow","max-snippet":"max-snippet:-1","max-image-preview":"max-image-preview:large","max-video-preview":"max-video-preview:-1"},"canonical":"https:\/\/dutchhealthstore.com\/de\/product\/white-fir-christmas-tree-distillation\/","og_locale":"de_DE","og_type":"article","og_title":"Christmas Tree Essential Oil Blend - Dutch Health Store","og_description":"Die numinosen Nadeln enthalten kraftvolle Eigenschaften, die von den nordamerikanischen Ureinwohnern schon seit Hunderten von Jahren f\u00fcr die Selbstbehandlung verwendet werden.","og_url":"https:\/\/dutchhealthstore.com\/de\/product\/white-fir-christmas-tree-distillation\/","og_site_name":"Dutch Health Store","article_publisher":"https:\/\/www.instagram.com\/dutchhealthstore\/","article_modified_time":"2024-11-29T11:08:35+00:00","og_image":[{"width":500,"height":500,"url":"https:\/\/dutchhealthstore.com\/wp-content\/uploads\/2018\/07\/Living-Libations-Chrismas-Tree-Essential-Oil-Blend-e1596447079547.png","type":"image\/jpeg"}],"twitter_card":"summary_large_image","twitter_misc":{"Preis":"&euro;33,00","Verf\u00fcgbarkeit":"Auf Lager"},"schema":{"@context":"https:\/\/schema.org","@graph":[{"@type":"WebPage","@id":"https:\/\/dutchhealthstore.com\/de\/product\/white-fir-christmas-tree-distillation\/","url":"https:\/\/dutchhealthstore.com\/de\/product\/white-fir-christmas-tree-distillation\/","name":"Christmas Tree Essential Oil Blend | Living Libations","isPartOf":{"@id":"https:\/\/dutchhealthstore.com\/de\/#website"},"primaryImageOfPage":{"@id":"https:\/\/dutchhealthstore.com\/de\/product\/white-fir-christmas-tree-distillation\/#primaryimage"},"image":{"@id":"https:\/\/dutchhealthstore.com\/de\/product\/white-fir-christmas-tree-distillation\/#primaryimage"},"thumbnailUrl":"https:\/\/dutchhealthstore.com\/wp-content\/uploads\/2018\/07\/Living-Libations-Chrismas-Tree-Essential-Oil-Blend-e1596447079547.png","datePublished":"2018-07-31T17:26:16+00:00","dateModified":"2024-11-29T11:08:35+00:00","description":"Die numinosen Nadeln enthalten kraftvolle Eigenschaften, die von den nordamerikanischen Ureinwohnern schon seit Hunderten von Jahren f\u00fcr die Selbstbehandlung verwendet werden.","breadcrumb":{"@id":"https:\/\/dutchhealthstore.com\/de\/product\/white-fir-christmas-tree-distillation\/#breadcrumb"},"inLanguage":"de","potentialAction":[{"@type":"ReadAction","target":["https:\/\/dutchhealthstore.com\/de\/product\/white-fir-christmas-tree-distillation\/"]}]},{"@type":"ImageObject","inLanguage":"de","@id":"https:\/\/dutchhealthstore.com\/de\/product\/white-fir-christmas-tree-distillation\/#primaryimage","url":"https:\/\/dutchhealthstore.com\/wp-content\/uploads\/2018\/07\/Living-Libations-Chrismas-Tree-Essential-Oil-Blend-e1596447079547.png","contentUrl":"https:\/\/dutchhealthstore.com\/wp-content\/uploads\/2018\/07\/Living-Libations-Chrismas-Tree-Essential-Oil-Blend-e1596447079547.png","width":500,"height":500,"caption":"Living Libations Chrismas Tree Essential Oil Blend"},{"@type":"BreadcrumbList","@id":"https:\/\/dutchhealthstore.com\/de\/product\/white-fir-christmas-tree-distillation\/#breadcrumb","itemListElement":[{"@type":"ListItem","position":1,"name":"Home","item":"https:\/\/dutchhealthstore.com\/de\/"},{"@type":"ListItem","position":2,"name":"Shop","item":"https:\/\/dutchhealthstore.com\/de\/shop-2\/"},{"@type":"ListItem","position":3,"name":"Christmas Tree Essential Oil Blend"}]},{"@type":"WebSite","@id":"https:\/\/dutchhealthstore.com\/de\/#website","url":"https:\/\/dutchhealthstore.com\/de\/","name":"Dutch Health Store","description":"Enhance Your Beauty with Organic &amp; Natural Skincare","publisher":{"@id":"https:\/\/dutchhealthstore.com\/de\/#organization"},"potentialAction":[{"@type":"SearchAction","target":{"@type":"EntryPoint","urlTemplate":"https:\/\/dutchhealthstore.com\/de\/?s={search_term_string}"},"query-input":{"@type":"PropertyValueSpecification","valueRequired":true,"valueName":"search_term_string"}}],"inLanguage":"de"},{"@type":"Organization","@id":"https:\/\/dutchhealthstore.com\/de\/#organization","name":"Dutch Health Store","url":"https:\/\/dutchhealthstore.com\/de\/","logo":{"@type":"ImageObject","inLanguage":"de","@id":"https:\/\/dutchhealthstore.com\/de\/#\/schema\/logo\/image\/","url":"https:\/\/dutchhealthstore.com\/wp-content\/uploads\/2020\/08\/logo-dutchhealthstore-jpg-e1599484957574.jpg","contentUrl":"https:\/\/dutchhealthstore.com\/wp-content\/uploads\/2020\/08\/logo-dutchhealthstore-jpg-e1599484957574.jpg","width":400,"height":62,"caption":"Dutch Health Store"},"image":{"@id":"https:\/\/dutchhealthstore.com\/de\/#\/schema\/logo\/image\/"},"sameAs":["https:\/\/www.instagram.com\/dutchhealthstore\/","https:\/\/www.facebook.com\/dutchhealthstore"]}]},"product_brand":"Living Libations","product_price_amount":"33.00","product_price_currency":"EUR","og_availability":"instock","product_availability":"instock","product_condition":"new"},"_links":{"self":[{"href":"https:\/\/dutchhealthstore.com\/de\/wp-json\/wp\/v2\/product\/117697","targetHints":{"allow":["GET"]}}],"collection":[{"href":"https:\/\/dutchhealthstore.com\/de\/wp-json\/wp\/v2\/product"}],"about":[{"href":"https:\/\/dutchhealthstore.com\/de\/wp-json\/wp\/v2\/types\/product"}],"replies":[{"embeddable":true,"href":"https:\/\/dutchhealthstore.com\/de\/wp-json\/wp\/v2\/comments?post=117697"}],"wp:featuredmedia":[{"embeddable":true,"href":"https:\/\/dutchhealthstore.com\/de\/wp-json\/wp\/v2\/media\/117519"}],"wp:attachment":[{"href":"https:\/\/dutchhealthstore.com\/de\/wp-json\/wp\/v2\/media?parent=117697"}],"wp:term":[{"taxonomy":"product_brand","embeddable":true,"href":"https:\/\/dutchhealthstore.com\/de\/wp-json\/wp\/v2\/product_brand?post=117697"},{"taxonomy":"product_cat","embeddable":true,"href":"https:\/\/dutchhealthstore.com\/de\/wp-json\/wp\/v2\/product_cat?post=117697"},{"taxonomy":"product_tag","embeddable":true,"href":"https:\/\/dutchhealthstore.com\/de\/wp-json\/wp\/v2\/product_tag?post=117697"}],"curies":[{"name":"wp","href":"https:\/\/api.w.org\/{rel}","templated":true}]}}