{"id":117685,"date":"2020-07-09T08:07:44","date_gmt":"2020-07-09T06:07:44","guid":{"rendered":"https:\/\/dutchhealthstore.com\/product\/clary-sage-essential-oil\/"},"modified":"2025-01-16T14:15:13","modified_gmt":"2025-01-16T13:15:13","slug":"clary-sage-essential-oil","status":"publish","type":"product","link":"https:\/\/dutchhealthstore.com\/de\/product\/clary-sage-essential-oil\/","title":{"rendered":"Clary Sage Essential Oil"},"content":{"rendered":"<p><strong><img decoding=\"async\" class=\"size-full wp-image-69549 alignright\" src=\"https:\/\/dutchhealthstore.com\/wp-content\/uploads\/2019\/08\/NEW-Living-Libations-Logo.jpg\" alt=\"NEW - Living Libations - Logo\" width=\"175\" height=\"82\">Botanischer Name:<\/strong> Salvia sclarea<br \/>\n<strong>Botanische Familie:<\/strong> Lamiaceae<br \/>\n<strong>Extraktionsverfahren:<\/strong> Dampfdestilliert<br \/>\n<strong>Teil der Pflanze Destilliert:<\/strong> Bl\u00fcten<br \/>\n<strong>Herkunftsland:<\/strong> Frankreich<br \/>\n<strong>Anbaumethode:<\/strong> Bio<br \/>\n<strong>Zusammensetzung:<\/strong> 100% Salvia sclarea<br \/>\n<strong>Konsistenz:<\/strong> D\u00fcnne Viskosit\u00e4t<\/p>\n<h3>Beschreibung des Duftes<\/h3>\n<p>Warm, beruhigend, krautig, frische Noten von gr\u00fcnen Kr\u00e4utern.<\/p>\n<h3>Gut mischbar mit<\/h3>\n<p>Zedernholz, Bergamotte, Majoran, Weihrauch, Kamille, Petitgrain, Rose Otto, Rosmarin und Weihrauch.<\/p>\n<a href=\"https:\/\/dutchhealthstore.com\/wp-content\/uploads\/2020\/07\/ANALYSIS-Clary-Sage-Essential-Oil-Living-Libations.pdf\" class=\"button primary is-primary is-small\"  >\n\t\t<span>ANALYSE DER \u00c4THERISCHEN \u00d6LE &gt;<\/span>\n\t<\/a>\n\n<h3>Verwendet<\/h3>\n<p>Entspannt den Geist und bes\u00e4nftigt Bef\u00fcrchtungen. In Salzpfeifen inhalieren, diffundieren und bei Meditationen inhalieren.<br \/>\nGemischt mit Majoran f\u00fcr schmelzende Massagen in der Mittagszeit. Weckt die Sinnlichkeit. Sch\u00f6n in den B\u00e4dern. Gelassenheit in Seren. In Hautpflegesprays gleicht Muskatellersalbei die \u00d6lproduktion von Haut und Kopfhaut aus und sorgt f\u00fcr eine nat\u00fcrliche Ausstrahlung.<\/p>\n<p>Die euphorischen, gr\u00fcnen Opalknospen des Clary Sage Essential Oilvermitteln ein herrliches Gef\u00fchl von Ruhe und sogar Schwindelgef\u00fchl. Der beruhigende Muskatellersalbei kann zur Salbung des K\u00f6rpers an den Schl\u00e4fen und Handgelenken verwendet werden, um einen friedlichen Duft zu erzeugen. Als euphorische Pflanze ist unser beruhigendes Clary Sage Essential Oil eine fantastische Salbe f\u00fcr die Bauchmassage, vor allem w\u00e4hrend der majest\u00e4tischen Mondzeitpflege.<\/p>\n<p><strong>Gr\u00f6\u00dfe: 5 ml und 15 ml<\/strong><\/p>\n<h3>Organic Ingredients<\/h3>\n<p>\u00c4therisches \u00d6l aus 100% Muskatellersalbei (Salvia sclarea).<\/p>\n<p style=\"text-align: center;\"><em> &#8222;Das \u00e4therische \u00d6l [clary sage] Dampf, der aus den Kr\u00e4utern und Bl\u00fcten der Pflanze destilliert wird, wird traditionell in deutschem Muskatellerwein, englischem Bier und italienischem Wermut (sowie als Fixiermittel f\u00fcr Parf\u00fcm) verwendet, um die berauschende Wirkung und das sinnliche Aroma des Muskatellersalbeis zu nutzen&#8230; Muskatellersalbei ist auch ein wertvoller Bestandteil von K\u00f6rperpflegepr\u00e4paraten, wobei er die Haut- und Haarsekretion reguliert und als Stimulans f\u00fcr die Kopfhaut wirkt.&#8220;<\/em><br \/>\n~ Kate and Peter Damian, <strong>Scent and Psyche<\/strong><\/p>\n<p style=\"text-align: center;\"><em>&#8222;Ich entdeckte meine Liebe zum Muskateller, auch bekannt als Muskatellersalbei, in S\u00fcdfrankreich. Dort fand ich mich in einem riesigen, sonnen\u00fcberfluteten Feld mit Muskatellersalbei wieder &#8211; umgeben von unz\u00e4hligen leuchtenden Farben&#8230; Erst viel sp\u00e4ter erfuhr ich durch die Aromatherapie, dass Muskatellersalbei tats\u00e4chlich Euphorie erzeugen kann&#8230; Wie sein Cousin, der Opalstein, ist er kraftvoll, strahlend und r\u00e4tselhaft. Er regeneriert Energie und befl\u00fcgelt Geist und Seele, wobei er auch ein wenig Unvernunft und Risiko in sich birgt.<\/em><br \/>\n~ Susanne Fischer Rizzi, <strong>Complete Aromatherapy Handbook: Essential Oils for Radiant Health<\/strong><\/p>\n<p><img fetchpriority=\"high\" decoding=\"async\" class=\"size-medium wp-image-68103 aligncenter\" src=\"https:\/\/dutchhealthstore.com\/wp-content\/uploads\/2018\/02\/Living-Libations-Organic-Logo-800x89.png\" alt=\"Living Libations - Organic Logo\" width=\"800\" height=\"89\" srcset=\"https:\/\/dutchhealthstore.com\/wp-content\/uploads\/2018\/02\/Living-Libations-Organic-Logo-800x89.png 800w, https:\/\/dutchhealthstore.com\/wp-content\/uploads\/2018\/02\/Living-Libations-Organic-Logo-510x57.png 510w, https:\/\/dutchhealthstore.com\/wp-content\/uploads\/2018\/02\/Living-Libations-Organic-Logo-768x85.png 768w, https:\/\/dutchhealthstore.com\/wp-content\/uploads\/2018\/02\/Living-Libations-Organic-Logo.png 1400w\" sizes=\"(max-width: 800px) 100vw, 800px\" \/><\/p>\n","protected":false},"excerpt":{"rendered":"<p>Bezauberndes <strong>Clary Sage Essential Oil<\/strong> wird aus bl\u00fchenden Bio-Pflanzen, die auf den duftenden Feldern S\u00fcdfrankreichs wachsen, dampfdestilliert. Clary Sage ist nicht nur ein wunderbarer Stressl\u00f6ser, sondern weckt auch Gef\u00fchle der Euphorie und segnet die Essenz der Weiblichkeit.<br \/>\nSalben Sie Ihren K\u00f6rper mit diesem geheimnisvollen, uralten \u00d6l, das als &#8222;eines der r\u00e4tselhaftesten \u00e4therischen \u00d6le in der geheimnisvollen Apotheke der Aromatherapie&#8220; bezeichnet wurde.<\/p>\n","protected":false},"featured_media":112290,"comment_status":"open","ping_status":"closed","template":"","meta":[],"product_brand":[],"product_cat":[6737,1508,1546,1493,1210,6736],"product_tag":[1547],"class_list":{"0":"post-117685","1":"product","2":"type-product","3":"status-publish","4":"has-post-thumbnail","6":"product_cat-essential-oils-de-2","7":"product_cat-aetherische-oele-living-libations","8":"product_cat-essential-oils-living-libations-de","9":"product_cat-living-libations-deutschland","10":"product_cat-marken","11":"product_cat-wellness-de","12":"product_tag-essential-oil-de","13":"pa_brand-livinglibations-de","14":"pa_essential-oils-product-type-essential-oils-de","15":"pa_size-5-ml-de","16":"pa_size-15-ml-de-2","18":"first","19":"instock","20":"taxable","21":"shipping-taxable","22":"purchasable","23":"product-type-variable"},"bundled_by":[],"bundle_stock_status":"instock","bundle_stock_quantity":null,"bundle_virtual":false,"bundle_layout":"","bundle_add_to_cart_form_location":"","bundle_editable_in_cart":false,"bundle_sold_individually_context":"","bundle_item_grouping":"","bundle_min_size":"","bundle_max_size":"","bundle_price":[],"bundled_items":[],"bundle_sell_ids":[],"atum_controlled":true,"out_stock_date":null,"out_stock_threshold":null,"inheritable":true,"stock_on_hold":1,"sold_today":0,"sales_last_days":0,"out_stock_days":0,"lost_sales":0,"update_date":"2026-04-10T00:01:30","atum_locations":[],"atum_stock_status":"instock","restock_status":false,"low_stock_amount":"","sales_update_date":"2026-04-10T00:01:30","calc_backorders":null,"group_of_quantity":0,"min_quantity":0,"max_quantity":"","exclude_order_quantity_value_rules":"no","exclude_category_quantity_rules":"no","combine_variations":"no","yoast_head":"<!-- This site is optimized with the Yoast SEO Premium plugin v26.5 (Yoast SEO v26.5) - https:\/\/yoast.com\/wordpress\/plugins\/seo\/ -->\n<title>Clary Sage Essential Oil | Living Libations<\/title>\n<meta name=\"description\" content=\"Bezauberndes Clary Sage Essential Oil wird aus bl\u00fchenden Bio-Pflanzen, die auf den duftenden Feldern S\u00fcdfrankreichs wachsen, dampfdestilliert.\" \/>\n<meta name=\"robots\" content=\"index, follow, max-snippet:-1, max-image-preview:large, max-video-preview:-1\" \/>\n<link rel=\"canonical\" href=\"https:\/\/dutchhealthstore.com\/de\/product\/clary-sage-essential-oil\/\" \/>\n<meta property=\"og:locale\" content=\"de_DE\" \/>\n<meta property=\"og:type\" content=\"article\" \/>\n<meta property=\"og:title\" content=\"Clary Sage Essential Oil - Dutch Health Store\" \/>\n<meta property=\"og:description\" content=\"Bezauberndes Clary Sage Essential Oil wird aus bl\u00fchenden Bio-Pflanzen, die auf den duftenden Feldern S\u00fcdfrankreichs wachsen, dampfdestilliert.\" \/>\n<meta property=\"og:url\" content=\"https:\/\/dutchhealthstore.com\/de\/product\/clary-sage-essential-oil\/\" \/>\n<meta property=\"og:site_name\" content=\"Dutch Health Store\" \/>\n<meta property=\"article:publisher\" content=\"https:\/\/www.instagram.com\/dutchhealthstore\/\" \/>\n<meta property=\"article:modified_time\" content=\"2025-01-16T13:15:13+00:00\" \/>\n<meta property=\"og:image\" content=\"https:\/\/dutchhealthstore.com\/wp-content\/uploads\/2020\/07\/Living-Libations-Clary-Sage-Essential-Oil.-e1594281914861.png\" \/>\n\t<meta property=\"og:image:width\" content=\"500\" \/>\n\t<meta property=\"og:image:height\" content=\"500\" \/>\n\t<meta property=\"og:image:type\" content=\"image\/jpeg\" \/>\n<meta name=\"twitter:card\" content=\"summary_large_image\" \/>\n<meta name=\"twitter:label1\" content=\"Verf\u00fcgbarkeit\" \/>\n\t<meta name=\"twitter:data1\" content=\"Auf Lager\" \/>\n<script type=\"application\/ld+json\" class=\"yoast-schema-graph\">{\"@context\":\"https:\/\/schema.org\",\"@graph\":[{\"@type\":\"WebPage\",\"@id\":\"https:\/\/dutchhealthstore.com\/de\/product\/clary-sage-essential-oil\/\",\"url\":\"https:\/\/dutchhealthstore.com\/de\/product\/clary-sage-essential-oil\/\",\"name\":\"Clary Sage Essential Oil | Living Libations\",\"isPartOf\":{\"@id\":\"https:\/\/dutchhealthstore.com\/de\/#website\"},\"primaryImageOfPage\":{\"@id\":\"https:\/\/dutchhealthstore.com\/de\/product\/clary-sage-essential-oil\/#primaryimage\"},\"image\":{\"@id\":\"https:\/\/dutchhealthstore.com\/de\/product\/clary-sage-essential-oil\/#primaryimage\"},\"thumbnailUrl\":\"https:\/\/dutchhealthstore.com\/wp-content\/uploads\/2020\/07\/Living-Libations-Clary-Sage-Essential-Oil.-e1594281914861.png\",\"datePublished\":\"2020-07-09T06:07:44+00:00\",\"dateModified\":\"2025-01-16T13:15:13+00:00\",\"description\":\"Bezauberndes Clary Sage Essential Oil wird aus bl\u00fchenden Bio-Pflanzen, die auf den duftenden Feldern S\u00fcdfrankreichs wachsen, dampfdestilliert.\",\"breadcrumb\":{\"@id\":\"https:\/\/dutchhealthstore.com\/de\/product\/clary-sage-essential-oil\/#breadcrumb\"},\"inLanguage\":\"de\",\"potentialAction\":[{\"@type\":\"ReadAction\",\"target\":[\"https:\/\/dutchhealthstore.com\/de\/product\/clary-sage-essential-oil\/\"]}]},{\"@type\":\"ImageObject\",\"inLanguage\":\"de\",\"@id\":\"https:\/\/dutchhealthstore.com\/de\/product\/clary-sage-essential-oil\/#primaryimage\",\"url\":\"https:\/\/dutchhealthstore.com\/wp-content\/uploads\/2020\/07\/Living-Libations-Clary-Sage-Essential-Oil.-e1594281914861.png\",\"contentUrl\":\"https:\/\/dutchhealthstore.com\/wp-content\/uploads\/2020\/07\/Living-Libations-Clary-Sage-Essential-Oil.-e1594281914861.png\",\"width\":500,\"height\":500,\"caption\":\"Living Libations Clary Sage Essential Oil\"},{\"@type\":\"BreadcrumbList\",\"@id\":\"https:\/\/dutchhealthstore.com\/de\/product\/clary-sage-essential-oil\/#breadcrumb\",\"itemListElement\":[{\"@type\":\"ListItem\",\"position\":1,\"name\":\"Home\",\"item\":\"https:\/\/dutchhealthstore.com\/de\/\"},{\"@type\":\"ListItem\",\"position\":2,\"name\":\"Shop\",\"item\":\"https:\/\/dutchhealthstore.com\/de\/shop-2\/\"},{\"@type\":\"ListItem\",\"position\":3,\"name\":\"Clary Sage Essential Oil\"}]},{\"@type\":\"WebSite\",\"@id\":\"https:\/\/dutchhealthstore.com\/de\/#website\",\"url\":\"https:\/\/dutchhealthstore.com\/de\/\",\"name\":\"Dutch Health Store\",\"description\":\"Enhance Your Beauty with Organic &amp; Natural Skincare\",\"publisher\":{\"@id\":\"https:\/\/dutchhealthstore.com\/de\/#organization\"},\"potentialAction\":[{\"@type\":\"SearchAction\",\"target\":{\"@type\":\"EntryPoint\",\"urlTemplate\":\"https:\/\/dutchhealthstore.com\/de\/?s={search_term_string}\"},\"query-input\":{\"@type\":\"PropertyValueSpecification\",\"valueRequired\":true,\"valueName\":\"search_term_string\"}}],\"inLanguage\":\"de\"},{\"@type\":\"Organization\",\"@id\":\"https:\/\/dutchhealthstore.com\/de\/#organization\",\"name\":\"Dutch Health Store\",\"url\":\"https:\/\/dutchhealthstore.com\/de\/\",\"logo\":{\"@type\":\"ImageObject\",\"inLanguage\":\"de\",\"@id\":\"https:\/\/dutchhealthstore.com\/de\/#\/schema\/logo\/image\/\",\"url\":\"https:\/\/dutchhealthstore.com\/wp-content\/uploads\/2020\/08\/logo-dutchhealthstore-jpg-e1599484957574.jpg\",\"contentUrl\":\"https:\/\/dutchhealthstore.com\/wp-content\/uploads\/2020\/08\/logo-dutchhealthstore-jpg-e1599484957574.jpg\",\"width\":400,\"height\":62,\"caption\":\"Dutch Health Store\"},\"image\":{\"@id\":\"https:\/\/dutchhealthstore.com\/de\/#\/schema\/logo\/image\/\"},\"sameAs\":[\"https:\/\/www.instagram.com\/dutchhealthstore\/\",\"https:\/\/www.facebook.com\/dutchhealthstore\"]}]}<\/script>\n<meta property=\"product:brand\" content=\"Living Libations\" \/>\n<meta property=\"og:availability\" content=\"instock\" \/>\n<meta property=\"product:availability\" content=\"instock\" \/>\n<meta property=\"product:condition\" content=\"new\" \/>\n<!-- \/ Yoast SEO Premium plugin. -->","yoast_head_json":{"title":"Clary Sage Essential Oil | Living Libations","description":"Bezauberndes Clary Sage Essential Oil wird aus bl\u00fchenden Bio-Pflanzen, die auf den duftenden Feldern S\u00fcdfrankreichs wachsen, dampfdestilliert.","robots":{"index":"index","follow":"follow","max-snippet":"max-snippet:-1","max-image-preview":"max-image-preview:large","max-video-preview":"max-video-preview:-1"},"canonical":"https:\/\/dutchhealthstore.com\/de\/product\/clary-sage-essential-oil\/","og_locale":"de_DE","og_type":"article","og_title":"Clary Sage Essential Oil - Dutch Health Store","og_description":"Bezauberndes Clary Sage Essential Oil wird aus bl\u00fchenden Bio-Pflanzen, die auf den duftenden Feldern S\u00fcdfrankreichs wachsen, dampfdestilliert.","og_url":"https:\/\/dutchhealthstore.com\/de\/product\/clary-sage-essential-oil\/","og_site_name":"Dutch Health Store","article_publisher":"https:\/\/www.instagram.com\/dutchhealthstore\/","article_modified_time":"2025-01-16T13:15:13+00:00","og_image":[{"width":500,"height":500,"url":"https:\/\/dutchhealthstore.com\/wp-content\/uploads\/2020\/07\/Living-Libations-Clary-Sage-Essential-Oil.-e1594281914861.png","type":"image\/jpeg"}],"twitter_card":"summary_large_image","twitter_misc":{"Verf\u00fcgbarkeit":"Auf Lager"},"schema":{"@context":"https:\/\/schema.org","@graph":[{"@type":"WebPage","@id":"https:\/\/dutchhealthstore.com\/de\/product\/clary-sage-essential-oil\/","url":"https:\/\/dutchhealthstore.com\/de\/product\/clary-sage-essential-oil\/","name":"Clary Sage Essential Oil | Living Libations","isPartOf":{"@id":"https:\/\/dutchhealthstore.com\/de\/#website"},"primaryImageOfPage":{"@id":"https:\/\/dutchhealthstore.com\/de\/product\/clary-sage-essential-oil\/#primaryimage"},"image":{"@id":"https:\/\/dutchhealthstore.com\/de\/product\/clary-sage-essential-oil\/#primaryimage"},"thumbnailUrl":"https:\/\/dutchhealthstore.com\/wp-content\/uploads\/2020\/07\/Living-Libations-Clary-Sage-Essential-Oil.-e1594281914861.png","datePublished":"2020-07-09T06:07:44+00:00","dateModified":"2025-01-16T13:15:13+00:00","description":"Bezauberndes Clary Sage Essential Oil wird aus bl\u00fchenden Bio-Pflanzen, die auf den duftenden Feldern S\u00fcdfrankreichs wachsen, dampfdestilliert.","breadcrumb":{"@id":"https:\/\/dutchhealthstore.com\/de\/product\/clary-sage-essential-oil\/#breadcrumb"},"inLanguage":"de","potentialAction":[{"@type":"ReadAction","target":["https:\/\/dutchhealthstore.com\/de\/product\/clary-sage-essential-oil\/"]}]},{"@type":"ImageObject","inLanguage":"de","@id":"https:\/\/dutchhealthstore.com\/de\/product\/clary-sage-essential-oil\/#primaryimage","url":"https:\/\/dutchhealthstore.com\/wp-content\/uploads\/2020\/07\/Living-Libations-Clary-Sage-Essential-Oil.-e1594281914861.png","contentUrl":"https:\/\/dutchhealthstore.com\/wp-content\/uploads\/2020\/07\/Living-Libations-Clary-Sage-Essential-Oil.-e1594281914861.png","width":500,"height":500,"caption":"Living Libations Clary Sage Essential Oil"},{"@type":"BreadcrumbList","@id":"https:\/\/dutchhealthstore.com\/de\/product\/clary-sage-essential-oil\/#breadcrumb","itemListElement":[{"@type":"ListItem","position":1,"name":"Home","item":"https:\/\/dutchhealthstore.com\/de\/"},{"@type":"ListItem","position":2,"name":"Shop","item":"https:\/\/dutchhealthstore.com\/de\/shop-2\/"},{"@type":"ListItem","position":3,"name":"Clary Sage Essential Oil"}]},{"@type":"WebSite","@id":"https:\/\/dutchhealthstore.com\/de\/#website","url":"https:\/\/dutchhealthstore.com\/de\/","name":"Dutch Health Store","description":"Enhance Your Beauty with Organic &amp; Natural Skincare","publisher":{"@id":"https:\/\/dutchhealthstore.com\/de\/#organization"},"potentialAction":[{"@type":"SearchAction","target":{"@type":"EntryPoint","urlTemplate":"https:\/\/dutchhealthstore.com\/de\/?s={search_term_string}"},"query-input":{"@type":"PropertyValueSpecification","valueRequired":true,"valueName":"search_term_string"}}],"inLanguage":"de"},{"@type":"Organization","@id":"https:\/\/dutchhealthstore.com\/de\/#organization","name":"Dutch Health Store","url":"https:\/\/dutchhealthstore.com\/de\/","logo":{"@type":"ImageObject","inLanguage":"de","@id":"https:\/\/dutchhealthstore.com\/de\/#\/schema\/logo\/image\/","url":"https:\/\/dutchhealthstore.com\/wp-content\/uploads\/2020\/08\/logo-dutchhealthstore-jpg-e1599484957574.jpg","contentUrl":"https:\/\/dutchhealthstore.com\/wp-content\/uploads\/2020\/08\/logo-dutchhealthstore-jpg-e1599484957574.jpg","width":400,"height":62,"caption":"Dutch Health Store"},"image":{"@id":"https:\/\/dutchhealthstore.com\/de\/#\/schema\/logo\/image\/"},"sameAs":["https:\/\/www.instagram.com\/dutchhealthstore\/","https:\/\/www.facebook.com\/dutchhealthstore"]}]},"product_brand":"Living Libations","og_availability":"instock","product_availability":"instock","product_condition":"new"},"_links":{"self":[{"href":"https:\/\/dutchhealthstore.com\/de\/wp-json\/wp\/v2\/product\/117685","targetHints":{"allow":["GET"]}}],"collection":[{"href":"https:\/\/dutchhealthstore.com\/de\/wp-json\/wp\/v2\/product"}],"about":[{"href":"https:\/\/dutchhealthstore.com\/de\/wp-json\/wp\/v2\/types\/product"}],"replies":[{"embeddable":true,"href":"https:\/\/dutchhealthstore.com\/de\/wp-json\/wp\/v2\/comments?post=117685"}],"wp:featuredmedia":[{"embeddable":true,"href":"https:\/\/dutchhealthstore.com\/de\/wp-json\/wp\/v2\/media\/112290"}],"wp:attachment":[{"href":"https:\/\/dutchhealthstore.com\/de\/wp-json\/wp\/v2\/media?parent=117685"}],"wp:term":[{"taxonomy":"product_brand","embeddable":true,"href":"https:\/\/dutchhealthstore.com\/de\/wp-json\/wp\/v2\/product_brand?post=117685"},{"taxonomy":"product_cat","embeddable":true,"href":"https:\/\/dutchhealthstore.com\/de\/wp-json\/wp\/v2\/product_cat?post=117685"},{"taxonomy":"product_tag","embeddable":true,"href":"https:\/\/dutchhealthstore.com\/de\/wp-json\/wp\/v2\/product_tag?post=117685"}],"curies":[{"name":"wp","href":"https:\/\/api.w.org\/{rel}","templated":true}]}}