{"id":117656,"date":"2020-07-09T07:21:22","date_gmt":"2020-07-09T05:21:22","guid":{"rendered":"https:\/\/dutchhealthstore.com\/product\/cinnamon-bark-essential-oil\/"},"modified":"2025-10-26T20:58:18","modified_gmt":"2025-10-26T19:58:18","slug":"cinnamon-bark-essential-oil","status":"publish","type":"product","link":"https:\/\/dutchhealthstore.com\/de\/product\/cinnamon-bark-essential-oil\/","title":{"rendered":"Cinnamon Bark Essential Oil"},"content":{"rendered":"<p><strong><img decoding=\"async\" class=\"size-full wp-image-69549 alignright\" src=\"https:\/\/dutchhealthstore.com\/wp-content\/uploads\/2019\/08\/NEW-Living-Libations-Logo.jpg\" alt=\"NEW - Living Libations - Logo\" width=\"175\" height=\"82\">Botanischer Name:<\/strong> Cinnamomum zeylanicum<br \/>\n<strong>Botanische Familie:<\/strong> Lauraceae<br \/>\n<strong>Extraktionsverfahren:<\/strong> Dampfdestilliert<br \/>\n<strong>Teil der Pflanze Destilliert:<\/strong> Rinde<br \/>\n<strong>Herkunftsland:<\/strong> Madagaskar<br \/>\n<strong>Anbaumethode:<\/strong> Bio<br \/>\n<strong>Zusammensetzung:<\/strong> 100% Cinnamomum zeylanicum<br \/>\n<strong>Konsistenz:<\/strong> D\u00fcnne Viskosit\u00e4t<\/p>\n<h3>Beschreibung des Duftes<\/h3>\n<p>W\u00fcrzig, s\u00fc\u00df, warm und trocken.<\/p>\n<h3>In Living Libations<\/h3>\n<p>Love Wine, Ensorcell Serum, Illume Hotberry, Hot Lover Lips, Happy Gum Drops, Ozonated Happy Gum Drops, Neem Enamelizer, Radiant Love Lotion, und Radiant Love Butter.<\/p>\n<h3>Gut mischbar mit<\/h3>\n<p>Gew\u00fcrznelke, Kurkuma, Blutorange und Kaffee.<\/p>\n<a href=\"https:\/\/dutchhealthstore.com\/wp-content\/uploads\/2020\/07\/ANALYSIS-Cinnamon-Bark-Essential-Oil-Living-Libations.pdf\" class=\"button primary is-primary is-small\"  >\n\t\t<span>ANALYSE DER \u00c4THERISCHEN \u00d6LE &gt;<\/span>\n\t<\/a>\n\n<p><strong>Gr\u00f6\u00dfe: 5 ml und 15 ml<\/strong><\/p>\n<h3>Verwendet<\/h3>\n<p>Verd\u00fcnnen Sie immer 1 &#8211; 3% Cinnamon Bark Essential Oil in einem biologischen Tr\u00e4ger\u00f6l, Best Skin Ever oder Jojoba\u00f6l und tragen Sie es auf die Haut auf, um ein spritziges Verj\u00fcngungsserum zu erhalten. Als kulinarisches \u00d6l zu Tees usw. hinzuf\u00fcgen oder einen Tropfen auf Schokolade geben. Ein herrlich w\u00e4rmender Duft, der in einem Topf mit Wasser auf dem Herd oder in einem Diffusor verbreitet werden kann. Starkes pflanzliches Biotikum, das den Atem erfrischt und sich hervorragend f\u00fcr die biologische Mundpflege eignet.<\/p>\n<p>Diese authentische Destillation von echter Zimtrinde ist ein Klassiker der Aromatherapie. Dieses botanische Biotikum verstr\u00f6mt ein entz\u00fcckendes, herzerw\u00e4rmendes Aroma, das in jedem potenten Molek\u00fcl Pep steckt. Unser Zimt ist ein wahrer multisensorischer Genuss, der schon seit der Antike f\u00fcr kulinarische K\u00f6stlichkeiten, wirksame Mundpflege, stimulierende Hautpflege und zur Unterst\u00fctzung der K\u00f6rperpflege verwendet wird.<\/p>\n<h3>Organic Ingredients<\/h3>\n<p>100% \u00e4therisches \u00d6l aus Zimtrinde (Cinnamomum zeylanicum).<\/p>\n<p style=\"text-align: center;\"><em>&#8222;Der warme Glanz von Zimt strahlt durch Zeit und Raum und verwandelt Kummer in Gl\u00fcck. Es bringt die Erkenntnis, dass die Liebe immer da ist, wenn wir uns auf ihre warme Schwingung einstimmen.&#8220;<\/em><br \/>\n~ Valerie Ann Worwood, <strong>Aromatherapy for the Soul<\/strong><\/p>\n<p style=\"text-align: center;\"><em>&#8222;Zimt wurde auch in vielen fr\u00fchen Parf\u00fcmpr\u00e4paraten verwendet, wie z. B. im k\u00f6niglichen Unguent. F\u00fcr die Araber war Zimt ein Symbol des Reichtums, und f\u00fcr die Chinesen war er ein Allheilmittel und wurde als R\u00e4ucherwerk verbrannt. Im mittelalterlichen Europa fand er, wie viele andere exotische Gew\u00fcrze, Eingang in Parf\u00fcms und Liebestr\u00e4nke.&#8220;<\/em><br \/>\n~ Jennifer Peace Rhind, <strong>Fragrance and Wellbeing<\/strong><\/p>\n<p><strong>Siehe unseren YouTube-Clip zu diesem Produkt<\/strong><\/p>\n<p><iframe title=\"Essential Oils 101: Blue Lotus, Chamomile, Cinnamon, Cardamom, Cedar and Sage\" width=\"1020\" height=\"574\" src=\"https:\/\/www.youtube.com\/embed\/wkXVNyGtDKM?feature=oembed\" frameborder=\"0\" allow=\"accelerometer; autoplay; encrypted-media; gyroscope; picture-in-picture\" allowfullscreen><\/iframe><\/p>\n<p><img fetchpriority=\"high\" decoding=\"async\" class=\"size-medium wp-image-68103 aligncenter\" src=\"https:\/\/dutchhealthstore.com\/wp-content\/uploads\/2018\/02\/Living-Libations-Organic-Logo-800x89.png\" alt=\"Living Libations - Organic Logo\" width=\"800\" height=\"89\" srcset=\"https:\/\/dutchhealthstore.com\/wp-content\/uploads\/2018\/02\/Living-Libations-Organic-Logo-800x89.png 800w, https:\/\/dutchhealthstore.com\/wp-content\/uploads\/2018\/02\/Living-Libations-Organic-Logo-510x57.png 510w, https:\/\/dutchhealthstore.com\/wp-content\/uploads\/2018\/02\/Living-Libations-Organic-Logo-768x85.png 768w, https:\/\/dutchhealthstore.com\/wp-content\/uploads\/2018\/02\/Living-Libations-Organic-Logo.png 1400w\" sizes=\"(max-width: 800px) 100vw, 800px\" \/><\/p>\n","protected":false},"excerpt":{"rendered":"<p>Das w\u00fcrzige, sinnliche <strong>Cinnamon Bark Essential Oil<\/strong> wird aus der Rinde von biologisch angebauten B\u00e4umen in Madagaskar dampfdestilliert.<br \/>\nEin k\u00f6stlich duftendes, aromatisches \u00d6l, das vor pflanzlicher Kraft nur so strotzt. S\u00fc\u00dfer Zimt w\u00e4rmt und kitzelt das Herz, die Haut und die Geschmacksknospen.<\/p>\n","protected":false},"featured_media":112276,"comment_status":"open","ping_status":"closed","template":"","meta":[],"product_brand":[],"product_cat":[1546,6737,1508,1493,1210,6736],"product_tag":[1547],"class_list":{"0":"post-117656","1":"product","2":"type-product","3":"status-publish","4":"has-post-thumbnail","6":"product_cat-essential-oils-living-libations-de","7":"product_cat-essential-oils-de-2","8":"product_cat-aetherische-oele-living-libations","9":"product_cat-living-libations-deutschland","10":"product_cat-marken","11":"product_cat-wellness-de","12":"product_tag-essential-oil-de","13":"pa_brand-livinglibations-de","14":"pa_essential-oils-product-type-essential-oils-de","15":"pa_size-5-ml-de","16":"pa_size-15-ml-de-2","18":"first","19":"instock","20":"taxable","21":"shipping-taxable","22":"purchasable","23":"product-type-variable"},"bundled_by":[],"bundle_stock_status":"instock","bundle_stock_quantity":null,"bundle_virtual":false,"bundle_layout":"","bundle_add_to_cart_form_location":"","bundle_editable_in_cart":false,"bundle_sold_individually_context":"","bundle_item_grouping":"","bundle_min_size":"","bundle_max_size":"","bundle_price":[],"bundled_items":[],"bundle_sell_ids":[],"atum_controlled":true,"out_stock_date":null,"out_stock_threshold":null,"inheritable":true,"stock_on_hold":0,"sold_today":0,"sales_last_days":0,"out_stock_days":0,"lost_sales":0,"update_date":"2026-04-06T01:46:28","atum_locations":[],"atum_stock_status":"instock","restock_status":false,"low_stock_amount":"","sales_update_date":"2026-04-06T01:46:28","calc_backorders":null,"group_of_quantity":0,"min_quantity":0,"max_quantity":"","exclude_order_quantity_value_rules":"no","exclude_category_quantity_rules":"no","combine_variations":"no","yoast_head":"<!-- This site is optimized with the Yoast SEO Premium plugin v26.5 (Yoast SEO v26.5) - https:\/\/yoast.com\/wordpress\/plugins\/seo\/ -->\n<title>Cinnamon Bark Essential Oil | Living Libations<\/title>\n<meta name=\"description\" content=\"Das w\u00fcrzige, sinnliche Cinnamon Bark Essential Oil wird aus der Rinde von biologisch angebauten B\u00e4umen in Madagaskar dampfdestilliert.\" \/>\n<meta name=\"robots\" content=\"index, follow, max-snippet:-1, max-image-preview:large, max-video-preview:-1\" \/>\n<link rel=\"canonical\" href=\"https:\/\/dutchhealthstore.com\/de\/product\/cinnamon-bark-essential-oil\/\" \/>\n<meta property=\"og:locale\" content=\"de_DE\" \/>\n<meta property=\"og:type\" content=\"article\" \/>\n<meta property=\"og:title\" content=\"Cinnamon Bark Essential Oil - Dutch Health Store\" \/>\n<meta property=\"og:description\" content=\"Das w\u00fcrzige, sinnliche Cinnamon Bark Essential Oil wird aus der Rinde von biologisch angebauten B\u00e4umen in Madagaskar dampfdestilliert.\" \/>\n<meta property=\"og:url\" content=\"https:\/\/dutchhealthstore.com\/de\/product\/cinnamon-bark-essential-oil\/\" \/>\n<meta property=\"og:site_name\" content=\"Dutch Health Store\" \/>\n<meta property=\"article:publisher\" content=\"https:\/\/www.instagram.com\/dutchhealthstore\/\" \/>\n<meta property=\"article:modified_time\" content=\"2025-10-26T19:58:18+00:00\" \/>\n<meta property=\"og:image\" content=\"https:\/\/dutchhealthstore.com\/wp-content\/uploads\/2020\/07\/living-libations-cinnamon-Bark-Essential-Oil.-e1594278939566.jpg\" \/>\n\t<meta property=\"og:image:width\" content=\"500\" \/>\n\t<meta property=\"og:image:height\" content=\"500\" \/>\n\t<meta property=\"og:image:type\" content=\"image\/jpeg\" \/>\n<meta name=\"twitter:card\" content=\"summary_large_image\" \/>\n<meta name=\"twitter:label1\" content=\"Verf\u00fcgbarkeit\" \/>\n\t<meta name=\"twitter:data1\" content=\"Auf Lager\" \/>\n<script type=\"application\/ld+json\" class=\"yoast-schema-graph\">{\"@context\":\"https:\/\/schema.org\",\"@graph\":[{\"@type\":\"WebPage\",\"@id\":\"https:\/\/dutchhealthstore.com\/de\/product\/cinnamon-bark-essential-oil\/\",\"url\":\"https:\/\/dutchhealthstore.com\/de\/product\/cinnamon-bark-essential-oil\/\",\"name\":\"Cinnamon Bark Essential Oil | Living Libations\",\"isPartOf\":{\"@id\":\"https:\/\/dutchhealthstore.com\/de\/#website\"},\"primaryImageOfPage\":{\"@id\":\"https:\/\/dutchhealthstore.com\/de\/product\/cinnamon-bark-essential-oil\/#primaryimage\"},\"image\":{\"@id\":\"https:\/\/dutchhealthstore.com\/de\/product\/cinnamon-bark-essential-oil\/#primaryimage\"},\"thumbnailUrl\":\"https:\/\/dutchhealthstore.com\/wp-content\/uploads\/2020\/07\/living-libations-cinnamon-Bark-Essential-Oil.-e1594278939566.jpg\",\"datePublished\":\"2020-07-09T05:21:22+00:00\",\"dateModified\":\"2025-10-26T19:58:18+00:00\",\"description\":\"Das w\u00fcrzige, sinnliche Cinnamon Bark Essential Oil wird aus der Rinde von biologisch angebauten B\u00e4umen in Madagaskar dampfdestilliert.\",\"breadcrumb\":{\"@id\":\"https:\/\/dutchhealthstore.com\/de\/product\/cinnamon-bark-essential-oil\/#breadcrumb\"},\"inLanguage\":\"de\",\"potentialAction\":[{\"@type\":\"ReadAction\",\"target\":[\"https:\/\/dutchhealthstore.com\/de\/product\/cinnamon-bark-essential-oil\/\"]}]},{\"@type\":\"ImageObject\",\"inLanguage\":\"de\",\"@id\":\"https:\/\/dutchhealthstore.com\/de\/product\/cinnamon-bark-essential-oil\/#primaryimage\",\"url\":\"https:\/\/dutchhealthstore.com\/wp-content\/uploads\/2020\/07\/living-libations-cinnamon-Bark-Essential-Oil.-e1594278939566.jpg\",\"contentUrl\":\"https:\/\/dutchhealthstore.com\/wp-content\/uploads\/2020\/07\/living-libations-cinnamon-Bark-Essential-Oil.-e1594278939566.jpg\",\"width\":500,\"height\":500,\"caption\":\"living libations cinnamon Bark Essential Oil.\"},{\"@type\":\"BreadcrumbList\",\"@id\":\"https:\/\/dutchhealthstore.com\/de\/product\/cinnamon-bark-essential-oil\/#breadcrumb\",\"itemListElement\":[{\"@type\":\"ListItem\",\"position\":1,\"name\":\"Home\",\"item\":\"https:\/\/dutchhealthstore.com\/de\/\"},{\"@type\":\"ListItem\",\"position\":2,\"name\":\"Shop\",\"item\":\"https:\/\/dutchhealthstore.com\/de\/shop-2\/\"},{\"@type\":\"ListItem\",\"position\":3,\"name\":\"Cinnamon Bark Essential Oil\"}]},{\"@type\":\"WebSite\",\"@id\":\"https:\/\/dutchhealthstore.com\/de\/#website\",\"url\":\"https:\/\/dutchhealthstore.com\/de\/\",\"name\":\"Dutch Health Store\",\"description\":\"Enhance Your Beauty with Organic &amp; Natural Skincare\",\"publisher\":{\"@id\":\"https:\/\/dutchhealthstore.com\/de\/#organization\"},\"potentialAction\":[{\"@type\":\"SearchAction\",\"target\":{\"@type\":\"EntryPoint\",\"urlTemplate\":\"https:\/\/dutchhealthstore.com\/de\/?s={search_term_string}\"},\"query-input\":{\"@type\":\"PropertyValueSpecification\",\"valueRequired\":true,\"valueName\":\"search_term_string\"}}],\"inLanguage\":\"de\"},{\"@type\":\"Organization\",\"@id\":\"https:\/\/dutchhealthstore.com\/de\/#organization\",\"name\":\"Dutch Health Store\",\"url\":\"https:\/\/dutchhealthstore.com\/de\/\",\"logo\":{\"@type\":\"ImageObject\",\"inLanguage\":\"de\",\"@id\":\"https:\/\/dutchhealthstore.com\/de\/#\/schema\/logo\/image\/\",\"url\":\"https:\/\/dutchhealthstore.com\/wp-content\/uploads\/2020\/08\/logo-dutchhealthstore-jpg-e1599484957574.jpg\",\"contentUrl\":\"https:\/\/dutchhealthstore.com\/wp-content\/uploads\/2020\/08\/logo-dutchhealthstore-jpg-e1599484957574.jpg\",\"width\":400,\"height\":62,\"caption\":\"Dutch Health Store\"},\"image\":{\"@id\":\"https:\/\/dutchhealthstore.com\/de\/#\/schema\/logo\/image\/\"},\"sameAs\":[\"https:\/\/www.instagram.com\/dutchhealthstore\/\",\"https:\/\/www.facebook.com\/dutchhealthstore\"]}]}<\/script>\n<meta property=\"product:brand\" content=\"Living Libations\" \/>\n<meta property=\"og:availability\" content=\"instock\" \/>\n<meta property=\"product:availability\" content=\"instock\" \/>\n<meta property=\"product:condition\" content=\"new\" \/>\n<!-- \/ Yoast SEO Premium plugin. -->","yoast_head_json":{"title":"Cinnamon Bark Essential Oil | Living Libations","description":"Das w\u00fcrzige, sinnliche Cinnamon Bark Essential Oil wird aus der Rinde von biologisch angebauten B\u00e4umen in Madagaskar dampfdestilliert.","robots":{"index":"index","follow":"follow","max-snippet":"max-snippet:-1","max-image-preview":"max-image-preview:large","max-video-preview":"max-video-preview:-1"},"canonical":"https:\/\/dutchhealthstore.com\/de\/product\/cinnamon-bark-essential-oil\/","og_locale":"de_DE","og_type":"article","og_title":"Cinnamon Bark Essential Oil - Dutch Health Store","og_description":"Das w\u00fcrzige, sinnliche Cinnamon Bark Essential Oil wird aus der Rinde von biologisch angebauten B\u00e4umen in Madagaskar dampfdestilliert.","og_url":"https:\/\/dutchhealthstore.com\/de\/product\/cinnamon-bark-essential-oil\/","og_site_name":"Dutch Health Store","article_publisher":"https:\/\/www.instagram.com\/dutchhealthstore\/","article_modified_time":"2025-10-26T19:58:18+00:00","og_image":[{"width":500,"height":500,"url":"https:\/\/dutchhealthstore.com\/wp-content\/uploads\/2020\/07\/living-libations-cinnamon-Bark-Essential-Oil.-e1594278939566.jpg","type":"image\/jpeg"}],"twitter_card":"summary_large_image","twitter_misc":{"Verf\u00fcgbarkeit":"Auf Lager"},"schema":{"@context":"https:\/\/schema.org","@graph":[{"@type":"WebPage","@id":"https:\/\/dutchhealthstore.com\/de\/product\/cinnamon-bark-essential-oil\/","url":"https:\/\/dutchhealthstore.com\/de\/product\/cinnamon-bark-essential-oil\/","name":"Cinnamon Bark Essential Oil | Living Libations","isPartOf":{"@id":"https:\/\/dutchhealthstore.com\/de\/#website"},"primaryImageOfPage":{"@id":"https:\/\/dutchhealthstore.com\/de\/product\/cinnamon-bark-essential-oil\/#primaryimage"},"image":{"@id":"https:\/\/dutchhealthstore.com\/de\/product\/cinnamon-bark-essential-oil\/#primaryimage"},"thumbnailUrl":"https:\/\/dutchhealthstore.com\/wp-content\/uploads\/2020\/07\/living-libations-cinnamon-Bark-Essential-Oil.-e1594278939566.jpg","datePublished":"2020-07-09T05:21:22+00:00","dateModified":"2025-10-26T19:58:18+00:00","description":"Das w\u00fcrzige, sinnliche Cinnamon Bark Essential Oil wird aus der Rinde von biologisch angebauten B\u00e4umen in Madagaskar dampfdestilliert.","breadcrumb":{"@id":"https:\/\/dutchhealthstore.com\/de\/product\/cinnamon-bark-essential-oil\/#breadcrumb"},"inLanguage":"de","potentialAction":[{"@type":"ReadAction","target":["https:\/\/dutchhealthstore.com\/de\/product\/cinnamon-bark-essential-oil\/"]}]},{"@type":"ImageObject","inLanguage":"de","@id":"https:\/\/dutchhealthstore.com\/de\/product\/cinnamon-bark-essential-oil\/#primaryimage","url":"https:\/\/dutchhealthstore.com\/wp-content\/uploads\/2020\/07\/living-libations-cinnamon-Bark-Essential-Oil.-e1594278939566.jpg","contentUrl":"https:\/\/dutchhealthstore.com\/wp-content\/uploads\/2020\/07\/living-libations-cinnamon-Bark-Essential-Oil.-e1594278939566.jpg","width":500,"height":500,"caption":"living libations cinnamon Bark Essential Oil."},{"@type":"BreadcrumbList","@id":"https:\/\/dutchhealthstore.com\/de\/product\/cinnamon-bark-essential-oil\/#breadcrumb","itemListElement":[{"@type":"ListItem","position":1,"name":"Home","item":"https:\/\/dutchhealthstore.com\/de\/"},{"@type":"ListItem","position":2,"name":"Shop","item":"https:\/\/dutchhealthstore.com\/de\/shop-2\/"},{"@type":"ListItem","position":3,"name":"Cinnamon Bark Essential Oil"}]},{"@type":"WebSite","@id":"https:\/\/dutchhealthstore.com\/de\/#website","url":"https:\/\/dutchhealthstore.com\/de\/","name":"Dutch Health Store","description":"Enhance Your Beauty with Organic &amp; Natural Skincare","publisher":{"@id":"https:\/\/dutchhealthstore.com\/de\/#organization"},"potentialAction":[{"@type":"SearchAction","target":{"@type":"EntryPoint","urlTemplate":"https:\/\/dutchhealthstore.com\/de\/?s={search_term_string}"},"query-input":{"@type":"PropertyValueSpecification","valueRequired":true,"valueName":"search_term_string"}}],"inLanguage":"de"},{"@type":"Organization","@id":"https:\/\/dutchhealthstore.com\/de\/#organization","name":"Dutch Health Store","url":"https:\/\/dutchhealthstore.com\/de\/","logo":{"@type":"ImageObject","inLanguage":"de","@id":"https:\/\/dutchhealthstore.com\/de\/#\/schema\/logo\/image\/","url":"https:\/\/dutchhealthstore.com\/wp-content\/uploads\/2020\/08\/logo-dutchhealthstore-jpg-e1599484957574.jpg","contentUrl":"https:\/\/dutchhealthstore.com\/wp-content\/uploads\/2020\/08\/logo-dutchhealthstore-jpg-e1599484957574.jpg","width":400,"height":62,"caption":"Dutch Health Store"},"image":{"@id":"https:\/\/dutchhealthstore.com\/de\/#\/schema\/logo\/image\/"},"sameAs":["https:\/\/www.instagram.com\/dutchhealthstore\/","https:\/\/www.facebook.com\/dutchhealthstore"]}]},"product_brand":"Living Libations","og_availability":"instock","product_availability":"instock","product_condition":"new"},"_links":{"self":[{"href":"https:\/\/dutchhealthstore.com\/de\/wp-json\/wp\/v2\/product\/117656","targetHints":{"allow":["GET"]}}],"collection":[{"href":"https:\/\/dutchhealthstore.com\/de\/wp-json\/wp\/v2\/product"}],"about":[{"href":"https:\/\/dutchhealthstore.com\/de\/wp-json\/wp\/v2\/types\/product"}],"replies":[{"embeddable":true,"href":"https:\/\/dutchhealthstore.com\/de\/wp-json\/wp\/v2\/comments?post=117656"}],"wp:featuredmedia":[{"embeddable":true,"href":"https:\/\/dutchhealthstore.com\/de\/wp-json\/wp\/v2\/media\/112276"}],"wp:attachment":[{"href":"https:\/\/dutchhealthstore.com\/de\/wp-json\/wp\/v2\/media?parent=117656"}],"wp:term":[{"taxonomy":"product_brand","embeddable":true,"href":"https:\/\/dutchhealthstore.com\/de\/wp-json\/wp\/v2\/product_brand?post=117656"},{"taxonomy":"product_cat","embeddable":true,"href":"https:\/\/dutchhealthstore.com\/de\/wp-json\/wp\/v2\/product_cat?post=117656"},{"taxonomy":"product_tag","embeddable":true,"href":"https:\/\/dutchhealthstore.com\/de\/wp-json\/wp\/v2\/product_tag?post=117656"}],"curies":[{"name":"wp","href":"https:\/\/api.w.org\/{rel}","templated":true}]}}