{"id":117617,"date":"2018-02-10T21:01:21","date_gmt":"2018-02-10T20:01:21","guid":{"rendered":"https:\/\/dutchhealthstore.com\/product\/wild-moroccan-chamomile-essential-oil\/"},"modified":"2023-01-26T08:19:32","modified_gmt":"2023-01-26T08:19:32","slug":"wild-moroccan-chamomile-essential-oil","status":"publish","type":"product","link":"https:\/\/dutchhealthstore.com\/de\/product\/wild-moroccan-chamomile-essential-oil\/","title":{"rendered":"Chamomile, Wild Moroccan Essential Oil"},"content":{"rendered":"<p><img decoding=\"async\" class=\"alignright size-full wp-image-37041\" src=\"https:\/\/dutchhealthstore.com\/wp-content\/uploads\/2018\/04\/Living_Libations-1.png\" alt=\"Organic &amp; Natural Beautyproducts - Living Libations\" width=\"175\" height=\"82\">Wild Chamomile Essential Oil enth\u00e4lt blaue Farbt\u00f6ne, ahmt aber nur bestimmte Eigenschaften der echten Kamille nach. Diese Ormenis-Sorte scheint strenger zu sein als die Ester-opulente R\u00f6mische Kamille und die Sesquiterpen-reiche Deutsche Kamille. Laut dem Experten f\u00fcr \u00e4therische \u00d6le, Kurt Schnaubelt, ist diese Kamillensorte ein Kraftpaket f\u00fcr die Haut, was uns best\u00e4tigt, dass dieses einzigartige \u00e4therische \u00d6l ein Allesk\u00f6nner f\u00fcr die Haut ist.<\/p>\n<p><strong>Botanischer Name:<\/strong> Ormenis multicaulis (oder Ormenis mixtus)<br \/>\n<strong>Botanische Familie:<\/strong> Asteraceae<br \/>\n<strong>Extraktionsverfahren:<\/strong> Dampfdestilliert<br \/>\n<strong>Teil der Pflanze Destilliert:<\/strong> Bl\u00fcten<br \/>\n<strong>Herkunftsland:<\/strong> Marokko<br \/>\n<strong>Anbaumethode:<\/strong> Wild geerntet<br \/>\n<strong>Zusammensetzung:<\/strong> 100% Ormenis multicaulis<br \/>\n<strong>Konsistenz:<\/strong> D\u00fcnn<\/p>\n<h3>Produkt-Analysen<\/h3>\n<p>Bitte klicken Sie auf den unten stehenden Link, um das Produktanalysezertifikat zu lesen.<\/p>\n<p><a href=\"https:\/\/dutchhealthstore.com\/wp-content\/uploads\/2019\/05\/ANALYSIS-Chamomile-Wild-Morrocan-Essential-Oil-Living-Libations.pdf\" rel=\"noopener\"><img decoding=\"async\" class=\"wp-image-56302 size-full alignnone\" src=\"https:\/\/dutchhealthstore.com\/wp-content\/uploads\/2019\/05\/logo-pdf-navi-organics.jpg\" alt=\"logo pdf navi organics\" width=\"100\" height=\"104\"><\/a><\/p>\n<h3>Beschreibung des Duftes<\/h3>\n<p>Leicht, frisch, blumig und krautig, mit Schmetterlingsnoten von Balsam.<\/p>\n<h3>Gut mischbar mit<\/h3>\n<p>Majoran, Lavendel, Rose Otto, Kamille, Ylang, Zitrone, Limette, Bergamotte, Tansy, Zeder, Kiefer, Inula, Ravensara, Weihrauch und Myrrhe.<\/p>\n<h3>Verwendet<\/h3>\n<p>In Soleleitungen, B\u00e4dern und Diffusoren. F\u00fcr die Massage kann ein wohltuender, beruhigender Balsam hergestellt werden. Wunderbar in Seren f\u00fcr die Haut, um sie zu aktivieren und aufzuf\u00fcllen.<\/p>\n<p><strong>Gr\u00f6\u00dfe: 5 ml und 15 ml<\/strong><\/p>\n<h3>Bio-Zutaten<\/h3>\n<p>100% wildwachsende marokkanische Kamille (Ormenis multicaulis (oder Ormenis mixtus)) \u00e4therisches \u00d6l.<\/p>\n<p style=\"text-align: center;\"><em>&#8222;Diese s\u00fc\u00dfe Bl\u00fcte, die sich schlie\u00dft, wenn sich der Himmel in der D\u00e4mmerung in ein tiefes Samtblau verwandelt, wird oft mit einer anderen verwechselt&#8230;<br \/>\nDieser Duft enth\u00fcllt den wahren inneren Geist und bietet bei Bedarf die Tarnung, die manchmal n\u00f6tig ist, um ein s\u00fc\u00dfes und zartes Herz zu verbergen.&#8220;<\/em><br \/>\n\u223c Valerie Ann Worwood, <strong>Aromatherapy for the Soul<\/strong><\/p>\n<p>&nbsp;<\/p>\n<p><img fetchpriority=\"high\" decoding=\"async\" class=\"aligncenter size-full wp-image-31577\" src=\"https:\/\/dutchhealthstore.com\/wp-content\/uploads\/2018\/03\/organic_big.png\" alt=\"Organic and Natural - Living Libations\" width=\"623\" height=\"103\" srcset=\"https:\/\/dutchhealthstore.com\/wp-content\/uploads\/2018\/03\/organic_big.png 623w, https:\/\/dutchhealthstore.com\/wp-content\/uploads\/2018\/03\/organic_big-510x84.png 510w, https:\/\/dutchhealthstore.com\/wp-content\/uploads\/2018\/03\/organic_big-600x99.png 600w, https:\/\/dutchhealthstore.com\/wp-content\/uploads\/2018\/03\/organic_big-350x58.png 350w\" sizes=\"(max-width: 623px) 100vw, 623px\" \/><\/p>\n","protected":false},"excerpt":{"rendered":"<p><strong>Wild Moroccan Chamomile<\/strong> ist eine Cousine der bekannteren r\u00f6mischen und deutschen Kamille aus der Familie der Korbbl\u00fctler (Asteraceae). Die marokkanische Kamille ist keine echte Kamille, aber sie wird aus einer kamille\u00e4hnlichen, mehrj\u00e4hrigen Pflanze dampfdestilliert.<br \/>\nDieses Bl\u00fcten\u00f6l ist so etwas wie eine Anomalie in der Welt der \u00e4therischen \u00d6le, und es gibt noch viel \u00fcber seine aromatherapeutischen Vorz\u00fcge zu entdecken. In der Hautpflege ist Moroccan Chamomile Essential Oil besonders gut geeignet.<\/p>\n","protected":false},"featured_media":106838,"comment_status":"open","ping_status":"closed","template":"","meta":[],"product_brand":[],"product_cat":[1508,1546,6737,1493,1210,511,6736],"product_tag":[1547],"class_list":{"0":"post-117617","1":"product","2":"type-product","3":"status-publish","4":"has-post-thumbnail","6":"product_cat-aetherische-oele-living-libations","7":"product_cat-essential-oils-living-libations-de","8":"product_cat-essential-oils-de-2","9":"product_cat-living-libations-deutschland","10":"product_cat-marken","11":"product_cat-produkte","12":"product_cat-wellness-de","13":"product_tag-essential-oil-de","14":"pa_brand-livinglibations-de","15":"pa_essential-oils-product-type-essential-oils-de","16":"pa_size-15-ml-de-2","17":"pa_size-5-ml-de","19":"first","20":"instock","21":"taxable","22":"shipping-taxable","23":"purchasable","24":"product-type-variable"},"bundled_by":[],"bundle_stock_status":"instock","bundle_stock_quantity":null,"bundle_virtual":false,"bundle_layout":"","bundle_add_to_cart_form_location":"","bundle_editable_in_cart":false,"bundle_sold_individually_context":"","bundle_item_grouping":"","bundle_min_size":"","bundle_max_size":"","bundle_price":[],"bundled_items":[],"bundle_sell_ids":[],"atum_controlled":true,"out_stock_date":null,"out_stock_threshold":null,"inheritable":true,"stock_on_hold":0,"sold_today":0,"sales_last_days":0,"out_stock_days":0,"lost_sales":0,"update_date":"2026-04-16T00:05:43","atum_locations":[],"atum_stock_status":"instock","restock_status":false,"low_stock_amount":"","sales_update_date":"2026-04-16T00:05:43","calc_backorders":null,"group_of_quantity":0,"min_quantity":0,"max_quantity":"","exclude_order_quantity_value_rules":"no","exclude_category_quantity_rules":"no","combine_variations":"no","yoast_head":"<!-- This site is optimized with the Yoast SEO Premium plugin v26.5 (Yoast SEO v26.5) - https:\/\/yoast.com\/wordpress\/plugins\/seo\/ -->\n<title>Chamomile, Wild Moroccan Essential Oil | Living Libations<\/title>\n<meta name=\"description\" content=\"Diese Kamillensorte ist ein Kraftpaket f\u00fcr die Haut und best\u00e4tigt uns, dass dieses einzigartige \u00e4therische \u00d6l ein Allrounder f\u00fcr die Haut ist.\" \/>\n<meta name=\"robots\" content=\"index, follow, max-snippet:-1, max-image-preview:large, max-video-preview:-1\" \/>\n<link rel=\"canonical\" href=\"https:\/\/dutchhealthstore.com\/de\/product\/wild-moroccan-chamomile-essential-oil\/\" \/>\n<meta property=\"og:locale\" content=\"de_DE\" \/>\n<meta property=\"og:type\" content=\"article\" \/>\n<meta property=\"og:title\" content=\"Chamomile, Wild Moroccan Essential Oil - Dutch Health Store\" \/>\n<meta property=\"og:description\" content=\"Diese Kamillensorte ist ein Kraftpaket f\u00fcr die Haut und best\u00e4tigt uns, dass dieses einzigartige \u00e4therische \u00d6l ein Allrounder f\u00fcr die Haut ist.\" \/>\n<meta property=\"og:url\" content=\"https:\/\/dutchhealthstore.com\/de\/product\/wild-moroccan-chamomile-essential-oil\/\" \/>\n<meta property=\"og:site_name\" content=\"Dutch Health Store\" \/>\n<meta property=\"article:publisher\" content=\"https:\/\/www.instagram.com\/dutchhealthstore\/\" \/>\n<meta property=\"article:modified_time\" content=\"2023-01-26T08:19:32+00:00\" \/>\n<meta property=\"og:image\" content=\"https:\/\/dutchhealthstore.com\/wp-content\/uploads\/2018\/02\/living-libations-chamomile-wild-moroccan-e1592201843790.jpg\" \/>\n\t<meta property=\"og:image:width\" content=\"500\" \/>\n\t<meta property=\"og:image:height\" content=\"500\" \/>\n\t<meta property=\"og:image:type\" content=\"image\/jpeg\" \/>\n<meta name=\"twitter:card\" content=\"summary_large_image\" \/>\n<meta name=\"twitter:label1\" content=\"Verf\u00fcgbarkeit\" \/>\n\t<meta name=\"twitter:data1\" content=\"Auf Lager\" \/>\n<script type=\"application\/ld+json\" class=\"yoast-schema-graph\">{\"@context\":\"https:\/\/schema.org\",\"@graph\":[{\"@type\":\"WebPage\",\"@id\":\"https:\/\/dutchhealthstore.com\/de\/product\/wild-moroccan-chamomile-essential-oil\/\",\"url\":\"https:\/\/dutchhealthstore.com\/de\/product\/wild-moroccan-chamomile-essential-oil\/\",\"name\":\"Chamomile, Wild Moroccan Essential Oil | Living Libations\",\"isPartOf\":{\"@id\":\"https:\/\/dutchhealthstore.com\/de\/#website\"},\"primaryImageOfPage\":{\"@id\":\"https:\/\/dutchhealthstore.com\/de\/product\/wild-moroccan-chamomile-essential-oil\/#primaryimage\"},\"image\":{\"@id\":\"https:\/\/dutchhealthstore.com\/de\/product\/wild-moroccan-chamomile-essential-oil\/#primaryimage\"},\"thumbnailUrl\":\"https:\/\/dutchhealthstore.com\/wp-content\/uploads\/2018\/02\/living-libations-chamomile-wild-moroccan-e1592201843790.jpg\",\"datePublished\":\"2018-02-10T20:01:21+00:00\",\"dateModified\":\"2023-01-26T08:19:32+00:00\",\"description\":\"Diese Kamillensorte ist ein Kraftpaket f\u00fcr die Haut und best\u00e4tigt uns, dass dieses einzigartige \u00e4therische \u00d6l ein Allrounder f\u00fcr die Haut ist.\",\"breadcrumb\":{\"@id\":\"https:\/\/dutchhealthstore.com\/de\/product\/wild-moroccan-chamomile-essential-oil\/#breadcrumb\"},\"inLanguage\":\"de\",\"potentialAction\":[{\"@type\":\"ReadAction\",\"target\":[\"https:\/\/dutchhealthstore.com\/de\/product\/wild-moroccan-chamomile-essential-oil\/\"]}]},{\"@type\":\"ImageObject\",\"inLanguage\":\"de\",\"@id\":\"https:\/\/dutchhealthstore.com\/de\/product\/wild-moroccan-chamomile-essential-oil\/#primaryimage\",\"url\":\"https:\/\/dutchhealthstore.com\/wp-content\/uploads\/2018\/02\/living-libations-chamomile-wild-moroccan-e1592201843790.jpg\",\"contentUrl\":\"https:\/\/dutchhealthstore.com\/wp-content\/uploads\/2018\/02\/living-libations-chamomile-wild-moroccan-e1592201843790.jpg\",\"width\":500,\"height\":500},{\"@type\":\"BreadcrumbList\",\"@id\":\"https:\/\/dutchhealthstore.com\/de\/product\/wild-moroccan-chamomile-essential-oil\/#breadcrumb\",\"itemListElement\":[{\"@type\":\"ListItem\",\"position\":1,\"name\":\"Home\",\"item\":\"https:\/\/dutchhealthstore.com\/de\/\"},{\"@type\":\"ListItem\",\"position\":2,\"name\":\"Shop\",\"item\":\"https:\/\/dutchhealthstore.com\/de\/shop-2\/\"},{\"@type\":\"ListItem\",\"position\":3,\"name\":\"Chamomile, Wild Moroccan Essential Oil\"}]},{\"@type\":\"WebSite\",\"@id\":\"https:\/\/dutchhealthstore.com\/de\/#website\",\"url\":\"https:\/\/dutchhealthstore.com\/de\/\",\"name\":\"Dutch Health Store\",\"description\":\"Enhance Your Beauty with Organic &amp; Natural Skincare\",\"publisher\":{\"@id\":\"https:\/\/dutchhealthstore.com\/de\/#organization\"},\"potentialAction\":[{\"@type\":\"SearchAction\",\"target\":{\"@type\":\"EntryPoint\",\"urlTemplate\":\"https:\/\/dutchhealthstore.com\/de\/?s={search_term_string}\"},\"query-input\":{\"@type\":\"PropertyValueSpecification\",\"valueRequired\":true,\"valueName\":\"search_term_string\"}}],\"inLanguage\":\"de\"},{\"@type\":\"Organization\",\"@id\":\"https:\/\/dutchhealthstore.com\/de\/#organization\",\"name\":\"Dutch Health Store\",\"url\":\"https:\/\/dutchhealthstore.com\/de\/\",\"logo\":{\"@type\":\"ImageObject\",\"inLanguage\":\"de\",\"@id\":\"https:\/\/dutchhealthstore.com\/de\/#\/schema\/logo\/image\/\",\"url\":\"https:\/\/dutchhealthstore.com\/wp-content\/uploads\/2020\/08\/logo-dutchhealthstore-jpg-e1599484957574.jpg\",\"contentUrl\":\"https:\/\/dutchhealthstore.com\/wp-content\/uploads\/2020\/08\/logo-dutchhealthstore-jpg-e1599484957574.jpg\",\"width\":400,\"height\":62,\"caption\":\"Dutch Health Store\"},\"image\":{\"@id\":\"https:\/\/dutchhealthstore.com\/de\/#\/schema\/logo\/image\/\"},\"sameAs\":[\"https:\/\/www.instagram.com\/dutchhealthstore\/\",\"https:\/\/www.facebook.com\/dutchhealthstore\"]}]}<\/script>\n<meta property=\"product:brand\" content=\"Living Libations\" \/>\n<meta property=\"og:availability\" content=\"instock\" \/>\n<meta property=\"product:availability\" content=\"instock\" \/>\n<meta property=\"product:condition\" content=\"new\" \/>\n<!-- \/ Yoast SEO Premium plugin. -->","yoast_head_json":{"title":"Chamomile, Wild Moroccan Essential Oil | Living Libations","description":"Diese Kamillensorte ist ein Kraftpaket f\u00fcr die Haut und best\u00e4tigt uns, dass dieses einzigartige \u00e4therische \u00d6l ein Allrounder f\u00fcr die Haut ist.","robots":{"index":"index","follow":"follow","max-snippet":"max-snippet:-1","max-image-preview":"max-image-preview:large","max-video-preview":"max-video-preview:-1"},"canonical":"https:\/\/dutchhealthstore.com\/de\/product\/wild-moroccan-chamomile-essential-oil\/","og_locale":"de_DE","og_type":"article","og_title":"Chamomile, Wild Moroccan Essential Oil - Dutch Health Store","og_description":"Diese Kamillensorte ist ein Kraftpaket f\u00fcr die Haut und best\u00e4tigt uns, dass dieses einzigartige \u00e4therische \u00d6l ein Allrounder f\u00fcr die Haut ist.","og_url":"https:\/\/dutchhealthstore.com\/de\/product\/wild-moroccan-chamomile-essential-oil\/","og_site_name":"Dutch Health Store","article_publisher":"https:\/\/www.instagram.com\/dutchhealthstore\/","article_modified_time":"2023-01-26T08:19:32+00:00","og_image":[{"width":500,"height":500,"url":"https:\/\/dutchhealthstore.com\/wp-content\/uploads\/2018\/02\/living-libations-chamomile-wild-moroccan-e1592201843790.jpg","type":"image\/jpeg"}],"twitter_card":"summary_large_image","twitter_misc":{"Verf\u00fcgbarkeit":"Auf Lager"},"schema":{"@context":"https:\/\/schema.org","@graph":[{"@type":"WebPage","@id":"https:\/\/dutchhealthstore.com\/de\/product\/wild-moroccan-chamomile-essential-oil\/","url":"https:\/\/dutchhealthstore.com\/de\/product\/wild-moroccan-chamomile-essential-oil\/","name":"Chamomile, Wild Moroccan Essential Oil | Living Libations","isPartOf":{"@id":"https:\/\/dutchhealthstore.com\/de\/#website"},"primaryImageOfPage":{"@id":"https:\/\/dutchhealthstore.com\/de\/product\/wild-moroccan-chamomile-essential-oil\/#primaryimage"},"image":{"@id":"https:\/\/dutchhealthstore.com\/de\/product\/wild-moroccan-chamomile-essential-oil\/#primaryimage"},"thumbnailUrl":"https:\/\/dutchhealthstore.com\/wp-content\/uploads\/2018\/02\/living-libations-chamomile-wild-moroccan-e1592201843790.jpg","datePublished":"2018-02-10T20:01:21+00:00","dateModified":"2023-01-26T08:19:32+00:00","description":"Diese Kamillensorte ist ein Kraftpaket f\u00fcr die Haut und best\u00e4tigt uns, dass dieses einzigartige \u00e4therische \u00d6l ein Allrounder f\u00fcr die Haut ist.","breadcrumb":{"@id":"https:\/\/dutchhealthstore.com\/de\/product\/wild-moroccan-chamomile-essential-oil\/#breadcrumb"},"inLanguage":"de","potentialAction":[{"@type":"ReadAction","target":["https:\/\/dutchhealthstore.com\/de\/product\/wild-moroccan-chamomile-essential-oil\/"]}]},{"@type":"ImageObject","inLanguage":"de","@id":"https:\/\/dutchhealthstore.com\/de\/product\/wild-moroccan-chamomile-essential-oil\/#primaryimage","url":"https:\/\/dutchhealthstore.com\/wp-content\/uploads\/2018\/02\/living-libations-chamomile-wild-moroccan-e1592201843790.jpg","contentUrl":"https:\/\/dutchhealthstore.com\/wp-content\/uploads\/2018\/02\/living-libations-chamomile-wild-moroccan-e1592201843790.jpg","width":500,"height":500},{"@type":"BreadcrumbList","@id":"https:\/\/dutchhealthstore.com\/de\/product\/wild-moroccan-chamomile-essential-oil\/#breadcrumb","itemListElement":[{"@type":"ListItem","position":1,"name":"Home","item":"https:\/\/dutchhealthstore.com\/de\/"},{"@type":"ListItem","position":2,"name":"Shop","item":"https:\/\/dutchhealthstore.com\/de\/shop-2\/"},{"@type":"ListItem","position":3,"name":"Chamomile, Wild Moroccan Essential Oil"}]},{"@type":"WebSite","@id":"https:\/\/dutchhealthstore.com\/de\/#website","url":"https:\/\/dutchhealthstore.com\/de\/","name":"Dutch Health Store","description":"Enhance Your Beauty with Organic &amp; Natural Skincare","publisher":{"@id":"https:\/\/dutchhealthstore.com\/de\/#organization"},"potentialAction":[{"@type":"SearchAction","target":{"@type":"EntryPoint","urlTemplate":"https:\/\/dutchhealthstore.com\/de\/?s={search_term_string}"},"query-input":{"@type":"PropertyValueSpecification","valueRequired":true,"valueName":"search_term_string"}}],"inLanguage":"de"},{"@type":"Organization","@id":"https:\/\/dutchhealthstore.com\/de\/#organization","name":"Dutch Health Store","url":"https:\/\/dutchhealthstore.com\/de\/","logo":{"@type":"ImageObject","inLanguage":"de","@id":"https:\/\/dutchhealthstore.com\/de\/#\/schema\/logo\/image\/","url":"https:\/\/dutchhealthstore.com\/wp-content\/uploads\/2020\/08\/logo-dutchhealthstore-jpg-e1599484957574.jpg","contentUrl":"https:\/\/dutchhealthstore.com\/wp-content\/uploads\/2020\/08\/logo-dutchhealthstore-jpg-e1599484957574.jpg","width":400,"height":62,"caption":"Dutch Health Store"},"image":{"@id":"https:\/\/dutchhealthstore.com\/de\/#\/schema\/logo\/image\/"},"sameAs":["https:\/\/www.instagram.com\/dutchhealthstore\/","https:\/\/www.facebook.com\/dutchhealthstore"]}]},"product_brand":"Living Libations","og_availability":"instock","product_availability":"instock","product_condition":"new"},"_links":{"self":[{"href":"https:\/\/dutchhealthstore.com\/de\/wp-json\/wp\/v2\/product\/117617","targetHints":{"allow":["GET"]}}],"collection":[{"href":"https:\/\/dutchhealthstore.com\/de\/wp-json\/wp\/v2\/product"}],"about":[{"href":"https:\/\/dutchhealthstore.com\/de\/wp-json\/wp\/v2\/types\/product"}],"replies":[{"embeddable":true,"href":"https:\/\/dutchhealthstore.com\/de\/wp-json\/wp\/v2\/comments?post=117617"}],"wp:featuredmedia":[{"embeddable":true,"href":"https:\/\/dutchhealthstore.com\/de\/wp-json\/wp\/v2\/media\/106838"}],"wp:attachment":[{"href":"https:\/\/dutchhealthstore.com\/de\/wp-json\/wp\/v2\/media?parent=117617"}],"wp:term":[{"taxonomy":"product_brand","embeddable":true,"href":"https:\/\/dutchhealthstore.com\/de\/wp-json\/wp\/v2\/product_brand?post=117617"},{"taxonomy":"product_cat","embeddable":true,"href":"https:\/\/dutchhealthstore.com\/de\/wp-json\/wp\/v2\/product_cat?post=117617"},{"taxonomy":"product_tag","embeddable":true,"href":"https:\/\/dutchhealthstore.com\/de\/wp-json\/wp\/v2\/product_tag?post=117617"}],"curies":[{"name":"wp","href":"https:\/\/api.w.org\/{rel}","templated":true}]}}