{"id":117574,"date":"2018-02-10T21:04:45","date_gmt":"2018-02-10T20:04:45","guid":{"rendered":"https:\/\/dutchhealthstore.com\/product\/chamomile-german-blue-essential-oil\/"},"modified":"2023-10-27T10:23:51","modified_gmt":"2023-10-27T10:23:51","slug":"chamomile-german-blue-essential-oil","status":"publish","type":"product","link":"https:\/\/dutchhealthstore.com\/de\/product\/chamomile-german-blue-essential-oil\/","title":{"rendered":"Chamomile, German Essential Oil"},"content":{"rendered":"<p><img decoding=\"async\" class=\"alignright size-full wp-image-37041\" src=\"https:\/\/dutchhealthstore.com\/wp-content\/uploads\/2018\/04\/Living_Libations-1.png\" alt=\"Organic &amp; Natural Beautyproducts - Living Libations\" width=\"175\" height=\"82\">Das Pfl\u00fccken der Bl\u00fctenbl\u00e4tter am fr\u00fchen Morgen f\u00fchrt zu den besten Destillationen mit reichlich Matricin, das in der Morgend\u00e4mmerung noch voller ist. Hohe Mengen an beruhigenden Sesquiterpenen verleihen diesem Destillat eine tief ozeanblaue Farbe und bringen \u00fcberzeugende k\u00fchlende und beruhigende Eigenschaften zum Ausdruck. Diese blau gef\u00e4rbte Essenz ist eine hervorragende Zutat f\u00fcr st\u00e4rkende Gesichtsbehandlungen und wohltuende K\u00f6rperseren.<\/p>\n<p>Die von vielen Hebammen geweihte Matricaria, die sich aus dem lateinischen Wort &#8218;matrix&#8216; (Scho\u00df) und &#8218;mater&#8216; (Mutter) zusammensetzt, wird als Geburtshelferin gesch\u00e4tzt.<\/p>\n<p>Sowohl die <a href=\"https:\/\/dutchhealthstore.com\/de\/product\/chamomile-essential-oil\/\">R\u00f6mische Kamille<\/a> als auch die Deutsche Kamille sind Meister in der Hautpflege, unterscheiden sich aber in Farbe und Duft. Die hauchd\u00fcnne, goldene Fl\u00fcssigkeit der R\u00f6mischen Kamille ist wie die Sonne an einem Sommertag mit beruhigenden Noten von honigartigem Heu. Der ozeanisch blaue Farbton der deutschen Kamille ist eine unersch\u00fctterliche Blume, die Ihre Haut und Ihren Geist ruhig, k\u00fchl und klar halten soll, mit ihrem Nexus-Nektar.<\/p>\n<p><strong>Botanischer Name: <\/strong>Matricaria chamomilla<br \/>\n<strong>Botanische Familie:<\/strong> Asteraceae<br \/>\n<strong>Extraktionsverfahren:<\/strong> Dampfdestilliert<br \/>\n<strong>Teil der Pflanze Destilliert:<\/strong> Bl\u00fcten<br \/>\n<strong>Herkunftsland:<\/strong> Deutschland<br \/>\n<strong>Anbaumethode:<\/strong> Bio<br \/>\n<strong>Zusammensetzung:<\/strong> 100% Matricaria chamomilla<br \/>\n<strong>Konsistenz:<\/strong> D\u00fcnn bis mittel<\/p>\n<h3>Beschreibung des Duftes<\/h3>\n<p>Blumig, krautig und s\u00fc\u00df.<\/p>\n<h3>In Living Libations<\/h3>\n<p>All Seeing Eye Cr\u00e8me, Open Sky Eye Serum<\/p>\n<h3>Gut mischbar mit<\/h3>\n<p>S\u00fc\u00dfbirke, Basilikum, Weihrauch, Kamille, Schafgarbe, Kardamom, Rose Otto, Pfefferminze, Palmarosa, Geranie und Eukalyptus.<\/p>\n<h3>Verwendet<\/h3>\n<p>Topische Anwendung bei hei\u00dfer und trockener Haut. Beruhigt und kl\u00e4rt das Erscheinungsbild der ger\u00f6teten Haut. Verbessert das Aussehen und das Gef\u00fchl der Hautstruktur. Wird dem Massage\u00f6l zugesetzt, um Geist, Muskeln und Emotionen liebevoll zu verw\u00f6hnen. Wird als Speise\u00f6l und in Tee verwendet. Benutzerfreundlich &#8211; kann unverd\u00fcnnt auf die Haut aufgetragen werden.<\/p>\n<p><strong>Gr\u00f6\u00dfe: 5 ml, 15 ml und 30 ml<\/strong><\/p>\n<h3>Inhaltsstoffe<\/h3>\n<p>Beruhigende Sesquiterpene Chamazulenze und Alpha-Bisabolol.<\/p>\n<h3>Organic Ingredients<\/h3>\n<p>100% deutsches \u00e4therisches \u00d6l der Kamille (Matricaria chamomilla).<\/p>\n<p style=\"text-align: center;\"><em>&#8222;Ein authentisches \u00e4therisches \u00d6l vom Typ Alpha-Bisabolol, was es zu einem der wertvollsten \u00e4therischen \u00d6le macht&#8230;<br \/>\n\u00c4therisches \u00d6l der deutschen Kamille ist v\u00f6llig ungiftig und nicht reizend und dient als willkommenes universell einsetzbares Mittel&#8230;<br \/>\nDer Zusatz von German Chamomile essential oil zu Gesichts- und K\u00f6rper\u00f6len wirkt immer.&#8220;<br \/>\n<\/em>\u223c Kurt Schnaubelt, <strong>Die Intelligenz der \u00e4therischen \u00d6le<\/strong><\/p>\n<p>&nbsp;<\/p>\n<p><img fetchpriority=\"high\" decoding=\"async\" class=\"aligncenter size-full wp-image-31577\" src=\"https:\/\/dutchhealthstore.com\/wp-content\/uploads\/2018\/03\/organic_big.png\" alt=\"Organic and Natural - Living Libations\" width=\"623\" height=\"103\" srcset=\"https:\/\/dutchhealthstore.com\/wp-content\/uploads\/2018\/03\/organic_big.png 623w, https:\/\/dutchhealthstore.com\/wp-content\/uploads\/2018\/03\/organic_big-510x84.png 510w, https:\/\/dutchhealthstore.com\/wp-content\/uploads\/2018\/03\/organic_big-600x99.png 600w, https:\/\/dutchhealthstore.com\/wp-content\/uploads\/2018\/03\/organic_big-350x58.png 350w\" sizes=\"(max-width: 623px) 100vw, 623px\" \/><\/p>\n","protected":false},"excerpt":{"rendered":"<p>Das herrlich leuchtende <strong>German Chamomile Essential Oil<\/strong> ist eine tiefe, reichhaltige, tintenblaue Essenz, die die Seele mit k\u00fchlem Komfort umh\u00fcllt. Ihr dunkelblauer Farbton l\u00e4sst uns erahnen, dass die deutsche Kamille eine au\u00dfergew\u00f6hnliche Essenz ist, die die Haut in Stresssituationen beruhigt und regeneriert.<\/p>\n","protected":false},"featured_media":58864,"comment_status":"open","ping_status":"closed","template":"","meta":[],"product_brand":[],"product_cat":[6737,1508,1546,1493,1210,511,6736],"product_tag":[1547],"class_list":{"0":"post-117574","1":"product","2":"type-product","3":"status-publish","4":"has-post-thumbnail","6":"product_cat-essential-oils-de-2","7":"product_cat-aetherische-oele-living-libations","8":"product_cat-essential-oils-living-libations-de","9":"product_cat-living-libations-deutschland","10":"product_cat-marken","11":"product_cat-produkte","12":"product_cat-wellness-de","13":"product_tag-essential-oil-de","14":"pa_brand-livinglibations-de","15":"pa_essential-oils-product-type-essential-oils-de","16":"pa_size-15-ml-de-2","17":"pa_size-30-ml-de","18":"pa_size-5-ml-de","20":"first","21":"instock","22":"taxable","23":"shipping-taxable","24":"purchasable","25":"product-type-variable"},"bundled_by":[],"bundle_stock_status":"instock","bundle_stock_quantity":null,"bundle_virtual":false,"bundle_layout":"","bundle_add_to_cart_form_location":"","bundle_editable_in_cart":false,"bundle_sold_individually_context":"","bundle_item_grouping":"","bundle_min_size":"","bundle_max_size":"","bundle_price":[],"bundled_items":[],"bundle_sell_ids":[],"atum_controlled":true,"out_stock_date":null,"out_stock_threshold":null,"inheritable":true,"stock_on_hold":0,"sold_today":0,"sales_last_days":0,"out_stock_days":0,"lost_sales":0,"update_date":"2026-04-14T00:04:12","atum_locations":[],"atum_stock_status":"instock","restock_status":false,"low_stock_amount":"","sales_update_date":"2026-04-14T00:04:12","calc_backorders":null,"group_of_quantity":0,"min_quantity":0,"max_quantity":"","exclude_order_quantity_value_rules":"no","exclude_category_quantity_rules":"no","combine_variations":"no","yoast_head":"<!-- This site is optimized with the Yoast SEO Premium plugin v26.5 (Yoast SEO v26.5) - https:\/\/yoast.com\/wordpress\/plugins\/seo\/ -->\n<title>Chamomile German Blue Essential Oil | Living Libations<\/title>\n<meta name=\"description\" content=\"Das herrlich leuchtende German Blue Chamomile Essential Oil ist ein tiefes, reichhaltiges, tintenblaues \u00d6l, das die Seele mit k\u00fchlem Komfort umschmeichelt.\" \/>\n<meta name=\"robots\" content=\"index, follow, max-snippet:-1, max-image-preview:large, max-video-preview:-1\" \/>\n<link rel=\"canonical\" href=\"https:\/\/dutchhealthstore.com\/de\/product\/chamomile-german-blue-essential-oil\/\" \/>\n<meta property=\"og:locale\" content=\"de_DE\" \/>\n<meta property=\"og:type\" content=\"article\" \/>\n<meta property=\"og:title\" content=\"Chamomile, German Essential Oil - Dutch Health Store\" \/>\n<meta property=\"og:description\" content=\"Das herrlich leuchtende German Blue Chamomile Essential Oil ist ein tiefes, reichhaltiges, tintenblaues \u00d6l, das die Seele mit k\u00fchlem Komfort umschmeichelt.\" \/>\n<meta property=\"og:url\" content=\"https:\/\/dutchhealthstore.com\/de\/product\/chamomile-german-blue-essential-oil\/\" \/>\n<meta property=\"og:site_name\" content=\"Dutch Health Store\" \/>\n<meta property=\"article:publisher\" content=\"https:\/\/www.instagram.com\/dutchhealthstore\/\" \/>\n<meta property=\"article:modified_time\" content=\"2023-10-27T10:23:51+00:00\" \/>\n<meta property=\"og:image\" content=\"https:\/\/dutchhealthstore.com\/wp-content\/uploads\/2018\/02\/Living-Libations-Chamomile-German-Blue-Essential-Oil.jpg\" \/>\n\t<meta property=\"og:image:width\" content=\"1200\" \/>\n\t<meta property=\"og:image:height\" content=\"1200\" \/>\n\t<meta property=\"og:image:type\" content=\"image\/jpeg\" \/>\n<meta name=\"twitter:card\" content=\"summary_large_image\" \/>\n<meta name=\"twitter:label1\" content=\"Verf\u00fcgbarkeit\" \/>\n\t<meta name=\"twitter:data1\" content=\"Auf Lager\" \/>\n<script type=\"application\/ld+json\" class=\"yoast-schema-graph\">{\"@context\":\"https:\/\/schema.org\",\"@graph\":[{\"@type\":\"WebPage\",\"@id\":\"https:\/\/dutchhealthstore.com\/de\/product\/chamomile-german-blue-essential-oil\/\",\"url\":\"https:\/\/dutchhealthstore.com\/de\/product\/chamomile-german-blue-essential-oil\/\",\"name\":\"Chamomile German Blue Essential Oil | Living Libations\",\"isPartOf\":{\"@id\":\"https:\/\/dutchhealthstore.com\/de\/#website\"},\"primaryImageOfPage\":{\"@id\":\"https:\/\/dutchhealthstore.com\/de\/product\/chamomile-german-blue-essential-oil\/#primaryimage\"},\"image\":{\"@id\":\"https:\/\/dutchhealthstore.com\/de\/product\/chamomile-german-blue-essential-oil\/#primaryimage\"},\"thumbnailUrl\":\"https:\/\/dutchhealthstore.com\/wp-content\/uploads\/2018\/02\/Living-Libations-Chamomile-German-Blue-Essential-Oil.jpg\",\"datePublished\":\"2018-02-10T20:04:45+00:00\",\"dateModified\":\"2023-10-27T10:23:51+00:00\",\"description\":\"Das herrlich leuchtende German Blue Chamomile Essential Oil ist ein tiefes, reichhaltiges, tintenblaues \u00d6l, das die Seele mit k\u00fchlem Komfort umschmeichelt.\",\"breadcrumb\":{\"@id\":\"https:\/\/dutchhealthstore.com\/de\/product\/chamomile-german-blue-essential-oil\/#breadcrumb\"},\"inLanguage\":\"de\",\"potentialAction\":[{\"@type\":\"ReadAction\",\"target\":[\"https:\/\/dutchhealthstore.com\/de\/product\/chamomile-german-blue-essential-oil\/\"]}]},{\"@type\":\"ImageObject\",\"inLanguage\":\"de\",\"@id\":\"https:\/\/dutchhealthstore.com\/de\/product\/chamomile-german-blue-essential-oil\/#primaryimage\",\"url\":\"https:\/\/dutchhealthstore.com\/wp-content\/uploads\/2018\/02\/Living-Libations-Chamomile-German-Blue-Essential-Oil.jpg\",\"contentUrl\":\"https:\/\/dutchhealthstore.com\/wp-content\/uploads\/2018\/02\/Living-Libations-Chamomile-German-Blue-Essential-Oil.jpg\",\"width\":1200,\"height\":1200,\"caption\":\"Living Libations - Chamomile German Blue Essential Oil\"},{\"@type\":\"BreadcrumbList\",\"@id\":\"https:\/\/dutchhealthstore.com\/de\/product\/chamomile-german-blue-essential-oil\/#breadcrumb\",\"itemListElement\":[{\"@type\":\"ListItem\",\"position\":1,\"name\":\"Home\",\"item\":\"https:\/\/dutchhealthstore.com\/de\/\"},{\"@type\":\"ListItem\",\"position\":2,\"name\":\"Shop\",\"item\":\"https:\/\/dutchhealthstore.com\/de\/shop-2\/\"},{\"@type\":\"ListItem\",\"position\":3,\"name\":\"Chamomile, German Essential Oil\"}]},{\"@type\":\"WebSite\",\"@id\":\"https:\/\/dutchhealthstore.com\/de\/#website\",\"url\":\"https:\/\/dutchhealthstore.com\/de\/\",\"name\":\"Dutch Health Store\",\"description\":\"Enhance Your Beauty with Organic &amp; Natural Skincare\",\"publisher\":{\"@id\":\"https:\/\/dutchhealthstore.com\/de\/#organization\"},\"potentialAction\":[{\"@type\":\"SearchAction\",\"target\":{\"@type\":\"EntryPoint\",\"urlTemplate\":\"https:\/\/dutchhealthstore.com\/de\/?s={search_term_string}\"},\"query-input\":{\"@type\":\"PropertyValueSpecification\",\"valueRequired\":true,\"valueName\":\"search_term_string\"}}],\"inLanguage\":\"de\"},{\"@type\":\"Organization\",\"@id\":\"https:\/\/dutchhealthstore.com\/de\/#organization\",\"name\":\"Dutch Health Store\",\"url\":\"https:\/\/dutchhealthstore.com\/de\/\",\"logo\":{\"@type\":\"ImageObject\",\"inLanguage\":\"de\",\"@id\":\"https:\/\/dutchhealthstore.com\/de\/#\/schema\/logo\/image\/\",\"url\":\"https:\/\/dutchhealthstore.com\/wp-content\/uploads\/2020\/08\/logo-dutchhealthstore-jpg-e1599484957574.jpg\",\"contentUrl\":\"https:\/\/dutchhealthstore.com\/wp-content\/uploads\/2020\/08\/logo-dutchhealthstore-jpg-e1599484957574.jpg\",\"width\":400,\"height\":62,\"caption\":\"Dutch Health Store\"},\"image\":{\"@id\":\"https:\/\/dutchhealthstore.com\/de\/#\/schema\/logo\/image\/\"},\"sameAs\":[\"https:\/\/www.instagram.com\/dutchhealthstore\/\",\"https:\/\/www.facebook.com\/dutchhealthstore\"]}]}<\/script>\n<meta property=\"product:brand\" content=\"Living Libations\" \/>\n<meta property=\"og:availability\" content=\"instock\" \/>\n<meta property=\"product:availability\" content=\"instock\" \/>\n<meta property=\"product:condition\" content=\"new\" \/>\n<!-- \/ Yoast SEO Premium plugin. -->","yoast_head_json":{"title":"Chamomile German Blue Essential Oil | Living Libations","description":"Das herrlich leuchtende German Blue Chamomile Essential Oil ist ein tiefes, reichhaltiges, tintenblaues \u00d6l, das die Seele mit k\u00fchlem Komfort umschmeichelt.","robots":{"index":"index","follow":"follow","max-snippet":"max-snippet:-1","max-image-preview":"max-image-preview:large","max-video-preview":"max-video-preview:-1"},"canonical":"https:\/\/dutchhealthstore.com\/de\/product\/chamomile-german-blue-essential-oil\/","og_locale":"de_DE","og_type":"article","og_title":"Chamomile, German Essential Oil - Dutch Health Store","og_description":"Das herrlich leuchtende German Blue Chamomile Essential Oil ist ein tiefes, reichhaltiges, tintenblaues \u00d6l, das die Seele mit k\u00fchlem Komfort umschmeichelt.","og_url":"https:\/\/dutchhealthstore.com\/de\/product\/chamomile-german-blue-essential-oil\/","og_site_name":"Dutch Health Store","article_publisher":"https:\/\/www.instagram.com\/dutchhealthstore\/","article_modified_time":"2023-10-27T10:23:51+00:00","og_image":[{"width":1200,"height":1200,"url":"https:\/\/dutchhealthstore.com\/wp-content\/uploads\/2018\/02\/Living-Libations-Chamomile-German-Blue-Essential-Oil.jpg","type":"image\/jpeg"}],"twitter_card":"summary_large_image","twitter_misc":{"Verf\u00fcgbarkeit":"Auf Lager"},"schema":{"@context":"https:\/\/schema.org","@graph":[{"@type":"WebPage","@id":"https:\/\/dutchhealthstore.com\/de\/product\/chamomile-german-blue-essential-oil\/","url":"https:\/\/dutchhealthstore.com\/de\/product\/chamomile-german-blue-essential-oil\/","name":"Chamomile German Blue Essential Oil | Living Libations","isPartOf":{"@id":"https:\/\/dutchhealthstore.com\/de\/#website"},"primaryImageOfPage":{"@id":"https:\/\/dutchhealthstore.com\/de\/product\/chamomile-german-blue-essential-oil\/#primaryimage"},"image":{"@id":"https:\/\/dutchhealthstore.com\/de\/product\/chamomile-german-blue-essential-oil\/#primaryimage"},"thumbnailUrl":"https:\/\/dutchhealthstore.com\/wp-content\/uploads\/2018\/02\/Living-Libations-Chamomile-German-Blue-Essential-Oil.jpg","datePublished":"2018-02-10T20:04:45+00:00","dateModified":"2023-10-27T10:23:51+00:00","description":"Das herrlich leuchtende German Blue Chamomile Essential Oil ist ein tiefes, reichhaltiges, tintenblaues \u00d6l, das die Seele mit k\u00fchlem Komfort umschmeichelt.","breadcrumb":{"@id":"https:\/\/dutchhealthstore.com\/de\/product\/chamomile-german-blue-essential-oil\/#breadcrumb"},"inLanguage":"de","potentialAction":[{"@type":"ReadAction","target":["https:\/\/dutchhealthstore.com\/de\/product\/chamomile-german-blue-essential-oil\/"]}]},{"@type":"ImageObject","inLanguage":"de","@id":"https:\/\/dutchhealthstore.com\/de\/product\/chamomile-german-blue-essential-oil\/#primaryimage","url":"https:\/\/dutchhealthstore.com\/wp-content\/uploads\/2018\/02\/Living-Libations-Chamomile-German-Blue-Essential-Oil.jpg","contentUrl":"https:\/\/dutchhealthstore.com\/wp-content\/uploads\/2018\/02\/Living-Libations-Chamomile-German-Blue-Essential-Oil.jpg","width":1200,"height":1200,"caption":"Living Libations - Chamomile German Blue Essential Oil"},{"@type":"BreadcrumbList","@id":"https:\/\/dutchhealthstore.com\/de\/product\/chamomile-german-blue-essential-oil\/#breadcrumb","itemListElement":[{"@type":"ListItem","position":1,"name":"Home","item":"https:\/\/dutchhealthstore.com\/de\/"},{"@type":"ListItem","position":2,"name":"Shop","item":"https:\/\/dutchhealthstore.com\/de\/shop-2\/"},{"@type":"ListItem","position":3,"name":"Chamomile, German Essential Oil"}]},{"@type":"WebSite","@id":"https:\/\/dutchhealthstore.com\/de\/#website","url":"https:\/\/dutchhealthstore.com\/de\/","name":"Dutch Health Store","description":"Enhance Your Beauty with Organic &amp; Natural Skincare","publisher":{"@id":"https:\/\/dutchhealthstore.com\/de\/#organization"},"potentialAction":[{"@type":"SearchAction","target":{"@type":"EntryPoint","urlTemplate":"https:\/\/dutchhealthstore.com\/de\/?s={search_term_string}"},"query-input":{"@type":"PropertyValueSpecification","valueRequired":true,"valueName":"search_term_string"}}],"inLanguage":"de"},{"@type":"Organization","@id":"https:\/\/dutchhealthstore.com\/de\/#organization","name":"Dutch Health Store","url":"https:\/\/dutchhealthstore.com\/de\/","logo":{"@type":"ImageObject","inLanguage":"de","@id":"https:\/\/dutchhealthstore.com\/de\/#\/schema\/logo\/image\/","url":"https:\/\/dutchhealthstore.com\/wp-content\/uploads\/2020\/08\/logo-dutchhealthstore-jpg-e1599484957574.jpg","contentUrl":"https:\/\/dutchhealthstore.com\/wp-content\/uploads\/2020\/08\/logo-dutchhealthstore-jpg-e1599484957574.jpg","width":400,"height":62,"caption":"Dutch Health Store"},"image":{"@id":"https:\/\/dutchhealthstore.com\/de\/#\/schema\/logo\/image\/"},"sameAs":["https:\/\/www.instagram.com\/dutchhealthstore\/","https:\/\/www.facebook.com\/dutchhealthstore"]}]},"product_brand":"Living Libations","og_availability":"instock","product_availability":"instock","product_condition":"new"},"_links":{"self":[{"href":"https:\/\/dutchhealthstore.com\/de\/wp-json\/wp\/v2\/product\/117574","targetHints":{"allow":["GET"]}}],"collection":[{"href":"https:\/\/dutchhealthstore.com\/de\/wp-json\/wp\/v2\/product"}],"about":[{"href":"https:\/\/dutchhealthstore.com\/de\/wp-json\/wp\/v2\/types\/product"}],"replies":[{"embeddable":true,"href":"https:\/\/dutchhealthstore.com\/de\/wp-json\/wp\/v2\/comments?post=117574"}],"wp:featuredmedia":[{"embeddable":true,"href":"https:\/\/dutchhealthstore.com\/de\/wp-json\/wp\/v2\/media\/58864"}],"wp:attachment":[{"href":"https:\/\/dutchhealthstore.com\/de\/wp-json\/wp\/v2\/media?parent=117574"}],"wp:term":[{"taxonomy":"product_brand","embeddable":true,"href":"https:\/\/dutchhealthstore.com\/de\/wp-json\/wp\/v2\/product_brand?post=117574"},{"taxonomy":"product_cat","embeddable":true,"href":"https:\/\/dutchhealthstore.com\/de\/wp-json\/wp\/v2\/product_cat?post=117574"},{"taxonomy":"product_tag","embeddable":true,"href":"https:\/\/dutchhealthstore.com\/de\/wp-json\/wp\/v2\/product_tag?post=117574"}],"curies":[{"name":"wp","href":"https:\/\/api.w.org\/{rel}","templated":true}]}}